{"id":62456,"date":"2026-04-04T10:01:09","date_gmt":"2026-04-04T08:01:09","guid":{"rendered":"https:\/\/dev6.erresse-shop.it\/shop\/non%20class\u00e9\/zwilling-enfinigy-pince-a-toaster-28-cm-acier\/"},"modified":"2025-09-14T05:04:02","modified_gmt":"2025-09-14T03:04:02","slug":"zwilling-enfinigy-pince-a-toaster-28-cm-acier","status":"publish","type":"product","link":"https:\/\/dev6.erresse-shop.it\/fr\/shop\/petits-electromenagers\/grille-pains\/zwilling-enfinigy-pince-a-toaster-28-cm-acier\/","title":{"rendered":"ZWILLING Enfinigy Pince \u00e0 Toaster 28 cm Acier"},"content":{"rendered":"<p>Peut \u00eatre utilis\u00e9 avec tous les grille-pains Enfinigy \u00e0 2 compartiments longs.<br \/>\nPour cr\u00e9er le toast parfait ; croustillant \u00e0 l\u2019ext\u00e9rieur tout en conservant la garniture \u00e0 l\u2019int\u00e9rieur !<\/p>\n","protected":false},"excerpt":{"rendered":"<p>Peut \u00eatre utilis\u00e9 avec tous les grille-pains Enfinigy \u00e0 2 compartiments longs. Pour cr\u00e9er le toast parfait ; croustillant \u00e0 l\u2019ext\u00e9rieur tout en conservant la garniture \u00e0 l\u2019int\u00e9rieur !<\/p>\n","protected":false},"featured_media":6281432,"template":"","meta":{"_acf_changed":false},"product_cat":[12068,12055],"product_tag":[],"class_list":{"0":"post-62456","1":"product","2":"type-product","3":"status-publish","4":"has-post-thumbnail","6":"product_cat-grille-pains","7":"product_cat-petits-electromenagers","9":"first","10":"instock","11":"taxable","12":"shipping-taxable","13":"purchasable","14":"product-type-simple","swatches":"rey-swatches","show_selected":"","stretch_labels":"rey-swatches--stretch-labels"},"acf":[],"yoast_head":"<!-- This site is optimized with the Yoast SEO plugin v25.4 - https:\/\/yoast.com\/wordpress\/plugins\/seo\/ -->\n<title>ZWILLING Enfinigy Pince \u00e0 Toaster 28 cm Acier - dev6 Erresse<\/title>\n<meta name=\"description\" content=\"Peut \u00eatre utilis\u00e9 avec tous les grille-pains Enfinigy \u00e0 2 compartiments longs. Pour cr\u00e9er le toast parfait ; croustillant \u00e0 l\u2019ext\u00e9rieur tout en conservant\" \/>\n<meta name=\"robots\" content=\"noindex, follow, max-snippet:-1, max-image-preview:large, max-video-preview:-1\" \/>\n<meta property=\"og:locale\" content=\"fr_FR\" \/>\n<meta property=\"og:type\" content=\"article\" \/>\n<meta property=\"og:title\" content=\"ZWILLING Enfinigy Pince \u00e0 Toaster 28 cm Acier - dev6 Erresse\" \/>\n<meta property=\"og:description\" content=\"Peut \u00eatre utilis\u00e9 avec tous les grille-pains Enfinigy \u00e0 2 compartiments longs. Pour cr\u00e9er le toast parfait ; croustillant \u00e0 l\u2019ext\u00e9rieur tout en conservant\" \/>\n<meta property=\"og:url\" content=\"https:\/\/dev6.erresse-shop.it\/fr\/shop\/petits-electromenagers\/grille-pains\/zwilling-enfinigy-pince-a-toaster-28-cm-acier\/\" \/>\n<meta property=\"og:site_name\" content=\"dev6 Erresse\" \/>\n<meta property=\"og:image\" content=\"https:\/\/interpim.erresse-shop.it\/img-catalogo\/zwilling\/zwilling-enfinigy-pinza-tostapane-39-cm-acciaio.jpg\" \/><meta property=\"og:image\" content=\"https:\/\/interpim.erresse-shop.it\/img-catalogo\/zwilling\/zwilling-enfinigy-pinza-tostapane-39-cm-acciaio.jpg\" \/>\n\t<meta property=\"og:image:width\" content=\"1024\" \/>\n\t<meta property=\"og:image:height\" content=\"1024\" \/>\n\t<meta property=\"og:image:type\" content=\"image\/jpeg\" \/>\n<meta name=\"twitter:card\" content=\"summary_large_image\" \/>\n<meta name=\"twitter:image\" content=\"https:\/\/interpim.erresse-shop.it\/img-catalogo\/zwilling\/zwilling-enfinigy-pinza-tostapane-39-cm-acciaio.jpg\" \/>\n<script type=\"application\/ld+json\" class=\"yoast-schema-graph\">{\"@context\":\"https:\/\/schema.org\",\"@graph\":[{\"@type\":\"WebPage\",\"@id\":\"https:\/\/dev6.erresse-shop.it\/fr\/shop\/petits-electromenagers\/grille-pains\/zwilling-enfinigy-pince-a-toaster-28-cm-acier\/\",\"url\":\"https:\/\/dev6.erresse-shop.it\/fr\/shop\/petits-electromenagers\/grille-pains\/zwilling-enfinigy-pince-a-toaster-28-cm-acier\/\",\"name\":\"ZWILLING Enfinigy Pince \u00e0 Toaster 28 cm Acier - dev6 Erresse\",\"isPartOf\":{\"@id\":\"https:\/\/dev6.erresse-shop.it\/#website\"},\"primaryImageOfPage\":{\"@id\":\"https:\/\/dev6.erresse-shop.it\/fr\/shop\/petits-electromenagers\/grille-pains\/zwilling-enfinigy-pince-a-toaster-28-cm-acier\/#primaryimage\"},\"image\":{\"@id\":\"https:\/\/dev6.erresse-shop.it\/fr\/shop\/petits-electromenagers\/grille-pains\/zwilling-enfinigy-pince-a-toaster-28-cm-acier\/#primaryimage\"},\"thumbnailUrl\":\"https:\/\/i1.wp.com\/interpim.erresse-shop.it\/img-catalogo\/zwilling\/zwilling-enfinigy-pinza-tostapane-39-cm-acciaio.jpg?ssl=1\",\"datePublished\":\"2026-04-04T08:01:09+00:00\",\"description\":\"Peut \u00eatre utilis\u00e9 avec tous les grille-pains Enfinigy \u00e0 2 compartiments longs. Pour cr\u00e9er le toast parfait ; croustillant \u00e0 l\u2019ext\u00e9rieur tout en conservant\",\"breadcrumb\":{\"@id\":\"https:\/\/dev6.erresse-shop.it\/fr\/shop\/petits-electromenagers\/grille-pains\/zwilling-enfinigy-pince-a-toaster-28-cm-acier\/#breadcrumb\"},\"inLanguage\":\"fr-FR\",\"potentialAction\":[{\"@type\":\"ReadAction\",\"target\":[\"https:\/\/dev6.erresse-shop.it\/fr\/shop\/petits-electromenagers\/grille-pains\/zwilling-enfinigy-pince-a-toaster-28-cm-acier\/\"]}]},{\"@type\":\"ImageObject\",\"inLanguage\":\"fr-FR\",\"@id\":\"https:\/\/dev6.erresse-shop.it\/fr\/shop\/petits-electromenagers\/grille-pains\/zwilling-enfinigy-pince-a-toaster-28-cm-acier\/#primaryimage\",\"url\":\"https:\/\/i1.wp.com\/interpim.erresse-shop.it\/img-catalogo\/zwilling\/zwilling-enfinigy-pinza-tostapane-39-cm-acciaio.jpg?ssl=1\",\"contentUrl\":\"https:\/\/i1.wp.com\/interpim.erresse-shop.it\/img-catalogo\/zwilling\/zwilling-enfinigy-pinza-tostapane-39-cm-acciaio.jpg?ssl=1\"},{\"@type\":\"BreadcrumbList\",\"@id\":\"https:\/\/dev6.erresse-shop.it\/fr\/shop\/petits-electromenagers\/grille-pains\/zwilling-enfinigy-pince-a-toaster-28-cm-acier\/#breadcrumb\",\"itemListElement\":[{\"@type\":\"ListItem\",\"position\":1,\"name\":\"Home\",\"item\":\"https:\/\/dev6.erresse-shop.it\/\"},{\"@type\":\"ListItem\",\"position\":2,\"name\":\"Boutique\",\"item\":\"https:\/\/dev6.erresse-shop.it\/shop\/\"},{\"@type\":\"ListItem\",\"position\":3,\"name\":\"ZWILLING Enfinigy Pince \u00e0 Toaster 28 cm Acier\"}]},{\"@type\":\"WebSite\",\"@id\":\"https:\/\/dev6.erresse-shop.it\/#website\",\"url\":\"https:\/\/dev6.erresse-shop.it\/\",\"name\":\"Erresse Shop\",\"description\":\"\",\"publisher\":{\"@id\":\"https:\/\/dev6.erresse-shop.it\/#organization\"},\"potentialAction\":[{\"@type\":\"SearchAction\",\"target\":{\"@type\":\"EntryPoint\",\"urlTemplate\":\"https:\/\/dev6.erresse-shop.it\/?s={search_term_string}\"},\"query-input\":{\"@type\":\"PropertyValueSpecification\",\"valueRequired\":true,\"valueName\":\"search_term_string\"}}],\"inLanguage\":\"fr-FR\"},{\"@type\":\"Organization\",\"@id\":\"https:\/\/dev6.erresse-shop.it\/#organization\",\"name\":\"Erresse Shop\",\"url\":\"https:\/\/dev6.erresse-shop.it\/\",\"logo\":{\"@type\":\"ImageObject\",\"inLanguage\":\"fr-FR\",\"@id\":\"https:\/\/dev6.erresse-shop.it\/#\/schema\/logo\/image\/\",\"url\":\"https:\/\/dev6.erresse-shop.it\/wp-content\/uploads\/2025\/01\/LOGO-ERRESSE-CLASSICO.svg\",\"contentUrl\":\"https:\/\/dev6.erresse-shop.it\/wp-content\/uploads\/2025\/01\/LOGO-ERRESSE-CLASSICO.svg\",\"caption\":\"Erresse Shop\"},\"image\":{\"@id\":\"https:\/\/dev6.erresse-shop.it\/#\/schema\/logo\/image\/\"}}]}<\/script>\n<!-- \/ Yoast SEO plugin. -->","yoast_head_json":{"title":"ZWILLING Enfinigy Pince \u00e0 Toaster 28 cm Acier - dev6 Erresse","description":"Peut \u00eatre utilis\u00e9 avec tous les grille-pains Enfinigy \u00e0 2 compartiments longs. Pour cr\u00e9er le toast parfait ; croustillant \u00e0 l\u2019ext\u00e9rieur tout en conservant","robots":{"index":"noindex","follow":"follow","max-snippet":"max-snippet:-1","max-image-preview":"max-image-preview:large","max-video-preview":"max-video-preview:-1"},"og_locale":"fr_FR","og_type":"article","og_title":"ZWILLING Enfinigy Pince \u00e0 Toaster 28 cm Acier - dev6 Erresse","og_description":"Peut \u00eatre utilis\u00e9 avec tous les grille-pains Enfinigy \u00e0 2 compartiments longs. Pour cr\u00e9er le toast parfait ; croustillant \u00e0 l\u2019ext\u00e9rieur tout en conservant","og_url":"https:\/\/dev6.erresse-shop.it\/fr\/shop\/petits-electromenagers\/grille-pains\/zwilling-enfinigy-pince-a-toaster-28-cm-acier\/","og_site_name":"dev6 Erresse","og_image":[{"url":"https:\/\/interpim.erresse-shop.it\/img-catalogo\/zwilling\/zwilling-enfinigy-pinza-tostapane-39-cm-acciaio.jpg","type":"","width":"","height":""},{"url":"https:\/\/interpim.erresse-shop.it\/img-catalogo\/zwilling\/zwilling-enfinigy-pinza-tostapane-39-cm-acciaio.jpg","width":1024,"height":1024,"type":"image\/jpeg"}],"twitter_card":"summary_large_image","twitter_image":"https:\/\/interpim.erresse-shop.it\/img-catalogo\/zwilling\/zwilling-enfinigy-pinza-tostapane-39-cm-acciaio.jpg","schema":{"@context":"https:\/\/schema.org","@graph":[{"@type":"WebPage","@id":"https:\/\/dev6.erresse-shop.it\/fr\/shop\/petits-electromenagers\/grille-pains\/zwilling-enfinigy-pince-a-toaster-28-cm-acier\/","url":"https:\/\/dev6.erresse-shop.it\/fr\/shop\/petits-electromenagers\/grille-pains\/zwilling-enfinigy-pince-a-toaster-28-cm-acier\/","name":"ZWILLING Enfinigy Pince \u00e0 Toaster 28 cm Acier - dev6 Erresse","isPartOf":{"@id":"https:\/\/dev6.erresse-shop.it\/#website"},"primaryImageOfPage":{"@id":"https:\/\/dev6.erresse-shop.it\/fr\/shop\/petits-electromenagers\/grille-pains\/zwilling-enfinigy-pince-a-toaster-28-cm-acier\/#primaryimage"},"image":{"@id":"https:\/\/dev6.erresse-shop.it\/fr\/shop\/petits-electromenagers\/grille-pains\/zwilling-enfinigy-pince-a-toaster-28-cm-acier\/#primaryimage"},"thumbnailUrl":"https:\/\/i1.wp.com\/interpim.erresse-shop.it\/img-catalogo\/zwilling\/zwilling-enfinigy-pinza-tostapane-39-cm-acciaio.jpg?ssl=1","datePublished":"2026-04-04T08:01:09+00:00","description":"Peut \u00eatre utilis\u00e9 avec tous les grille-pains Enfinigy \u00e0 2 compartiments longs. Pour cr\u00e9er le toast parfait ; croustillant \u00e0 l\u2019ext\u00e9rieur tout en conservant","breadcrumb":{"@id":"https:\/\/dev6.erresse-shop.it\/fr\/shop\/petits-electromenagers\/grille-pains\/zwilling-enfinigy-pince-a-toaster-28-cm-acier\/#breadcrumb"},"inLanguage":"fr-FR","potentialAction":[{"@type":"ReadAction","target":["https:\/\/dev6.erresse-shop.it\/fr\/shop\/petits-electromenagers\/grille-pains\/zwilling-enfinigy-pince-a-toaster-28-cm-acier\/"]}]},{"@type":"ImageObject","inLanguage":"fr-FR","@id":"https:\/\/dev6.erresse-shop.it\/fr\/shop\/petits-electromenagers\/grille-pains\/zwilling-enfinigy-pince-a-toaster-28-cm-acier\/#primaryimage","url":"https:\/\/i1.wp.com\/interpim.erresse-shop.it\/img-catalogo\/zwilling\/zwilling-enfinigy-pinza-tostapane-39-cm-acciaio.jpg?ssl=1","contentUrl":"https:\/\/i1.wp.com\/interpim.erresse-shop.it\/img-catalogo\/zwilling\/zwilling-enfinigy-pinza-tostapane-39-cm-acciaio.jpg?ssl=1"},{"@type":"BreadcrumbList","@id":"https:\/\/dev6.erresse-shop.it\/fr\/shop\/petits-electromenagers\/grille-pains\/zwilling-enfinigy-pince-a-toaster-28-cm-acier\/#breadcrumb","itemListElement":[{"@type":"ListItem","position":1,"name":"Home","item":"https:\/\/dev6.erresse-shop.it\/"},{"@type":"ListItem","position":2,"name":"Boutique","item":"https:\/\/dev6.erresse-shop.it\/shop\/"},{"@type":"ListItem","position":3,"name":"ZWILLING Enfinigy Pince \u00e0 Toaster 28 cm Acier"}]},{"@type":"WebSite","@id":"https:\/\/dev6.erresse-shop.it\/#website","url":"https:\/\/dev6.erresse-shop.it\/","name":"Erresse Shop","description":"","publisher":{"@id":"https:\/\/dev6.erresse-shop.it\/#organization"},"potentialAction":[{"@type":"SearchAction","target":{"@type":"EntryPoint","urlTemplate":"https:\/\/dev6.erresse-shop.it\/?s={search_term_string}"},"query-input":{"@type":"PropertyValueSpecification","valueRequired":true,"valueName":"search_term_string"}}],"inLanguage":"fr-FR"},{"@type":"Organization","@id":"https:\/\/dev6.erresse-shop.it\/#organization","name":"Erresse Shop","url":"https:\/\/dev6.erresse-shop.it\/","logo":{"@type":"ImageObject","inLanguage":"fr-FR","@id":"https:\/\/dev6.erresse-shop.it\/#\/schema\/logo\/image\/","url":"https:\/\/dev6.erresse-shop.it\/wp-content\/uploads\/2025\/01\/LOGO-ERRESSE-CLASSICO.svg","contentUrl":"https:\/\/dev6.erresse-shop.it\/wp-content\/uploads\/2025\/01\/LOGO-ERRESSE-CLASSICO.svg","caption":"Erresse Shop"},"image":{"@id":"https:\/\/dev6.erresse-shop.it\/#\/schema\/logo\/image\/"}}]}},"df_price":14.95,"df_sale_price":"","df_regular_price":14.95,"df_image_link":"https:\/\/i1.wp.com\/interpim.erresse-shop.it\/img-catalogo\/zwilling\/zwilling-enfinigy-pinza-tostapane-39-cm-acciaio.jpg?resize=300,300&ssl=1","fifu_image_url":"https:\/\/interpim.erresse-shop.it\/img-catalogo\/zwilling\/zwilling-enfinigy-pinza-tostapane-39-cm-acciaio.jpg","_links":{"self":[{"href":"https:\/\/dev6.erresse-shop.it\/fr\/wp-json\/wp\/v2\/product\/62456","targetHints":{"allow":["GET"]}}],"collection":[{"href":"https:\/\/dev6.erresse-shop.it\/fr\/wp-json\/wp\/v2\/product"}],"about":[{"href":"https:\/\/dev6.erresse-shop.it\/fr\/wp-json\/wp\/v2\/types\/product"}],"wp:featuredmedia":[{"embeddable":true,"href":"https:\/\/dev6.erresse-shop.it\/fr\/wp-json\/wp\/v2\/media\/6281432"}],"wp:attachment":[{"href":"https:\/\/dev6.erresse-shop.it\/fr\/wp-json\/wp\/v2\/media?parent=62456"}],"wp:term":[{"taxonomy":"product_cat","embeddable":true,"href":"https:\/\/dev6.erresse-shop.it\/fr\/wp-json\/wp\/v2\/product_cat?post=62456"},{"taxonomy":"product_tag","embeddable":true,"href":"https:\/\/dev6.erresse-shop.it\/fr\/wp-json\/wp\/v2\/product_tag?post=62456"}],"curies":[{"name":"wp","href":"https:\/\/api.w.org\/{rel}","templated":true}]}}