{"id":62448,"date":"2026-04-12T14:49:36","date_gmt":"2026-04-12T12:49:36","guid":{"rendered":"https:\/\/dev6.erresse-shop.it\/shop\/non%20class\u00e9\/cookut-coffret-mojitos-cuillere-recettes-et-pailles\/"},"modified":"2025-09-14T07:13:13","modified_gmt":"2025-09-14T05:13:13","slug":"cookut-coffret-mojitos-cuillere-recettes-et-pailles","status":"publish","type":"product","link":"https:\/\/dev6.erresse-shop.it\/fr\/shop\/cuisine\/accessoires-fr\/cookut-coffret-mojitos-cuillere-recettes-et-pailles\/","title":{"rendered":"COOKUT Coffret Mojitos Cuill\u00e8re Recettes et Pailles"},"content":{"rendered":"<p>Le seul instrument 4 en 1 au monde, avec des pailles de verre et un livre de recettes de mojito parfaitement \u00e9quilibr\u00e9.<\/p>\n<p>Pr\u00e9parez vos mojitos avec un outil 4-en-1<\/p>\n<p>L\u2019instrument We Are Mojito est compos\u00e9 d\u2019un compteur de rhum et de sucre de canne, d\u2019un marteau \u00e0 glace hach\u00e9, d\u2019un pilon et d\u2019une presse \u00e0 agrumes. Presser le citron, hacher la menthe, verser le sirop et le rhum parfaitement dos\u00e9, hacher les gla\u00e7ons et ajouter un peu d\u2019eau p\u00e9tillante. Et c\u2019est tout !<\/p>\n<p>Plus de mojitos mal dos\u00e9s !<\/p>\n<p>Les mojitos faits maison sont souvent mal dos\u00e9s, avec trop peu ou trop de sucre ou d\u2019alcool\u2026 Avec le compteur int\u00e9gr\u00e9 dans le passe-l\u00e9gumes, le mojito est impossible \u00e0 pr\u00e9parer et toujours parfaitement \u00e9quilibr\u00e9!<\/p>\n<p>Un mat\u00e9riau \u00e9cologique<\/p>\n<p>Le passe-l\u00e9gumes We Are Mojito est fabriqu\u00e9 \u00e0 partir de bois 100% naturel. En plus d\u2019\u00eatre esth\u00e9tique et hautement fonctionnel, il est parfaitement recyclable \u2013 et cela nous pla\u00eet!<\/p>\n<p>Coffret cadeau\u00a0: 14 recettes incluses et 2 pailles en verre<\/p>\n<p>Pailles r\u00e9utilisables en verre r\u00e9sistant aux chocs<\/p>\n<p>Impressionnez vos amis avec des recettes de mojito innovantes et originales. Nous avons pens\u00e9 \u00e0 vous en incluant nos recettes pr\u00e9f\u00e9r\u00e9es dans la bo\u00eete cadeau.<\/p>\n","protected":false},"excerpt":{"rendered":"<p>Le seul instrument 4 en 1 au monde, avec des pailles de verre et un livre de recettes de mojito parfaitement \u00e9quilibr\u00e9. Pr\u00e9parez vos mojitos avec un outil 4-en-1 L\u2019instrument We Are Mojito est compos\u00e9 d\u2019un compteur de rhum et de sucre de canne, d\u2019un marteau \u00e0 glace hach\u00e9, d\u2019un pilon et d\u2019une presse \u00e0 [&hellip;]<\/p>\n","protected":false},"featured_media":6381398,"template":"","meta":{"_acf_changed":false},"product_cat":[12057,11733,11668,11992],"product_tag":[],"class_list":{"0":"post-62448","1":"product","2":"type-product","3":"status-publish","4":"has-post-thumbnail","6":"product_cat-accessoires-fr","7":"product_cat-accessori-cucina","8":"product_cat-cucina","9":"product_cat-cuisine","11":"first","12":"instock","13":"sale","14":"taxable","15":"shipping-taxable","16":"purchasable","17":"product-type-simple","swatches":"rey-swatches","show_selected":"","stretch_labels":"rey-swatches--stretch-labels"},"acf":[],"yoast_head":"<!-- This site is optimized with the Yoast SEO plugin v25.4 - https:\/\/yoast.com\/wordpress\/plugins\/seo\/ -->\n<title>COOKUT Coffret Mojitos Cuill\u00e8re Recettes et Pailles - dev6 Erresse<\/title>\n<meta name=\"description\" content=\"Le seul instrument 4 en 1 au monde, avec des pailles de verre et un livre de recettes de mojito parfaitement \u00e9quilibr\u00e9. Pr\u00e9parez vos mojitos avec un outil\" \/>\n<meta name=\"robots\" content=\"noindex, follow, max-snippet:-1, max-image-preview:large, max-video-preview:-1\" \/>\n<meta property=\"og:locale\" content=\"fr_FR\" \/>\n<meta property=\"og:type\" content=\"article\" \/>\n<meta property=\"og:title\" content=\"COOKUT Coffret Mojitos Cuill\u00e8re Recettes et Pailles - dev6 Erresse\" \/>\n<meta property=\"og:description\" content=\"Le seul instrument 4 en 1 au monde, avec des pailles de verre et un livre de recettes de mojito parfaitement \u00e9quilibr\u00e9. Pr\u00e9parez vos mojitos avec un outil\" \/>\n<meta property=\"og:url\" content=\"https:\/\/dev6.erresse-shop.it\/fr\/shop\/cuisine\/accessoires-fr\/cookut-coffret-mojitos-cuillere-recettes-et-pailles\/\" \/>\n<meta property=\"og:site_name\" content=\"dev6 Erresse\" \/>\n<meta property=\"og:image\" content=\"https:\/\/interpim.erresse-shop.it\/wp-content\/uploads\/2023\/12\/COOKUT-Cofanetto-Mojitos-Misurino-Ricette-e-Cannucce.jpg\/cookut-cofanetto-mojitos-misurino-ricette-e-cannucce.jpg\" \/><meta property=\"og:image\" content=\"https:\/\/interpim.erresse-shop.it\/wp-content\/uploads\/2023\/12\/COOKUT-Cofanetto-Mojitos-Misurino-Ricette-e-Cannucce.jpg\/cookut-cofanetto-mojitos-misurino-ricette-e-cannucce.jpg\" \/>\n\t<meta property=\"og:image:width\" content=\"1024\" \/>\n\t<meta property=\"og:image:height\" content=\"1024\" \/>\n\t<meta property=\"og:image:type\" content=\"image\/jpeg\" \/>\n<meta name=\"twitter:card\" content=\"summary_large_image\" \/>\n<meta name=\"twitter:image\" content=\"https:\/\/interpim.erresse-shop.it\/wp-content\/uploads\/2023\/12\/COOKUT-Cofanetto-Mojitos-Misurino-Ricette-e-Cannucce.jpg\/cookut-cofanetto-mojitos-misurino-ricette-e-cannucce.jpg\" \/>\n<script type=\"application\/ld+json\" class=\"yoast-schema-graph\">{\"@context\":\"https:\/\/schema.org\",\"@graph\":[{\"@type\":\"WebPage\",\"@id\":\"https:\/\/dev6.erresse-shop.it\/fr\/shop\/cuisine\/accessoires-fr\/cookut-coffret-mojitos-cuillere-recettes-et-pailles\/\",\"url\":\"https:\/\/dev6.erresse-shop.it\/fr\/shop\/cuisine\/accessoires-fr\/cookut-coffret-mojitos-cuillere-recettes-et-pailles\/\",\"name\":\"COOKUT Coffret Mojitos Cuill\u00e8re Recettes et Pailles - dev6 Erresse\",\"isPartOf\":{\"@id\":\"https:\/\/dev6.erresse-shop.it\/#website\"},\"primaryImageOfPage\":{\"@id\":\"https:\/\/dev6.erresse-shop.it\/fr\/shop\/cuisine\/accessoires-fr\/cookut-coffret-mojitos-cuillere-recettes-et-pailles\/#primaryimage\"},\"image\":{\"@id\":\"https:\/\/dev6.erresse-shop.it\/fr\/shop\/cuisine\/accessoires-fr\/cookut-coffret-mojitos-cuillere-recettes-et-pailles\/#primaryimage\"},\"thumbnailUrl\":\"https:\/\/i0.wp.com\/interpim.erresse-shop.it\/wp-content\/uploads\/2023\/12\/COOKUT-Cofanetto-Mojitos-Misurino-Ricette-e-Cannucce.jpg\/cookut-cofanetto-mojitos-misurino-ricette-e-cannucce.jpg?ssl=1\",\"datePublished\":\"2026-04-12T12:49:36+00:00\",\"description\":\"Le seul instrument 4 en 1 au monde, avec des pailles de verre et un livre de recettes de mojito parfaitement \u00e9quilibr\u00e9. Pr\u00e9parez vos mojitos avec un outil\",\"breadcrumb\":{\"@id\":\"https:\/\/dev6.erresse-shop.it\/fr\/shop\/cuisine\/accessoires-fr\/cookut-coffret-mojitos-cuillere-recettes-et-pailles\/#breadcrumb\"},\"inLanguage\":\"fr-FR\",\"potentialAction\":[{\"@type\":\"ReadAction\",\"target\":[\"https:\/\/dev6.erresse-shop.it\/fr\/shop\/cuisine\/accessoires-fr\/cookut-coffret-mojitos-cuillere-recettes-et-pailles\/\"]}]},{\"@type\":\"ImageObject\",\"inLanguage\":\"fr-FR\",\"@id\":\"https:\/\/dev6.erresse-shop.it\/fr\/shop\/cuisine\/accessoires-fr\/cookut-coffret-mojitos-cuillere-recettes-et-pailles\/#primaryimage\",\"url\":\"https:\/\/i0.wp.com\/interpim.erresse-shop.it\/wp-content\/uploads\/2023\/12\/COOKUT-Cofanetto-Mojitos-Misurino-Ricette-e-Cannucce.jpg\/cookut-cofanetto-mojitos-misurino-ricette-e-cannucce.jpg?ssl=1\",\"contentUrl\":\"https:\/\/i0.wp.com\/interpim.erresse-shop.it\/wp-content\/uploads\/2023\/12\/COOKUT-Cofanetto-Mojitos-Misurino-Ricette-e-Cannucce.jpg\/cookut-cofanetto-mojitos-misurino-ricette-e-cannucce.jpg?ssl=1\"},{\"@type\":\"BreadcrumbList\",\"@id\":\"https:\/\/dev6.erresse-shop.it\/fr\/shop\/cuisine\/accessoires-fr\/cookut-coffret-mojitos-cuillere-recettes-et-pailles\/#breadcrumb\",\"itemListElement\":[{\"@type\":\"ListItem\",\"position\":1,\"name\":\"Home\",\"item\":\"https:\/\/dev6.erresse-shop.it\/\"},{\"@type\":\"ListItem\",\"position\":2,\"name\":\"Boutique\",\"item\":\"https:\/\/dev6.erresse-shop.it\/shop\/\"},{\"@type\":\"ListItem\",\"position\":3,\"name\":\"COOKUT Coffret Mojitos Cuill\u00e8re Recettes et Pailles\"}]},{\"@type\":\"WebSite\",\"@id\":\"https:\/\/dev6.erresse-shop.it\/#website\",\"url\":\"https:\/\/dev6.erresse-shop.it\/\",\"name\":\"Erresse Shop\",\"description\":\"\",\"publisher\":{\"@id\":\"https:\/\/dev6.erresse-shop.it\/#organization\"},\"potentialAction\":[{\"@type\":\"SearchAction\",\"target\":{\"@type\":\"EntryPoint\",\"urlTemplate\":\"https:\/\/dev6.erresse-shop.it\/?s={search_term_string}\"},\"query-input\":{\"@type\":\"PropertyValueSpecification\",\"valueRequired\":true,\"valueName\":\"search_term_string\"}}],\"inLanguage\":\"fr-FR\"},{\"@type\":\"Organization\",\"@id\":\"https:\/\/dev6.erresse-shop.it\/#organization\",\"name\":\"Erresse Shop\",\"url\":\"https:\/\/dev6.erresse-shop.it\/\",\"logo\":{\"@type\":\"ImageObject\",\"inLanguage\":\"fr-FR\",\"@id\":\"https:\/\/dev6.erresse-shop.it\/#\/schema\/logo\/image\/\",\"url\":\"https:\/\/dev6.erresse-shop.it\/wp-content\/uploads\/2025\/01\/LOGO-ERRESSE-CLASSICO.svg\",\"contentUrl\":\"https:\/\/dev6.erresse-shop.it\/wp-content\/uploads\/2025\/01\/LOGO-ERRESSE-CLASSICO.svg\",\"caption\":\"Erresse Shop\"},\"image\":{\"@id\":\"https:\/\/dev6.erresse-shop.it\/#\/schema\/logo\/image\/\"}}]}<\/script>\n<!-- \/ Yoast SEO plugin. -->","yoast_head_json":{"title":"COOKUT Coffret Mojitos Cuill\u00e8re Recettes et Pailles - dev6 Erresse","description":"Le seul instrument 4 en 1 au monde, avec des pailles de verre et un livre de recettes de mojito parfaitement \u00e9quilibr\u00e9. Pr\u00e9parez vos mojitos avec un outil","robots":{"index":"noindex","follow":"follow","max-snippet":"max-snippet:-1","max-image-preview":"max-image-preview:large","max-video-preview":"max-video-preview:-1"},"og_locale":"fr_FR","og_type":"article","og_title":"COOKUT Coffret Mojitos Cuill\u00e8re Recettes et Pailles - dev6 Erresse","og_description":"Le seul instrument 4 en 1 au monde, avec des pailles de verre et un livre de recettes de mojito parfaitement \u00e9quilibr\u00e9. Pr\u00e9parez vos mojitos avec un outil","og_url":"https:\/\/dev6.erresse-shop.it\/fr\/shop\/cuisine\/accessoires-fr\/cookut-coffret-mojitos-cuillere-recettes-et-pailles\/","og_site_name":"dev6 Erresse","og_image":[{"url":"https:\/\/interpim.erresse-shop.it\/wp-content\/uploads\/2023\/12\/COOKUT-Cofanetto-Mojitos-Misurino-Ricette-e-Cannucce.jpg\/cookut-cofanetto-mojitos-misurino-ricette-e-cannucce.jpg","type":"","width":"","height":""},{"url":"https:\/\/interpim.erresse-shop.it\/wp-content\/uploads\/2023\/12\/COOKUT-Cofanetto-Mojitos-Misurino-Ricette-e-Cannucce.jpg\/cookut-cofanetto-mojitos-misurino-ricette-e-cannucce.jpg","width":1024,"height":1024,"type":"image\/jpeg"}],"twitter_card":"summary_large_image","twitter_image":"https:\/\/interpim.erresse-shop.it\/wp-content\/uploads\/2023\/12\/COOKUT-Cofanetto-Mojitos-Misurino-Ricette-e-Cannucce.jpg\/cookut-cofanetto-mojitos-misurino-ricette-e-cannucce.jpg","schema":{"@context":"https:\/\/schema.org","@graph":[{"@type":"WebPage","@id":"https:\/\/dev6.erresse-shop.it\/fr\/shop\/cuisine\/accessoires-fr\/cookut-coffret-mojitos-cuillere-recettes-et-pailles\/","url":"https:\/\/dev6.erresse-shop.it\/fr\/shop\/cuisine\/accessoires-fr\/cookut-coffret-mojitos-cuillere-recettes-et-pailles\/","name":"COOKUT Coffret Mojitos Cuill\u00e8re Recettes et Pailles - dev6 Erresse","isPartOf":{"@id":"https:\/\/dev6.erresse-shop.it\/#website"},"primaryImageOfPage":{"@id":"https:\/\/dev6.erresse-shop.it\/fr\/shop\/cuisine\/accessoires-fr\/cookut-coffret-mojitos-cuillere-recettes-et-pailles\/#primaryimage"},"image":{"@id":"https:\/\/dev6.erresse-shop.it\/fr\/shop\/cuisine\/accessoires-fr\/cookut-coffret-mojitos-cuillere-recettes-et-pailles\/#primaryimage"},"thumbnailUrl":"https:\/\/i0.wp.com\/interpim.erresse-shop.it\/wp-content\/uploads\/2023\/12\/COOKUT-Cofanetto-Mojitos-Misurino-Ricette-e-Cannucce.jpg\/cookut-cofanetto-mojitos-misurino-ricette-e-cannucce.jpg?ssl=1","datePublished":"2026-04-12T12:49:36+00:00","description":"Le seul instrument 4 en 1 au monde, avec des pailles de verre et un livre de recettes de mojito parfaitement \u00e9quilibr\u00e9. Pr\u00e9parez vos mojitos avec un outil","breadcrumb":{"@id":"https:\/\/dev6.erresse-shop.it\/fr\/shop\/cuisine\/accessoires-fr\/cookut-coffret-mojitos-cuillere-recettes-et-pailles\/#breadcrumb"},"inLanguage":"fr-FR","potentialAction":[{"@type":"ReadAction","target":["https:\/\/dev6.erresse-shop.it\/fr\/shop\/cuisine\/accessoires-fr\/cookut-coffret-mojitos-cuillere-recettes-et-pailles\/"]}]},{"@type":"ImageObject","inLanguage":"fr-FR","@id":"https:\/\/dev6.erresse-shop.it\/fr\/shop\/cuisine\/accessoires-fr\/cookut-coffret-mojitos-cuillere-recettes-et-pailles\/#primaryimage","url":"https:\/\/i0.wp.com\/interpim.erresse-shop.it\/wp-content\/uploads\/2023\/12\/COOKUT-Cofanetto-Mojitos-Misurino-Ricette-e-Cannucce.jpg\/cookut-cofanetto-mojitos-misurino-ricette-e-cannucce.jpg?ssl=1","contentUrl":"https:\/\/i0.wp.com\/interpim.erresse-shop.it\/wp-content\/uploads\/2023\/12\/COOKUT-Cofanetto-Mojitos-Misurino-Ricette-e-Cannucce.jpg\/cookut-cofanetto-mojitos-misurino-ricette-e-cannucce.jpg?ssl=1"},{"@type":"BreadcrumbList","@id":"https:\/\/dev6.erresse-shop.it\/fr\/shop\/cuisine\/accessoires-fr\/cookut-coffret-mojitos-cuillere-recettes-et-pailles\/#breadcrumb","itemListElement":[{"@type":"ListItem","position":1,"name":"Home","item":"https:\/\/dev6.erresse-shop.it\/"},{"@type":"ListItem","position":2,"name":"Boutique","item":"https:\/\/dev6.erresse-shop.it\/shop\/"},{"@type":"ListItem","position":3,"name":"COOKUT Coffret Mojitos Cuill\u00e8re Recettes et Pailles"}]},{"@type":"WebSite","@id":"https:\/\/dev6.erresse-shop.it\/#website","url":"https:\/\/dev6.erresse-shop.it\/","name":"Erresse Shop","description":"","publisher":{"@id":"https:\/\/dev6.erresse-shop.it\/#organization"},"potentialAction":[{"@type":"SearchAction","target":{"@type":"EntryPoint","urlTemplate":"https:\/\/dev6.erresse-shop.it\/?s={search_term_string}"},"query-input":{"@type":"PropertyValueSpecification","valueRequired":true,"valueName":"search_term_string"}}],"inLanguage":"fr-FR"},{"@type":"Organization","@id":"https:\/\/dev6.erresse-shop.it\/#organization","name":"Erresse Shop","url":"https:\/\/dev6.erresse-shop.it\/","logo":{"@type":"ImageObject","inLanguage":"fr-FR","@id":"https:\/\/dev6.erresse-shop.it\/#\/schema\/logo\/image\/","url":"https:\/\/dev6.erresse-shop.it\/wp-content\/uploads\/2025\/01\/LOGO-ERRESSE-CLASSICO.svg","contentUrl":"https:\/\/dev6.erresse-shop.it\/wp-content\/uploads\/2025\/01\/LOGO-ERRESSE-CLASSICO.svg","caption":"Erresse Shop"},"image":{"@id":"https:\/\/dev6.erresse-shop.it\/#\/schema\/logo\/image\/"}}]}},"df_price":29.9,"df_sale_price":29.9,"df_regular_price":32.9,"df_image_link":"https:\/\/i0.wp.com\/interpim.erresse-shop.it\/wp-content\/uploads\/2023\/12\/COOKUT-Cofanetto-Mojitos-Misurino-Ricette-e-Cannucce.jpg\/cookut-cofanetto-mojitos-misurino-ricette-e-cannucce.jpg?resize=300,300&ssl=1","fifu_image_url":"https:\/\/interpim.erresse-shop.it\/wp-content\/uploads\/2023\/12\/COOKUT-Cofanetto-Mojitos-Misurino-Ricette-e-Cannucce.jpg\/cookut-cofanetto-mojitos-misurino-ricette-e-cannucce.jpg","_links":{"self":[{"href":"https:\/\/dev6.erresse-shop.it\/fr\/wp-json\/wp\/v2\/product\/62448","targetHints":{"allow":["GET"]}}],"collection":[{"href":"https:\/\/dev6.erresse-shop.it\/fr\/wp-json\/wp\/v2\/product"}],"about":[{"href":"https:\/\/dev6.erresse-shop.it\/fr\/wp-json\/wp\/v2\/types\/product"}],"wp:featuredmedia":[{"embeddable":true,"href":"https:\/\/dev6.erresse-shop.it\/fr\/wp-json\/wp\/v2\/media\/6381398"}],"wp:attachment":[{"href":"https:\/\/dev6.erresse-shop.it\/fr\/wp-json\/wp\/v2\/media?parent=62448"}],"wp:term":[{"taxonomy":"product_cat","embeddable":true,"href":"https:\/\/dev6.erresse-shop.it\/fr\/wp-json\/wp\/v2\/product_cat?post=62448"},{"taxonomy":"product_tag","embeddable":true,"href":"https:\/\/dev6.erresse-shop.it\/fr\/wp-json\/wp\/v2\/product_tag?post=62448"}],"curies":[{"name":"wp","href":"https:\/\/api.w.org\/{rel}","templated":true}]}}