{"id":62446,"date":"2026-04-12T14:49:36","date_gmt":"2026-04-12T12:49:36","guid":{"rendered":"https:\/\/dev6.erresse-shop.it\/shop\/non%20class\u00e9\/cookut-shaker-pour-crepes-gaufres-et-crepes-vegetaliennes\/"},"modified":"2025-07-04T20:45:24","modified_gmt":"2025-07-04T18:45:24","slug":"cookut-shaker-pour-crepes-gaufres-et-crepes-vegetaliennes","status":"publish","type":"product","link":"https:\/\/dev6.erresse-shop.it\/fr\/shop\/cuisine\/accessoires-fr\/cookut-shaker-pour-crepes-gaufres-et-crepes-vegetaliennes\/","title":{"rendered":"COOKUT Shaker Pour Cr\u00eapes, Gaufres et Cr\u00eapes V\u00e9g\u00e9taliennes"},"content":{"rendered":"<p>Super pratique !<br \/>\nPlus besoin de recette, de robot, de balance, de fouet, de saladier ou de louche !<br \/>\nIl suffit de suivre la recette des cr\u00eapes vegan avec les mesures des ingr\u00e9dients indiqu\u00e9es sur le bocal : le lait v\u00e9g\u00e9tal, la farine (avec ou sans gluten) et la f\u00e9cule de ma\u00efs.<br \/>\nSecouez ensuite quelques secondes. C\u2019est pr\u00eat !<br \/>\nVerse directement dans la po\u00eale.<\/p>\n<p>Ce shaker \u00e0 cr\u00eape vegan est tr\u00e8s pratique pour conserver la p\u00e2te \u00e0 cr\u00eape restante au frigo et l\u2019utiliser le lendemain.<\/p>\n<p>Plus aucun grumeau<br \/>\nLe shaker Miam est \u00e9quip\u00e9 d\u2019une spirale en inox qui vous garantira une p\u00e2te fluide et inratable en d\u00e9truisant les grumeaux ainsi que d\u2019une grille additionnelle anti-grumeaux \u00e0 ajouter au moment de verser la p\u00e2te dans la po\u00eale. De quoi obtenir des cr\u00eapes toujours parfaites !<\/p>\n<p>Recette cr\u00eape vegan, recette pancake vegan et recette gaufre vegan<br \/>\nIl y a plusieurs recettes vegan sur le bocal pour r\u00e9aliser facilement les p\u00e2tes \u00e0 cr\u00eapes, pancakes ou gaufres VEGAN. Besoin de plus pour les gourmands ? Il suffit d\u2019en pr\u00e9parer de nouveau en 2 minutes !<\/p>\n<p>Pas de salissures<br \/>\nEn versant la p\u00e2te \u00e0 cr\u00eape vegan directement dans la po\u00eale, on \u00e9vite les salissures de la louche qui d\u00e9borde au moment du passage d\u00e9licat entre le saladier et la po\u00eale.<\/p>\n<p>Lavable au lave-vaisselle.<\/p>\n","protected":false},"excerpt":{"rendered":"<p>Super pratique ! Plus besoin de recette, de robot, de balance, de fouet, de saladier ou de louche ! Il suffit de suivre la recette des cr\u00eapes vegan avec les mesures des ingr\u00e9dients indiqu\u00e9es sur le bocal : le lait v\u00e9g\u00e9tal, la farine (avec ou sans gluten) et la f\u00e9cule de ma\u00efs. Secouez ensuite quelques [&hellip;]<\/p>\n","protected":false},"featured_media":6381390,"template":"","meta":{"_acf_changed":false},"product_cat":[12057,11733,11668,11992],"product_tag":[],"class_list":{"0":"post-62446","1":"product","2":"type-product","3":"status-publish","4":"has-post-thumbnail","6":"product_cat-accessoires-fr","7":"product_cat-accessori-cucina","8":"product_cat-cucina","9":"product_cat-cuisine","11":"first","12":"instock","13":"sale","14":"taxable","15":"shipping-taxable","16":"purchasable","17":"product-type-simple","swatches":"rey-swatches","show_selected":"","stretch_labels":"rey-swatches--stretch-labels"},"acf":[],"yoast_head":"<!-- This site is optimized with the Yoast SEO plugin v25.4 - https:\/\/yoast.com\/wordpress\/plugins\/seo\/ -->\n<title>COOKUT Shaker Pour Cr\u00eapes, Gaufres et Cr\u00eapes V\u00e9g\u00e9taliennes - dev6 Erresse<\/title>\n<meta name=\"description\" content=\"Super pratique ! Plus besoin de recette, de robot, de balance, de fouet, de saladier ou de louche ! Il suffit de suivre la recette des cr\u00eapes vegan avec\" \/>\n<meta name=\"robots\" content=\"noindex, follow, max-snippet:-1, max-image-preview:large, max-video-preview:-1\" \/>\n<meta property=\"og:locale\" content=\"fr_FR\" \/>\n<meta property=\"og:type\" content=\"article\" \/>\n<meta property=\"og:title\" content=\"COOKUT Shaker Pour Cr\u00eapes, Gaufres et Cr\u00eapes V\u00e9g\u00e9taliennes - dev6 Erresse\" \/>\n<meta property=\"og:description\" content=\"Super pratique ! Plus besoin de recette, de robot, de balance, de fouet, de saladier ou de louche ! Il suffit de suivre la recette des cr\u00eapes vegan avec\" \/>\n<meta property=\"og:url\" content=\"https:\/\/dev6.erresse-shop.it\/fr\/shop\/cuisine\/accessoires-fr\/cookut-shaker-pour-crepes-gaufres-et-crepes-vegetaliennes\/\" \/>\n<meta property=\"og:site_name\" content=\"dev6 Erresse\" \/>\n<meta property=\"og:image\" content=\"https:\/\/interpim.erresse-shop.it\/Import\/Prodotti\/cookut-vegan-miam.jpg\" \/><meta property=\"og:image\" content=\"https:\/\/interpim.erresse-shop.it\/Import\/Prodotti\/cookut-vegan-miam.jpg\" \/>\n\t<meta property=\"og:image:width\" content=\"1024\" \/>\n\t<meta property=\"og:image:height\" content=\"1024\" \/>\n\t<meta property=\"og:image:type\" content=\"image\/jpeg\" \/>\n<meta name=\"twitter:card\" content=\"summary_large_image\" \/>\n<meta name=\"twitter:image\" content=\"https:\/\/interpim.erresse-shop.it\/Import\/Prodotti\/cookut-vegan-miam.jpg\" \/>\n<script type=\"application\/ld+json\" class=\"yoast-schema-graph\">{\"@context\":\"https:\/\/schema.org\",\"@graph\":[{\"@type\":\"WebPage\",\"@id\":\"https:\/\/dev6.erresse-shop.it\/fr\/shop\/cuisine\/accessoires-fr\/cookut-shaker-pour-crepes-gaufres-et-crepes-vegetaliennes\/\",\"url\":\"https:\/\/dev6.erresse-shop.it\/fr\/shop\/cuisine\/accessoires-fr\/cookut-shaker-pour-crepes-gaufres-et-crepes-vegetaliennes\/\",\"name\":\"COOKUT Shaker Pour Cr\u00eapes, Gaufres et Cr\u00eapes V\u00e9g\u00e9taliennes - dev6 Erresse\",\"isPartOf\":{\"@id\":\"https:\/\/dev6.erresse-shop.it\/#website\"},\"primaryImageOfPage\":{\"@id\":\"https:\/\/dev6.erresse-shop.it\/fr\/shop\/cuisine\/accessoires-fr\/cookut-shaker-pour-crepes-gaufres-et-crepes-vegetaliennes\/#primaryimage\"},\"image\":{\"@id\":\"https:\/\/dev6.erresse-shop.it\/fr\/shop\/cuisine\/accessoires-fr\/cookut-shaker-pour-crepes-gaufres-et-crepes-vegetaliennes\/#primaryimage\"},\"thumbnailUrl\":\"https:\/\/i0.wp.com\/interpim.erresse-shop.it\/Import\/Prodotti\/cookut-vegan-miam.jpg?ssl=1\",\"datePublished\":\"2026-04-12T12:49:36+00:00\",\"description\":\"Super pratique ! Plus besoin de recette, de robot, de balance, de fouet, de saladier ou de louche ! Il suffit de suivre la recette des cr\u00eapes vegan avec\",\"breadcrumb\":{\"@id\":\"https:\/\/dev6.erresse-shop.it\/fr\/shop\/cuisine\/accessoires-fr\/cookut-shaker-pour-crepes-gaufres-et-crepes-vegetaliennes\/#breadcrumb\"},\"inLanguage\":\"fr-FR\",\"potentialAction\":[{\"@type\":\"ReadAction\",\"target\":[\"https:\/\/dev6.erresse-shop.it\/fr\/shop\/cuisine\/accessoires-fr\/cookut-shaker-pour-crepes-gaufres-et-crepes-vegetaliennes\/\"]}]},{\"@type\":\"ImageObject\",\"inLanguage\":\"fr-FR\",\"@id\":\"https:\/\/dev6.erresse-shop.it\/fr\/shop\/cuisine\/accessoires-fr\/cookut-shaker-pour-crepes-gaufres-et-crepes-vegetaliennes\/#primaryimage\",\"url\":\"https:\/\/i0.wp.com\/interpim.erresse-shop.it\/Import\/Prodotti\/cookut-vegan-miam.jpg?ssl=1\",\"contentUrl\":\"https:\/\/i0.wp.com\/interpim.erresse-shop.it\/Import\/Prodotti\/cookut-vegan-miam.jpg?ssl=1\"},{\"@type\":\"BreadcrumbList\",\"@id\":\"https:\/\/dev6.erresse-shop.it\/fr\/shop\/cuisine\/accessoires-fr\/cookut-shaker-pour-crepes-gaufres-et-crepes-vegetaliennes\/#breadcrumb\",\"itemListElement\":[{\"@type\":\"ListItem\",\"position\":1,\"name\":\"Home\",\"item\":\"https:\/\/dev6.erresse-shop.it\/\"},{\"@type\":\"ListItem\",\"position\":2,\"name\":\"Boutique\",\"item\":\"https:\/\/dev6.erresse-shop.it\/shop\/\"},{\"@type\":\"ListItem\",\"position\":3,\"name\":\"COOKUT Shaker Pour Cr\u00eapes, Gaufres et Cr\u00eapes V\u00e9g\u00e9taliennes\"}]},{\"@type\":\"WebSite\",\"@id\":\"https:\/\/dev6.erresse-shop.it\/#website\",\"url\":\"https:\/\/dev6.erresse-shop.it\/\",\"name\":\"Erresse Shop\",\"description\":\"\",\"publisher\":{\"@id\":\"https:\/\/dev6.erresse-shop.it\/#organization\"},\"potentialAction\":[{\"@type\":\"SearchAction\",\"target\":{\"@type\":\"EntryPoint\",\"urlTemplate\":\"https:\/\/dev6.erresse-shop.it\/?s={search_term_string}\"},\"query-input\":{\"@type\":\"PropertyValueSpecification\",\"valueRequired\":true,\"valueName\":\"search_term_string\"}}],\"inLanguage\":\"fr-FR\"},{\"@type\":\"Organization\",\"@id\":\"https:\/\/dev6.erresse-shop.it\/#organization\",\"name\":\"Erresse Shop\",\"url\":\"https:\/\/dev6.erresse-shop.it\/\",\"logo\":{\"@type\":\"ImageObject\",\"inLanguage\":\"fr-FR\",\"@id\":\"https:\/\/dev6.erresse-shop.it\/#\/schema\/logo\/image\/\",\"url\":\"https:\/\/dev6.erresse-shop.it\/wp-content\/uploads\/2025\/01\/LOGO-ERRESSE-CLASSICO.svg\",\"contentUrl\":\"https:\/\/dev6.erresse-shop.it\/wp-content\/uploads\/2025\/01\/LOGO-ERRESSE-CLASSICO.svg\",\"caption\":\"Erresse Shop\"},\"image\":{\"@id\":\"https:\/\/dev6.erresse-shop.it\/#\/schema\/logo\/image\/\"}}]}<\/script>\n<!-- \/ Yoast SEO plugin. -->","yoast_head_json":{"title":"COOKUT Shaker Pour Cr\u00eapes, Gaufres et Cr\u00eapes V\u00e9g\u00e9taliennes - dev6 Erresse","description":"Super pratique ! Plus besoin de recette, de robot, de balance, de fouet, de saladier ou de louche ! Il suffit de suivre la recette des cr\u00eapes vegan avec","robots":{"index":"noindex","follow":"follow","max-snippet":"max-snippet:-1","max-image-preview":"max-image-preview:large","max-video-preview":"max-video-preview:-1"},"og_locale":"fr_FR","og_type":"article","og_title":"COOKUT Shaker Pour Cr\u00eapes, Gaufres et Cr\u00eapes V\u00e9g\u00e9taliennes - dev6 Erresse","og_description":"Super pratique ! Plus besoin de recette, de robot, de balance, de fouet, de saladier ou de louche ! Il suffit de suivre la recette des cr\u00eapes vegan avec","og_url":"https:\/\/dev6.erresse-shop.it\/fr\/shop\/cuisine\/accessoires-fr\/cookut-shaker-pour-crepes-gaufres-et-crepes-vegetaliennes\/","og_site_name":"dev6 Erresse","og_image":[{"url":"https:\/\/interpim.erresse-shop.it\/Import\/Prodotti\/cookut-vegan-miam.jpg","type":"","width":"","height":""},{"url":"https:\/\/interpim.erresse-shop.it\/Import\/Prodotti\/cookut-vegan-miam.jpg","width":1024,"height":1024,"type":"image\/jpeg"}],"twitter_card":"summary_large_image","twitter_image":"https:\/\/interpim.erresse-shop.it\/Import\/Prodotti\/cookut-vegan-miam.jpg","schema":{"@context":"https:\/\/schema.org","@graph":[{"@type":"WebPage","@id":"https:\/\/dev6.erresse-shop.it\/fr\/shop\/cuisine\/accessoires-fr\/cookut-shaker-pour-crepes-gaufres-et-crepes-vegetaliennes\/","url":"https:\/\/dev6.erresse-shop.it\/fr\/shop\/cuisine\/accessoires-fr\/cookut-shaker-pour-crepes-gaufres-et-crepes-vegetaliennes\/","name":"COOKUT Shaker Pour Cr\u00eapes, Gaufres et Cr\u00eapes V\u00e9g\u00e9taliennes - dev6 Erresse","isPartOf":{"@id":"https:\/\/dev6.erresse-shop.it\/#website"},"primaryImageOfPage":{"@id":"https:\/\/dev6.erresse-shop.it\/fr\/shop\/cuisine\/accessoires-fr\/cookut-shaker-pour-crepes-gaufres-et-crepes-vegetaliennes\/#primaryimage"},"image":{"@id":"https:\/\/dev6.erresse-shop.it\/fr\/shop\/cuisine\/accessoires-fr\/cookut-shaker-pour-crepes-gaufres-et-crepes-vegetaliennes\/#primaryimage"},"thumbnailUrl":"https:\/\/i0.wp.com\/interpim.erresse-shop.it\/Import\/Prodotti\/cookut-vegan-miam.jpg?ssl=1","datePublished":"2026-04-12T12:49:36+00:00","description":"Super pratique ! Plus besoin de recette, de robot, de balance, de fouet, de saladier ou de louche ! Il suffit de suivre la recette des cr\u00eapes vegan avec","breadcrumb":{"@id":"https:\/\/dev6.erresse-shop.it\/fr\/shop\/cuisine\/accessoires-fr\/cookut-shaker-pour-crepes-gaufres-et-crepes-vegetaliennes\/#breadcrumb"},"inLanguage":"fr-FR","potentialAction":[{"@type":"ReadAction","target":["https:\/\/dev6.erresse-shop.it\/fr\/shop\/cuisine\/accessoires-fr\/cookut-shaker-pour-crepes-gaufres-et-crepes-vegetaliennes\/"]}]},{"@type":"ImageObject","inLanguage":"fr-FR","@id":"https:\/\/dev6.erresse-shop.it\/fr\/shop\/cuisine\/accessoires-fr\/cookut-shaker-pour-crepes-gaufres-et-crepes-vegetaliennes\/#primaryimage","url":"https:\/\/i0.wp.com\/interpim.erresse-shop.it\/Import\/Prodotti\/cookut-vegan-miam.jpg?ssl=1","contentUrl":"https:\/\/i0.wp.com\/interpim.erresse-shop.it\/Import\/Prodotti\/cookut-vegan-miam.jpg?ssl=1"},{"@type":"BreadcrumbList","@id":"https:\/\/dev6.erresse-shop.it\/fr\/shop\/cuisine\/accessoires-fr\/cookut-shaker-pour-crepes-gaufres-et-crepes-vegetaliennes\/#breadcrumb","itemListElement":[{"@type":"ListItem","position":1,"name":"Home","item":"https:\/\/dev6.erresse-shop.it\/"},{"@type":"ListItem","position":2,"name":"Boutique","item":"https:\/\/dev6.erresse-shop.it\/shop\/"},{"@type":"ListItem","position":3,"name":"COOKUT Shaker Pour Cr\u00eapes, Gaufres et Cr\u00eapes V\u00e9g\u00e9taliennes"}]},{"@type":"WebSite","@id":"https:\/\/dev6.erresse-shop.it\/#website","url":"https:\/\/dev6.erresse-shop.it\/","name":"Erresse Shop","description":"","publisher":{"@id":"https:\/\/dev6.erresse-shop.it\/#organization"},"potentialAction":[{"@type":"SearchAction","target":{"@type":"EntryPoint","urlTemplate":"https:\/\/dev6.erresse-shop.it\/?s={search_term_string}"},"query-input":{"@type":"PropertyValueSpecification","valueRequired":true,"valueName":"search_term_string"}}],"inLanguage":"fr-FR"},{"@type":"Organization","@id":"https:\/\/dev6.erresse-shop.it\/#organization","name":"Erresse Shop","url":"https:\/\/dev6.erresse-shop.it\/","logo":{"@type":"ImageObject","inLanguage":"fr-FR","@id":"https:\/\/dev6.erresse-shop.it\/#\/schema\/logo\/image\/","url":"https:\/\/dev6.erresse-shop.it\/wp-content\/uploads\/2025\/01\/LOGO-ERRESSE-CLASSICO.svg","contentUrl":"https:\/\/dev6.erresse-shop.it\/wp-content\/uploads\/2025\/01\/LOGO-ERRESSE-CLASSICO.svg","caption":"Erresse Shop"},"image":{"@id":"https:\/\/dev6.erresse-shop.it\/#\/schema\/logo\/image\/"}}]}},"df_price":20.61,"df_sale_price":20.61,"df_regular_price":22.9,"df_image_link":"https:\/\/i0.wp.com\/interpim.erresse-shop.it\/Import\/Prodotti\/cookut-vegan-miam.jpg?resize=300,300&ssl=1","fifu_image_url":"https:\/\/interpim.erresse-shop.it\/Import\/Prodotti\/cookut-vegan-miam.jpg","_links":{"self":[{"href":"https:\/\/dev6.erresse-shop.it\/fr\/wp-json\/wp\/v2\/product\/62446","targetHints":{"allow":["GET"]}}],"collection":[{"href":"https:\/\/dev6.erresse-shop.it\/fr\/wp-json\/wp\/v2\/product"}],"about":[{"href":"https:\/\/dev6.erresse-shop.it\/fr\/wp-json\/wp\/v2\/types\/product"}],"wp:featuredmedia":[{"embeddable":true,"href":"https:\/\/dev6.erresse-shop.it\/fr\/wp-json\/wp\/v2\/media\/6381390"}],"wp:attachment":[{"href":"https:\/\/dev6.erresse-shop.it\/fr\/wp-json\/wp\/v2\/media?parent=62446"}],"wp:term":[{"taxonomy":"product_cat","embeddable":true,"href":"https:\/\/dev6.erresse-shop.it\/fr\/wp-json\/wp\/v2\/product_cat?post=62446"},{"taxonomy":"product_tag","embeddable":true,"href":"https:\/\/dev6.erresse-shop.it\/fr\/wp-json\/wp\/v2\/product_tag?post=62446"}],"curies":[{"name":"wp","href":"https:\/\/api.w.org\/{rel}","templated":true}]}}