{"id":62444,"date":"2026-04-12T14:49:36","date_gmt":"2026-04-12T12:49:36","guid":{"rendered":"https:\/\/dev6.erresse-shop.it\/shop\/non%20class\u00e9\/cookut-shaker-pour-crepes-gaufres-et-crepes\/"},"modified":"2025-09-14T07:13:05","modified_gmt":"2025-09-14T05:13:05","slug":"cookut-shaker-pour-crepes-gaufres-et-crepes","status":"publish","type":"product","link":"https:\/\/dev6.erresse-shop.it\/fr\/shop\/cuisine\/accessoires-fr\/cookut-shaker-pour-crepes-gaufres-et-crepes\/","title":{"rendered":"COOKUT Shaker Pour Cr\u00eapes, Gaufres et Cr\u00eapes"},"content":{"rendered":"<p>Le shaker pour cr\u00eapes et cr\u00eapes est votre nouvel alli\u00e9 dans la cuisine pour pr\u00e9parer rapidement vos doli pr\u00e9f\u00e9r\u00e9s, \u00e0 d\u00e9guster comme dessert ou comme collation.<\/p>\n<p>Comment l\u2019utiliser\u00a0: pas besoin de robot, balance, fouet ou louche, il suffit de suivre les quantit\u00e9s des ingr\u00e9dients indiqu\u00e9s sur le bocal en verre de 80 cl pour le lait, la farine et les \u0153ufs. Agitez pendant quelques secondes et vous aurez une p\u00e2te sans grumeaux, pr\u00eate \u00e0 \u00eatre vers\u00e9e dans la po\u00eale. Le shaker est \u00e9galement parfait pour conserver la p\u00e2te restante au r\u00e9frig\u00e9rateur et l\u2019utiliser le lendemain. Mat\u00e9riaux\u00a0: verre, m\u00e9tal, PP Dans l\u2019emballage\u00a0: verre gradu\u00e9, couvercle avec bec, filtre anti-grumeaux, spirale m\u00e9tallique anti-grumeaux Dimensions de l\u2019unit\u00e9 (cm)\u00a0: 22 x 9 Nettoyage\u00a0: lave-vaisselle<\/p>\n<p>Lavable au lave-vaisselle.<\/p>\n","protected":false},"excerpt":{"rendered":"<p>Le shaker pour cr\u00eapes et cr\u00eapes est votre nouvel alli\u00e9 dans la cuisine pour pr\u00e9parer rapidement vos doli pr\u00e9f\u00e9r\u00e9s, \u00e0 d\u00e9guster comme dessert ou comme collation. Comment l\u2019utiliser\u00a0: pas besoin de robot, balance, fouet ou louche, il suffit de suivre les quantit\u00e9s des ingr\u00e9dients indiqu\u00e9s sur le bocal en verre de 80 cl pour le [&hellip;]<\/p>\n","protected":false},"featured_media":6381383,"template":"","meta":{"_acf_changed":false},"product_cat":[12057,11733,11668,11992],"product_tag":[],"class_list":{"0":"post-62444","1":"product","2":"type-product","3":"status-publish","4":"has-post-thumbnail","6":"product_cat-accessoires-fr","7":"product_cat-accessori-cucina","8":"product_cat-cucina","9":"product_cat-cuisine","11":"first","12":"instock","13":"taxable","14":"shipping-taxable","15":"purchasable","16":"product-type-simple","swatches":"rey-swatches","show_selected":"","stretch_labels":"rey-swatches--stretch-labels"},"acf":[],"yoast_head":"<!-- This site is optimized with the Yoast SEO plugin v25.4 - https:\/\/yoast.com\/wordpress\/plugins\/seo\/ -->\n<title>COOKUT Shaker Pour Cr\u00eapes, Gaufres et Cr\u00eapes - dev6 Erresse<\/title>\n<meta name=\"description\" content=\"Le shaker pour cr\u00eapes et cr\u00eapes est votre nouvel alli\u00e9 dans la cuisine pour pr\u00e9parer rapidement vos doli pr\u00e9f\u00e9r\u00e9s, \u00e0 d\u00e9guster comme dessert ou comme\" \/>\n<meta name=\"robots\" content=\"noindex, follow, max-snippet:-1, max-image-preview:large, max-video-preview:-1\" \/>\n<meta property=\"og:locale\" content=\"fr_FR\" \/>\n<meta property=\"og:type\" content=\"article\" \/>\n<meta property=\"og:title\" content=\"COOKUT Shaker Pour Cr\u00eapes, Gaufres et Cr\u00eapes - dev6 Erresse\" \/>\n<meta property=\"og:description\" content=\"Le shaker pour cr\u00eapes et cr\u00eapes est votre nouvel alli\u00e9 dans la cuisine pour pr\u00e9parer rapidement vos doli pr\u00e9f\u00e9r\u00e9s, \u00e0 d\u00e9guster comme dessert ou comme\" \/>\n<meta property=\"og:url\" content=\"https:\/\/dev6.erresse-shop.it\/fr\/shop\/cuisine\/accessoires-fr\/cookut-shaker-pour-crepes-gaufres-et-crepes\/\" \/>\n<meta property=\"og:site_name\" content=\"dev6 Erresse\" \/>\n<meta property=\"og:image\" content=\"https:\/\/interpim.erresse-shop.it\/Import\/Prodotti\/cookut-shaker-crepes1.jpg\" \/><meta property=\"og:image\" content=\"https:\/\/interpim.erresse-shop.it\/Import\/Prodotti\/cookut-shaker-crepes1.jpg\" \/>\n\t<meta property=\"og:image:width\" content=\"1024\" \/>\n\t<meta property=\"og:image:height\" content=\"1024\" \/>\n\t<meta property=\"og:image:type\" content=\"image\/jpeg\" \/>\n<meta name=\"twitter:card\" content=\"summary_large_image\" \/>\n<meta name=\"twitter:image\" content=\"https:\/\/interpim.erresse-shop.it\/Import\/Prodotti\/cookut-shaker-crepes1.jpg\" \/>\n<script type=\"application\/ld+json\" class=\"yoast-schema-graph\">{\"@context\":\"https:\/\/schema.org\",\"@graph\":[{\"@type\":\"WebPage\",\"@id\":\"https:\/\/dev6.erresse-shop.it\/fr\/shop\/cuisine\/accessoires-fr\/cookut-shaker-pour-crepes-gaufres-et-crepes\/\",\"url\":\"https:\/\/dev6.erresse-shop.it\/fr\/shop\/cuisine\/accessoires-fr\/cookut-shaker-pour-crepes-gaufres-et-crepes\/\",\"name\":\"COOKUT Shaker Pour Cr\u00eapes, Gaufres et Cr\u00eapes - dev6 Erresse\",\"isPartOf\":{\"@id\":\"https:\/\/dev6.erresse-shop.it\/#website\"},\"primaryImageOfPage\":{\"@id\":\"https:\/\/dev6.erresse-shop.it\/fr\/shop\/cuisine\/accessoires-fr\/cookut-shaker-pour-crepes-gaufres-et-crepes\/#primaryimage\"},\"image\":{\"@id\":\"https:\/\/dev6.erresse-shop.it\/fr\/shop\/cuisine\/accessoires-fr\/cookut-shaker-pour-crepes-gaufres-et-crepes\/#primaryimage\"},\"thumbnailUrl\":\"https:\/\/i2.wp.com\/interpim.erresse-shop.it\/Import\/Prodotti\/cookut-shaker-crepes1.jpg?ssl=1\",\"datePublished\":\"2026-04-12T12:49:36+00:00\",\"description\":\"Le shaker pour cr\u00eapes et cr\u00eapes est votre nouvel alli\u00e9 dans la cuisine pour pr\u00e9parer rapidement vos doli pr\u00e9f\u00e9r\u00e9s, \u00e0 d\u00e9guster comme dessert ou comme\",\"breadcrumb\":{\"@id\":\"https:\/\/dev6.erresse-shop.it\/fr\/shop\/cuisine\/accessoires-fr\/cookut-shaker-pour-crepes-gaufres-et-crepes\/#breadcrumb\"},\"inLanguage\":\"fr-FR\",\"potentialAction\":[{\"@type\":\"ReadAction\",\"target\":[\"https:\/\/dev6.erresse-shop.it\/fr\/shop\/cuisine\/accessoires-fr\/cookut-shaker-pour-crepes-gaufres-et-crepes\/\"]}]},{\"@type\":\"ImageObject\",\"inLanguage\":\"fr-FR\",\"@id\":\"https:\/\/dev6.erresse-shop.it\/fr\/shop\/cuisine\/accessoires-fr\/cookut-shaker-pour-crepes-gaufres-et-crepes\/#primaryimage\",\"url\":\"https:\/\/i2.wp.com\/interpim.erresse-shop.it\/Import\/Prodotti\/cookut-shaker-crepes1.jpg?ssl=1\",\"contentUrl\":\"https:\/\/i2.wp.com\/interpim.erresse-shop.it\/Import\/Prodotti\/cookut-shaker-crepes1.jpg?ssl=1\"},{\"@type\":\"BreadcrumbList\",\"@id\":\"https:\/\/dev6.erresse-shop.it\/fr\/shop\/cuisine\/accessoires-fr\/cookut-shaker-pour-crepes-gaufres-et-crepes\/#breadcrumb\",\"itemListElement\":[{\"@type\":\"ListItem\",\"position\":1,\"name\":\"Home\",\"item\":\"https:\/\/dev6.erresse-shop.it\/\"},{\"@type\":\"ListItem\",\"position\":2,\"name\":\"Boutique\",\"item\":\"https:\/\/dev6.erresse-shop.it\/shop\/\"},{\"@type\":\"ListItem\",\"position\":3,\"name\":\"COOKUT Shaker Pour Cr\u00eapes, Gaufres et Cr\u00eapes\"}]},{\"@type\":\"WebSite\",\"@id\":\"https:\/\/dev6.erresse-shop.it\/#website\",\"url\":\"https:\/\/dev6.erresse-shop.it\/\",\"name\":\"Erresse Shop\",\"description\":\"\",\"publisher\":{\"@id\":\"https:\/\/dev6.erresse-shop.it\/#organization\"},\"potentialAction\":[{\"@type\":\"SearchAction\",\"target\":{\"@type\":\"EntryPoint\",\"urlTemplate\":\"https:\/\/dev6.erresse-shop.it\/?s={search_term_string}\"},\"query-input\":{\"@type\":\"PropertyValueSpecification\",\"valueRequired\":true,\"valueName\":\"search_term_string\"}}],\"inLanguage\":\"fr-FR\"},{\"@type\":\"Organization\",\"@id\":\"https:\/\/dev6.erresse-shop.it\/#organization\",\"name\":\"Erresse Shop\",\"url\":\"https:\/\/dev6.erresse-shop.it\/\",\"logo\":{\"@type\":\"ImageObject\",\"inLanguage\":\"fr-FR\",\"@id\":\"https:\/\/dev6.erresse-shop.it\/#\/schema\/logo\/image\/\",\"url\":\"https:\/\/dev6.erresse-shop.it\/wp-content\/uploads\/2025\/01\/LOGO-ERRESSE-CLASSICO.svg\",\"contentUrl\":\"https:\/\/dev6.erresse-shop.it\/wp-content\/uploads\/2025\/01\/LOGO-ERRESSE-CLASSICO.svg\",\"caption\":\"Erresse Shop\"},\"image\":{\"@id\":\"https:\/\/dev6.erresse-shop.it\/#\/schema\/logo\/image\/\"}}]}<\/script>\n<!-- \/ Yoast SEO plugin. -->","yoast_head_json":{"title":"COOKUT Shaker Pour Cr\u00eapes, Gaufres et Cr\u00eapes - dev6 Erresse","description":"Le shaker pour cr\u00eapes et cr\u00eapes est votre nouvel alli\u00e9 dans la cuisine pour pr\u00e9parer rapidement vos doli pr\u00e9f\u00e9r\u00e9s, \u00e0 d\u00e9guster comme dessert ou comme","robots":{"index":"noindex","follow":"follow","max-snippet":"max-snippet:-1","max-image-preview":"max-image-preview:large","max-video-preview":"max-video-preview:-1"},"og_locale":"fr_FR","og_type":"article","og_title":"COOKUT Shaker Pour Cr\u00eapes, Gaufres et Cr\u00eapes - dev6 Erresse","og_description":"Le shaker pour cr\u00eapes et cr\u00eapes est votre nouvel alli\u00e9 dans la cuisine pour pr\u00e9parer rapidement vos doli pr\u00e9f\u00e9r\u00e9s, \u00e0 d\u00e9guster comme dessert ou comme","og_url":"https:\/\/dev6.erresse-shop.it\/fr\/shop\/cuisine\/accessoires-fr\/cookut-shaker-pour-crepes-gaufres-et-crepes\/","og_site_name":"dev6 Erresse","og_image":[{"url":"https:\/\/interpim.erresse-shop.it\/Import\/Prodotti\/cookut-shaker-crepes1.jpg","type":"","width":"","height":""},{"url":"https:\/\/interpim.erresse-shop.it\/Import\/Prodotti\/cookut-shaker-crepes1.jpg","width":1024,"height":1024,"type":"image\/jpeg"}],"twitter_card":"summary_large_image","twitter_image":"https:\/\/interpim.erresse-shop.it\/Import\/Prodotti\/cookut-shaker-crepes1.jpg","schema":{"@context":"https:\/\/schema.org","@graph":[{"@type":"WebPage","@id":"https:\/\/dev6.erresse-shop.it\/fr\/shop\/cuisine\/accessoires-fr\/cookut-shaker-pour-crepes-gaufres-et-crepes\/","url":"https:\/\/dev6.erresse-shop.it\/fr\/shop\/cuisine\/accessoires-fr\/cookut-shaker-pour-crepes-gaufres-et-crepes\/","name":"COOKUT Shaker Pour Cr\u00eapes, Gaufres et Cr\u00eapes - dev6 Erresse","isPartOf":{"@id":"https:\/\/dev6.erresse-shop.it\/#website"},"primaryImageOfPage":{"@id":"https:\/\/dev6.erresse-shop.it\/fr\/shop\/cuisine\/accessoires-fr\/cookut-shaker-pour-crepes-gaufres-et-crepes\/#primaryimage"},"image":{"@id":"https:\/\/dev6.erresse-shop.it\/fr\/shop\/cuisine\/accessoires-fr\/cookut-shaker-pour-crepes-gaufres-et-crepes\/#primaryimage"},"thumbnailUrl":"https:\/\/i2.wp.com\/interpim.erresse-shop.it\/Import\/Prodotti\/cookut-shaker-crepes1.jpg?ssl=1","datePublished":"2026-04-12T12:49:36+00:00","description":"Le shaker pour cr\u00eapes et cr\u00eapes est votre nouvel alli\u00e9 dans la cuisine pour pr\u00e9parer rapidement vos doli pr\u00e9f\u00e9r\u00e9s, \u00e0 d\u00e9guster comme dessert ou comme","breadcrumb":{"@id":"https:\/\/dev6.erresse-shop.it\/fr\/shop\/cuisine\/accessoires-fr\/cookut-shaker-pour-crepes-gaufres-et-crepes\/#breadcrumb"},"inLanguage":"fr-FR","potentialAction":[{"@type":"ReadAction","target":["https:\/\/dev6.erresse-shop.it\/fr\/shop\/cuisine\/accessoires-fr\/cookut-shaker-pour-crepes-gaufres-et-crepes\/"]}]},{"@type":"ImageObject","inLanguage":"fr-FR","@id":"https:\/\/dev6.erresse-shop.it\/fr\/shop\/cuisine\/accessoires-fr\/cookut-shaker-pour-crepes-gaufres-et-crepes\/#primaryimage","url":"https:\/\/i2.wp.com\/interpim.erresse-shop.it\/Import\/Prodotti\/cookut-shaker-crepes1.jpg?ssl=1","contentUrl":"https:\/\/i2.wp.com\/interpim.erresse-shop.it\/Import\/Prodotti\/cookut-shaker-crepes1.jpg?ssl=1"},{"@type":"BreadcrumbList","@id":"https:\/\/dev6.erresse-shop.it\/fr\/shop\/cuisine\/accessoires-fr\/cookut-shaker-pour-crepes-gaufres-et-crepes\/#breadcrumb","itemListElement":[{"@type":"ListItem","position":1,"name":"Home","item":"https:\/\/dev6.erresse-shop.it\/"},{"@type":"ListItem","position":2,"name":"Boutique","item":"https:\/\/dev6.erresse-shop.it\/shop\/"},{"@type":"ListItem","position":3,"name":"COOKUT Shaker Pour Cr\u00eapes, Gaufres et Cr\u00eapes"}]},{"@type":"WebSite","@id":"https:\/\/dev6.erresse-shop.it\/#website","url":"https:\/\/dev6.erresse-shop.it\/","name":"Erresse Shop","description":"","publisher":{"@id":"https:\/\/dev6.erresse-shop.it\/#organization"},"potentialAction":[{"@type":"SearchAction","target":{"@type":"EntryPoint","urlTemplate":"https:\/\/dev6.erresse-shop.it\/?s={search_term_string}"},"query-input":{"@type":"PropertyValueSpecification","valueRequired":true,"valueName":"search_term_string"}}],"inLanguage":"fr-FR"},{"@type":"Organization","@id":"https:\/\/dev6.erresse-shop.it\/#organization","name":"Erresse Shop","url":"https:\/\/dev6.erresse-shop.it\/","logo":{"@type":"ImageObject","inLanguage":"fr-FR","@id":"https:\/\/dev6.erresse-shop.it\/#\/schema\/logo\/image\/","url":"https:\/\/dev6.erresse-shop.it\/wp-content\/uploads\/2025\/01\/LOGO-ERRESSE-CLASSICO.svg","contentUrl":"https:\/\/dev6.erresse-shop.it\/wp-content\/uploads\/2025\/01\/LOGO-ERRESSE-CLASSICO.svg","caption":"Erresse Shop"},"image":{"@id":"https:\/\/dev6.erresse-shop.it\/#\/schema\/logo\/image\/"}}]}},"df_price":23,"df_sale_price":"","df_regular_price":23,"df_image_link":"https:\/\/i2.wp.com\/interpim.erresse-shop.it\/Import\/Prodotti\/cookut-shaker-crepes1.jpg?resize=300,300&ssl=1","fifu_image_url":"https:\/\/interpim.erresse-shop.it\/Import\/Prodotti\/cookut-shaker-crepes1.jpg","_links":{"self":[{"href":"https:\/\/dev6.erresse-shop.it\/fr\/wp-json\/wp\/v2\/product\/62444","targetHints":{"allow":["GET"]}}],"collection":[{"href":"https:\/\/dev6.erresse-shop.it\/fr\/wp-json\/wp\/v2\/product"}],"about":[{"href":"https:\/\/dev6.erresse-shop.it\/fr\/wp-json\/wp\/v2\/types\/product"}],"wp:featuredmedia":[{"embeddable":true,"href":"https:\/\/dev6.erresse-shop.it\/fr\/wp-json\/wp\/v2\/media\/6381383"}],"wp:attachment":[{"href":"https:\/\/dev6.erresse-shop.it\/fr\/wp-json\/wp\/v2\/media?parent=62444"}],"wp:term":[{"taxonomy":"product_cat","embeddable":true,"href":"https:\/\/dev6.erresse-shop.it\/fr\/wp-json\/wp\/v2\/product_cat?post=62444"},{"taxonomy":"product_tag","embeddable":true,"href":"https:\/\/dev6.erresse-shop.it\/fr\/wp-json\/wp\/v2\/product_tag?post=62444"}],"curies":[{"name":"wp","href":"https:\/\/api.w.org\/{rel}","templated":true}]}}