{"id":62336,"date":"2026-04-12T10:00:23","date_gmt":"2026-04-12T08:00:23","guid":{"rendered":"https:\/\/dev6.erresse-shop.it\/shop\/non%20class\u00e9\/bissell-crosswave-x7-plus-cordless-pet-select\/"},"modified":"2025-07-04T17:15:26","modified_gmt":"2025-07-04T15:15:26","slug":"bissell-crosswave-x7-plus-cordless-pet-select","status":"publish","type":"product","link":"https:\/\/dev6.erresse-shop.it\/fr\/shop\/petits-electromenagers\/aspirateurs\/bissell-crosswave-x7-plus-cordless-pet-select\/","title":{"rendered":"BISSELL Crosswave X7 Plus Cordless Pet Select"},"content":{"rendered":"<p>Le CrossWave X7 Plus Cordless Pet Select est id\u00e9al pour les foyers ayant des amis \u00e0 quatre pattes. Puissant et l\u00e9ger, cet appareil est la solution parfaite pour tous vos besoins de nettoyage : de l\u2019aspiration rapide au nettoyage en profondeur. Le moteur num\u00e9rique est durable et performant. Avec ses 45 000 tr\/min, il offre une aspiration puissante et jusqu\u2019\u00e0 30 minutes d\u2019autonomie.<\/p>\n<p>Avec le nettoyage humide, il aspire et lave simultan\u00e9ment les sols durs et les tapis scell\u00e9s, combinant ainsi les \u00e9tapes de nettoyage et vous faisant gagner du temps. Contrairement \u00e0 l\u2019utilisation d\u2019une serpilli\u00e8re et d\u2019un seau, la technologie \u00e0 double r\u00e9servoir s\u00e9pare l\u2019eau propre de l\u2019eau sale. Avec le CrossWave X7 Plus Cordless Pet Select, vous nettoyez toujours vos sols avec de l\u2019eau propre. Trois modes de nettoyage int\u00e9gr\u00e9s diff\u00e9rents : sols durs, moquette et TURBO PET\u2122. Le nouveau mode TURBO PET\u2122 am\u00e9liore vos performances de nettoyage, notamment pour \u00e9liminer les r\u00e9sidus laiss\u00e9s par les animaux domestiques et les salet\u00e9s quotidiennes tenaces. La nouvelle solution naturelle de nettoyage multi-surfaces pour animaux de compagnie \u00e9limine les odeurs et laisse une odeur de fra\u00eecheur dans votre maison. Lorsque vous avez fini de nettoyer les sols, le cycle d\u2019autonettoyage nettoie non seulement la brosse rotative, mais aussi l\u2019int\u00e9rieur de l\u2019appareil, ce qui vous \u00e9vite de le laver.<\/p>\n<p>Vous pouvez \u00e9galement utiliser le CrossWave X7 Plus Cordless Pet Select pour passer l\u2019aspirateur occasionnellement. Gr\u00e2ce \u00e0 sa puissante aspiration, l\u2019appareil ramasse facilement les poils d\u2019animaux et les d\u00e9bris secs sur les sols durs. Il est \u00e9galement \u00e9quip\u00e9 de lampes LED qui \u00e9clairent les poils d\u2019animaux, la salet\u00e9 et les d\u00e9bris lors du nettoyage le long des plinthes et dans les coins. Cet appareil ne se contente pas de nettoyer la salet\u00e9 des animaux de compagnie, il contribue \u00e9galement \u00e0 les sauver ! BISSELL\u00ae est fi\u00e8re de soutenir la BISSELL Pet Foundation\u00ae et sa mission d\u2019aide aux animaux de compagnie sans abri. En achetant un produit BISSELL\u00ae, vous contribuez vous aussi \u00e0 sauver des animaux. Nous sommes fiers de concevoir des produits qui aident non seulement \u00e0 \u00e9liminer la salet\u00e9 et les odeurs des animaux de compagnie, mais aussi \u00e0 leur trouver un foyer.<\/p>\n<p>Types de sols : Tapis et moquettes, Sols durs, Carrelage, Sols en bois, Multi-surfaces<br \/>\nNombre de niveaux de nettoyage : 3 (moquettes, sols durs, mode TURBO PET\u2122)<br \/>\nSans fil : oui<br \/>\nCapacit\u00e9 du r\u00e9servoir d\u2019eau : 600 ml<br \/>\nR\u00e9servoir d\u2019eau sale : 385 ml<br \/>\nFiltre : oui<br \/>\nFiltres lavables : oui<br \/>\nPuissance : 25 W<br \/>\nAirwatts : 61 AW<br \/>\nTemps de charge : 4 h<br \/>\nDur\u00e9e de vie de la batterie : 30 min<br \/>\nCycle de nettoyage automatique : oui<br \/>\nPoids : 4,54 kg<br \/>\nAutoportant : oui<br \/>\nNiveau sonore : 75 dB<br \/>\nBatterie : 25V Lithium Ion<br \/>\nR\u00e9servoir d\u2019eau amovible : oui<br \/>\nBrosse amovible : oui<\/p>\n","protected":false},"excerpt":{"rendered":"<p>Le CrossWave X7 Plus Cordless Pet Select est id\u00e9al pour les foyers ayant des amis \u00e0 quatre pattes. Puissant et l\u00e9ger, cet appareil est la solution parfaite pour tous vos besoins de nettoyage : de l\u2019aspiration rapide au nettoyage en profondeur. Le moteur num\u00e9rique est durable et performant. Avec ses 45 000 tr\/min, il offre [&hellip;]<\/p>\n","protected":false},"featured_media":6364486,"template":"","meta":{"_acf_changed":false},"product_cat":[12075,12055],"product_tag":[],"class_list":{"0":"post-62336","1":"product","2":"type-product","3":"status-publish","4":"has-post-thumbnail","6":"product_cat-aspirateurs","7":"product_cat-petits-electromenagers","9":"first","10":"instock","11":"taxable","12":"shipping-taxable","13":"product-type-simple","swatches":"rey-swatches","show_selected":"","stretch_labels":"rey-swatches--stretch-labels"},"acf":[],"yoast_head":"<!-- This site is optimized with the Yoast SEO plugin v25.4 - https:\/\/yoast.com\/wordpress\/plugins\/seo\/ -->\n<title>BISSELL Crosswave X7 Plus Cordless Pet Select - dev6 Erresse<\/title>\n<meta name=\"description\" content=\"Le CrossWave X7 Plus Cordless Pet Select est id\u00e9al pour les foyers ayant des amis \u00e0 quatre pattes. Puissant et l\u00e9ger, cet appareil est la solution\" \/>\n<meta name=\"robots\" content=\"noindex, follow, max-snippet:-1, max-image-preview:large, max-video-preview:-1\" \/>\n<meta property=\"og:locale\" content=\"fr_FR\" \/>\n<meta property=\"og:type\" content=\"article\" \/>\n<meta property=\"og:title\" content=\"BISSELL Crosswave X7 Plus Cordless Pet Select - dev6 Erresse\" \/>\n<meta property=\"og:description\" content=\"Le CrossWave X7 Plus Cordless Pet Select est id\u00e9al pour les foyers ayant des amis \u00e0 quatre pattes. Puissant et l\u00e9ger, cet appareil est la solution\" \/>\n<meta property=\"og:url\" content=\"https:\/\/dev6.erresse-shop.it\/fr\/shop\/petits-electromenagers\/aspirateurs\/bissell-crosswave-x7-plus-cordless-pet-select\/\" \/>\n<meta property=\"og:site_name\" content=\"dev6 Erresse\" \/>\n<meta property=\"og:image\" content=\"https:\/\/interpim.erresse-shop.it\/Import\/Prodotti\/bissell-crosswave-x7-plus-cordless-pet-select.jpg\" \/><meta property=\"og:image\" content=\"https:\/\/interpim.erresse-shop.it\/Import\/Prodotti\/bissell-crosswave-x7-plus-cordless-pet-select.jpg\" \/>\n\t<meta property=\"og:image:width\" content=\"1024\" \/>\n\t<meta property=\"og:image:height\" content=\"1024\" \/>\n\t<meta property=\"og:image:type\" content=\"image\/jpeg\" \/>\n<meta name=\"twitter:card\" content=\"summary_large_image\" \/>\n<meta name=\"twitter:image\" content=\"https:\/\/interpim.erresse-shop.it\/Import\/Prodotti\/bissell-crosswave-x7-plus-cordless-pet-select.jpg\" \/>\n<script type=\"application\/ld+json\" class=\"yoast-schema-graph\">{\"@context\":\"https:\/\/schema.org\",\"@graph\":[{\"@type\":\"WebPage\",\"@id\":\"https:\/\/dev6.erresse-shop.it\/fr\/shop\/petits-electromenagers\/aspirateurs\/bissell-crosswave-x7-plus-cordless-pet-select\/\",\"url\":\"https:\/\/dev6.erresse-shop.it\/fr\/shop\/petits-electromenagers\/aspirateurs\/bissell-crosswave-x7-plus-cordless-pet-select\/\",\"name\":\"BISSELL Crosswave X7 Plus Cordless Pet Select - dev6 Erresse\",\"isPartOf\":{\"@id\":\"https:\/\/dev6.erresse-shop.it\/#website\"},\"primaryImageOfPage\":{\"@id\":\"https:\/\/dev6.erresse-shop.it\/fr\/shop\/petits-electromenagers\/aspirateurs\/bissell-crosswave-x7-plus-cordless-pet-select\/#primaryimage\"},\"image\":{\"@id\":\"https:\/\/dev6.erresse-shop.it\/fr\/shop\/petits-electromenagers\/aspirateurs\/bissell-crosswave-x7-plus-cordless-pet-select\/#primaryimage\"},\"thumbnailUrl\":\"https:\/\/i3.wp.com\/interpim.erresse-shop.it\/Import\/Prodotti\/bissell-crosswave-x7-plus-cordless-pet-select.jpg?ssl=1\",\"datePublished\":\"2026-04-12T08:00:23+00:00\",\"description\":\"Le CrossWave X7 Plus Cordless Pet Select est id\u00e9al pour les foyers ayant des amis \u00e0 quatre pattes. Puissant et l\u00e9ger, cet appareil est la solution\",\"breadcrumb\":{\"@id\":\"https:\/\/dev6.erresse-shop.it\/fr\/shop\/petits-electromenagers\/aspirateurs\/bissell-crosswave-x7-plus-cordless-pet-select\/#breadcrumb\"},\"inLanguage\":\"fr-FR\",\"potentialAction\":[{\"@type\":\"ReadAction\",\"target\":[\"https:\/\/dev6.erresse-shop.it\/fr\/shop\/petits-electromenagers\/aspirateurs\/bissell-crosswave-x7-plus-cordless-pet-select\/\"]}]},{\"@type\":\"ImageObject\",\"inLanguage\":\"fr-FR\",\"@id\":\"https:\/\/dev6.erresse-shop.it\/fr\/shop\/petits-electromenagers\/aspirateurs\/bissell-crosswave-x7-plus-cordless-pet-select\/#primaryimage\",\"url\":\"https:\/\/i3.wp.com\/interpim.erresse-shop.it\/Import\/Prodotti\/bissell-crosswave-x7-plus-cordless-pet-select.jpg?ssl=1\",\"contentUrl\":\"https:\/\/i3.wp.com\/interpim.erresse-shop.it\/Import\/Prodotti\/bissell-crosswave-x7-plus-cordless-pet-select.jpg?ssl=1\"},{\"@type\":\"BreadcrumbList\",\"@id\":\"https:\/\/dev6.erresse-shop.it\/fr\/shop\/petits-electromenagers\/aspirateurs\/bissell-crosswave-x7-plus-cordless-pet-select\/#breadcrumb\",\"itemListElement\":[{\"@type\":\"ListItem\",\"position\":1,\"name\":\"Home\",\"item\":\"https:\/\/dev6.erresse-shop.it\/\"},{\"@type\":\"ListItem\",\"position\":2,\"name\":\"Boutique\",\"item\":\"https:\/\/dev6.erresse-shop.it\/shop\/\"},{\"@type\":\"ListItem\",\"position\":3,\"name\":\"BISSELL Crosswave X7 Plus Cordless Pet Select\"}]},{\"@type\":\"WebSite\",\"@id\":\"https:\/\/dev6.erresse-shop.it\/#website\",\"url\":\"https:\/\/dev6.erresse-shop.it\/\",\"name\":\"Erresse Shop\",\"description\":\"\",\"publisher\":{\"@id\":\"https:\/\/dev6.erresse-shop.it\/#organization\"},\"potentialAction\":[{\"@type\":\"SearchAction\",\"target\":{\"@type\":\"EntryPoint\",\"urlTemplate\":\"https:\/\/dev6.erresse-shop.it\/?s={search_term_string}\"},\"query-input\":{\"@type\":\"PropertyValueSpecification\",\"valueRequired\":true,\"valueName\":\"search_term_string\"}}],\"inLanguage\":\"fr-FR\"},{\"@type\":\"Organization\",\"@id\":\"https:\/\/dev6.erresse-shop.it\/#organization\",\"name\":\"Erresse Shop\",\"url\":\"https:\/\/dev6.erresse-shop.it\/\",\"logo\":{\"@type\":\"ImageObject\",\"inLanguage\":\"fr-FR\",\"@id\":\"https:\/\/dev6.erresse-shop.it\/#\/schema\/logo\/image\/\",\"url\":\"https:\/\/dev6.erresse-shop.it\/wp-content\/uploads\/2025\/01\/LOGO-ERRESSE-CLASSICO.svg\",\"contentUrl\":\"https:\/\/dev6.erresse-shop.it\/wp-content\/uploads\/2025\/01\/LOGO-ERRESSE-CLASSICO.svg\",\"caption\":\"Erresse Shop\"},\"image\":{\"@id\":\"https:\/\/dev6.erresse-shop.it\/#\/schema\/logo\/image\/\"}}]}<\/script>\n<!-- \/ Yoast SEO plugin. -->","yoast_head_json":{"title":"BISSELL Crosswave X7 Plus Cordless Pet Select - dev6 Erresse","description":"Le CrossWave X7 Plus Cordless Pet Select est id\u00e9al pour les foyers ayant des amis \u00e0 quatre pattes. Puissant et l\u00e9ger, cet appareil est la solution","robots":{"index":"noindex","follow":"follow","max-snippet":"max-snippet:-1","max-image-preview":"max-image-preview:large","max-video-preview":"max-video-preview:-1"},"og_locale":"fr_FR","og_type":"article","og_title":"BISSELL Crosswave X7 Plus Cordless Pet Select - dev6 Erresse","og_description":"Le CrossWave X7 Plus Cordless Pet Select est id\u00e9al pour les foyers ayant des amis \u00e0 quatre pattes. Puissant et l\u00e9ger, cet appareil est la solution","og_url":"https:\/\/dev6.erresse-shop.it\/fr\/shop\/petits-electromenagers\/aspirateurs\/bissell-crosswave-x7-plus-cordless-pet-select\/","og_site_name":"dev6 Erresse","og_image":[{"url":"https:\/\/interpim.erresse-shop.it\/Import\/Prodotti\/bissell-crosswave-x7-plus-cordless-pet-select.jpg","type":"","width":"","height":""},{"url":"https:\/\/interpim.erresse-shop.it\/Import\/Prodotti\/bissell-crosswave-x7-plus-cordless-pet-select.jpg","width":1024,"height":1024,"type":"image\/jpeg"}],"twitter_card":"summary_large_image","twitter_image":"https:\/\/interpim.erresse-shop.it\/Import\/Prodotti\/bissell-crosswave-x7-plus-cordless-pet-select.jpg","schema":{"@context":"https:\/\/schema.org","@graph":[{"@type":"WebPage","@id":"https:\/\/dev6.erresse-shop.it\/fr\/shop\/petits-electromenagers\/aspirateurs\/bissell-crosswave-x7-plus-cordless-pet-select\/","url":"https:\/\/dev6.erresse-shop.it\/fr\/shop\/petits-electromenagers\/aspirateurs\/bissell-crosswave-x7-plus-cordless-pet-select\/","name":"BISSELL Crosswave X7 Plus Cordless Pet Select - dev6 Erresse","isPartOf":{"@id":"https:\/\/dev6.erresse-shop.it\/#website"},"primaryImageOfPage":{"@id":"https:\/\/dev6.erresse-shop.it\/fr\/shop\/petits-electromenagers\/aspirateurs\/bissell-crosswave-x7-plus-cordless-pet-select\/#primaryimage"},"image":{"@id":"https:\/\/dev6.erresse-shop.it\/fr\/shop\/petits-electromenagers\/aspirateurs\/bissell-crosswave-x7-plus-cordless-pet-select\/#primaryimage"},"thumbnailUrl":"https:\/\/i3.wp.com\/interpim.erresse-shop.it\/Import\/Prodotti\/bissell-crosswave-x7-plus-cordless-pet-select.jpg?ssl=1","datePublished":"2026-04-12T08:00:23+00:00","description":"Le CrossWave X7 Plus Cordless Pet Select est id\u00e9al pour les foyers ayant des amis \u00e0 quatre pattes. Puissant et l\u00e9ger, cet appareil est la solution","breadcrumb":{"@id":"https:\/\/dev6.erresse-shop.it\/fr\/shop\/petits-electromenagers\/aspirateurs\/bissell-crosswave-x7-plus-cordless-pet-select\/#breadcrumb"},"inLanguage":"fr-FR","potentialAction":[{"@type":"ReadAction","target":["https:\/\/dev6.erresse-shop.it\/fr\/shop\/petits-electromenagers\/aspirateurs\/bissell-crosswave-x7-plus-cordless-pet-select\/"]}]},{"@type":"ImageObject","inLanguage":"fr-FR","@id":"https:\/\/dev6.erresse-shop.it\/fr\/shop\/petits-electromenagers\/aspirateurs\/bissell-crosswave-x7-plus-cordless-pet-select\/#primaryimage","url":"https:\/\/i3.wp.com\/interpim.erresse-shop.it\/Import\/Prodotti\/bissell-crosswave-x7-plus-cordless-pet-select.jpg?ssl=1","contentUrl":"https:\/\/i3.wp.com\/interpim.erresse-shop.it\/Import\/Prodotti\/bissell-crosswave-x7-plus-cordless-pet-select.jpg?ssl=1"},{"@type":"BreadcrumbList","@id":"https:\/\/dev6.erresse-shop.it\/fr\/shop\/petits-electromenagers\/aspirateurs\/bissell-crosswave-x7-plus-cordless-pet-select\/#breadcrumb","itemListElement":[{"@type":"ListItem","position":1,"name":"Home","item":"https:\/\/dev6.erresse-shop.it\/"},{"@type":"ListItem","position":2,"name":"Boutique","item":"https:\/\/dev6.erresse-shop.it\/shop\/"},{"@type":"ListItem","position":3,"name":"BISSELL Crosswave X7 Plus Cordless Pet Select"}]},{"@type":"WebSite","@id":"https:\/\/dev6.erresse-shop.it\/#website","url":"https:\/\/dev6.erresse-shop.it\/","name":"Erresse Shop","description":"","publisher":{"@id":"https:\/\/dev6.erresse-shop.it\/#organization"},"potentialAction":[{"@type":"SearchAction","target":{"@type":"EntryPoint","urlTemplate":"https:\/\/dev6.erresse-shop.it\/?s={search_term_string}"},"query-input":{"@type":"PropertyValueSpecification","valueRequired":true,"valueName":"search_term_string"}}],"inLanguage":"fr-FR"},{"@type":"Organization","@id":"https:\/\/dev6.erresse-shop.it\/#organization","name":"Erresse Shop","url":"https:\/\/dev6.erresse-shop.it\/","logo":{"@type":"ImageObject","inLanguage":"fr-FR","@id":"https:\/\/dev6.erresse-shop.it\/#\/schema\/logo\/image\/","url":"https:\/\/dev6.erresse-shop.it\/wp-content\/uploads\/2025\/01\/LOGO-ERRESSE-CLASSICO.svg","contentUrl":"https:\/\/dev6.erresse-shop.it\/wp-content\/uploads\/2025\/01\/LOGO-ERRESSE-CLASSICO.svg","caption":"Erresse Shop"},"image":{"@id":"https:\/\/dev6.erresse-shop.it\/#\/schema\/logo\/image\/"}}]}},"df_price":"","df_sale_price":"","df_regular_price":"","df_image_link":"https:\/\/i3.wp.com\/interpim.erresse-shop.it\/Import\/Prodotti\/bissell-crosswave-x7-plus-cordless-pet-select.jpg?resize=300,300&ssl=1","fifu_image_url":"https:\/\/interpim.erresse-shop.it\/Import\/Prodotti\/bissell-crosswave-x7-plus-cordless-pet-select.jpg","_links":{"self":[{"href":"https:\/\/dev6.erresse-shop.it\/fr\/wp-json\/wp\/v2\/product\/62336","targetHints":{"allow":["GET"]}}],"collection":[{"href":"https:\/\/dev6.erresse-shop.it\/fr\/wp-json\/wp\/v2\/product"}],"about":[{"href":"https:\/\/dev6.erresse-shop.it\/fr\/wp-json\/wp\/v2\/types\/product"}],"wp:featuredmedia":[{"embeddable":true,"href":"https:\/\/dev6.erresse-shop.it\/fr\/wp-json\/wp\/v2\/media\/6364486"}],"wp:attachment":[{"href":"https:\/\/dev6.erresse-shop.it\/fr\/wp-json\/wp\/v2\/media?parent=62336"}],"wp:term":[{"taxonomy":"product_cat","embeddable":true,"href":"https:\/\/dev6.erresse-shop.it\/fr\/wp-json\/wp\/v2\/product_cat?post=62336"},{"taxonomy":"product_tag","embeddable":true,"href":"https:\/\/dev6.erresse-shop.it\/fr\/wp-json\/wp\/v2\/product_tag?post=62336"}],"curies":[{"name":"wp","href":"https:\/\/api.w.org\/{rel}","templated":true}]}}