{"id":62318,"date":"2026-04-12T10:00:23","date_gmt":"2026-04-12T08:00:23","guid":{"rendered":"https:\/\/dev6.erresse-shop.it\/shop\/non%20class\u00e9\/guzzini-ninfea-panier-a-linge-gris\/"},"modified":"2025-09-14T05:02:18","modified_gmt":"2025-09-14T03:02:18","slug":"guzzini-ninfea-panier-a-linge-gris","status":"publish","type":"product","link":"https:\/\/dev6.erresse-shop.it\/fr\/shop\/ameublement-maison\/salle-de-bain\/guzzini-ninfea-panier-a-linge-gris\/","title":{"rendered":"GUZZINI Ninfea Panier \u00e0 Linge Gris"},"content":{"rendered":"<p>Le spacieux panier \u00e0 linge Ninfea, aux lignes harmonieuses et rassurantes, s\u2019int\u00e8gre dans tous les int\u00e9rieurs. La pr\u00e9sence d\u2019ouvertures et le couvercle garantissent une bonne fonctionnalit\u00e9 gr\u00e2ce \u00e0 la ventilation continue du contenu. Le caract\u00e8re distinctif de la forme et les couleurs pr\u00e9cieuses dans lesquelles elle est propos\u00e9e en font un objet polyvalent et utile pour diff\u00e9rents types d\u2019utilisation. Elle est fabriqu\u00e9e en plastique recycl\u00e9 apr\u00e8s consommation et est antibact\u00e9rienne.<\/p>\n<p>D\u00e9tail Couleur : Gris<br \/>\nDimensions : \u00f843 x h65 cm<br \/>\nCapacit\u00e9 : 64 litres<br \/>\nMat\u00e9riau : 100% plastique recycl\u00e9<br \/>\nDesigner : Roberto Giacomucci<\/p>\n","protected":false},"excerpt":{"rendered":"<p>Le spacieux panier \u00e0 linge Ninfea, aux lignes harmonieuses et rassurantes, s\u2019int\u00e8gre dans tous les int\u00e9rieurs. La pr\u00e9sence d\u2019ouvertures et le couvercle garantissent une bonne fonctionnalit\u00e9 gr\u00e2ce \u00e0 la ventilation continue du contenu. Le caract\u00e8re distinctif de la forme et les couleurs pr\u00e9cieuses dans lesquelles elle est propos\u00e9e en font un objet polyvalent et utile [&hellip;]<\/p>\n","protected":false},"featured_media":6364446,"template":"","meta":{"_acf_changed":false},"product_cat":[11990,12074],"product_tag":[],"class_list":{"0":"post-62318","1":"product","2":"type-product","3":"status-publish","4":"has-post-thumbnail","6":"product_cat-ameublement-maison","7":"product_cat-salle-de-bain","9":"first","10":"instock","11":"sale","12":"taxable","13":"shipping-taxable","14":"purchasable","15":"product-type-simple","swatches":"rey-swatches","show_selected":"","stretch_labels":"rey-swatches--stretch-labels"},"acf":[],"yoast_head":"<!-- This site is optimized with the Yoast SEO plugin v25.4 - https:\/\/yoast.com\/wordpress\/plugins\/seo\/ -->\n<title>GUZZINI Ninfea Panier \u00e0 Linge Gris - dev6 Erresse<\/title>\n<meta name=\"description\" content=\"Le spacieux panier \u00e0 linge Ninfea, aux lignes harmonieuses et rassurantes, s\u2019int\u00e8gre dans tous les int\u00e9rieurs. La pr\u00e9sence d\u2019ouvertures et le couvercle\" \/>\n<meta name=\"robots\" content=\"noindex, follow, max-snippet:-1, max-image-preview:large, max-video-preview:-1\" \/>\n<meta property=\"og:locale\" content=\"fr_FR\" \/>\n<meta property=\"og:type\" content=\"article\" \/>\n<meta property=\"og:title\" content=\"GUZZINI Ninfea Panier \u00e0 Linge Gris - dev6 Erresse\" \/>\n<meta property=\"og:description\" content=\"Le spacieux panier \u00e0 linge Ninfea, aux lignes harmonieuses et rassurantes, s\u2019int\u00e8gre dans tous les int\u00e9rieurs. La pr\u00e9sence d\u2019ouvertures et le couvercle\" \/>\n<meta property=\"og:url\" content=\"https:\/\/dev6.erresse-shop.it\/fr\/shop\/ameublement-maison\/salle-de-bain\/guzzini-ninfea-panier-a-linge-gris\/\" \/>\n<meta property=\"og:site_name\" content=\"dev6 Erresse\" \/>\n<meta property=\"og:image\" content=\"https:\/\/interpim.erresse-shop.it\/Import\/Prodotti\/guzzini-ninfea-portabiancheria-grigio.jpg\" \/><meta property=\"og:image\" content=\"https:\/\/interpim.erresse-shop.it\/Import\/Prodotti\/guzzini-ninfea-portabiancheria-grigio.jpg\" \/>\n\t<meta property=\"og:image:width\" content=\"1024\" \/>\n\t<meta property=\"og:image:height\" content=\"1024\" \/>\n\t<meta property=\"og:image:type\" content=\"image\/jpeg\" \/>\n<meta name=\"twitter:card\" content=\"summary_large_image\" \/>\n<meta name=\"twitter:image\" content=\"https:\/\/interpim.erresse-shop.it\/Import\/Prodotti\/guzzini-ninfea-portabiancheria-grigio.jpg\" \/>\n<script type=\"application\/ld+json\" class=\"yoast-schema-graph\">{\"@context\":\"https:\/\/schema.org\",\"@graph\":[{\"@type\":\"WebPage\",\"@id\":\"https:\/\/dev6.erresse-shop.it\/fr\/shop\/ameublement-maison\/salle-de-bain\/guzzini-ninfea-panier-a-linge-gris\/\",\"url\":\"https:\/\/dev6.erresse-shop.it\/fr\/shop\/ameublement-maison\/salle-de-bain\/guzzini-ninfea-panier-a-linge-gris\/\",\"name\":\"GUZZINI Ninfea Panier \u00e0 Linge Gris - dev6 Erresse\",\"isPartOf\":{\"@id\":\"https:\/\/dev6.erresse-shop.it\/#website\"},\"primaryImageOfPage\":{\"@id\":\"https:\/\/dev6.erresse-shop.it\/fr\/shop\/ameublement-maison\/salle-de-bain\/guzzini-ninfea-panier-a-linge-gris\/#primaryimage\"},\"image\":{\"@id\":\"https:\/\/dev6.erresse-shop.it\/fr\/shop\/ameublement-maison\/salle-de-bain\/guzzini-ninfea-panier-a-linge-gris\/#primaryimage\"},\"thumbnailUrl\":\"https:\/\/i2.wp.com\/interpim.erresse-shop.it\/Import\/Prodotti\/guzzini-ninfea-portabiancheria-grigio.jpg?ssl=1\",\"datePublished\":\"2026-04-12T08:00:23+00:00\",\"description\":\"Le spacieux panier \u00e0 linge Ninfea, aux lignes harmonieuses et rassurantes, s\u2019int\u00e8gre dans tous les int\u00e9rieurs. La pr\u00e9sence d\u2019ouvertures et le couvercle\",\"breadcrumb\":{\"@id\":\"https:\/\/dev6.erresse-shop.it\/fr\/shop\/ameublement-maison\/salle-de-bain\/guzzini-ninfea-panier-a-linge-gris\/#breadcrumb\"},\"inLanguage\":\"fr-FR\",\"potentialAction\":[{\"@type\":\"ReadAction\",\"target\":[\"https:\/\/dev6.erresse-shop.it\/fr\/shop\/ameublement-maison\/salle-de-bain\/guzzini-ninfea-panier-a-linge-gris\/\"]}]},{\"@type\":\"ImageObject\",\"inLanguage\":\"fr-FR\",\"@id\":\"https:\/\/dev6.erresse-shop.it\/fr\/shop\/ameublement-maison\/salle-de-bain\/guzzini-ninfea-panier-a-linge-gris\/#primaryimage\",\"url\":\"https:\/\/i2.wp.com\/interpim.erresse-shop.it\/Import\/Prodotti\/guzzini-ninfea-portabiancheria-grigio.jpg?ssl=1\",\"contentUrl\":\"https:\/\/i2.wp.com\/interpim.erresse-shop.it\/Import\/Prodotti\/guzzini-ninfea-portabiancheria-grigio.jpg?ssl=1\"},{\"@type\":\"BreadcrumbList\",\"@id\":\"https:\/\/dev6.erresse-shop.it\/fr\/shop\/ameublement-maison\/salle-de-bain\/guzzini-ninfea-panier-a-linge-gris\/#breadcrumb\",\"itemListElement\":[{\"@type\":\"ListItem\",\"position\":1,\"name\":\"Home\",\"item\":\"https:\/\/dev6.erresse-shop.it\/\"},{\"@type\":\"ListItem\",\"position\":2,\"name\":\"Boutique\",\"item\":\"https:\/\/dev6.erresse-shop.it\/shop\/\"},{\"@type\":\"ListItem\",\"position\":3,\"name\":\"GUZZINI Ninfea Panier \u00e0 Linge Gris\"}]},{\"@type\":\"WebSite\",\"@id\":\"https:\/\/dev6.erresse-shop.it\/#website\",\"url\":\"https:\/\/dev6.erresse-shop.it\/\",\"name\":\"Erresse Shop\",\"description\":\"\",\"publisher\":{\"@id\":\"https:\/\/dev6.erresse-shop.it\/#organization\"},\"potentialAction\":[{\"@type\":\"SearchAction\",\"target\":{\"@type\":\"EntryPoint\",\"urlTemplate\":\"https:\/\/dev6.erresse-shop.it\/?s={search_term_string}\"},\"query-input\":{\"@type\":\"PropertyValueSpecification\",\"valueRequired\":true,\"valueName\":\"search_term_string\"}}],\"inLanguage\":\"fr-FR\"},{\"@type\":\"Organization\",\"@id\":\"https:\/\/dev6.erresse-shop.it\/#organization\",\"name\":\"Erresse Shop\",\"url\":\"https:\/\/dev6.erresse-shop.it\/\",\"logo\":{\"@type\":\"ImageObject\",\"inLanguage\":\"fr-FR\",\"@id\":\"https:\/\/dev6.erresse-shop.it\/#\/schema\/logo\/image\/\",\"url\":\"https:\/\/dev6.erresse-shop.it\/wp-content\/uploads\/2025\/01\/LOGO-ERRESSE-CLASSICO.svg\",\"contentUrl\":\"https:\/\/dev6.erresse-shop.it\/wp-content\/uploads\/2025\/01\/LOGO-ERRESSE-CLASSICO.svg\",\"caption\":\"Erresse Shop\"},\"image\":{\"@id\":\"https:\/\/dev6.erresse-shop.it\/#\/schema\/logo\/image\/\"}}]}<\/script>\n<!-- \/ Yoast SEO plugin. -->","yoast_head_json":{"title":"GUZZINI Ninfea Panier \u00e0 Linge Gris - dev6 Erresse","description":"Le spacieux panier \u00e0 linge Ninfea, aux lignes harmonieuses et rassurantes, s\u2019int\u00e8gre dans tous les int\u00e9rieurs. La pr\u00e9sence d\u2019ouvertures et le couvercle","robots":{"index":"noindex","follow":"follow","max-snippet":"max-snippet:-1","max-image-preview":"max-image-preview:large","max-video-preview":"max-video-preview:-1"},"og_locale":"fr_FR","og_type":"article","og_title":"GUZZINI Ninfea Panier \u00e0 Linge Gris - dev6 Erresse","og_description":"Le spacieux panier \u00e0 linge Ninfea, aux lignes harmonieuses et rassurantes, s\u2019int\u00e8gre dans tous les int\u00e9rieurs. La pr\u00e9sence d\u2019ouvertures et le couvercle","og_url":"https:\/\/dev6.erresse-shop.it\/fr\/shop\/ameublement-maison\/salle-de-bain\/guzzini-ninfea-panier-a-linge-gris\/","og_site_name":"dev6 Erresse","og_image":[{"url":"https:\/\/interpim.erresse-shop.it\/Import\/Prodotti\/guzzini-ninfea-portabiancheria-grigio.jpg","type":"","width":"","height":""},{"url":"https:\/\/interpim.erresse-shop.it\/Import\/Prodotti\/guzzini-ninfea-portabiancheria-grigio.jpg","width":1024,"height":1024,"type":"image\/jpeg"}],"twitter_card":"summary_large_image","twitter_image":"https:\/\/interpim.erresse-shop.it\/Import\/Prodotti\/guzzini-ninfea-portabiancheria-grigio.jpg","schema":{"@context":"https:\/\/schema.org","@graph":[{"@type":"WebPage","@id":"https:\/\/dev6.erresse-shop.it\/fr\/shop\/ameublement-maison\/salle-de-bain\/guzzini-ninfea-panier-a-linge-gris\/","url":"https:\/\/dev6.erresse-shop.it\/fr\/shop\/ameublement-maison\/salle-de-bain\/guzzini-ninfea-panier-a-linge-gris\/","name":"GUZZINI Ninfea Panier \u00e0 Linge Gris - dev6 Erresse","isPartOf":{"@id":"https:\/\/dev6.erresse-shop.it\/#website"},"primaryImageOfPage":{"@id":"https:\/\/dev6.erresse-shop.it\/fr\/shop\/ameublement-maison\/salle-de-bain\/guzzini-ninfea-panier-a-linge-gris\/#primaryimage"},"image":{"@id":"https:\/\/dev6.erresse-shop.it\/fr\/shop\/ameublement-maison\/salle-de-bain\/guzzini-ninfea-panier-a-linge-gris\/#primaryimage"},"thumbnailUrl":"https:\/\/i2.wp.com\/interpim.erresse-shop.it\/Import\/Prodotti\/guzzini-ninfea-portabiancheria-grigio.jpg?ssl=1","datePublished":"2026-04-12T08:00:23+00:00","description":"Le spacieux panier \u00e0 linge Ninfea, aux lignes harmonieuses et rassurantes, s\u2019int\u00e8gre dans tous les int\u00e9rieurs. La pr\u00e9sence d\u2019ouvertures et le couvercle","breadcrumb":{"@id":"https:\/\/dev6.erresse-shop.it\/fr\/shop\/ameublement-maison\/salle-de-bain\/guzzini-ninfea-panier-a-linge-gris\/#breadcrumb"},"inLanguage":"fr-FR","potentialAction":[{"@type":"ReadAction","target":["https:\/\/dev6.erresse-shop.it\/fr\/shop\/ameublement-maison\/salle-de-bain\/guzzini-ninfea-panier-a-linge-gris\/"]}]},{"@type":"ImageObject","inLanguage":"fr-FR","@id":"https:\/\/dev6.erresse-shop.it\/fr\/shop\/ameublement-maison\/salle-de-bain\/guzzini-ninfea-panier-a-linge-gris\/#primaryimage","url":"https:\/\/i2.wp.com\/interpim.erresse-shop.it\/Import\/Prodotti\/guzzini-ninfea-portabiancheria-grigio.jpg?ssl=1","contentUrl":"https:\/\/i2.wp.com\/interpim.erresse-shop.it\/Import\/Prodotti\/guzzini-ninfea-portabiancheria-grigio.jpg?ssl=1"},{"@type":"BreadcrumbList","@id":"https:\/\/dev6.erresse-shop.it\/fr\/shop\/ameublement-maison\/salle-de-bain\/guzzini-ninfea-panier-a-linge-gris\/#breadcrumb","itemListElement":[{"@type":"ListItem","position":1,"name":"Home","item":"https:\/\/dev6.erresse-shop.it\/"},{"@type":"ListItem","position":2,"name":"Boutique","item":"https:\/\/dev6.erresse-shop.it\/shop\/"},{"@type":"ListItem","position":3,"name":"GUZZINI Ninfea Panier \u00e0 Linge Gris"}]},{"@type":"WebSite","@id":"https:\/\/dev6.erresse-shop.it\/#website","url":"https:\/\/dev6.erresse-shop.it\/","name":"Erresse Shop","description":"","publisher":{"@id":"https:\/\/dev6.erresse-shop.it\/#organization"},"potentialAction":[{"@type":"SearchAction","target":{"@type":"EntryPoint","urlTemplate":"https:\/\/dev6.erresse-shop.it\/?s={search_term_string}"},"query-input":{"@type":"PropertyValueSpecification","valueRequired":true,"valueName":"search_term_string"}}],"inLanguage":"fr-FR"},{"@type":"Organization","@id":"https:\/\/dev6.erresse-shop.it\/#organization","name":"Erresse Shop","url":"https:\/\/dev6.erresse-shop.it\/","logo":{"@type":"ImageObject","inLanguage":"fr-FR","@id":"https:\/\/dev6.erresse-shop.it\/#\/schema\/logo\/image\/","url":"https:\/\/dev6.erresse-shop.it\/wp-content\/uploads\/2025\/01\/LOGO-ERRESSE-CLASSICO.svg","contentUrl":"https:\/\/dev6.erresse-shop.it\/wp-content\/uploads\/2025\/01\/LOGO-ERRESSE-CLASSICO.svg","caption":"Erresse Shop"},"image":{"@id":"https:\/\/dev6.erresse-shop.it\/#\/schema\/logo\/image\/"}}]}},"df_price":79,"df_sale_price":79,"df_regular_price":90.5,"df_image_link":"https:\/\/i2.wp.com\/interpim.erresse-shop.it\/Import\/Prodotti\/guzzini-ninfea-portabiancheria-grigio.jpg?resize=300,300&ssl=1","fifu_image_url":"https:\/\/interpim.erresse-shop.it\/Import\/Prodotti\/guzzini-ninfea-portabiancheria-grigio.jpg","_links":{"self":[{"href":"https:\/\/dev6.erresse-shop.it\/fr\/wp-json\/wp\/v2\/product\/62318","targetHints":{"allow":["GET"]}}],"collection":[{"href":"https:\/\/dev6.erresse-shop.it\/fr\/wp-json\/wp\/v2\/product"}],"about":[{"href":"https:\/\/dev6.erresse-shop.it\/fr\/wp-json\/wp\/v2\/types\/product"}],"wp:featuredmedia":[{"embeddable":true,"href":"https:\/\/dev6.erresse-shop.it\/fr\/wp-json\/wp\/v2\/media\/6364446"}],"wp:attachment":[{"href":"https:\/\/dev6.erresse-shop.it\/fr\/wp-json\/wp\/v2\/media?parent=62318"}],"wp:term":[{"taxonomy":"product_cat","embeddable":true,"href":"https:\/\/dev6.erresse-shop.it\/fr\/wp-json\/wp\/v2\/product_cat?post=62318"},{"taxonomy":"product_tag","embeddable":true,"href":"https:\/\/dev6.erresse-shop.it\/fr\/wp-json\/wp\/v2\/product_tag?post=62318"}],"curies":[{"name":"wp","href":"https:\/\/api.w.org\/{rel}","templated":true}]}}