{"id":62246,"date":"2026-04-12T13:05:20","date_gmt":"2026-04-12T11:05:20","guid":{"rendered":"https:\/\/dev6.erresse-shop.it\/shop\/non%20class\u00e9\/le-creuset-potspans-creme-de-nettoyage-250-ml\/"},"modified":"2025-09-14T06:34:49","modified_gmt":"2025-09-14T04:34:49","slug":"le-creuset-potspans-creme-de-nettoyage-250-ml","status":"publish","type":"product","link":"https:\/\/dev6.erresse-shop.it\/fr\/shop\/poeles-pots\/accessoires-fr-3\/le-creuset-potspans-creme-de-nettoyage-250-ml\/","title":{"rendered":"LE CREUSET Pots&#038;Pans Cr\u00e8me de Nettoyage 250 ml"},"content":{"rendered":"<p>Faites briller vos casseroles et po\u00eales en fonte vitrifi\u00e9e comme si elles \u00e9taient neuves gr\u00e2ce \u00e0 notre nettoyant sp\u00e9cial. Sp\u00e9cialement con\u00e7u pour les ustensiles de cuisine \u00e9maill\u00e9s et vitrifi\u00e9s. La formule haute performance prot\u00e8ge et nettoie en douceur vos casseroles et po\u00eales Le Creuset, en \u00e9liminant les r\u00e9sidus alimentaires tenaces et en rehaussant leur \u00e9clat.<\/p>\n","protected":false},"excerpt":{"rendered":"<p>Faites briller vos casseroles et po\u00eales en fonte vitrifi\u00e9e comme si elles \u00e9taient neuves gr\u00e2ce \u00e0 notre nettoyant sp\u00e9cial. Sp\u00e9cialement con\u00e7u pour les ustensiles de cuisine \u00e9maill\u00e9s et vitrifi\u00e9s. La formule haute performance prot\u00e8ge et nettoie en douceur vos casseroles et po\u00eales Le Creuset, en \u00e9liminant les r\u00e9sidus alimentaires tenaces et en rehaussant leur \u00e9clat.<\/p>\n","protected":false},"featured_media":6375961,"template":"","meta":{"_acf_changed":false},"product_cat":[12051,11991],"product_tag":[],"class_list":{"0":"post-62246","1":"product","2":"type-product","3":"status-publish","4":"has-post-thumbnail","6":"product_cat-accessoires-fr-3","7":"product_cat-poeles-pots","9":"first","10":"instock","11":"taxable","12":"shipping-taxable","13":"purchasable","14":"product-type-simple","swatches":"rey-swatches","show_selected":"","stretch_labels":"rey-swatches--stretch-labels"},"acf":[],"yoast_head":"<!-- This site is optimized with the Yoast SEO plugin v25.4 - https:\/\/yoast.com\/wordpress\/plugins\/seo\/ -->\n<title>LE CREUSET Pots&#038;Pans Cr\u00e8me de Nettoyage 250 ml - dev6 Erresse<\/title>\n<meta name=\"description\" content=\"Faites briller vos casseroles et po\u00eales en fonte vitrifi\u00e9e comme si elles \u00e9taient neuves gr\u00e2ce \u00e0 notre nettoyant sp\u00e9cial. Sp\u00e9cialement con\u00e7u pour les\" \/>\n<meta name=\"robots\" content=\"noindex, follow, max-snippet:-1, max-image-preview:large, max-video-preview:-1\" \/>\n<meta property=\"og:locale\" content=\"fr_FR\" \/>\n<meta property=\"og:type\" content=\"article\" \/>\n<meta property=\"og:title\" content=\"LE CREUSET Pots&#038;Pans Cr\u00e8me de Nettoyage 250 ml - dev6 Erresse\" \/>\n<meta property=\"og:description\" content=\"Faites briller vos casseroles et po\u00eales en fonte vitrifi\u00e9e comme si elles \u00e9taient neuves gr\u00e2ce \u00e0 notre nettoyant sp\u00e9cial. Sp\u00e9cialement con\u00e7u pour les\" \/>\n<meta property=\"og:url\" content=\"https:\/\/dev6.erresse-shop.it\/fr\/shop\/poeles-pots\/accessoires-fr-3\/le-creuset-potspans-creme-de-nettoyage-250-ml\/\" \/>\n<meta property=\"og:site_name\" content=\"dev6 Erresse\" \/>\n<meta property=\"og:image\" content=\"https:\/\/interpim.erresse-shop.it\/Import\/Prodotti\/le-creuset-potspans-crema-pulente-250-ml.jpg\" \/><meta property=\"og:image\" content=\"https:\/\/interpim.erresse-shop.it\/Import\/Prodotti\/le-creuset-potspans-crema-pulente-250-ml.jpg\" \/>\n\t<meta property=\"og:image:width\" content=\"1024\" \/>\n\t<meta property=\"og:image:height\" content=\"1024\" \/>\n\t<meta property=\"og:image:type\" content=\"image\/jpeg\" \/>\n<meta name=\"twitter:card\" content=\"summary_large_image\" \/>\n<meta name=\"twitter:image\" content=\"https:\/\/interpim.erresse-shop.it\/Import\/Prodotti\/le-creuset-potspans-crema-pulente-250-ml.jpg\" \/>\n<script type=\"application\/ld+json\" class=\"yoast-schema-graph\">{\"@context\":\"https:\/\/schema.org\",\"@graph\":[{\"@type\":\"WebPage\",\"@id\":\"https:\/\/dev6.erresse-shop.it\/fr\/shop\/poeles-pots\/accessoires-fr-3\/le-creuset-potspans-creme-de-nettoyage-250-ml\/\",\"url\":\"https:\/\/dev6.erresse-shop.it\/fr\/shop\/poeles-pots\/accessoires-fr-3\/le-creuset-potspans-creme-de-nettoyage-250-ml\/\",\"name\":\"LE CREUSET Pots&#038;Pans Cr\u00e8me de Nettoyage 250 ml - dev6 Erresse\",\"isPartOf\":{\"@id\":\"https:\/\/dev6.erresse-shop.it\/#website\"},\"primaryImageOfPage\":{\"@id\":\"https:\/\/dev6.erresse-shop.it\/fr\/shop\/poeles-pots\/accessoires-fr-3\/le-creuset-potspans-creme-de-nettoyage-250-ml\/#primaryimage\"},\"image\":{\"@id\":\"https:\/\/dev6.erresse-shop.it\/fr\/shop\/poeles-pots\/accessoires-fr-3\/le-creuset-potspans-creme-de-nettoyage-250-ml\/#primaryimage\"},\"thumbnailUrl\":\"https:\/\/i1.wp.com\/interpim.erresse-shop.it\/Import\/Prodotti\/le-creuset-potspans-crema-pulente-250-ml.jpg?ssl=1\",\"datePublished\":\"2026-04-12T11:05:20+00:00\",\"description\":\"Faites briller vos casseroles et po\u00eales en fonte vitrifi\u00e9e comme si elles \u00e9taient neuves gr\u00e2ce \u00e0 notre nettoyant sp\u00e9cial. Sp\u00e9cialement con\u00e7u pour les\",\"breadcrumb\":{\"@id\":\"https:\/\/dev6.erresse-shop.it\/fr\/shop\/poeles-pots\/accessoires-fr-3\/le-creuset-potspans-creme-de-nettoyage-250-ml\/#breadcrumb\"},\"inLanguage\":\"fr-FR\",\"potentialAction\":[{\"@type\":\"ReadAction\",\"target\":[\"https:\/\/dev6.erresse-shop.it\/fr\/shop\/poeles-pots\/accessoires-fr-3\/le-creuset-potspans-creme-de-nettoyage-250-ml\/\"]}]},{\"@type\":\"ImageObject\",\"inLanguage\":\"fr-FR\",\"@id\":\"https:\/\/dev6.erresse-shop.it\/fr\/shop\/poeles-pots\/accessoires-fr-3\/le-creuset-potspans-creme-de-nettoyage-250-ml\/#primaryimage\",\"url\":\"https:\/\/i1.wp.com\/interpim.erresse-shop.it\/Import\/Prodotti\/le-creuset-potspans-crema-pulente-250-ml.jpg?ssl=1\",\"contentUrl\":\"https:\/\/i1.wp.com\/interpim.erresse-shop.it\/Import\/Prodotti\/le-creuset-potspans-crema-pulente-250-ml.jpg?ssl=1\"},{\"@type\":\"BreadcrumbList\",\"@id\":\"https:\/\/dev6.erresse-shop.it\/fr\/shop\/poeles-pots\/accessoires-fr-3\/le-creuset-potspans-creme-de-nettoyage-250-ml\/#breadcrumb\",\"itemListElement\":[{\"@type\":\"ListItem\",\"position\":1,\"name\":\"Home\",\"item\":\"https:\/\/dev6.erresse-shop.it\/\"},{\"@type\":\"ListItem\",\"position\":2,\"name\":\"Boutique\",\"item\":\"https:\/\/dev6.erresse-shop.it\/shop\/\"},{\"@type\":\"ListItem\",\"position\":3,\"name\":\"LE CREUSET Pots&#038;Pans Cr\u00e8me de Nettoyage 250 ml\"}]},{\"@type\":\"WebSite\",\"@id\":\"https:\/\/dev6.erresse-shop.it\/#website\",\"url\":\"https:\/\/dev6.erresse-shop.it\/\",\"name\":\"Erresse Shop\",\"description\":\"\",\"publisher\":{\"@id\":\"https:\/\/dev6.erresse-shop.it\/#organization\"},\"potentialAction\":[{\"@type\":\"SearchAction\",\"target\":{\"@type\":\"EntryPoint\",\"urlTemplate\":\"https:\/\/dev6.erresse-shop.it\/?s={search_term_string}\"},\"query-input\":{\"@type\":\"PropertyValueSpecification\",\"valueRequired\":true,\"valueName\":\"search_term_string\"}}],\"inLanguage\":\"fr-FR\"},{\"@type\":\"Organization\",\"@id\":\"https:\/\/dev6.erresse-shop.it\/#organization\",\"name\":\"Erresse Shop\",\"url\":\"https:\/\/dev6.erresse-shop.it\/\",\"logo\":{\"@type\":\"ImageObject\",\"inLanguage\":\"fr-FR\",\"@id\":\"https:\/\/dev6.erresse-shop.it\/#\/schema\/logo\/image\/\",\"url\":\"https:\/\/dev6.erresse-shop.it\/wp-content\/uploads\/2025\/01\/LOGO-ERRESSE-CLASSICO.svg\",\"contentUrl\":\"https:\/\/dev6.erresse-shop.it\/wp-content\/uploads\/2025\/01\/LOGO-ERRESSE-CLASSICO.svg\",\"caption\":\"Erresse Shop\"},\"image\":{\"@id\":\"https:\/\/dev6.erresse-shop.it\/#\/schema\/logo\/image\/\"}}]}<\/script>\n<!-- \/ Yoast SEO plugin. -->","yoast_head_json":{"title":"LE CREUSET Pots&#038;Pans Cr\u00e8me de Nettoyage 250 ml - dev6 Erresse","description":"Faites briller vos casseroles et po\u00eales en fonte vitrifi\u00e9e comme si elles \u00e9taient neuves gr\u00e2ce \u00e0 notre nettoyant sp\u00e9cial. Sp\u00e9cialement con\u00e7u pour les","robots":{"index":"noindex","follow":"follow","max-snippet":"max-snippet:-1","max-image-preview":"max-image-preview:large","max-video-preview":"max-video-preview:-1"},"og_locale":"fr_FR","og_type":"article","og_title":"LE CREUSET Pots&#038;Pans Cr\u00e8me de Nettoyage 250 ml - dev6 Erresse","og_description":"Faites briller vos casseroles et po\u00eales en fonte vitrifi\u00e9e comme si elles \u00e9taient neuves gr\u00e2ce \u00e0 notre nettoyant sp\u00e9cial. Sp\u00e9cialement con\u00e7u pour les","og_url":"https:\/\/dev6.erresse-shop.it\/fr\/shop\/poeles-pots\/accessoires-fr-3\/le-creuset-potspans-creme-de-nettoyage-250-ml\/","og_site_name":"dev6 Erresse","og_image":[{"url":"https:\/\/interpim.erresse-shop.it\/Import\/Prodotti\/le-creuset-potspans-crema-pulente-250-ml.jpg","type":"","width":"","height":""},{"url":"https:\/\/interpim.erresse-shop.it\/Import\/Prodotti\/le-creuset-potspans-crema-pulente-250-ml.jpg","width":1024,"height":1024,"type":"image\/jpeg"}],"twitter_card":"summary_large_image","twitter_image":"https:\/\/interpim.erresse-shop.it\/Import\/Prodotti\/le-creuset-potspans-crema-pulente-250-ml.jpg","schema":{"@context":"https:\/\/schema.org","@graph":[{"@type":"WebPage","@id":"https:\/\/dev6.erresse-shop.it\/fr\/shop\/poeles-pots\/accessoires-fr-3\/le-creuset-potspans-creme-de-nettoyage-250-ml\/","url":"https:\/\/dev6.erresse-shop.it\/fr\/shop\/poeles-pots\/accessoires-fr-3\/le-creuset-potspans-creme-de-nettoyage-250-ml\/","name":"LE CREUSET Pots&#038;Pans Cr\u00e8me de Nettoyage 250 ml - dev6 Erresse","isPartOf":{"@id":"https:\/\/dev6.erresse-shop.it\/#website"},"primaryImageOfPage":{"@id":"https:\/\/dev6.erresse-shop.it\/fr\/shop\/poeles-pots\/accessoires-fr-3\/le-creuset-potspans-creme-de-nettoyage-250-ml\/#primaryimage"},"image":{"@id":"https:\/\/dev6.erresse-shop.it\/fr\/shop\/poeles-pots\/accessoires-fr-3\/le-creuset-potspans-creme-de-nettoyage-250-ml\/#primaryimage"},"thumbnailUrl":"https:\/\/i1.wp.com\/interpim.erresse-shop.it\/Import\/Prodotti\/le-creuset-potspans-crema-pulente-250-ml.jpg?ssl=1","datePublished":"2026-04-12T11:05:20+00:00","description":"Faites briller vos casseroles et po\u00eales en fonte vitrifi\u00e9e comme si elles \u00e9taient neuves gr\u00e2ce \u00e0 notre nettoyant sp\u00e9cial. Sp\u00e9cialement con\u00e7u pour les","breadcrumb":{"@id":"https:\/\/dev6.erresse-shop.it\/fr\/shop\/poeles-pots\/accessoires-fr-3\/le-creuset-potspans-creme-de-nettoyage-250-ml\/#breadcrumb"},"inLanguage":"fr-FR","potentialAction":[{"@type":"ReadAction","target":["https:\/\/dev6.erresse-shop.it\/fr\/shop\/poeles-pots\/accessoires-fr-3\/le-creuset-potspans-creme-de-nettoyage-250-ml\/"]}]},{"@type":"ImageObject","inLanguage":"fr-FR","@id":"https:\/\/dev6.erresse-shop.it\/fr\/shop\/poeles-pots\/accessoires-fr-3\/le-creuset-potspans-creme-de-nettoyage-250-ml\/#primaryimage","url":"https:\/\/i1.wp.com\/interpim.erresse-shop.it\/Import\/Prodotti\/le-creuset-potspans-crema-pulente-250-ml.jpg?ssl=1","contentUrl":"https:\/\/i1.wp.com\/interpim.erresse-shop.it\/Import\/Prodotti\/le-creuset-potspans-crema-pulente-250-ml.jpg?ssl=1"},{"@type":"BreadcrumbList","@id":"https:\/\/dev6.erresse-shop.it\/fr\/shop\/poeles-pots\/accessoires-fr-3\/le-creuset-potspans-creme-de-nettoyage-250-ml\/#breadcrumb","itemListElement":[{"@type":"ListItem","position":1,"name":"Home","item":"https:\/\/dev6.erresse-shop.it\/"},{"@type":"ListItem","position":2,"name":"Boutique","item":"https:\/\/dev6.erresse-shop.it\/shop\/"},{"@type":"ListItem","position":3,"name":"LE CREUSET Pots&#038;Pans Cr\u00e8me de Nettoyage 250 ml"}]},{"@type":"WebSite","@id":"https:\/\/dev6.erresse-shop.it\/#website","url":"https:\/\/dev6.erresse-shop.it\/","name":"Erresse Shop","description":"","publisher":{"@id":"https:\/\/dev6.erresse-shop.it\/#organization"},"potentialAction":[{"@type":"SearchAction","target":{"@type":"EntryPoint","urlTemplate":"https:\/\/dev6.erresse-shop.it\/?s={search_term_string}"},"query-input":{"@type":"PropertyValueSpecification","valueRequired":true,"valueName":"search_term_string"}}],"inLanguage":"fr-FR"},{"@type":"Organization","@id":"https:\/\/dev6.erresse-shop.it\/#organization","name":"Erresse Shop","url":"https:\/\/dev6.erresse-shop.it\/","logo":{"@type":"ImageObject","inLanguage":"fr-FR","@id":"https:\/\/dev6.erresse-shop.it\/#\/schema\/logo\/image\/","url":"https:\/\/dev6.erresse-shop.it\/wp-content\/uploads\/2025\/01\/LOGO-ERRESSE-CLASSICO.svg","contentUrl":"https:\/\/dev6.erresse-shop.it\/wp-content\/uploads\/2025\/01\/LOGO-ERRESSE-CLASSICO.svg","caption":"Erresse Shop"},"image":{"@id":"https:\/\/dev6.erresse-shop.it\/#\/schema\/logo\/image\/"}}]}},"df_price":30,"df_sale_price":"","df_regular_price":30,"df_image_link":"https:\/\/i1.wp.com\/interpim.erresse-shop.it\/Import\/Prodotti\/le-creuset-potspans-crema-pulente-250-ml.jpg?resize=300,300&ssl=1","fifu_image_url":"https:\/\/interpim.erresse-shop.it\/Import\/Prodotti\/le-creuset-potspans-crema-pulente-250-ml.jpg","_links":{"self":[{"href":"https:\/\/dev6.erresse-shop.it\/fr\/wp-json\/wp\/v2\/product\/62246","targetHints":{"allow":["GET"]}}],"collection":[{"href":"https:\/\/dev6.erresse-shop.it\/fr\/wp-json\/wp\/v2\/product"}],"about":[{"href":"https:\/\/dev6.erresse-shop.it\/fr\/wp-json\/wp\/v2\/types\/product"}],"wp:featuredmedia":[{"embeddable":true,"href":"https:\/\/dev6.erresse-shop.it\/fr\/wp-json\/wp\/v2\/media\/6375961"}],"wp:attachment":[{"href":"https:\/\/dev6.erresse-shop.it\/fr\/wp-json\/wp\/v2\/media?parent=62246"}],"wp:term":[{"taxonomy":"product_cat","embeddable":true,"href":"https:\/\/dev6.erresse-shop.it\/fr\/wp-json\/wp\/v2\/product_cat?post=62246"},{"taxonomy":"product_tag","embeddable":true,"href":"https:\/\/dev6.erresse-shop.it\/fr\/wp-json\/wp\/v2\/product_tag?post=62246"}],"curies":[{"name":"wp","href":"https:\/\/api.w.org\/{rel}","templated":true}]}}