{"id":62220,"date":"2026-04-04T09:54:40","date_gmt":"2026-04-04T07:54:40","guid":{"rendered":"https:\/\/dev6.erresse-shop.it\/shop\/non%20class\u00e9\/guzzini-eco-packly-poubelle-pour-la-collecte-selective-jaune\/"},"modified":"2025-09-14T05:01:20","modified_gmt":"2025-09-14T03:01:20","slug":"guzzini-eco-packly-poubelle-pour-la-collecte-selective-jaune","status":"publish","type":"product","link":"https:\/\/dev6.erresse-shop.it\/fr\/shop\/ameublement-maison\/poubelles\/guzzini-eco-packly-poubelle-pour-la-collecte-selective-jaune\/","title":{"rendered":"GUZZINI Eco-Packly Poubelle pour la Collecte S\u00e9lective Jaune"},"content":{"rendered":"<p>EcoPackly, la poubelle innovante et peu encombrante avec son design pliable, est id\u00e9ale pour la collecte s\u00e9lective du papier, du plastique, du verre et du m\u00e9tal \u00e0 la maison. Lorsqu\u2019elle n\u2019est pas utilis\u00e9e, elle peut \u00eatre facilement pli\u00e9e et rang\u00e9e dans un espace r\u00e9duit. Lorsqu\u2019elle n\u2019est pas utilis\u00e9e, elle peut \u00eatre pli\u00e9e et rang\u00e9e dans un espace r\u00e9duit. Elle a une capacit\u00e9 de 25 litres et le design du bord sup\u00e9rieur permet d\u2019attacher le sac et de le ranger. Disponible en diff\u00e9rentes couleurs, il est facile \u00e0 nettoyer et les deux poign\u00e9es pratiques permettent de le transporter et de le vider confortablement. Il est fabriqu\u00e9 en plastique recycl\u00e9 apr\u00e8s consommation et 100 % recyclable. Son impact sur l\u2019environnement est r\u00e9duit m\u00eame pendant le transport et le stockage gr\u00e2ce \u00e0 sa structure pliable innovante qui r\u00e9duit son volume de 80 %.<\/p>\n<p>D\u00e9tail Couleur : Jaune<br \/>\nDimensions : 30x25xh45 cm (ouvert) | 30x5xh45 cm (ferm\u00e9)<br \/>\nCapacit\u00e9 : 25 litres<br \/>\nMat\u00e9riau : 100% plastique recycl\u00e9<br \/>\nDesigner : Roberto Giacomucci<\/p>\n","protected":false},"excerpt":{"rendered":"<p>EcoPackly, la poubelle innovante et peu encombrante avec son design pliable, est id\u00e9ale pour la collecte s\u00e9lective du papier, du plastique, du verre et du m\u00e9tal \u00e0 la maison. Lorsqu\u2019elle n\u2019est pas utilis\u00e9e, elle peut \u00eatre facilement pli\u00e9e et rang\u00e9e dans un espace r\u00e9duit. Lorsqu\u2019elle n\u2019est pas utilis\u00e9e, elle peut \u00eatre pli\u00e9e et rang\u00e9e dans [&hellip;]<\/p>\n","protected":false},"featured_media":6281018,"template":"","meta":{"_acf_changed":false},"product_cat":[11990,11666,12029],"product_tag":[],"class_list":{"0":"post-62220","1":"product","2":"type-product","3":"status-publish","4":"has-post-thumbnail","6":"product_cat-ameublement-maison","7":"product_cat-arredamento-casa","8":"product_cat-poubelles","10":"first","11":"instock","12":"taxable","13":"shipping-taxable","14":"purchasable","15":"product-type-simple","swatches":"rey-swatches","show_selected":"","stretch_labels":"rey-swatches--stretch-labels"},"acf":[],"yoast_head":"<!-- This site is optimized with the Yoast SEO plugin v25.4 - https:\/\/yoast.com\/wordpress\/plugins\/seo\/ -->\n<title>GUZZINI Eco-Packly Poubelle pour la Collecte S\u00e9lective Jaune - dev6 Erresse<\/title>\n<meta name=\"description\" content=\"EcoPackly, la poubelle innovante et peu encombrante avec son design pliable, est id\u00e9ale pour la collecte s\u00e9lective du papier, du plastique, du verre et du\" \/>\n<meta name=\"robots\" content=\"noindex, follow, max-snippet:-1, max-image-preview:large, max-video-preview:-1\" \/>\n<meta property=\"og:locale\" content=\"fr_FR\" \/>\n<meta property=\"og:type\" content=\"article\" \/>\n<meta property=\"og:title\" content=\"GUZZINI Eco-Packly Poubelle pour la Collecte S\u00e9lective Jaune - dev6 Erresse\" \/>\n<meta property=\"og:description\" content=\"EcoPackly, la poubelle innovante et peu encombrante avec son design pliable, est id\u00e9ale pour la collecte s\u00e9lective du papier, du plastique, du verre et du\" \/>\n<meta property=\"og:url\" content=\"https:\/\/dev6.erresse-shop.it\/fr\/shop\/ameublement-maison\/poubelles\/guzzini-eco-packly-poubelle-pour-la-collecte-selective-jaune\/\" \/>\n<meta property=\"og:site_name\" content=\"dev6 Erresse\" \/>\n<meta property=\"og:image\" content=\"https:\/\/interpim.erresse-shop.it\/Import\/Prodotti\/guzzini-eco-packly-pattumiera-per-raccolta-differenziata-giallo.jpg\" \/><meta property=\"og:image\" content=\"https:\/\/interpim.erresse-shop.it\/Import\/Prodotti\/guzzini-eco-packly-pattumiera-per-raccolta-differenziata-giallo.jpg\" \/>\n\t<meta property=\"og:image:width\" content=\"1024\" \/>\n\t<meta property=\"og:image:height\" content=\"1024\" \/>\n\t<meta property=\"og:image:type\" content=\"image\/jpeg\" \/>\n<meta name=\"twitter:card\" content=\"summary_large_image\" \/>\n<meta name=\"twitter:image\" content=\"https:\/\/interpim.erresse-shop.it\/Import\/Prodotti\/guzzini-eco-packly-pattumiera-per-raccolta-differenziata-giallo.jpg\" \/>\n<script type=\"application\/ld+json\" class=\"yoast-schema-graph\">{\"@context\":\"https:\/\/schema.org\",\"@graph\":[{\"@type\":\"WebPage\",\"@id\":\"https:\/\/dev6.erresse-shop.it\/fr\/shop\/ameublement-maison\/poubelles\/guzzini-eco-packly-poubelle-pour-la-collecte-selective-jaune\/\",\"url\":\"https:\/\/dev6.erresse-shop.it\/fr\/shop\/ameublement-maison\/poubelles\/guzzini-eco-packly-poubelle-pour-la-collecte-selective-jaune\/\",\"name\":\"GUZZINI Eco-Packly Poubelle pour la Collecte S\u00e9lective Jaune - dev6 Erresse\",\"isPartOf\":{\"@id\":\"https:\/\/dev6.erresse-shop.it\/#website\"},\"primaryImageOfPage\":{\"@id\":\"https:\/\/dev6.erresse-shop.it\/fr\/shop\/ameublement-maison\/poubelles\/guzzini-eco-packly-poubelle-pour-la-collecte-selective-jaune\/#primaryimage\"},\"image\":{\"@id\":\"https:\/\/dev6.erresse-shop.it\/fr\/shop\/ameublement-maison\/poubelles\/guzzini-eco-packly-poubelle-pour-la-collecte-selective-jaune\/#primaryimage\"},\"thumbnailUrl\":\"https:\/\/i3.wp.com\/interpim.erresse-shop.it\/Import\/Prodotti\/guzzini-eco-packly-pattumiera-per-raccolta-differenziata-giallo.jpg?ssl=1\",\"datePublished\":\"2026-04-04T07:54:40+00:00\",\"description\":\"EcoPackly, la poubelle innovante et peu encombrante avec son design pliable, est id\u00e9ale pour la collecte s\u00e9lective du papier, du plastique, du verre et du\",\"breadcrumb\":{\"@id\":\"https:\/\/dev6.erresse-shop.it\/fr\/shop\/ameublement-maison\/poubelles\/guzzini-eco-packly-poubelle-pour-la-collecte-selective-jaune\/#breadcrumb\"},\"inLanguage\":\"fr-FR\",\"potentialAction\":[{\"@type\":\"ReadAction\",\"target\":[\"https:\/\/dev6.erresse-shop.it\/fr\/shop\/ameublement-maison\/poubelles\/guzzini-eco-packly-poubelle-pour-la-collecte-selective-jaune\/\"]}]},{\"@type\":\"ImageObject\",\"inLanguage\":\"fr-FR\",\"@id\":\"https:\/\/dev6.erresse-shop.it\/fr\/shop\/ameublement-maison\/poubelles\/guzzini-eco-packly-poubelle-pour-la-collecte-selective-jaune\/#primaryimage\",\"url\":\"https:\/\/i3.wp.com\/interpim.erresse-shop.it\/Import\/Prodotti\/guzzini-eco-packly-pattumiera-per-raccolta-differenziata-giallo.jpg?ssl=1\",\"contentUrl\":\"https:\/\/i3.wp.com\/interpim.erresse-shop.it\/Import\/Prodotti\/guzzini-eco-packly-pattumiera-per-raccolta-differenziata-giallo.jpg?ssl=1\"},{\"@type\":\"BreadcrumbList\",\"@id\":\"https:\/\/dev6.erresse-shop.it\/fr\/shop\/ameublement-maison\/poubelles\/guzzini-eco-packly-poubelle-pour-la-collecte-selective-jaune\/#breadcrumb\",\"itemListElement\":[{\"@type\":\"ListItem\",\"position\":1,\"name\":\"Home\",\"item\":\"https:\/\/dev6.erresse-shop.it\/\"},{\"@type\":\"ListItem\",\"position\":2,\"name\":\"Boutique\",\"item\":\"https:\/\/dev6.erresse-shop.it\/shop\/\"},{\"@type\":\"ListItem\",\"position\":3,\"name\":\"GUZZINI Eco-Packly Poubelle pour la Collecte S\u00e9lective Jaune\"}]},{\"@type\":\"WebSite\",\"@id\":\"https:\/\/dev6.erresse-shop.it\/#website\",\"url\":\"https:\/\/dev6.erresse-shop.it\/\",\"name\":\"Erresse Shop\",\"description\":\"\",\"publisher\":{\"@id\":\"https:\/\/dev6.erresse-shop.it\/#organization\"},\"potentialAction\":[{\"@type\":\"SearchAction\",\"target\":{\"@type\":\"EntryPoint\",\"urlTemplate\":\"https:\/\/dev6.erresse-shop.it\/?s={search_term_string}\"},\"query-input\":{\"@type\":\"PropertyValueSpecification\",\"valueRequired\":true,\"valueName\":\"search_term_string\"}}],\"inLanguage\":\"fr-FR\"},{\"@type\":\"Organization\",\"@id\":\"https:\/\/dev6.erresse-shop.it\/#organization\",\"name\":\"Erresse Shop\",\"url\":\"https:\/\/dev6.erresse-shop.it\/\",\"logo\":{\"@type\":\"ImageObject\",\"inLanguage\":\"fr-FR\",\"@id\":\"https:\/\/dev6.erresse-shop.it\/#\/schema\/logo\/image\/\",\"url\":\"https:\/\/dev6.erresse-shop.it\/wp-content\/uploads\/2025\/01\/LOGO-ERRESSE-CLASSICO.svg\",\"contentUrl\":\"https:\/\/dev6.erresse-shop.it\/wp-content\/uploads\/2025\/01\/LOGO-ERRESSE-CLASSICO.svg\",\"caption\":\"Erresse Shop\"},\"image\":{\"@id\":\"https:\/\/dev6.erresse-shop.it\/#\/schema\/logo\/image\/\"}}]}<\/script>\n<!-- \/ Yoast SEO plugin. -->","yoast_head_json":{"title":"GUZZINI Eco-Packly Poubelle pour la Collecte S\u00e9lective Jaune - dev6 Erresse","description":"EcoPackly, la poubelle innovante et peu encombrante avec son design pliable, est id\u00e9ale pour la collecte s\u00e9lective du papier, du plastique, du verre et du","robots":{"index":"noindex","follow":"follow","max-snippet":"max-snippet:-1","max-image-preview":"max-image-preview:large","max-video-preview":"max-video-preview:-1"},"og_locale":"fr_FR","og_type":"article","og_title":"GUZZINI Eco-Packly Poubelle pour la Collecte S\u00e9lective Jaune - dev6 Erresse","og_description":"EcoPackly, la poubelle innovante et peu encombrante avec son design pliable, est id\u00e9ale pour la collecte s\u00e9lective du papier, du plastique, du verre et du","og_url":"https:\/\/dev6.erresse-shop.it\/fr\/shop\/ameublement-maison\/poubelles\/guzzini-eco-packly-poubelle-pour-la-collecte-selective-jaune\/","og_site_name":"dev6 Erresse","og_image":[{"url":"https:\/\/interpim.erresse-shop.it\/Import\/Prodotti\/guzzini-eco-packly-pattumiera-per-raccolta-differenziata-giallo.jpg","type":"","width":"","height":""},{"url":"https:\/\/interpim.erresse-shop.it\/Import\/Prodotti\/guzzini-eco-packly-pattumiera-per-raccolta-differenziata-giallo.jpg","width":1024,"height":1024,"type":"image\/jpeg"}],"twitter_card":"summary_large_image","twitter_image":"https:\/\/interpim.erresse-shop.it\/Import\/Prodotti\/guzzini-eco-packly-pattumiera-per-raccolta-differenziata-giallo.jpg","schema":{"@context":"https:\/\/schema.org","@graph":[{"@type":"WebPage","@id":"https:\/\/dev6.erresse-shop.it\/fr\/shop\/ameublement-maison\/poubelles\/guzzini-eco-packly-poubelle-pour-la-collecte-selective-jaune\/","url":"https:\/\/dev6.erresse-shop.it\/fr\/shop\/ameublement-maison\/poubelles\/guzzini-eco-packly-poubelle-pour-la-collecte-selective-jaune\/","name":"GUZZINI Eco-Packly Poubelle pour la Collecte S\u00e9lective Jaune - dev6 Erresse","isPartOf":{"@id":"https:\/\/dev6.erresse-shop.it\/#website"},"primaryImageOfPage":{"@id":"https:\/\/dev6.erresse-shop.it\/fr\/shop\/ameublement-maison\/poubelles\/guzzini-eco-packly-poubelle-pour-la-collecte-selective-jaune\/#primaryimage"},"image":{"@id":"https:\/\/dev6.erresse-shop.it\/fr\/shop\/ameublement-maison\/poubelles\/guzzini-eco-packly-poubelle-pour-la-collecte-selective-jaune\/#primaryimage"},"thumbnailUrl":"https:\/\/i3.wp.com\/interpim.erresse-shop.it\/Import\/Prodotti\/guzzini-eco-packly-pattumiera-per-raccolta-differenziata-giallo.jpg?ssl=1","datePublished":"2026-04-04T07:54:40+00:00","description":"EcoPackly, la poubelle innovante et peu encombrante avec son design pliable, est id\u00e9ale pour la collecte s\u00e9lective du papier, du plastique, du verre et du","breadcrumb":{"@id":"https:\/\/dev6.erresse-shop.it\/fr\/shop\/ameublement-maison\/poubelles\/guzzini-eco-packly-poubelle-pour-la-collecte-selective-jaune\/#breadcrumb"},"inLanguage":"fr-FR","potentialAction":[{"@type":"ReadAction","target":["https:\/\/dev6.erresse-shop.it\/fr\/shop\/ameublement-maison\/poubelles\/guzzini-eco-packly-poubelle-pour-la-collecte-selective-jaune\/"]}]},{"@type":"ImageObject","inLanguage":"fr-FR","@id":"https:\/\/dev6.erresse-shop.it\/fr\/shop\/ameublement-maison\/poubelles\/guzzini-eco-packly-poubelle-pour-la-collecte-selective-jaune\/#primaryimage","url":"https:\/\/i3.wp.com\/interpim.erresse-shop.it\/Import\/Prodotti\/guzzini-eco-packly-pattumiera-per-raccolta-differenziata-giallo.jpg?ssl=1","contentUrl":"https:\/\/i3.wp.com\/interpim.erresse-shop.it\/Import\/Prodotti\/guzzini-eco-packly-pattumiera-per-raccolta-differenziata-giallo.jpg?ssl=1"},{"@type":"BreadcrumbList","@id":"https:\/\/dev6.erresse-shop.it\/fr\/shop\/ameublement-maison\/poubelles\/guzzini-eco-packly-poubelle-pour-la-collecte-selective-jaune\/#breadcrumb","itemListElement":[{"@type":"ListItem","position":1,"name":"Home","item":"https:\/\/dev6.erresse-shop.it\/"},{"@type":"ListItem","position":2,"name":"Boutique","item":"https:\/\/dev6.erresse-shop.it\/shop\/"},{"@type":"ListItem","position":3,"name":"GUZZINI Eco-Packly Poubelle pour la Collecte S\u00e9lective Jaune"}]},{"@type":"WebSite","@id":"https:\/\/dev6.erresse-shop.it\/#website","url":"https:\/\/dev6.erresse-shop.it\/","name":"Erresse Shop","description":"","publisher":{"@id":"https:\/\/dev6.erresse-shop.it\/#organization"},"potentialAction":[{"@type":"SearchAction","target":{"@type":"EntryPoint","urlTemplate":"https:\/\/dev6.erresse-shop.it\/?s={search_term_string}"},"query-input":{"@type":"PropertyValueSpecification","valueRequired":true,"valueName":"search_term_string"}}],"inLanguage":"fr-FR"},{"@type":"Organization","@id":"https:\/\/dev6.erresse-shop.it\/#organization","name":"Erresse Shop","url":"https:\/\/dev6.erresse-shop.it\/","logo":{"@type":"ImageObject","inLanguage":"fr-FR","@id":"https:\/\/dev6.erresse-shop.it\/#\/schema\/logo\/image\/","url":"https:\/\/dev6.erresse-shop.it\/wp-content\/uploads\/2025\/01\/LOGO-ERRESSE-CLASSICO.svg","contentUrl":"https:\/\/dev6.erresse-shop.it\/wp-content\/uploads\/2025\/01\/LOGO-ERRESSE-CLASSICO.svg","caption":"Erresse Shop"},"image":{"@id":"https:\/\/dev6.erresse-shop.it\/#\/schema\/logo\/image\/"}}]}},"df_price":24.9,"df_sale_price":"","df_regular_price":24.9,"df_image_link":"https:\/\/i3.wp.com\/interpim.erresse-shop.it\/Import\/Prodotti\/guzzini-eco-packly-pattumiera-per-raccolta-differenziata-giallo.jpg?resize=300,300&ssl=1","fifu_image_url":"https:\/\/interpim.erresse-shop.it\/Import\/Prodotti\/guzzini-eco-packly-pattumiera-per-raccolta-differenziata-giallo.jpg","_links":{"self":[{"href":"https:\/\/dev6.erresse-shop.it\/fr\/wp-json\/wp\/v2\/product\/62220","targetHints":{"allow":["GET"]}}],"collection":[{"href":"https:\/\/dev6.erresse-shop.it\/fr\/wp-json\/wp\/v2\/product"}],"about":[{"href":"https:\/\/dev6.erresse-shop.it\/fr\/wp-json\/wp\/v2\/types\/product"}],"wp:featuredmedia":[{"embeddable":true,"href":"https:\/\/dev6.erresse-shop.it\/fr\/wp-json\/wp\/v2\/media\/6281018"}],"wp:attachment":[{"href":"https:\/\/dev6.erresse-shop.it\/fr\/wp-json\/wp\/v2\/media?parent=62220"}],"wp:term":[{"taxonomy":"product_cat","embeddable":true,"href":"https:\/\/dev6.erresse-shop.it\/fr\/wp-json\/wp\/v2\/product_cat?post=62220"},{"taxonomy":"product_tag","embeddable":true,"href":"https:\/\/dev6.erresse-shop.it\/fr\/wp-json\/wp\/v2\/product_tag?post=62220"}],"curies":[{"name":"wp","href":"https:\/\/api.w.org\/{rel}","templated":true}]}}