{"id":62188,"date":"2026-04-12T09:57:03","date_gmt":"2026-04-12T07:57:03","guid":{"rendered":"https:\/\/dev6.erresse-shop.it\/shop\/non%20class\u00e9\/le-creuset-bouilloire-tradition-nectar\/"},"modified":"2025-09-14T05:01:00","modified_gmt":"2025-09-14T03:01:00","slug":"le-creuset-bouilloire-tradition-nectar","status":"publish","type":"product","link":"https:\/\/dev6.erresse-shop.it\/fr\/shop\/cuisine\/bouilloires\/le-creuset-bouilloire-tradition-nectar\/","title":{"rendered":"LE CREUSET Bouilloire Tradition Nectar"},"content":{"rendered":"<p>Envie d\u2019une tasse de caf\u00e9 ?<br \/>\nApportez une touche traditionnelle \u00e0 votre cuisine avec cette bouilloire classique qui \u00e9met un sifflement pour signaler l\u2019\u00e9bullition de l\u2019eau. Avec son fond renforc\u00e9, adapt\u00e9 aux plaques \u00e0 induction, votre eau est \u00e0 \u00e9bullition rapidement. Sa poign\u00e9e ergonomique et thermor\u00e9sistante vous permet de verser l\u2019eau facilement et en toute s\u00e9curit\u00e9. Fabriqu\u00e9e en acier \u00e9maill\u00e9, elle ajoute un \u00e9clat de couleur \u00e0 votre int\u00e9rieur.<\/p>\n<p>D\u00e8tails du Produit<br \/>\nCaract\u00e9ristiques<br \/>\nLes couleurs de l\u2019arc-en-ciel : disponible dans une sublime palette de couleurs acidul\u00e9es, notre gamme apporte un zeste de fantaisie \u00e0 votre cuisine.<br \/>\nHaute performance : nos bouilloires pr\u00e9sentent une base \u00e9largie pour monter \u00e0 \u00e9bullition plus rapidement.<br \/>\nLe summum de l\u2019excellence : nos produits sont fabriqu\u00e9s \u00e0 partir de mat\u00e9riaux haut de gamme dans des usines du monde entier, ce qui vous assure la qualit\u00e9 que vous \u00eates en droit d\u2019attendre d\u2019un produit Le Creuset.<\/p>\n<p>Mat\u00e9riau: Acier \u00e9maill\u00e9<br \/>\nFabriqu\u00e9 en: Tha\u00eflande<br \/>\nGarantie: 5 Ans<\/p>\n<p>Source de Chaleur<br \/>\nPlaque \u00e9lectrique<br \/>\nPlaque de cuisson en vitroc\u00e9ramique<br \/>\nGaz<br \/>\nInduction<\/p>\n<p>Dimensions<br \/>\nCapacit\u00e9: 2.1 L<br \/>\nLongueur: 27.3 cm<br \/>\nLargeur: 20.9 cm<br \/>\nHauteur: 25.1 cm<\/p>\n<p>Entretien et Utilisation<br \/>\nAvant la premi\u00e8re utilisation<br \/>\nPrenez plaisir \u00e0 d\u00e9baller votre nouvel achat ! (Avant toute chose, veillez \u00e0 retirer les \u00e9tiquettes et l\u2019emballage.)<br \/>\nLavez votre produit Le Creuset \u00e0 l\u2019eau chaude avec du liquide vaisselle, puis rincez-le et s\u00e9chez-le soigneusement.<br \/>\nAvant d\u2019utiliser votre bouilloire pour la premi\u00e8re fois, enlevez le couvercle, remplissez la bouilloire avec de l\u2019eau claire, faites-la bouillir, puis jetez-la.<br \/>\nNe la remplissez pas au-del\u00e0 du trait.<\/p>\n<p>Cuisine<br \/>\nPour les cuissons sur plaque \u00e0 induction, \u00e9vitez d\u2019utiliser la fonction \u00ab boost \u00bb, car elle ne doit \u00eatre utilis\u00e9e que pour chauffer rapidement de grands volumes d\u2019eau.<br \/>\nIl est pr\u00e9f\u00e9rable de soulever votre bouilloire pour la poser, l\u2019enlever ou la d\u00e9placer, au lieu de la faire glisser et de prendre le risque d\u2019endommager la base de la bouilloire ou le rev\u00eatement de votre plaque de cuisson.<br \/>\nNe faites jamais glisser le produit sur une plaque de cuisson\/plan de travail en verre, car cela pourrait endommager la base de l\u2019ustensile et rayer le verre. Il est pr\u00e9f\u00e9rable de toujours soulever votre ustensile pour le poser, l\u2019enlever ou le d\u00e9placer.<br \/>\nLorsque votre produit est chaud, posez-le sur un support thermor\u00e9sistant.<\/p>\n<p>Nettoyage<br \/>\n\u00c0 chaque utilisation, lavez votre bouilloire \u00e0 la main avec un liquide vaisselle doux. N\u2019utilisez jamais d\u2019\u00e9ponge avec rev\u00eatement abrasif ou de produits d\u00e9tergents agressifs qui pourraient endommager l\u2019\u00e9mail. Fini ? S\u00e9chez soigneusement votre bouilloire pour \u00e9viter tout d\u00e9p\u00f4t calcaire.<br \/>\nNe laissez pas d\u2019eau dans votre bouilloire lorsque vous ne l\u2019utilisez pas.<br \/>\nPour \u00e9liminer les d\u00e9p\u00f4ts de calcaire, remplissez la bouilloire jusqu\u2019au niveau maximal d\u2019un m\u00e9lange compos\u00e9 \u00e0 50 % d\u2019eau et \u00e0 50 % de vinaigre blanc que vous ferez bouillir 20 minutes. Si le d\u00e9p\u00f4t de calcaire r\u00e9siste, utilisez un d\u00e9tartrant doux.<br \/>\nS\u00e9chez-le bien ensuite et rangez-le dans un endroit sec.<\/p>\n<p>Utilisation<br \/>\nUtilisez le feu de cuisson de la taille la plus appropri\u00e9e \u00e0 votre produit pour \u00e9viter tout dommage ou risque de surchauffe.<br \/>\nSur les plaques de cuisson \u00e0 induction, n\u2019utilisez pas sur la fonction d\u2019arr\u00eat automatique. En cas de dysfonctionnement, toute l\u2019eau de la bouilloire pourrait s\u2019\u00e9vaporer, causant des dommages dus \u00e0 la surchauffe.<br \/>\nPour les bouilloires \u00e9quip\u00e9es d\u2019une poign\u00e9e rabattable, assurez-vous que la poign\u00e9e est bien en position haute avant de placer la bouilloire sur la source de chaleur afin d\u2019\u00e9viter toute surchauffe de la poign\u00e9e.<br \/>\nPositionnez correctement le couvercle pour prot\u00e9ger la poign\u00e9e de la vapeur.<br \/>\nVeillez toujours \u00e0 ce que le col et les indentations du couvercle soient dirig\u00e9s dans une direction oppos\u00e9e \u00e0 toute personne pr\u00e9sente dans la pi\u00e8ce.<br \/>\nNe laissez pas la bouilloire chauffer \u00e0 sec, cela entra\u00eenerait rapidement une surchauffe.<br \/>\nLorsque l\u2019eau arrive \u00e0 \u00e9bullition, n\u2019oubliez pas d\u2019\u00e9teindre la source de chaleur et de placer la bouilloire ailleurs.<br \/>\nVotre eau est \u00e0 \u00e9bullition ? Patientez 10 \u00e0 15 secondes avant de retirer la bouilloire du feu, puis versez l\u2019eau tranquillement. Ne retournez jamais la bouilloire. Veillez \u00e0 toujours bien enfoncer le bouton du couvercle.<br \/>\nAvant de remplir \u00e0 nouveau d\u2019eau froide votre bouilloire, laissez-la redescendre en temp\u00e9rature.<\/p>\n","protected":false},"excerpt":{"rendered":"<p>Envie d\u2019une tasse de caf\u00e9 ? Apportez une touche traditionnelle \u00e0 votre cuisine avec cette bouilloire classique qui \u00e9met un sifflement pour signaler l\u2019\u00e9bullition de l\u2019eau. Avec son fond renforc\u00e9, adapt\u00e9 aux plaques \u00e0 induction, votre eau est \u00e0 \u00e9bullition rapidement. Sa poign\u00e9e ergonomique et thermor\u00e9sistante vous permet de verser l\u2019eau facilement et en toute [&hellip;]<\/p>\n","protected":false},"featured_media":6364211,"template":"","meta":{"_acf_changed":false},"product_cat":[12005,11668,11992],"product_tag":[],"class_list":{"0":"post-62188","1":"product","2":"type-product","3":"status-publish","4":"has-post-thumbnail","6":"product_cat-bouilloires","7":"product_cat-cucina","8":"product_cat-cuisine","10":"first","11":"instock","12":"sale","13":"taxable","14":"shipping-taxable","15":"purchasable","16":"product-type-simple","swatches":"rey-swatches","show_selected":"","stretch_labels":"rey-swatches--stretch-labels"},"acf":[],"yoast_head":"<!-- This site is optimized with the Yoast SEO plugin v25.4 - https:\/\/yoast.com\/wordpress\/plugins\/seo\/ -->\n<title>LE CREUSET Bouilloire Tradition Nectar - dev6 Erresse<\/title>\n<meta name=\"description\" content=\"Envie d\u2019une tasse de caf\u00e9 ? Apportez une touche traditionnelle \u00e0 votre cuisine avec cette bouilloire classique qui \u00e9met un sifflement pour signaler\" \/>\n<meta name=\"robots\" content=\"noindex, follow, max-snippet:-1, max-image-preview:large, max-video-preview:-1\" \/>\n<meta property=\"og:locale\" content=\"fr_FR\" \/>\n<meta property=\"og:type\" content=\"article\" \/>\n<meta property=\"og:title\" content=\"LE CREUSET Bouilloire Tradition Nectar - dev6 Erresse\" \/>\n<meta property=\"og:description\" content=\"Envie d\u2019une tasse de caf\u00e9 ? Apportez une touche traditionnelle \u00e0 votre cuisine avec cette bouilloire classique qui \u00e9met un sifflement pour signaler\" \/>\n<meta property=\"og:url\" content=\"https:\/\/dev6.erresse-shop.it\/fr\/shop\/cuisine\/bouilloires\/le-creuset-bouilloire-tradition-nectar\/\" \/>\n<meta property=\"og:site_name\" content=\"dev6 Erresse\" \/>\n<meta property=\"og:image\" content=\"https:\/\/interpim.erresse-shop.it\/Import\/Prodotti\/le-creuset-bollitore-tradition-nectar.jpg\" \/><meta property=\"og:image\" content=\"https:\/\/interpim.erresse-shop.it\/Import\/Prodotti\/le-creuset-bollitore-tradition-nectar.jpg\" \/>\n\t<meta property=\"og:image:width\" content=\"1024\" \/>\n\t<meta property=\"og:image:height\" content=\"1024\" \/>\n\t<meta property=\"og:image:type\" content=\"image\/jpeg\" \/>\n<meta name=\"twitter:card\" content=\"summary_large_image\" \/>\n<meta name=\"twitter:image\" content=\"https:\/\/interpim.erresse-shop.it\/Import\/Prodotti\/le-creuset-bollitore-tradition-nectar.jpg\" \/>\n<script type=\"application\/ld+json\" class=\"yoast-schema-graph\">{\"@context\":\"https:\/\/schema.org\",\"@graph\":[{\"@type\":\"WebPage\",\"@id\":\"https:\/\/dev6.erresse-shop.it\/fr\/shop\/cuisine\/bouilloires\/le-creuset-bouilloire-tradition-nectar\/\",\"url\":\"https:\/\/dev6.erresse-shop.it\/fr\/shop\/cuisine\/bouilloires\/le-creuset-bouilloire-tradition-nectar\/\",\"name\":\"LE CREUSET Bouilloire Tradition Nectar - dev6 Erresse\",\"isPartOf\":{\"@id\":\"https:\/\/dev6.erresse-shop.it\/#website\"},\"primaryImageOfPage\":{\"@id\":\"https:\/\/dev6.erresse-shop.it\/fr\/shop\/cuisine\/bouilloires\/le-creuset-bouilloire-tradition-nectar\/#primaryimage\"},\"image\":{\"@id\":\"https:\/\/dev6.erresse-shop.it\/fr\/shop\/cuisine\/bouilloires\/le-creuset-bouilloire-tradition-nectar\/#primaryimage\"},\"thumbnailUrl\":\"https:\/\/i2.wp.com\/interpim.erresse-shop.it\/Import\/Prodotti\/le-creuset-bollitore-tradition-nectar.jpg?ssl=1\",\"datePublished\":\"2026-04-12T07:57:03+00:00\",\"description\":\"Envie d\u2019une tasse de caf\u00e9 ? Apportez une touche traditionnelle \u00e0 votre cuisine avec cette bouilloire classique qui \u00e9met un sifflement pour signaler\",\"breadcrumb\":{\"@id\":\"https:\/\/dev6.erresse-shop.it\/fr\/shop\/cuisine\/bouilloires\/le-creuset-bouilloire-tradition-nectar\/#breadcrumb\"},\"inLanguage\":\"fr-FR\",\"potentialAction\":[{\"@type\":\"ReadAction\",\"target\":[\"https:\/\/dev6.erresse-shop.it\/fr\/shop\/cuisine\/bouilloires\/le-creuset-bouilloire-tradition-nectar\/\"]}]},{\"@type\":\"ImageObject\",\"inLanguage\":\"fr-FR\",\"@id\":\"https:\/\/dev6.erresse-shop.it\/fr\/shop\/cuisine\/bouilloires\/le-creuset-bouilloire-tradition-nectar\/#primaryimage\",\"url\":\"https:\/\/i2.wp.com\/interpim.erresse-shop.it\/Import\/Prodotti\/le-creuset-bollitore-tradition-nectar.jpg?ssl=1\",\"contentUrl\":\"https:\/\/i2.wp.com\/interpim.erresse-shop.it\/Import\/Prodotti\/le-creuset-bollitore-tradition-nectar.jpg?ssl=1\"},{\"@type\":\"BreadcrumbList\",\"@id\":\"https:\/\/dev6.erresse-shop.it\/fr\/shop\/cuisine\/bouilloires\/le-creuset-bouilloire-tradition-nectar\/#breadcrumb\",\"itemListElement\":[{\"@type\":\"ListItem\",\"position\":1,\"name\":\"Home\",\"item\":\"https:\/\/dev6.erresse-shop.it\/\"},{\"@type\":\"ListItem\",\"position\":2,\"name\":\"Boutique\",\"item\":\"https:\/\/dev6.erresse-shop.it\/shop\/\"},{\"@type\":\"ListItem\",\"position\":3,\"name\":\"LE CREUSET Bouilloire Tradition Nectar\"}]},{\"@type\":\"WebSite\",\"@id\":\"https:\/\/dev6.erresse-shop.it\/#website\",\"url\":\"https:\/\/dev6.erresse-shop.it\/\",\"name\":\"Erresse Shop\",\"description\":\"\",\"publisher\":{\"@id\":\"https:\/\/dev6.erresse-shop.it\/#organization\"},\"potentialAction\":[{\"@type\":\"SearchAction\",\"target\":{\"@type\":\"EntryPoint\",\"urlTemplate\":\"https:\/\/dev6.erresse-shop.it\/?s={search_term_string}\"},\"query-input\":{\"@type\":\"PropertyValueSpecification\",\"valueRequired\":true,\"valueName\":\"search_term_string\"}}],\"inLanguage\":\"fr-FR\"},{\"@type\":\"Organization\",\"@id\":\"https:\/\/dev6.erresse-shop.it\/#organization\",\"name\":\"Erresse Shop\",\"url\":\"https:\/\/dev6.erresse-shop.it\/\",\"logo\":{\"@type\":\"ImageObject\",\"inLanguage\":\"fr-FR\",\"@id\":\"https:\/\/dev6.erresse-shop.it\/#\/schema\/logo\/image\/\",\"url\":\"https:\/\/dev6.erresse-shop.it\/wp-content\/uploads\/2025\/01\/LOGO-ERRESSE-CLASSICO.svg\",\"contentUrl\":\"https:\/\/dev6.erresse-shop.it\/wp-content\/uploads\/2025\/01\/LOGO-ERRESSE-CLASSICO.svg\",\"caption\":\"Erresse Shop\"},\"image\":{\"@id\":\"https:\/\/dev6.erresse-shop.it\/#\/schema\/logo\/image\/\"}}]}<\/script>\n<!-- \/ Yoast SEO plugin. -->","yoast_head_json":{"title":"LE CREUSET Bouilloire Tradition Nectar - dev6 Erresse","description":"Envie d\u2019une tasse de caf\u00e9 ? Apportez une touche traditionnelle \u00e0 votre cuisine avec cette bouilloire classique qui \u00e9met un sifflement pour signaler","robots":{"index":"noindex","follow":"follow","max-snippet":"max-snippet:-1","max-image-preview":"max-image-preview:large","max-video-preview":"max-video-preview:-1"},"og_locale":"fr_FR","og_type":"article","og_title":"LE CREUSET Bouilloire Tradition Nectar - dev6 Erresse","og_description":"Envie d\u2019une tasse de caf\u00e9 ? Apportez une touche traditionnelle \u00e0 votre cuisine avec cette bouilloire classique qui \u00e9met un sifflement pour signaler","og_url":"https:\/\/dev6.erresse-shop.it\/fr\/shop\/cuisine\/bouilloires\/le-creuset-bouilloire-tradition-nectar\/","og_site_name":"dev6 Erresse","og_image":[{"url":"https:\/\/interpim.erresse-shop.it\/Import\/Prodotti\/le-creuset-bollitore-tradition-nectar.jpg","type":"","width":"","height":""},{"url":"https:\/\/interpim.erresse-shop.it\/Import\/Prodotti\/le-creuset-bollitore-tradition-nectar.jpg","width":1024,"height":1024,"type":"image\/jpeg"}],"twitter_card":"summary_large_image","twitter_image":"https:\/\/interpim.erresse-shop.it\/Import\/Prodotti\/le-creuset-bollitore-tradition-nectar.jpg","schema":{"@context":"https:\/\/schema.org","@graph":[{"@type":"WebPage","@id":"https:\/\/dev6.erresse-shop.it\/fr\/shop\/cuisine\/bouilloires\/le-creuset-bouilloire-tradition-nectar\/","url":"https:\/\/dev6.erresse-shop.it\/fr\/shop\/cuisine\/bouilloires\/le-creuset-bouilloire-tradition-nectar\/","name":"LE CREUSET Bouilloire Tradition Nectar - dev6 Erresse","isPartOf":{"@id":"https:\/\/dev6.erresse-shop.it\/#website"},"primaryImageOfPage":{"@id":"https:\/\/dev6.erresse-shop.it\/fr\/shop\/cuisine\/bouilloires\/le-creuset-bouilloire-tradition-nectar\/#primaryimage"},"image":{"@id":"https:\/\/dev6.erresse-shop.it\/fr\/shop\/cuisine\/bouilloires\/le-creuset-bouilloire-tradition-nectar\/#primaryimage"},"thumbnailUrl":"https:\/\/i2.wp.com\/interpim.erresse-shop.it\/Import\/Prodotti\/le-creuset-bollitore-tradition-nectar.jpg?ssl=1","datePublished":"2026-04-12T07:57:03+00:00","description":"Envie d\u2019une tasse de caf\u00e9 ? Apportez une touche traditionnelle \u00e0 votre cuisine avec cette bouilloire classique qui \u00e9met un sifflement pour signaler","breadcrumb":{"@id":"https:\/\/dev6.erresse-shop.it\/fr\/shop\/cuisine\/bouilloires\/le-creuset-bouilloire-tradition-nectar\/#breadcrumb"},"inLanguage":"fr-FR","potentialAction":[{"@type":"ReadAction","target":["https:\/\/dev6.erresse-shop.it\/fr\/shop\/cuisine\/bouilloires\/le-creuset-bouilloire-tradition-nectar\/"]}]},{"@type":"ImageObject","inLanguage":"fr-FR","@id":"https:\/\/dev6.erresse-shop.it\/fr\/shop\/cuisine\/bouilloires\/le-creuset-bouilloire-tradition-nectar\/#primaryimage","url":"https:\/\/i2.wp.com\/interpim.erresse-shop.it\/Import\/Prodotti\/le-creuset-bollitore-tradition-nectar.jpg?ssl=1","contentUrl":"https:\/\/i2.wp.com\/interpim.erresse-shop.it\/Import\/Prodotti\/le-creuset-bollitore-tradition-nectar.jpg?ssl=1"},{"@type":"BreadcrumbList","@id":"https:\/\/dev6.erresse-shop.it\/fr\/shop\/cuisine\/bouilloires\/le-creuset-bouilloire-tradition-nectar\/#breadcrumb","itemListElement":[{"@type":"ListItem","position":1,"name":"Home","item":"https:\/\/dev6.erresse-shop.it\/"},{"@type":"ListItem","position":2,"name":"Boutique","item":"https:\/\/dev6.erresse-shop.it\/shop\/"},{"@type":"ListItem","position":3,"name":"LE CREUSET Bouilloire Tradition Nectar"}]},{"@type":"WebSite","@id":"https:\/\/dev6.erresse-shop.it\/#website","url":"https:\/\/dev6.erresse-shop.it\/","name":"Erresse Shop","description":"","publisher":{"@id":"https:\/\/dev6.erresse-shop.it\/#organization"},"potentialAction":[{"@type":"SearchAction","target":{"@type":"EntryPoint","urlTemplate":"https:\/\/dev6.erresse-shop.it\/?s={search_term_string}"},"query-input":{"@type":"PropertyValueSpecification","valueRequired":true,"valueName":"search_term_string"}}],"inLanguage":"fr-FR"},{"@type":"Organization","@id":"https:\/\/dev6.erresse-shop.it\/#organization","name":"Erresse Shop","url":"https:\/\/dev6.erresse-shop.it\/","logo":{"@type":"ImageObject","inLanguage":"fr-FR","@id":"https:\/\/dev6.erresse-shop.it\/#\/schema\/logo\/image\/","url":"https:\/\/dev6.erresse-shop.it\/wp-content\/uploads\/2025\/01\/LOGO-ERRESSE-CLASSICO.svg","contentUrl":"https:\/\/dev6.erresse-shop.it\/wp-content\/uploads\/2025\/01\/LOGO-ERRESSE-CLASSICO.svg","caption":"Erresse Shop"},"image":{"@id":"https:\/\/dev6.erresse-shop.it\/#\/schema\/logo\/image\/"}}]}},"df_price":99.95,"df_sale_price":99.95,"df_regular_price":135,"df_image_link":"https:\/\/i2.wp.com\/interpim.erresse-shop.it\/Import\/Prodotti\/le-creuset-bollitore-tradition-nectar.jpg?resize=300,300&ssl=1","fifu_image_url":"https:\/\/interpim.erresse-shop.it\/Import\/Prodotti\/le-creuset-bollitore-tradition-nectar.jpg","_links":{"self":[{"href":"https:\/\/dev6.erresse-shop.it\/fr\/wp-json\/wp\/v2\/product\/62188","targetHints":{"allow":["GET"]}}],"collection":[{"href":"https:\/\/dev6.erresse-shop.it\/fr\/wp-json\/wp\/v2\/product"}],"about":[{"href":"https:\/\/dev6.erresse-shop.it\/fr\/wp-json\/wp\/v2\/types\/product"}],"wp:featuredmedia":[{"embeddable":true,"href":"https:\/\/dev6.erresse-shop.it\/fr\/wp-json\/wp\/v2\/media\/6364211"}],"wp:attachment":[{"href":"https:\/\/dev6.erresse-shop.it\/fr\/wp-json\/wp\/v2\/media?parent=62188"}],"wp:term":[{"taxonomy":"product_cat","embeddable":true,"href":"https:\/\/dev6.erresse-shop.it\/fr\/wp-json\/wp\/v2\/product_cat?post=62188"},{"taxonomy":"product_tag","embeddable":true,"href":"https:\/\/dev6.erresse-shop.it\/fr\/wp-json\/wp\/v2\/product_tag?post=62188"}],"curies":[{"name":"wp","href":"https:\/\/api.w.org\/{rel}","templated":true}]}}