{"id":62179,"date":"2026-04-12T09:57:03","date_gmt":"2026-04-12T07:57:03","guid":{"rendered":"https:\/\/dev6.erresse-shop.it\/shop\/non%20class\u00e9\/le-creuset-gril-rectangulaire-en-fonte-emaillee-3222-cm-flint\/"},"modified":"2025-07-04T17:12:29","modified_gmt":"2025-07-04T15:12:29","slug":"le-creuset-gril-rectangulaire-en-fonte-emaillee-3222-cm-flint","status":"publish","type":"product","link":"https:\/\/dev6.erresse-shop.it\/fr\/shop\/poeles-pots\/grils-a-steak\/le-creuset-gril-rectangulaire-en-fonte-emaillee-3222-cm-flint\/","title":{"rendered":"LE CREUSET Gril Rectangulaire en Fonte \u00c9maill\u00e9e 32&#215;22 cm Flint"},"content":{"rendered":"<p>UN BARBECUE IMPECCABLE<\/p>\n<p>Savourez tous les ar\u00f4mes et les saveurs des grillades en plein air dans votre cuisine. Avec cette grille en fonte vitrifi\u00e9e, il est facile de griller poulet, steaks, poissons, l\u00e9gumes et autres, en pr\u00e9servant les saveurs et les ar\u00f4mes et en obtenant un effet de grillade parfait. Gr\u00e2ce \u00e0 sa forme, il prend peu de place.<\/p>\n<p>Polyvalence : ce produit est adapt\u00e9 au mode four, cuisini\u00e8re et gril.<br \/>\nDes aliments savoureux : la fonte vitrifi\u00e9e retient la chaleur pour une cuisson et un brunissement homog\u00e8nes. Vos d\u00e9licieuses cr\u00e9ations resteront chaudes plus longtemps \u00e0 table.<br \/>\nRainures de gril : cr\u00e9ez d\u2019authentiques rangs \u00e0 effet barbecue pour des aliments d\u2019une grande qualit\u00e9.<br \/>\nPas trop chaud : cuisinez avec une chaleur constante faible \u00e0 moyenne pour prendre soin de votre produit en fonte vitrifi\u00e9e et obtenir de d\u00e9licieux r\u00e9sultats.<br \/>\nS\u2019am\u00e9liore avec le temps : l\u2019int\u00e9rieur vitrifi\u00e9 d\u00e9veloppe une patine naturelle qui agit presque comme une surface antiadh\u00e9sive. Sa finition poss\u00e8de des propri\u00e9t\u00e9s qui emp\u00eachent<br \/>\nles aliments de coller, m\u00eame avec de petites quantit\u00e9s d\u2019huile. Lavez le produit uniquement \u00e0 l\u2019eau pour permettre \u00e0 la patine de se d\u00e9velopper.<br \/>\nNos produits sont fabriqu\u00e9s \u00e0 partir des meilleurs mat\u00e9riaux dans des usines du monde entier pour garantir la qualit\u00e9 que vous attendez de Le Creuset.<\/p>\n<p>Mat\u00e9riau : fonte vitrifi\u00e9e<br \/>\nFabriqu\u00e9 en : France<br \/>\nGarantie : \u00e0 vie<\/p>\n<p>Source de chaleur :<\/p>\n<p>Four<br \/>\nMode gril du four<br \/>\nTable de cuisson \u00e9lectrique<br \/>\nC\u00e9ramique Verre<br \/>\nTable de cuisson \u00e0 gaz<br \/>\nTable de cuisson \u00e0 induction<\/p>\n<p>Nettoyage et entretien :<\/p>\n<p>Attendez que le produit refroidisse avant de commencer \u00e0 le nettoyer.<br \/>\nNettoyez les restes de nourriture sur la base et les c\u00f4t\u00e9s de l\u2019appareil. Si des aliments y sont coll\u00e9s, remplissez le produit d\u2019eau chaude savonneuse et laissez-le tremper pendant 15 \u00e0 20 minutes avant de le laver comme d\u2019habitude.<br \/>\nN\u2019utilisez pas de nettoyants abrasifs ni d\u2019\u00e9ponges ou de brosses m\u00e9talliques tr\u00e8s rigides sur aucune des surfaces.<br \/>\nBien s\u00e9cher apr\u00e8s le lavage et stocker dans un endroit sec.<\/p>\n","protected":false},"excerpt":{"rendered":"<p>UN BARBECUE IMPECCABLE Savourez tous les ar\u00f4mes et les saveurs des grillades en plein air dans votre cuisine. Avec cette grille en fonte vitrifi\u00e9e, il est facile de griller poulet, steaks, poissons, l\u00e9gumes et autres, en pr\u00e9servant les saveurs et les ar\u00f4mes et en obtenant un effet de grillade parfait. Gr\u00e2ce \u00e0 sa forme, il [&hellip;]<\/p>\n","protected":false},"featured_media":6364171,"template":"","meta":{"_acf_changed":false},"product_cat":[12020,11667,11991],"product_tag":[],"class_list":{"0":"post-62179","1":"product","2":"type-product","3":"status-publish","4":"has-post-thumbnail","6":"product_cat-grils-a-steak","7":"product_cat-padelle-pentole","8":"product_cat-poeles-pots","10":"first","11":"instock","12":"sale","13":"taxable","14":"shipping-taxable","15":"purchasable","16":"product-type-simple","swatches":"rey-swatches","show_selected":"","stretch_labels":"rey-swatches--stretch-labels"},"acf":[],"yoast_head":"<!-- This site is optimized with the Yoast SEO plugin v25.4 - https:\/\/yoast.com\/wordpress\/plugins\/seo\/ -->\n<title>LE CREUSET Gril Rectangulaire en Fonte \u00c9maill\u00e9e 32&#215;22 cm Flint - dev6 Erresse<\/title>\n<meta name=\"description\" content=\"UN BARBECUE IMPECCABLE Savourez tous les ar\u00f4mes et les saveurs des grillades en plein air dans votre cuisine. Avec cette grille en fonte vitrifi\u00e9e, il est\" \/>\n<meta name=\"robots\" content=\"noindex, follow, max-snippet:-1, max-image-preview:large, max-video-preview:-1\" \/>\n<meta property=\"og:locale\" content=\"fr_FR\" \/>\n<meta property=\"og:type\" content=\"article\" \/>\n<meta property=\"og:title\" content=\"LE CREUSET Gril Rectangulaire en Fonte \u00c9maill\u00e9e 32&#215;22 cm Flint - dev6 Erresse\" \/>\n<meta property=\"og:description\" content=\"UN BARBECUE IMPECCABLE Savourez tous les ar\u00f4mes et les saveurs des grillades en plein air dans votre cuisine. Avec cette grille en fonte vitrifi\u00e9e, il est\" \/>\n<meta property=\"og:url\" content=\"https:\/\/dev6.erresse-shop.it\/fr\/shop\/poeles-pots\/grils-a-steak\/le-creuset-gril-rectangulaire-en-fonte-emaillee-3222-cm-flint\/\" \/>\n<meta property=\"og:site_name\" content=\"dev6 Erresse\" \/>\n<meta property=\"og:image\" content=\"https:\/\/interpim.erresse-shop.it\/wp-content\/uploads\/2023\/10\/LE-CREUSET-Griglia-Rettangolare-in-Ghisa-32\u00d722-cm-Flint.jpg\/le-creuset-griglia-rettangolare-in-ghisa-32-c3-9722-cm-flint.jpg\" \/><meta property=\"og:image\" content=\"https:\/\/interpim.erresse-shop.it\/wp-content\/uploads\/2023\/10\/LE-CREUSET-Griglia-Rettangolare-in-Ghisa-32\u00d722-cm-Flint.jpg\/le-creuset-griglia-rettangolare-in-ghisa-32-c3-9722-cm-flint.jpg\" \/>\n\t<meta property=\"og:image:width\" content=\"1024\" \/>\n\t<meta property=\"og:image:height\" content=\"1024\" \/>\n\t<meta property=\"og:image:type\" content=\"image\/jpeg\" \/>\n<meta name=\"twitter:card\" content=\"summary_large_image\" \/>\n<meta name=\"twitter:image\" content=\"https:\/\/interpim.erresse-shop.it\/wp-content\/uploads\/2023\/10\/LE-CREUSET-Griglia-Rettangolare-in-Ghisa-32\u00d722-cm-Flint.jpg\/le-creuset-griglia-rettangolare-in-ghisa-32-c3-9722-cm-flint.jpg\" \/>\n<script type=\"application\/ld+json\" class=\"yoast-schema-graph\">{\"@context\":\"https:\/\/schema.org\",\"@graph\":[{\"@type\":\"WebPage\",\"@id\":\"https:\/\/dev6.erresse-shop.it\/fr\/shop\/poeles-pots\/grils-a-steak\/le-creuset-gril-rectangulaire-en-fonte-emaillee-3222-cm-flint\/\",\"url\":\"https:\/\/dev6.erresse-shop.it\/fr\/shop\/poeles-pots\/grils-a-steak\/le-creuset-gril-rectangulaire-en-fonte-emaillee-3222-cm-flint\/\",\"name\":\"LE CREUSET Gril Rectangulaire en Fonte \u00c9maill\u00e9e 32&#215;22 cm Flint - dev6 Erresse\",\"isPartOf\":{\"@id\":\"https:\/\/dev6.erresse-shop.it\/#website\"},\"primaryImageOfPage\":{\"@id\":\"https:\/\/dev6.erresse-shop.it\/fr\/shop\/poeles-pots\/grils-a-steak\/le-creuset-gril-rectangulaire-en-fonte-emaillee-3222-cm-flint\/#primaryimage\"},\"image\":{\"@id\":\"https:\/\/dev6.erresse-shop.it\/fr\/shop\/poeles-pots\/grils-a-steak\/le-creuset-gril-rectangulaire-en-fonte-emaillee-3222-cm-flint\/#primaryimage\"},\"thumbnailUrl\":\"https:\/\/i1.wp.com\/interpim.erresse-shop.it\/wp-content\/uploads\/2023\/10\/LE-CREUSET-Griglia-Rettangolare-in-Ghisa-32\u00d722-cm-Flint.jpg\/le-creuset-griglia-rettangolare-in-ghisa-32-c3-9722-cm-flint.jpg?ssl=1\",\"datePublished\":\"2026-04-12T07:57:03+00:00\",\"description\":\"UN BARBECUE IMPECCABLE Savourez tous les ar\u00f4mes et les saveurs des grillades en plein air dans votre cuisine. Avec cette grille en fonte vitrifi\u00e9e, il est\",\"breadcrumb\":{\"@id\":\"https:\/\/dev6.erresse-shop.it\/fr\/shop\/poeles-pots\/grils-a-steak\/le-creuset-gril-rectangulaire-en-fonte-emaillee-3222-cm-flint\/#breadcrumb\"},\"inLanguage\":\"fr-FR\",\"potentialAction\":[{\"@type\":\"ReadAction\",\"target\":[\"https:\/\/dev6.erresse-shop.it\/fr\/shop\/poeles-pots\/grils-a-steak\/le-creuset-gril-rectangulaire-en-fonte-emaillee-3222-cm-flint\/\"]}]},{\"@type\":\"ImageObject\",\"inLanguage\":\"fr-FR\",\"@id\":\"https:\/\/dev6.erresse-shop.it\/fr\/shop\/poeles-pots\/grils-a-steak\/le-creuset-gril-rectangulaire-en-fonte-emaillee-3222-cm-flint\/#primaryimage\",\"url\":\"https:\/\/i1.wp.com\/interpim.erresse-shop.it\/wp-content\/uploads\/2023\/10\/LE-CREUSET-Griglia-Rettangolare-in-Ghisa-32\u00d722-cm-Flint.jpg\/le-creuset-griglia-rettangolare-in-ghisa-32-c3-9722-cm-flint.jpg?ssl=1\",\"contentUrl\":\"https:\/\/i1.wp.com\/interpim.erresse-shop.it\/wp-content\/uploads\/2023\/10\/LE-CREUSET-Griglia-Rettangolare-in-Ghisa-32\u00d722-cm-Flint.jpg\/le-creuset-griglia-rettangolare-in-ghisa-32-c3-9722-cm-flint.jpg?ssl=1\"},{\"@type\":\"BreadcrumbList\",\"@id\":\"https:\/\/dev6.erresse-shop.it\/fr\/shop\/poeles-pots\/grils-a-steak\/le-creuset-gril-rectangulaire-en-fonte-emaillee-3222-cm-flint\/#breadcrumb\",\"itemListElement\":[{\"@type\":\"ListItem\",\"position\":1,\"name\":\"Home\",\"item\":\"https:\/\/dev6.erresse-shop.it\/\"},{\"@type\":\"ListItem\",\"position\":2,\"name\":\"Boutique\",\"item\":\"https:\/\/dev6.erresse-shop.it\/shop\/\"},{\"@type\":\"ListItem\",\"position\":3,\"name\":\"LE CREUSET Gril Rectangulaire en Fonte \u00c9maill\u00e9e 32&#215;22 cm Flint\"}]},{\"@type\":\"WebSite\",\"@id\":\"https:\/\/dev6.erresse-shop.it\/#website\",\"url\":\"https:\/\/dev6.erresse-shop.it\/\",\"name\":\"Erresse Shop\",\"description\":\"\",\"publisher\":{\"@id\":\"https:\/\/dev6.erresse-shop.it\/#organization\"},\"potentialAction\":[{\"@type\":\"SearchAction\",\"target\":{\"@type\":\"EntryPoint\",\"urlTemplate\":\"https:\/\/dev6.erresse-shop.it\/?s={search_term_string}\"},\"query-input\":{\"@type\":\"PropertyValueSpecification\",\"valueRequired\":true,\"valueName\":\"search_term_string\"}}],\"inLanguage\":\"fr-FR\"},{\"@type\":\"Organization\",\"@id\":\"https:\/\/dev6.erresse-shop.it\/#organization\",\"name\":\"Erresse Shop\",\"url\":\"https:\/\/dev6.erresse-shop.it\/\",\"logo\":{\"@type\":\"ImageObject\",\"inLanguage\":\"fr-FR\",\"@id\":\"https:\/\/dev6.erresse-shop.it\/#\/schema\/logo\/image\/\",\"url\":\"https:\/\/dev6.erresse-shop.it\/wp-content\/uploads\/2025\/01\/LOGO-ERRESSE-CLASSICO.svg\",\"contentUrl\":\"https:\/\/dev6.erresse-shop.it\/wp-content\/uploads\/2025\/01\/LOGO-ERRESSE-CLASSICO.svg\",\"caption\":\"Erresse Shop\"},\"image\":{\"@id\":\"https:\/\/dev6.erresse-shop.it\/#\/schema\/logo\/image\/\"}}]}<\/script>\n<!-- \/ Yoast SEO plugin. -->","yoast_head_json":{"title":"LE CREUSET Gril Rectangulaire en Fonte \u00c9maill\u00e9e 32&#215;22 cm Flint - dev6 Erresse","description":"UN BARBECUE IMPECCABLE Savourez tous les ar\u00f4mes et les saveurs des grillades en plein air dans votre cuisine. Avec cette grille en fonte vitrifi\u00e9e, il est","robots":{"index":"noindex","follow":"follow","max-snippet":"max-snippet:-1","max-image-preview":"max-image-preview:large","max-video-preview":"max-video-preview:-1"},"og_locale":"fr_FR","og_type":"article","og_title":"LE CREUSET Gril Rectangulaire en Fonte \u00c9maill\u00e9e 32&#215;22 cm Flint - dev6 Erresse","og_description":"UN BARBECUE IMPECCABLE Savourez tous les ar\u00f4mes et les saveurs des grillades en plein air dans votre cuisine. Avec cette grille en fonte vitrifi\u00e9e, il est","og_url":"https:\/\/dev6.erresse-shop.it\/fr\/shop\/poeles-pots\/grils-a-steak\/le-creuset-gril-rectangulaire-en-fonte-emaillee-3222-cm-flint\/","og_site_name":"dev6 Erresse","og_image":[{"url":"https:\/\/interpim.erresse-shop.it\/wp-content\/uploads\/2023\/10\/LE-CREUSET-Griglia-Rettangolare-in-Ghisa-32\u00d722-cm-Flint.jpg\/le-creuset-griglia-rettangolare-in-ghisa-32-c3-9722-cm-flint.jpg","type":"","width":"","height":""},{"url":"https:\/\/interpim.erresse-shop.it\/wp-content\/uploads\/2023\/10\/LE-CREUSET-Griglia-Rettangolare-in-Ghisa-32\u00d722-cm-Flint.jpg\/le-creuset-griglia-rettangolare-in-ghisa-32-c3-9722-cm-flint.jpg","width":1024,"height":1024,"type":"image\/jpeg"}],"twitter_card":"summary_large_image","twitter_image":"https:\/\/interpim.erresse-shop.it\/wp-content\/uploads\/2023\/10\/LE-CREUSET-Griglia-Rettangolare-in-Ghisa-32\u00d722-cm-Flint.jpg\/le-creuset-griglia-rettangolare-in-ghisa-32-c3-9722-cm-flint.jpg","schema":{"@context":"https:\/\/schema.org","@graph":[{"@type":"WebPage","@id":"https:\/\/dev6.erresse-shop.it\/fr\/shop\/poeles-pots\/grils-a-steak\/le-creuset-gril-rectangulaire-en-fonte-emaillee-3222-cm-flint\/","url":"https:\/\/dev6.erresse-shop.it\/fr\/shop\/poeles-pots\/grils-a-steak\/le-creuset-gril-rectangulaire-en-fonte-emaillee-3222-cm-flint\/","name":"LE CREUSET Gril Rectangulaire en Fonte \u00c9maill\u00e9e 32&#215;22 cm Flint - dev6 Erresse","isPartOf":{"@id":"https:\/\/dev6.erresse-shop.it\/#website"},"primaryImageOfPage":{"@id":"https:\/\/dev6.erresse-shop.it\/fr\/shop\/poeles-pots\/grils-a-steak\/le-creuset-gril-rectangulaire-en-fonte-emaillee-3222-cm-flint\/#primaryimage"},"image":{"@id":"https:\/\/dev6.erresse-shop.it\/fr\/shop\/poeles-pots\/grils-a-steak\/le-creuset-gril-rectangulaire-en-fonte-emaillee-3222-cm-flint\/#primaryimage"},"thumbnailUrl":"https:\/\/i1.wp.com\/interpim.erresse-shop.it\/wp-content\/uploads\/2023\/10\/LE-CREUSET-Griglia-Rettangolare-in-Ghisa-32\u00d722-cm-Flint.jpg\/le-creuset-griglia-rettangolare-in-ghisa-32-c3-9722-cm-flint.jpg?ssl=1","datePublished":"2026-04-12T07:57:03+00:00","description":"UN BARBECUE IMPECCABLE Savourez tous les ar\u00f4mes et les saveurs des grillades en plein air dans votre cuisine. Avec cette grille en fonte vitrifi\u00e9e, il est","breadcrumb":{"@id":"https:\/\/dev6.erresse-shop.it\/fr\/shop\/poeles-pots\/grils-a-steak\/le-creuset-gril-rectangulaire-en-fonte-emaillee-3222-cm-flint\/#breadcrumb"},"inLanguage":"fr-FR","potentialAction":[{"@type":"ReadAction","target":["https:\/\/dev6.erresse-shop.it\/fr\/shop\/poeles-pots\/grils-a-steak\/le-creuset-gril-rectangulaire-en-fonte-emaillee-3222-cm-flint\/"]}]},{"@type":"ImageObject","inLanguage":"fr-FR","@id":"https:\/\/dev6.erresse-shop.it\/fr\/shop\/poeles-pots\/grils-a-steak\/le-creuset-gril-rectangulaire-en-fonte-emaillee-3222-cm-flint\/#primaryimage","url":"https:\/\/i1.wp.com\/interpim.erresse-shop.it\/wp-content\/uploads\/2023\/10\/LE-CREUSET-Griglia-Rettangolare-in-Ghisa-32\u00d722-cm-Flint.jpg\/le-creuset-griglia-rettangolare-in-ghisa-32-c3-9722-cm-flint.jpg?ssl=1","contentUrl":"https:\/\/i1.wp.com\/interpim.erresse-shop.it\/wp-content\/uploads\/2023\/10\/LE-CREUSET-Griglia-Rettangolare-in-Ghisa-32\u00d722-cm-Flint.jpg\/le-creuset-griglia-rettangolare-in-ghisa-32-c3-9722-cm-flint.jpg?ssl=1"},{"@type":"BreadcrumbList","@id":"https:\/\/dev6.erresse-shop.it\/fr\/shop\/poeles-pots\/grils-a-steak\/le-creuset-gril-rectangulaire-en-fonte-emaillee-3222-cm-flint\/#breadcrumb","itemListElement":[{"@type":"ListItem","position":1,"name":"Home","item":"https:\/\/dev6.erresse-shop.it\/"},{"@type":"ListItem","position":2,"name":"Boutique","item":"https:\/\/dev6.erresse-shop.it\/shop\/"},{"@type":"ListItem","position":3,"name":"LE CREUSET Gril Rectangulaire en Fonte \u00c9maill\u00e9e 32&#215;22 cm Flint"}]},{"@type":"WebSite","@id":"https:\/\/dev6.erresse-shop.it\/#website","url":"https:\/\/dev6.erresse-shop.it\/","name":"Erresse Shop","description":"","publisher":{"@id":"https:\/\/dev6.erresse-shop.it\/#organization"},"potentialAction":[{"@type":"SearchAction","target":{"@type":"EntryPoint","urlTemplate":"https:\/\/dev6.erresse-shop.it\/?s={search_term_string}"},"query-input":{"@type":"PropertyValueSpecification","valueRequired":true,"valueName":"search_term_string"}}],"inLanguage":"fr-FR"},{"@type":"Organization","@id":"https:\/\/dev6.erresse-shop.it\/#organization","name":"Erresse Shop","url":"https:\/\/dev6.erresse-shop.it\/","logo":{"@type":"ImageObject","inLanguage":"fr-FR","@id":"https:\/\/dev6.erresse-shop.it\/#\/schema\/logo\/image\/","url":"https:\/\/dev6.erresse-shop.it\/wp-content\/uploads\/2025\/01\/LOGO-ERRESSE-CLASSICO.svg","contentUrl":"https:\/\/dev6.erresse-shop.it\/wp-content\/uploads\/2025\/01\/LOGO-ERRESSE-CLASSICO.svg","caption":"Erresse Shop"},"image":{"@id":"https:\/\/dev6.erresse-shop.it\/#\/schema\/logo\/image\/"}}]}},"df_price":112.95,"df_sale_price":112.95,"df_regular_price":129,"df_image_link":"https:\/\/i1.wp.com\/interpim.erresse-shop.it\/wp-content\/uploads\/2023\/10\/LE-CREUSET-Griglia-Rettangolare-in-Ghisa-32\u00d722-cm-Flint.jpg\/le-creuset-griglia-rettangolare-in-ghisa-32-c3-9722-cm-flint.jpg?resize=300,300&ssl=1","fifu_image_url":"https:\/\/interpim.erresse-shop.it\/wp-content\/uploads\/2023\/10\/LE-CREUSET-Griglia-Rettangolare-in-Ghisa-32\u00d722-cm-Flint.jpg\/le-creuset-griglia-rettangolare-in-ghisa-32-c3-9722-cm-flint.jpg","_links":{"self":[{"href":"https:\/\/dev6.erresse-shop.it\/fr\/wp-json\/wp\/v2\/product\/62179","targetHints":{"allow":["GET"]}}],"collection":[{"href":"https:\/\/dev6.erresse-shop.it\/fr\/wp-json\/wp\/v2\/product"}],"about":[{"href":"https:\/\/dev6.erresse-shop.it\/fr\/wp-json\/wp\/v2\/types\/product"}],"wp:featuredmedia":[{"embeddable":true,"href":"https:\/\/dev6.erresse-shop.it\/fr\/wp-json\/wp\/v2\/media\/6364171"}],"wp:attachment":[{"href":"https:\/\/dev6.erresse-shop.it\/fr\/wp-json\/wp\/v2\/media?parent=62179"}],"wp:term":[{"taxonomy":"product_cat","embeddable":true,"href":"https:\/\/dev6.erresse-shop.it\/fr\/wp-json\/wp\/v2\/product_cat?post=62179"},{"taxonomy":"product_tag","embeddable":true,"href":"https:\/\/dev6.erresse-shop.it\/fr\/wp-json\/wp\/v2\/product_tag?post=62179"}],"curies":[{"name":"wp","href":"https:\/\/api.w.org\/{rel}","templated":true}]}}