{"id":62141,"date":"2026-04-12T09:55:22","date_gmt":"2026-04-12T07:55:22","guid":{"rendered":"https:\/\/dev6.erresse-shop.it\/shop\/non%20class\u00e9\/le-creuset-cocotte-ronde-evolutive-en-fonte-26-cm-nectar\/"},"modified":"2025-09-14T05:00:02","modified_gmt":"2025-09-14T03:00:02","slug":"le-creuset-cocotte-ronde-evolutive-en-fonte-26-cm-nectar","status":"publish","type":"product","link":"https:\/\/dev6.erresse-shop.it\/fr\/shop\/poeles-pots\/marmites-et-cocottes-poeles-pots\/le-creuset-cocotte-ronde-evolutive-en-fonte-26-cm-nectar\/","title":{"rendered":"LE CREUSET Cocotte ronde \u00e9volutive en fonte 26 cm Nectar"},"content":{"rendered":"<p class=\"mb-3\" style=\"text-align: justifier;\">LA REINE DE LA CUISINE<br \/>\nDepuis pr\u00e8s d\u2019un si\u00e8cle, elle est tomb\u00e9e amoureuse des cuisiniers et des chefs du monde entier : c\u2019est la cocotte Le Creuset, un classique authentique. Parfaitement construit pour faire de chacune de vos recettes un chef-d\u2019\u0153uvre de saveurs, il sera votre alli\u00e9 indissociable pour la pr\u00e9paration de rago\u00fbts, r\u00f4tis, soupes et rago\u00fbts, mais aussi la cuisson au four.<\/p>\n<p style=\"text-align: justifier;\">La cocotte ronde Le Creuset Evolution est indispensable dans toutes les cuisines pour pouvoir pr\u00e9parer des plats savoureux et sains ! Gr\u00e2ce \u00e0 sa polyvalence, la cocotte ronde Le Creuset deviendra votre alli\u00e9e du quotidien pour cuisiner l\u00e9gumes, risottos, sauces, pain et mille autres recettes pour surprendre tous vos convives.<br \/>\nLa fonte \u00e9maill\u00e9e, \u00e9tant un excellent conducteur de chaleur, est l\u2019un des meilleurs mat\u00e9riaux \u00e0 utiliser en cuisine. De plus, le fond, les parois et le couvercle ont la m\u00eame \u00e9paisseur, garantissant une absorption et une r\u00e9partition uniforme de la chaleur, sans cr\u00e9er de zones de surchauffe. Le r\u00e9sultat est que les aliments ne br\u00fblent pas et ne restent pas crus \u00e0 l\u2019int\u00e9rieur. De plus, ils ne perdent pas leurs liquides lors de la cuisson, ce qui leur permet de pr\u00e9server leurs nutriments et vitamines.<\/p>\n<p style=\"text-align: justifier;\">G\u00e9n\u00e9ration apr\u00e8s g\u00e9n\u00e9ration, la cocotte Le Creuset en fonte \u00e9maill\u00e9e est devenue synonyme de bonne cuisine et de grande qualit\u00e9, apportant aux tables et cuisines une cuisine saine \u00e0 la hauteur des plus raffin\u00e9es. les recettes du monde.<\/p>\n<p style=\"text-align: justifier;\">Propri\u00e9t\u00e9s des cocottes en fonte \u00e9maill\u00e9e\u00a0:<\/p>\n<p style=\"text-align: justifier;\">\u2013 R\u00e9partition uniforme de la chaleur sans zones de surchauffe.<br \/>\n\u2013 Excellente r\u00e9tention de la chaleur.<br \/>\n\u2013 Bouton en acier inoxydable r\u00e9sistant \u00e0 toute temp\u00e9rature.<br \/>\n\u2013 Poign\u00e9es con\u00e7ues pour une excellente pr\u00e9hension.<br \/>\n\u2013 Surface interne et externe vitrifi\u00e9e. Il n\u2019absorbe pas l\u2019humidit\u00e9, la saveur ou l\u2019odeur des aliments.<br \/>\n\u2013 Recommand\u00e9 par les meilleurs chefs et blogueurs pour faire du pain au four.<br \/>\n\u2013 Nettoyage facile.<br \/>\n\u2013 Durabilit\u00e9 exceptionnelle.<\/p>\n<p>Mat\u00e9riau : fonte vitrifi\u00e9e<br \/>\nFabriqu\u00e9 en France<br \/>\nGarantie : \u00e0 vie<\/p>\n<p>Capacit\u00e9 : 5,3 L<\/p>\n<p>Source de chaleur\u00a0:<\/p>\n<p>Four<br \/>\nFour en mode grill<br \/>\nPlaque \u00e9lectrique<br \/>\nVerre c\u00e9ramique<br \/>\nCuisson \u00e0 gaz<br \/>\nPlaque \u00e0 induction<\/p>\n<p>Nettoyage et entretien\u00a0:<\/p>\n<p>Attendez que le produit refroidisse avant de commencer \u00e0 le nettoyer.<br \/>\nNettoyez tous les restes de la base et des c\u00f4t\u00e9s du produit. S\u2019il y a des aliments coinc\u00e9s, remplissez le produit avec de l\u2019eau ti\u00e8de savonneuse et laissez-le tremper pendant 15 \u00e0 20 minutes avant de le laver comme d\u2019habitude.<br \/>\nN\u2019utilisez pas de nettoyants abrasifs ni d\u2019\u00e9ponges ou de brosses m\u00e9talliques, abrasives ou tr\u00e8s rigides sur aucune des surfaces.<br \/>\nBien s\u00e9cher apr\u00e8s le lavage et conserver dans un endroit sec.<\/p>\n","protected":false},"excerpt":{"rendered":"<p>LA REINE DE LA CUISINE Depuis pr\u00e8s d\u2019un si\u00e8cle, elle est tomb\u00e9e amoureuse des cuisiniers et des chefs du monde entier : c\u2019est la cocotte Le Creuset, un classique authentique. Parfaitement construit pour faire de chacune de vos recettes un chef-d\u2019\u0153uvre de saveurs, il sera votre alli\u00e9 indissociable pour la pr\u00e9paration de rago\u00fbts, r\u00f4tis, soupes [&hellip;]<\/p>\n","protected":false},"featured_media":6363892,"template":"","meta":{"_acf_changed":false},"product_cat":[12000,11667,11991],"product_tag":[],"class_list":{"0":"post-62141","1":"product","2":"type-product","3":"status-publish","4":"has-post-thumbnail","6":"product_cat-marmites-et-cocottes-poeles-pots","7":"product_cat-padelle-pentole","8":"product_cat-poeles-pots","10":"first","11":"instock","12":"sale","13":"taxable","14":"shipping-taxable","15":"purchasable","16":"product-type-simple","swatches":"rey-swatches","show_selected":"","stretch_labels":"rey-swatches--stretch-labels"},"acf":[],"yoast_head":"<!-- This site is optimized with the Yoast SEO plugin v25.4 - https:\/\/yoast.com\/wordpress\/plugins\/seo\/ -->\n<title>LE CREUSET Cocotte ronde \u00e9volutive en fonte 26 cm Nectar - dev6 Erresse<\/title>\n<meta name=\"description\" content=\"LA REINE DE LA CUISINE Depuis pr\u00e8s d\u2019un si\u00e8cle, elle est tomb\u00e9e amoureuse des cuisiniers et des chefs du monde entier : c\u2019est la cocotte Le Creuset, un\" \/>\n<meta name=\"robots\" content=\"noindex, follow, max-snippet:-1, max-image-preview:large, max-video-preview:-1\" \/>\n<meta property=\"og:locale\" content=\"fr_FR\" \/>\n<meta property=\"og:type\" content=\"article\" \/>\n<meta property=\"og:title\" content=\"LE CREUSET Cocotte ronde \u00e9volutive en fonte 26 cm Nectar - dev6 Erresse\" \/>\n<meta property=\"og:description\" content=\"LA REINE DE LA CUISINE Depuis pr\u00e8s d\u2019un si\u00e8cle, elle est tomb\u00e9e amoureuse des cuisiniers et des chefs du monde entier : c\u2019est la cocotte Le Creuset, un\" \/>\n<meta property=\"og:url\" content=\"https:\/\/dev6.erresse-shop.it\/fr\/shop\/poeles-pots\/marmites-et-cocottes-poeles-pots\/le-creuset-cocotte-ronde-evolutive-en-fonte-26-cm-nectar\/\" \/>\n<meta property=\"og:site_name\" content=\"dev6 Erresse\" \/>\n<meta property=\"og:image\" content=\"https:\/\/interpim.erresse-shop.it\/Import\/Prodotti\/le-creuset-cocotte-rotonda-evolution-in-ghisa-20-cm-nectar.jpg\" \/><meta property=\"og:image\" content=\"https:\/\/interpim.erresse-shop.it\/Import\/Prodotti\/le-creuset-cocotte-rotonda-evolution-in-ghisa-20-cm-nectar.jpg\" \/>\n\t<meta property=\"og:image:width\" content=\"1024\" \/>\n\t<meta property=\"og:image:height\" content=\"1024\" \/>\n\t<meta property=\"og:image:type\" content=\"image\/jpeg\" \/>\n<meta name=\"twitter:card\" content=\"summary_large_image\" \/>\n<meta name=\"twitter:image\" content=\"https:\/\/interpim.erresse-shop.it\/Import\/Prodotti\/le-creuset-cocotte-rotonda-evolution-in-ghisa-20-cm-nectar.jpg\" \/>\n<script type=\"application\/ld+json\" class=\"yoast-schema-graph\">{\"@context\":\"https:\/\/schema.org\",\"@graph\":[{\"@type\":\"WebPage\",\"@id\":\"https:\/\/dev6.erresse-shop.it\/fr\/shop\/poeles-pots\/marmites-et-cocottes-poeles-pots\/le-creuset-cocotte-ronde-evolutive-en-fonte-26-cm-nectar\/\",\"url\":\"https:\/\/dev6.erresse-shop.it\/fr\/shop\/poeles-pots\/marmites-et-cocottes-poeles-pots\/le-creuset-cocotte-ronde-evolutive-en-fonte-26-cm-nectar\/\",\"name\":\"LE CREUSET Cocotte ronde \u00e9volutive en fonte 26 cm Nectar - dev6 Erresse\",\"isPartOf\":{\"@id\":\"https:\/\/dev6.erresse-shop.it\/#website\"},\"primaryImageOfPage\":{\"@id\":\"https:\/\/dev6.erresse-shop.it\/fr\/shop\/poeles-pots\/marmites-et-cocottes-poeles-pots\/le-creuset-cocotte-ronde-evolutive-en-fonte-26-cm-nectar\/#primaryimage\"},\"image\":{\"@id\":\"https:\/\/dev6.erresse-shop.it\/fr\/shop\/poeles-pots\/marmites-et-cocottes-poeles-pots\/le-creuset-cocotte-ronde-evolutive-en-fonte-26-cm-nectar\/#primaryimage\"},\"thumbnailUrl\":\"https:\/\/i2.wp.com\/interpim.erresse-shop.it\/Import\/Prodotti\/le-creuset-cocotte-rotonda-evolution-in-ghisa-20-cm-nectar.jpg?ssl=1\",\"datePublished\":\"2026-04-12T07:55:22+00:00\",\"description\":\"LA REINE DE LA CUISINE Depuis pr\u00e8s d\u2019un si\u00e8cle, elle est tomb\u00e9e amoureuse des cuisiniers et des chefs du monde entier : c\u2019est la cocotte Le Creuset, un\",\"breadcrumb\":{\"@id\":\"https:\/\/dev6.erresse-shop.it\/fr\/shop\/poeles-pots\/marmites-et-cocottes-poeles-pots\/le-creuset-cocotte-ronde-evolutive-en-fonte-26-cm-nectar\/#breadcrumb\"},\"inLanguage\":\"fr-FR\",\"potentialAction\":[{\"@type\":\"ReadAction\",\"target\":[\"https:\/\/dev6.erresse-shop.it\/fr\/shop\/poeles-pots\/marmites-et-cocottes-poeles-pots\/le-creuset-cocotte-ronde-evolutive-en-fonte-26-cm-nectar\/\"]}]},{\"@type\":\"ImageObject\",\"inLanguage\":\"fr-FR\",\"@id\":\"https:\/\/dev6.erresse-shop.it\/fr\/shop\/poeles-pots\/marmites-et-cocottes-poeles-pots\/le-creuset-cocotte-ronde-evolutive-en-fonte-26-cm-nectar\/#primaryimage\",\"url\":\"https:\/\/i2.wp.com\/interpim.erresse-shop.it\/Import\/Prodotti\/le-creuset-cocotte-rotonda-evolution-in-ghisa-20-cm-nectar.jpg?ssl=1\",\"contentUrl\":\"https:\/\/i2.wp.com\/interpim.erresse-shop.it\/Import\/Prodotti\/le-creuset-cocotte-rotonda-evolution-in-ghisa-20-cm-nectar.jpg?ssl=1\"},{\"@type\":\"BreadcrumbList\",\"@id\":\"https:\/\/dev6.erresse-shop.it\/fr\/shop\/poeles-pots\/marmites-et-cocottes-poeles-pots\/le-creuset-cocotte-ronde-evolutive-en-fonte-26-cm-nectar\/#breadcrumb\",\"itemListElement\":[{\"@type\":\"ListItem\",\"position\":1,\"name\":\"Home\",\"item\":\"https:\/\/dev6.erresse-shop.it\/\"},{\"@type\":\"ListItem\",\"position\":2,\"name\":\"Boutique\",\"item\":\"https:\/\/dev6.erresse-shop.it\/shop\/\"},{\"@type\":\"ListItem\",\"position\":3,\"name\":\"LE CREUSET Cocotte ronde \u00e9volutive en fonte 26 cm Nectar\"}]},{\"@type\":\"WebSite\",\"@id\":\"https:\/\/dev6.erresse-shop.it\/#website\",\"url\":\"https:\/\/dev6.erresse-shop.it\/\",\"name\":\"Erresse Shop\",\"description\":\"\",\"publisher\":{\"@id\":\"https:\/\/dev6.erresse-shop.it\/#organization\"},\"potentialAction\":[{\"@type\":\"SearchAction\",\"target\":{\"@type\":\"EntryPoint\",\"urlTemplate\":\"https:\/\/dev6.erresse-shop.it\/?s={search_term_string}\"},\"query-input\":{\"@type\":\"PropertyValueSpecification\",\"valueRequired\":true,\"valueName\":\"search_term_string\"}}],\"inLanguage\":\"fr-FR\"},{\"@type\":\"Organization\",\"@id\":\"https:\/\/dev6.erresse-shop.it\/#organization\",\"name\":\"Erresse Shop\",\"url\":\"https:\/\/dev6.erresse-shop.it\/\",\"logo\":{\"@type\":\"ImageObject\",\"inLanguage\":\"fr-FR\",\"@id\":\"https:\/\/dev6.erresse-shop.it\/#\/schema\/logo\/image\/\",\"url\":\"https:\/\/dev6.erresse-shop.it\/wp-content\/uploads\/2025\/01\/LOGO-ERRESSE-CLASSICO.svg\",\"contentUrl\":\"https:\/\/dev6.erresse-shop.it\/wp-content\/uploads\/2025\/01\/LOGO-ERRESSE-CLASSICO.svg\",\"caption\":\"Erresse Shop\"},\"image\":{\"@id\":\"https:\/\/dev6.erresse-shop.it\/#\/schema\/logo\/image\/\"}}]}<\/script>\n<!-- \/ Yoast SEO plugin. -->","yoast_head_json":{"title":"LE CREUSET Cocotte ronde \u00e9volutive en fonte 26 cm Nectar - dev6 Erresse","description":"LA REINE DE LA CUISINE Depuis pr\u00e8s d\u2019un si\u00e8cle, elle est tomb\u00e9e amoureuse des cuisiniers et des chefs du monde entier : c\u2019est la cocotte Le Creuset, un","robots":{"index":"noindex","follow":"follow","max-snippet":"max-snippet:-1","max-image-preview":"max-image-preview:large","max-video-preview":"max-video-preview:-1"},"og_locale":"fr_FR","og_type":"article","og_title":"LE CREUSET Cocotte ronde \u00e9volutive en fonte 26 cm Nectar - dev6 Erresse","og_description":"LA REINE DE LA CUISINE Depuis pr\u00e8s d\u2019un si\u00e8cle, elle est tomb\u00e9e amoureuse des cuisiniers et des chefs du monde entier : c\u2019est la cocotte Le Creuset, un","og_url":"https:\/\/dev6.erresse-shop.it\/fr\/shop\/poeles-pots\/marmites-et-cocottes-poeles-pots\/le-creuset-cocotte-ronde-evolutive-en-fonte-26-cm-nectar\/","og_site_name":"dev6 Erresse","og_image":[{"url":"https:\/\/interpim.erresse-shop.it\/Import\/Prodotti\/le-creuset-cocotte-rotonda-evolution-in-ghisa-20-cm-nectar.jpg","type":"","width":"","height":""},{"url":"https:\/\/interpim.erresse-shop.it\/Import\/Prodotti\/le-creuset-cocotte-rotonda-evolution-in-ghisa-20-cm-nectar.jpg","width":1024,"height":1024,"type":"image\/jpeg"}],"twitter_card":"summary_large_image","twitter_image":"https:\/\/interpim.erresse-shop.it\/Import\/Prodotti\/le-creuset-cocotte-rotonda-evolution-in-ghisa-20-cm-nectar.jpg","schema":{"@context":"https:\/\/schema.org","@graph":[{"@type":"WebPage","@id":"https:\/\/dev6.erresse-shop.it\/fr\/shop\/poeles-pots\/marmites-et-cocottes-poeles-pots\/le-creuset-cocotte-ronde-evolutive-en-fonte-26-cm-nectar\/","url":"https:\/\/dev6.erresse-shop.it\/fr\/shop\/poeles-pots\/marmites-et-cocottes-poeles-pots\/le-creuset-cocotte-ronde-evolutive-en-fonte-26-cm-nectar\/","name":"LE CREUSET Cocotte ronde \u00e9volutive en fonte 26 cm Nectar - dev6 Erresse","isPartOf":{"@id":"https:\/\/dev6.erresse-shop.it\/#website"},"primaryImageOfPage":{"@id":"https:\/\/dev6.erresse-shop.it\/fr\/shop\/poeles-pots\/marmites-et-cocottes-poeles-pots\/le-creuset-cocotte-ronde-evolutive-en-fonte-26-cm-nectar\/#primaryimage"},"image":{"@id":"https:\/\/dev6.erresse-shop.it\/fr\/shop\/poeles-pots\/marmites-et-cocottes-poeles-pots\/le-creuset-cocotte-ronde-evolutive-en-fonte-26-cm-nectar\/#primaryimage"},"thumbnailUrl":"https:\/\/i2.wp.com\/interpim.erresse-shop.it\/Import\/Prodotti\/le-creuset-cocotte-rotonda-evolution-in-ghisa-20-cm-nectar.jpg?ssl=1","datePublished":"2026-04-12T07:55:22+00:00","description":"LA REINE DE LA CUISINE Depuis pr\u00e8s d\u2019un si\u00e8cle, elle est tomb\u00e9e amoureuse des cuisiniers et des chefs du monde entier : c\u2019est la cocotte Le Creuset, un","breadcrumb":{"@id":"https:\/\/dev6.erresse-shop.it\/fr\/shop\/poeles-pots\/marmites-et-cocottes-poeles-pots\/le-creuset-cocotte-ronde-evolutive-en-fonte-26-cm-nectar\/#breadcrumb"},"inLanguage":"fr-FR","potentialAction":[{"@type":"ReadAction","target":["https:\/\/dev6.erresse-shop.it\/fr\/shop\/poeles-pots\/marmites-et-cocottes-poeles-pots\/le-creuset-cocotte-ronde-evolutive-en-fonte-26-cm-nectar\/"]}]},{"@type":"ImageObject","inLanguage":"fr-FR","@id":"https:\/\/dev6.erresse-shop.it\/fr\/shop\/poeles-pots\/marmites-et-cocottes-poeles-pots\/le-creuset-cocotte-ronde-evolutive-en-fonte-26-cm-nectar\/#primaryimage","url":"https:\/\/i2.wp.com\/interpim.erresse-shop.it\/Import\/Prodotti\/le-creuset-cocotte-rotonda-evolution-in-ghisa-20-cm-nectar.jpg?ssl=1","contentUrl":"https:\/\/i2.wp.com\/interpim.erresse-shop.it\/Import\/Prodotti\/le-creuset-cocotte-rotonda-evolution-in-ghisa-20-cm-nectar.jpg?ssl=1"},{"@type":"BreadcrumbList","@id":"https:\/\/dev6.erresse-shop.it\/fr\/shop\/poeles-pots\/marmites-et-cocottes-poeles-pots\/le-creuset-cocotte-ronde-evolutive-en-fonte-26-cm-nectar\/#breadcrumb","itemListElement":[{"@type":"ListItem","position":1,"name":"Home","item":"https:\/\/dev6.erresse-shop.it\/"},{"@type":"ListItem","position":2,"name":"Boutique","item":"https:\/\/dev6.erresse-shop.it\/shop\/"},{"@type":"ListItem","position":3,"name":"LE CREUSET Cocotte ronde \u00e9volutive en fonte 26 cm Nectar"}]},{"@type":"WebSite","@id":"https:\/\/dev6.erresse-shop.it\/#website","url":"https:\/\/dev6.erresse-shop.it\/","name":"Erresse Shop","description":"","publisher":{"@id":"https:\/\/dev6.erresse-shop.it\/#organization"},"potentialAction":[{"@type":"SearchAction","target":{"@type":"EntryPoint","urlTemplate":"https:\/\/dev6.erresse-shop.it\/?s={search_term_string}"},"query-input":{"@type":"PropertyValueSpecification","valueRequired":true,"valueName":"search_term_string"}}],"inLanguage":"fr-FR"},{"@type":"Organization","@id":"https:\/\/dev6.erresse-shop.it\/#organization","name":"Erresse Shop","url":"https:\/\/dev6.erresse-shop.it\/","logo":{"@type":"ImageObject","inLanguage":"fr-FR","@id":"https:\/\/dev6.erresse-shop.it\/#\/schema\/logo\/image\/","url":"https:\/\/dev6.erresse-shop.it\/wp-content\/uploads\/2025\/01\/LOGO-ERRESSE-CLASSICO.svg","contentUrl":"https:\/\/dev6.erresse-shop.it\/wp-content\/uploads\/2025\/01\/LOGO-ERRESSE-CLASSICO.svg","caption":"Erresse Shop"},"image":{"@id":"https:\/\/dev6.erresse-shop.it\/#\/schema\/logo\/image\/"}}]}},"df_price":259.95,"df_sale_price":259.95,"df_regular_price":379,"df_image_link":"https:\/\/i2.wp.com\/interpim.erresse-shop.it\/Import\/Prodotti\/le-creuset-cocotte-rotonda-evolution-in-ghisa-20-cm-nectar.jpg?resize=300,300&ssl=1","fifu_image_url":"https:\/\/interpim.erresse-shop.it\/Import\/Prodotti\/le-creuset-cocotte-rotonda-evolution-in-ghisa-20-cm-nectar.jpg","_links":{"self":[{"href":"https:\/\/dev6.erresse-shop.it\/fr\/wp-json\/wp\/v2\/product\/62141","targetHints":{"allow":["GET"]}}],"collection":[{"href":"https:\/\/dev6.erresse-shop.it\/fr\/wp-json\/wp\/v2\/product"}],"about":[{"href":"https:\/\/dev6.erresse-shop.it\/fr\/wp-json\/wp\/v2\/types\/product"}],"wp:featuredmedia":[{"embeddable":true,"href":"https:\/\/dev6.erresse-shop.it\/fr\/wp-json\/wp\/v2\/media\/6363892"}],"wp:attachment":[{"href":"https:\/\/dev6.erresse-shop.it\/fr\/wp-json\/wp\/v2\/media?parent=62141"}],"wp:term":[{"taxonomy":"product_cat","embeddable":true,"href":"https:\/\/dev6.erresse-shop.it\/fr\/wp-json\/wp\/v2\/product_cat?post=62141"},{"taxonomy":"product_tag","embeddable":true,"href":"https:\/\/dev6.erresse-shop.it\/fr\/wp-json\/wp\/v2\/product_tag?post=62141"}],"curies":[{"name":"wp","href":"https:\/\/api.w.org\/{rel}","templated":true}]}}