{"id":62105,"date":"2026-04-12T09:53:45","date_gmt":"2026-04-12T07:53:45","guid":{"rendered":"https:\/\/dev6.erresse-shop.it\/shop\/non%20class\u00e9\/baci-milano-sagrada-familia-tete-le-hipster\/"},"modified":"2025-09-14T04:59:17","modified_gmt":"2025-09-14T02:59:17","slug":"baci-milano-sagrada-familia-tete-le-hipster","status":"publish","type":"product","link":"https:\/\/dev6.erresse-shop.it\/fr\/shop\/ameublement-maison\/objets-de-decoration\/baci-milano-sagrada-familia-tete-le-hipster\/","title":{"rendered":"BACI MILANO Sagrada Familia T\u00eate Le Hipster"},"content":{"rendered":"<p>T\u00eate d\u00e9corative en polyr\u00e9sine de la collection exub\u00e9rante et embl\u00e9matique Sagrada Familia.<\/p>\n<p>Le hipster<\/p>\n<p>Le hipster incarne l\u2019esprit de ceux qui embrassent la diversit\u00e9, la cr\u00e9ativit\u00e9 et un mode de vie alternatif. D\u00e9di\u00e9 aux innovateurs culturels, aux cr\u00e9ateurs de tendances et \u00e0 ceux qui recherchent la beaut\u00e9 dans l\u2019\u00e9clectisme.<\/p>\n<p>Dimensions : \u00d8 27 cm \/ h 25,5 cm<\/p>\n","protected":false},"excerpt":{"rendered":"<p>T\u00eate d\u00e9corative en polyr\u00e9sine de la collection exub\u00e9rante et embl\u00e9matique Sagrada Familia. Le hipster Le hipster incarne l\u2019esprit de ceux qui embrassent la diversit\u00e9, la cr\u00e9ativit\u00e9 et un mode de vie alternatif. D\u00e9di\u00e9 aux innovateurs culturels, aux cr\u00e9ateurs de tendances et \u00e0 ceux qui recherchent la beaut\u00e9 dans l\u2019\u00e9clectisme. Dimensions : \u00d8 27 cm \/ [&hellip;]<\/p>\n","protected":false},"featured_media":6363736,"template":"","meta":{"_acf_changed":false},"product_cat":[11990,11666,12021],"product_tag":[],"class_list":{"0":"post-62105","1":"product","2":"type-product","3":"status-publish","4":"has-post-thumbnail","6":"product_cat-ameublement-maison","7":"product_cat-arredamento-casa","8":"product_cat-objets-de-decoration","10":"first","11":"instock","12":"sale","13":"taxable","14":"shipping-taxable","15":"purchasable","16":"product-type-simple","swatches":"rey-swatches","show_selected":"","stretch_labels":"rey-swatches--stretch-labels"},"acf":[],"yoast_head":"<!-- This site is optimized with the Yoast SEO plugin v25.4 - https:\/\/yoast.com\/wordpress\/plugins\/seo\/ -->\n<title>BACI MILANO Sagrada Familia T\u00eate Le Hipster - dev6 Erresse<\/title>\n<meta name=\"description\" content=\"T\u00eate d\u00e9corative en polyr\u00e9sine de la collection exub\u00e9rante et embl\u00e9matique Sagrada Familia. Le hipster Le hipster incarne l\u2019esprit de ceux qui embrassent\" \/>\n<meta name=\"robots\" content=\"noindex, follow, max-snippet:-1, max-image-preview:large, max-video-preview:-1\" \/>\n<meta property=\"og:locale\" content=\"fr_FR\" \/>\n<meta property=\"og:type\" content=\"article\" \/>\n<meta property=\"og:title\" content=\"BACI MILANO Sagrada Familia T\u00eate Le Hipster - dev6 Erresse\" \/>\n<meta property=\"og:description\" content=\"T\u00eate d\u00e9corative en polyr\u00e9sine de la collection exub\u00e9rante et embl\u00e9matique Sagrada Familia. Le hipster Le hipster incarne l\u2019esprit de ceux qui embrassent\" \/>\n<meta property=\"og:url\" content=\"https:\/\/dev6.erresse-shop.it\/fr\/shop\/ameublement-maison\/objets-de-decoration\/baci-milano-sagrada-familia-tete-le-hipster\/\" \/>\n<meta property=\"og:site_name\" content=\"dev6 Erresse\" \/>\n<meta property=\"og:image\" content=\"https:\/\/interpim.erresse-shop.it\/Import\/Prodotti\/baci-milano-sagrada-familia-testa-lhypster.jpg\" \/><meta property=\"og:image\" content=\"https:\/\/interpim.erresse-shop.it\/Import\/Prodotti\/baci-milano-sagrada-familia-testa-lhypster.jpg\" \/>\n\t<meta property=\"og:image:width\" content=\"1024\" \/>\n\t<meta property=\"og:image:height\" content=\"1024\" \/>\n\t<meta property=\"og:image:type\" content=\"image\/jpeg\" \/>\n<meta name=\"twitter:card\" content=\"summary_large_image\" \/>\n<meta name=\"twitter:image\" content=\"https:\/\/interpim.erresse-shop.it\/Import\/Prodotti\/baci-milano-sagrada-familia-testa-lhypster.jpg\" \/>\n<script type=\"application\/ld+json\" class=\"yoast-schema-graph\">{\"@context\":\"https:\/\/schema.org\",\"@graph\":[{\"@type\":\"WebPage\",\"@id\":\"https:\/\/dev6.erresse-shop.it\/fr\/shop\/ameublement-maison\/objets-de-decoration\/baci-milano-sagrada-familia-tete-le-hipster\/\",\"url\":\"https:\/\/dev6.erresse-shop.it\/fr\/shop\/ameublement-maison\/objets-de-decoration\/baci-milano-sagrada-familia-tete-le-hipster\/\",\"name\":\"BACI MILANO Sagrada Familia T\u00eate Le Hipster - dev6 Erresse\",\"isPartOf\":{\"@id\":\"https:\/\/dev6.erresse-shop.it\/#website\"},\"primaryImageOfPage\":{\"@id\":\"https:\/\/dev6.erresse-shop.it\/fr\/shop\/ameublement-maison\/objets-de-decoration\/baci-milano-sagrada-familia-tete-le-hipster\/#primaryimage\"},\"image\":{\"@id\":\"https:\/\/dev6.erresse-shop.it\/fr\/shop\/ameublement-maison\/objets-de-decoration\/baci-milano-sagrada-familia-tete-le-hipster\/#primaryimage\"},\"thumbnailUrl\":\"https:\/\/i3.wp.com\/interpim.erresse-shop.it\/Import\/Prodotti\/baci-milano-sagrada-familia-testa-lhypster.jpg?ssl=1\",\"datePublished\":\"2026-04-12T07:53:45+00:00\",\"description\":\"T\u00eate d\u00e9corative en polyr\u00e9sine de la collection exub\u00e9rante et embl\u00e9matique Sagrada Familia. Le hipster Le hipster incarne l\u2019esprit de ceux qui embrassent\",\"breadcrumb\":{\"@id\":\"https:\/\/dev6.erresse-shop.it\/fr\/shop\/ameublement-maison\/objets-de-decoration\/baci-milano-sagrada-familia-tete-le-hipster\/#breadcrumb\"},\"inLanguage\":\"fr-FR\",\"potentialAction\":[{\"@type\":\"ReadAction\",\"target\":[\"https:\/\/dev6.erresse-shop.it\/fr\/shop\/ameublement-maison\/objets-de-decoration\/baci-milano-sagrada-familia-tete-le-hipster\/\"]}]},{\"@type\":\"ImageObject\",\"inLanguage\":\"fr-FR\",\"@id\":\"https:\/\/dev6.erresse-shop.it\/fr\/shop\/ameublement-maison\/objets-de-decoration\/baci-milano-sagrada-familia-tete-le-hipster\/#primaryimage\",\"url\":\"https:\/\/i3.wp.com\/interpim.erresse-shop.it\/Import\/Prodotti\/baci-milano-sagrada-familia-testa-lhypster.jpg?ssl=1\",\"contentUrl\":\"https:\/\/i3.wp.com\/interpim.erresse-shop.it\/Import\/Prodotti\/baci-milano-sagrada-familia-testa-lhypster.jpg?ssl=1\"},{\"@type\":\"BreadcrumbList\",\"@id\":\"https:\/\/dev6.erresse-shop.it\/fr\/shop\/ameublement-maison\/objets-de-decoration\/baci-milano-sagrada-familia-tete-le-hipster\/#breadcrumb\",\"itemListElement\":[{\"@type\":\"ListItem\",\"position\":1,\"name\":\"Home\",\"item\":\"https:\/\/dev6.erresse-shop.it\/\"},{\"@type\":\"ListItem\",\"position\":2,\"name\":\"Boutique\",\"item\":\"https:\/\/dev6.erresse-shop.it\/shop\/\"},{\"@type\":\"ListItem\",\"position\":3,\"name\":\"BACI MILANO Sagrada Familia T\u00eate Le Hipster\"}]},{\"@type\":\"WebSite\",\"@id\":\"https:\/\/dev6.erresse-shop.it\/#website\",\"url\":\"https:\/\/dev6.erresse-shop.it\/\",\"name\":\"Erresse Shop\",\"description\":\"\",\"publisher\":{\"@id\":\"https:\/\/dev6.erresse-shop.it\/#organization\"},\"potentialAction\":[{\"@type\":\"SearchAction\",\"target\":{\"@type\":\"EntryPoint\",\"urlTemplate\":\"https:\/\/dev6.erresse-shop.it\/?s={search_term_string}\"},\"query-input\":{\"@type\":\"PropertyValueSpecification\",\"valueRequired\":true,\"valueName\":\"search_term_string\"}}],\"inLanguage\":\"fr-FR\"},{\"@type\":\"Organization\",\"@id\":\"https:\/\/dev6.erresse-shop.it\/#organization\",\"name\":\"Erresse Shop\",\"url\":\"https:\/\/dev6.erresse-shop.it\/\",\"logo\":{\"@type\":\"ImageObject\",\"inLanguage\":\"fr-FR\",\"@id\":\"https:\/\/dev6.erresse-shop.it\/#\/schema\/logo\/image\/\",\"url\":\"https:\/\/dev6.erresse-shop.it\/wp-content\/uploads\/2025\/01\/LOGO-ERRESSE-CLASSICO.svg\",\"contentUrl\":\"https:\/\/dev6.erresse-shop.it\/wp-content\/uploads\/2025\/01\/LOGO-ERRESSE-CLASSICO.svg\",\"caption\":\"Erresse Shop\"},\"image\":{\"@id\":\"https:\/\/dev6.erresse-shop.it\/#\/schema\/logo\/image\/\"}}]}<\/script>\n<!-- \/ Yoast SEO plugin. -->","yoast_head_json":{"title":"BACI MILANO Sagrada Familia T\u00eate Le Hipster - dev6 Erresse","description":"T\u00eate d\u00e9corative en polyr\u00e9sine de la collection exub\u00e9rante et embl\u00e9matique Sagrada Familia. Le hipster Le hipster incarne l\u2019esprit de ceux qui embrassent","robots":{"index":"noindex","follow":"follow","max-snippet":"max-snippet:-1","max-image-preview":"max-image-preview:large","max-video-preview":"max-video-preview:-1"},"og_locale":"fr_FR","og_type":"article","og_title":"BACI MILANO Sagrada Familia T\u00eate Le Hipster - dev6 Erresse","og_description":"T\u00eate d\u00e9corative en polyr\u00e9sine de la collection exub\u00e9rante et embl\u00e9matique Sagrada Familia. Le hipster Le hipster incarne l\u2019esprit de ceux qui embrassent","og_url":"https:\/\/dev6.erresse-shop.it\/fr\/shop\/ameublement-maison\/objets-de-decoration\/baci-milano-sagrada-familia-tete-le-hipster\/","og_site_name":"dev6 Erresse","og_image":[{"url":"https:\/\/interpim.erresse-shop.it\/Import\/Prodotti\/baci-milano-sagrada-familia-testa-lhypster.jpg","type":"","width":"","height":""},{"url":"https:\/\/interpim.erresse-shop.it\/Import\/Prodotti\/baci-milano-sagrada-familia-testa-lhypster.jpg","width":1024,"height":1024,"type":"image\/jpeg"}],"twitter_card":"summary_large_image","twitter_image":"https:\/\/interpim.erresse-shop.it\/Import\/Prodotti\/baci-milano-sagrada-familia-testa-lhypster.jpg","schema":{"@context":"https:\/\/schema.org","@graph":[{"@type":"WebPage","@id":"https:\/\/dev6.erresse-shop.it\/fr\/shop\/ameublement-maison\/objets-de-decoration\/baci-milano-sagrada-familia-tete-le-hipster\/","url":"https:\/\/dev6.erresse-shop.it\/fr\/shop\/ameublement-maison\/objets-de-decoration\/baci-milano-sagrada-familia-tete-le-hipster\/","name":"BACI MILANO Sagrada Familia T\u00eate Le Hipster - dev6 Erresse","isPartOf":{"@id":"https:\/\/dev6.erresse-shop.it\/#website"},"primaryImageOfPage":{"@id":"https:\/\/dev6.erresse-shop.it\/fr\/shop\/ameublement-maison\/objets-de-decoration\/baci-milano-sagrada-familia-tete-le-hipster\/#primaryimage"},"image":{"@id":"https:\/\/dev6.erresse-shop.it\/fr\/shop\/ameublement-maison\/objets-de-decoration\/baci-milano-sagrada-familia-tete-le-hipster\/#primaryimage"},"thumbnailUrl":"https:\/\/i3.wp.com\/interpim.erresse-shop.it\/Import\/Prodotti\/baci-milano-sagrada-familia-testa-lhypster.jpg?ssl=1","datePublished":"2026-04-12T07:53:45+00:00","description":"T\u00eate d\u00e9corative en polyr\u00e9sine de la collection exub\u00e9rante et embl\u00e9matique Sagrada Familia. Le hipster Le hipster incarne l\u2019esprit de ceux qui embrassent","breadcrumb":{"@id":"https:\/\/dev6.erresse-shop.it\/fr\/shop\/ameublement-maison\/objets-de-decoration\/baci-milano-sagrada-familia-tete-le-hipster\/#breadcrumb"},"inLanguage":"fr-FR","potentialAction":[{"@type":"ReadAction","target":["https:\/\/dev6.erresse-shop.it\/fr\/shop\/ameublement-maison\/objets-de-decoration\/baci-milano-sagrada-familia-tete-le-hipster\/"]}]},{"@type":"ImageObject","inLanguage":"fr-FR","@id":"https:\/\/dev6.erresse-shop.it\/fr\/shop\/ameublement-maison\/objets-de-decoration\/baci-milano-sagrada-familia-tete-le-hipster\/#primaryimage","url":"https:\/\/i3.wp.com\/interpim.erresse-shop.it\/Import\/Prodotti\/baci-milano-sagrada-familia-testa-lhypster.jpg?ssl=1","contentUrl":"https:\/\/i3.wp.com\/interpim.erresse-shop.it\/Import\/Prodotti\/baci-milano-sagrada-familia-testa-lhypster.jpg?ssl=1"},{"@type":"BreadcrumbList","@id":"https:\/\/dev6.erresse-shop.it\/fr\/shop\/ameublement-maison\/objets-de-decoration\/baci-milano-sagrada-familia-tete-le-hipster\/#breadcrumb","itemListElement":[{"@type":"ListItem","position":1,"name":"Home","item":"https:\/\/dev6.erresse-shop.it\/"},{"@type":"ListItem","position":2,"name":"Boutique","item":"https:\/\/dev6.erresse-shop.it\/shop\/"},{"@type":"ListItem","position":3,"name":"BACI MILANO Sagrada Familia T\u00eate Le Hipster"}]},{"@type":"WebSite","@id":"https:\/\/dev6.erresse-shop.it\/#website","url":"https:\/\/dev6.erresse-shop.it\/","name":"Erresse Shop","description":"","publisher":{"@id":"https:\/\/dev6.erresse-shop.it\/#organization"},"potentialAction":[{"@type":"SearchAction","target":{"@type":"EntryPoint","urlTemplate":"https:\/\/dev6.erresse-shop.it\/?s={search_term_string}"},"query-input":{"@type":"PropertyValueSpecification","valueRequired":true,"valueName":"search_term_string"}}],"inLanguage":"fr-FR"},{"@type":"Organization","@id":"https:\/\/dev6.erresse-shop.it\/#organization","name":"Erresse Shop","url":"https:\/\/dev6.erresse-shop.it\/","logo":{"@type":"ImageObject","inLanguage":"fr-FR","@id":"https:\/\/dev6.erresse-shop.it\/#\/schema\/logo\/image\/","url":"https:\/\/dev6.erresse-shop.it\/wp-content\/uploads\/2025\/01\/LOGO-ERRESSE-CLASSICO.svg","contentUrl":"https:\/\/dev6.erresse-shop.it\/wp-content\/uploads\/2025\/01\/LOGO-ERRESSE-CLASSICO.svg","caption":"Erresse Shop"},"image":{"@id":"https:\/\/dev6.erresse-shop.it\/#\/schema\/logo\/image\/"}}]}},"df_price":79.95,"df_sale_price":79.95,"df_regular_price":97,"df_image_link":"https:\/\/i3.wp.com\/interpim.erresse-shop.it\/Import\/Prodotti\/baci-milano-sagrada-familia-testa-lhypster.jpg?resize=300,300&ssl=1","fifu_image_url":"https:\/\/interpim.erresse-shop.it\/Import\/Prodotti\/baci-milano-sagrada-familia-testa-lhypster.jpg","_links":{"self":[{"href":"https:\/\/dev6.erresse-shop.it\/fr\/wp-json\/wp\/v2\/product\/62105","targetHints":{"allow":["GET"]}}],"collection":[{"href":"https:\/\/dev6.erresse-shop.it\/fr\/wp-json\/wp\/v2\/product"}],"about":[{"href":"https:\/\/dev6.erresse-shop.it\/fr\/wp-json\/wp\/v2\/types\/product"}],"wp:featuredmedia":[{"embeddable":true,"href":"https:\/\/dev6.erresse-shop.it\/fr\/wp-json\/wp\/v2\/media\/6363736"}],"wp:attachment":[{"href":"https:\/\/dev6.erresse-shop.it\/fr\/wp-json\/wp\/v2\/media?parent=62105"}],"wp:term":[{"taxonomy":"product_cat","embeddable":true,"href":"https:\/\/dev6.erresse-shop.it\/fr\/wp-json\/wp\/v2\/product_cat?post=62105"},{"taxonomy":"product_tag","embeddable":true,"href":"https:\/\/dev6.erresse-shop.it\/fr\/wp-json\/wp\/v2\/product_tag?post=62105"}],"curies":[{"name":"wp","href":"https:\/\/api.w.org\/{rel}","templated":true}]}}