{"id":62095,"date":"2026-04-12T09:52:06","date_gmt":"2026-04-12T07:52:06","guid":{"rendered":"https:\/\/dev6.erresse-shop.it\/shop\/non%20class\u00e9\/villeroy-amp-boch-winter-bakery-delight-grand-plateau-etoile\/"},"modified":"2025-07-04T17:09:51","modified_gmt":"2025-07-04T15:09:51","slug":"villeroy-amp-boch-winter-bakery-delight-grand-plateau-etoile","status":"publish","type":"product","link":"https:\/\/dev6.erresse-shop.it\/fr\/shop\/table-fr-2\/plateaux\/villeroy-amp-boch-winter-bakery-delight-grand-plateau-etoile\/","title":{"rendered":"VILLEROY &#038;amp ; BOCH Winter Bakery Delight Grand plateau \u00e9toil\u00e9"},"content":{"rendered":"<p>Bol d\u00e9coratif pour No\u00ebl<\/p>\n<p>Winter Bakery Delight vous donne envie d\u2019\u00e9toiles \u00e0 la cannelle, de lait de poule et de pommes au four. La porcelaine d\u00e9cor\u00e9e de mani\u00e8re festive est assortie aux ornements lumineux de l\u2019Avent et des mois d\u2019hiver. Le grand bol \u00e9toil\u00e9 vous ravira par son charme inspir\u00e9 de No\u00ebl. Appr\u00e9ciez le charme d\u00e9coratif de No\u00ebl.<\/p>\n<p>Mat\u00e9riau : Porcelaine de qualit\u00e9 sup\u00e9rieure<br \/>\nVolume : 1000 ml<br \/>\nLavable au lave-vaisselle : Non<br \/>\nPasse au micro-ondes : Oui<\/p>\n","protected":false},"excerpt":{"rendered":"<p>Bol d\u00e9coratif pour No\u00ebl Winter Bakery Delight vous donne envie d\u2019\u00e9toiles \u00e0 la cannelle, de lait de poule et de pommes au four. La porcelaine d\u00e9cor\u00e9e de mani\u00e8re festive est assortie aux ornements lumineux de l\u2019Avent et des mois d\u2019hiver. Le grand bol \u00e9toil\u00e9 vous ravira par son charme inspir\u00e9 de No\u00ebl. Appr\u00e9ciez le charme [&hellip;]<\/p>\n","protected":false},"featured_media":6363716,"template":"","meta":{"_acf_changed":false},"product_cat":[12004,11995,11671],"product_tag":[],"class_list":{"0":"post-62095","1":"product","2":"type-product","3":"status-publish","4":"has-post-thumbnail","6":"product_cat-plateaux","7":"product_cat-table-fr-2","8":"product_cat-tavola","10":"first","11":"instock","12":"sale","13":"taxable","14":"shipping-taxable","15":"purchasable","16":"product-type-simple","swatches":"rey-swatches","show_selected":"","stretch_labels":"rey-swatches--stretch-labels"},"acf":[],"yoast_head":"<!-- This site is optimized with the Yoast SEO plugin v25.4 - https:\/\/yoast.com\/wordpress\/plugins\/seo\/ -->\n<title>VILLEROY &#038;amp ; BOCH Winter Bakery Delight Grand plateau \u00e9toil\u00e9 - dev6 Erresse<\/title>\n<meta name=\"description\" content=\"Bol d\u00e9coratif pour No\u00ebl Winter Bakery Delight vous donne envie d\u2019\u00e9toiles \u00e0 la cannelle, de lait de poule et de pommes au four. La porcelaine d\u00e9cor\u00e9e de\" \/>\n<meta name=\"robots\" content=\"noindex, follow, max-snippet:-1, max-image-preview:large, max-video-preview:-1\" \/>\n<meta property=\"og:locale\" content=\"fr_FR\" \/>\n<meta property=\"og:type\" content=\"article\" \/>\n<meta property=\"og:title\" content=\"VILLEROY &#038;amp ; BOCH Winter Bakery Delight Grand plateau \u00e9toil\u00e9 - dev6 Erresse\" \/>\n<meta property=\"og:description\" content=\"Bol d\u00e9coratif pour No\u00ebl Winter Bakery Delight vous donne envie d\u2019\u00e9toiles \u00e0 la cannelle, de lait de poule et de pommes au four. La porcelaine d\u00e9cor\u00e9e de\" \/>\n<meta property=\"og:url\" content=\"https:\/\/dev6.erresse-shop.it\/fr\/shop\/table-fr-2\/plateaux\/villeroy-amp-boch-winter-bakery-delight-grand-plateau-etoile\/\" \/>\n<meta property=\"og:site_name\" content=\"dev6 Erresse\" \/>\n<meta property=\"og:image\" content=\"https:\/\/interpim.erresse-shop.it\/img-catalogo\/villeroy\/villeroy-boch-winter-bakery-delight-coppa-a-stella-grande.jpg\" \/><meta property=\"og:image\" content=\"https:\/\/interpim.erresse-shop.it\/img-catalogo\/villeroy\/villeroy-boch-winter-bakery-delight-coppa-a-stella-grande.jpg\" \/>\n\t<meta property=\"og:image:width\" content=\"1024\" \/>\n\t<meta property=\"og:image:height\" content=\"1024\" \/>\n\t<meta property=\"og:image:type\" content=\"image\/jpeg\" \/>\n<meta name=\"twitter:card\" content=\"summary_large_image\" \/>\n<meta name=\"twitter:image\" content=\"https:\/\/interpim.erresse-shop.it\/img-catalogo\/villeroy\/villeroy-boch-winter-bakery-delight-coppa-a-stella-grande.jpg\" \/>\n<script type=\"application\/ld+json\" class=\"yoast-schema-graph\">{\"@context\":\"https:\/\/schema.org\",\"@graph\":[{\"@type\":\"WebPage\",\"@id\":\"https:\/\/dev6.erresse-shop.it\/fr\/shop\/table-fr-2\/plateaux\/villeroy-amp-boch-winter-bakery-delight-grand-plateau-etoile\/\",\"url\":\"https:\/\/dev6.erresse-shop.it\/fr\/shop\/table-fr-2\/plateaux\/villeroy-amp-boch-winter-bakery-delight-grand-plateau-etoile\/\",\"name\":\"VILLEROY &#038;amp ; BOCH Winter Bakery Delight Grand plateau \u00e9toil\u00e9 - dev6 Erresse\",\"isPartOf\":{\"@id\":\"https:\/\/dev6.erresse-shop.it\/#website\"},\"primaryImageOfPage\":{\"@id\":\"https:\/\/dev6.erresse-shop.it\/fr\/shop\/table-fr-2\/plateaux\/villeroy-amp-boch-winter-bakery-delight-grand-plateau-etoile\/#primaryimage\"},\"image\":{\"@id\":\"https:\/\/dev6.erresse-shop.it\/fr\/shop\/table-fr-2\/plateaux\/villeroy-amp-boch-winter-bakery-delight-grand-plateau-etoile\/#primaryimage\"},\"thumbnailUrl\":\"https:\/\/i3.wp.com\/interpim.erresse-shop.it\/img-catalogo\/villeroy\/villeroy-boch-winter-bakery-delight-coppa-a-stella-grande.jpg?ssl=1\",\"datePublished\":\"2026-04-12T07:52:06+00:00\",\"description\":\"Bol d\u00e9coratif pour No\u00ebl Winter Bakery Delight vous donne envie d\u2019\u00e9toiles \u00e0 la cannelle, de lait de poule et de pommes au four. La porcelaine d\u00e9cor\u00e9e de\",\"breadcrumb\":{\"@id\":\"https:\/\/dev6.erresse-shop.it\/fr\/shop\/table-fr-2\/plateaux\/villeroy-amp-boch-winter-bakery-delight-grand-plateau-etoile\/#breadcrumb\"},\"inLanguage\":\"fr-FR\",\"potentialAction\":[{\"@type\":\"ReadAction\",\"target\":[\"https:\/\/dev6.erresse-shop.it\/fr\/shop\/table-fr-2\/plateaux\/villeroy-amp-boch-winter-bakery-delight-grand-plateau-etoile\/\"]}]},{\"@type\":\"ImageObject\",\"inLanguage\":\"fr-FR\",\"@id\":\"https:\/\/dev6.erresse-shop.it\/fr\/shop\/table-fr-2\/plateaux\/villeroy-amp-boch-winter-bakery-delight-grand-plateau-etoile\/#primaryimage\",\"url\":\"https:\/\/i3.wp.com\/interpim.erresse-shop.it\/img-catalogo\/villeroy\/villeroy-boch-winter-bakery-delight-coppa-a-stella-grande.jpg?ssl=1\",\"contentUrl\":\"https:\/\/i3.wp.com\/interpim.erresse-shop.it\/img-catalogo\/villeroy\/villeroy-boch-winter-bakery-delight-coppa-a-stella-grande.jpg?ssl=1\"},{\"@type\":\"BreadcrumbList\",\"@id\":\"https:\/\/dev6.erresse-shop.it\/fr\/shop\/table-fr-2\/plateaux\/villeroy-amp-boch-winter-bakery-delight-grand-plateau-etoile\/#breadcrumb\",\"itemListElement\":[{\"@type\":\"ListItem\",\"position\":1,\"name\":\"Home\",\"item\":\"https:\/\/dev6.erresse-shop.it\/\"},{\"@type\":\"ListItem\",\"position\":2,\"name\":\"Boutique\",\"item\":\"https:\/\/dev6.erresse-shop.it\/shop\/\"},{\"@type\":\"ListItem\",\"position\":3,\"name\":\"VILLEROY &#038;amp ; BOCH Winter Bakery Delight Grand plateau \u00e9toil\u00e9\"}]},{\"@type\":\"WebSite\",\"@id\":\"https:\/\/dev6.erresse-shop.it\/#website\",\"url\":\"https:\/\/dev6.erresse-shop.it\/\",\"name\":\"Erresse Shop\",\"description\":\"\",\"publisher\":{\"@id\":\"https:\/\/dev6.erresse-shop.it\/#organization\"},\"potentialAction\":[{\"@type\":\"SearchAction\",\"target\":{\"@type\":\"EntryPoint\",\"urlTemplate\":\"https:\/\/dev6.erresse-shop.it\/?s={search_term_string}\"},\"query-input\":{\"@type\":\"PropertyValueSpecification\",\"valueRequired\":true,\"valueName\":\"search_term_string\"}}],\"inLanguage\":\"fr-FR\"},{\"@type\":\"Organization\",\"@id\":\"https:\/\/dev6.erresse-shop.it\/#organization\",\"name\":\"Erresse Shop\",\"url\":\"https:\/\/dev6.erresse-shop.it\/\",\"logo\":{\"@type\":\"ImageObject\",\"inLanguage\":\"fr-FR\",\"@id\":\"https:\/\/dev6.erresse-shop.it\/#\/schema\/logo\/image\/\",\"url\":\"https:\/\/dev6.erresse-shop.it\/wp-content\/uploads\/2025\/01\/LOGO-ERRESSE-CLASSICO.svg\",\"contentUrl\":\"https:\/\/dev6.erresse-shop.it\/wp-content\/uploads\/2025\/01\/LOGO-ERRESSE-CLASSICO.svg\",\"caption\":\"Erresse Shop\"},\"image\":{\"@id\":\"https:\/\/dev6.erresse-shop.it\/#\/schema\/logo\/image\/\"}}]}<\/script>\n<!-- \/ Yoast SEO plugin. -->","yoast_head_json":{"title":"VILLEROY &#038;amp ; BOCH Winter Bakery Delight Grand plateau \u00e9toil\u00e9 - dev6 Erresse","description":"Bol d\u00e9coratif pour No\u00ebl Winter Bakery Delight vous donne envie d\u2019\u00e9toiles \u00e0 la cannelle, de lait de poule et de pommes au four. La porcelaine d\u00e9cor\u00e9e de","robots":{"index":"noindex","follow":"follow","max-snippet":"max-snippet:-1","max-image-preview":"max-image-preview:large","max-video-preview":"max-video-preview:-1"},"og_locale":"fr_FR","og_type":"article","og_title":"VILLEROY &#038;amp ; BOCH Winter Bakery Delight Grand plateau \u00e9toil\u00e9 - dev6 Erresse","og_description":"Bol d\u00e9coratif pour No\u00ebl Winter Bakery Delight vous donne envie d\u2019\u00e9toiles \u00e0 la cannelle, de lait de poule et de pommes au four. La porcelaine d\u00e9cor\u00e9e de","og_url":"https:\/\/dev6.erresse-shop.it\/fr\/shop\/table-fr-2\/plateaux\/villeroy-amp-boch-winter-bakery-delight-grand-plateau-etoile\/","og_site_name":"dev6 Erresse","og_image":[{"url":"https:\/\/interpim.erresse-shop.it\/img-catalogo\/villeroy\/villeroy-boch-winter-bakery-delight-coppa-a-stella-grande.jpg","type":"","width":"","height":""},{"url":"https:\/\/interpim.erresse-shop.it\/img-catalogo\/villeroy\/villeroy-boch-winter-bakery-delight-coppa-a-stella-grande.jpg","width":1024,"height":1024,"type":"image\/jpeg"}],"twitter_card":"summary_large_image","twitter_image":"https:\/\/interpim.erresse-shop.it\/img-catalogo\/villeroy\/villeroy-boch-winter-bakery-delight-coppa-a-stella-grande.jpg","schema":{"@context":"https:\/\/schema.org","@graph":[{"@type":"WebPage","@id":"https:\/\/dev6.erresse-shop.it\/fr\/shop\/table-fr-2\/plateaux\/villeroy-amp-boch-winter-bakery-delight-grand-plateau-etoile\/","url":"https:\/\/dev6.erresse-shop.it\/fr\/shop\/table-fr-2\/plateaux\/villeroy-amp-boch-winter-bakery-delight-grand-plateau-etoile\/","name":"VILLEROY &#038;amp ; BOCH Winter Bakery Delight Grand plateau \u00e9toil\u00e9 - dev6 Erresse","isPartOf":{"@id":"https:\/\/dev6.erresse-shop.it\/#website"},"primaryImageOfPage":{"@id":"https:\/\/dev6.erresse-shop.it\/fr\/shop\/table-fr-2\/plateaux\/villeroy-amp-boch-winter-bakery-delight-grand-plateau-etoile\/#primaryimage"},"image":{"@id":"https:\/\/dev6.erresse-shop.it\/fr\/shop\/table-fr-2\/plateaux\/villeroy-amp-boch-winter-bakery-delight-grand-plateau-etoile\/#primaryimage"},"thumbnailUrl":"https:\/\/i3.wp.com\/interpim.erresse-shop.it\/img-catalogo\/villeroy\/villeroy-boch-winter-bakery-delight-coppa-a-stella-grande.jpg?ssl=1","datePublished":"2026-04-12T07:52:06+00:00","description":"Bol d\u00e9coratif pour No\u00ebl Winter Bakery Delight vous donne envie d\u2019\u00e9toiles \u00e0 la cannelle, de lait de poule et de pommes au four. La porcelaine d\u00e9cor\u00e9e de","breadcrumb":{"@id":"https:\/\/dev6.erresse-shop.it\/fr\/shop\/table-fr-2\/plateaux\/villeroy-amp-boch-winter-bakery-delight-grand-plateau-etoile\/#breadcrumb"},"inLanguage":"fr-FR","potentialAction":[{"@type":"ReadAction","target":["https:\/\/dev6.erresse-shop.it\/fr\/shop\/table-fr-2\/plateaux\/villeroy-amp-boch-winter-bakery-delight-grand-plateau-etoile\/"]}]},{"@type":"ImageObject","inLanguage":"fr-FR","@id":"https:\/\/dev6.erresse-shop.it\/fr\/shop\/table-fr-2\/plateaux\/villeroy-amp-boch-winter-bakery-delight-grand-plateau-etoile\/#primaryimage","url":"https:\/\/i3.wp.com\/interpim.erresse-shop.it\/img-catalogo\/villeroy\/villeroy-boch-winter-bakery-delight-coppa-a-stella-grande.jpg?ssl=1","contentUrl":"https:\/\/i3.wp.com\/interpim.erresse-shop.it\/img-catalogo\/villeroy\/villeroy-boch-winter-bakery-delight-coppa-a-stella-grande.jpg?ssl=1"},{"@type":"BreadcrumbList","@id":"https:\/\/dev6.erresse-shop.it\/fr\/shop\/table-fr-2\/plateaux\/villeroy-amp-boch-winter-bakery-delight-grand-plateau-etoile\/#breadcrumb","itemListElement":[{"@type":"ListItem","position":1,"name":"Home","item":"https:\/\/dev6.erresse-shop.it\/"},{"@type":"ListItem","position":2,"name":"Boutique","item":"https:\/\/dev6.erresse-shop.it\/shop\/"},{"@type":"ListItem","position":3,"name":"VILLEROY &#038;amp ; BOCH Winter Bakery Delight Grand plateau \u00e9toil\u00e9"}]},{"@type":"WebSite","@id":"https:\/\/dev6.erresse-shop.it\/#website","url":"https:\/\/dev6.erresse-shop.it\/","name":"Erresse Shop","description":"","publisher":{"@id":"https:\/\/dev6.erresse-shop.it\/#organization"},"potentialAction":[{"@type":"SearchAction","target":{"@type":"EntryPoint","urlTemplate":"https:\/\/dev6.erresse-shop.it\/?s={search_term_string}"},"query-input":{"@type":"PropertyValueSpecification","valueRequired":true,"valueName":"search_term_string"}}],"inLanguage":"fr-FR"},{"@type":"Organization","@id":"https:\/\/dev6.erresse-shop.it\/#organization","name":"Erresse Shop","url":"https:\/\/dev6.erresse-shop.it\/","logo":{"@type":"ImageObject","inLanguage":"fr-FR","@id":"https:\/\/dev6.erresse-shop.it\/#\/schema\/logo\/image\/","url":"https:\/\/dev6.erresse-shop.it\/wp-content\/uploads\/2025\/01\/LOGO-ERRESSE-CLASSICO.svg","contentUrl":"https:\/\/dev6.erresse-shop.it\/wp-content\/uploads\/2025\/01\/LOGO-ERRESSE-CLASSICO.svg","caption":"Erresse Shop"},"image":{"@id":"https:\/\/dev6.erresse-shop.it\/#\/schema\/logo\/image\/"}}]}},"df_price":94.95,"df_sale_price":94.95,"df_regular_price":119,"df_image_link":"https:\/\/i3.wp.com\/interpim.erresse-shop.it\/img-catalogo\/villeroy\/villeroy-boch-winter-bakery-delight-coppa-a-stella-grande.jpg?resize=300,300&ssl=1","fifu_image_url":"https:\/\/interpim.erresse-shop.it\/img-catalogo\/villeroy\/villeroy-boch-winter-bakery-delight-coppa-a-stella-grande.jpg","_links":{"self":[{"href":"https:\/\/dev6.erresse-shop.it\/fr\/wp-json\/wp\/v2\/product\/62095","targetHints":{"allow":["GET"]}}],"collection":[{"href":"https:\/\/dev6.erresse-shop.it\/fr\/wp-json\/wp\/v2\/product"}],"about":[{"href":"https:\/\/dev6.erresse-shop.it\/fr\/wp-json\/wp\/v2\/types\/product"}],"wp:featuredmedia":[{"embeddable":true,"href":"https:\/\/dev6.erresse-shop.it\/fr\/wp-json\/wp\/v2\/media\/6363716"}],"wp:attachment":[{"href":"https:\/\/dev6.erresse-shop.it\/fr\/wp-json\/wp\/v2\/media?parent=62095"}],"wp:term":[{"taxonomy":"product_cat","embeddable":true,"href":"https:\/\/dev6.erresse-shop.it\/fr\/wp-json\/wp\/v2\/product_cat?post=62095"},{"taxonomy":"product_tag","embeddable":true,"href":"https:\/\/dev6.erresse-shop.it\/fr\/wp-json\/wp\/v2\/product_tag?post=62095"}],"curies":[{"name":"wp","href":"https:\/\/api.w.org\/{rel}","templated":true}]}}