{"id":62083,"date":"2026-04-12T09:52:06","date_gmt":"2026-04-12T07:52:06","guid":{"rendered":"https:\/\/dev6.erresse-shop.it\/shop\/non%20class\u00e9\/villeroy-boch-winter-bakery-delight-grande-assiette-a-patisserie-rectangulaire\/"},"modified":"2025-07-04T17:09:32","modified_gmt":"2025-07-04T15:09:32","slug":"villeroy-boch-winter-bakery-delight-grande-assiette-a-patisserie-rectangulaire","status":"publish","type":"product","link":"https:\/\/dev6.erresse-shop.it\/fr\/shop\/table-fr-2\/plateaux\/villeroy-boch-winter-bakery-delight-grande-assiette-a-patisserie-rectangulaire\/","title":{"rendered":"VILLEROY &#038; BOCH Winter Bakery Delight Grande Assiette \u00e0 P\u00e2tisserie Rectangulaire"},"content":{"rendered":"<p>Assiette \u00e0 p\u00e2tisserie et \u00e0 g\u00e2teaux<\/p>\n<p>Winter Bakery Delight vous donne envie d\u2019\u00e9toiles \u00e0 la cannelle, de lait de poule et de pommes au four. La porcelaine d\u00e9cor\u00e9e de mani\u00e8re festive est assortie aux ornements lumineux de l\u2019Avent et des mois d\u2019hiver. Les d\u00e9lices faits maison pour le petit-d\u00e9jeuner ou le caf\u00e9 de l\u2019apr\u00e8s-midi peuvent \u00eatre plac\u00e9s dans la grande assiette d\u2019angle. Faites plaisir \u00e0 vos proches.<\/p>\n<p>Mat\u00e9riau : Porcelaine de qualit\u00e9 sup\u00e9rieure<br \/>\nPasse au lave-vaisselle : Non<br \/>\nPasse au micro-ondes : Oui<\/p>\n","protected":false},"excerpt":{"rendered":"<p>Assiette \u00e0 p\u00e2tisserie et \u00e0 g\u00e2teaux Winter Bakery Delight vous donne envie d\u2019\u00e9toiles \u00e0 la cannelle, de lait de poule et de pommes au four. La porcelaine d\u00e9cor\u00e9e de mani\u00e8re festive est assortie aux ornements lumineux de l\u2019Avent et des mois d\u2019hiver. Les d\u00e9lices faits maison pour le petit-d\u00e9jeuner ou le caf\u00e9 de l\u2019apr\u00e8s-midi peuvent [&hellip;]<\/p>\n","protected":false},"featured_media":6363675,"template":"","meta":{"_acf_changed":false},"product_cat":[11721,12004,12045,11995],"product_tag":[],"class_list":{"0":"post-62083","1":"product","2":"type-product","3":"status-publish","4":"has-post-thumbnail","6":"product_cat-piatti-portata","7":"product_cat-plateaux","8":"product_cat-plats-de-service","9":"product_cat-table-fr-2","11":"first","12":"instock","13":"taxable","14":"shipping-taxable","15":"purchasable","16":"product-type-simple","swatches":"rey-swatches","show_selected":"","stretch_labels":"rey-swatches--stretch-labels"},"acf":[],"yoast_head":"<!-- This site is optimized with the Yoast SEO plugin v25.4 - https:\/\/yoast.com\/wordpress\/plugins\/seo\/ -->\n<title>VILLEROY &#038; BOCH Winter Bakery Delight Grande Assiette \u00e0 P\u00e2tisserie Rectangulaire - dev6 Erresse<\/title>\n<meta name=\"description\" content=\"Assiette \u00e0 p\u00e2tisserie et \u00e0 g\u00e2teaux Winter Bakery Delight vous donne envie d\u2019\u00e9toiles \u00e0 la cannelle, de lait de poule et de pommes au four. La porcelaine\" \/>\n<meta name=\"robots\" content=\"noindex, follow, max-snippet:-1, max-image-preview:large, max-video-preview:-1\" \/>\n<meta property=\"og:locale\" content=\"fr_FR\" \/>\n<meta property=\"og:type\" content=\"article\" \/>\n<meta property=\"og:title\" content=\"VILLEROY &#038; BOCH Winter Bakery Delight Grande Assiette \u00e0 P\u00e2tisserie Rectangulaire - dev6 Erresse\" \/>\n<meta property=\"og:description\" content=\"Assiette \u00e0 p\u00e2tisserie et \u00e0 g\u00e2teaux Winter Bakery Delight vous donne envie d\u2019\u00e9toiles \u00e0 la cannelle, de lait de poule et de pommes au four. La porcelaine\" \/>\n<meta property=\"og:url\" content=\"https:\/\/dev6.erresse-shop.it\/fr\/shop\/table-fr-2\/plateaux\/villeroy-boch-winter-bakery-delight-grande-assiette-a-patisserie-rectangulaire\/\" \/>\n<meta property=\"og:site_name\" content=\"dev6 Erresse\" \/>\n<meta property=\"og:image\" content=\"https:\/\/interpim.erresse-shop.it\/img-catalogo\/villeroy\/villeroy-boch-winter-bakery-delight-piatto-pasticcini-rettangolare-grande-1.jpg\" \/><meta property=\"og:image\" content=\"https:\/\/interpim.erresse-shop.it\/img-catalogo\/villeroy\/villeroy-boch-winter-bakery-delight-piatto-pasticcini-rettangolare-grande-1.jpg\" \/>\n\t<meta property=\"og:image:width\" content=\"1024\" \/>\n\t<meta property=\"og:image:height\" content=\"1024\" \/>\n\t<meta property=\"og:image:type\" content=\"image\/jpeg\" \/>\n<meta name=\"twitter:card\" content=\"summary_large_image\" \/>\n<meta name=\"twitter:image\" content=\"https:\/\/interpim.erresse-shop.it\/img-catalogo\/villeroy\/villeroy-boch-winter-bakery-delight-piatto-pasticcini-rettangolare-grande-1.jpg\" \/>\n<script type=\"application\/ld+json\" class=\"yoast-schema-graph\">{\"@context\":\"https:\/\/schema.org\",\"@graph\":[{\"@type\":\"WebPage\",\"@id\":\"https:\/\/dev6.erresse-shop.it\/fr\/shop\/table-fr-2\/plateaux\/villeroy-boch-winter-bakery-delight-grande-assiette-a-patisserie-rectangulaire\/\",\"url\":\"https:\/\/dev6.erresse-shop.it\/fr\/shop\/table-fr-2\/plateaux\/villeroy-boch-winter-bakery-delight-grande-assiette-a-patisserie-rectangulaire\/\",\"name\":\"VILLEROY &#038; BOCH Winter Bakery Delight Grande Assiette \u00e0 P\u00e2tisserie Rectangulaire - dev6 Erresse\",\"isPartOf\":{\"@id\":\"https:\/\/dev6.erresse-shop.it\/#website\"},\"primaryImageOfPage\":{\"@id\":\"https:\/\/dev6.erresse-shop.it\/fr\/shop\/table-fr-2\/plateaux\/villeroy-boch-winter-bakery-delight-grande-assiette-a-patisserie-rectangulaire\/#primaryimage\"},\"image\":{\"@id\":\"https:\/\/dev6.erresse-shop.it\/fr\/shop\/table-fr-2\/plateaux\/villeroy-boch-winter-bakery-delight-grande-assiette-a-patisserie-rectangulaire\/#primaryimage\"},\"thumbnailUrl\":\"https:\/\/i1.wp.com\/interpim.erresse-shop.it\/img-catalogo\/villeroy\/villeroy-boch-winter-bakery-delight-piatto-pasticcini-rettangolare-grande-1.jpg?ssl=1\",\"datePublished\":\"2026-04-12T07:52:06+00:00\",\"description\":\"Assiette \u00e0 p\u00e2tisserie et \u00e0 g\u00e2teaux Winter Bakery Delight vous donne envie d\u2019\u00e9toiles \u00e0 la cannelle, de lait de poule et de pommes au four. La porcelaine\",\"breadcrumb\":{\"@id\":\"https:\/\/dev6.erresse-shop.it\/fr\/shop\/table-fr-2\/plateaux\/villeroy-boch-winter-bakery-delight-grande-assiette-a-patisserie-rectangulaire\/#breadcrumb\"},\"inLanguage\":\"fr-FR\",\"potentialAction\":[{\"@type\":\"ReadAction\",\"target\":[\"https:\/\/dev6.erresse-shop.it\/fr\/shop\/table-fr-2\/plateaux\/villeroy-boch-winter-bakery-delight-grande-assiette-a-patisserie-rectangulaire\/\"]}]},{\"@type\":\"ImageObject\",\"inLanguage\":\"fr-FR\",\"@id\":\"https:\/\/dev6.erresse-shop.it\/fr\/shop\/table-fr-2\/plateaux\/villeroy-boch-winter-bakery-delight-grande-assiette-a-patisserie-rectangulaire\/#primaryimage\",\"url\":\"https:\/\/i1.wp.com\/interpim.erresse-shop.it\/img-catalogo\/villeroy\/villeroy-boch-winter-bakery-delight-piatto-pasticcini-rettangolare-grande-1.jpg?ssl=1\",\"contentUrl\":\"https:\/\/i1.wp.com\/interpim.erresse-shop.it\/img-catalogo\/villeroy\/villeroy-boch-winter-bakery-delight-piatto-pasticcini-rettangolare-grande-1.jpg?ssl=1\"},{\"@type\":\"BreadcrumbList\",\"@id\":\"https:\/\/dev6.erresse-shop.it\/fr\/shop\/table-fr-2\/plateaux\/villeroy-boch-winter-bakery-delight-grande-assiette-a-patisserie-rectangulaire\/#breadcrumb\",\"itemListElement\":[{\"@type\":\"ListItem\",\"position\":1,\"name\":\"Home\",\"item\":\"https:\/\/dev6.erresse-shop.it\/\"},{\"@type\":\"ListItem\",\"position\":2,\"name\":\"Boutique\",\"item\":\"https:\/\/dev6.erresse-shop.it\/shop\/\"},{\"@type\":\"ListItem\",\"position\":3,\"name\":\"VILLEROY &#038; BOCH Winter Bakery Delight Grande Assiette \u00e0 P\u00e2tisserie Rectangulaire\"}]},{\"@type\":\"WebSite\",\"@id\":\"https:\/\/dev6.erresse-shop.it\/#website\",\"url\":\"https:\/\/dev6.erresse-shop.it\/\",\"name\":\"Erresse Shop\",\"description\":\"\",\"publisher\":{\"@id\":\"https:\/\/dev6.erresse-shop.it\/#organization\"},\"potentialAction\":[{\"@type\":\"SearchAction\",\"target\":{\"@type\":\"EntryPoint\",\"urlTemplate\":\"https:\/\/dev6.erresse-shop.it\/?s={search_term_string}\"},\"query-input\":{\"@type\":\"PropertyValueSpecification\",\"valueRequired\":true,\"valueName\":\"search_term_string\"}}],\"inLanguage\":\"fr-FR\"},{\"@type\":\"Organization\",\"@id\":\"https:\/\/dev6.erresse-shop.it\/#organization\",\"name\":\"Erresse Shop\",\"url\":\"https:\/\/dev6.erresse-shop.it\/\",\"logo\":{\"@type\":\"ImageObject\",\"inLanguage\":\"fr-FR\",\"@id\":\"https:\/\/dev6.erresse-shop.it\/#\/schema\/logo\/image\/\",\"url\":\"https:\/\/dev6.erresse-shop.it\/wp-content\/uploads\/2025\/01\/LOGO-ERRESSE-CLASSICO.svg\",\"contentUrl\":\"https:\/\/dev6.erresse-shop.it\/wp-content\/uploads\/2025\/01\/LOGO-ERRESSE-CLASSICO.svg\",\"caption\":\"Erresse Shop\"},\"image\":{\"@id\":\"https:\/\/dev6.erresse-shop.it\/#\/schema\/logo\/image\/\"}}]}<\/script>\n<!-- \/ Yoast SEO plugin. -->","yoast_head_json":{"title":"VILLEROY &#038; BOCH Winter Bakery Delight Grande Assiette \u00e0 P\u00e2tisserie Rectangulaire - dev6 Erresse","description":"Assiette \u00e0 p\u00e2tisserie et \u00e0 g\u00e2teaux Winter Bakery Delight vous donne envie d\u2019\u00e9toiles \u00e0 la cannelle, de lait de poule et de pommes au four. La porcelaine","robots":{"index":"noindex","follow":"follow","max-snippet":"max-snippet:-1","max-image-preview":"max-image-preview:large","max-video-preview":"max-video-preview:-1"},"og_locale":"fr_FR","og_type":"article","og_title":"VILLEROY &#038; BOCH Winter Bakery Delight Grande Assiette \u00e0 P\u00e2tisserie Rectangulaire - dev6 Erresse","og_description":"Assiette \u00e0 p\u00e2tisserie et \u00e0 g\u00e2teaux Winter Bakery Delight vous donne envie d\u2019\u00e9toiles \u00e0 la cannelle, de lait de poule et de pommes au four. La porcelaine","og_url":"https:\/\/dev6.erresse-shop.it\/fr\/shop\/table-fr-2\/plateaux\/villeroy-boch-winter-bakery-delight-grande-assiette-a-patisserie-rectangulaire\/","og_site_name":"dev6 Erresse","og_image":[{"url":"https:\/\/interpim.erresse-shop.it\/img-catalogo\/villeroy\/villeroy-boch-winter-bakery-delight-piatto-pasticcini-rettangolare-grande-1.jpg","type":"","width":"","height":""},{"url":"https:\/\/interpim.erresse-shop.it\/img-catalogo\/villeroy\/villeroy-boch-winter-bakery-delight-piatto-pasticcini-rettangolare-grande-1.jpg","width":1024,"height":1024,"type":"image\/jpeg"}],"twitter_card":"summary_large_image","twitter_image":"https:\/\/interpim.erresse-shop.it\/img-catalogo\/villeroy\/villeroy-boch-winter-bakery-delight-piatto-pasticcini-rettangolare-grande-1.jpg","schema":{"@context":"https:\/\/schema.org","@graph":[{"@type":"WebPage","@id":"https:\/\/dev6.erresse-shop.it\/fr\/shop\/table-fr-2\/plateaux\/villeroy-boch-winter-bakery-delight-grande-assiette-a-patisserie-rectangulaire\/","url":"https:\/\/dev6.erresse-shop.it\/fr\/shop\/table-fr-2\/plateaux\/villeroy-boch-winter-bakery-delight-grande-assiette-a-patisserie-rectangulaire\/","name":"VILLEROY &#038; BOCH Winter Bakery Delight Grande Assiette \u00e0 P\u00e2tisserie Rectangulaire - dev6 Erresse","isPartOf":{"@id":"https:\/\/dev6.erresse-shop.it\/#website"},"primaryImageOfPage":{"@id":"https:\/\/dev6.erresse-shop.it\/fr\/shop\/table-fr-2\/plateaux\/villeroy-boch-winter-bakery-delight-grande-assiette-a-patisserie-rectangulaire\/#primaryimage"},"image":{"@id":"https:\/\/dev6.erresse-shop.it\/fr\/shop\/table-fr-2\/plateaux\/villeroy-boch-winter-bakery-delight-grande-assiette-a-patisserie-rectangulaire\/#primaryimage"},"thumbnailUrl":"https:\/\/i1.wp.com\/interpim.erresse-shop.it\/img-catalogo\/villeroy\/villeroy-boch-winter-bakery-delight-piatto-pasticcini-rettangolare-grande-1.jpg?ssl=1","datePublished":"2026-04-12T07:52:06+00:00","description":"Assiette \u00e0 p\u00e2tisserie et \u00e0 g\u00e2teaux Winter Bakery Delight vous donne envie d\u2019\u00e9toiles \u00e0 la cannelle, de lait de poule et de pommes au four. La porcelaine","breadcrumb":{"@id":"https:\/\/dev6.erresse-shop.it\/fr\/shop\/table-fr-2\/plateaux\/villeroy-boch-winter-bakery-delight-grande-assiette-a-patisserie-rectangulaire\/#breadcrumb"},"inLanguage":"fr-FR","potentialAction":[{"@type":"ReadAction","target":["https:\/\/dev6.erresse-shop.it\/fr\/shop\/table-fr-2\/plateaux\/villeroy-boch-winter-bakery-delight-grande-assiette-a-patisserie-rectangulaire\/"]}]},{"@type":"ImageObject","inLanguage":"fr-FR","@id":"https:\/\/dev6.erresse-shop.it\/fr\/shop\/table-fr-2\/plateaux\/villeroy-boch-winter-bakery-delight-grande-assiette-a-patisserie-rectangulaire\/#primaryimage","url":"https:\/\/i1.wp.com\/interpim.erresse-shop.it\/img-catalogo\/villeroy\/villeroy-boch-winter-bakery-delight-piatto-pasticcini-rettangolare-grande-1.jpg?ssl=1","contentUrl":"https:\/\/i1.wp.com\/interpim.erresse-shop.it\/img-catalogo\/villeroy\/villeroy-boch-winter-bakery-delight-piatto-pasticcini-rettangolare-grande-1.jpg?ssl=1"},{"@type":"BreadcrumbList","@id":"https:\/\/dev6.erresse-shop.it\/fr\/shop\/table-fr-2\/plateaux\/villeroy-boch-winter-bakery-delight-grande-assiette-a-patisserie-rectangulaire\/#breadcrumb","itemListElement":[{"@type":"ListItem","position":1,"name":"Home","item":"https:\/\/dev6.erresse-shop.it\/"},{"@type":"ListItem","position":2,"name":"Boutique","item":"https:\/\/dev6.erresse-shop.it\/shop\/"},{"@type":"ListItem","position":3,"name":"VILLEROY &#038; BOCH Winter Bakery Delight Grande Assiette \u00e0 P\u00e2tisserie Rectangulaire"}]},{"@type":"WebSite","@id":"https:\/\/dev6.erresse-shop.it\/#website","url":"https:\/\/dev6.erresse-shop.it\/","name":"Erresse Shop","description":"","publisher":{"@id":"https:\/\/dev6.erresse-shop.it\/#organization"},"potentialAction":[{"@type":"SearchAction","target":{"@type":"EntryPoint","urlTemplate":"https:\/\/dev6.erresse-shop.it\/?s={search_term_string}"},"query-input":{"@type":"PropertyValueSpecification","valueRequired":true,"valueName":"search_term_string"}}],"inLanguage":"fr-FR"},{"@type":"Organization","@id":"https:\/\/dev6.erresse-shop.it\/#organization","name":"Erresse Shop","url":"https:\/\/dev6.erresse-shop.it\/","logo":{"@type":"ImageObject","inLanguage":"fr-FR","@id":"https:\/\/dev6.erresse-shop.it\/#\/schema\/logo\/image\/","url":"https:\/\/dev6.erresse-shop.it\/wp-content\/uploads\/2025\/01\/LOGO-ERRESSE-CLASSICO.svg","contentUrl":"https:\/\/dev6.erresse-shop.it\/wp-content\/uploads\/2025\/01\/LOGO-ERRESSE-CLASSICO.svg","caption":"Erresse Shop"},"image":{"@id":"https:\/\/dev6.erresse-shop.it\/#\/schema\/logo\/image\/"}}]}},"df_price":69.9,"df_sale_price":"","df_regular_price":69.9,"df_image_link":"https:\/\/i1.wp.com\/interpim.erresse-shop.it\/img-catalogo\/villeroy\/villeroy-boch-winter-bakery-delight-piatto-pasticcini-rettangolare-grande-1.jpg?resize=300,300&ssl=1","fifu_image_url":"https:\/\/interpim.erresse-shop.it\/img-catalogo\/villeroy\/villeroy-boch-winter-bakery-delight-piatto-pasticcini-rettangolare-grande-1.jpg","_links":{"self":[{"href":"https:\/\/dev6.erresse-shop.it\/fr\/wp-json\/wp\/v2\/product\/62083","targetHints":{"allow":["GET"]}}],"collection":[{"href":"https:\/\/dev6.erresse-shop.it\/fr\/wp-json\/wp\/v2\/product"}],"about":[{"href":"https:\/\/dev6.erresse-shop.it\/fr\/wp-json\/wp\/v2\/types\/product"}],"wp:featuredmedia":[{"embeddable":true,"href":"https:\/\/dev6.erresse-shop.it\/fr\/wp-json\/wp\/v2\/media\/6363675"}],"wp:attachment":[{"href":"https:\/\/dev6.erresse-shop.it\/fr\/wp-json\/wp\/v2\/media?parent=62083"}],"wp:term":[{"taxonomy":"product_cat","embeddable":true,"href":"https:\/\/dev6.erresse-shop.it\/fr\/wp-json\/wp\/v2\/product_cat?post=62083"},{"taxonomy":"product_tag","embeddable":true,"href":"https:\/\/dev6.erresse-shop.it\/fr\/wp-json\/wp\/v2\/product_tag?post=62083"}],"curies":[{"name":"wp","href":"https:\/\/api.w.org\/{rel}","templated":true}]}}