{"id":62069,"date":"2026-04-12T09:52:06","date_gmt":"2026-04-12T07:52:06","guid":{"rendered":"https:\/\/dev6.erresse-shop.it\/shop\/non%20class\u00e9\/villeroy-boch-toys-delight-plat-de-service-rectangulaire\/"},"modified":"2025-07-04T17:09:08","modified_gmt":"2025-07-04T15:09:08","slug":"villeroy-boch-toys-delight-plat-de-service-rectangulaire","status":"publish","type":"product","link":"https:\/\/dev6.erresse-shop.it\/fr\/shop\/table-fr-2\/plateaux\/villeroy-boch-toys-delight-plat-de-service-rectangulaire\/","title":{"rendered":"VILLEROY &#038; BOCH Toy&#8217;s Delight Plat de Service Rectangulaire"},"content":{"rendered":"<p>Parfait pour vos pr\u00e9parations de No\u00ebl<\/p>\n<p>La collection Toy\u2019s Delight vous permettra de cr\u00e9er une atmosph\u00e8re de No\u00ebl nostalgique dans votre maison. La vaisselle et les accessoires d\u00e9coratifs assortis sont orn\u00e9s de jolis motifs qui \u00e9voquent de beaux souvenirs d\u2019enfance. Id\u00e9al pour assortir, collectionner et offrir. Servez votre d\u00e9licieux g\u00e2teau de No\u00ebl ou une s\u00e9lection color\u00e9e de vos biscuits pr\u00e9f\u00e9r\u00e9s dans ce magnifique grand plat \u00e0 g\u00e2teau. Apportez l\u2019ambiance festive de No\u00ebl \u00e0 votre table.<\/p>\n<p>Mat\u00e9riau : Porcelaine de qualit\u00e9 sup\u00e9rieure<br \/>\nPasse au lave-vaisselle : Non<br \/>\nPasse au micro-ondes : Oui<\/p>\n","protected":false},"excerpt":{"rendered":"<p>Parfait pour vos pr\u00e9parations de No\u00ebl La collection Toy\u2019s Delight vous permettra de cr\u00e9er une atmosph\u00e8re de No\u00ebl nostalgique dans votre maison. La vaisselle et les accessoires d\u00e9coratifs assortis sont orn\u00e9s de jolis motifs qui \u00e9voquent de beaux souvenirs d\u2019enfance. Id\u00e9al pour assortir, collectionner et offrir. Servez votre d\u00e9licieux g\u00e2teau de No\u00ebl ou une s\u00e9lection [&hellip;]<\/p>\n","protected":false},"featured_media":6363628,"template":"","meta":{"_acf_changed":false},"product_cat":[12004,11995,11671],"product_tag":[],"class_list":{"0":"post-62069","1":"product","2":"type-product","3":"status-publish","4":"has-post-thumbnail","6":"product_cat-plateaux","7":"product_cat-table-fr-2","8":"product_cat-tavola","10":"first","11":"instock","12":"taxable","13":"shipping-taxable","14":"purchasable","15":"product-type-simple","swatches":"rey-swatches","show_selected":"","stretch_labels":"rey-swatches--stretch-labels"},"acf":[],"yoast_head":"<!-- This site is optimized with the Yoast SEO plugin v25.4 - https:\/\/yoast.com\/wordpress\/plugins\/seo\/ -->\n<title>VILLEROY &#038; BOCH Toy&#8217;s Delight Plat de Service Rectangulaire - dev6 Erresse<\/title>\n<meta name=\"description\" content=\"Parfait pour vos pr\u00e9parations de No\u00ebl La collection Toy\u2019s Delight vous permettra de cr\u00e9er une atmosph\u00e8re de No\u00ebl nostalgique dans votre maison. La\" \/>\n<meta name=\"robots\" content=\"noindex, follow, max-snippet:-1, max-image-preview:large, max-video-preview:-1\" \/>\n<meta property=\"og:locale\" content=\"fr_FR\" \/>\n<meta property=\"og:type\" content=\"article\" \/>\n<meta property=\"og:title\" content=\"VILLEROY &#038; BOCH Toy&#8217;s Delight Plat de Service Rectangulaire - dev6 Erresse\" \/>\n<meta property=\"og:description\" content=\"Parfait pour vos pr\u00e9parations de No\u00ebl La collection Toy\u2019s Delight vous permettra de cr\u00e9er une atmosph\u00e8re de No\u00ebl nostalgique dans votre maison. La\" \/>\n<meta property=\"og:url\" content=\"https:\/\/dev6.erresse-shop.it\/fr\/shop\/table-fr-2\/plateaux\/villeroy-boch-toys-delight-plat-de-service-rectangulaire\/\" \/>\n<meta property=\"og:site_name\" content=\"dev6 Erresse\" \/>\n<meta property=\"og:image\" content=\"https:\/\/interpim.erresse-shop.it\/img-catalogo\/villeroy\/villeroy-boch-toys-delight-piatto-torta-rettangolare.jpg\" \/><meta property=\"og:image\" content=\"https:\/\/interpim.erresse-shop.it\/img-catalogo\/villeroy\/villeroy-boch-toys-delight-piatto-torta-rettangolare.jpg\" \/>\n\t<meta property=\"og:image:width\" content=\"1024\" \/>\n\t<meta property=\"og:image:height\" content=\"1024\" \/>\n\t<meta property=\"og:image:type\" content=\"image\/jpeg\" \/>\n<meta name=\"twitter:card\" content=\"summary_large_image\" \/>\n<meta name=\"twitter:image\" content=\"https:\/\/interpim.erresse-shop.it\/img-catalogo\/villeroy\/villeroy-boch-toys-delight-piatto-torta-rettangolare.jpg\" \/>\n<script type=\"application\/ld+json\" class=\"yoast-schema-graph\">{\"@context\":\"https:\/\/schema.org\",\"@graph\":[{\"@type\":\"WebPage\",\"@id\":\"https:\/\/dev6.erresse-shop.it\/fr\/shop\/table-fr-2\/plateaux\/villeroy-boch-toys-delight-plat-de-service-rectangulaire\/\",\"url\":\"https:\/\/dev6.erresse-shop.it\/fr\/shop\/table-fr-2\/plateaux\/villeroy-boch-toys-delight-plat-de-service-rectangulaire\/\",\"name\":\"VILLEROY &#038; BOCH Toy&#8217;s Delight Plat de Service Rectangulaire - dev6 Erresse\",\"isPartOf\":{\"@id\":\"https:\/\/dev6.erresse-shop.it\/#website\"},\"primaryImageOfPage\":{\"@id\":\"https:\/\/dev6.erresse-shop.it\/fr\/shop\/table-fr-2\/plateaux\/villeroy-boch-toys-delight-plat-de-service-rectangulaire\/#primaryimage\"},\"image\":{\"@id\":\"https:\/\/dev6.erresse-shop.it\/fr\/shop\/table-fr-2\/plateaux\/villeroy-boch-toys-delight-plat-de-service-rectangulaire\/#primaryimage\"},\"thumbnailUrl\":\"https:\/\/i3.wp.com\/interpim.erresse-shop.it\/img-catalogo\/villeroy\/villeroy-boch-toys-delight-piatto-torta-rettangolare.jpg?ssl=1\",\"datePublished\":\"2026-04-12T07:52:06+00:00\",\"description\":\"Parfait pour vos pr\u00e9parations de No\u00ebl La collection Toy\u2019s Delight vous permettra de cr\u00e9er une atmosph\u00e8re de No\u00ebl nostalgique dans votre maison. La\",\"breadcrumb\":{\"@id\":\"https:\/\/dev6.erresse-shop.it\/fr\/shop\/table-fr-2\/plateaux\/villeroy-boch-toys-delight-plat-de-service-rectangulaire\/#breadcrumb\"},\"inLanguage\":\"fr-FR\",\"potentialAction\":[{\"@type\":\"ReadAction\",\"target\":[\"https:\/\/dev6.erresse-shop.it\/fr\/shop\/table-fr-2\/plateaux\/villeroy-boch-toys-delight-plat-de-service-rectangulaire\/\"]}]},{\"@type\":\"ImageObject\",\"inLanguage\":\"fr-FR\",\"@id\":\"https:\/\/dev6.erresse-shop.it\/fr\/shop\/table-fr-2\/plateaux\/villeroy-boch-toys-delight-plat-de-service-rectangulaire\/#primaryimage\",\"url\":\"https:\/\/i3.wp.com\/interpim.erresse-shop.it\/img-catalogo\/villeroy\/villeroy-boch-toys-delight-piatto-torta-rettangolare.jpg?ssl=1\",\"contentUrl\":\"https:\/\/i3.wp.com\/interpim.erresse-shop.it\/img-catalogo\/villeroy\/villeroy-boch-toys-delight-piatto-torta-rettangolare.jpg?ssl=1\"},{\"@type\":\"BreadcrumbList\",\"@id\":\"https:\/\/dev6.erresse-shop.it\/fr\/shop\/table-fr-2\/plateaux\/villeroy-boch-toys-delight-plat-de-service-rectangulaire\/#breadcrumb\",\"itemListElement\":[{\"@type\":\"ListItem\",\"position\":1,\"name\":\"Home\",\"item\":\"https:\/\/dev6.erresse-shop.it\/\"},{\"@type\":\"ListItem\",\"position\":2,\"name\":\"Boutique\",\"item\":\"https:\/\/dev6.erresse-shop.it\/shop\/\"},{\"@type\":\"ListItem\",\"position\":3,\"name\":\"VILLEROY &#038; BOCH Toy&#8217;s Delight Plat de Service Rectangulaire\"}]},{\"@type\":\"WebSite\",\"@id\":\"https:\/\/dev6.erresse-shop.it\/#website\",\"url\":\"https:\/\/dev6.erresse-shop.it\/\",\"name\":\"Erresse Shop\",\"description\":\"\",\"publisher\":{\"@id\":\"https:\/\/dev6.erresse-shop.it\/#organization\"},\"potentialAction\":[{\"@type\":\"SearchAction\",\"target\":{\"@type\":\"EntryPoint\",\"urlTemplate\":\"https:\/\/dev6.erresse-shop.it\/?s={search_term_string}\"},\"query-input\":{\"@type\":\"PropertyValueSpecification\",\"valueRequired\":true,\"valueName\":\"search_term_string\"}}],\"inLanguage\":\"fr-FR\"},{\"@type\":\"Organization\",\"@id\":\"https:\/\/dev6.erresse-shop.it\/#organization\",\"name\":\"Erresse Shop\",\"url\":\"https:\/\/dev6.erresse-shop.it\/\",\"logo\":{\"@type\":\"ImageObject\",\"inLanguage\":\"fr-FR\",\"@id\":\"https:\/\/dev6.erresse-shop.it\/#\/schema\/logo\/image\/\",\"url\":\"https:\/\/dev6.erresse-shop.it\/wp-content\/uploads\/2025\/01\/LOGO-ERRESSE-CLASSICO.svg\",\"contentUrl\":\"https:\/\/dev6.erresse-shop.it\/wp-content\/uploads\/2025\/01\/LOGO-ERRESSE-CLASSICO.svg\",\"caption\":\"Erresse Shop\"},\"image\":{\"@id\":\"https:\/\/dev6.erresse-shop.it\/#\/schema\/logo\/image\/\"}}]}<\/script>\n<!-- \/ Yoast SEO plugin. -->","yoast_head_json":{"title":"VILLEROY &#038; BOCH Toy&#8217;s Delight Plat de Service Rectangulaire - dev6 Erresse","description":"Parfait pour vos pr\u00e9parations de No\u00ebl La collection Toy\u2019s Delight vous permettra de cr\u00e9er une atmosph\u00e8re de No\u00ebl nostalgique dans votre maison. La","robots":{"index":"noindex","follow":"follow","max-snippet":"max-snippet:-1","max-image-preview":"max-image-preview:large","max-video-preview":"max-video-preview:-1"},"og_locale":"fr_FR","og_type":"article","og_title":"VILLEROY &#038; BOCH Toy&#8217;s Delight Plat de Service Rectangulaire - dev6 Erresse","og_description":"Parfait pour vos pr\u00e9parations de No\u00ebl La collection Toy\u2019s Delight vous permettra de cr\u00e9er une atmosph\u00e8re de No\u00ebl nostalgique dans votre maison. La","og_url":"https:\/\/dev6.erresse-shop.it\/fr\/shop\/table-fr-2\/plateaux\/villeroy-boch-toys-delight-plat-de-service-rectangulaire\/","og_site_name":"dev6 Erresse","og_image":[{"url":"https:\/\/interpim.erresse-shop.it\/img-catalogo\/villeroy\/villeroy-boch-toys-delight-piatto-torta-rettangolare.jpg","type":"","width":"","height":""},{"url":"https:\/\/interpim.erresse-shop.it\/img-catalogo\/villeroy\/villeroy-boch-toys-delight-piatto-torta-rettangolare.jpg","width":1024,"height":1024,"type":"image\/jpeg"}],"twitter_card":"summary_large_image","twitter_image":"https:\/\/interpim.erresse-shop.it\/img-catalogo\/villeroy\/villeroy-boch-toys-delight-piatto-torta-rettangolare.jpg","schema":{"@context":"https:\/\/schema.org","@graph":[{"@type":"WebPage","@id":"https:\/\/dev6.erresse-shop.it\/fr\/shop\/table-fr-2\/plateaux\/villeroy-boch-toys-delight-plat-de-service-rectangulaire\/","url":"https:\/\/dev6.erresse-shop.it\/fr\/shop\/table-fr-2\/plateaux\/villeroy-boch-toys-delight-plat-de-service-rectangulaire\/","name":"VILLEROY &#038; BOCH Toy&#8217;s Delight Plat de Service Rectangulaire - dev6 Erresse","isPartOf":{"@id":"https:\/\/dev6.erresse-shop.it\/#website"},"primaryImageOfPage":{"@id":"https:\/\/dev6.erresse-shop.it\/fr\/shop\/table-fr-2\/plateaux\/villeroy-boch-toys-delight-plat-de-service-rectangulaire\/#primaryimage"},"image":{"@id":"https:\/\/dev6.erresse-shop.it\/fr\/shop\/table-fr-2\/plateaux\/villeroy-boch-toys-delight-plat-de-service-rectangulaire\/#primaryimage"},"thumbnailUrl":"https:\/\/i3.wp.com\/interpim.erresse-shop.it\/img-catalogo\/villeroy\/villeroy-boch-toys-delight-piatto-torta-rettangolare.jpg?ssl=1","datePublished":"2026-04-12T07:52:06+00:00","description":"Parfait pour vos pr\u00e9parations de No\u00ebl La collection Toy\u2019s Delight vous permettra de cr\u00e9er une atmosph\u00e8re de No\u00ebl nostalgique dans votre maison. La","breadcrumb":{"@id":"https:\/\/dev6.erresse-shop.it\/fr\/shop\/table-fr-2\/plateaux\/villeroy-boch-toys-delight-plat-de-service-rectangulaire\/#breadcrumb"},"inLanguage":"fr-FR","potentialAction":[{"@type":"ReadAction","target":["https:\/\/dev6.erresse-shop.it\/fr\/shop\/table-fr-2\/plateaux\/villeroy-boch-toys-delight-plat-de-service-rectangulaire\/"]}]},{"@type":"ImageObject","inLanguage":"fr-FR","@id":"https:\/\/dev6.erresse-shop.it\/fr\/shop\/table-fr-2\/plateaux\/villeroy-boch-toys-delight-plat-de-service-rectangulaire\/#primaryimage","url":"https:\/\/i3.wp.com\/interpim.erresse-shop.it\/img-catalogo\/villeroy\/villeroy-boch-toys-delight-piatto-torta-rettangolare.jpg?ssl=1","contentUrl":"https:\/\/i3.wp.com\/interpim.erresse-shop.it\/img-catalogo\/villeroy\/villeroy-boch-toys-delight-piatto-torta-rettangolare.jpg?ssl=1"},{"@type":"BreadcrumbList","@id":"https:\/\/dev6.erresse-shop.it\/fr\/shop\/table-fr-2\/plateaux\/villeroy-boch-toys-delight-plat-de-service-rectangulaire\/#breadcrumb","itemListElement":[{"@type":"ListItem","position":1,"name":"Home","item":"https:\/\/dev6.erresse-shop.it\/"},{"@type":"ListItem","position":2,"name":"Boutique","item":"https:\/\/dev6.erresse-shop.it\/shop\/"},{"@type":"ListItem","position":3,"name":"VILLEROY &#038; BOCH Toy&#8217;s Delight Plat de Service Rectangulaire"}]},{"@type":"WebSite","@id":"https:\/\/dev6.erresse-shop.it\/#website","url":"https:\/\/dev6.erresse-shop.it\/","name":"Erresse Shop","description":"","publisher":{"@id":"https:\/\/dev6.erresse-shop.it\/#organization"},"potentialAction":[{"@type":"SearchAction","target":{"@type":"EntryPoint","urlTemplate":"https:\/\/dev6.erresse-shop.it\/?s={search_term_string}"},"query-input":{"@type":"PropertyValueSpecification","valueRequired":true,"valueName":"search_term_string"}}],"inLanguage":"fr-FR"},{"@type":"Organization","@id":"https:\/\/dev6.erresse-shop.it\/#organization","name":"Erresse Shop","url":"https:\/\/dev6.erresse-shop.it\/","logo":{"@type":"ImageObject","inLanguage":"fr-FR","@id":"https:\/\/dev6.erresse-shop.it\/#\/schema\/logo\/image\/","url":"https:\/\/dev6.erresse-shop.it\/wp-content\/uploads\/2025\/01\/LOGO-ERRESSE-CLASSICO.svg","contentUrl":"https:\/\/dev6.erresse-shop.it\/wp-content\/uploads\/2025\/01\/LOGO-ERRESSE-CLASSICO.svg","caption":"Erresse Shop"},"image":{"@id":"https:\/\/dev6.erresse-shop.it\/#\/schema\/logo\/image\/"}}]}},"df_price":56.9,"df_sale_price":"","df_regular_price":56.9,"df_image_link":"https:\/\/i3.wp.com\/interpim.erresse-shop.it\/img-catalogo\/villeroy\/villeroy-boch-toys-delight-piatto-torta-rettangolare.jpg?resize=300,300&ssl=1","fifu_image_url":"https:\/\/interpim.erresse-shop.it\/img-catalogo\/villeroy\/villeroy-boch-toys-delight-piatto-torta-rettangolare.jpg","_links":{"self":[{"href":"https:\/\/dev6.erresse-shop.it\/fr\/wp-json\/wp\/v2\/product\/62069","targetHints":{"allow":["GET"]}}],"collection":[{"href":"https:\/\/dev6.erresse-shop.it\/fr\/wp-json\/wp\/v2\/product"}],"about":[{"href":"https:\/\/dev6.erresse-shop.it\/fr\/wp-json\/wp\/v2\/types\/product"}],"wp:featuredmedia":[{"embeddable":true,"href":"https:\/\/dev6.erresse-shop.it\/fr\/wp-json\/wp\/v2\/media\/6363628"}],"wp:attachment":[{"href":"https:\/\/dev6.erresse-shop.it\/fr\/wp-json\/wp\/v2\/media?parent=62069"}],"wp:term":[{"taxonomy":"product_cat","embeddable":true,"href":"https:\/\/dev6.erresse-shop.it\/fr\/wp-json\/wp\/v2\/product_cat?post=62069"},{"taxonomy":"product_tag","embeddable":true,"href":"https:\/\/dev6.erresse-shop.it\/fr\/wp-json\/wp\/v2\/product_tag?post=62069"}],"curies":[{"name":"wp","href":"https:\/\/api.w.org\/{rel}","templated":true}]}}