{"id":62035,"date":"2026-04-12T09:52:06","date_gmt":"2026-04-12T07:52:06","guid":{"rendered":"https:\/\/dev6.erresse-shop.it\/shop\/non%20class\u00e9\/zwilling-cube-box-vacuum-set-6-pieces-s-plastic\/"},"modified":"2025-09-14T04:58:39","modified_gmt":"2025-09-14T02:58:39","slug":"zwilling-cube-box-vacuum-set-6-pieces-s-plastic","status":"publish","type":"product","link":"https:\/\/dev6.erresse-shop.it\/fr\/shop\/cuisine\/couteaux\/accessoires\/zwilling-cube-box-vacuum-set-6-pieces-s-plastic\/","title":{"rendered":"ZWILLING Cube Box Vacuum Set 6 pieces S Plastic"},"content":{"rendered":"<p>PETITS R\u00c9CIPIENTS, GRANDE FRA\u00ceCHEUR<\/p>\n<p>Modulaire, empilable et peu encombrant<br \/>\nDes aliments frais plus longtemps gr\u00e2ce \u00e0 la fonction de mise sous vide<br \/>\nCompatible avec la pompe \u00e0 vide ZWILLING FRESH &amp; SAVE<br \/>\nCouvercle herm\u00e9tique qui prot\u00e8ge des nuisibles<br \/>\nGardez la trace de vos aliments avec l\u2019application ZWILLING<\/p>\n<p>Une nouvelle fa\u00e7on d\u2019organiser la cuisine. Adieu le chaos dans la cuisine. Bienvenue aux aliments plus frais ! Avec le ZWILLING FRESH &amp; SAVE CUBE, les aliments avari\u00e9s et le d\u00e9sordre dans la cuisine ne sont plus qu\u2019un lointain souvenir. Le syst\u00e8me de fra\u00eecheur r\u00e9volutionnaire qui vous permet d\u2019am\u00e9liorer votre cuisine avec plus de design, plus de contr\u00f4le et surtout plus de fra\u00eecheur. Premier avantage : le couvercle herm\u00e9tique. Il prot\u00e8ge les aliments de l\u2019humidit\u00e9 et des parasites. De plus, tous les r\u00e9cipients sont compatibles avec la pompe \u00e0 vide ZWILLING FRESH&amp;SAVE, qui vous permet d\u2019\u00e9liminer l\u2019air par simple pression d\u2019un bouton, afin que vos aliments restent frais plus longtemps et conservent leur saveur et leur croquant. Il ne vous reste plus qu\u2019\u00e0 suivre l\u2019\u00e9volution de cette fra\u00eecheur. Gr\u00e2ce \u00e0 la conception en verre, vous pouvez toujours voir le contenu et la quantit\u00e9 \u00e0 l\u2019int\u00e9rieur de vos r\u00e9cipients. Et si vous avez beaucoup de stock, les \u00e9tiquettes NFC r\u00e9inscriptibles vous aident \u00e0 suivre les niveaux de remplissage et la dur\u00e9e de conservation des aliments. Il suffit de coller l\u2019\u00e9tiquette sur le r\u00e9cipient ou de la placer sur la valve \u00e0 l\u2019aide du positionneur d\u2019\u00e9tiquettes et de la scanner avec votre smartphone : l\u2019application ZWILLING s\u2019ouvre alors et vous pouvez suivre vos ingr\u00e9dients.<\/p>\n<p>Un syst\u00e8me d\u2019organisation de la cuisine innovant et peu encombrant avec des r\u00e9cipients modulaires, stables et empilables.<br \/>\nLa pompe \u00e0 vide ZWILLING FRESH &amp; SAVE permet de conserver les aliments frais plus longtemps, r\u00e9duisant ainsi le gaspillage.<br \/>\nLe couvercle herm\u00e9tique prot\u00e8ge les aliments de l\u2019humidit\u00e9 et des parasites.<br \/>\nDesign minimaliste de haute qualit\u00e9 dans un mat\u00e9riau transparent semblable au verre<br \/>\nLes r\u00e9cipients, fabriqu\u00e9s dans un mat\u00e9riau semblable au verre, sont durables et peuvent \u00eatre lav\u00e9s au lave-vaisselle, ce qui les rend faciles \u00e0 nettoyer.<br \/>\nOrganise de mani\u00e8re optimale les aliments stock\u00e9s pour une meilleure tra\u00e7abilit\u00e9 et pour r\u00e9duire le gaspillage alimentaire. Il suffit de fixer les \u00e9tiquettes NFC sur les r\u00e9cipients, de les scanner avec votre smartphone et de les connecter \u00e0 l\u2019application ZWILLING.<br \/>\nAvec insert 4 en 1 pour une mesure parfaite des aliments. Y compris cuill\u00e8re \u00e0 mesurer avec 3 tailles : cuill\u00e8re \u00e0 caf\u00e9 (15 ml), cuill\u00e8re \u00e0 caf\u00e9 (5 ml) et pointe de couteau.<br \/>\nDimensions : r\u00e9cipient S : 7,6 x 10,7 x 10,7 cm\/capacit\u00e9 : 320 ml, r\u00e9cipient 2S : 15,2 x 10,7 x 10,7 cm\/capacit\u00e9 : 825 ml, r\u00e9cipient 3S : 22,8 x 10,7 x 10,7 cm\/capacit\u00e9 : 1,3 l.<\/p>\n<p>CARACT\u00c9RISTIQUES<\/p>\n<p>Couleur : blanc transparent<br \/>\nR\u00e9sistance \u00e0 la chaleur : 90.00 \u00baC<br \/>\nR\u00e9sistance au froid : -10.00 \u00baC<br \/>\nMat\u00e9riau : plastique<br \/>\nNombre de pi\u00e8ces : 6<\/p>\n","protected":false},"excerpt":{"rendered":"<p>PETITS R\u00c9CIPIENTS, GRANDE FRA\u00ceCHEUR Modulaire, empilable et peu encombrant Des aliments frais plus longtemps gr\u00e2ce \u00e0 la fonction de mise sous vide Compatible avec la pompe \u00e0 vide ZWILLING FRESH &amp; SAVE Couvercle herm\u00e9tique qui prot\u00e8ge des nuisibles Gardez la trace de vos aliments avec l\u2019application ZWILLING Une nouvelle fa\u00e7on d\u2019organiser la cuisine. Adieu le [&hellip;]<\/p>\n","protected":false},"featured_media":6363575,"template":"","meta":{"_acf_changed":false},"product_cat":[11999,11668,11992,12095],"product_tag":[],"class_list":{"0":"post-62035","1":"product","2":"type-product","3":"status-publish","4":"has-post-thumbnail","6":"product_cat-accessoires","7":"product_cat-cucina","8":"product_cat-cuisine","9":"product_cat-sous-vide","11":"first","12":"instock","13":"sale","14":"taxable","15":"shipping-taxable","16":"purchasable","17":"product-type-simple","swatches":"rey-swatches","show_selected":"","stretch_labels":"rey-swatches--stretch-labels"},"acf":[],"yoast_head":"<!-- This site is optimized with the Yoast SEO plugin v25.4 - https:\/\/yoast.com\/wordpress\/plugins\/seo\/ -->\n<title>ZWILLING Cube Box Vacuum Set 6 pieces S Plastic - dev6 Erresse<\/title>\n<meta name=\"description\" content=\"PETITS R\u00c9CIPIENTS, GRANDE FRA\u00ceCHEUR Modulaire, empilable et peu encombrant Des aliments frais plus longtemps gr\u00e2ce \u00e0 la fonction de mise sous vide\" \/>\n<meta name=\"robots\" content=\"noindex, follow, max-snippet:-1, max-image-preview:large, max-video-preview:-1\" \/>\n<meta property=\"og:locale\" content=\"fr_FR\" \/>\n<meta property=\"og:type\" content=\"article\" \/>\n<meta property=\"og:title\" content=\"ZWILLING Cube Box Vacuum Set 6 pieces S Plastic - dev6 Erresse\" \/>\n<meta property=\"og:description\" content=\"PETITS R\u00c9CIPIENTS, GRANDE FRA\u00ceCHEUR Modulaire, empilable et peu encombrant Des aliments frais plus longtemps gr\u00e2ce \u00e0 la fonction de mise sous vide\" \/>\n<meta property=\"og:url\" content=\"https:\/\/dev6.erresse-shop.it\/fr\/shop\/cuisine\/couteaux\/accessoires\/zwilling-cube-box-vacuum-set-6-pieces-s-plastic\/\" \/>\n<meta property=\"og:site_name\" content=\"dev6 Erresse\" \/>\n<meta property=\"og:image\" content=\"https:\/\/interpim.erresse-shop.it\/img-catalogo\/zwilling\/zwilling-cube-box-sottovuoto-set-6-pezzi-plastica.jpg\" \/><meta property=\"og:image\" content=\"https:\/\/interpim.erresse-shop.it\/img-catalogo\/zwilling\/zwilling-cube-box-sottovuoto-set-6-pezzi-plastica.jpg\" \/>\n\t<meta property=\"og:image:width\" content=\"1024\" \/>\n\t<meta property=\"og:image:height\" content=\"1024\" \/>\n\t<meta property=\"og:image:type\" content=\"image\/jpeg\" \/>\n<meta name=\"twitter:card\" content=\"summary_large_image\" \/>\n<meta name=\"twitter:image\" content=\"https:\/\/interpim.erresse-shop.it\/img-catalogo\/zwilling\/zwilling-cube-box-sottovuoto-set-6-pezzi-plastica.jpg\" \/>\n<script type=\"application\/ld+json\" class=\"yoast-schema-graph\">{\"@context\":\"https:\/\/schema.org\",\"@graph\":[{\"@type\":\"WebPage\",\"@id\":\"https:\/\/dev6.erresse-shop.it\/fr\/shop\/cuisine\/couteaux\/accessoires\/zwilling-cube-box-vacuum-set-6-pieces-s-plastic\/\",\"url\":\"https:\/\/dev6.erresse-shop.it\/fr\/shop\/cuisine\/couteaux\/accessoires\/zwilling-cube-box-vacuum-set-6-pieces-s-plastic\/\",\"name\":\"ZWILLING Cube Box Vacuum Set 6 pieces S Plastic - dev6 Erresse\",\"isPartOf\":{\"@id\":\"https:\/\/dev6.erresse-shop.it\/#website\"},\"primaryImageOfPage\":{\"@id\":\"https:\/\/dev6.erresse-shop.it\/fr\/shop\/cuisine\/couteaux\/accessoires\/zwilling-cube-box-vacuum-set-6-pieces-s-plastic\/#primaryimage\"},\"image\":{\"@id\":\"https:\/\/dev6.erresse-shop.it\/fr\/shop\/cuisine\/couteaux\/accessoires\/zwilling-cube-box-vacuum-set-6-pieces-s-plastic\/#primaryimage\"},\"thumbnailUrl\":\"https:\/\/i0.wp.com\/interpim.erresse-shop.it\/img-catalogo\/zwilling\/zwilling-cube-box-sottovuoto-set-6-pezzi-plastica.jpg?ssl=1\",\"datePublished\":\"2026-04-12T07:52:06+00:00\",\"description\":\"PETITS R\u00c9CIPIENTS, GRANDE FRA\u00ceCHEUR Modulaire, empilable et peu encombrant Des aliments frais plus longtemps gr\u00e2ce \u00e0 la fonction de mise sous vide\",\"breadcrumb\":{\"@id\":\"https:\/\/dev6.erresse-shop.it\/fr\/shop\/cuisine\/couteaux\/accessoires\/zwilling-cube-box-vacuum-set-6-pieces-s-plastic\/#breadcrumb\"},\"inLanguage\":\"fr-FR\",\"potentialAction\":[{\"@type\":\"ReadAction\",\"target\":[\"https:\/\/dev6.erresse-shop.it\/fr\/shop\/cuisine\/couteaux\/accessoires\/zwilling-cube-box-vacuum-set-6-pieces-s-plastic\/\"]}]},{\"@type\":\"ImageObject\",\"inLanguage\":\"fr-FR\",\"@id\":\"https:\/\/dev6.erresse-shop.it\/fr\/shop\/cuisine\/couteaux\/accessoires\/zwilling-cube-box-vacuum-set-6-pieces-s-plastic\/#primaryimage\",\"url\":\"https:\/\/i0.wp.com\/interpim.erresse-shop.it\/img-catalogo\/zwilling\/zwilling-cube-box-sottovuoto-set-6-pezzi-plastica.jpg?ssl=1\",\"contentUrl\":\"https:\/\/i0.wp.com\/interpim.erresse-shop.it\/img-catalogo\/zwilling\/zwilling-cube-box-sottovuoto-set-6-pezzi-plastica.jpg?ssl=1\"},{\"@type\":\"BreadcrumbList\",\"@id\":\"https:\/\/dev6.erresse-shop.it\/fr\/shop\/cuisine\/couteaux\/accessoires\/zwilling-cube-box-vacuum-set-6-pieces-s-plastic\/#breadcrumb\",\"itemListElement\":[{\"@type\":\"ListItem\",\"position\":1,\"name\":\"Home\",\"item\":\"https:\/\/dev6.erresse-shop.it\/\"},{\"@type\":\"ListItem\",\"position\":2,\"name\":\"Boutique\",\"item\":\"https:\/\/dev6.erresse-shop.it\/shop\/\"},{\"@type\":\"ListItem\",\"position\":3,\"name\":\"ZWILLING Cube Box Vacuum Set 6 pieces S Plastic\"}]},{\"@type\":\"WebSite\",\"@id\":\"https:\/\/dev6.erresse-shop.it\/#website\",\"url\":\"https:\/\/dev6.erresse-shop.it\/\",\"name\":\"Erresse Shop\",\"description\":\"\",\"publisher\":{\"@id\":\"https:\/\/dev6.erresse-shop.it\/#organization\"},\"potentialAction\":[{\"@type\":\"SearchAction\",\"target\":{\"@type\":\"EntryPoint\",\"urlTemplate\":\"https:\/\/dev6.erresse-shop.it\/?s={search_term_string}\"},\"query-input\":{\"@type\":\"PropertyValueSpecification\",\"valueRequired\":true,\"valueName\":\"search_term_string\"}}],\"inLanguage\":\"fr-FR\"},{\"@type\":\"Organization\",\"@id\":\"https:\/\/dev6.erresse-shop.it\/#organization\",\"name\":\"Erresse Shop\",\"url\":\"https:\/\/dev6.erresse-shop.it\/\",\"logo\":{\"@type\":\"ImageObject\",\"inLanguage\":\"fr-FR\",\"@id\":\"https:\/\/dev6.erresse-shop.it\/#\/schema\/logo\/image\/\",\"url\":\"https:\/\/dev6.erresse-shop.it\/wp-content\/uploads\/2025\/01\/LOGO-ERRESSE-CLASSICO.svg\",\"contentUrl\":\"https:\/\/dev6.erresse-shop.it\/wp-content\/uploads\/2025\/01\/LOGO-ERRESSE-CLASSICO.svg\",\"caption\":\"Erresse Shop\"},\"image\":{\"@id\":\"https:\/\/dev6.erresse-shop.it\/#\/schema\/logo\/image\/\"}}]}<\/script>\n<!-- \/ Yoast SEO plugin. -->","yoast_head_json":{"title":"ZWILLING Cube Box Vacuum Set 6 pieces S Plastic - dev6 Erresse","description":"PETITS R\u00c9CIPIENTS, GRANDE FRA\u00ceCHEUR Modulaire, empilable et peu encombrant Des aliments frais plus longtemps gr\u00e2ce \u00e0 la fonction de mise sous vide","robots":{"index":"noindex","follow":"follow","max-snippet":"max-snippet:-1","max-image-preview":"max-image-preview:large","max-video-preview":"max-video-preview:-1"},"og_locale":"fr_FR","og_type":"article","og_title":"ZWILLING Cube Box Vacuum Set 6 pieces S Plastic - dev6 Erresse","og_description":"PETITS R\u00c9CIPIENTS, GRANDE FRA\u00ceCHEUR Modulaire, empilable et peu encombrant Des aliments frais plus longtemps gr\u00e2ce \u00e0 la fonction de mise sous vide","og_url":"https:\/\/dev6.erresse-shop.it\/fr\/shop\/cuisine\/couteaux\/accessoires\/zwilling-cube-box-vacuum-set-6-pieces-s-plastic\/","og_site_name":"dev6 Erresse","og_image":[{"url":"https:\/\/interpim.erresse-shop.it\/img-catalogo\/zwilling\/zwilling-cube-box-sottovuoto-set-6-pezzi-plastica.jpg","type":"","width":"","height":""},{"url":"https:\/\/interpim.erresse-shop.it\/img-catalogo\/zwilling\/zwilling-cube-box-sottovuoto-set-6-pezzi-plastica.jpg","width":1024,"height":1024,"type":"image\/jpeg"}],"twitter_card":"summary_large_image","twitter_image":"https:\/\/interpim.erresse-shop.it\/img-catalogo\/zwilling\/zwilling-cube-box-sottovuoto-set-6-pezzi-plastica.jpg","schema":{"@context":"https:\/\/schema.org","@graph":[{"@type":"WebPage","@id":"https:\/\/dev6.erresse-shop.it\/fr\/shop\/cuisine\/couteaux\/accessoires\/zwilling-cube-box-vacuum-set-6-pieces-s-plastic\/","url":"https:\/\/dev6.erresse-shop.it\/fr\/shop\/cuisine\/couteaux\/accessoires\/zwilling-cube-box-vacuum-set-6-pieces-s-plastic\/","name":"ZWILLING Cube Box Vacuum Set 6 pieces S Plastic - dev6 Erresse","isPartOf":{"@id":"https:\/\/dev6.erresse-shop.it\/#website"},"primaryImageOfPage":{"@id":"https:\/\/dev6.erresse-shop.it\/fr\/shop\/cuisine\/couteaux\/accessoires\/zwilling-cube-box-vacuum-set-6-pieces-s-plastic\/#primaryimage"},"image":{"@id":"https:\/\/dev6.erresse-shop.it\/fr\/shop\/cuisine\/couteaux\/accessoires\/zwilling-cube-box-vacuum-set-6-pieces-s-plastic\/#primaryimage"},"thumbnailUrl":"https:\/\/i0.wp.com\/interpim.erresse-shop.it\/img-catalogo\/zwilling\/zwilling-cube-box-sottovuoto-set-6-pezzi-plastica.jpg?ssl=1","datePublished":"2026-04-12T07:52:06+00:00","description":"PETITS R\u00c9CIPIENTS, GRANDE FRA\u00ceCHEUR Modulaire, empilable et peu encombrant Des aliments frais plus longtemps gr\u00e2ce \u00e0 la fonction de mise sous vide","breadcrumb":{"@id":"https:\/\/dev6.erresse-shop.it\/fr\/shop\/cuisine\/couteaux\/accessoires\/zwilling-cube-box-vacuum-set-6-pieces-s-plastic\/#breadcrumb"},"inLanguage":"fr-FR","potentialAction":[{"@type":"ReadAction","target":["https:\/\/dev6.erresse-shop.it\/fr\/shop\/cuisine\/couteaux\/accessoires\/zwilling-cube-box-vacuum-set-6-pieces-s-plastic\/"]}]},{"@type":"ImageObject","inLanguage":"fr-FR","@id":"https:\/\/dev6.erresse-shop.it\/fr\/shop\/cuisine\/couteaux\/accessoires\/zwilling-cube-box-vacuum-set-6-pieces-s-plastic\/#primaryimage","url":"https:\/\/i0.wp.com\/interpim.erresse-shop.it\/img-catalogo\/zwilling\/zwilling-cube-box-sottovuoto-set-6-pezzi-plastica.jpg?ssl=1","contentUrl":"https:\/\/i0.wp.com\/interpim.erresse-shop.it\/img-catalogo\/zwilling\/zwilling-cube-box-sottovuoto-set-6-pezzi-plastica.jpg?ssl=1"},{"@type":"BreadcrumbList","@id":"https:\/\/dev6.erresse-shop.it\/fr\/shop\/cuisine\/couteaux\/accessoires\/zwilling-cube-box-vacuum-set-6-pieces-s-plastic\/#breadcrumb","itemListElement":[{"@type":"ListItem","position":1,"name":"Home","item":"https:\/\/dev6.erresse-shop.it\/"},{"@type":"ListItem","position":2,"name":"Boutique","item":"https:\/\/dev6.erresse-shop.it\/shop\/"},{"@type":"ListItem","position":3,"name":"ZWILLING Cube Box Vacuum Set 6 pieces S Plastic"}]},{"@type":"WebSite","@id":"https:\/\/dev6.erresse-shop.it\/#website","url":"https:\/\/dev6.erresse-shop.it\/","name":"Erresse Shop","description":"","publisher":{"@id":"https:\/\/dev6.erresse-shop.it\/#organization"},"potentialAction":[{"@type":"SearchAction","target":{"@type":"EntryPoint","urlTemplate":"https:\/\/dev6.erresse-shop.it\/?s={search_term_string}"},"query-input":{"@type":"PropertyValueSpecification","valueRequired":true,"valueName":"search_term_string"}}],"inLanguage":"fr-FR"},{"@type":"Organization","@id":"https:\/\/dev6.erresse-shop.it\/#organization","name":"Erresse Shop","url":"https:\/\/dev6.erresse-shop.it\/","logo":{"@type":"ImageObject","inLanguage":"fr-FR","@id":"https:\/\/dev6.erresse-shop.it\/#\/schema\/logo\/image\/","url":"https:\/\/dev6.erresse-shop.it\/wp-content\/uploads\/2025\/01\/LOGO-ERRESSE-CLASSICO.svg","contentUrl":"https:\/\/dev6.erresse-shop.it\/wp-content\/uploads\/2025\/01\/LOGO-ERRESSE-CLASSICO.svg","caption":"Erresse Shop"},"image":{"@id":"https:\/\/dev6.erresse-shop.it\/#\/schema\/logo\/image\/"}}]}},"df_price":52,"df_sale_price":52,"df_regular_price":59.95,"df_image_link":"https:\/\/i0.wp.com\/interpim.erresse-shop.it\/img-catalogo\/zwilling\/zwilling-cube-box-sottovuoto-set-6-pezzi-plastica.jpg?resize=300,300&ssl=1","fifu_image_url":"https:\/\/interpim.erresse-shop.it\/img-catalogo\/zwilling\/zwilling-cube-box-sottovuoto-set-6-pezzi-plastica.jpg","_links":{"self":[{"href":"https:\/\/dev6.erresse-shop.it\/fr\/wp-json\/wp\/v2\/product\/62035","targetHints":{"allow":["GET"]}}],"collection":[{"href":"https:\/\/dev6.erresse-shop.it\/fr\/wp-json\/wp\/v2\/product"}],"about":[{"href":"https:\/\/dev6.erresse-shop.it\/fr\/wp-json\/wp\/v2\/types\/product"}],"wp:featuredmedia":[{"embeddable":true,"href":"https:\/\/dev6.erresse-shop.it\/fr\/wp-json\/wp\/v2\/media\/6363575"}],"wp:attachment":[{"href":"https:\/\/dev6.erresse-shop.it\/fr\/wp-json\/wp\/v2\/media?parent=62035"}],"wp:term":[{"taxonomy":"product_cat","embeddable":true,"href":"https:\/\/dev6.erresse-shop.it\/fr\/wp-json\/wp\/v2\/product_cat?post=62035"},{"taxonomy":"product_tag","embeddable":true,"href":"https:\/\/dev6.erresse-shop.it\/fr\/wp-json\/wp\/v2\/product_tag?post=62035"}],"curies":[{"name":"wp","href":"https:\/\/api.w.org\/{rel}","templated":true}]}}