{"id":62033,"date":"2026-04-12T09:52:06","date_gmt":"2026-04-12T07:52:06","guid":{"rendered":"https:\/\/dev6.erresse-shop.it\/shop\/non%20class\u00e9\/sage-the-barista-touch-impress\/"},"modified":"2025-07-04T17:08:53","modified_gmt":"2025-07-04T15:08:53","slug":"sage-the-barista-touch-impress","status":"publish","type":"product","link":"https:\/\/dev6.erresse-shop.it\/fr\/shop\/petits-electromenagers\/machines-cafe\/automatique\/sage-the-barista-touch-impress\/","title":{"rendered":"SAGE The Barista Touch Impress"},"content":{"rendered":"<p>FAIRE D\u00c9FILER. S\u00c9LECTIONNER. SURPRENDRE.<\/p>\n<p>Profitez du guide du barista en une seule touche, \u00e9tape par \u00e9tape. Gr\u00e2ce \u00e0 la fonction de retour d\u2019information en temps r\u00e9el, la Barista Touch\u2122 Impress vous guide \u00e0 travers le syst\u00e8me Impress\u2122 Puck, l\u2019extraction pr\u00e9cise et le moussage automatique avec microbulles. Gr\u00e2ce au syst\u00e8me de chauffe ThermoJet\u00ae, pr\u00eat en 3 secondes, le caf\u00e9 passe du grain \u00e0 la tasse plus rapidement que jamais.<\/p>\n<p>LE SYST\u00c8ME IMPRESS\u2122 PUCK<\/p>\n<p>Dosage intelligent avec chargement central du caf\u00e9 moulu, pressage assist\u00e9, torsion professionnelle \u00e0 7\u00b0 et pression pr\u00e9cise de 10 kg : le m\u00e9lange parfait pour cr\u00e9er la dose id\u00e9ale.<\/p>\n<p>Dosage intelligent : La solution innovante de dosage et de pressage apprend au fur et \u00e0 mesure, calculant et ajustant automatiquement la dose de caf\u00e9 en fonction des r\u00e9sultats de la derni\u00e8re mouture et du dernier pressage.<br \/>\nDosage pr\u00e9cis : Si vous devez ajouter ou retirer du caf\u00e9 \u00e0 votre dose, le dosage pr\u00e9cis corrige automatiquement la dose suivante en fonction du r\u00e9sultat pr\u00e9c\u00e9dent, pour que vous obteniez toujours une dose parfaite.<br \/>\nPressage assist\u00e9 : le pressage assist\u00e9 offre une torsion professionnelle de 7\u00b0 et une pression de 10 kg pour obtenir un disque parfaitement propre, comme le ferait un vrai barista.<\/p>\n<p>Guide du barista<\/p>\n<p>Gr\u00e2ce \u00e0 un guidage pas \u00e0 pas avec retour d\u2019information en temps r\u00e9el, la machine vous assiste \u00e0 chaque \u00e9tape : mouture, pressage, extraction, jusqu\u2019\u00e0 l\u2019obtention d\u2019une mousse de lait soyeuse et velout\u00e9e. Des r\u00e9sultats optimaux, \u00e0 chaque fois.<br \/>\nIl vous suffit de glisser votre doigt et de choisir parmi 8 pr\u00e9r\u00e9glages de caf\u00e9 pr\u00e9f\u00e9r\u00e9s ou de personnaliser jusqu\u2019\u00e0 8 boissons.<\/p>\n<p>Auto MilQ\u2122 pour le lait de vache et les autres laits v\u00e9g\u00e9taux.<\/p>\n<p>Auto MilQ\u2122 est d\u00e9sormais encore plus intelligent, avec des r\u00e9glages calibr\u00e9s pour faire mousser le lait d\u2019avoine, d\u2019amande, de soja et de vache et obtenir une mousse soyeuse et velout\u00e9e \u00e0 microbulles, essentielle pour le latte art.<br \/>\nCalibrage du temps d\u2019injection d\u2019air et de la temp\u00e9rature en fonction du type de lait choisi.<\/p>\n<p>Broyage de pr\u00e9cision<\/p>\n<p>le Barista Touch\u2122 Impress offre une large gamme de s\u00e9lection avec 30 r\u00e9glages de mouture. Vous pouvez ainsi ajuster pr\u00e9cis\u00e9ment la taille de la mouture pour obtenir l\u2019extraction et la saveur souhait\u00e9es.<\/p>\n<p>Syst\u00e8me de chauffage de pr\u00e9cision<\/p>\n<p>Le syst\u00e8me de chauffage ThermoJet\u00ae avec contr\u00f4le PID d\u00e9livre un caf\u00e9 savoureux gr\u00e2ce \u00e0 un contr\u00f4le num\u00e9rique pr\u00e9cis de la temp\u00e9rature, de la vitesse d\u2019infusion et du temps de contact.<\/p>\n<p>Accessoires :<\/p>\n<p>Porte-filtre en acier inoxydable de 54 mm<br \/>\nPot \u00e0 lait en acier inoxydable de 480 ml<br \/>\nPaniers-filtres simple et double paroi pour 1 et 2 tasses<br \/>\nFiltre \u00e0 eau avec support<br \/>\nTest de duret\u00e9 de l\u2019eau<br \/>\nOutil de dosage de pr\u00e9cision le Razor\u2122<br \/>\nPastilles de nettoyage<br \/>\nAccessoire de nettoyage de la baguette \u00e0 vapeur<br \/>\nDisque de nettoyage<br \/>\nBrosse de nettoyage<br \/>\nPoudre de d\u00e9tartrage<\/p>\n<p>R\u00e9glages :<\/p>\n<p>Dosage automatique\/manuel<br \/>\nExtractions pour 1 et 2 tasses<br \/>\n8 pr\u00e9r\u00e9glages de caf\u00e9 pr\u00e9f\u00e9r\u00e9s : blanc plat, Caffellatte, Cappuccino, Espresso, Long Black, Babyccino, Chocolat chaud et Th\u00e9<br \/>\nCr\u00e9ez, enregistrez et renommez jusqu\u2019\u00e0 8 boissons personnalisables<\/p>\n<p>Dimensions (LxPxH) : 41,7 cm x 35,8 cm (poign\u00e9e de pression incluse) \/ 33,3 cm (corps principal) x 34,3 cm<\/p>\n<p>Capacit\u00e9 : 340 g, porte-gobelet, r\u00e9servoir d\u2019eau de 2 litres<\/p>\n<p>Mat\u00e9riaux de construction : Acier inoxydable<\/p>\n<p>Tension : 220-240 V<\/p>\n<p>Alimentation \u00e9lectrique : 1430-1700 W<\/p>\n<p>Syst\u00e8me de chauffage : Syst\u00e8me de chauffage ThermoJet<\/p>\n<p>Mousse de lait : Mousse de lait automatique avec Auto MilQ\u2122R\u00e9glages pour les alternatives au lait : lait de vache, amande, avoine et soja<\/p>\n<p>Moulin \u00e0 caf\u00e9 int\u00e9gr\u00e9 : moulins de pr\u00e9cision europ\u00e9ens Baratza<\/p>\n<p>Interface : \u00e9cran tactile<\/p>\n<p>Pressage : Syst\u00e8me Impress\u2122 Puck Pressage assist\u00e9 avec torsion professionnelle \u00e0 7 degr\u00e9s<\/p>\n<p>R\u00e9glages de mouture : 30 r\u00e9glages de mouture de pr\u00e9cision<\/p>\n<p>Ne peut \u00eatre vendu en dehors de l\u2019Europe<\/p>\n","protected":false},"excerpt":{"rendered":"<p>FAIRE D\u00c9FILER. S\u00c9LECTIONNER. SURPRENDRE. Profitez du guide du barista en une seule touche, \u00e9tape par \u00e9tape. Gr\u00e2ce \u00e0 la fonction de retour d\u2019information en temps r\u00e9el, la Barista Touch\u2122 Impress vous guide \u00e0 travers le syst\u00e8me Impress\u2122 Puck, l\u2019extraction pr\u00e9cise et le moussage automatique avec microbulles. Gr\u00e2ce au syst\u00e8me de chauffe ThermoJet\u00ae, pr\u00eat en 3 [&hellip;]<\/p>\n","protected":false},"featured_media":6363544,"template":"","meta":{"_acf_changed":false},"product_cat":[12076,12063,12055],"product_tag":[],"class_list":{"0":"post-62033","1":"product","2":"type-product","3":"status-publish","4":"has-post-thumbnail","6":"product_cat-automatique","7":"product_cat-machines-cafe","8":"product_cat-petits-electromenagers","10":"first","11":"instock","12":"sale","13":"taxable","14":"shipping-taxable","15":"purchasable","16":"product-type-simple","swatches":"rey-swatches","show_selected":"","stretch_labels":"rey-swatches--stretch-labels"},"acf":[],"yoast_head":"<!-- This site is optimized with the Yoast SEO plugin v25.4 - https:\/\/yoast.com\/wordpress\/plugins\/seo\/ -->\n<title>SAGE The Barista Touch Impress - dev6 Erresse<\/title>\n<meta name=\"description\" content=\"FAIRE D\u00c9FILER. S\u00c9LECTIONNER. SURPRENDRE. Profitez du guide du barista en une seule touche, \u00e9tape par \u00e9tape. Gr\u00e2ce \u00e0 la fonction de retour d\u2019information en\" \/>\n<meta name=\"robots\" content=\"noindex, follow, max-snippet:-1, max-image-preview:large, max-video-preview:-1\" \/>\n<meta property=\"og:locale\" content=\"fr_FR\" \/>\n<meta property=\"og:type\" content=\"article\" \/>\n<meta property=\"og:title\" content=\"SAGE The Barista Touch Impress - dev6 Erresse\" \/>\n<meta property=\"og:description\" content=\"FAIRE D\u00c9FILER. S\u00c9LECTIONNER. SURPRENDRE. Profitez du guide du barista en une seule touche, \u00e9tape par \u00e9tape. Gr\u00e2ce \u00e0 la fonction de retour d\u2019information en\" \/>\n<meta property=\"og:url\" content=\"https:\/\/dev6.erresse-shop.it\/fr\/shop\/petits-electromenagers\/machines-cafe\/automatique\/sage-the-barista-touch-impress\/\" \/>\n<meta property=\"og:site_name\" content=\"dev6 Erresse\" \/>\n<meta property=\"og:image\" content=\"https:\/\/interpim.erresse-shop.it\/img-catalogo\/sage\/sage-the-barista-touch-impress.jpg\" \/><meta property=\"og:image\" content=\"https:\/\/interpim.erresse-shop.it\/img-catalogo\/sage\/sage-the-barista-touch-impress.jpg\" \/>\n\t<meta property=\"og:image:width\" content=\"1024\" \/>\n\t<meta property=\"og:image:height\" content=\"1024\" \/>\n\t<meta property=\"og:image:type\" content=\"image\/jpeg\" \/>\n<meta name=\"twitter:card\" content=\"summary_large_image\" \/>\n<meta name=\"twitter:image\" content=\"https:\/\/interpim.erresse-shop.it\/img-catalogo\/sage\/sage-the-barista-touch-impress.jpg\" \/>\n<script type=\"application\/ld+json\" class=\"yoast-schema-graph\">{\"@context\":\"https:\/\/schema.org\",\"@graph\":[{\"@type\":\"WebPage\",\"@id\":\"https:\/\/dev6.erresse-shop.it\/fr\/shop\/petits-electromenagers\/machines-cafe\/automatique\/sage-the-barista-touch-impress\/\",\"url\":\"https:\/\/dev6.erresse-shop.it\/fr\/shop\/petits-electromenagers\/machines-cafe\/automatique\/sage-the-barista-touch-impress\/\",\"name\":\"SAGE The Barista Touch Impress - dev6 Erresse\",\"isPartOf\":{\"@id\":\"https:\/\/dev6.erresse-shop.it\/#website\"},\"primaryImageOfPage\":{\"@id\":\"https:\/\/dev6.erresse-shop.it\/fr\/shop\/petits-electromenagers\/machines-cafe\/automatique\/sage-the-barista-touch-impress\/#primaryimage\"},\"image\":{\"@id\":\"https:\/\/dev6.erresse-shop.it\/fr\/shop\/petits-electromenagers\/machines-cafe\/automatique\/sage-the-barista-touch-impress\/#primaryimage\"},\"thumbnailUrl\":\"https:\/\/i2.wp.com\/interpim.erresse-shop.it\/img-catalogo\/sage\/sage-the-barista-touch-impress.jpg?ssl=1\",\"datePublished\":\"2026-04-12T07:52:06+00:00\",\"description\":\"FAIRE D\u00c9FILER. S\u00c9LECTIONNER. SURPRENDRE. Profitez du guide du barista en une seule touche, \u00e9tape par \u00e9tape. Gr\u00e2ce \u00e0 la fonction de retour d\u2019information en\",\"breadcrumb\":{\"@id\":\"https:\/\/dev6.erresse-shop.it\/fr\/shop\/petits-electromenagers\/machines-cafe\/automatique\/sage-the-barista-touch-impress\/#breadcrumb\"},\"inLanguage\":\"fr-FR\",\"potentialAction\":[{\"@type\":\"ReadAction\",\"target\":[\"https:\/\/dev6.erresse-shop.it\/fr\/shop\/petits-electromenagers\/machines-cafe\/automatique\/sage-the-barista-touch-impress\/\"]}]},{\"@type\":\"ImageObject\",\"inLanguage\":\"fr-FR\",\"@id\":\"https:\/\/dev6.erresse-shop.it\/fr\/shop\/petits-electromenagers\/machines-cafe\/automatique\/sage-the-barista-touch-impress\/#primaryimage\",\"url\":\"https:\/\/i2.wp.com\/interpim.erresse-shop.it\/img-catalogo\/sage\/sage-the-barista-touch-impress.jpg?ssl=1\",\"contentUrl\":\"https:\/\/i2.wp.com\/interpim.erresse-shop.it\/img-catalogo\/sage\/sage-the-barista-touch-impress.jpg?ssl=1\"},{\"@type\":\"BreadcrumbList\",\"@id\":\"https:\/\/dev6.erresse-shop.it\/fr\/shop\/petits-electromenagers\/machines-cafe\/automatique\/sage-the-barista-touch-impress\/#breadcrumb\",\"itemListElement\":[{\"@type\":\"ListItem\",\"position\":1,\"name\":\"Home\",\"item\":\"https:\/\/dev6.erresse-shop.it\/\"},{\"@type\":\"ListItem\",\"position\":2,\"name\":\"Boutique\",\"item\":\"https:\/\/dev6.erresse-shop.it\/shop\/\"},{\"@type\":\"ListItem\",\"position\":3,\"name\":\"SAGE The Barista Touch Impress\"}]},{\"@type\":\"WebSite\",\"@id\":\"https:\/\/dev6.erresse-shop.it\/#website\",\"url\":\"https:\/\/dev6.erresse-shop.it\/\",\"name\":\"Erresse Shop\",\"description\":\"\",\"publisher\":{\"@id\":\"https:\/\/dev6.erresse-shop.it\/#organization\"},\"potentialAction\":[{\"@type\":\"SearchAction\",\"target\":{\"@type\":\"EntryPoint\",\"urlTemplate\":\"https:\/\/dev6.erresse-shop.it\/?s={search_term_string}\"},\"query-input\":{\"@type\":\"PropertyValueSpecification\",\"valueRequired\":true,\"valueName\":\"search_term_string\"}}],\"inLanguage\":\"fr-FR\"},{\"@type\":\"Organization\",\"@id\":\"https:\/\/dev6.erresse-shop.it\/#organization\",\"name\":\"Erresse Shop\",\"url\":\"https:\/\/dev6.erresse-shop.it\/\",\"logo\":{\"@type\":\"ImageObject\",\"inLanguage\":\"fr-FR\",\"@id\":\"https:\/\/dev6.erresse-shop.it\/#\/schema\/logo\/image\/\",\"url\":\"https:\/\/dev6.erresse-shop.it\/wp-content\/uploads\/2025\/01\/LOGO-ERRESSE-CLASSICO.svg\",\"contentUrl\":\"https:\/\/dev6.erresse-shop.it\/wp-content\/uploads\/2025\/01\/LOGO-ERRESSE-CLASSICO.svg\",\"caption\":\"Erresse Shop\"},\"image\":{\"@id\":\"https:\/\/dev6.erresse-shop.it\/#\/schema\/logo\/image\/\"}}]}<\/script>\n<!-- \/ Yoast SEO plugin. -->","yoast_head_json":{"title":"SAGE The Barista Touch Impress - dev6 Erresse","description":"FAIRE D\u00c9FILER. S\u00c9LECTIONNER. SURPRENDRE. Profitez du guide du barista en une seule touche, \u00e9tape par \u00e9tape. Gr\u00e2ce \u00e0 la fonction de retour d\u2019information en","robots":{"index":"noindex","follow":"follow","max-snippet":"max-snippet:-1","max-image-preview":"max-image-preview:large","max-video-preview":"max-video-preview:-1"},"og_locale":"fr_FR","og_type":"article","og_title":"SAGE The Barista Touch Impress - dev6 Erresse","og_description":"FAIRE D\u00c9FILER. S\u00c9LECTIONNER. SURPRENDRE. Profitez du guide du barista en une seule touche, \u00e9tape par \u00e9tape. Gr\u00e2ce \u00e0 la fonction de retour d\u2019information en","og_url":"https:\/\/dev6.erresse-shop.it\/fr\/shop\/petits-electromenagers\/machines-cafe\/automatique\/sage-the-barista-touch-impress\/","og_site_name":"dev6 Erresse","og_image":[{"url":"https:\/\/interpim.erresse-shop.it\/img-catalogo\/sage\/sage-the-barista-touch-impress.jpg","type":"","width":"","height":""},{"url":"https:\/\/interpim.erresse-shop.it\/img-catalogo\/sage\/sage-the-barista-touch-impress.jpg","width":1024,"height":1024,"type":"image\/jpeg"}],"twitter_card":"summary_large_image","twitter_image":"https:\/\/interpim.erresse-shop.it\/img-catalogo\/sage\/sage-the-barista-touch-impress.jpg","schema":{"@context":"https:\/\/schema.org","@graph":[{"@type":"WebPage","@id":"https:\/\/dev6.erresse-shop.it\/fr\/shop\/petits-electromenagers\/machines-cafe\/automatique\/sage-the-barista-touch-impress\/","url":"https:\/\/dev6.erresse-shop.it\/fr\/shop\/petits-electromenagers\/machines-cafe\/automatique\/sage-the-barista-touch-impress\/","name":"SAGE The Barista Touch Impress - dev6 Erresse","isPartOf":{"@id":"https:\/\/dev6.erresse-shop.it\/#website"},"primaryImageOfPage":{"@id":"https:\/\/dev6.erresse-shop.it\/fr\/shop\/petits-electromenagers\/machines-cafe\/automatique\/sage-the-barista-touch-impress\/#primaryimage"},"image":{"@id":"https:\/\/dev6.erresse-shop.it\/fr\/shop\/petits-electromenagers\/machines-cafe\/automatique\/sage-the-barista-touch-impress\/#primaryimage"},"thumbnailUrl":"https:\/\/i2.wp.com\/interpim.erresse-shop.it\/img-catalogo\/sage\/sage-the-barista-touch-impress.jpg?ssl=1","datePublished":"2026-04-12T07:52:06+00:00","description":"FAIRE D\u00c9FILER. S\u00c9LECTIONNER. SURPRENDRE. Profitez du guide du barista en une seule touche, \u00e9tape par \u00e9tape. Gr\u00e2ce \u00e0 la fonction de retour d\u2019information en","breadcrumb":{"@id":"https:\/\/dev6.erresse-shop.it\/fr\/shop\/petits-electromenagers\/machines-cafe\/automatique\/sage-the-barista-touch-impress\/#breadcrumb"},"inLanguage":"fr-FR","potentialAction":[{"@type":"ReadAction","target":["https:\/\/dev6.erresse-shop.it\/fr\/shop\/petits-electromenagers\/machines-cafe\/automatique\/sage-the-barista-touch-impress\/"]}]},{"@type":"ImageObject","inLanguage":"fr-FR","@id":"https:\/\/dev6.erresse-shop.it\/fr\/shop\/petits-electromenagers\/machines-cafe\/automatique\/sage-the-barista-touch-impress\/#primaryimage","url":"https:\/\/i2.wp.com\/interpim.erresse-shop.it\/img-catalogo\/sage\/sage-the-barista-touch-impress.jpg?ssl=1","contentUrl":"https:\/\/i2.wp.com\/interpim.erresse-shop.it\/img-catalogo\/sage\/sage-the-barista-touch-impress.jpg?ssl=1"},{"@type":"BreadcrumbList","@id":"https:\/\/dev6.erresse-shop.it\/fr\/shop\/petits-electromenagers\/machines-cafe\/automatique\/sage-the-barista-touch-impress\/#breadcrumb","itemListElement":[{"@type":"ListItem","position":1,"name":"Home","item":"https:\/\/dev6.erresse-shop.it\/"},{"@type":"ListItem","position":2,"name":"Boutique","item":"https:\/\/dev6.erresse-shop.it\/shop\/"},{"@type":"ListItem","position":3,"name":"SAGE The Barista Touch Impress"}]},{"@type":"WebSite","@id":"https:\/\/dev6.erresse-shop.it\/#website","url":"https:\/\/dev6.erresse-shop.it\/","name":"Erresse Shop","description":"","publisher":{"@id":"https:\/\/dev6.erresse-shop.it\/#organization"},"potentialAction":[{"@type":"SearchAction","target":{"@type":"EntryPoint","urlTemplate":"https:\/\/dev6.erresse-shop.it\/?s={search_term_string}"},"query-input":{"@type":"PropertyValueSpecification","valueRequired":true,"valueName":"search_term_string"}}],"inLanguage":"fr-FR"},{"@type":"Organization","@id":"https:\/\/dev6.erresse-shop.it\/#organization","name":"Erresse Shop","url":"https:\/\/dev6.erresse-shop.it\/","logo":{"@type":"ImageObject","inLanguage":"fr-FR","@id":"https:\/\/dev6.erresse-shop.it\/#\/schema\/logo\/image\/","url":"https:\/\/dev6.erresse-shop.it\/wp-content\/uploads\/2025\/01\/LOGO-ERRESSE-CLASSICO.svg","contentUrl":"https:\/\/dev6.erresse-shop.it\/wp-content\/uploads\/2025\/01\/LOGO-ERRESSE-CLASSICO.svg","caption":"Erresse Shop"},"image":{"@id":"https:\/\/dev6.erresse-shop.it\/#\/schema\/logo\/image\/"}}]}},"df_price":1049.95,"df_sale_price":1049.95,"df_regular_price":1299.9,"df_image_link":"https:\/\/i2.wp.com\/interpim.erresse-shop.it\/img-catalogo\/sage\/sage-the-barista-touch-impress.jpg?resize=300,300&ssl=1","fifu_image_url":"https:\/\/interpim.erresse-shop.it\/img-catalogo\/sage\/sage-the-barista-touch-impress.jpg","_links":{"self":[{"href":"https:\/\/dev6.erresse-shop.it\/fr\/wp-json\/wp\/v2\/product\/62033","targetHints":{"allow":["GET"]}}],"collection":[{"href":"https:\/\/dev6.erresse-shop.it\/fr\/wp-json\/wp\/v2\/product"}],"about":[{"href":"https:\/\/dev6.erresse-shop.it\/fr\/wp-json\/wp\/v2\/types\/product"}],"wp:featuredmedia":[{"embeddable":true,"href":"https:\/\/dev6.erresse-shop.it\/fr\/wp-json\/wp\/v2\/media\/6363544"}],"wp:attachment":[{"href":"https:\/\/dev6.erresse-shop.it\/fr\/wp-json\/wp\/v2\/media?parent=62033"}],"wp:term":[{"taxonomy":"product_cat","embeddable":true,"href":"https:\/\/dev6.erresse-shop.it\/fr\/wp-json\/wp\/v2\/product_cat?post=62033"},{"taxonomy":"product_tag","embeddable":true,"href":"https:\/\/dev6.erresse-shop.it\/fr\/wp-json\/wp\/v2\/product_tag?post=62033"}],"curies":[{"name":"wp","href":"https:\/\/api.w.org\/{rel}","templated":true}]}}