{"id":61930,"date":"2026-04-12T09:48:54","date_gmt":"2026-04-12T07:48:54","guid":{"rendered":"https:\/\/dev6.erresse-shop.it\/shop\/non%20class\u00e9\/light-notes-ampoule-i-love-you\/"},"modified":"2026-02-05T18:35:31","modified_gmt":"2026-02-05T17:35:31","slug":"light-notes-ampoule-i-love-you","status":"publish","type":"product","link":"https:\/\/dev6.erresse-shop.it\/fr\/shop\/ameublement-maison\/lampes\/light-notes-ampoule-i-love-you\/","title":{"rendered":"LIGHT NOTES Ampoule &#8220;I Love You&#8221;"},"content":{"rendered":"<p>Light Notes est le miroir de nos \u00e9motions : un simple mot pour exprimer notre personnalit\u00e9 et notre humeur.<br \/>\nUn message, une d\u00e9claration d\u2019amour \u00e0 travers une ampoule artisanale qui r\u00e9chauffera le c\u0153ur de la personne qui la re\u00e7oit.<\/p>\n<p>Vous pouvez la combiner avec n\u2019importe quel socle\/lampe de votre choix.<\/p>\n<p>La base n\u2019est pas incluse.<\/p>\n<p>Dimensions : 12,5 x 17,5h cm<br \/>\nLED 4W, 220-240V, CULOT E27<\/p>\n","protected":false},"excerpt":{"rendered":"<p>Light Notes est le miroir de nos \u00e9motions : un simple mot pour exprimer notre personnalit\u00e9 et notre humeur. Un message, une d\u00e9claration d\u2019amour \u00e0 travers une ampoule artisanale qui r\u00e9chauffera le c\u0153ur de la personne qui la re\u00e7oit. Vous pouvez la combiner avec n\u2019importe quel socle\/lampe de votre choix. La base n\u2019est pas incluse. [&hellip;]<\/p>\n","protected":false},"featured_media":6363263,"template":"","meta":{"_acf_changed":false},"product_cat":[11990,11695,12019,12021],"product_tag":[],"class_list":{"0":"post-61930","1":"product","2":"type-product","3":"status-publish","4":"has-post-thumbnail","6":"product_cat-ameublement-maison","7":"product_cat-lampade","8":"product_cat-lampes","9":"product_cat-objets-de-decoration","11":"first","12":"instock","13":"sale","14":"taxable","15":"shipping-taxable","16":"purchasable","17":"product-type-simple","swatches":"rey-swatches","show_selected":"","stretch_labels":"rey-swatches--stretch-labels"},"acf":[],"yoast_head":"<!-- This site is optimized with the Yoast SEO plugin v25.4 - https:\/\/yoast.com\/wordpress\/plugins\/seo\/ -->\n<title>LIGHT NOTES Ampoule &#8220;I Love You&#8221; - dev6 Erresse<\/title>\n<meta name=\"description\" content=\"Light Notes est le miroir de nos \u00e9motions : un simple mot pour exprimer notre personnalit\u00e9 et notre humeur. Un message, une d\u00e9claration d\u2019amour \u00e0 travers\" \/>\n<meta name=\"robots\" content=\"noindex, follow, max-snippet:-1, max-image-preview:large, max-video-preview:-1\" \/>\n<meta property=\"og:locale\" content=\"fr_FR\" \/>\n<meta property=\"og:type\" content=\"article\" \/>\n<meta property=\"og:title\" content=\"LIGHT NOTES Ampoule &#8220;I Love You&#8221; - dev6 Erresse\" \/>\n<meta property=\"og:description\" content=\"Light Notes est le miroir de nos \u00e9motions : un simple mot pour exprimer notre personnalit\u00e9 et notre humeur. Un message, une d\u00e9claration d\u2019amour \u00e0 travers\" \/>\n<meta property=\"og:url\" content=\"https:\/\/dev6.erresse-shop.it\/fr\/shop\/ameublement-maison\/lampes\/light-notes-ampoule-i-love-you\/\" \/>\n<meta property=\"og:site_name\" content=\"dev6 Erresse\" \/>\n<meta property=\"og:image\" content=\"https:\/\/interpim.erresse-shop.it\/Import\/Prodotti\/light-notes-lampadina-mai-na-gioia-1.jpg\" \/><meta property=\"og:image\" content=\"https:\/\/interpim.erresse-shop.it\/Import\/Prodotti\/light-notes-lampadina-mai-na-gioia-1.jpg\" \/>\n\t<meta property=\"og:image:width\" content=\"1024\" \/>\n\t<meta property=\"og:image:height\" content=\"1024\" \/>\n\t<meta property=\"og:image:type\" content=\"image\/jpeg\" \/>\n<meta name=\"twitter:card\" content=\"summary_large_image\" \/>\n<meta name=\"twitter:image\" content=\"https:\/\/interpim.erresse-shop.it\/Import\/Prodotti\/light-notes-lampadina-mai-na-gioia-1.jpg\" \/>\n<script type=\"application\/ld+json\" class=\"yoast-schema-graph\">{\"@context\":\"https:\/\/schema.org\",\"@graph\":[{\"@type\":\"WebPage\",\"@id\":\"https:\/\/dev6.erresse-shop.it\/fr\/shop\/ameublement-maison\/lampes\/light-notes-ampoule-i-love-you\/\",\"url\":\"https:\/\/dev6.erresse-shop.it\/fr\/shop\/ameublement-maison\/lampes\/light-notes-ampoule-i-love-you\/\",\"name\":\"LIGHT NOTES Ampoule &#8220;I Love You&#8221; - dev6 Erresse\",\"isPartOf\":{\"@id\":\"https:\/\/dev6.erresse-shop.it\/#website\"},\"primaryImageOfPage\":{\"@id\":\"https:\/\/dev6.erresse-shop.it\/fr\/shop\/ameublement-maison\/lampes\/light-notes-ampoule-i-love-you\/#primaryimage\"},\"image\":{\"@id\":\"https:\/\/dev6.erresse-shop.it\/fr\/shop\/ameublement-maison\/lampes\/light-notes-ampoule-i-love-you\/#primaryimage\"},\"thumbnailUrl\":\"https:\/\/i1.wp.com\/interpim.erresse-shop.it\/Import\/Prodotti\/light-notes-lampadina-mai-na-gioia-1.jpg?ssl=1\",\"datePublished\":\"2026-04-12T07:48:54+00:00\",\"description\":\"Light Notes est le miroir de nos \u00e9motions : un simple mot pour exprimer notre personnalit\u00e9 et notre humeur. Un message, une d\u00e9claration d\u2019amour \u00e0 travers\",\"breadcrumb\":{\"@id\":\"https:\/\/dev6.erresse-shop.it\/fr\/shop\/ameublement-maison\/lampes\/light-notes-ampoule-i-love-you\/#breadcrumb\"},\"inLanguage\":\"fr-FR\",\"potentialAction\":[{\"@type\":\"ReadAction\",\"target\":[\"https:\/\/dev6.erresse-shop.it\/fr\/shop\/ameublement-maison\/lampes\/light-notes-ampoule-i-love-you\/\"]}]},{\"@type\":\"ImageObject\",\"inLanguage\":\"fr-FR\",\"@id\":\"https:\/\/dev6.erresse-shop.it\/fr\/shop\/ameublement-maison\/lampes\/light-notes-ampoule-i-love-you\/#primaryimage\",\"url\":\"https:\/\/i1.wp.com\/interpim.erresse-shop.it\/Import\/Prodotti\/light-notes-lampadina-mai-na-gioia-1.jpg?ssl=1\",\"contentUrl\":\"https:\/\/i1.wp.com\/interpim.erresse-shop.it\/Import\/Prodotti\/light-notes-lampadina-mai-na-gioia-1.jpg?ssl=1\"},{\"@type\":\"BreadcrumbList\",\"@id\":\"https:\/\/dev6.erresse-shop.it\/fr\/shop\/ameublement-maison\/lampes\/light-notes-ampoule-i-love-you\/#breadcrumb\",\"itemListElement\":[{\"@type\":\"ListItem\",\"position\":1,\"name\":\"Home\",\"item\":\"https:\/\/dev6.erresse-shop.it\/\"},{\"@type\":\"ListItem\",\"position\":2,\"name\":\"Boutique\",\"item\":\"https:\/\/dev6.erresse-shop.it\/shop\/\"},{\"@type\":\"ListItem\",\"position\":3,\"name\":\"LIGHT NOTES Ampoule &#8220;I Love You&#8221;\"}]},{\"@type\":\"WebSite\",\"@id\":\"https:\/\/dev6.erresse-shop.it\/#website\",\"url\":\"https:\/\/dev6.erresse-shop.it\/\",\"name\":\"Erresse Shop\",\"description\":\"\",\"publisher\":{\"@id\":\"https:\/\/dev6.erresse-shop.it\/#organization\"},\"potentialAction\":[{\"@type\":\"SearchAction\",\"target\":{\"@type\":\"EntryPoint\",\"urlTemplate\":\"https:\/\/dev6.erresse-shop.it\/?s={search_term_string}\"},\"query-input\":{\"@type\":\"PropertyValueSpecification\",\"valueRequired\":true,\"valueName\":\"search_term_string\"}}],\"inLanguage\":\"fr-FR\"},{\"@type\":\"Organization\",\"@id\":\"https:\/\/dev6.erresse-shop.it\/#organization\",\"name\":\"Erresse Shop\",\"url\":\"https:\/\/dev6.erresse-shop.it\/\",\"logo\":{\"@type\":\"ImageObject\",\"inLanguage\":\"fr-FR\",\"@id\":\"https:\/\/dev6.erresse-shop.it\/#\/schema\/logo\/image\/\",\"url\":\"https:\/\/dev6.erresse-shop.it\/wp-content\/uploads\/2025\/01\/LOGO-ERRESSE-CLASSICO.svg\",\"contentUrl\":\"https:\/\/dev6.erresse-shop.it\/wp-content\/uploads\/2025\/01\/LOGO-ERRESSE-CLASSICO.svg\",\"caption\":\"Erresse Shop\"},\"image\":{\"@id\":\"https:\/\/dev6.erresse-shop.it\/#\/schema\/logo\/image\/\"}}]}<\/script>\n<!-- \/ Yoast SEO plugin. -->","yoast_head_json":{"title":"LIGHT NOTES Ampoule &#8220;I Love You&#8221; - dev6 Erresse","description":"Light Notes est le miroir de nos \u00e9motions : un simple mot pour exprimer notre personnalit\u00e9 et notre humeur. Un message, une d\u00e9claration d\u2019amour \u00e0 travers","robots":{"index":"noindex","follow":"follow","max-snippet":"max-snippet:-1","max-image-preview":"max-image-preview:large","max-video-preview":"max-video-preview:-1"},"og_locale":"fr_FR","og_type":"article","og_title":"LIGHT NOTES Ampoule &#8220;I Love You&#8221; - dev6 Erresse","og_description":"Light Notes est le miroir de nos \u00e9motions : un simple mot pour exprimer notre personnalit\u00e9 et notre humeur. Un message, une d\u00e9claration d\u2019amour \u00e0 travers","og_url":"https:\/\/dev6.erresse-shop.it\/fr\/shop\/ameublement-maison\/lampes\/light-notes-ampoule-i-love-you\/","og_site_name":"dev6 Erresse","og_image":[{"url":"https:\/\/interpim.erresse-shop.it\/Import\/Prodotti\/light-notes-lampadina-mai-na-gioia-1.jpg","type":"","width":"","height":""},{"url":"https:\/\/interpim.erresse-shop.it\/Import\/Prodotti\/light-notes-lampadina-mai-na-gioia-1.jpg","width":1024,"height":1024,"type":"image\/jpeg"}],"twitter_card":"summary_large_image","twitter_image":"https:\/\/interpim.erresse-shop.it\/Import\/Prodotti\/light-notes-lampadina-mai-na-gioia-1.jpg","schema":{"@context":"https:\/\/schema.org","@graph":[{"@type":"WebPage","@id":"https:\/\/dev6.erresse-shop.it\/fr\/shop\/ameublement-maison\/lampes\/light-notes-ampoule-i-love-you\/","url":"https:\/\/dev6.erresse-shop.it\/fr\/shop\/ameublement-maison\/lampes\/light-notes-ampoule-i-love-you\/","name":"LIGHT NOTES Ampoule &#8220;I Love You&#8221; - dev6 Erresse","isPartOf":{"@id":"https:\/\/dev6.erresse-shop.it\/#website"},"primaryImageOfPage":{"@id":"https:\/\/dev6.erresse-shop.it\/fr\/shop\/ameublement-maison\/lampes\/light-notes-ampoule-i-love-you\/#primaryimage"},"image":{"@id":"https:\/\/dev6.erresse-shop.it\/fr\/shop\/ameublement-maison\/lampes\/light-notes-ampoule-i-love-you\/#primaryimage"},"thumbnailUrl":"https:\/\/i1.wp.com\/interpim.erresse-shop.it\/Import\/Prodotti\/light-notes-lampadina-mai-na-gioia-1.jpg?ssl=1","datePublished":"2026-04-12T07:48:54+00:00","description":"Light Notes est le miroir de nos \u00e9motions : un simple mot pour exprimer notre personnalit\u00e9 et notre humeur. Un message, une d\u00e9claration d\u2019amour \u00e0 travers","breadcrumb":{"@id":"https:\/\/dev6.erresse-shop.it\/fr\/shop\/ameublement-maison\/lampes\/light-notes-ampoule-i-love-you\/#breadcrumb"},"inLanguage":"fr-FR","potentialAction":[{"@type":"ReadAction","target":["https:\/\/dev6.erresse-shop.it\/fr\/shop\/ameublement-maison\/lampes\/light-notes-ampoule-i-love-you\/"]}]},{"@type":"ImageObject","inLanguage":"fr-FR","@id":"https:\/\/dev6.erresse-shop.it\/fr\/shop\/ameublement-maison\/lampes\/light-notes-ampoule-i-love-you\/#primaryimage","url":"https:\/\/i1.wp.com\/interpim.erresse-shop.it\/Import\/Prodotti\/light-notes-lampadina-mai-na-gioia-1.jpg?ssl=1","contentUrl":"https:\/\/i1.wp.com\/interpim.erresse-shop.it\/Import\/Prodotti\/light-notes-lampadina-mai-na-gioia-1.jpg?ssl=1"},{"@type":"BreadcrumbList","@id":"https:\/\/dev6.erresse-shop.it\/fr\/shop\/ameublement-maison\/lampes\/light-notes-ampoule-i-love-you\/#breadcrumb","itemListElement":[{"@type":"ListItem","position":1,"name":"Home","item":"https:\/\/dev6.erresse-shop.it\/"},{"@type":"ListItem","position":2,"name":"Boutique","item":"https:\/\/dev6.erresse-shop.it\/shop\/"},{"@type":"ListItem","position":3,"name":"LIGHT NOTES Ampoule &#8220;I Love You&#8221;"}]},{"@type":"WebSite","@id":"https:\/\/dev6.erresse-shop.it\/#website","url":"https:\/\/dev6.erresse-shop.it\/","name":"Erresse Shop","description":"","publisher":{"@id":"https:\/\/dev6.erresse-shop.it\/#organization"},"potentialAction":[{"@type":"SearchAction","target":{"@type":"EntryPoint","urlTemplate":"https:\/\/dev6.erresse-shop.it\/?s={search_term_string}"},"query-input":{"@type":"PropertyValueSpecification","valueRequired":true,"valueName":"search_term_string"}}],"inLanguage":"fr-FR"},{"@type":"Organization","@id":"https:\/\/dev6.erresse-shop.it\/#organization","name":"Erresse Shop","url":"https:\/\/dev6.erresse-shop.it\/","logo":{"@type":"ImageObject","inLanguage":"fr-FR","@id":"https:\/\/dev6.erresse-shop.it\/#\/schema\/logo\/image\/","url":"https:\/\/dev6.erresse-shop.it\/wp-content\/uploads\/2025\/01\/LOGO-ERRESSE-CLASSICO.svg","contentUrl":"https:\/\/dev6.erresse-shop.it\/wp-content\/uploads\/2025\/01\/LOGO-ERRESSE-CLASSICO.svg","caption":"Erresse Shop"},"image":{"@id":"https:\/\/dev6.erresse-shop.it\/#\/schema\/logo\/image\/"}}]}},"df_price":19,"df_sale_price":19,"df_regular_price":44,"df_image_link":"https:\/\/i1.wp.com\/interpim.erresse-shop.it\/Import\/Prodotti\/light-notes-lampadina-mai-na-gioia-1.jpg?resize=300,300&ssl=1","fifu_image_url":"https:\/\/interpim.erresse-shop.it\/Import\/Prodotti\/light-notes-lampadina-mai-na-gioia-1.jpg","_links":{"self":[{"href":"https:\/\/dev6.erresse-shop.it\/fr\/wp-json\/wp\/v2\/product\/61930","targetHints":{"allow":["GET"]}}],"collection":[{"href":"https:\/\/dev6.erresse-shop.it\/fr\/wp-json\/wp\/v2\/product"}],"about":[{"href":"https:\/\/dev6.erresse-shop.it\/fr\/wp-json\/wp\/v2\/types\/product"}],"wp:featuredmedia":[{"embeddable":true,"href":"https:\/\/dev6.erresse-shop.it\/fr\/wp-json\/wp\/v2\/media\/6363263"}],"wp:attachment":[{"href":"https:\/\/dev6.erresse-shop.it\/fr\/wp-json\/wp\/v2\/media?parent=61930"}],"wp:term":[{"taxonomy":"product_cat","embeddable":true,"href":"https:\/\/dev6.erresse-shop.it\/fr\/wp-json\/wp\/v2\/product_cat?post=61930"},{"taxonomy":"product_tag","embeddable":true,"href":"https:\/\/dev6.erresse-shop.it\/fr\/wp-json\/wp\/v2\/product_tag?post=61930"}],"curies":[{"name":"wp","href":"https:\/\/api.w.org\/{rel}","templated":true}]}}