{"id":61906,"date":"2026-04-12T09:48:54","date_gmt":"2026-04-12T07:48:54","guid":{"rendered":"https:\/\/dev6.erresse-shop.it\/shop\/non%20class\u00e9\/stoobz-nain-irreverencieux-20-cm-blanc\/"},"modified":"2025-07-04T17:06:33","modified_gmt":"2025-07-04T15:06:33","slug":"stoobz-nain-irreverencieux-20-cm-blanc","status":"publish","type":"product","link":"https:\/\/dev6.erresse-shop.it\/fr\/shop\/ameublement-maison\/objets-de-decoration\/stoobz-nain-irreverencieux-20-cm-blanc\/","title":{"rendered":"STOOBZ Nain Irr\u00e9v\u00e9rencieux 20 cm Blanc"},"content":{"rendered":"<p>Un geste vaut mille mots ! Envoyez la n\u00e9gativit\u00e9 en enfer avec votre propre nain irr\u00e9v\u00e9rencieux. Un nain de jardin irr\u00e9v\u00e9rencieux et amical qui absorbera toute la n\u00e9gativit\u00e9 qui vous entoure et l\u2019enverra de mani\u00e8re fracassante dans \u201cce pays\u201d. Fabriqu\u00e9 en polyr\u00e9sine et fini \u00e0 la main avec une finition brillante. Regard rus\u00e9, main dans la poche, barbe hirsute et chapeau retourn\u00e9 et\u2026 ce n\u2019est pas tout ! Son attitude impliquera votre quotidien avec une touche de panache. La palette de couleurs propos\u00e9e est vaste : des couleurs sobres comme le blanc ou le noir, des couleurs plus vives comme le fuchsia, le rouge et le vert acide, en passant par le bleu et l\u2019orange, des couleurs pr\u00e9cieuses comme l\u2019or et l\u2019argent dont l\u2019effet m\u00e9tallique vous surprendra lorsque vous les regarderez \u00e0 la lumi\u00e8re du soleil. Bref, \u00e0 chaque go\u00fbt sa teinte, \u00e0 vous de choisir ! D\u00e9licieusement assortie \u00e0 un vase de fleurs ou \u00e0 un simple porte-photos ou pourquoi pas en tant que star du salon, elle donnera du caract\u00e8re et ne manquera pas de faire sourire ceux qui la verront pour la premi\u00e8re fois. Merveilleux comme id\u00e9e cadeau, \u00e0 offrir \u00e0 ceux qui savent se moquer d\u2019eux-m\u00eames, ou \u00e0 ceux qui veulent que l\u2019on se souvienne d\u2019un cadeau original souhaitant toujours bonne chance, ce qui, vous le savez, n\u2019est jamais assez ! Il est \u00e9galement id\u00e9al pour \u00eatre plac\u00e9 \u00e0 l\u2019ext\u00e9rieur de la maison afin d\u2019\u00e9loigner les invit\u00e9s ind\u00e9sirables. Certains de nos clients l\u2019exposent joliment sur leur balcon, gr\u00e2ce \u00e0 la finition \u00e9maill\u00e9e qui lui permet d\u2019\u00eatre expos\u00e9 \u00e0 l\u2019air libre, il est \u00e9galement r\u00e9sistant \u00e0 la pluie. Imaginez qu\u2019il soit m\u00eame pr\u00e9sent en tant qu\u2019invit\u00e9 lors de vos ap\u00e9ritifs dans le jardin, les mauvaises pens\u00e9es s\u2019\u00e9loigneront s\u00fbrement et vos d\u00e9jeuners ou collations seront en s\u00e9curit\u00e9. Je pense qu\u2019il s\u2019agit \u00e9galement d\u2019une belle id\u00e9e de d\u00e9coration int\u00e9rieure, color\u00e9e et attrayante pour la maison.<\/p>\n<p>Fabriqu\u00e9 en polyr\u00e9sine et fini \u00e0 la main<\/p>\n","protected":false},"excerpt":{"rendered":"<p>Un geste vaut mille mots ! Envoyez la n\u00e9gativit\u00e9 en enfer avec votre propre nain irr\u00e9v\u00e9rencieux. Un nain de jardin irr\u00e9v\u00e9rencieux et amical qui absorbera toute la n\u00e9gativit\u00e9 qui vous entoure et l\u2019enverra de mani\u00e8re fracassante dans \u201cce pays\u201d. Fabriqu\u00e9 en polyr\u00e9sine et fini \u00e0 la main avec une finition brillante. Regard rus\u00e9, main dans [&hellip;]<\/p>\n","protected":false},"featured_media":6363249,"template":"","meta":{"_acf_changed":false},"product_cat":[11990,11666,12021],"product_tag":[],"class_list":{"0":"post-61906","1":"product","2":"type-product","3":"status-publish","4":"has-post-thumbnail","6":"product_cat-ameublement-maison","7":"product_cat-arredamento-casa","8":"product_cat-objets-de-decoration","10":"first","11":"instock","12":"taxable","13":"shipping-taxable","14":"purchasable","15":"product-type-simple","swatches":"rey-swatches","show_selected":"","stretch_labels":"rey-swatches--stretch-labels"},"acf":[],"yoast_head":"<!-- This site is optimized with the Yoast SEO plugin v25.4 - https:\/\/yoast.com\/wordpress\/plugins\/seo\/ -->\n<title>STOOBZ Nain Irr\u00e9v\u00e9rencieux 20 cm Blanc - dev6 Erresse<\/title>\n<meta name=\"description\" content=\"Un geste vaut mille mots ! Envoyez la n\u00e9gativit\u00e9 en enfer avec votre propre nain irr\u00e9v\u00e9rencieux. Un nain de jardin irr\u00e9v\u00e9rencieux et amical qui absorbera\" \/>\n<meta name=\"robots\" content=\"noindex, follow, max-snippet:-1, max-image-preview:large, max-video-preview:-1\" \/>\n<meta property=\"og:locale\" content=\"fr_FR\" \/>\n<meta property=\"og:type\" content=\"article\" \/>\n<meta property=\"og:title\" content=\"STOOBZ Nain Irr\u00e9v\u00e9rencieux 20 cm Blanc - dev6 Erresse\" \/>\n<meta property=\"og:description\" content=\"Un geste vaut mille mots ! Envoyez la n\u00e9gativit\u00e9 en enfer avec votre propre nain irr\u00e9v\u00e9rencieux. Un nain de jardin irr\u00e9v\u00e9rencieux et amical qui absorbera\" \/>\n<meta property=\"og:url\" content=\"https:\/\/dev6.erresse-shop.it\/fr\/shop\/ameublement-maison\/objets-de-decoration\/stoobz-nain-irreverencieux-20-cm-blanc\/\" \/>\n<meta property=\"og:site_name\" content=\"dev6 Erresse\" \/>\n<meta property=\"og:image\" content=\"https:\/\/interpim.erresse-shop.it\/img-catalogo\/stoobz\/stoobz-nano-irriverente-33-cm-bianco.jpg\" \/><meta property=\"og:image\" content=\"https:\/\/interpim.erresse-shop.it\/img-catalogo\/stoobz\/stoobz-nano-irriverente-33-cm-bianco.jpg\" \/>\n\t<meta property=\"og:image:width\" content=\"1024\" \/>\n\t<meta property=\"og:image:height\" content=\"1024\" \/>\n\t<meta property=\"og:image:type\" content=\"image\/jpeg\" \/>\n<meta name=\"twitter:card\" content=\"summary_large_image\" \/>\n<meta name=\"twitter:image\" content=\"https:\/\/interpim.erresse-shop.it\/img-catalogo\/stoobz\/stoobz-nano-irriverente-33-cm-bianco.jpg\" \/>\n<script type=\"application\/ld+json\" class=\"yoast-schema-graph\">{\"@context\":\"https:\/\/schema.org\",\"@graph\":[{\"@type\":\"WebPage\",\"@id\":\"https:\/\/dev6.erresse-shop.it\/fr\/shop\/ameublement-maison\/objets-de-decoration\/stoobz-nain-irreverencieux-20-cm-blanc\/\",\"url\":\"https:\/\/dev6.erresse-shop.it\/fr\/shop\/ameublement-maison\/objets-de-decoration\/stoobz-nain-irreverencieux-20-cm-blanc\/\",\"name\":\"STOOBZ Nain Irr\u00e9v\u00e9rencieux 20 cm Blanc - dev6 Erresse\",\"isPartOf\":{\"@id\":\"https:\/\/dev6.erresse-shop.it\/#website\"},\"primaryImageOfPage\":{\"@id\":\"https:\/\/dev6.erresse-shop.it\/fr\/shop\/ameublement-maison\/objets-de-decoration\/stoobz-nain-irreverencieux-20-cm-blanc\/#primaryimage\"},\"image\":{\"@id\":\"https:\/\/dev6.erresse-shop.it\/fr\/shop\/ameublement-maison\/objets-de-decoration\/stoobz-nain-irreverencieux-20-cm-blanc\/#primaryimage\"},\"thumbnailUrl\":\"https:\/\/i2.wp.com\/interpim.erresse-shop.it\/img-catalogo\/stoobz\/stoobz-nano-irriverente-33-cm-bianco.jpg?ssl=1\",\"datePublished\":\"2026-04-12T07:48:54+00:00\",\"description\":\"Un geste vaut mille mots ! Envoyez la n\u00e9gativit\u00e9 en enfer avec votre propre nain irr\u00e9v\u00e9rencieux. Un nain de jardin irr\u00e9v\u00e9rencieux et amical qui absorbera\",\"breadcrumb\":{\"@id\":\"https:\/\/dev6.erresse-shop.it\/fr\/shop\/ameublement-maison\/objets-de-decoration\/stoobz-nain-irreverencieux-20-cm-blanc\/#breadcrumb\"},\"inLanguage\":\"fr-FR\",\"potentialAction\":[{\"@type\":\"ReadAction\",\"target\":[\"https:\/\/dev6.erresse-shop.it\/fr\/shop\/ameublement-maison\/objets-de-decoration\/stoobz-nain-irreverencieux-20-cm-blanc\/\"]}]},{\"@type\":\"ImageObject\",\"inLanguage\":\"fr-FR\",\"@id\":\"https:\/\/dev6.erresse-shop.it\/fr\/shop\/ameublement-maison\/objets-de-decoration\/stoobz-nain-irreverencieux-20-cm-blanc\/#primaryimage\",\"url\":\"https:\/\/i2.wp.com\/interpim.erresse-shop.it\/img-catalogo\/stoobz\/stoobz-nano-irriverente-33-cm-bianco.jpg?ssl=1\",\"contentUrl\":\"https:\/\/i2.wp.com\/interpim.erresse-shop.it\/img-catalogo\/stoobz\/stoobz-nano-irriverente-33-cm-bianco.jpg?ssl=1\"},{\"@type\":\"BreadcrumbList\",\"@id\":\"https:\/\/dev6.erresse-shop.it\/fr\/shop\/ameublement-maison\/objets-de-decoration\/stoobz-nain-irreverencieux-20-cm-blanc\/#breadcrumb\",\"itemListElement\":[{\"@type\":\"ListItem\",\"position\":1,\"name\":\"Home\",\"item\":\"https:\/\/dev6.erresse-shop.it\/\"},{\"@type\":\"ListItem\",\"position\":2,\"name\":\"Boutique\",\"item\":\"https:\/\/dev6.erresse-shop.it\/shop\/\"},{\"@type\":\"ListItem\",\"position\":3,\"name\":\"STOOBZ Nain Irr\u00e9v\u00e9rencieux 20 cm Blanc\"}]},{\"@type\":\"WebSite\",\"@id\":\"https:\/\/dev6.erresse-shop.it\/#website\",\"url\":\"https:\/\/dev6.erresse-shop.it\/\",\"name\":\"Erresse Shop\",\"description\":\"\",\"publisher\":{\"@id\":\"https:\/\/dev6.erresse-shop.it\/#organization\"},\"potentialAction\":[{\"@type\":\"SearchAction\",\"target\":{\"@type\":\"EntryPoint\",\"urlTemplate\":\"https:\/\/dev6.erresse-shop.it\/?s={search_term_string}\"},\"query-input\":{\"@type\":\"PropertyValueSpecification\",\"valueRequired\":true,\"valueName\":\"search_term_string\"}}],\"inLanguage\":\"fr-FR\"},{\"@type\":\"Organization\",\"@id\":\"https:\/\/dev6.erresse-shop.it\/#organization\",\"name\":\"Erresse Shop\",\"url\":\"https:\/\/dev6.erresse-shop.it\/\",\"logo\":{\"@type\":\"ImageObject\",\"inLanguage\":\"fr-FR\",\"@id\":\"https:\/\/dev6.erresse-shop.it\/#\/schema\/logo\/image\/\",\"url\":\"https:\/\/dev6.erresse-shop.it\/wp-content\/uploads\/2025\/01\/LOGO-ERRESSE-CLASSICO.svg\",\"contentUrl\":\"https:\/\/dev6.erresse-shop.it\/wp-content\/uploads\/2025\/01\/LOGO-ERRESSE-CLASSICO.svg\",\"caption\":\"Erresse Shop\"},\"image\":{\"@id\":\"https:\/\/dev6.erresse-shop.it\/#\/schema\/logo\/image\/\"}}]}<\/script>\n<!-- \/ Yoast SEO plugin. -->","yoast_head_json":{"title":"STOOBZ Nain Irr\u00e9v\u00e9rencieux 20 cm Blanc - dev6 Erresse","description":"Un geste vaut mille mots ! Envoyez la n\u00e9gativit\u00e9 en enfer avec votre propre nain irr\u00e9v\u00e9rencieux. Un nain de jardin irr\u00e9v\u00e9rencieux et amical qui absorbera","robots":{"index":"noindex","follow":"follow","max-snippet":"max-snippet:-1","max-image-preview":"max-image-preview:large","max-video-preview":"max-video-preview:-1"},"og_locale":"fr_FR","og_type":"article","og_title":"STOOBZ Nain Irr\u00e9v\u00e9rencieux 20 cm Blanc - dev6 Erresse","og_description":"Un geste vaut mille mots ! Envoyez la n\u00e9gativit\u00e9 en enfer avec votre propre nain irr\u00e9v\u00e9rencieux. Un nain de jardin irr\u00e9v\u00e9rencieux et amical qui absorbera","og_url":"https:\/\/dev6.erresse-shop.it\/fr\/shop\/ameublement-maison\/objets-de-decoration\/stoobz-nain-irreverencieux-20-cm-blanc\/","og_site_name":"dev6 Erresse","og_image":[{"url":"https:\/\/interpim.erresse-shop.it\/img-catalogo\/stoobz\/stoobz-nano-irriverente-33-cm-bianco.jpg","type":"","width":"","height":""},{"url":"https:\/\/interpim.erresse-shop.it\/img-catalogo\/stoobz\/stoobz-nano-irriverente-33-cm-bianco.jpg","width":1024,"height":1024,"type":"image\/jpeg"}],"twitter_card":"summary_large_image","twitter_image":"https:\/\/interpim.erresse-shop.it\/img-catalogo\/stoobz\/stoobz-nano-irriverente-33-cm-bianco.jpg","schema":{"@context":"https:\/\/schema.org","@graph":[{"@type":"WebPage","@id":"https:\/\/dev6.erresse-shop.it\/fr\/shop\/ameublement-maison\/objets-de-decoration\/stoobz-nain-irreverencieux-20-cm-blanc\/","url":"https:\/\/dev6.erresse-shop.it\/fr\/shop\/ameublement-maison\/objets-de-decoration\/stoobz-nain-irreverencieux-20-cm-blanc\/","name":"STOOBZ Nain Irr\u00e9v\u00e9rencieux 20 cm Blanc - dev6 Erresse","isPartOf":{"@id":"https:\/\/dev6.erresse-shop.it\/#website"},"primaryImageOfPage":{"@id":"https:\/\/dev6.erresse-shop.it\/fr\/shop\/ameublement-maison\/objets-de-decoration\/stoobz-nain-irreverencieux-20-cm-blanc\/#primaryimage"},"image":{"@id":"https:\/\/dev6.erresse-shop.it\/fr\/shop\/ameublement-maison\/objets-de-decoration\/stoobz-nain-irreverencieux-20-cm-blanc\/#primaryimage"},"thumbnailUrl":"https:\/\/i2.wp.com\/interpim.erresse-shop.it\/img-catalogo\/stoobz\/stoobz-nano-irriverente-33-cm-bianco.jpg?ssl=1","datePublished":"2026-04-12T07:48:54+00:00","description":"Un geste vaut mille mots ! Envoyez la n\u00e9gativit\u00e9 en enfer avec votre propre nain irr\u00e9v\u00e9rencieux. Un nain de jardin irr\u00e9v\u00e9rencieux et amical qui absorbera","breadcrumb":{"@id":"https:\/\/dev6.erresse-shop.it\/fr\/shop\/ameublement-maison\/objets-de-decoration\/stoobz-nain-irreverencieux-20-cm-blanc\/#breadcrumb"},"inLanguage":"fr-FR","potentialAction":[{"@type":"ReadAction","target":["https:\/\/dev6.erresse-shop.it\/fr\/shop\/ameublement-maison\/objets-de-decoration\/stoobz-nain-irreverencieux-20-cm-blanc\/"]}]},{"@type":"ImageObject","inLanguage":"fr-FR","@id":"https:\/\/dev6.erresse-shop.it\/fr\/shop\/ameublement-maison\/objets-de-decoration\/stoobz-nain-irreverencieux-20-cm-blanc\/#primaryimage","url":"https:\/\/i2.wp.com\/interpim.erresse-shop.it\/img-catalogo\/stoobz\/stoobz-nano-irriverente-33-cm-bianco.jpg?ssl=1","contentUrl":"https:\/\/i2.wp.com\/interpim.erresse-shop.it\/img-catalogo\/stoobz\/stoobz-nano-irriverente-33-cm-bianco.jpg?ssl=1"},{"@type":"BreadcrumbList","@id":"https:\/\/dev6.erresse-shop.it\/fr\/shop\/ameublement-maison\/objets-de-decoration\/stoobz-nain-irreverencieux-20-cm-blanc\/#breadcrumb","itemListElement":[{"@type":"ListItem","position":1,"name":"Home","item":"https:\/\/dev6.erresse-shop.it\/"},{"@type":"ListItem","position":2,"name":"Boutique","item":"https:\/\/dev6.erresse-shop.it\/shop\/"},{"@type":"ListItem","position":3,"name":"STOOBZ Nain Irr\u00e9v\u00e9rencieux 20 cm Blanc"}]},{"@type":"WebSite","@id":"https:\/\/dev6.erresse-shop.it\/#website","url":"https:\/\/dev6.erresse-shop.it\/","name":"Erresse Shop","description":"","publisher":{"@id":"https:\/\/dev6.erresse-shop.it\/#organization"},"potentialAction":[{"@type":"SearchAction","target":{"@type":"EntryPoint","urlTemplate":"https:\/\/dev6.erresse-shop.it\/?s={search_term_string}"},"query-input":{"@type":"PropertyValueSpecification","valueRequired":true,"valueName":"search_term_string"}}],"inLanguage":"fr-FR"},{"@type":"Organization","@id":"https:\/\/dev6.erresse-shop.it\/#organization","name":"Erresse Shop","url":"https:\/\/dev6.erresse-shop.it\/","logo":{"@type":"ImageObject","inLanguage":"fr-FR","@id":"https:\/\/dev6.erresse-shop.it\/#\/schema\/logo\/image\/","url":"https:\/\/dev6.erresse-shop.it\/wp-content\/uploads\/2025\/01\/LOGO-ERRESSE-CLASSICO.svg","contentUrl":"https:\/\/dev6.erresse-shop.it\/wp-content\/uploads\/2025\/01\/LOGO-ERRESSE-CLASSICO.svg","caption":"Erresse Shop"},"image":{"@id":"https:\/\/dev6.erresse-shop.it\/#\/schema\/logo\/image\/"}}]}},"df_price":24,"df_sale_price":"","df_regular_price":24,"df_image_link":"https:\/\/i2.wp.com\/interpim.erresse-shop.it\/img-catalogo\/stoobz\/stoobz-nano-irriverente-33-cm-bianco.jpg?resize=300,300&ssl=1","fifu_image_url":"https:\/\/interpim.erresse-shop.it\/img-catalogo\/stoobz\/stoobz-nano-irriverente-33-cm-bianco.jpg","_links":{"self":[{"href":"https:\/\/dev6.erresse-shop.it\/fr\/wp-json\/wp\/v2\/product\/61906","targetHints":{"allow":["GET"]}}],"collection":[{"href":"https:\/\/dev6.erresse-shop.it\/fr\/wp-json\/wp\/v2\/product"}],"about":[{"href":"https:\/\/dev6.erresse-shop.it\/fr\/wp-json\/wp\/v2\/types\/product"}],"wp:featuredmedia":[{"embeddable":true,"href":"https:\/\/dev6.erresse-shop.it\/fr\/wp-json\/wp\/v2\/media\/6363249"}],"wp:attachment":[{"href":"https:\/\/dev6.erresse-shop.it\/fr\/wp-json\/wp\/v2\/media?parent=61906"}],"wp:term":[{"taxonomy":"product_cat","embeddable":true,"href":"https:\/\/dev6.erresse-shop.it\/fr\/wp-json\/wp\/v2\/product_cat?post=61906"},{"taxonomy":"product_tag","embeddable":true,"href":"https:\/\/dev6.erresse-shop.it\/fr\/wp-json\/wp\/v2\/product_tag?post=61906"}],"curies":[{"name":"wp","href":"https:\/\/api.w.org\/{rel}","templated":true}]}}