{"id":61890,"date":"2026-04-12T09:47:20","date_gmt":"2026-04-12T07:47:20","guid":{"rendered":"https:\/\/dev6.erresse-shop.it\/shop\/non%20class\u00e9\/couverts-wmf-alteo-set-30-pieces\/"},"modified":"2025-09-14T04:56:37","modified_gmt":"2025-09-14T02:56:37","slug":"couverts-wmf-alteo-set-30-pieces","status":"publish","type":"product","link":"https:\/\/dev6.erresse-shop.it\/fr\/shop\/table-fr-2\/couverts\/couverts-wmf-alteo-set-30-pieces\/","title":{"rendered":"Couverts WMF Alteo Set 30 pi\u00e8ces"},"content":{"rendered":"<p>Couverts Alteo : tout simplement extraordinaires<br \/>\nFaites de chaque repas une exp\u00e9rience captivante. Avec les couverts Alteo de WMF, les lignes pures, les proportions pr\u00e9cises et les finitions mates s\u2019harmonisent parfaitement. Le design moderne et saisissant est fabriqu\u00e9 en acier inoxydable 18\/10 Cromargan\u00ae de haute qualit\u00e9 pour une durabilit\u00e9 exceptionnelle et une esth\u00e9tique exquise qui ne manque pas d\u2019impressionner. Fabriqu\u00e9 avec soin par des experts, cet ensemble de couverts ergonomiques s\u2019adapte parfaitement \u00e0 chaque main et est produit avec toute l\u2019habilet\u00e9 et le savoir-faire qui font la renomm\u00e9e de la marque WMF. Les couteaux sont forg\u00e9s \u00e0 partir d\u2019une seule pi\u00e8ce d\u2019acier inoxydable, puis tremp\u00e9s. Ils sont \u00e9galement dot\u00e9s d\u2019un tranchant dentel\u00e9 sp\u00e9cialement con\u00e7u pour garantir un tranchant durable et une coupe parfaite. Le set, qui peut \u00eatre lav\u00e9 au lave-vaisselle pour un nettoyage rapide et facile, est pr\u00e9sent\u00e9 dans un magnifique coffret de couverts pour un rangement s\u00fbr et pratique.<\/p>\n<p>Un aspect et un toucher haut de gamme<br \/>\nLes couverts WMF allient un design unique \u00e0 la plus haute qualit\u00e9, ce qui en fait un plaisir au quotidien. Chaque article offre une sensation agr\u00e9able et ergonomique qui s\u2019adapte parfaitement \u00e0 chaque main.<\/p>\n<p>Cromargan<br \/>\nFabriqu\u00e9s en acier inoxydable Cromargan\u00ae 18\/10, un mat\u00e9riau robuste et \u00e9l\u00e9gant pour une durabilit\u00e9 et une hygi\u00e8ne exceptionnelles, lavable au lave-vaisselle, inalt\u00e9rable, facile d\u2019entretien, insipide et r\u00e9sistant aux acides alimentaires.<\/p>\n<p>Lavable au lave-vaisselle<br \/>\nFabriqu\u00e9s avec la plus grande qualit\u00e9, tous les articles sont soigneusement con\u00e7us pour passer au lave-vaisselle sans se tordre.<\/p>\n<p>Couteaux forg\u00e9s<br \/>\nLes couteaux sont forg\u00e9s \u00e0 partir d\u2019une seule pi\u00e8ce d\u2019acier inoxydable, puis tremp\u00e9s. Ils sont \u00e9galement dot\u00e9s d\u2019un bord dentel\u00e9 sp\u00e9cialement con\u00e7u pour garantir un tranchant optimal et une longue dur\u00e9e de vie.<\/p>\n<p>Emballage haut de gamme<br \/>\nLe set est vendu dans un emballage de haute qualit\u00e9 pour un rangement s\u00fbr et pratique.<\/p>\n<p>Contenu :<\/p>\n<p>6 couteaux de table<br \/>\n6 fourchettes de table<br \/>\n6 cuill\u00e8res de table<br \/>\n6 cuill\u00e8res<br \/>\n6 Fourchettes \u00e0 fruits<\/p>\n","protected":false},"excerpt":{"rendered":"<p>Couverts Alteo : tout simplement extraordinaires Faites de chaque repas une exp\u00e9rience captivante. Avec les couverts Alteo de WMF, les lignes pures, les proportions pr\u00e9cises et les finitions mates s\u2019harmonisent parfaitement. Le design moderne et saisissant est fabriqu\u00e9 en acier inoxydable 18\/10 Cromargan\u00ae de haute qualit\u00e9 pour une durabilit\u00e9 exceptionnelle et une esth\u00e9tique exquise qui [&hellip;]<\/p>\n","protected":false},"featured_media":6363242,"template":"","meta":{"_acf_changed":false},"product_cat":[11996,11995,11671],"product_tag":[],"class_list":{"0":"post-61890","1":"product","2":"type-product","3":"status-publish","4":"has-post-thumbnail","6":"product_cat-couverts","7":"product_cat-table-fr-2","8":"product_cat-tavola","10":"first","11":"instock","12":"sale","13":"taxable","14":"shipping-taxable","15":"purchasable","16":"product-type-simple","swatches":"rey-swatches","show_selected":"","stretch_labels":"rey-swatches--stretch-labels"},"acf":[],"yoast_head":"<!-- This site is optimized with the Yoast SEO plugin v25.4 - https:\/\/yoast.com\/wordpress\/plugins\/seo\/ -->\n<title>Couverts WMF Alteo Set 30 pi\u00e8ces - dev6 Erresse<\/title>\n<meta name=\"description\" content=\"Couverts Alteo : tout simplement extraordinaires Faites de chaque repas une exp\u00e9rience captivante. Avec les couverts Alteo de WMF, les lignes pures, les\" \/>\n<meta name=\"robots\" content=\"noindex, follow, max-snippet:-1, max-image-preview:large, max-video-preview:-1\" \/>\n<meta property=\"og:locale\" content=\"fr_FR\" \/>\n<meta property=\"og:type\" content=\"article\" \/>\n<meta property=\"og:title\" content=\"Couverts WMF Alteo Set 30 pi\u00e8ces - dev6 Erresse\" \/>\n<meta property=\"og:description\" content=\"Couverts Alteo : tout simplement extraordinaires Faites de chaque repas une exp\u00e9rience captivante. Avec les couverts Alteo de WMF, les lignes pures, les\" \/>\n<meta property=\"og:url\" content=\"https:\/\/dev6.erresse-shop.it\/fr\/shop\/table-fr-2\/couverts\/couverts-wmf-alteo-set-30-pieces\/\" \/>\n<meta property=\"og:site_name\" content=\"dev6 Erresse\" \/>\n<meta property=\"og:image\" content=\"https:\/\/interpim.erresse-shop.it\/img-catalogo\/wmf\/wmf-set-posate-alteo-30-pezzi.jpg\" \/><meta property=\"og:image\" content=\"https:\/\/interpim.erresse-shop.it\/img-catalogo\/wmf\/wmf-set-posate-alteo-30-pezzi.jpg\" \/>\n\t<meta property=\"og:image:width\" content=\"1024\" \/>\n\t<meta property=\"og:image:height\" content=\"1024\" \/>\n\t<meta property=\"og:image:type\" content=\"image\/jpeg\" \/>\n<meta name=\"twitter:card\" content=\"summary_large_image\" \/>\n<meta name=\"twitter:image\" content=\"https:\/\/interpim.erresse-shop.it\/img-catalogo\/wmf\/wmf-set-posate-alteo-30-pezzi.jpg\" \/>\n<script type=\"application\/ld+json\" class=\"yoast-schema-graph\">{\"@context\":\"https:\/\/schema.org\",\"@graph\":[{\"@type\":\"WebPage\",\"@id\":\"https:\/\/dev6.erresse-shop.it\/fr\/shop\/table-fr-2\/couverts\/couverts-wmf-alteo-set-30-pieces\/\",\"url\":\"https:\/\/dev6.erresse-shop.it\/fr\/shop\/table-fr-2\/couverts\/couverts-wmf-alteo-set-30-pieces\/\",\"name\":\"Couverts WMF Alteo Set 30 pi\u00e8ces - dev6 Erresse\",\"isPartOf\":{\"@id\":\"https:\/\/dev6.erresse-shop.it\/#website\"},\"primaryImageOfPage\":{\"@id\":\"https:\/\/dev6.erresse-shop.it\/fr\/shop\/table-fr-2\/couverts\/couverts-wmf-alteo-set-30-pieces\/#primaryimage\"},\"image\":{\"@id\":\"https:\/\/dev6.erresse-shop.it\/fr\/shop\/table-fr-2\/couverts\/couverts-wmf-alteo-set-30-pieces\/#primaryimage\"},\"thumbnailUrl\":\"https:\/\/i1.wp.com\/interpim.erresse-shop.it\/img-catalogo\/wmf\/wmf-set-posate-alteo-30-pezzi.jpg?ssl=1\",\"datePublished\":\"2026-04-12T07:47:20+00:00\",\"description\":\"Couverts Alteo : tout simplement extraordinaires Faites de chaque repas une exp\u00e9rience captivante. Avec les couverts Alteo de WMF, les lignes pures, les\",\"breadcrumb\":{\"@id\":\"https:\/\/dev6.erresse-shop.it\/fr\/shop\/table-fr-2\/couverts\/couverts-wmf-alteo-set-30-pieces\/#breadcrumb\"},\"inLanguage\":\"fr-FR\",\"potentialAction\":[{\"@type\":\"ReadAction\",\"target\":[\"https:\/\/dev6.erresse-shop.it\/fr\/shop\/table-fr-2\/couverts\/couverts-wmf-alteo-set-30-pieces\/\"]}]},{\"@type\":\"ImageObject\",\"inLanguage\":\"fr-FR\",\"@id\":\"https:\/\/dev6.erresse-shop.it\/fr\/shop\/table-fr-2\/couverts\/couverts-wmf-alteo-set-30-pieces\/#primaryimage\",\"url\":\"https:\/\/i1.wp.com\/interpim.erresse-shop.it\/img-catalogo\/wmf\/wmf-set-posate-alteo-30-pezzi.jpg?ssl=1\",\"contentUrl\":\"https:\/\/i1.wp.com\/interpim.erresse-shop.it\/img-catalogo\/wmf\/wmf-set-posate-alteo-30-pezzi.jpg?ssl=1\"},{\"@type\":\"BreadcrumbList\",\"@id\":\"https:\/\/dev6.erresse-shop.it\/fr\/shop\/table-fr-2\/couverts\/couverts-wmf-alteo-set-30-pieces\/#breadcrumb\",\"itemListElement\":[{\"@type\":\"ListItem\",\"position\":1,\"name\":\"Home\",\"item\":\"https:\/\/dev6.erresse-shop.it\/\"},{\"@type\":\"ListItem\",\"position\":2,\"name\":\"Boutique\",\"item\":\"https:\/\/dev6.erresse-shop.it\/shop\/\"},{\"@type\":\"ListItem\",\"position\":3,\"name\":\"Couverts WMF Alteo Set 30 pi\u00e8ces\"}]},{\"@type\":\"WebSite\",\"@id\":\"https:\/\/dev6.erresse-shop.it\/#website\",\"url\":\"https:\/\/dev6.erresse-shop.it\/\",\"name\":\"Erresse Shop\",\"description\":\"\",\"publisher\":{\"@id\":\"https:\/\/dev6.erresse-shop.it\/#organization\"},\"potentialAction\":[{\"@type\":\"SearchAction\",\"target\":{\"@type\":\"EntryPoint\",\"urlTemplate\":\"https:\/\/dev6.erresse-shop.it\/?s={search_term_string}\"},\"query-input\":{\"@type\":\"PropertyValueSpecification\",\"valueRequired\":true,\"valueName\":\"search_term_string\"}}],\"inLanguage\":\"fr-FR\"},{\"@type\":\"Organization\",\"@id\":\"https:\/\/dev6.erresse-shop.it\/#organization\",\"name\":\"Erresse Shop\",\"url\":\"https:\/\/dev6.erresse-shop.it\/\",\"logo\":{\"@type\":\"ImageObject\",\"inLanguage\":\"fr-FR\",\"@id\":\"https:\/\/dev6.erresse-shop.it\/#\/schema\/logo\/image\/\",\"url\":\"https:\/\/dev6.erresse-shop.it\/wp-content\/uploads\/2025\/01\/LOGO-ERRESSE-CLASSICO.svg\",\"contentUrl\":\"https:\/\/dev6.erresse-shop.it\/wp-content\/uploads\/2025\/01\/LOGO-ERRESSE-CLASSICO.svg\",\"caption\":\"Erresse Shop\"},\"image\":{\"@id\":\"https:\/\/dev6.erresse-shop.it\/#\/schema\/logo\/image\/\"}}]}<\/script>\n<!-- \/ Yoast SEO plugin. -->","yoast_head_json":{"title":"Couverts WMF Alteo Set 30 pi\u00e8ces - dev6 Erresse","description":"Couverts Alteo : tout simplement extraordinaires Faites de chaque repas une exp\u00e9rience captivante. Avec les couverts Alteo de WMF, les lignes pures, les","robots":{"index":"noindex","follow":"follow","max-snippet":"max-snippet:-1","max-image-preview":"max-image-preview:large","max-video-preview":"max-video-preview:-1"},"og_locale":"fr_FR","og_type":"article","og_title":"Couverts WMF Alteo Set 30 pi\u00e8ces - dev6 Erresse","og_description":"Couverts Alteo : tout simplement extraordinaires Faites de chaque repas une exp\u00e9rience captivante. Avec les couverts Alteo de WMF, les lignes pures, les","og_url":"https:\/\/dev6.erresse-shop.it\/fr\/shop\/table-fr-2\/couverts\/couverts-wmf-alteo-set-30-pieces\/","og_site_name":"dev6 Erresse","og_image":[{"url":"https:\/\/interpim.erresse-shop.it\/img-catalogo\/wmf\/wmf-set-posate-alteo-30-pezzi.jpg","type":"","width":"","height":""},{"url":"https:\/\/interpim.erresse-shop.it\/img-catalogo\/wmf\/wmf-set-posate-alteo-30-pezzi.jpg","width":1024,"height":1024,"type":"image\/jpeg"}],"twitter_card":"summary_large_image","twitter_image":"https:\/\/interpim.erresse-shop.it\/img-catalogo\/wmf\/wmf-set-posate-alteo-30-pezzi.jpg","schema":{"@context":"https:\/\/schema.org","@graph":[{"@type":"WebPage","@id":"https:\/\/dev6.erresse-shop.it\/fr\/shop\/table-fr-2\/couverts\/couverts-wmf-alteo-set-30-pieces\/","url":"https:\/\/dev6.erresse-shop.it\/fr\/shop\/table-fr-2\/couverts\/couverts-wmf-alteo-set-30-pieces\/","name":"Couverts WMF Alteo Set 30 pi\u00e8ces - dev6 Erresse","isPartOf":{"@id":"https:\/\/dev6.erresse-shop.it\/#website"},"primaryImageOfPage":{"@id":"https:\/\/dev6.erresse-shop.it\/fr\/shop\/table-fr-2\/couverts\/couverts-wmf-alteo-set-30-pieces\/#primaryimage"},"image":{"@id":"https:\/\/dev6.erresse-shop.it\/fr\/shop\/table-fr-2\/couverts\/couverts-wmf-alteo-set-30-pieces\/#primaryimage"},"thumbnailUrl":"https:\/\/i1.wp.com\/interpim.erresse-shop.it\/img-catalogo\/wmf\/wmf-set-posate-alteo-30-pezzi.jpg?ssl=1","datePublished":"2026-04-12T07:47:20+00:00","description":"Couverts Alteo : tout simplement extraordinaires Faites de chaque repas une exp\u00e9rience captivante. Avec les couverts Alteo de WMF, les lignes pures, les","breadcrumb":{"@id":"https:\/\/dev6.erresse-shop.it\/fr\/shop\/table-fr-2\/couverts\/couverts-wmf-alteo-set-30-pieces\/#breadcrumb"},"inLanguage":"fr-FR","potentialAction":[{"@type":"ReadAction","target":["https:\/\/dev6.erresse-shop.it\/fr\/shop\/table-fr-2\/couverts\/couverts-wmf-alteo-set-30-pieces\/"]}]},{"@type":"ImageObject","inLanguage":"fr-FR","@id":"https:\/\/dev6.erresse-shop.it\/fr\/shop\/table-fr-2\/couverts\/couverts-wmf-alteo-set-30-pieces\/#primaryimage","url":"https:\/\/i1.wp.com\/interpim.erresse-shop.it\/img-catalogo\/wmf\/wmf-set-posate-alteo-30-pezzi.jpg?ssl=1","contentUrl":"https:\/\/i1.wp.com\/interpim.erresse-shop.it\/img-catalogo\/wmf\/wmf-set-posate-alteo-30-pezzi.jpg?ssl=1"},{"@type":"BreadcrumbList","@id":"https:\/\/dev6.erresse-shop.it\/fr\/shop\/table-fr-2\/couverts\/couverts-wmf-alteo-set-30-pieces\/#breadcrumb","itemListElement":[{"@type":"ListItem","position":1,"name":"Home","item":"https:\/\/dev6.erresse-shop.it\/"},{"@type":"ListItem","position":2,"name":"Boutique","item":"https:\/\/dev6.erresse-shop.it\/shop\/"},{"@type":"ListItem","position":3,"name":"Couverts WMF Alteo Set 30 pi\u00e8ces"}]},{"@type":"WebSite","@id":"https:\/\/dev6.erresse-shop.it\/#website","url":"https:\/\/dev6.erresse-shop.it\/","name":"Erresse Shop","description":"","publisher":{"@id":"https:\/\/dev6.erresse-shop.it\/#organization"},"potentialAction":[{"@type":"SearchAction","target":{"@type":"EntryPoint","urlTemplate":"https:\/\/dev6.erresse-shop.it\/?s={search_term_string}"},"query-input":{"@type":"PropertyValueSpecification","valueRequired":true,"valueName":"search_term_string"}}],"inLanguage":"fr-FR"},{"@type":"Organization","@id":"https:\/\/dev6.erresse-shop.it\/#organization","name":"Erresse Shop","url":"https:\/\/dev6.erresse-shop.it\/","logo":{"@type":"ImageObject","inLanguage":"fr-FR","@id":"https:\/\/dev6.erresse-shop.it\/#\/schema\/logo\/image\/","url":"https:\/\/dev6.erresse-shop.it\/wp-content\/uploads\/2025\/01\/LOGO-ERRESSE-CLASSICO.svg","contentUrl":"https:\/\/dev6.erresse-shop.it\/wp-content\/uploads\/2025\/01\/LOGO-ERRESSE-CLASSICO.svg","caption":"Erresse Shop"},"image":{"@id":"https:\/\/dev6.erresse-shop.it\/#\/schema\/logo\/image\/"}}]}},"df_price":79.95,"df_sale_price":79.95,"df_regular_price":150,"df_image_link":"https:\/\/i1.wp.com\/interpim.erresse-shop.it\/img-catalogo\/wmf\/wmf-set-posate-alteo-30-pezzi.jpg?resize=300,300&ssl=1","fifu_image_url":"https:\/\/interpim.erresse-shop.it\/img-catalogo\/wmf\/wmf-set-posate-alteo-30-pezzi.jpg","_links":{"self":[{"href":"https:\/\/dev6.erresse-shop.it\/fr\/wp-json\/wp\/v2\/product\/61890","targetHints":{"allow":["GET"]}}],"collection":[{"href":"https:\/\/dev6.erresse-shop.it\/fr\/wp-json\/wp\/v2\/product"}],"about":[{"href":"https:\/\/dev6.erresse-shop.it\/fr\/wp-json\/wp\/v2\/types\/product"}],"wp:featuredmedia":[{"embeddable":true,"href":"https:\/\/dev6.erresse-shop.it\/fr\/wp-json\/wp\/v2\/media\/6363242"}],"wp:attachment":[{"href":"https:\/\/dev6.erresse-shop.it\/fr\/wp-json\/wp\/v2\/media?parent=61890"}],"wp:term":[{"taxonomy":"product_cat","embeddable":true,"href":"https:\/\/dev6.erresse-shop.it\/fr\/wp-json\/wp\/v2\/product_cat?post=61890"},{"taxonomy":"product_tag","embeddable":true,"href":"https:\/\/dev6.erresse-shop.it\/fr\/wp-json\/wp\/v2\/product_tag?post=61890"}],"curies":[{"name":"wp","href":"https:\/\/api.w.org\/{rel}","templated":true}]}}