{"id":61886,"date":"2026-04-10T10:25:54","date_gmt":"2026-04-10T08:25:54","guid":{"rendered":"https:\/\/dev6.erresse-shop.it\/shop\/non%20class\u00e9\/wmf-diadem-plus-ensemble-de-5-pieces\/"},"modified":"2025-07-04T17:06:28","modified_gmt":"2025-07-04T15:06:28","slug":"wmf-diadem-plus-ensemble-de-5-pieces","status":"publish","type":"product","link":"https:\/\/dev6.erresse-shop.it\/fr\/shop\/poeles-pots\/batteries-de-cuisine\/wmf-diadem-plus-ensemble-de-5-pieces\/","title":{"rendered":"WMF Diadem Plus Ensemble de 5 pi\u00e8ces"},"content":{"rendered":"<p>Batterie de cuisine WMF Diadem Plus : d\u2019excellents r\u00e9sultats<\/p>\n<p>Une batterie de cuisine exceptionnelle qui allie performance et esth\u00e9tique : la batterie de cuisine Diadem Plus de WMF apporte une touche de sophistication \u00e0 votre cuisine, avec un design \u00e9l\u00e9gant et des r\u00e9sultats de haute qualit\u00e9 au quotidien. Nos ustensiles de cuisine haut de gamme sont d\u2019une durabilit\u00e9 exceptionnelle, fabriqu\u00e9s avec soin en acier inoxydable 18\/10 Cromargan\u00ae de haute qualit\u00e9, lavables au lave-vaisselle, r\u00e9sistants aux acides et adapt\u00e9s \u00e0 une utilisation au four jusqu\u2019\u00e0 200 \u00b0C (couvercle jusqu\u2019\u00e0 130 \u00b0C), garantissant ainsi une saveur et une performance optimales pour longtemps. D\u00e9couvrez des casseroles et des po\u00eales exceptionnelles qui allient des caract\u00e9ristiques pratiques telles que de larges bords verseurs, un design raffin\u00e9 avec des courbes gracieuses, d\u2019\u00e9l\u00e9gantes poign\u00e9es \u00e0 bouton et une finition chrom\u00e9e \u00e9pur\u00e9e pour une \u00e9l\u00e9gance intemporelle jour apr\u00e8s jour.<\/p>\n<p>Po\u00eale de 20 cm avec un \u00e9l\u00e9gant couvercle en verre<br \/>\nCasserole de 16\/20\/24 cm avec couvercle en verre \u00e9l\u00e9gant<br \/>\nCocotte de 16 cm<\/p>\n<p>Durable et robuste<br \/>\nAvec un design \u00e9l\u00e9gant et des performances exceptionnelles, d\u00e9couvrez des ustensiles de cuisine de haute qualit\u00e9 et une cuisine plus \u00e9l\u00e9gante jour apr\u00e8s jour.<\/p>\n<p>Couvercle en verre de haute qualit\u00e9<br \/>\nFabriqu\u00e9s en verre de haute qualit\u00e9, les \u00e9l\u00e9gants couvercles transparents avec poign\u00e9es en acier inoxydable permettent de contr\u00f4ler facilement la cuisson. Avec photo int\u00e9gr\u00e9e pour un d\u00e9gagement contr\u00f4l\u00e9 de la vapeur.<\/p>\n<p>Bord verseur<br \/>\nLe large bord verseur permet de verser plus facilement et sans goutte, pour un service sans effort et une cuisine toujours impeccable.<\/p>\n<p>Fond universel TransTherm<br \/>\nLe fond universel TransTherm\u00ae, compatible avec toutes les tables de cuisson, y compris l\u2019induction, permet de cuisiner en \u00e9conomisant de l\u2019\u00e9nergie gr\u00e2ce \u00e0 une distribution et une conservation optimales de la chaleur.<\/p>\n<p>Cromargan\u00ae<br \/>\nFabriqu\u00e9 en acier inoxydable 18\/10 robuste et \u00e9l\u00e9gant Cromargan\u00ae, pour un produit exceptionnellement durable, hygi\u00e9nique et lavable au lave-vaisselle.<\/p>\n<p>Caract\u00e9ristiques et design \u00e9l\u00e9gants<br \/>\nLes courbes gracieuses offrent une esth\u00e9tique qui ne manque pas d\u2019impressionner, avec la touche intemporelle d\u2019une poign\u00e9e \u00e0 bouton et une \u00e9l\u00e9gante finition chrom\u00e9e pour un design qui attire l\u2019attention.<\/p>\n","protected":false},"excerpt":{"rendered":"<p>Batterie de cuisine WMF Diadem Plus : d\u2019excellents r\u00e9sultats Une batterie de cuisine exceptionnelle qui allie performance et esth\u00e9tique : la batterie de cuisine Diadem Plus de WMF apporte une touche de sophistication \u00e0 votre cuisine, avec un design \u00e9l\u00e9gant et des r\u00e9sultats de haute qualit\u00e9 au quotidien. Nos ustensiles de cuisine haut de gamme [&hellip;]<\/p>\n","protected":false},"featured_media":6321585,"template":"","meta":{"_acf_changed":false},"product_cat":[12024,11667,11991],"product_tag":[],"class_list":{"0":"post-61886","1":"product","2":"type-product","3":"status-publish","4":"has-post-thumbnail","6":"product_cat-batteries-de-cuisine","7":"product_cat-padelle-pentole","8":"product_cat-poeles-pots","10":"first","11":"instock","12":"taxable","13":"shipping-taxable","14":"product-type-simple","swatches":"rey-swatches","show_selected":"","stretch_labels":"rey-swatches--stretch-labels"},"acf":[],"yoast_head":"<!-- This site is optimized with the Yoast SEO plugin v25.4 - https:\/\/yoast.com\/wordpress\/plugins\/seo\/ -->\n<title>WMF Diadem Plus Ensemble de 5 pi\u00e8ces - dev6 Erresse<\/title>\n<meta name=\"description\" content=\"Batterie de cuisine WMF Diadem Plus : d\u2019excellents r\u00e9sultats Une batterie de cuisine exceptionnelle qui allie performance et esth\u00e9tique : la batterie de\" \/>\n<meta name=\"robots\" content=\"noindex, follow, max-snippet:-1, max-image-preview:large, max-video-preview:-1\" \/>\n<meta property=\"og:locale\" content=\"fr_FR\" \/>\n<meta property=\"og:type\" content=\"article\" \/>\n<meta property=\"og:title\" content=\"WMF Diadem Plus Ensemble de 5 pi\u00e8ces - dev6 Erresse\" \/>\n<meta property=\"og:description\" content=\"Batterie de cuisine WMF Diadem Plus : d\u2019excellents r\u00e9sultats Une batterie de cuisine exceptionnelle qui allie performance et esth\u00e9tique : la batterie de\" \/>\n<meta property=\"og:url\" content=\"https:\/\/dev6.erresse-shop.it\/fr\/shop\/poeles-pots\/batteries-de-cuisine\/wmf-diadem-plus-ensemble-de-5-pieces\/\" \/>\n<meta property=\"og:site_name\" content=\"dev6 Erresse\" \/>\n<meta property=\"og:image\" content=\"https:\/\/interpim.erresse-shop.it\/img-catalogo\/wmf\/wmf-diadem-plus-set-5-pezzi.jpg\" \/><meta property=\"og:image\" content=\"https:\/\/interpim.erresse-shop.it\/img-catalogo\/wmf\/wmf-diadem-plus-set-5-pezzi.jpg\" \/>\n\t<meta property=\"og:image:width\" content=\"1024\" \/>\n\t<meta property=\"og:image:height\" content=\"1024\" \/>\n\t<meta property=\"og:image:type\" content=\"image\/jpeg\" \/>\n<meta name=\"twitter:card\" content=\"summary_large_image\" \/>\n<meta name=\"twitter:image\" content=\"https:\/\/interpim.erresse-shop.it\/img-catalogo\/wmf\/wmf-diadem-plus-set-5-pezzi.jpg\" \/>\n<script type=\"application\/ld+json\" class=\"yoast-schema-graph\">{\"@context\":\"https:\/\/schema.org\",\"@graph\":[{\"@type\":\"WebPage\",\"@id\":\"https:\/\/dev6.erresse-shop.it\/fr\/shop\/poeles-pots\/batteries-de-cuisine\/wmf-diadem-plus-ensemble-de-5-pieces\/\",\"url\":\"https:\/\/dev6.erresse-shop.it\/fr\/shop\/poeles-pots\/batteries-de-cuisine\/wmf-diadem-plus-ensemble-de-5-pieces\/\",\"name\":\"WMF Diadem Plus Ensemble de 5 pi\u00e8ces - dev6 Erresse\",\"isPartOf\":{\"@id\":\"https:\/\/dev6.erresse-shop.it\/#website\"},\"primaryImageOfPage\":{\"@id\":\"https:\/\/dev6.erresse-shop.it\/fr\/shop\/poeles-pots\/batteries-de-cuisine\/wmf-diadem-plus-ensemble-de-5-pieces\/#primaryimage\"},\"image\":{\"@id\":\"https:\/\/dev6.erresse-shop.it\/fr\/shop\/poeles-pots\/batteries-de-cuisine\/wmf-diadem-plus-ensemble-de-5-pieces\/#primaryimage\"},\"thumbnailUrl\":\"https:\/\/i1.wp.com\/interpim.erresse-shop.it\/img-catalogo\/wmf\/wmf-diadem-plus-set-5-pezzi.jpg?ssl=1\",\"datePublished\":\"2026-04-10T08:25:54+00:00\",\"description\":\"Batterie de cuisine WMF Diadem Plus : d\u2019excellents r\u00e9sultats Une batterie de cuisine exceptionnelle qui allie performance et esth\u00e9tique : la batterie de\",\"breadcrumb\":{\"@id\":\"https:\/\/dev6.erresse-shop.it\/fr\/shop\/poeles-pots\/batteries-de-cuisine\/wmf-diadem-plus-ensemble-de-5-pieces\/#breadcrumb\"},\"inLanguage\":\"fr-FR\",\"potentialAction\":[{\"@type\":\"ReadAction\",\"target\":[\"https:\/\/dev6.erresse-shop.it\/fr\/shop\/poeles-pots\/batteries-de-cuisine\/wmf-diadem-plus-ensemble-de-5-pieces\/\"]}]},{\"@type\":\"ImageObject\",\"inLanguage\":\"fr-FR\",\"@id\":\"https:\/\/dev6.erresse-shop.it\/fr\/shop\/poeles-pots\/batteries-de-cuisine\/wmf-diadem-plus-ensemble-de-5-pieces\/#primaryimage\",\"url\":\"https:\/\/i1.wp.com\/interpim.erresse-shop.it\/img-catalogo\/wmf\/wmf-diadem-plus-set-5-pezzi.jpg?ssl=1\",\"contentUrl\":\"https:\/\/i1.wp.com\/interpim.erresse-shop.it\/img-catalogo\/wmf\/wmf-diadem-plus-set-5-pezzi.jpg?ssl=1\"},{\"@type\":\"BreadcrumbList\",\"@id\":\"https:\/\/dev6.erresse-shop.it\/fr\/shop\/poeles-pots\/batteries-de-cuisine\/wmf-diadem-plus-ensemble-de-5-pieces\/#breadcrumb\",\"itemListElement\":[{\"@type\":\"ListItem\",\"position\":1,\"name\":\"Home\",\"item\":\"https:\/\/dev6.erresse-shop.it\/\"},{\"@type\":\"ListItem\",\"position\":2,\"name\":\"Boutique\",\"item\":\"https:\/\/dev6.erresse-shop.it\/shop\/\"},{\"@type\":\"ListItem\",\"position\":3,\"name\":\"WMF Diadem Plus Ensemble de 5 pi\u00e8ces\"}]},{\"@type\":\"WebSite\",\"@id\":\"https:\/\/dev6.erresse-shop.it\/#website\",\"url\":\"https:\/\/dev6.erresse-shop.it\/\",\"name\":\"Erresse Shop\",\"description\":\"\",\"publisher\":{\"@id\":\"https:\/\/dev6.erresse-shop.it\/#organization\"},\"potentialAction\":[{\"@type\":\"SearchAction\",\"target\":{\"@type\":\"EntryPoint\",\"urlTemplate\":\"https:\/\/dev6.erresse-shop.it\/?s={search_term_string}\"},\"query-input\":{\"@type\":\"PropertyValueSpecification\",\"valueRequired\":true,\"valueName\":\"search_term_string\"}}],\"inLanguage\":\"fr-FR\"},{\"@type\":\"Organization\",\"@id\":\"https:\/\/dev6.erresse-shop.it\/#organization\",\"name\":\"Erresse Shop\",\"url\":\"https:\/\/dev6.erresse-shop.it\/\",\"logo\":{\"@type\":\"ImageObject\",\"inLanguage\":\"fr-FR\",\"@id\":\"https:\/\/dev6.erresse-shop.it\/#\/schema\/logo\/image\/\",\"url\":\"https:\/\/dev6.erresse-shop.it\/wp-content\/uploads\/2025\/01\/LOGO-ERRESSE-CLASSICO.svg\",\"contentUrl\":\"https:\/\/dev6.erresse-shop.it\/wp-content\/uploads\/2025\/01\/LOGO-ERRESSE-CLASSICO.svg\",\"caption\":\"Erresse Shop\"},\"image\":{\"@id\":\"https:\/\/dev6.erresse-shop.it\/#\/schema\/logo\/image\/\"}}]}<\/script>\n<!-- \/ Yoast SEO plugin. -->","yoast_head_json":{"title":"WMF Diadem Plus Ensemble de 5 pi\u00e8ces - dev6 Erresse","description":"Batterie de cuisine WMF Diadem Plus : d\u2019excellents r\u00e9sultats Une batterie de cuisine exceptionnelle qui allie performance et esth\u00e9tique : la batterie de","robots":{"index":"noindex","follow":"follow","max-snippet":"max-snippet:-1","max-image-preview":"max-image-preview:large","max-video-preview":"max-video-preview:-1"},"og_locale":"fr_FR","og_type":"article","og_title":"WMF Diadem Plus Ensemble de 5 pi\u00e8ces - dev6 Erresse","og_description":"Batterie de cuisine WMF Diadem Plus : d\u2019excellents r\u00e9sultats Une batterie de cuisine exceptionnelle qui allie performance et esth\u00e9tique : la batterie de","og_url":"https:\/\/dev6.erresse-shop.it\/fr\/shop\/poeles-pots\/batteries-de-cuisine\/wmf-diadem-plus-ensemble-de-5-pieces\/","og_site_name":"dev6 Erresse","og_image":[{"url":"https:\/\/interpim.erresse-shop.it\/img-catalogo\/wmf\/wmf-diadem-plus-set-5-pezzi.jpg","type":"","width":"","height":""},{"url":"https:\/\/interpim.erresse-shop.it\/img-catalogo\/wmf\/wmf-diadem-plus-set-5-pezzi.jpg","width":1024,"height":1024,"type":"image\/jpeg"}],"twitter_card":"summary_large_image","twitter_image":"https:\/\/interpim.erresse-shop.it\/img-catalogo\/wmf\/wmf-diadem-plus-set-5-pezzi.jpg","schema":{"@context":"https:\/\/schema.org","@graph":[{"@type":"WebPage","@id":"https:\/\/dev6.erresse-shop.it\/fr\/shop\/poeles-pots\/batteries-de-cuisine\/wmf-diadem-plus-ensemble-de-5-pieces\/","url":"https:\/\/dev6.erresse-shop.it\/fr\/shop\/poeles-pots\/batteries-de-cuisine\/wmf-diadem-plus-ensemble-de-5-pieces\/","name":"WMF Diadem Plus Ensemble de 5 pi\u00e8ces - dev6 Erresse","isPartOf":{"@id":"https:\/\/dev6.erresse-shop.it\/#website"},"primaryImageOfPage":{"@id":"https:\/\/dev6.erresse-shop.it\/fr\/shop\/poeles-pots\/batteries-de-cuisine\/wmf-diadem-plus-ensemble-de-5-pieces\/#primaryimage"},"image":{"@id":"https:\/\/dev6.erresse-shop.it\/fr\/shop\/poeles-pots\/batteries-de-cuisine\/wmf-diadem-plus-ensemble-de-5-pieces\/#primaryimage"},"thumbnailUrl":"https:\/\/i1.wp.com\/interpim.erresse-shop.it\/img-catalogo\/wmf\/wmf-diadem-plus-set-5-pezzi.jpg?ssl=1","datePublished":"2026-04-10T08:25:54+00:00","description":"Batterie de cuisine WMF Diadem Plus : d\u2019excellents r\u00e9sultats Une batterie de cuisine exceptionnelle qui allie performance et esth\u00e9tique : la batterie de","breadcrumb":{"@id":"https:\/\/dev6.erresse-shop.it\/fr\/shop\/poeles-pots\/batteries-de-cuisine\/wmf-diadem-plus-ensemble-de-5-pieces\/#breadcrumb"},"inLanguage":"fr-FR","potentialAction":[{"@type":"ReadAction","target":["https:\/\/dev6.erresse-shop.it\/fr\/shop\/poeles-pots\/batteries-de-cuisine\/wmf-diadem-plus-ensemble-de-5-pieces\/"]}]},{"@type":"ImageObject","inLanguage":"fr-FR","@id":"https:\/\/dev6.erresse-shop.it\/fr\/shop\/poeles-pots\/batteries-de-cuisine\/wmf-diadem-plus-ensemble-de-5-pieces\/#primaryimage","url":"https:\/\/i1.wp.com\/interpim.erresse-shop.it\/img-catalogo\/wmf\/wmf-diadem-plus-set-5-pezzi.jpg?ssl=1","contentUrl":"https:\/\/i1.wp.com\/interpim.erresse-shop.it\/img-catalogo\/wmf\/wmf-diadem-plus-set-5-pezzi.jpg?ssl=1"},{"@type":"BreadcrumbList","@id":"https:\/\/dev6.erresse-shop.it\/fr\/shop\/poeles-pots\/batteries-de-cuisine\/wmf-diadem-plus-ensemble-de-5-pieces\/#breadcrumb","itemListElement":[{"@type":"ListItem","position":1,"name":"Home","item":"https:\/\/dev6.erresse-shop.it\/"},{"@type":"ListItem","position":2,"name":"Boutique","item":"https:\/\/dev6.erresse-shop.it\/shop\/"},{"@type":"ListItem","position":3,"name":"WMF Diadem Plus Ensemble de 5 pi\u00e8ces"}]},{"@type":"WebSite","@id":"https:\/\/dev6.erresse-shop.it\/#website","url":"https:\/\/dev6.erresse-shop.it\/","name":"Erresse Shop","description":"","publisher":{"@id":"https:\/\/dev6.erresse-shop.it\/#organization"},"potentialAction":[{"@type":"SearchAction","target":{"@type":"EntryPoint","urlTemplate":"https:\/\/dev6.erresse-shop.it\/?s={search_term_string}"},"query-input":{"@type":"PropertyValueSpecification","valueRequired":true,"valueName":"search_term_string"}}],"inLanguage":"fr-FR"},{"@type":"Organization","@id":"https:\/\/dev6.erresse-shop.it\/#organization","name":"Erresse Shop","url":"https:\/\/dev6.erresse-shop.it\/","logo":{"@type":"ImageObject","inLanguage":"fr-FR","@id":"https:\/\/dev6.erresse-shop.it\/#\/schema\/logo\/image\/","url":"https:\/\/dev6.erresse-shop.it\/wp-content\/uploads\/2025\/01\/LOGO-ERRESSE-CLASSICO.svg","contentUrl":"https:\/\/dev6.erresse-shop.it\/wp-content\/uploads\/2025\/01\/LOGO-ERRESSE-CLASSICO.svg","caption":"Erresse Shop"},"image":{"@id":"https:\/\/dev6.erresse-shop.it\/#\/schema\/logo\/image\/"}}]}},"df_price":"","df_sale_price":"","df_regular_price":"","df_image_link":"https:\/\/i1.wp.com\/interpim.erresse-shop.it\/img-catalogo\/wmf\/wmf-diadem-plus-set-5-pezzi.jpg?resize=300,300&ssl=1","fifu_image_url":"https:\/\/interpim.erresse-shop.it\/img-catalogo\/wmf\/wmf-diadem-plus-set-5-pezzi.jpg","_links":{"self":[{"href":"https:\/\/dev6.erresse-shop.it\/fr\/wp-json\/wp\/v2\/product\/61886","targetHints":{"allow":["GET"]}}],"collection":[{"href":"https:\/\/dev6.erresse-shop.it\/fr\/wp-json\/wp\/v2\/product"}],"about":[{"href":"https:\/\/dev6.erresse-shop.it\/fr\/wp-json\/wp\/v2\/types\/product"}],"wp:featuredmedia":[{"embeddable":true,"href":"https:\/\/dev6.erresse-shop.it\/fr\/wp-json\/wp\/v2\/media\/6321585"}],"wp:attachment":[{"href":"https:\/\/dev6.erresse-shop.it\/fr\/wp-json\/wp\/v2\/media?parent=61886"}],"wp:term":[{"taxonomy":"product_cat","embeddable":true,"href":"https:\/\/dev6.erresse-shop.it\/fr\/wp-json\/wp\/v2\/product_cat?post=61886"},{"taxonomy":"product_tag","embeddable":true,"href":"https:\/\/dev6.erresse-shop.it\/fr\/wp-json\/wp\/v2\/product_tag?post=61886"}],"curies":[{"name":"wp","href":"https:\/\/api.w.org\/{rel}","templated":true}]}}