{"id":61880,"date":"2026-04-12T09:47:20","date_gmt":"2026-04-12T07:47:20","guid":{"rendered":"https:\/\/dev6.erresse-shop.it\/shop\/non%20class\u00e9\/united-pets-milano-x-seletti-niche-et-tapis-les-alpes-2\/"},"modified":"2025-09-14T04:56:33","modified_gmt":"2025-09-14T02:56:33","slug":"united-pets-milano-x-seletti-niche-et-tapis-les-alpes","status":"publish","type":"product","link":"https:\/\/dev6.erresse-shop.it\/fr\/shop\/cuisine\/united-pets-milano-x-seletti-niche-et-tapis-les-alpes\/","title":{"rendered":"UNITED PETS MILANO X SELETTI Niche et Tapis Les Alpes"},"content":{"rendered":"<p>Niche souple avec dossier rembourr\u00e9 et fond antid\u00e9rapant. Le cadre et le coussin sont amovibles et lavables en machine \u00e0 30\u00b0.<br \/>\nTapis d\u2019\u00e9veil avec impression assortie, imperm\u00e9able et avec fond antid\u00e9rapant.<\/p>\n<p>Seletti et United Pets unissent leurs forces pour cr\u00e9er une collection r\u00e9volutionnaire d\u00e9di\u00e9e aux amis \u00e0 quatre pattes. Tapis pour chenil et sous-couche, bol et sous-couche en quatre motifs originaux : Maldives, Les Alpes, New York, DoggyMood.<br \/>\nLequel est votre pr\u00e9f\u00e9r\u00e9 ?<\/p>\n<p>Dimensions de la niche : 60 x 49 x 39 cm<br \/>\nDimensions du tapis d\u2019\u00e9veil : 59 x 79 cm<\/p>\n","protected":false},"excerpt":{"rendered":"<p>Niche souple avec dossier rembourr\u00e9 et fond antid\u00e9rapant. Le cadre et le coussin sont amovibles et lavables en machine \u00e0 30\u00b0. Tapis d\u2019\u00e9veil avec impression assortie, imperm\u00e9able et avec fond antid\u00e9rapant. Seletti et United Pets unissent leurs forces pour cr\u00e9er une collection r\u00e9volutionnaire d\u00e9di\u00e9e aux amis \u00e0 quatre pattes. Tapis pour chenil et sous-couche, bol [&hellip;]<\/p>\n","protected":false},"featured_media":6363206,"template":"","meta":{"_acf_changed":false},"product_cat":[11992],"product_tag":[],"class_list":{"0":"post-61880","1":"product","2":"type-product","3":"status-publish","4":"has-post-thumbnail","6":"product_cat-cuisine","8":"first","9":"instock","10":"sale","11":"taxable","12":"shipping-taxable","13":"purchasable","14":"product-type-simple","swatches":"rey-swatches","show_selected":"","stretch_labels":"rey-swatches--stretch-labels"},"acf":[],"yoast_head":"<!-- This site is optimized with the Yoast SEO plugin v25.4 - https:\/\/yoast.com\/wordpress\/plugins\/seo\/ -->\n<title>UNITED PETS MILANO X SELETTI Niche et Tapis Les Alpes - dev6 Erresse<\/title>\n<meta name=\"description\" content=\"Niche souple avec dossier rembourr\u00e9 et fond antid\u00e9rapant. Le cadre et le coussin sont amovibles et lavables en machine \u00e0 30\u00b0. Tapis d\u2019\u00e9veil avec\" \/>\n<meta name=\"robots\" content=\"noindex, follow, max-snippet:-1, max-image-preview:large, max-video-preview:-1\" \/>\n<meta property=\"og:locale\" content=\"fr_FR\" \/>\n<meta property=\"og:type\" content=\"article\" \/>\n<meta property=\"og:title\" content=\"UNITED PETS MILANO X SELETTI Niche et Tapis Les Alpes - dev6 Erresse\" \/>\n<meta property=\"og:description\" content=\"Niche souple avec dossier rembourr\u00e9 et fond antid\u00e9rapant. Le cadre et le coussin sont amovibles et lavables en machine \u00e0 30\u00b0. Tapis d\u2019\u00e9veil avec\" \/>\n<meta property=\"og:url\" content=\"https:\/\/dev6.erresse-shop.it\/fr\/shop\/cuisine\/united-pets-milano-x-seletti-niche-et-tapis-les-alpes\/\" \/>\n<meta property=\"og:site_name\" content=\"dev6 Erresse\" \/>\n<meta property=\"og:image\" content=\"https:\/\/interpim.erresse-shop.it\/img-catalogo\/united-pets\/united-pets-milano-x-seletti-cuccia-e-tappeto-new-york.jpg\" \/><meta property=\"og:image\" content=\"https:\/\/interpim.erresse-shop.it\/img-catalogo\/united-pets\/united-pets-milano-x-seletti-cuccia-e-tappeto-new-york.jpg\" \/>\n\t<meta property=\"og:image:width\" content=\"1024\" \/>\n\t<meta property=\"og:image:height\" content=\"1024\" \/>\n\t<meta property=\"og:image:type\" content=\"image\/jpeg\" \/>\n<meta name=\"twitter:card\" content=\"summary_large_image\" \/>\n<meta name=\"twitter:image\" content=\"https:\/\/interpim.erresse-shop.it\/img-catalogo\/united-pets\/united-pets-milano-x-seletti-cuccia-e-tappeto-new-york.jpg\" \/>\n<script type=\"application\/ld+json\" class=\"yoast-schema-graph\">{\"@context\":\"https:\/\/schema.org\",\"@graph\":[{\"@type\":\"WebPage\",\"@id\":\"https:\/\/dev6.erresse-shop.it\/fr\/shop\/cuisine\/united-pets-milano-x-seletti-niche-et-tapis-les-alpes\/\",\"url\":\"https:\/\/dev6.erresse-shop.it\/fr\/shop\/cuisine\/united-pets-milano-x-seletti-niche-et-tapis-les-alpes\/\",\"name\":\"UNITED PETS MILANO X SELETTI Niche et Tapis Les Alpes - dev6 Erresse\",\"isPartOf\":{\"@id\":\"https:\/\/dev6.erresse-shop.it\/#website\"},\"primaryImageOfPage\":{\"@id\":\"https:\/\/dev6.erresse-shop.it\/fr\/shop\/cuisine\/united-pets-milano-x-seletti-niche-et-tapis-les-alpes\/#primaryimage\"},\"image\":{\"@id\":\"https:\/\/dev6.erresse-shop.it\/fr\/shop\/cuisine\/united-pets-milano-x-seletti-niche-et-tapis-les-alpes\/#primaryimage\"},\"thumbnailUrl\":\"https:\/\/i0.wp.com\/interpim.erresse-shop.it\/img-catalogo\/united-pets\/united-pets-milano-x-seletti-cuccia-e-tappeto-new-york.jpg?ssl=1\",\"datePublished\":\"2026-04-12T07:47:20+00:00\",\"description\":\"Niche souple avec dossier rembourr\u00e9 et fond antid\u00e9rapant. Le cadre et le coussin sont amovibles et lavables en machine \u00e0 30\u00b0. Tapis d\u2019\u00e9veil avec\",\"breadcrumb\":{\"@id\":\"https:\/\/dev6.erresse-shop.it\/fr\/shop\/cuisine\/united-pets-milano-x-seletti-niche-et-tapis-les-alpes\/#breadcrumb\"},\"inLanguage\":\"fr-FR\",\"potentialAction\":[{\"@type\":\"ReadAction\",\"target\":[\"https:\/\/dev6.erresse-shop.it\/fr\/shop\/cuisine\/united-pets-milano-x-seletti-niche-et-tapis-les-alpes\/\"]}]},{\"@type\":\"ImageObject\",\"inLanguage\":\"fr-FR\",\"@id\":\"https:\/\/dev6.erresse-shop.it\/fr\/shop\/cuisine\/united-pets-milano-x-seletti-niche-et-tapis-les-alpes\/#primaryimage\",\"url\":\"https:\/\/i0.wp.com\/interpim.erresse-shop.it\/img-catalogo\/united-pets\/united-pets-milano-x-seletti-cuccia-e-tappeto-new-york.jpg?ssl=1\",\"contentUrl\":\"https:\/\/i0.wp.com\/interpim.erresse-shop.it\/img-catalogo\/united-pets\/united-pets-milano-x-seletti-cuccia-e-tappeto-new-york.jpg?ssl=1\"},{\"@type\":\"BreadcrumbList\",\"@id\":\"https:\/\/dev6.erresse-shop.it\/fr\/shop\/cuisine\/united-pets-milano-x-seletti-niche-et-tapis-les-alpes\/#breadcrumb\",\"itemListElement\":[{\"@type\":\"ListItem\",\"position\":1,\"name\":\"Home\",\"item\":\"https:\/\/dev6.erresse-shop.it\/\"},{\"@type\":\"ListItem\",\"position\":2,\"name\":\"Boutique\",\"item\":\"https:\/\/dev6.erresse-shop.it\/shop\/\"},{\"@type\":\"ListItem\",\"position\":3,\"name\":\"UNITED PETS MILANO X SELETTI Niche et Tapis Les Alpes\"}]},{\"@type\":\"WebSite\",\"@id\":\"https:\/\/dev6.erresse-shop.it\/#website\",\"url\":\"https:\/\/dev6.erresse-shop.it\/\",\"name\":\"Erresse Shop\",\"description\":\"\",\"publisher\":{\"@id\":\"https:\/\/dev6.erresse-shop.it\/#organization\"},\"potentialAction\":[{\"@type\":\"SearchAction\",\"target\":{\"@type\":\"EntryPoint\",\"urlTemplate\":\"https:\/\/dev6.erresse-shop.it\/?s={search_term_string}\"},\"query-input\":{\"@type\":\"PropertyValueSpecification\",\"valueRequired\":true,\"valueName\":\"search_term_string\"}}],\"inLanguage\":\"fr-FR\"},{\"@type\":\"Organization\",\"@id\":\"https:\/\/dev6.erresse-shop.it\/#organization\",\"name\":\"Erresse Shop\",\"url\":\"https:\/\/dev6.erresse-shop.it\/\",\"logo\":{\"@type\":\"ImageObject\",\"inLanguage\":\"fr-FR\",\"@id\":\"https:\/\/dev6.erresse-shop.it\/#\/schema\/logo\/image\/\",\"url\":\"https:\/\/dev6.erresse-shop.it\/wp-content\/uploads\/2025\/01\/LOGO-ERRESSE-CLASSICO.svg\",\"contentUrl\":\"https:\/\/dev6.erresse-shop.it\/wp-content\/uploads\/2025\/01\/LOGO-ERRESSE-CLASSICO.svg\",\"caption\":\"Erresse Shop\"},\"image\":{\"@id\":\"https:\/\/dev6.erresse-shop.it\/#\/schema\/logo\/image\/\"}}]}<\/script>\n<!-- \/ Yoast SEO plugin. -->","yoast_head_json":{"title":"UNITED PETS MILANO X SELETTI Niche et Tapis Les Alpes - dev6 Erresse","description":"Niche souple avec dossier rembourr\u00e9 et fond antid\u00e9rapant. Le cadre et le coussin sont amovibles et lavables en machine \u00e0 30\u00b0. Tapis d\u2019\u00e9veil avec","robots":{"index":"noindex","follow":"follow","max-snippet":"max-snippet:-1","max-image-preview":"max-image-preview:large","max-video-preview":"max-video-preview:-1"},"og_locale":"fr_FR","og_type":"article","og_title":"UNITED PETS MILANO X SELETTI Niche et Tapis Les Alpes - dev6 Erresse","og_description":"Niche souple avec dossier rembourr\u00e9 et fond antid\u00e9rapant. Le cadre et le coussin sont amovibles et lavables en machine \u00e0 30\u00b0. Tapis d\u2019\u00e9veil avec","og_url":"https:\/\/dev6.erresse-shop.it\/fr\/shop\/cuisine\/united-pets-milano-x-seletti-niche-et-tapis-les-alpes\/","og_site_name":"dev6 Erresse","og_image":[{"url":"https:\/\/interpim.erresse-shop.it\/img-catalogo\/united-pets\/united-pets-milano-x-seletti-cuccia-e-tappeto-new-york.jpg","type":"","width":"","height":""},{"url":"https:\/\/interpim.erresse-shop.it\/img-catalogo\/united-pets\/united-pets-milano-x-seletti-cuccia-e-tappeto-new-york.jpg","width":1024,"height":1024,"type":"image\/jpeg"}],"twitter_card":"summary_large_image","twitter_image":"https:\/\/interpim.erresse-shop.it\/img-catalogo\/united-pets\/united-pets-milano-x-seletti-cuccia-e-tappeto-new-york.jpg","schema":{"@context":"https:\/\/schema.org","@graph":[{"@type":"WebPage","@id":"https:\/\/dev6.erresse-shop.it\/fr\/shop\/cuisine\/united-pets-milano-x-seletti-niche-et-tapis-les-alpes\/","url":"https:\/\/dev6.erresse-shop.it\/fr\/shop\/cuisine\/united-pets-milano-x-seletti-niche-et-tapis-les-alpes\/","name":"UNITED PETS MILANO X SELETTI Niche et Tapis Les Alpes - dev6 Erresse","isPartOf":{"@id":"https:\/\/dev6.erresse-shop.it\/#website"},"primaryImageOfPage":{"@id":"https:\/\/dev6.erresse-shop.it\/fr\/shop\/cuisine\/united-pets-milano-x-seletti-niche-et-tapis-les-alpes\/#primaryimage"},"image":{"@id":"https:\/\/dev6.erresse-shop.it\/fr\/shop\/cuisine\/united-pets-milano-x-seletti-niche-et-tapis-les-alpes\/#primaryimage"},"thumbnailUrl":"https:\/\/i0.wp.com\/interpim.erresse-shop.it\/img-catalogo\/united-pets\/united-pets-milano-x-seletti-cuccia-e-tappeto-new-york.jpg?ssl=1","datePublished":"2026-04-12T07:47:20+00:00","description":"Niche souple avec dossier rembourr\u00e9 et fond antid\u00e9rapant. Le cadre et le coussin sont amovibles et lavables en machine \u00e0 30\u00b0. Tapis d\u2019\u00e9veil avec","breadcrumb":{"@id":"https:\/\/dev6.erresse-shop.it\/fr\/shop\/cuisine\/united-pets-milano-x-seletti-niche-et-tapis-les-alpes\/#breadcrumb"},"inLanguage":"fr-FR","potentialAction":[{"@type":"ReadAction","target":["https:\/\/dev6.erresse-shop.it\/fr\/shop\/cuisine\/united-pets-milano-x-seletti-niche-et-tapis-les-alpes\/"]}]},{"@type":"ImageObject","inLanguage":"fr-FR","@id":"https:\/\/dev6.erresse-shop.it\/fr\/shop\/cuisine\/united-pets-milano-x-seletti-niche-et-tapis-les-alpes\/#primaryimage","url":"https:\/\/i0.wp.com\/interpim.erresse-shop.it\/img-catalogo\/united-pets\/united-pets-milano-x-seletti-cuccia-e-tappeto-new-york.jpg?ssl=1","contentUrl":"https:\/\/i0.wp.com\/interpim.erresse-shop.it\/img-catalogo\/united-pets\/united-pets-milano-x-seletti-cuccia-e-tappeto-new-york.jpg?ssl=1"},{"@type":"BreadcrumbList","@id":"https:\/\/dev6.erresse-shop.it\/fr\/shop\/cuisine\/united-pets-milano-x-seletti-niche-et-tapis-les-alpes\/#breadcrumb","itemListElement":[{"@type":"ListItem","position":1,"name":"Home","item":"https:\/\/dev6.erresse-shop.it\/"},{"@type":"ListItem","position":2,"name":"Boutique","item":"https:\/\/dev6.erresse-shop.it\/shop\/"},{"@type":"ListItem","position":3,"name":"UNITED PETS MILANO X SELETTI Niche et Tapis Les Alpes"}]},{"@type":"WebSite","@id":"https:\/\/dev6.erresse-shop.it\/#website","url":"https:\/\/dev6.erresse-shop.it\/","name":"Erresse Shop","description":"","publisher":{"@id":"https:\/\/dev6.erresse-shop.it\/#organization"},"potentialAction":[{"@type":"SearchAction","target":{"@type":"EntryPoint","urlTemplate":"https:\/\/dev6.erresse-shop.it\/?s={search_term_string}"},"query-input":{"@type":"PropertyValueSpecification","valueRequired":true,"valueName":"search_term_string"}}],"inLanguage":"fr-FR"},{"@type":"Organization","@id":"https:\/\/dev6.erresse-shop.it\/#organization","name":"Erresse Shop","url":"https:\/\/dev6.erresse-shop.it\/","logo":{"@type":"ImageObject","inLanguage":"fr-FR","@id":"https:\/\/dev6.erresse-shop.it\/#\/schema\/logo\/image\/","url":"https:\/\/dev6.erresse-shop.it\/wp-content\/uploads\/2025\/01\/LOGO-ERRESSE-CLASSICO.svg","contentUrl":"https:\/\/dev6.erresse-shop.it\/wp-content\/uploads\/2025\/01\/LOGO-ERRESSE-CLASSICO.svg","caption":"Erresse Shop"},"image":{"@id":"https:\/\/dev6.erresse-shop.it\/#\/schema\/logo\/image\/"}}]}},"df_price":169,"df_sale_price":169,"df_regular_price":224.5,"df_image_link":"https:\/\/i0.wp.com\/interpim.erresse-shop.it\/img-catalogo\/united-pets\/united-pets-milano-x-seletti-cuccia-e-tappeto-new-york.jpg?resize=300,300&ssl=1","fifu_image_url":"https:\/\/interpim.erresse-shop.it\/img-catalogo\/united-pets\/united-pets-milano-x-seletti-cuccia-e-tappeto-new-york.jpg","_links":{"self":[{"href":"https:\/\/dev6.erresse-shop.it\/fr\/wp-json\/wp\/v2\/product\/61880","targetHints":{"allow":["GET"]}}],"collection":[{"href":"https:\/\/dev6.erresse-shop.it\/fr\/wp-json\/wp\/v2\/product"}],"about":[{"href":"https:\/\/dev6.erresse-shop.it\/fr\/wp-json\/wp\/v2\/types\/product"}],"wp:featuredmedia":[{"embeddable":true,"href":"https:\/\/dev6.erresse-shop.it\/fr\/wp-json\/wp\/v2\/media\/6363206"}],"wp:attachment":[{"href":"https:\/\/dev6.erresse-shop.it\/fr\/wp-json\/wp\/v2\/media?parent=61880"}],"wp:term":[{"taxonomy":"product_cat","embeddable":true,"href":"https:\/\/dev6.erresse-shop.it\/fr\/wp-json\/wp\/v2\/product_cat?post=61880"},{"taxonomy":"product_tag","embeddable":true,"href":"https:\/\/dev6.erresse-shop.it\/fr\/wp-json\/wp\/v2\/product_tag?post=61880"}],"curies":[{"name":"wp","href":"https:\/\/api.w.org\/{rel}","templated":true}]}}