{"id":61864,"date":"2026-04-10T10:25:54","date_gmt":"2026-04-10T08:25:54","guid":{"rendered":"https:\/\/dev6.erresse-shop.it\/shop\/non%20class\u00e9\/united-pets-milano-seletti-bol-new-york-300-ml\/"},"modified":"2025-09-14T04:56:14","modified_gmt":"2025-09-14T02:56:14","slug":"united-pets-milano-seletti-bol-new-york-300-ml","status":"publish","type":"product","link":"https:\/\/dev6.erresse-shop.it\/fr\/shop\/cuisine\/united-pets-milano-seletti-bol-new-york-300-ml\/","title":{"rendered":"UNITED PETS MILANO &#8211; SELETTI Bol New york 300 ml"},"content":{"rendered":"<p>Bol en c\u00e9ramique polie. La c\u00e9ramique est un mat\u00e9riau hygi\u00e9nique, facile \u00e0 nettoyer et qui n\u2019absorbe pas les odeurs des aliments. Le poids de la gamelle la rend extr\u00eamement stable.<br \/>\nSeletti et United Pets unissent leurs forces pour cr\u00e9er une collection r\u00e9volutionnaire d\u00e9di\u00e9e aux amis \u00e0 quatre pattes. Tapis pour chenil et al\u00e8se, gamelle et al\u00e8se en quatre motifs originaux : Maldives, Les Alpes, New York, DoggyMood.<br \/>\nQuel est votre pr\u00e9f\u00e9r\u00e9 ?<\/p>\n<p>Lavable au lave-vaisselle<\/p>\n","protected":false},"excerpt":{"rendered":"<p>Bol en c\u00e9ramique polie. La c\u00e9ramique est un mat\u00e9riau hygi\u00e9nique, facile \u00e0 nettoyer et qui n\u2019absorbe pas les odeurs des aliments. Le poids de la gamelle la rend extr\u00eamement stable. Seletti et United Pets unissent leurs forces pour cr\u00e9er une collection r\u00e9volutionnaire d\u00e9di\u00e9e aux amis \u00e0 quatre pattes. Tapis pour chenil et al\u00e8se, gamelle et [&hellip;]<\/p>\n","protected":false},"featured_media":6321529,"template":"","meta":{"_acf_changed":false},"product_cat":[11992],"product_tag":[],"class_list":{"0":"post-61864","1":"product","2":"type-product","3":"status-publish","4":"has-post-thumbnail","6":"product_cat-cuisine","8":"first","9":"instock","10":"sale","11":"taxable","12":"shipping-taxable","13":"purchasable","14":"product-type-simple","swatches":"rey-swatches","show_selected":"","stretch_labels":"rey-swatches--stretch-labels"},"acf":[],"yoast_head":"<!-- This site is optimized with the Yoast SEO plugin v25.4 - https:\/\/yoast.com\/wordpress\/plugins\/seo\/ -->\n<title>UNITED PETS MILANO &#8211; SELETTI Bol New york 300 ml - dev6 Erresse<\/title>\n<meta name=\"description\" content=\"Bol en c\u00e9ramique polie. La c\u00e9ramique est un mat\u00e9riau hygi\u00e9nique, facile \u00e0 nettoyer et qui n\u2019absorbe pas les odeurs des aliments. Le poids de la gamelle la\" \/>\n<meta name=\"robots\" content=\"noindex, follow, max-snippet:-1, max-image-preview:large, max-video-preview:-1\" \/>\n<meta property=\"og:locale\" content=\"fr_FR\" \/>\n<meta property=\"og:type\" content=\"article\" \/>\n<meta property=\"og:title\" content=\"UNITED PETS MILANO &#8211; SELETTI Bol New york 300 ml - dev6 Erresse\" \/>\n<meta property=\"og:description\" content=\"Bol en c\u00e9ramique polie. La c\u00e9ramique est un mat\u00e9riau hygi\u00e9nique, facile \u00e0 nettoyer et qui n\u2019absorbe pas les odeurs des aliments. Le poids de la gamelle la\" \/>\n<meta property=\"og:url\" content=\"https:\/\/dev6.erresse-shop.it\/fr\/shop\/cuisine\/united-pets-milano-seletti-bol-new-york-300-ml\/\" \/>\n<meta property=\"og:site_name\" content=\"dev6 Erresse\" \/>\n<meta property=\"og:image\" content=\"https:\/\/interpim.erresse-shop.it\/img-catalogo\/united-pets\/united-pets-milano-seletti-ciotola-new-york-300-ml.jpg\" \/><meta property=\"og:image\" content=\"https:\/\/interpim.erresse-shop.it\/img-catalogo\/united-pets\/united-pets-milano-seletti-ciotola-new-york-300-ml.jpg\" \/>\n\t<meta property=\"og:image:width\" content=\"1024\" \/>\n\t<meta property=\"og:image:height\" content=\"1024\" \/>\n\t<meta property=\"og:image:type\" content=\"image\/jpeg\" \/>\n<meta name=\"twitter:card\" content=\"summary_large_image\" \/>\n<meta name=\"twitter:image\" content=\"https:\/\/interpim.erresse-shop.it\/img-catalogo\/united-pets\/united-pets-milano-seletti-ciotola-new-york-300-ml.jpg\" \/>\n<script type=\"application\/ld+json\" class=\"yoast-schema-graph\">{\"@context\":\"https:\/\/schema.org\",\"@graph\":[{\"@type\":\"WebPage\",\"@id\":\"https:\/\/dev6.erresse-shop.it\/fr\/shop\/cuisine\/united-pets-milano-seletti-bol-new-york-300-ml\/\",\"url\":\"https:\/\/dev6.erresse-shop.it\/fr\/shop\/cuisine\/united-pets-milano-seletti-bol-new-york-300-ml\/\",\"name\":\"UNITED PETS MILANO &#8211; SELETTI Bol New york 300 ml - dev6 Erresse\",\"isPartOf\":{\"@id\":\"https:\/\/dev6.erresse-shop.it\/#website\"},\"primaryImageOfPage\":{\"@id\":\"https:\/\/dev6.erresse-shop.it\/fr\/shop\/cuisine\/united-pets-milano-seletti-bol-new-york-300-ml\/#primaryimage\"},\"image\":{\"@id\":\"https:\/\/dev6.erresse-shop.it\/fr\/shop\/cuisine\/united-pets-milano-seletti-bol-new-york-300-ml\/#primaryimage\"},\"thumbnailUrl\":\"https:\/\/i1.wp.com\/interpim.erresse-shop.it\/img-catalogo\/united-pets\/united-pets-milano-seletti-ciotola-new-york-300-ml.jpg?ssl=1\",\"datePublished\":\"2026-04-10T08:25:54+00:00\",\"description\":\"Bol en c\u00e9ramique polie. La c\u00e9ramique est un mat\u00e9riau hygi\u00e9nique, facile \u00e0 nettoyer et qui n\u2019absorbe pas les odeurs des aliments. Le poids de la gamelle la\",\"breadcrumb\":{\"@id\":\"https:\/\/dev6.erresse-shop.it\/fr\/shop\/cuisine\/united-pets-milano-seletti-bol-new-york-300-ml\/#breadcrumb\"},\"inLanguage\":\"fr-FR\",\"potentialAction\":[{\"@type\":\"ReadAction\",\"target\":[\"https:\/\/dev6.erresse-shop.it\/fr\/shop\/cuisine\/united-pets-milano-seletti-bol-new-york-300-ml\/\"]}]},{\"@type\":\"ImageObject\",\"inLanguage\":\"fr-FR\",\"@id\":\"https:\/\/dev6.erresse-shop.it\/fr\/shop\/cuisine\/united-pets-milano-seletti-bol-new-york-300-ml\/#primaryimage\",\"url\":\"https:\/\/i1.wp.com\/interpim.erresse-shop.it\/img-catalogo\/united-pets\/united-pets-milano-seletti-ciotola-new-york-300-ml.jpg?ssl=1\",\"contentUrl\":\"https:\/\/i1.wp.com\/interpim.erresse-shop.it\/img-catalogo\/united-pets\/united-pets-milano-seletti-ciotola-new-york-300-ml.jpg?ssl=1\"},{\"@type\":\"BreadcrumbList\",\"@id\":\"https:\/\/dev6.erresse-shop.it\/fr\/shop\/cuisine\/united-pets-milano-seletti-bol-new-york-300-ml\/#breadcrumb\",\"itemListElement\":[{\"@type\":\"ListItem\",\"position\":1,\"name\":\"Home\",\"item\":\"https:\/\/dev6.erresse-shop.it\/\"},{\"@type\":\"ListItem\",\"position\":2,\"name\":\"Boutique\",\"item\":\"https:\/\/dev6.erresse-shop.it\/shop\/\"},{\"@type\":\"ListItem\",\"position\":3,\"name\":\"UNITED PETS MILANO &#8211; SELETTI Bol New york 300 ml\"}]},{\"@type\":\"WebSite\",\"@id\":\"https:\/\/dev6.erresse-shop.it\/#website\",\"url\":\"https:\/\/dev6.erresse-shop.it\/\",\"name\":\"Erresse Shop\",\"description\":\"\",\"publisher\":{\"@id\":\"https:\/\/dev6.erresse-shop.it\/#organization\"},\"potentialAction\":[{\"@type\":\"SearchAction\",\"target\":{\"@type\":\"EntryPoint\",\"urlTemplate\":\"https:\/\/dev6.erresse-shop.it\/?s={search_term_string}\"},\"query-input\":{\"@type\":\"PropertyValueSpecification\",\"valueRequired\":true,\"valueName\":\"search_term_string\"}}],\"inLanguage\":\"fr-FR\"},{\"@type\":\"Organization\",\"@id\":\"https:\/\/dev6.erresse-shop.it\/#organization\",\"name\":\"Erresse Shop\",\"url\":\"https:\/\/dev6.erresse-shop.it\/\",\"logo\":{\"@type\":\"ImageObject\",\"inLanguage\":\"fr-FR\",\"@id\":\"https:\/\/dev6.erresse-shop.it\/#\/schema\/logo\/image\/\",\"url\":\"https:\/\/dev6.erresse-shop.it\/wp-content\/uploads\/2025\/01\/LOGO-ERRESSE-CLASSICO.svg\",\"contentUrl\":\"https:\/\/dev6.erresse-shop.it\/wp-content\/uploads\/2025\/01\/LOGO-ERRESSE-CLASSICO.svg\",\"caption\":\"Erresse Shop\"},\"image\":{\"@id\":\"https:\/\/dev6.erresse-shop.it\/#\/schema\/logo\/image\/\"}}]}<\/script>\n<!-- \/ Yoast SEO plugin. -->","yoast_head_json":{"title":"UNITED PETS MILANO &#8211; SELETTI Bol New york 300 ml - dev6 Erresse","description":"Bol en c\u00e9ramique polie. La c\u00e9ramique est un mat\u00e9riau hygi\u00e9nique, facile \u00e0 nettoyer et qui n\u2019absorbe pas les odeurs des aliments. Le poids de la gamelle la","robots":{"index":"noindex","follow":"follow","max-snippet":"max-snippet:-1","max-image-preview":"max-image-preview:large","max-video-preview":"max-video-preview:-1"},"og_locale":"fr_FR","og_type":"article","og_title":"UNITED PETS MILANO &#8211; SELETTI Bol New york 300 ml - dev6 Erresse","og_description":"Bol en c\u00e9ramique polie. La c\u00e9ramique est un mat\u00e9riau hygi\u00e9nique, facile \u00e0 nettoyer et qui n\u2019absorbe pas les odeurs des aliments. Le poids de la gamelle la","og_url":"https:\/\/dev6.erresse-shop.it\/fr\/shop\/cuisine\/united-pets-milano-seletti-bol-new-york-300-ml\/","og_site_name":"dev6 Erresse","og_image":[{"url":"https:\/\/interpim.erresse-shop.it\/img-catalogo\/united-pets\/united-pets-milano-seletti-ciotola-new-york-300-ml.jpg","type":"","width":"","height":""},{"url":"https:\/\/interpim.erresse-shop.it\/img-catalogo\/united-pets\/united-pets-milano-seletti-ciotola-new-york-300-ml.jpg","width":1024,"height":1024,"type":"image\/jpeg"}],"twitter_card":"summary_large_image","twitter_image":"https:\/\/interpim.erresse-shop.it\/img-catalogo\/united-pets\/united-pets-milano-seletti-ciotola-new-york-300-ml.jpg","schema":{"@context":"https:\/\/schema.org","@graph":[{"@type":"WebPage","@id":"https:\/\/dev6.erresse-shop.it\/fr\/shop\/cuisine\/united-pets-milano-seletti-bol-new-york-300-ml\/","url":"https:\/\/dev6.erresse-shop.it\/fr\/shop\/cuisine\/united-pets-milano-seletti-bol-new-york-300-ml\/","name":"UNITED PETS MILANO &#8211; SELETTI Bol New york 300 ml - dev6 Erresse","isPartOf":{"@id":"https:\/\/dev6.erresse-shop.it\/#website"},"primaryImageOfPage":{"@id":"https:\/\/dev6.erresse-shop.it\/fr\/shop\/cuisine\/united-pets-milano-seletti-bol-new-york-300-ml\/#primaryimage"},"image":{"@id":"https:\/\/dev6.erresse-shop.it\/fr\/shop\/cuisine\/united-pets-milano-seletti-bol-new-york-300-ml\/#primaryimage"},"thumbnailUrl":"https:\/\/i1.wp.com\/interpim.erresse-shop.it\/img-catalogo\/united-pets\/united-pets-milano-seletti-ciotola-new-york-300-ml.jpg?ssl=1","datePublished":"2026-04-10T08:25:54+00:00","description":"Bol en c\u00e9ramique polie. La c\u00e9ramique est un mat\u00e9riau hygi\u00e9nique, facile \u00e0 nettoyer et qui n\u2019absorbe pas les odeurs des aliments. Le poids de la gamelle la","breadcrumb":{"@id":"https:\/\/dev6.erresse-shop.it\/fr\/shop\/cuisine\/united-pets-milano-seletti-bol-new-york-300-ml\/#breadcrumb"},"inLanguage":"fr-FR","potentialAction":[{"@type":"ReadAction","target":["https:\/\/dev6.erresse-shop.it\/fr\/shop\/cuisine\/united-pets-milano-seletti-bol-new-york-300-ml\/"]}]},{"@type":"ImageObject","inLanguage":"fr-FR","@id":"https:\/\/dev6.erresse-shop.it\/fr\/shop\/cuisine\/united-pets-milano-seletti-bol-new-york-300-ml\/#primaryimage","url":"https:\/\/i1.wp.com\/interpim.erresse-shop.it\/img-catalogo\/united-pets\/united-pets-milano-seletti-ciotola-new-york-300-ml.jpg?ssl=1","contentUrl":"https:\/\/i1.wp.com\/interpim.erresse-shop.it\/img-catalogo\/united-pets\/united-pets-milano-seletti-ciotola-new-york-300-ml.jpg?ssl=1"},{"@type":"BreadcrumbList","@id":"https:\/\/dev6.erresse-shop.it\/fr\/shop\/cuisine\/united-pets-milano-seletti-bol-new-york-300-ml\/#breadcrumb","itemListElement":[{"@type":"ListItem","position":1,"name":"Home","item":"https:\/\/dev6.erresse-shop.it\/"},{"@type":"ListItem","position":2,"name":"Boutique","item":"https:\/\/dev6.erresse-shop.it\/shop\/"},{"@type":"ListItem","position":3,"name":"UNITED PETS MILANO &#8211; SELETTI Bol New york 300 ml"}]},{"@type":"WebSite","@id":"https:\/\/dev6.erresse-shop.it\/#website","url":"https:\/\/dev6.erresse-shop.it\/","name":"Erresse Shop","description":"","publisher":{"@id":"https:\/\/dev6.erresse-shop.it\/#organization"},"potentialAction":[{"@type":"SearchAction","target":{"@type":"EntryPoint","urlTemplate":"https:\/\/dev6.erresse-shop.it\/?s={search_term_string}"},"query-input":{"@type":"PropertyValueSpecification","valueRequired":true,"valueName":"search_term_string"}}],"inLanguage":"fr-FR"},{"@type":"Organization","@id":"https:\/\/dev6.erresse-shop.it\/#organization","name":"Erresse Shop","url":"https:\/\/dev6.erresse-shop.it\/","logo":{"@type":"ImageObject","inLanguage":"fr-FR","@id":"https:\/\/dev6.erresse-shop.it\/#\/schema\/logo\/image\/","url":"https:\/\/dev6.erresse-shop.it\/wp-content\/uploads\/2025\/01\/LOGO-ERRESSE-CLASSICO.svg","contentUrl":"https:\/\/dev6.erresse-shop.it\/wp-content\/uploads\/2025\/01\/LOGO-ERRESSE-CLASSICO.svg","caption":"Erresse Shop"},"image":{"@id":"https:\/\/dev6.erresse-shop.it\/#\/schema\/logo\/image\/"}}]}},"df_price":59.95,"df_sale_price":59.95,"df_regular_price":70,"df_image_link":"https:\/\/i1.wp.com\/interpim.erresse-shop.it\/img-catalogo\/united-pets\/united-pets-milano-seletti-ciotola-new-york-300-ml.jpg?resize=300,300&ssl=1","fifu_image_url":"https:\/\/interpim.erresse-shop.it\/img-catalogo\/united-pets\/united-pets-milano-seletti-ciotola-new-york-300-ml.jpg","_links":{"self":[{"href":"https:\/\/dev6.erresse-shop.it\/fr\/wp-json\/wp\/v2\/product\/61864","targetHints":{"allow":["GET"]}}],"collection":[{"href":"https:\/\/dev6.erresse-shop.it\/fr\/wp-json\/wp\/v2\/product"}],"about":[{"href":"https:\/\/dev6.erresse-shop.it\/fr\/wp-json\/wp\/v2\/types\/product"}],"wp:featuredmedia":[{"embeddable":true,"href":"https:\/\/dev6.erresse-shop.it\/fr\/wp-json\/wp\/v2\/media\/6321529"}],"wp:attachment":[{"href":"https:\/\/dev6.erresse-shop.it\/fr\/wp-json\/wp\/v2\/media?parent=61864"}],"wp:term":[{"taxonomy":"product_cat","embeddable":true,"href":"https:\/\/dev6.erresse-shop.it\/fr\/wp-json\/wp\/v2\/product_cat?post=61864"},{"taxonomy":"product_tag","embeddable":true,"href":"https:\/\/dev6.erresse-shop.it\/fr\/wp-json\/wp\/v2\/product_tag?post=61864"}],"curies":[{"name":"wp","href":"https:\/\/api.w.org\/{rel}","templated":true}]}}