{"id":61846,"date":"2026-04-12T09:47:20","date_gmt":"2026-04-12T07:47:20","guid":{"rendered":"https:\/\/dev6.erresse-shop.it\/shop\/non%20class\u00e9\/g3-ferrari-rosto-58-l-avec-rotisserie\/"},"modified":"2025-09-14T04:56:04","modified_gmt":"2025-09-14T02:56:04","slug":"g3-ferrari-rosto-58-l-avec-rotisserie","status":"publish","type":"product","link":"https:\/\/dev6.erresse-shop.it\/fr\/shop\/petits-electromenagers\/fours\/g3-ferrari-rosto-58-l-avec-rotisserie\/","title":{"rendered":"G3 FERRARI Rost\u00f2 58 L avec R\u00f4tisserie"},"content":{"rendered":"<p>ROST\u00d3 58 est fonctionnel et en m\u00eame temps spacieux avec un espace de cuisson de 58 litres. Avec la possibilit\u00e9 de cuisiner deux plats en m\u00eame temps en peu de temps et avec une consommation d\u2019\u00e9nergie limit\u00e9e, il devient un appareil auxiliaire pr\u00e9cieux. Facile \u00e0 transporter, il est utile dans de nombreuses situations tant \u00e0 l\u2019int\u00e9rieur qu\u2019\u00e0 l\u2019ext\u00e9rieur de la maison et, dans sa version ventil\u00e9e, il offre toutes les possibilit\u00e9s de cuire les aliments en moins de temps. La temp\u00e9rature interne, qui peut d\u00e9passer 300 degr\u00e9s, et la plaque de cuisson ronde sp\u00e9ciale fournie le rendent particuli\u00e8rement adapt\u00e9 \u00e0 la cuisson des pizzas et des fougasses. La r\u00f4tissoire et les parois \u00e9maill\u00e9es en font un appareil pratiquement \u201cFull Function\u201d.<\/p>\n<p>Caract\u00e9ristiques techniques<\/p>\n<p>Capacit\u00e9 : 58 litres<br \/>\nVentilation<br \/>\nLampe interne<br \/>\nBroche de r\u00f4tisserie<br \/>\nPeut contenir un plat de 41 cm de diam\u00e8tre<br \/>\nDouble vitrage pour l\u2019isolation thermique<br \/>\nMinuterie de 90 minutes avec signal sonore<br \/>\nThermostat r\u00e9glable de 40\u00b0 \u00e0 300\u00b0C<br \/>\n\u00c9l\u00e9ments chauffants en acier blind\u00e9<br \/>\nFonctions de cuisson : basique, grill, combin\u00e9<br \/>\nT\u00e9moin lumineux de fonctionnement<br \/>\nFacile \u00e0 nettoyer ! Parois int\u00e9rieures \u00e9maill\u00e9es<br \/>\nAccessoires : 1 gril, 1 l\u00e8chefrite rectangulaire, 1 l\u00e8chefrite ronde \u00d841cm, 1 r\u00f4tissoire<br \/>\nAlimentation : AC 230V ~ 50-60Hz<br \/>\nPuissance : 1800 W<br \/>\nDimensions (L x H x P) : 63 x 41,5 x 49,5 cm<br \/>\nPoids : 18,8 kg<\/p>\n<p>Non disponible \u00e0 la vente en dehors de l\u2019Europe<\/p>\n","protected":false},"excerpt":{"rendered":"<p>ROST\u00d3 58 est fonctionnel et en m\u00eame temps spacieux avec un espace de cuisson de 58 litres. Avec la possibilit\u00e9 de cuisiner deux plats en m\u00eame temps en peu de temps et avec une consommation d\u2019\u00e9nergie limit\u00e9e, il devient un appareil auxiliaire pr\u00e9cieux. Facile \u00e0 transporter, il est utile dans de nombreuses situations tant \u00e0 [&hellip;]<\/p>\n","protected":false},"featured_media":6363127,"template":"","meta":{"_acf_changed":false},"product_cat":[12085,12055],"product_tag":[],"class_list":{"0":"post-61846","1":"product","2":"type-product","3":"status-publish","4":"has-post-thumbnail","6":"product_cat-fours","7":"product_cat-petits-electromenagers","9":"first","10":"instock","11":"sale","12":"taxable","13":"shipping-taxable","14":"purchasable","15":"product-type-simple","swatches":"rey-swatches","show_selected":"","stretch_labels":"rey-swatches--stretch-labels"},"acf":[],"yoast_head":"<!-- This site is optimized with the Yoast SEO plugin v25.4 - https:\/\/yoast.com\/wordpress\/plugins\/seo\/ -->\n<title>G3 FERRARI Rost\u00f2 58 L avec R\u00f4tisserie - dev6 Erresse<\/title>\n<meta name=\"description\" content=\"ROST\u00d3 58 est fonctionnel et en m\u00eame temps spacieux avec un espace de cuisson de 58 litres. Avec la possibilit\u00e9 de cuisiner deux plats en m\u00eame temps en peu\" \/>\n<meta name=\"robots\" content=\"noindex, follow, max-snippet:-1, max-image-preview:large, max-video-preview:-1\" \/>\n<meta property=\"og:locale\" content=\"fr_FR\" \/>\n<meta property=\"og:type\" content=\"article\" \/>\n<meta property=\"og:title\" content=\"G3 FERRARI Rost\u00f2 58 L avec R\u00f4tisserie - dev6 Erresse\" \/>\n<meta property=\"og:description\" content=\"ROST\u00d3 58 est fonctionnel et en m\u00eame temps spacieux avec un espace de cuisson de 58 litres. Avec la possibilit\u00e9 de cuisiner deux plats en m\u00eame temps en peu\" \/>\n<meta property=\"og:url\" content=\"https:\/\/dev6.erresse-shop.it\/fr\/shop\/petits-electromenagers\/fours\/g3-ferrari-rosto-58-l-avec-rotisserie\/\" \/>\n<meta property=\"og:site_name\" content=\"dev6 Erresse\" \/>\n<meta property=\"og:image\" content=\"https:\/\/interpim.erresse-shop.it\/wp-content\/uploads\/2023\/07\/G3-FERRARI-Rosto\u0300-58-L-con-Girarrosto.jpg\/g3-ferrari-rosto-cc-80-58-l-con-girarrosto.jpg\" \/><meta property=\"og:image\" content=\"https:\/\/interpim.erresse-shop.it\/wp-content\/uploads\/2023\/07\/G3-FERRARI-Rosto\u0300-58-L-con-Girarrosto.jpg\/g3-ferrari-rosto-cc-80-58-l-con-girarrosto.jpg\" \/>\n\t<meta property=\"og:image:width\" content=\"1024\" \/>\n\t<meta property=\"og:image:height\" content=\"1024\" \/>\n\t<meta property=\"og:image:type\" content=\"image\/jpeg\" \/>\n<meta name=\"twitter:card\" content=\"summary_large_image\" \/>\n<meta name=\"twitter:image\" content=\"https:\/\/interpim.erresse-shop.it\/wp-content\/uploads\/2023\/07\/G3-FERRARI-Rosto\u0300-58-L-con-Girarrosto.jpg\/g3-ferrari-rosto-cc-80-58-l-con-girarrosto.jpg\" \/>\n<script type=\"application\/ld+json\" class=\"yoast-schema-graph\">{\"@context\":\"https:\/\/schema.org\",\"@graph\":[{\"@type\":\"WebPage\",\"@id\":\"https:\/\/dev6.erresse-shop.it\/fr\/shop\/petits-electromenagers\/fours\/g3-ferrari-rosto-58-l-avec-rotisserie\/\",\"url\":\"https:\/\/dev6.erresse-shop.it\/fr\/shop\/petits-electromenagers\/fours\/g3-ferrari-rosto-58-l-avec-rotisserie\/\",\"name\":\"G3 FERRARI Rost\u00f2 58 L avec R\u00f4tisserie - dev6 Erresse\",\"isPartOf\":{\"@id\":\"https:\/\/dev6.erresse-shop.it\/#website\"},\"primaryImageOfPage\":{\"@id\":\"https:\/\/dev6.erresse-shop.it\/fr\/shop\/petits-electromenagers\/fours\/g3-ferrari-rosto-58-l-avec-rotisserie\/#primaryimage\"},\"image\":{\"@id\":\"https:\/\/dev6.erresse-shop.it\/fr\/shop\/petits-electromenagers\/fours\/g3-ferrari-rosto-58-l-avec-rotisserie\/#primaryimage\"},\"thumbnailUrl\":\"https:\/\/i1.wp.com\/interpim.erresse-shop.it\/wp-content\/uploads\/2023\/07\/G3-FERRARI-Rosto\u0300-58-L-con-Girarrosto.jpg\/g3-ferrari-rosto-cc-80-58-l-con-girarrosto.jpg?ssl=1\",\"datePublished\":\"2026-04-12T07:47:20+00:00\",\"description\":\"ROST\u00d3 58 est fonctionnel et en m\u00eame temps spacieux avec un espace de cuisson de 58 litres. Avec la possibilit\u00e9 de cuisiner deux plats en m\u00eame temps en peu\",\"breadcrumb\":{\"@id\":\"https:\/\/dev6.erresse-shop.it\/fr\/shop\/petits-electromenagers\/fours\/g3-ferrari-rosto-58-l-avec-rotisserie\/#breadcrumb\"},\"inLanguage\":\"fr-FR\",\"potentialAction\":[{\"@type\":\"ReadAction\",\"target\":[\"https:\/\/dev6.erresse-shop.it\/fr\/shop\/petits-electromenagers\/fours\/g3-ferrari-rosto-58-l-avec-rotisserie\/\"]}]},{\"@type\":\"ImageObject\",\"inLanguage\":\"fr-FR\",\"@id\":\"https:\/\/dev6.erresse-shop.it\/fr\/shop\/petits-electromenagers\/fours\/g3-ferrari-rosto-58-l-avec-rotisserie\/#primaryimage\",\"url\":\"https:\/\/i1.wp.com\/interpim.erresse-shop.it\/wp-content\/uploads\/2023\/07\/G3-FERRARI-Rosto\u0300-58-L-con-Girarrosto.jpg\/g3-ferrari-rosto-cc-80-58-l-con-girarrosto.jpg?ssl=1\",\"contentUrl\":\"https:\/\/i1.wp.com\/interpim.erresse-shop.it\/wp-content\/uploads\/2023\/07\/G3-FERRARI-Rosto\u0300-58-L-con-Girarrosto.jpg\/g3-ferrari-rosto-cc-80-58-l-con-girarrosto.jpg?ssl=1\"},{\"@type\":\"BreadcrumbList\",\"@id\":\"https:\/\/dev6.erresse-shop.it\/fr\/shop\/petits-electromenagers\/fours\/g3-ferrari-rosto-58-l-avec-rotisserie\/#breadcrumb\",\"itemListElement\":[{\"@type\":\"ListItem\",\"position\":1,\"name\":\"Home\",\"item\":\"https:\/\/dev6.erresse-shop.it\/\"},{\"@type\":\"ListItem\",\"position\":2,\"name\":\"Boutique\",\"item\":\"https:\/\/dev6.erresse-shop.it\/shop\/\"},{\"@type\":\"ListItem\",\"position\":3,\"name\":\"G3 FERRARI Rost\u00f2 58 L avec R\u00f4tisserie\"}]},{\"@type\":\"WebSite\",\"@id\":\"https:\/\/dev6.erresse-shop.it\/#website\",\"url\":\"https:\/\/dev6.erresse-shop.it\/\",\"name\":\"Erresse Shop\",\"description\":\"\",\"publisher\":{\"@id\":\"https:\/\/dev6.erresse-shop.it\/#organization\"},\"potentialAction\":[{\"@type\":\"SearchAction\",\"target\":{\"@type\":\"EntryPoint\",\"urlTemplate\":\"https:\/\/dev6.erresse-shop.it\/?s={search_term_string}\"},\"query-input\":{\"@type\":\"PropertyValueSpecification\",\"valueRequired\":true,\"valueName\":\"search_term_string\"}}],\"inLanguage\":\"fr-FR\"},{\"@type\":\"Organization\",\"@id\":\"https:\/\/dev6.erresse-shop.it\/#organization\",\"name\":\"Erresse Shop\",\"url\":\"https:\/\/dev6.erresse-shop.it\/\",\"logo\":{\"@type\":\"ImageObject\",\"inLanguage\":\"fr-FR\",\"@id\":\"https:\/\/dev6.erresse-shop.it\/#\/schema\/logo\/image\/\",\"url\":\"https:\/\/dev6.erresse-shop.it\/wp-content\/uploads\/2025\/01\/LOGO-ERRESSE-CLASSICO.svg\",\"contentUrl\":\"https:\/\/dev6.erresse-shop.it\/wp-content\/uploads\/2025\/01\/LOGO-ERRESSE-CLASSICO.svg\",\"caption\":\"Erresse Shop\"},\"image\":{\"@id\":\"https:\/\/dev6.erresse-shop.it\/#\/schema\/logo\/image\/\"}}]}<\/script>\n<!-- \/ Yoast SEO plugin. -->","yoast_head_json":{"title":"G3 FERRARI Rost\u00f2 58 L avec R\u00f4tisserie - dev6 Erresse","description":"ROST\u00d3 58 est fonctionnel et en m\u00eame temps spacieux avec un espace de cuisson de 58 litres. Avec la possibilit\u00e9 de cuisiner deux plats en m\u00eame temps en peu","robots":{"index":"noindex","follow":"follow","max-snippet":"max-snippet:-1","max-image-preview":"max-image-preview:large","max-video-preview":"max-video-preview:-1"},"og_locale":"fr_FR","og_type":"article","og_title":"G3 FERRARI Rost\u00f2 58 L avec R\u00f4tisserie - dev6 Erresse","og_description":"ROST\u00d3 58 est fonctionnel et en m\u00eame temps spacieux avec un espace de cuisson de 58 litres. Avec la possibilit\u00e9 de cuisiner deux plats en m\u00eame temps en peu","og_url":"https:\/\/dev6.erresse-shop.it\/fr\/shop\/petits-electromenagers\/fours\/g3-ferrari-rosto-58-l-avec-rotisserie\/","og_site_name":"dev6 Erresse","og_image":[{"url":"https:\/\/interpim.erresse-shop.it\/wp-content\/uploads\/2023\/07\/G3-FERRARI-Rosto\u0300-58-L-con-Girarrosto.jpg\/g3-ferrari-rosto-cc-80-58-l-con-girarrosto.jpg","type":"","width":"","height":""},{"url":"https:\/\/interpim.erresse-shop.it\/wp-content\/uploads\/2023\/07\/G3-FERRARI-Rosto\u0300-58-L-con-Girarrosto.jpg\/g3-ferrari-rosto-cc-80-58-l-con-girarrosto.jpg","width":1024,"height":1024,"type":"image\/jpeg"}],"twitter_card":"summary_large_image","twitter_image":"https:\/\/interpim.erresse-shop.it\/wp-content\/uploads\/2023\/07\/G3-FERRARI-Rosto\u0300-58-L-con-Girarrosto.jpg\/g3-ferrari-rosto-cc-80-58-l-con-girarrosto.jpg","schema":{"@context":"https:\/\/schema.org","@graph":[{"@type":"WebPage","@id":"https:\/\/dev6.erresse-shop.it\/fr\/shop\/petits-electromenagers\/fours\/g3-ferrari-rosto-58-l-avec-rotisserie\/","url":"https:\/\/dev6.erresse-shop.it\/fr\/shop\/petits-electromenagers\/fours\/g3-ferrari-rosto-58-l-avec-rotisserie\/","name":"G3 FERRARI Rost\u00f2 58 L avec R\u00f4tisserie - dev6 Erresse","isPartOf":{"@id":"https:\/\/dev6.erresse-shop.it\/#website"},"primaryImageOfPage":{"@id":"https:\/\/dev6.erresse-shop.it\/fr\/shop\/petits-electromenagers\/fours\/g3-ferrari-rosto-58-l-avec-rotisserie\/#primaryimage"},"image":{"@id":"https:\/\/dev6.erresse-shop.it\/fr\/shop\/petits-electromenagers\/fours\/g3-ferrari-rosto-58-l-avec-rotisserie\/#primaryimage"},"thumbnailUrl":"https:\/\/i1.wp.com\/interpim.erresse-shop.it\/wp-content\/uploads\/2023\/07\/G3-FERRARI-Rosto\u0300-58-L-con-Girarrosto.jpg\/g3-ferrari-rosto-cc-80-58-l-con-girarrosto.jpg?ssl=1","datePublished":"2026-04-12T07:47:20+00:00","description":"ROST\u00d3 58 est fonctionnel et en m\u00eame temps spacieux avec un espace de cuisson de 58 litres. Avec la possibilit\u00e9 de cuisiner deux plats en m\u00eame temps en peu","breadcrumb":{"@id":"https:\/\/dev6.erresse-shop.it\/fr\/shop\/petits-electromenagers\/fours\/g3-ferrari-rosto-58-l-avec-rotisserie\/#breadcrumb"},"inLanguage":"fr-FR","potentialAction":[{"@type":"ReadAction","target":["https:\/\/dev6.erresse-shop.it\/fr\/shop\/petits-electromenagers\/fours\/g3-ferrari-rosto-58-l-avec-rotisserie\/"]}]},{"@type":"ImageObject","inLanguage":"fr-FR","@id":"https:\/\/dev6.erresse-shop.it\/fr\/shop\/petits-electromenagers\/fours\/g3-ferrari-rosto-58-l-avec-rotisserie\/#primaryimage","url":"https:\/\/i1.wp.com\/interpim.erresse-shop.it\/wp-content\/uploads\/2023\/07\/G3-FERRARI-Rosto\u0300-58-L-con-Girarrosto.jpg\/g3-ferrari-rosto-cc-80-58-l-con-girarrosto.jpg?ssl=1","contentUrl":"https:\/\/i1.wp.com\/interpim.erresse-shop.it\/wp-content\/uploads\/2023\/07\/G3-FERRARI-Rosto\u0300-58-L-con-Girarrosto.jpg\/g3-ferrari-rosto-cc-80-58-l-con-girarrosto.jpg?ssl=1"},{"@type":"BreadcrumbList","@id":"https:\/\/dev6.erresse-shop.it\/fr\/shop\/petits-electromenagers\/fours\/g3-ferrari-rosto-58-l-avec-rotisserie\/#breadcrumb","itemListElement":[{"@type":"ListItem","position":1,"name":"Home","item":"https:\/\/dev6.erresse-shop.it\/"},{"@type":"ListItem","position":2,"name":"Boutique","item":"https:\/\/dev6.erresse-shop.it\/shop\/"},{"@type":"ListItem","position":3,"name":"G3 FERRARI Rost\u00f2 58 L avec R\u00f4tisserie"}]},{"@type":"WebSite","@id":"https:\/\/dev6.erresse-shop.it\/#website","url":"https:\/\/dev6.erresse-shop.it\/","name":"Erresse Shop","description":"","publisher":{"@id":"https:\/\/dev6.erresse-shop.it\/#organization"},"potentialAction":[{"@type":"SearchAction","target":{"@type":"EntryPoint","urlTemplate":"https:\/\/dev6.erresse-shop.it\/?s={search_term_string}"},"query-input":{"@type":"PropertyValueSpecification","valueRequired":true,"valueName":"search_term_string"}}],"inLanguage":"fr-FR"},{"@type":"Organization","@id":"https:\/\/dev6.erresse-shop.it\/#organization","name":"Erresse Shop","url":"https:\/\/dev6.erresse-shop.it\/","logo":{"@type":"ImageObject","inLanguage":"fr-FR","@id":"https:\/\/dev6.erresse-shop.it\/#\/schema\/logo\/image\/","url":"https:\/\/dev6.erresse-shop.it\/wp-content\/uploads\/2025\/01\/LOGO-ERRESSE-CLASSICO.svg","contentUrl":"https:\/\/dev6.erresse-shop.it\/wp-content\/uploads\/2025\/01\/LOGO-ERRESSE-CLASSICO.svg","caption":"Erresse Shop"},"image":{"@id":"https:\/\/dev6.erresse-shop.it\/#\/schema\/logo\/image\/"}}]}},"df_price":199,"df_sale_price":199,"df_regular_price":229.9,"df_image_link":"https:\/\/i1.wp.com\/interpim.erresse-shop.it\/wp-content\/uploads\/2023\/07\/G3-FERRARI-Rosto\u0300-58-L-con-Girarrosto.jpg\/g3-ferrari-rosto-cc-80-58-l-con-girarrosto.jpg?resize=300,300&ssl=1","fifu_image_url":"https:\/\/interpim.erresse-shop.it\/wp-content\/uploads\/2023\/07\/G3-FERRARI-Rosto\u0300-58-L-con-Girarrosto.jpg\/g3-ferrari-rosto-cc-80-58-l-con-girarrosto.jpg","_links":{"self":[{"href":"https:\/\/dev6.erresse-shop.it\/fr\/wp-json\/wp\/v2\/product\/61846","targetHints":{"allow":["GET"]}}],"collection":[{"href":"https:\/\/dev6.erresse-shop.it\/fr\/wp-json\/wp\/v2\/product"}],"about":[{"href":"https:\/\/dev6.erresse-shop.it\/fr\/wp-json\/wp\/v2\/types\/product"}],"wp:featuredmedia":[{"embeddable":true,"href":"https:\/\/dev6.erresse-shop.it\/fr\/wp-json\/wp\/v2\/media\/6363127"}],"wp:attachment":[{"href":"https:\/\/dev6.erresse-shop.it\/fr\/wp-json\/wp\/v2\/media?parent=61846"}],"wp:term":[{"taxonomy":"product_cat","embeddable":true,"href":"https:\/\/dev6.erresse-shop.it\/fr\/wp-json\/wp\/v2\/product_cat?post=61846"},{"taxonomy":"product_tag","embeddable":true,"href":"https:\/\/dev6.erresse-shop.it\/fr\/wp-json\/wp\/v2\/product_tag?post=61846"}],"curies":[{"name":"wp","href":"https:\/\/api.w.org\/{rel}","templated":true}]}}