{"id":61844,"date":"2026-04-12T09:47:20","date_gmt":"2026-04-12T07:47:20","guid":{"rendered":"https:\/\/dev6.erresse-shop.it\/shop\/non%20class\u00e9\/g3-ferrari-napoletana-noir\/"},"modified":"2025-09-14T04:56:01","modified_gmt":"2025-09-14T02:56:01","slug":"g3-ferrari-napoletana-noir","status":"publish","type":"product","link":"https:\/\/dev6.erresse-shop.it\/fr\/shop\/petits-electromenagers\/fours\/g3-ferrari-napoletana-noir\/","title":{"rendered":"G3 FERRARI Napoletana Noir"},"content":{"rendered":"<p>La traditionnelle pizza italienne en 5 minutes ! Le parfum et le go\u00fbt sont exalt\u00e9s gr\u00e2ce \u00e0 l\u2019unique four \u00e0 pizza Pizzeria Snack NAPOLETANA. Gr\u00e2ce aux temp\u00e9ratures de cuisson \u00e9lev\u00e9es (jusqu\u2019\u00e0 400\u00b0C), ce four est en mesure de cuire la pizza sans dess\u00e9cher la sauce, garantissant ainsi le m\u00eame r\u00e9sultat que les meilleures pizzerias de Naples. NAPOLETANA, gr\u00e2ce au syst\u00e8me de cuisson EXCLUSIF avec 2 plaques en pierre r\u00e9fractaire, peut \u00eatre utilis\u00e9 pour pr\u00e9parer d\u2019excellentes tigelles emiliane ou piadine romagnole traditionnelles et pour cuire des toasts, des g\u00e2teaux, des tartes et de d\u00e9licieux sandwichs. Livre de recettes inclus.<\/p>\n<p>Caract\u00e9ristiques techniques<br \/>\n\u2013 Thermostat r\u00e9glable (max 400\u00b0C)<br \/>\n\u2013 Minuterie de 5 minutes<br \/>\n\u2013 2 pierres r\u00e9fractaires (\u00d8 31 cm)<br \/>\n\u2013 Pierre r\u00e9fractaire sup\u00e9rieure amovible<br \/>\n\u2013 2 \u00e9l\u00e9ments chauffants en acier<br \/>\n\u2013 T\u00e9moin lumineux de fonctionnement<br \/>\n\u2013 2 positions de cuisson<br \/>\n\u2013 Accessoires : plaques \u00e0 pizza en aluminium \u00d8 28 cm<br \/>\n\u2013 Alimentation \u00e9lectrique : AC 230V ~ 50Hz<br \/>\n\u2013 Puissance : 1200W<\/p>\n<p>NON COMMERCIALISABLE EN DEHORS DE L\u2019EUROPE<\/p>\n","protected":false},"excerpt":{"rendered":"<p>La traditionnelle pizza italienne en 5 minutes ! Le parfum et le go\u00fbt sont exalt\u00e9s gr\u00e2ce \u00e0 l\u2019unique four \u00e0 pizza Pizzeria Snack NAPOLETANA. Gr\u00e2ce aux temp\u00e9ratures de cuisson \u00e9lev\u00e9es (jusqu\u2019\u00e0 400\u00b0C), ce four est en mesure de cuire la pizza sans dess\u00e9cher la sauce, garantissant ainsi le m\u00eame r\u00e9sultat que les meilleures pizzerias de [&hellip;]<\/p>\n","protected":false},"featured_media":6363108,"template":"","meta":{"_acf_changed":false},"product_cat":[12085,12055],"product_tag":[],"class_list":{"0":"post-61844","1":"product","2":"type-product","3":"status-publish","4":"has-post-thumbnail","6":"product_cat-fours","7":"product_cat-petits-electromenagers","9":"first","10":"instock","11":"sale","12":"taxable","13":"shipping-taxable","14":"purchasable","15":"product-type-simple","swatches":"rey-swatches","show_selected":"","stretch_labels":"rey-swatches--stretch-labels"},"acf":[],"yoast_head":"<!-- This site is optimized with the Yoast SEO plugin v25.4 - https:\/\/yoast.com\/wordpress\/plugins\/seo\/ -->\n<title>G3 FERRARI Napoletana Noir - dev6 Erresse<\/title>\n<meta name=\"description\" content=\"La traditionnelle pizza italienne en 5 minutes ! Le parfum et le go\u00fbt sont exalt\u00e9s gr\u00e2ce \u00e0 l\u2019unique four \u00e0 pizza Pizzeria Snack NAPOLETANA. Gr\u00e2ce aux\" \/>\n<meta name=\"robots\" content=\"noindex, follow, max-snippet:-1, max-image-preview:large, max-video-preview:-1\" \/>\n<meta property=\"og:locale\" content=\"fr_FR\" \/>\n<meta property=\"og:type\" content=\"article\" \/>\n<meta property=\"og:title\" content=\"G3 FERRARI Napoletana Noir - dev6 Erresse\" \/>\n<meta property=\"og:description\" content=\"La traditionnelle pizza italienne en 5 minutes ! Le parfum et le go\u00fbt sont exalt\u00e9s gr\u00e2ce \u00e0 l\u2019unique four \u00e0 pizza Pizzeria Snack NAPOLETANA. Gr\u00e2ce aux\" \/>\n<meta property=\"og:url\" content=\"https:\/\/dev6.erresse-shop.it\/fr\/shop\/petits-electromenagers\/fours\/g3-ferrari-napoletana-noir\/\" \/>\n<meta property=\"og:site_name\" content=\"dev6 Erresse\" \/>\n<meta property=\"og:image\" content=\"https:\/\/interpim.erresse-shop.it\/Import\/Prodotti\/g3-ferrari-napoletana-nero.jpg\" \/><meta property=\"og:image\" content=\"https:\/\/interpim.erresse-shop.it\/Import\/Prodotti\/g3-ferrari-napoletana-nero.jpg\" \/>\n\t<meta property=\"og:image:width\" content=\"1024\" \/>\n\t<meta property=\"og:image:height\" content=\"1024\" \/>\n\t<meta property=\"og:image:type\" content=\"image\/jpeg\" \/>\n<meta name=\"twitter:card\" content=\"summary_large_image\" \/>\n<meta name=\"twitter:image\" content=\"https:\/\/interpim.erresse-shop.it\/Import\/Prodotti\/g3-ferrari-napoletana-nero.jpg\" \/>\n<script type=\"application\/ld+json\" class=\"yoast-schema-graph\">{\"@context\":\"https:\/\/schema.org\",\"@graph\":[{\"@type\":\"WebPage\",\"@id\":\"https:\/\/dev6.erresse-shop.it\/fr\/shop\/petits-electromenagers\/fours\/g3-ferrari-napoletana-noir\/\",\"url\":\"https:\/\/dev6.erresse-shop.it\/fr\/shop\/petits-electromenagers\/fours\/g3-ferrari-napoletana-noir\/\",\"name\":\"G3 FERRARI Napoletana Noir - dev6 Erresse\",\"isPartOf\":{\"@id\":\"https:\/\/dev6.erresse-shop.it\/#website\"},\"primaryImageOfPage\":{\"@id\":\"https:\/\/dev6.erresse-shop.it\/fr\/shop\/petits-electromenagers\/fours\/g3-ferrari-napoletana-noir\/#primaryimage\"},\"image\":{\"@id\":\"https:\/\/dev6.erresse-shop.it\/fr\/shop\/petits-electromenagers\/fours\/g3-ferrari-napoletana-noir\/#primaryimage\"},\"thumbnailUrl\":\"https:\/\/i3.wp.com\/interpim.erresse-shop.it\/Import\/Prodotti\/g3-ferrari-napoletana-nero.jpg?ssl=1\",\"datePublished\":\"2026-04-12T07:47:20+00:00\",\"description\":\"La traditionnelle pizza italienne en 5 minutes ! Le parfum et le go\u00fbt sont exalt\u00e9s gr\u00e2ce \u00e0 l\u2019unique four \u00e0 pizza Pizzeria Snack NAPOLETANA. Gr\u00e2ce aux\",\"breadcrumb\":{\"@id\":\"https:\/\/dev6.erresse-shop.it\/fr\/shop\/petits-electromenagers\/fours\/g3-ferrari-napoletana-noir\/#breadcrumb\"},\"inLanguage\":\"fr-FR\",\"potentialAction\":[{\"@type\":\"ReadAction\",\"target\":[\"https:\/\/dev6.erresse-shop.it\/fr\/shop\/petits-electromenagers\/fours\/g3-ferrari-napoletana-noir\/\"]}]},{\"@type\":\"ImageObject\",\"inLanguage\":\"fr-FR\",\"@id\":\"https:\/\/dev6.erresse-shop.it\/fr\/shop\/petits-electromenagers\/fours\/g3-ferrari-napoletana-noir\/#primaryimage\",\"url\":\"https:\/\/i3.wp.com\/interpim.erresse-shop.it\/Import\/Prodotti\/g3-ferrari-napoletana-nero.jpg?ssl=1\",\"contentUrl\":\"https:\/\/i3.wp.com\/interpim.erresse-shop.it\/Import\/Prodotti\/g3-ferrari-napoletana-nero.jpg?ssl=1\"},{\"@type\":\"BreadcrumbList\",\"@id\":\"https:\/\/dev6.erresse-shop.it\/fr\/shop\/petits-electromenagers\/fours\/g3-ferrari-napoletana-noir\/#breadcrumb\",\"itemListElement\":[{\"@type\":\"ListItem\",\"position\":1,\"name\":\"Home\",\"item\":\"https:\/\/dev6.erresse-shop.it\/\"},{\"@type\":\"ListItem\",\"position\":2,\"name\":\"Boutique\",\"item\":\"https:\/\/dev6.erresse-shop.it\/shop\/\"},{\"@type\":\"ListItem\",\"position\":3,\"name\":\"G3 FERRARI Napoletana Noir\"}]},{\"@type\":\"WebSite\",\"@id\":\"https:\/\/dev6.erresse-shop.it\/#website\",\"url\":\"https:\/\/dev6.erresse-shop.it\/\",\"name\":\"Erresse Shop\",\"description\":\"\",\"publisher\":{\"@id\":\"https:\/\/dev6.erresse-shop.it\/#organization\"},\"potentialAction\":[{\"@type\":\"SearchAction\",\"target\":{\"@type\":\"EntryPoint\",\"urlTemplate\":\"https:\/\/dev6.erresse-shop.it\/?s={search_term_string}\"},\"query-input\":{\"@type\":\"PropertyValueSpecification\",\"valueRequired\":true,\"valueName\":\"search_term_string\"}}],\"inLanguage\":\"fr-FR\"},{\"@type\":\"Organization\",\"@id\":\"https:\/\/dev6.erresse-shop.it\/#organization\",\"name\":\"Erresse Shop\",\"url\":\"https:\/\/dev6.erresse-shop.it\/\",\"logo\":{\"@type\":\"ImageObject\",\"inLanguage\":\"fr-FR\",\"@id\":\"https:\/\/dev6.erresse-shop.it\/#\/schema\/logo\/image\/\",\"url\":\"https:\/\/dev6.erresse-shop.it\/wp-content\/uploads\/2025\/01\/LOGO-ERRESSE-CLASSICO.svg\",\"contentUrl\":\"https:\/\/dev6.erresse-shop.it\/wp-content\/uploads\/2025\/01\/LOGO-ERRESSE-CLASSICO.svg\",\"caption\":\"Erresse Shop\"},\"image\":{\"@id\":\"https:\/\/dev6.erresse-shop.it\/#\/schema\/logo\/image\/\"}}]}<\/script>\n<!-- \/ Yoast SEO plugin. -->","yoast_head_json":{"title":"G3 FERRARI Napoletana Noir - dev6 Erresse","description":"La traditionnelle pizza italienne en 5 minutes ! Le parfum et le go\u00fbt sont exalt\u00e9s gr\u00e2ce \u00e0 l\u2019unique four \u00e0 pizza Pizzeria Snack NAPOLETANA. Gr\u00e2ce aux","robots":{"index":"noindex","follow":"follow","max-snippet":"max-snippet:-1","max-image-preview":"max-image-preview:large","max-video-preview":"max-video-preview:-1"},"og_locale":"fr_FR","og_type":"article","og_title":"G3 FERRARI Napoletana Noir - dev6 Erresse","og_description":"La traditionnelle pizza italienne en 5 minutes ! Le parfum et le go\u00fbt sont exalt\u00e9s gr\u00e2ce \u00e0 l\u2019unique four \u00e0 pizza Pizzeria Snack NAPOLETANA. Gr\u00e2ce aux","og_url":"https:\/\/dev6.erresse-shop.it\/fr\/shop\/petits-electromenagers\/fours\/g3-ferrari-napoletana-noir\/","og_site_name":"dev6 Erresse","og_image":[{"url":"https:\/\/interpim.erresse-shop.it\/Import\/Prodotti\/g3-ferrari-napoletana-nero.jpg","type":"","width":"","height":""},{"url":"https:\/\/interpim.erresse-shop.it\/Import\/Prodotti\/g3-ferrari-napoletana-nero.jpg","width":1024,"height":1024,"type":"image\/jpeg"}],"twitter_card":"summary_large_image","twitter_image":"https:\/\/interpim.erresse-shop.it\/Import\/Prodotti\/g3-ferrari-napoletana-nero.jpg","schema":{"@context":"https:\/\/schema.org","@graph":[{"@type":"WebPage","@id":"https:\/\/dev6.erresse-shop.it\/fr\/shop\/petits-electromenagers\/fours\/g3-ferrari-napoletana-noir\/","url":"https:\/\/dev6.erresse-shop.it\/fr\/shop\/petits-electromenagers\/fours\/g3-ferrari-napoletana-noir\/","name":"G3 FERRARI Napoletana Noir - dev6 Erresse","isPartOf":{"@id":"https:\/\/dev6.erresse-shop.it\/#website"},"primaryImageOfPage":{"@id":"https:\/\/dev6.erresse-shop.it\/fr\/shop\/petits-electromenagers\/fours\/g3-ferrari-napoletana-noir\/#primaryimage"},"image":{"@id":"https:\/\/dev6.erresse-shop.it\/fr\/shop\/petits-electromenagers\/fours\/g3-ferrari-napoletana-noir\/#primaryimage"},"thumbnailUrl":"https:\/\/i3.wp.com\/interpim.erresse-shop.it\/Import\/Prodotti\/g3-ferrari-napoletana-nero.jpg?ssl=1","datePublished":"2026-04-12T07:47:20+00:00","description":"La traditionnelle pizza italienne en 5 minutes ! Le parfum et le go\u00fbt sont exalt\u00e9s gr\u00e2ce \u00e0 l\u2019unique four \u00e0 pizza Pizzeria Snack NAPOLETANA. Gr\u00e2ce aux","breadcrumb":{"@id":"https:\/\/dev6.erresse-shop.it\/fr\/shop\/petits-electromenagers\/fours\/g3-ferrari-napoletana-noir\/#breadcrumb"},"inLanguage":"fr-FR","potentialAction":[{"@type":"ReadAction","target":["https:\/\/dev6.erresse-shop.it\/fr\/shop\/petits-electromenagers\/fours\/g3-ferrari-napoletana-noir\/"]}]},{"@type":"ImageObject","inLanguage":"fr-FR","@id":"https:\/\/dev6.erresse-shop.it\/fr\/shop\/petits-electromenagers\/fours\/g3-ferrari-napoletana-noir\/#primaryimage","url":"https:\/\/i3.wp.com\/interpim.erresse-shop.it\/Import\/Prodotti\/g3-ferrari-napoletana-nero.jpg?ssl=1","contentUrl":"https:\/\/i3.wp.com\/interpim.erresse-shop.it\/Import\/Prodotti\/g3-ferrari-napoletana-nero.jpg?ssl=1"},{"@type":"BreadcrumbList","@id":"https:\/\/dev6.erresse-shop.it\/fr\/shop\/petits-electromenagers\/fours\/g3-ferrari-napoletana-noir\/#breadcrumb","itemListElement":[{"@type":"ListItem","position":1,"name":"Home","item":"https:\/\/dev6.erresse-shop.it\/"},{"@type":"ListItem","position":2,"name":"Boutique","item":"https:\/\/dev6.erresse-shop.it\/shop\/"},{"@type":"ListItem","position":3,"name":"G3 FERRARI Napoletana Noir"}]},{"@type":"WebSite","@id":"https:\/\/dev6.erresse-shop.it\/#website","url":"https:\/\/dev6.erresse-shop.it\/","name":"Erresse Shop","description":"","publisher":{"@id":"https:\/\/dev6.erresse-shop.it\/#organization"},"potentialAction":[{"@type":"SearchAction","target":{"@type":"EntryPoint","urlTemplate":"https:\/\/dev6.erresse-shop.it\/?s={search_term_string}"},"query-input":{"@type":"PropertyValueSpecification","valueRequired":true,"valueName":"search_term_string"}}],"inLanguage":"fr-FR"},{"@type":"Organization","@id":"https:\/\/dev6.erresse-shop.it\/#organization","name":"Erresse Shop","url":"https:\/\/dev6.erresse-shop.it\/","logo":{"@type":"ImageObject","inLanguage":"fr-FR","@id":"https:\/\/dev6.erresse-shop.it\/#\/schema\/logo\/image\/","url":"https:\/\/dev6.erresse-shop.it\/wp-content\/uploads\/2025\/01\/LOGO-ERRESSE-CLASSICO.svg","contentUrl":"https:\/\/dev6.erresse-shop.it\/wp-content\/uploads\/2025\/01\/LOGO-ERRESSE-CLASSICO.svg","caption":"Erresse Shop"},"image":{"@id":"https:\/\/dev6.erresse-shop.it\/#\/schema\/logo\/image\/"}}]}},"df_price":114.95,"df_sale_price":114.95,"df_regular_price":159.9,"df_image_link":"https:\/\/i3.wp.com\/interpim.erresse-shop.it\/Import\/Prodotti\/g3-ferrari-napoletana-nero.jpg?resize=300,300&ssl=1","fifu_image_url":"https:\/\/interpim.erresse-shop.it\/Import\/Prodotti\/g3-ferrari-napoletana-nero.jpg","_links":{"self":[{"href":"https:\/\/dev6.erresse-shop.it\/fr\/wp-json\/wp\/v2\/product\/61844","targetHints":{"allow":["GET"]}}],"collection":[{"href":"https:\/\/dev6.erresse-shop.it\/fr\/wp-json\/wp\/v2\/product"}],"about":[{"href":"https:\/\/dev6.erresse-shop.it\/fr\/wp-json\/wp\/v2\/types\/product"}],"wp:featuredmedia":[{"embeddable":true,"href":"https:\/\/dev6.erresse-shop.it\/fr\/wp-json\/wp\/v2\/media\/6363108"}],"wp:attachment":[{"href":"https:\/\/dev6.erresse-shop.it\/fr\/wp-json\/wp\/v2\/media?parent=61844"}],"wp:term":[{"taxonomy":"product_cat","embeddable":true,"href":"https:\/\/dev6.erresse-shop.it\/fr\/wp-json\/wp\/v2\/product_cat?post=61844"},{"taxonomy":"product_tag","embeddable":true,"href":"https:\/\/dev6.erresse-shop.it\/fr\/wp-json\/wp\/v2\/product_tag?post=61844"}],"curies":[{"name":"wp","href":"https:\/\/api.w.org\/{rel}","templated":true}]}}