{"id":61789,"date":"2026-04-12T09:47:20","date_gmt":"2026-04-12T07:47:20","guid":{"rendered":"https:\/\/dev6.erresse-shop.it\/shop\/non%20class\u00e9\/kitchenaid-blender-immersion-2-vitesses-noir\/"},"modified":"2025-07-04T17:05:31","modified_gmt":"2025-07-04T15:05:31","slug":"kitchenaid-blender-immersion-2-vitesses-noir","status":"publish","type":"product","link":"https:\/\/dev6.erresse-shop.it\/fr\/shop\/petits-electromenagers\/mixeurs\/kitchenaid-blender-immersion-2-vitesses-noir\/","title":{"rendered":"KITCHENAID Blender Immersion 2 Vitesses Noir"},"content":{"rendered":"<p>Cr\u00e9ez rapidement et facilement des chefs-d\u2019\u0153uvre culinaires \u00e0 l\u2019infini.<\/p>\n<p>Mixeur plongeant filaire 5KHBL1321SOB d\u2019une puissance de 180 W. Il dispose de 2 niveaux de vitesse et d\u2019une capacit\u00e9 de 0,7 litre. Mixe, hache et r\u00e9duit en pur\u00e9e les smoothies, les sauces, les soupes et bien plus encore. Puissant moteur \u00e0 courant continu \u00e0 2 vitesses Pour un contr\u00f4le exceptionnel et silencieux et un fonctionnement durable. Pichet de mixage gradu\u00e9 sans bisph\u00e9nol. R\u00e9duit le besoin de plusieurs bols \u00e0 m\u00e9langer ou verres gradu\u00e9s. Fouette, sert et conserve facilement les aliments dans un seul bol. Couleur : noir, onyx.<\/p>\n","protected":false},"excerpt":{"rendered":"<p>Cr\u00e9ez rapidement et facilement des chefs-d\u2019\u0153uvre culinaires \u00e0 l\u2019infini. Mixeur plongeant filaire 5KHBL1321SOB d\u2019une puissance de 180 W. Il dispose de 2 niveaux de vitesse et d\u2019une capacit\u00e9 de 0,7 litre. Mixe, hache et r\u00e9duit en pur\u00e9e les smoothies, les sauces, les soupes et bien plus encore. Puissant moteur \u00e0 courant continu \u00e0 2 vitesses [&hellip;]<\/p>\n","protected":false},"featured_media":6363103,"template":"","meta":{"_acf_changed":false},"product_cat":[12061,12055],"product_tag":[],"class_list":{"0":"post-61789","1":"product","2":"type-product","3":"status-publish","4":"has-post-thumbnail","6":"product_cat-mixeurs","7":"product_cat-petits-electromenagers","9":"first","10":"instock","11":"sale","12":"taxable","13":"shipping-taxable","14":"purchasable","15":"product-type-simple","swatches":"rey-swatches","show_selected":"","stretch_labels":"rey-swatches--stretch-labels"},"acf":[],"yoast_head":"<!-- This site is optimized with the Yoast SEO plugin v25.4 - https:\/\/yoast.com\/wordpress\/plugins\/seo\/ -->\n<title>KITCHENAID Blender Immersion 2 Vitesses Noir - dev6 Erresse<\/title>\n<meta name=\"description\" content=\"Cr\u00e9ez rapidement et facilement des chefs-d\u2019\u0153uvre culinaires \u00e0 l\u2019infini. Mixeur plongeant filaire 5KHBL1321SOB d\u2019une puissance de 180 W. Il dispose de 2\" \/>\n<meta name=\"robots\" content=\"noindex, follow, max-snippet:-1, max-image-preview:large, max-video-preview:-1\" \/>\n<meta property=\"og:locale\" content=\"fr_FR\" \/>\n<meta property=\"og:type\" content=\"article\" \/>\n<meta property=\"og:title\" content=\"KITCHENAID Blender Immersion 2 Vitesses Noir - dev6 Erresse\" \/>\n<meta property=\"og:description\" content=\"Cr\u00e9ez rapidement et facilement des chefs-d\u2019\u0153uvre culinaires \u00e0 l\u2019infini. Mixeur plongeant filaire 5KHBL1321SOB d\u2019une puissance de 180 W. Il dispose de 2\" \/>\n<meta property=\"og:url\" content=\"https:\/\/dev6.erresse-shop.it\/fr\/shop\/petits-electromenagers\/mixeurs\/kitchenaid-blender-immersion-2-vitesses-noir\/\" \/>\n<meta property=\"og:site_name\" content=\"dev6 Erresse\" \/>\n<meta property=\"og:image\" content=\"https:\/\/interpim.erresse-shop.it\/wp-content\/uploads\/2023\/07\/KITCHENAID-Frullatore-Immersione-2-Velocita\u0300-Nero.jpg\/kitchenaid-frullatore-immersione-2-velocita-cc-80-nero.jpg\" \/><meta property=\"og:image\" content=\"https:\/\/interpim.erresse-shop.it\/wp-content\/uploads\/2023\/07\/KITCHENAID-Frullatore-Immersione-2-Velocita\u0300-Nero.jpg\/kitchenaid-frullatore-immersione-2-velocita-cc-80-nero.jpg\" \/>\n\t<meta property=\"og:image:width\" content=\"1024\" \/>\n\t<meta property=\"og:image:height\" content=\"1024\" \/>\n\t<meta property=\"og:image:type\" content=\"image\/jpeg\" \/>\n<meta name=\"twitter:card\" content=\"summary_large_image\" \/>\n<meta name=\"twitter:image\" content=\"https:\/\/interpim.erresse-shop.it\/wp-content\/uploads\/2023\/07\/KITCHENAID-Frullatore-Immersione-2-Velocita\u0300-Nero.jpg\/kitchenaid-frullatore-immersione-2-velocita-cc-80-nero.jpg\" \/>\n<script type=\"application\/ld+json\" class=\"yoast-schema-graph\">{\"@context\":\"https:\/\/schema.org\",\"@graph\":[{\"@type\":\"WebPage\",\"@id\":\"https:\/\/dev6.erresse-shop.it\/fr\/shop\/petits-electromenagers\/mixeurs\/kitchenaid-blender-immersion-2-vitesses-noir\/\",\"url\":\"https:\/\/dev6.erresse-shop.it\/fr\/shop\/petits-electromenagers\/mixeurs\/kitchenaid-blender-immersion-2-vitesses-noir\/\",\"name\":\"KITCHENAID Blender Immersion 2 Vitesses Noir - dev6 Erresse\",\"isPartOf\":{\"@id\":\"https:\/\/dev6.erresse-shop.it\/#website\"},\"primaryImageOfPage\":{\"@id\":\"https:\/\/dev6.erresse-shop.it\/fr\/shop\/petits-electromenagers\/mixeurs\/kitchenaid-blender-immersion-2-vitesses-noir\/#primaryimage\"},\"image\":{\"@id\":\"https:\/\/dev6.erresse-shop.it\/fr\/shop\/petits-electromenagers\/mixeurs\/kitchenaid-blender-immersion-2-vitesses-noir\/#primaryimage\"},\"thumbnailUrl\":\"https:\/\/i3.wp.com\/interpim.erresse-shop.it\/wp-content\/uploads\/2023\/07\/KITCHENAID-Frullatore-Immersione-2-Velocita\u0300-Nero.jpg\/kitchenaid-frullatore-immersione-2-velocita-cc-80-nero.jpg?ssl=1\",\"datePublished\":\"2026-04-12T07:47:20+00:00\",\"description\":\"Cr\u00e9ez rapidement et facilement des chefs-d\u2019\u0153uvre culinaires \u00e0 l\u2019infini. Mixeur plongeant filaire 5KHBL1321SOB d\u2019une puissance de 180 W. Il dispose de 2\",\"breadcrumb\":{\"@id\":\"https:\/\/dev6.erresse-shop.it\/fr\/shop\/petits-electromenagers\/mixeurs\/kitchenaid-blender-immersion-2-vitesses-noir\/#breadcrumb\"},\"inLanguage\":\"fr-FR\",\"potentialAction\":[{\"@type\":\"ReadAction\",\"target\":[\"https:\/\/dev6.erresse-shop.it\/fr\/shop\/petits-electromenagers\/mixeurs\/kitchenaid-blender-immersion-2-vitesses-noir\/\"]}]},{\"@type\":\"ImageObject\",\"inLanguage\":\"fr-FR\",\"@id\":\"https:\/\/dev6.erresse-shop.it\/fr\/shop\/petits-electromenagers\/mixeurs\/kitchenaid-blender-immersion-2-vitesses-noir\/#primaryimage\",\"url\":\"https:\/\/i3.wp.com\/interpim.erresse-shop.it\/wp-content\/uploads\/2023\/07\/KITCHENAID-Frullatore-Immersione-2-Velocita\u0300-Nero.jpg\/kitchenaid-frullatore-immersione-2-velocita-cc-80-nero.jpg?ssl=1\",\"contentUrl\":\"https:\/\/i3.wp.com\/interpim.erresse-shop.it\/wp-content\/uploads\/2023\/07\/KITCHENAID-Frullatore-Immersione-2-Velocita\u0300-Nero.jpg\/kitchenaid-frullatore-immersione-2-velocita-cc-80-nero.jpg?ssl=1\"},{\"@type\":\"BreadcrumbList\",\"@id\":\"https:\/\/dev6.erresse-shop.it\/fr\/shop\/petits-electromenagers\/mixeurs\/kitchenaid-blender-immersion-2-vitesses-noir\/#breadcrumb\",\"itemListElement\":[{\"@type\":\"ListItem\",\"position\":1,\"name\":\"Home\",\"item\":\"https:\/\/dev6.erresse-shop.it\/\"},{\"@type\":\"ListItem\",\"position\":2,\"name\":\"Boutique\",\"item\":\"https:\/\/dev6.erresse-shop.it\/shop\/\"},{\"@type\":\"ListItem\",\"position\":3,\"name\":\"KITCHENAID Blender Immersion 2 Vitesses Noir\"}]},{\"@type\":\"WebSite\",\"@id\":\"https:\/\/dev6.erresse-shop.it\/#website\",\"url\":\"https:\/\/dev6.erresse-shop.it\/\",\"name\":\"Erresse Shop\",\"description\":\"\",\"publisher\":{\"@id\":\"https:\/\/dev6.erresse-shop.it\/#organization\"},\"potentialAction\":[{\"@type\":\"SearchAction\",\"target\":{\"@type\":\"EntryPoint\",\"urlTemplate\":\"https:\/\/dev6.erresse-shop.it\/?s={search_term_string}\"},\"query-input\":{\"@type\":\"PropertyValueSpecification\",\"valueRequired\":true,\"valueName\":\"search_term_string\"}}],\"inLanguage\":\"fr-FR\"},{\"@type\":\"Organization\",\"@id\":\"https:\/\/dev6.erresse-shop.it\/#organization\",\"name\":\"Erresse Shop\",\"url\":\"https:\/\/dev6.erresse-shop.it\/\",\"logo\":{\"@type\":\"ImageObject\",\"inLanguage\":\"fr-FR\",\"@id\":\"https:\/\/dev6.erresse-shop.it\/#\/schema\/logo\/image\/\",\"url\":\"https:\/\/dev6.erresse-shop.it\/wp-content\/uploads\/2025\/01\/LOGO-ERRESSE-CLASSICO.svg\",\"contentUrl\":\"https:\/\/dev6.erresse-shop.it\/wp-content\/uploads\/2025\/01\/LOGO-ERRESSE-CLASSICO.svg\",\"caption\":\"Erresse Shop\"},\"image\":{\"@id\":\"https:\/\/dev6.erresse-shop.it\/#\/schema\/logo\/image\/\"}}]}<\/script>\n<!-- \/ Yoast SEO plugin. -->","yoast_head_json":{"title":"KITCHENAID Blender Immersion 2 Vitesses Noir - dev6 Erresse","description":"Cr\u00e9ez rapidement et facilement des chefs-d\u2019\u0153uvre culinaires \u00e0 l\u2019infini. Mixeur plongeant filaire 5KHBL1321SOB d\u2019une puissance de 180 W. Il dispose de 2","robots":{"index":"noindex","follow":"follow","max-snippet":"max-snippet:-1","max-image-preview":"max-image-preview:large","max-video-preview":"max-video-preview:-1"},"og_locale":"fr_FR","og_type":"article","og_title":"KITCHENAID Blender Immersion 2 Vitesses Noir - dev6 Erresse","og_description":"Cr\u00e9ez rapidement et facilement des chefs-d\u2019\u0153uvre culinaires \u00e0 l\u2019infini. Mixeur plongeant filaire 5KHBL1321SOB d\u2019une puissance de 180 W. Il dispose de 2","og_url":"https:\/\/dev6.erresse-shop.it\/fr\/shop\/petits-electromenagers\/mixeurs\/kitchenaid-blender-immersion-2-vitesses-noir\/","og_site_name":"dev6 Erresse","og_image":[{"url":"https:\/\/interpim.erresse-shop.it\/wp-content\/uploads\/2023\/07\/KITCHENAID-Frullatore-Immersione-2-Velocita\u0300-Nero.jpg\/kitchenaid-frullatore-immersione-2-velocita-cc-80-nero.jpg","type":"","width":"","height":""},{"url":"https:\/\/interpim.erresse-shop.it\/wp-content\/uploads\/2023\/07\/KITCHENAID-Frullatore-Immersione-2-Velocita\u0300-Nero.jpg\/kitchenaid-frullatore-immersione-2-velocita-cc-80-nero.jpg","width":1024,"height":1024,"type":"image\/jpeg"}],"twitter_card":"summary_large_image","twitter_image":"https:\/\/interpim.erresse-shop.it\/wp-content\/uploads\/2023\/07\/KITCHENAID-Frullatore-Immersione-2-Velocita\u0300-Nero.jpg\/kitchenaid-frullatore-immersione-2-velocita-cc-80-nero.jpg","schema":{"@context":"https:\/\/schema.org","@graph":[{"@type":"WebPage","@id":"https:\/\/dev6.erresse-shop.it\/fr\/shop\/petits-electromenagers\/mixeurs\/kitchenaid-blender-immersion-2-vitesses-noir\/","url":"https:\/\/dev6.erresse-shop.it\/fr\/shop\/petits-electromenagers\/mixeurs\/kitchenaid-blender-immersion-2-vitesses-noir\/","name":"KITCHENAID Blender Immersion 2 Vitesses Noir - dev6 Erresse","isPartOf":{"@id":"https:\/\/dev6.erresse-shop.it\/#website"},"primaryImageOfPage":{"@id":"https:\/\/dev6.erresse-shop.it\/fr\/shop\/petits-electromenagers\/mixeurs\/kitchenaid-blender-immersion-2-vitesses-noir\/#primaryimage"},"image":{"@id":"https:\/\/dev6.erresse-shop.it\/fr\/shop\/petits-electromenagers\/mixeurs\/kitchenaid-blender-immersion-2-vitesses-noir\/#primaryimage"},"thumbnailUrl":"https:\/\/i3.wp.com\/interpim.erresse-shop.it\/wp-content\/uploads\/2023\/07\/KITCHENAID-Frullatore-Immersione-2-Velocita\u0300-Nero.jpg\/kitchenaid-frullatore-immersione-2-velocita-cc-80-nero.jpg?ssl=1","datePublished":"2026-04-12T07:47:20+00:00","description":"Cr\u00e9ez rapidement et facilement des chefs-d\u2019\u0153uvre culinaires \u00e0 l\u2019infini. Mixeur plongeant filaire 5KHBL1321SOB d\u2019une puissance de 180 W. Il dispose de 2","breadcrumb":{"@id":"https:\/\/dev6.erresse-shop.it\/fr\/shop\/petits-electromenagers\/mixeurs\/kitchenaid-blender-immersion-2-vitesses-noir\/#breadcrumb"},"inLanguage":"fr-FR","potentialAction":[{"@type":"ReadAction","target":["https:\/\/dev6.erresse-shop.it\/fr\/shop\/petits-electromenagers\/mixeurs\/kitchenaid-blender-immersion-2-vitesses-noir\/"]}]},{"@type":"ImageObject","inLanguage":"fr-FR","@id":"https:\/\/dev6.erresse-shop.it\/fr\/shop\/petits-electromenagers\/mixeurs\/kitchenaid-blender-immersion-2-vitesses-noir\/#primaryimage","url":"https:\/\/i3.wp.com\/interpim.erresse-shop.it\/wp-content\/uploads\/2023\/07\/KITCHENAID-Frullatore-Immersione-2-Velocita\u0300-Nero.jpg\/kitchenaid-frullatore-immersione-2-velocita-cc-80-nero.jpg?ssl=1","contentUrl":"https:\/\/i3.wp.com\/interpim.erresse-shop.it\/wp-content\/uploads\/2023\/07\/KITCHENAID-Frullatore-Immersione-2-Velocita\u0300-Nero.jpg\/kitchenaid-frullatore-immersione-2-velocita-cc-80-nero.jpg?ssl=1"},{"@type":"BreadcrumbList","@id":"https:\/\/dev6.erresse-shop.it\/fr\/shop\/petits-electromenagers\/mixeurs\/kitchenaid-blender-immersion-2-vitesses-noir\/#breadcrumb","itemListElement":[{"@type":"ListItem","position":1,"name":"Home","item":"https:\/\/dev6.erresse-shop.it\/"},{"@type":"ListItem","position":2,"name":"Boutique","item":"https:\/\/dev6.erresse-shop.it\/shop\/"},{"@type":"ListItem","position":3,"name":"KITCHENAID Blender Immersion 2 Vitesses Noir"}]},{"@type":"WebSite","@id":"https:\/\/dev6.erresse-shop.it\/#website","url":"https:\/\/dev6.erresse-shop.it\/","name":"Erresse Shop","description":"","publisher":{"@id":"https:\/\/dev6.erresse-shop.it\/#organization"},"potentialAction":[{"@type":"SearchAction","target":{"@type":"EntryPoint","urlTemplate":"https:\/\/dev6.erresse-shop.it\/?s={search_term_string}"},"query-input":{"@type":"PropertyValueSpecification","valueRequired":true,"valueName":"search_term_string"}}],"inLanguage":"fr-FR"},{"@type":"Organization","@id":"https:\/\/dev6.erresse-shop.it\/#organization","name":"Erresse Shop","url":"https:\/\/dev6.erresse-shop.it\/","logo":{"@type":"ImageObject","inLanguage":"fr-FR","@id":"https:\/\/dev6.erresse-shop.it\/#\/schema\/logo\/image\/","url":"https:\/\/dev6.erresse-shop.it\/wp-content\/uploads\/2025\/01\/LOGO-ERRESSE-CLASSICO.svg","contentUrl":"https:\/\/dev6.erresse-shop.it\/wp-content\/uploads\/2025\/01\/LOGO-ERRESSE-CLASSICO.svg","caption":"Erresse Shop"},"image":{"@id":"https:\/\/dev6.erresse-shop.it\/#\/schema\/logo\/image\/"}}]}},"df_price":89.95,"df_sale_price":89.95,"df_regular_price":99,"df_image_link":"https:\/\/i3.wp.com\/interpim.erresse-shop.it\/wp-content\/uploads\/2023\/07\/KITCHENAID-Frullatore-Immersione-2-Velocita\u0300-Nero.jpg\/kitchenaid-frullatore-immersione-2-velocita-cc-80-nero.jpg?resize=300,300&ssl=1","fifu_image_url":"https:\/\/interpim.erresse-shop.it\/wp-content\/uploads\/2023\/07\/KITCHENAID-Frullatore-Immersione-2-Velocita\u0300-Nero.jpg\/kitchenaid-frullatore-immersione-2-velocita-cc-80-nero.jpg","_links":{"self":[{"href":"https:\/\/dev6.erresse-shop.it\/fr\/wp-json\/wp\/v2\/product\/61789","targetHints":{"allow":["GET"]}}],"collection":[{"href":"https:\/\/dev6.erresse-shop.it\/fr\/wp-json\/wp\/v2\/product"}],"about":[{"href":"https:\/\/dev6.erresse-shop.it\/fr\/wp-json\/wp\/v2\/types\/product"}],"wp:featuredmedia":[{"embeddable":true,"href":"https:\/\/dev6.erresse-shop.it\/fr\/wp-json\/wp\/v2\/media\/6363103"}],"wp:attachment":[{"href":"https:\/\/dev6.erresse-shop.it\/fr\/wp-json\/wp\/v2\/media?parent=61789"}],"wp:term":[{"taxonomy":"product_cat","embeddable":true,"href":"https:\/\/dev6.erresse-shop.it\/fr\/wp-json\/wp\/v2\/product_cat?post=61789"},{"taxonomy":"product_tag","embeddable":true,"href":"https:\/\/dev6.erresse-shop.it\/fr\/wp-json\/wp\/v2\/product_tag?post=61789"}],"curies":[{"name":"wp","href":"https:\/\/api.w.org\/{rel}","templated":true}]}}