{"id":61788,"date":"2026-04-12T09:47:20","date_gmt":"2026-04-12T07:47:20","guid":{"rendered":"https:\/\/dev6.erresse-shop.it\/shop\/non%20class\u00e9\/kitchenaid-fouet-electrique-9-vitesses-plaque-argent\/"},"modified":"2025-07-04T17:05:28","modified_gmt":"2025-07-04T15:05:28","slug":"kitchenaid-fouet-electrique-9-vitesses-plaque-argent","status":"publish","type":"product","link":"https:\/\/dev6.erresse-shop.it\/fr\/shop\/petits-electromenagers\/batteurs-a-main-electriques\/kitchenaid-fouet-electrique-9-vitesses-plaque-argent\/","title":{"rendered":"KITCHENAID Fouet \u00c9lectrique 9 Vitesses Plaqu\u00e9 Argent"},"content":{"rendered":"<p>Le batteur \u00e9lectrique pour les cuisiniers press\u00e9s<\/p>\n<p>Le fouet \u00e0 9 vitesses KitchenAid 5KHM9212 est compact, mais donne d\u2019excellents r\u00e9sultats. Con\u00e7u par la MARQUE PLAN\u00c9TAIRE NUM\u00c9RO 1 AU MONDE \u207d\u00b9\u207e et aussi polyvalent qu\u2019un batteur plan\u00e9taire, il vous aide \u00e0 tout pr\u00e9parer, des d\u00e9licieux plats de tous les jours aux menus \u00e9labor\u00e9s lorsque vous recevez des invit\u00e9s.<\/p>\n<p>M\u00e9lange rapide et sans d\u00e9g\u00e2ts<\/p>\n<p>Avec le batteur \u00e9lectrique KitchenAid, vous d\u00e9cidez d\u2019opter pour un m\u00e9lange lent ou vigoureux gr\u00e2ce aux 9 vitesses que vous pouvez r\u00e9gler en appuyant sur un bouton. De la vitesse 1 pour m\u00e9langer lentement des ingr\u00e9dients \u00e9pais, \u00e0 la vitesse 5 pour m\u00e9langer des p\u00e2tes \u00e0 g\u00e2teaux ou \u00e9craser des pommes de terre, en passant par la vitesse 9 pour fouetter une meringue.<\/p>\n<p>La fonction Soft Start est id\u00e9ale pour les batteurs \u00e9lectriques, car elle emp\u00eache le sucre glace de se r\u00e9pandre partout et les grumeaux de beurre de s\u2019\u00e9chapper du bol.<\/p>\n<p>Un m\u00e9lange parfait de puissance et de pr\u00e9cision<\/p>\n<p>Le puissant moteur \u00e0 courant continu de 85 watts est capable de traiter les ingr\u00e9dients avec facilit\u00e9, sans \u00eatre bruyant. R\u00e9glez la vitesse selon vos pr\u00e9f\u00e9rences en appuyant sur les boutons UP et DOWN et obtenez le m\u00e9lange parfait avec une puissance pr\u00e9cise et facile \u00e0 contr\u00f4ler.<\/p>\n<p>L\u2019indicateur num\u00e9rique de vitesse LED affiche le r\u00e9glage de la vitesse, de 1 \u00e0 9, afin que vous puissiez voir clairement la vitesse utilis\u00e9e et d\u00e9cider de l\u2019augmenter ou de la diminuer avec votre pouce (\u00e0 l\u2019aide des fl\u00e8ches).<\/p>\n<p>Bien plus qu\u2019un simple batteur \u00e9lectrique<\/p>\n<p>Le KitchenAid 9-Speed Whisk comprend non seulement 2 fouets turbo, mais aussi un fouet, 2 crochets p\u00e9trisseurs et un manche de fouet (m\u00e9langeur \u00e0 immersion), tous fabriqu\u00e9s en acier inoxydable de qualit\u00e9 et accompagn\u00e9s d\u2019une pochette en coton.<\/p>\n<p>Avec tous ces accessoires suppl\u00e9mentaires, vous pouvez pr\u00e9parer des plats de toutes sortes. En plus de m\u00e9langer rapidement, cet outil pratique est capable de fouetter, de p\u00e9trir et d\u2019\u00e9mulsionner, des g\u00e2teaux et des biscuits aux mousses, en passant par les smoothies et les vinaigrettes. Il s\u2019agit en quelque sorte d\u2019un mixeur plan\u00e9taire que vous pouvez tenir dans votre main.<\/p>\n<p>Un fouet \u00e9lectrique pratique pour se faire plaisir en cuisine<\/p>\n<p>Gr\u00e2ce \u00e0 sa poign\u00e9e souple, le fouet KitchenAid \u00e0 9 vitesses est agr\u00e9able \u00e0 tenir, ce qui vous permet de contr\u00f4ler parfaitement les mouvements pendant le m\u00e9lange.<\/p>\n<p>Gr\u00e2ce au long cordon, vous pouvez travailler loin d\u2019une prise de courant, tandis que le cordon pivotant innovant vous offre plus de flexibilit\u00e9 car vous pouvez le bloquer d\u2019un c\u00f4t\u00e9 ou de l\u2019autre, en fonction de la main que vous pr\u00e9f\u00e9rez utiliser. Trouvez le bon angle pour attraper les ingr\u00e9dients et effectuez plusieurs t\u00e2ches \u00e0 la fois dans la cuisine. Vous ne pourrez plus vous arr\u00eater.<\/p>\n<p>Caract\u00e9ristiques techniques :<\/p>\n<p>Tension : 220-240 V<br \/>\nPuissance : 85 W<br \/>\nFr\u00e9quence : 50\/60 Hz<br \/>\nLongueur du c\u00e2ble : 153 cm<\/p>\n<p>Contenu de l\u2019emballage :<\/p>\n<p>Base du fouet \u00e9lectrique<br \/>\n2 fouets en acier inoxydable<br \/>\nFouet \u00e0 16 fils<br \/>\n2 crochets p\u00e9trisseurs<br \/>\nTige de fouet<br \/>\nEtui de rangement en coton<\/p>\n","protected":false},"excerpt":{"rendered":"<p>Le batteur \u00e9lectrique pour les cuisiniers press\u00e9s Le fouet \u00e0 9 vitesses KitchenAid 5KHM9212 est compact, mais donne d\u2019excellents r\u00e9sultats. Con\u00e7u par la MARQUE PLAN\u00c9TAIRE NUM\u00c9RO 1 AU MONDE \u207d\u00b9\u207e et aussi polyvalent qu\u2019un batteur plan\u00e9taire, il vous aide \u00e0 tout pr\u00e9parer, des d\u00e9licieux plats de tous les jours aux menus \u00e9labor\u00e9s lorsque vous recevez [&hellip;]<\/p>\n","protected":false},"featured_media":6363094,"template":"","meta":{"_acf_changed":false},"product_cat":[12093,12055],"product_tag":[],"class_list":{"0":"post-61788","1":"product","2":"type-product","3":"status-publish","4":"has-post-thumbnail","6":"product_cat-batteurs-a-main-electriques","7":"product_cat-petits-electromenagers","9":"first","10":"instock","11":"sale","12":"taxable","13":"shipping-taxable","14":"purchasable","15":"product-type-simple","swatches":"rey-swatches","show_selected":"","stretch_labels":"rey-swatches--stretch-labels"},"acf":[],"yoast_head":"<!-- This site is optimized with the Yoast SEO plugin v25.4 - https:\/\/yoast.com\/wordpress\/plugins\/seo\/ -->\n<title>KITCHENAID Fouet \u00c9lectrique 9 Vitesses Plaqu\u00e9 Argent - dev6 Erresse<\/title>\n<meta name=\"description\" content=\"Le batteur \u00e9lectrique pour les cuisiniers press\u00e9s Le fouet \u00e0 9 vitesses KitchenAid 5KHM9212 est compact, mais donne d\u2019excellents r\u00e9sultats. Con\u00e7u par la\" \/>\n<meta name=\"robots\" content=\"noindex, follow, max-snippet:-1, max-image-preview:large, max-video-preview:-1\" \/>\n<meta property=\"og:locale\" content=\"fr_FR\" \/>\n<meta property=\"og:type\" content=\"article\" \/>\n<meta property=\"og:title\" content=\"KITCHENAID Fouet \u00c9lectrique 9 Vitesses Plaqu\u00e9 Argent - dev6 Erresse\" \/>\n<meta property=\"og:description\" content=\"Le batteur \u00e9lectrique pour les cuisiniers press\u00e9s Le fouet \u00e0 9 vitesses KitchenAid 5KHM9212 est compact, mais donne d\u2019excellents r\u00e9sultats. Con\u00e7u par la\" \/>\n<meta property=\"og:url\" content=\"https:\/\/dev6.erresse-shop.it\/fr\/shop\/petits-electromenagers\/batteurs-a-main-electriques\/kitchenaid-fouet-electrique-9-vitesses-plaque-argent\/\" \/>\n<meta property=\"og:site_name\" content=\"dev6 Erresse\" \/>\n<meta property=\"og:image\" content=\"https:\/\/interpim.erresse-shop.it\/wp-content\/uploads\/2023\/07\/KITCHENAID-Sbattitore-Elettrico-9-Velocita\u0300-Argento-Placcato.jpg\/kitchenaid-sbattitore-elettrico-9-velocita-cc-80-argento-placcato.jpg\" \/><meta property=\"og:image\" content=\"https:\/\/interpim.erresse-shop.it\/wp-content\/uploads\/2023\/07\/KITCHENAID-Sbattitore-Elettrico-9-Velocita\u0300-Argento-Placcato.jpg\/kitchenaid-sbattitore-elettrico-9-velocita-cc-80-argento-placcato.jpg\" \/>\n\t<meta property=\"og:image:width\" content=\"1024\" \/>\n\t<meta property=\"og:image:height\" content=\"1024\" \/>\n\t<meta property=\"og:image:type\" content=\"image\/jpeg\" \/>\n<meta name=\"twitter:card\" content=\"summary_large_image\" \/>\n<meta name=\"twitter:image\" content=\"https:\/\/interpim.erresse-shop.it\/wp-content\/uploads\/2023\/07\/KITCHENAID-Sbattitore-Elettrico-9-Velocita\u0300-Argento-Placcato.jpg\/kitchenaid-sbattitore-elettrico-9-velocita-cc-80-argento-placcato.jpg\" \/>\n<script type=\"application\/ld+json\" class=\"yoast-schema-graph\">{\"@context\":\"https:\/\/schema.org\",\"@graph\":[{\"@type\":\"WebPage\",\"@id\":\"https:\/\/dev6.erresse-shop.it\/fr\/shop\/petits-electromenagers\/batteurs-a-main-electriques\/kitchenaid-fouet-electrique-9-vitesses-plaque-argent\/\",\"url\":\"https:\/\/dev6.erresse-shop.it\/fr\/shop\/petits-electromenagers\/batteurs-a-main-electriques\/kitchenaid-fouet-electrique-9-vitesses-plaque-argent\/\",\"name\":\"KITCHENAID Fouet \u00c9lectrique 9 Vitesses Plaqu\u00e9 Argent - dev6 Erresse\",\"isPartOf\":{\"@id\":\"https:\/\/dev6.erresse-shop.it\/#website\"},\"primaryImageOfPage\":{\"@id\":\"https:\/\/dev6.erresse-shop.it\/fr\/shop\/petits-electromenagers\/batteurs-a-main-electriques\/kitchenaid-fouet-electrique-9-vitesses-plaque-argent\/#primaryimage\"},\"image\":{\"@id\":\"https:\/\/dev6.erresse-shop.it\/fr\/shop\/petits-electromenagers\/batteurs-a-main-electriques\/kitchenaid-fouet-electrique-9-vitesses-plaque-argent\/#primaryimage\"},\"thumbnailUrl\":\"https:\/\/i1.wp.com\/interpim.erresse-shop.it\/wp-content\/uploads\/2023\/07\/KITCHENAID-Sbattitore-Elettrico-9-Velocita\u0300-Argento-Placcato.jpg\/kitchenaid-sbattitore-elettrico-9-velocita-cc-80-argento-placcato.jpg?ssl=1\",\"datePublished\":\"2026-04-12T07:47:20+00:00\",\"description\":\"Le batteur \u00e9lectrique pour les cuisiniers press\u00e9s Le fouet \u00e0 9 vitesses KitchenAid 5KHM9212 est compact, mais donne d\u2019excellents r\u00e9sultats. Con\u00e7u par la\",\"breadcrumb\":{\"@id\":\"https:\/\/dev6.erresse-shop.it\/fr\/shop\/petits-electromenagers\/batteurs-a-main-electriques\/kitchenaid-fouet-electrique-9-vitesses-plaque-argent\/#breadcrumb\"},\"inLanguage\":\"fr-FR\",\"potentialAction\":[{\"@type\":\"ReadAction\",\"target\":[\"https:\/\/dev6.erresse-shop.it\/fr\/shop\/petits-electromenagers\/batteurs-a-main-electriques\/kitchenaid-fouet-electrique-9-vitesses-plaque-argent\/\"]}]},{\"@type\":\"ImageObject\",\"inLanguage\":\"fr-FR\",\"@id\":\"https:\/\/dev6.erresse-shop.it\/fr\/shop\/petits-electromenagers\/batteurs-a-main-electriques\/kitchenaid-fouet-electrique-9-vitesses-plaque-argent\/#primaryimage\",\"url\":\"https:\/\/i1.wp.com\/interpim.erresse-shop.it\/wp-content\/uploads\/2023\/07\/KITCHENAID-Sbattitore-Elettrico-9-Velocita\u0300-Argento-Placcato.jpg\/kitchenaid-sbattitore-elettrico-9-velocita-cc-80-argento-placcato.jpg?ssl=1\",\"contentUrl\":\"https:\/\/i1.wp.com\/interpim.erresse-shop.it\/wp-content\/uploads\/2023\/07\/KITCHENAID-Sbattitore-Elettrico-9-Velocita\u0300-Argento-Placcato.jpg\/kitchenaid-sbattitore-elettrico-9-velocita-cc-80-argento-placcato.jpg?ssl=1\"},{\"@type\":\"BreadcrumbList\",\"@id\":\"https:\/\/dev6.erresse-shop.it\/fr\/shop\/petits-electromenagers\/batteurs-a-main-electriques\/kitchenaid-fouet-electrique-9-vitesses-plaque-argent\/#breadcrumb\",\"itemListElement\":[{\"@type\":\"ListItem\",\"position\":1,\"name\":\"Home\",\"item\":\"https:\/\/dev6.erresse-shop.it\/\"},{\"@type\":\"ListItem\",\"position\":2,\"name\":\"Boutique\",\"item\":\"https:\/\/dev6.erresse-shop.it\/shop\/\"},{\"@type\":\"ListItem\",\"position\":3,\"name\":\"KITCHENAID Fouet \u00c9lectrique 9 Vitesses Plaqu\u00e9 Argent\"}]},{\"@type\":\"WebSite\",\"@id\":\"https:\/\/dev6.erresse-shop.it\/#website\",\"url\":\"https:\/\/dev6.erresse-shop.it\/\",\"name\":\"Erresse Shop\",\"description\":\"\",\"publisher\":{\"@id\":\"https:\/\/dev6.erresse-shop.it\/#organization\"},\"potentialAction\":[{\"@type\":\"SearchAction\",\"target\":{\"@type\":\"EntryPoint\",\"urlTemplate\":\"https:\/\/dev6.erresse-shop.it\/?s={search_term_string}\"},\"query-input\":{\"@type\":\"PropertyValueSpecification\",\"valueRequired\":true,\"valueName\":\"search_term_string\"}}],\"inLanguage\":\"fr-FR\"},{\"@type\":\"Organization\",\"@id\":\"https:\/\/dev6.erresse-shop.it\/#organization\",\"name\":\"Erresse Shop\",\"url\":\"https:\/\/dev6.erresse-shop.it\/\",\"logo\":{\"@type\":\"ImageObject\",\"inLanguage\":\"fr-FR\",\"@id\":\"https:\/\/dev6.erresse-shop.it\/#\/schema\/logo\/image\/\",\"url\":\"https:\/\/dev6.erresse-shop.it\/wp-content\/uploads\/2025\/01\/LOGO-ERRESSE-CLASSICO.svg\",\"contentUrl\":\"https:\/\/dev6.erresse-shop.it\/wp-content\/uploads\/2025\/01\/LOGO-ERRESSE-CLASSICO.svg\",\"caption\":\"Erresse Shop\"},\"image\":{\"@id\":\"https:\/\/dev6.erresse-shop.it\/#\/schema\/logo\/image\/\"}}]}<\/script>\n<!-- \/ Yoast SEO plugin. -->","yoast_head_json":{"title":"KITCHENAID Fouet \u00c9lectrique 9 Vitesses Plaqu\u00e9 Argent - dev6 Erresse","description":"Le batteur \u00e9lectrique pour les cuisiniers press\u00e9s Le fouet \u00e0 9 vitesses KitchenAid 5KHM9212 est compact, mais donne d\u2019excellents r\u00e9sultats. Con\u00e7u par la","robots":{"index":"noindex","follow":"follow","max-snippet":"max-snippet:-1","max-image-preview":"max-image-preview:large","max-video-preview":"max-video-preview:-1"},"og_locale":"fr_FR","og_type":"article","og_title":"KITCHENAID Fouet \u00c9lectrique 9 Vitesses Plaqu\u00e9 Argent - dev6 Erresse","og_description":"Le batteur \u00e9lectrique pour les cuisiniers press\u00e9s Le fouet \u00e0 9 vitesses KitchenAid 5KHM9212 est compact, mais donne d\u2019excellents r\u00e9sultats. Con\u00e7u par la","og_url":"https:\/\/dev6.erresse-shop.it\/fr\/shop\/petits-electromenagers\/batteurs-a-main-electriques\/kitchenaid-fouet-electrique-9-vitesses-plaque-argent\/","og_site_name":"dev6 Erresse","og_image":[{"url":"https:\/\/interpim.erresse-shop.it\/wp-content\/uploads\/2023\/07\/KITCHENAID-Sbattitore-Elettrico-9-Velocita\u0300-Argento-Placcato.jpg\/kitchenaid-sbattitore-elettrico-9-velocita-cc-80-argento-placcato.jpg","type":"","width":"","height":""},{"url":"https:\/\/interpim.erresse-shop.it\/wp-content\/uploads\/2023\/07\/KITCHENAID-Sbattitore-Elettrico-9-Velocita\u0300-Argento-Placcato.jpg\/kitchenaid-sbattitore-elettrico-9-velocita-cc-80-argento-placcato.jpg","width":1024,"height":1024,"type":"image\/jpeg"}],"twitter_card":"summary_large_image","twitter_image":"https:\/\/interpim.erresse-shop.it\/wp-content\/uploads\/2023\/07\/KITCHENAID-Sbattitore-Elettrico-9-Velocita\u0300-Argento-Placcato.jpg\/kitchenaid-sbattitore-elettrico-9-velocita-cc-80-argento-placcato.jpg","schema":{"@context":"https:\/\/schema.org","@graph":[{"@type":"WebPage","@id":"https:\/\/dev6.erresse-shop.it\/fr\/shop\/petits-electromenagers\/batteurs-a-main-electriques\/kitchenaid-fouet-electrique-9-vitesses-plaque-argent\/","url":"https:\/\/dev6.erresse-shop.it\/fr\/shop\/petits-electromenagers\/batteurs-a-main-electriques\/kitchenaid-fouet-electrique-9-vitesses-plaque-argent\/","name":"KITCHENAID Fouet \u00c9lectrique 9 Vitesses Plaqu\u00e9 Argent - dev6 Erresse","isPartOf":{"@id":"https:\/\/dev6.erresse-shop.it\/#website"},"primaryImageOfPage":{"@id":"https:\/\/dev6.erresse-shop.it\/fr\/shop\/petits-electromenagers\/batteurs-a-main-electriques\/kitchenaid-fouet-electrique-9-vitesses-plaque-argent\/#primaryimage"},"image":{"@id":"https:\/\/dev6.erresse-shop.it\/fr\/shop\/petits-electromenagers\/batteurs-a-main-electriques\/kitchenaid-fouet-electrique-9-vitesses-plaque-argent\/#primaryimage"},"thumbnailUrl":"https:\/\/i1.wp.com\/interpim.erresse-shop.it\/wp-content\/uploads\/2023\/07\/KITCHENAID-Sbattitore-Elettrico-9-Velocita\u0300-Argento-Placcato.jpg\/kitchenaid-sbattitore-elettrico-9-velocita-cc-80-argento-placcato.jpg?ssl=1","datePublished":"2026-04-12T07:47:20+00:00","description":"Le batteur \u00e9lectrique pour les cuisiniers press\u00e9s Le fouet \u00e0 9 vitesses KitchenAid 5KHM9212 est compact, mais donne d\u2019excellents r\u00e9sultats. Con\u00e7u par la","breadcrumb":{"@id":"https:\/\/dev6.erresse-shop.it\/fr\/shop\/petits-electromenagers\/batteurs-a-main-electriques\/kitchenaid-fouet-electrique-9-vitesses-plaque-argent\/#breadcrumb"},"inLanguage":"fr-FR","potentialAction":[{"@type":"ReadAction","target":["https:\/\/dev6.erresse-shop.it\/fr\/shop\/petits-electromenagers\/batteurs-a-main-electriques\/kitchenaid-fouet-electrique-9-vitesses-plaque-argent\/"]}]},{"@type":"ImageObject","inLanguage":"fr-FR","@id":"https:\/\/dev6.erresse-shop.it\/fr\/shop\/petits-electromenagers\/batteurs-a-main-electriques\/kitchenaid-fouet-electrique-9-vitesses-plaque-argent\/#primaryimage","url":"https:\/\/i1.wp.com\/interpim.erresse-shop.it\/wp-content\/uploads\/2023\/07\/KITCHENAID-Sbattitore-Elettrico-9-Velocita\u0300-Argento-Placcato.jpg\/kitchenaid-sbattitore-elettrico-9-velocita-cc-80-argento-placcato.jpg?ssl=1","contentUrl":"https:\/\/i1.wp.com\/interpim.erresse-shop.it\/wp-content\/uploads\/2023\/07\/KITCHENAID-Sbattitore-Elettrico-9-Velocita\u0300-Argento-Placcato.jpg\/kitchenaid-sbattitore-elettrico-9-velocita-cc-80-argento-placcato.jpg?ssl=1"},{"@type":"BreadcrumbList","@id":"https:\/\/dev6.erresse-shop.it\/fr\/shop\/petits-electromenagers\/batteurs-a-main-electriques\/kitchenaid-fouet-electrique-9-vitesses-plaque-argent\/#breadcrumb","itemListElement":[{"@type":"ListItem","position":1,"name":"Home","item":"https:\/\/dev6.erresse-shop.it\/"},{"@type":"ListItem","position":2,"name":"Boutique","item":"https:\/\/dev6.erresse-shop.it\/shop\/"},{"@type":"ListItem","position":3,"name":"KITCHENAID Fouet \u00c9lectrique 9 Vitesses Plaqu\u00e9 Argent"}]},{"@type":"WebSite","@id":"https:\/\/dev6.erresse-shop.it\/#website","url":"https:\/\/dev6.erresse-shop.it\/","name":"Erresse Shop","description":"","publisher":{"@id":"https:\/\/dev6.erresse-shop.it\/#organization"},"potentialAction":[{"@type":"SearchAction","target":{"@type":"EntryPoint","urlTemplate":"https:\/\/dev6.erresse-shop.it\/?s={search_term_string}"},"query-input":{"@type":"PropertyValueSpecification","valueRequired":true,"valueName":"search_term_string"}}],"inLanguage":"fr-FR"},{"@type":"Organization","@id":"https:\/\/dev6.erresse-shop.it\/#organization","name":"Erresse Shop","url":"https:\/\/dev6.erresse-shop.it\/","logo":{"@type":"ImageObject","inLanguage":"fr-FR","@id":"https:\/\/dev6.erresse-shop.it\/#\/schema\/logo\/image\/","url":"https:\/\/dev6.erresse-shop.it\/wp-content\/uploads\/2025\/01\/LOGO-ERRESSE-CLASSICO.svg","contentUrl":"https:\/\/dev6.erresse-shop.it\/wp-content\/uploads\/2025\/01\/LOGO-ERRESSE-CLASSICO.svg","caption":"Erresse Shop"},"image":{"@id":"https:\/\/dev6.erresse-shop.it\/#\/schema\/logo\/image\/"}}]}},"df_price":139.95,"df_sale_price":139.95,"df_regular_price":169,"df_image_link":"https:\/\/i1.wp.com\/interpim.erresse-shop.it\/wp-content\/uploads\/2023\/07\/KITCHENAID-Sbattitore-Elettrico-9-Velocita\u0300-Argento-Placcato.jpg\/kitchenaid-sbattitore-elettrico-9-velocita-cc-80-argento-placcato.jpg?resize=300,300&ssl=1","fifu_image_url":"https:\/\/interpim.erresse-shop.it\/wp-content\/uploads\/2023\/07\/KITCHENAID-Sbattitore-Elettrico-9-Velocita\u0300-Argento-Placcato.jpg\/kitchenaid-sbattitore-elettrico-9-velocita-cc-80-argento-placcato.jpg","_links":{"self":[{"href":"https:\/\/dev6.erresse-shop.it\/fr\/wp-json\/wp\/v2\/product\/61788","targetHints":{"allow":["GET"]}}],"collection":[{"href":"https:\/\/dev6.erresse-shop.it\/fr\/wp-json\/wp\/v2\/product"}],"about":[{"href":"https:\/\/dev6.erresse-shop.it\/fr\/wp-json\/wp\/v2\/types\/product"}],"wp:featuredmedia":[{"embeddable":true,"href":"https:\/\/dev6.erresse-shop.it\/fr\/wp-json\/wp\/v2\/media\/6363094"}],"wp:attachment":[{"href":"https:\/\/dev6.erresse-shop.it\/fr\/wp-json\/wp\/v2\/media?parent=61788"}],"wp:term":[{"taxonomy":"product_cat","embeddable":true,"href":"https:\/\/dev6.erresse-shop.it\/fr\/wp-json\/wp\/v2\/product_cat?post=61788"},{"taxonomy":"product_tag","embeddable":true,"href":"https:\/\/dev6.erresse-shop.it\/fr\/wp-json\/wp\/v2\/product_tag?post=61788"}],"curies":[{"name":"wp","href":"https:\/\/api.w.org\/{rel}","templated":true}]}}