{"id":61782,"date":"2026-04-12T09:47:20","date_gmt":"2026-04-12T07:47:20","guid":{"rendered":"https:\/\/dev6.erresse-shop.it\/shop\/non%20class\u00e9\/illy-iperespresso-experience-kit-set-de-2-tasses-avec-soucoupe-et-cuilleres\/"},"modified":"2025-07-04T17:05:24","modified_gmt":"2025-07-04T15:05:24","slug":"illy-iperespresso-experience-kit-set-de-2-tasses-avec-soucoupe-et-cuilleres","status":"publish","type":"product","link":"https:\/\/dev6.erresse-shop.it\/fr\/shop\/table-fr-2\/tasses\/illy-iperespresso-experience-kit-set-de-2-tasses-avec-soucoupe-et-cuilleres\/","title":{"rendered":"ILLY  Iperespresso Experience Kit Set de 2 Tasses avec Soucoupe et Cuill\u00e8res"},"content":{"rendered":"<p>Le coffret \u201cIperespresso experience kit\u201d est destin\u00e9 \u00e0 rendre sp\u00e9ciale l\u2019exp\u00e9rience de la consommation de caf\u00e9 \u00e0 la maison. Le kit contient deux tasses et deux soucoupes \u00e0 espresso en Luxion\u00ae con\u00e7ues par Matteo Thun qui mettent en valeur la cr\u00e8me de l\u2019espresso gr\u00e2ce \u00e0 un jeu de transparence et qui, avec les deux cuill\u00e8res en acier inoxydable design, contribuent \u00e0 rendre votre exp\u00e9rience de d\u00e9gustation unique.<\/p>\n","protected":false},"excerpt":{"rendered":"<p>Le coffret \u201cIperespresso experience kit\u201d est destin\u00e9 \u00e0 rendre sp\u00e9ciale l\u2019exp\u00e9rience de la consommation de caf\u00e9 \u00e0 la maison. Le kit contient deux tasses et deux soucoupes \u00e0 espresso en Luxion\u00ae con\u00e7ues par Matteo Thun qui mettent en valeur la cr\u00e8me de l\u2019espresso gr\u00e2ce \u00e0 un jeu de transparence et qui, avec les deux cuill\u00e8res [&hellip;]<\/p>\n","protected":false},"featured_media":6363089,"template":"","meta":{"_acf_changed":false},"product_cat":[11995,12013,11671],"product_tag":[],"class_list":{"0":"post-61782","1":"product","2":"type-product","3":"status-publish","4":"has-post-thumbnail","6":"product_cat-table-fr-2","7":"product_cat-tasses","8":"product_cat-tavola","10":"first","11":"instock","12":"sale","13":"taxable","14":"shipping-taxable","15":"purchasable","16":"product-type-simple","swatches":"rey-swatches","show_selected":"","stretch_labels":"rey-swatches--stretch-labels"},"acf":[],"yoast_head":"<!-- This site is optimized with the Yoast SEO plugin v25.4 - https:\/\/yoast.com\/wordpress\/plugins\/seo\/ -->\n<title>ILLY Iperespresso Experience Kit Set de 2 Tasses avec Soucoupe et Cuill\u00e8res - dev6 Erresse<\/title>\n<meta name=\"description\" content=\"Le coffret \u201cIperespresso experience kit\u201d est destin\u00e9 \u00e0 rendre sp\u00e9ciale l\u2019exp\u00e9rience de la consommation de caf\u00e9 \u00e0 la maison. Le kit contient deux tasses et\" \/>\n<meta name=\"robots\" content=\"noindex, follow, max-snippet:-1, max-image-preview:large, max-video-preview:-1\" \/>\n<meta property=\"og:locale\" content=\"fr_FR\" \/>\n<meta property=\"og:type\" content=\"article\" \/>\n<meta property=\"og:title\" content=\"ILLY Iperespresso Experience Kit Set de 2 Tasses avec Soucoupe et Cuill\u00e8res - dev6 Erresse\" \/>\n<meta property=\"og:description\" content=\"Le coffret \u201cIperespresso experience kit\u201d est destin\u00e9 \u00e0 rendre sp\u00e9ciale l\u2019exp\u00e9rience de la consommation de caf\u00e9 \u00e0 la maison. Le kit contient deux tasses et\" \/>\n<meta property=\"og:url\" content=\"https:\/\/dev6.erresse-shop.it\/fr\/shop\/table-fr-2\/tasses\/illy-iperespresso-experience-kit-set-de-2-tasses-avec-soucoupe-et-cuilleres\/\" \/>\n<meta property=\"og:site_name\" content=\"dev6 Erresse\" \/>\n<meta property=\"og:image\" content=\"https:\/\/interpim.erresse-shop.it\/Import\/Prodotti\/illy-iperespresso-experience-kit-set-2-tazzine-con-piattino-e-cucchiaini.jpg\" \/><meta property=\"og:image\" content=\"https:\/\/interpim.erresse-shop.it\/Import\/Prodotti\/illy-iperespresso-experience-kit-set-2-tazzine-con-piattino-e-cucchiaini.jpg\" \/>\n\t<meta property=\"og:image:width\" content=\"1024\" \/>\n\t<meta property=\"og:image:height\" content=\"1024\" \/>\n\t<meta property=\"og:image:type\" content=\"image\/jpeg\" \/>\n<meta name=\"twitter:card\" content=\"summary_large_image\" \/>\n<meta name=\"twitter:image\" content=\"https:\/\/interpim.erresse-shop.it\/Import\/Prodotti\/illy-iperespresso-experience-kit-set-2-tazzine-con-piattino-e-cucchiaini.jpg\" \/>\n<script type=\"application\/ld+json\" class=\"yoast-schema-graph\">{\"@context\":\"https:\/\/schema.org\",\"@graph\":[{\"@type\":\"WebPage\",\"@id\":\"https:\/\/dev6.erresse-shop.it\/fr\/shop\/table-fr-2\/tasses\/illy-iperespresso-experience-kit-set-de-2-tasses-avec-soucoupe-et-cuilleres\/\",\"url\":\"https:\/\/dev6.erresse-shop.it\/fr\/shop\/table-fr-2\/tasses\/illy-iperespresso-experience-kit-set-de-2-tasses-avec-soucoupe-et-cuilleres\/\",\"name\":\"ILLY Iperespresso Experience Kit Set de 2 Tasses avec Soucoupe et Cuill\u00e8res - dev6 Erresse\",\"isPartOf\":{\"@id\":\"https:\/\/dev6.erresse-shop.it\/#website\"},\"primaryImageOfPage\":{\"@id\":\"https:\/\/dev6.erresse-shop.it\/fr\/shop\/table-fr-2\/tasses\/illy-iperespresso-experience-kit-set-de-2-tasses-avec-soucoupe-et-cuilleres\/#primaryimage\"},\"image\":{\"@id\":\"https:\/\/dev6.erresse-shop.it\/fr\/shop\/table-fr-2\/tasses\/illy-iperespresso-experience-kit-set-de-2-tasses-avec-soucoupe-et-cuilleres\/#primaryimage\"},\"thumbnailUrl\":\"https:\/\/i0.wp.com\/interpim.erresse-shop.it\/Import\/Prodotti\/illy-iperespresso-experience-kit-set-2-tazzine-con-piattino-e-cucchiaini.jpg?ssl=1\",\"datePublished\":\"2026-04-12T07:47:20+00:00\",\"description\":\"Le coffret \u201cIperespresso experience kit\u201d est destin\u00e9 \u00e0 rendre sp\u00e9ciale l\u2019exp\u00e9rience de la consommation de caf\u00e9 \u00e0 la maison. Le kit contient deux tasses et\",\"breadcrumb\":{\"@id\":\"https:\/\/dev6.erresse-shop.it\/fr\/shop\/table-fr-2\/tasses\/illy-iperespresso-experience-kit-set-de-2-tasses-avec-soucoupe-et-cuilleres\/#breadcrumb\"},\"inLanguage\":\"fr-FR\",\"potentialAction\":[{\"@type\":\"ReadAction\",\"target\":[\"https:\/\/dev6.erresse-shop.it\/fr\/shop\/table-fr-2\/tasses\/illy-iperespresso-experience-kit-set-de-2-tasses-avec-soucoupe-et-cuilleres\/\"]}]},{\"@type\":\"ImageObject\",\"inLanguage\":\"fr-FR\",\"@id\":\"https:\/\/dev6.erresse-shop.it\/fr\/shop\/table-fr-2\/tasses\/illy-iperespresso-experience-kit-set-de-2-tasses-avec-soucoupe-et-cuilleres\/#primaryimage\",\"url\":\"https:\/\/i0.wp.com\/interpim.erresse-shop.it\/Import\/Prodotti\/illy-iperespresso-experience-kit-set-2-tazzine-con-piattino-e-cucchiaini.jpg?ssl=1\",\"contentUrl\":\"https:\/\/i0.wp.com\/interpim.erresse-shop.it\/Import\/Prodotti\/illy-iperespresso-experience-kit-set-2-tazzine-con-piattino-e-cucchiaini.jpg?ssl=1\"},{\"@type\":\"BreadcrumbList\",\"@id\":\"https:\/\/dev6.erresse-shop.it\/fr\/shop\/table-fr-2\/tasses\/illy-iperespresso-experience-kit-set-de-2-tasses-avec-soucoupe-et-cuilleres\/#breadcrumb\",\"itemListElement\":[{\"@type\":\"ListItem\",\"position\":1,\"name\":\"Home\",\"item\":\"https:\/\/dev6.erresse-shop.it\/\"},{\"@type\":\"ListItem\",\"position\":2,\"name\":\"Boutique\",\"item\":\"https:\/\/dev6.erresse-shop.it\/shop\/\"},{\"@type\":\"ListItem\",\"position\":3,\"name\":\"ILLY Iperespresso Experience Kit Set de 2 Tasses avec Soucoupe et Cuill\u00e8res\"}]},{\"@type\":\"WebSite\",\"@id\":\"https:\/\/dev6.erresse-shop.it\/#website\",\"url\":\"https:\/\/dev6.erresse-shop.it\/\",\"name\":\"Erresse Shop\",\"description\":\"\",\"publisher\":{\"@id\":\"https:\/\/dev6.erresse-shop.it\/#organization\"},\"potentialAction\":[{\"@type\":\"SearchAction\",\"target\":{\"@type\":\"EntryPoint\",\"urlTemplate\":\"https:\/\/dev6.erresse-shop.it\/?s={search_term_string}\"},\"query-input\":{\"@type\":\"PropertyValueSpecification\",\"valueRequired\":true,\"valueName\":\"search_term_string\"}}],\"inLanguage\":\"fr-FR\"},{\"@type\":\"Organization\",\"@id\":\"https:\/\/dev6.erresse-shop.it\/#organization\",\"name\":\"Erresse Shop\",\"url\":\"https:\/\/dev6.erresse-shop.it\/\",\"logo\":{\"@type\":\"ImageObject\",\"inLanguage\":\"fr-FR\",\"@id\":\"https:\/\/dev6.erresse-shop.it\/#\/schema\/logo\/image\/\",\"url\":\"https:\/\/dev6.erresse-shop.it\/wp-content\/uploads\/2025\/01\/LOGO-ERRESSE-CLASSICO.svg\",\"contentUrl\":\"https:\/\/dev6.erresse-shop.it\/wp-content\/uploads\/2025\/01\/LOGO-ERRESSE-CLASSICO.svg\",\"caption\":\"Erresse Shop\"},\"image\":{\"@id\":\"https:\/\/dev6.erresse-shop.it\/#\/schema\/logo\/image\/\"}}]}<\/script>\n<!-- \/ Yoast SEO plugin. -->","yoast_head_json":{"title":"ILLY Iperespresso Experience Kit Set de 2 Tasses avec Soucoupe et Cuill\u00e8res - dev6 Erresse","description":"Le coffret \u201cIperespresso experience kit\u201d est destin\u00e9 \u00e0 rendre sp\u00e9ciale l\u2019exp\u00e9rience de la consommation de caf\u00e9 \u00e0 la maison. Le kit contient deux tasses et","robots":{"index":"noindex","follow":"follow","max-snippet":"max-snippet:-1","max-image-preview":"max-image-preview:large","max-video-preview":"max-video-preview:-1"},"og_locale":"fr_FR","og_type":"article","og_title":"ILLY Iperespresso Experience Kit Set de 2 Tasses avec Soucoupe et Cuill\u00e8res - dev6 Erresse","og_description":"Le coffret \u201cIperespresso experience kit\u201d est destin\u00e9 \u00e0 rendre sp\u00e9ciale l\u2019exp\u00e9rience de la consommation de caf\u00e9 \u00e0 la maison. Le kit contient deux tasses et","og_url":"https:\/\/dev6.erresse-shop.it\/fr\/shop\/table-fr-2\/tasses\/illy-iperespresso-experience-kit-set-de-2-tasses-avec-soucoupe-et-cuilleres\/","og_site_name":"dev6 Erresse","og_image":[{"url":"https:\/\/interpim.erresse-shop.it\/Import\/Prodotti\/illy-iperespresso-experience-kit-set-2-tazzine-con-piattino-e-cucchiaini.jpg","type":"","width":"","height":""},{"url":"https:\/\/interpim.erresse-shop.it\/Import\/Prodotti\/illy-iperespresso-experience-kit-set-2-tazzine-con-piattino-e-cucchiaini.jpg","width":1024,"height":1024,"type":"image\/jpeg"}],"twitter_card":"summary_large_image","twitter_image":"https:\/\/interpim.erresse-shop.it\/Import\/Prodotti\/illy-iperespresso-experience-kit-set-2-tazzine-con-piattino-e-cucchiaini.jpg","schema":{"@context":"https:\/\/schema.org","@graph":[{"@type":"WebPage","@id":"https:\/\/dev6.erresse-shop.it\/fr\/shop\/table-fr-2\/tasses\/illy-iperespresso-experience-kit-set-de-2-tasses-avec-soucoupe-et-cuilleres\/","url":"https:\/\/dev6.erresse-shop.it\/fr\/shop\/table-fr-2\/tasses\/illy-iperespresso-experience-kit-set-de-2-tasses-avec-soucoupe-et-cuilleres\/","name":"ILLY Iperespresso Experience Kit Set de 2 Tasses avec Soucoupe et Cuill\u00e8res - dev6 Erresse","isPartOf":{"@id":"https:\/\/dev6.erresse-shop.it\/#website"},"primaryImageOfPage":{"@id":"https:\/\/dev6.erresse-shop.it\/fr\/shop\/table-fr-2\/tasses\/illy-iperespresso-experience-kit-set-de-2-tasses-avec-soucoupe-et-cuilleres\/#primaryimage"},"image":{"@id":"https:\/\/dev6.erresse-shop.it\/fr\/shop\/table-fr-2\/tasses\/illy-iperespresso-experience-kit-set-de-2-tasses-avec-soucoupe-et-cuilleres\/#primaryimage"},"thumbnailUrl":"https:\/\/i0.wp.com\/interpim.erresse-shop.it\/Import\/Prodotti\/illy-iperespresso-experience-kit-set-2-tazzine-con-piattino-e-cucchiaini.jpg?ssl=1","datePublished":"2026-04-12T07:47:20+00:00","description":"Le coffret \u201cIperespresso experience kit\u201d est destin\u00e9 \u00e0 rendre sp\u00e9ciale l\u2019exp\u00e9rience de la consommation de caf\u00e9 \u00e0 la maison. Le kit contient deux tasses et","breadcrumb":{"@id":"https:\/\/dev6.erresse-shop.it\/fr\/shop\/table-fr-2\/tasses\/illy-iperespresso-experience-kit-set-de-2-tasses-avec-soucoupe-et-cuilleres\/#breadcrumb"},"inLanguage":"fr-FR","potentialAction":[{"@type":"ReadAction","target":["https:\/\/dev6.erresse-shop.it\/fr\/shop\/table-fr-2\/tasses\/illy-iperespresso-experience-kit-set-de-2-tasses-avec-soucoupe-et-cuilleres\/"]}]},{"@type":"ImageObject","inLanguage":"fr-FR","@id":"https:\/\/dev6.erresse-shop.it\/fr\/shop\/table-fr-2\/tasses\/illy-iperespresso-experience-kit-set-de-2-tasses-avec-soucoupe-et-cuilleres\/#primaryimage","url":"https:\/\/i0.wp.com\/interpim.erresse-shop.it\/Import\/Prodotti\/illy-iperespresso-experience-kit-set-2-tazzine-con-piattino-e-cucchiaini.jpg?ssl=1","contentUrl":"https:\/\/i0.wp.com\/interpim.erresse-shop.it\/Import\/Prodotti\/illy-iperespresso-experience-kit-set-2-tazzine-con-piattino-e-cucchiaini.jpg?ssl=1"},{"@type":"BreadcrumbList","@id":"https:\/\/dev6.erresse-shop.it\/fr\/shop\/table-fr-2\/tasses\/illy-iperespresso-experience-kit-set-de-2-tasses-avec-soucoupe-et-cuilleres\/#breadcrumb","itemListElement":[{"@type":"ListItem","position":1,"name":"Home","item":"https:\/\/dev6.erresse-shop.it\/"},{"@type":"ListItem","position":2,"name":"Boutique","item":"https:\/\/dev6.erresse-shop.it\/shop\/"},{"@type":"ListItem","position":3,"name":"ILLY Iperespresso Experience Kit Set de 2 Tasses avec Soucoupe et Cuill\u00e8res"}]},{"@type":"WebSite","@id":"https:\/\/dev6.erresse-shop.it\/#website","url":"https:\/\/dev6.erresse-shop.it\/","name":"Erresse Shop","description":"","publisher":{"@id":"https:\/\/dev6.erresse-shop.it\/#organization"},"potentialAction":[{"@type":"SearchAction","target":{"@type":"EntryPoint","urlTemplate":"https:\/\/dev6.erresse-shop.it\/?s={search_term_string}"},"query-input":{"@type":"PropertyValueSpecification","valueRequired":true,"valueName":"search_term_string"}}],"inLanguage":"fr-FR"},{"@type":"Organization","@id":"https:\/\/dev6.erresse-shop.it\/#organization","name":"Erresse Shop","url":"https:\/\/dev6.erresse-shop.it\/","logo":{"@type":"ImageObject","inLanguage":"fr-FR","@id":"https:\/\/dev6.erresse-shop.it\/#\/schema\/logo\/image\/","url":"https:\/\/dev6.erresse-shop.it\/wp-content\/uploads\/2025\/01\/LOGO-ERRESSE-CLASSICO.svg","contentUrl":"https:\/\/dev6.erresse-shop.it\/wp-content\/uploads\/2025\/01\/LOGO-ERRESSE-CLASSICO.svg","caption":"Erresse Shop"},"image":{"@id":"https:\/\/dev6.erresse-shop.it\/#\/schema\/logo\/image\/"}}]}},"df_price":18.4,"df_sale_price":18.4,"df_regular_price":34.9,"df_image_link":"https:\/\/i0.wp.com\/interpim.erresse-shop.it\/Import\/Prodotti\/illy-iperespresso-experience-kit-set-2-tazzine-con-piattino-e-cucchiaini.jpg?resize=300,300&ssl=1","fifu_image_url":"https:\/\/interpim.erresse-shop.it\/Import\/Prodotti\/illy-iperespresso-experience-kit-set-2-tazzine-con-piattino-e-cucchiaini.jpg","_links":{"self":[{"href":"https:\/\/dev6.erresse-shop.it\/fr\/wp-json\/wp\/v2\/product\/61782","targetHints":{"allow":["GET"]}}],"collection":[{"href":"https:\/\/dev6.erresse-shop.it\/fr\/wp-json\/wp\/v2\/product"}],"about":[{"href":"https:\/\/dev6.erresse-shop.it\/fr\/wp-json\/wp\/v2\/types\/product"}],"wp:featuredmedia":[{"embeddable":true,"href":"https:\/\/dev6.erresse-shop.it\/fr\/wp-json\/wp\/v2\/media\/6363089"}],"wp:attachment":[{"href":"https:\/\/dev6.erresse-shop.it\/fr\/wp-json\/wp\/v2\/media?parent=61782"}],"wp:term":[{"taxonomy":"product_cat","embeddable":true,"href":"https:\/\/dev6.erresse-shop.it\/fr\/wp-json\/wp\/v2\/product_cat?post=61782"},{"taxonomy":"product_tag","embeddable":true,"href":"https:\/\/dev6.erresse-shop.it\/fr\/wp-json\/wp\/v2\/product_tag?post=61782"}],"curies":[{"name":"wp","href":"https:\/\/api.w.org\/{rel}","templated":true}]}}