{"id":61776,"date":"2026-04-12T09:47:20","date_gmt":"2026-04-12T07:47:20","guid":{"rendered":"https:\/\/dev6.erresse-shop.it\/shop\/non%20class\u00e9\/illy-6-paquets-de-10-capsules-compatibles-nespresso-toast-classique\/"},"modified":"2025-09-14T04:55:51","modified_gmt":"2025-09-14T02:55:51","slug":"illy-6-paquets-de-10-capsules-compatibles-nespresso-toast-classique","status":"publish","type":"product","link":"https:\/\/dev6.erresse-shop.it\/fr\/shop\/cafe\/dosettes-et-capsules-de-cafe\/illy-6-paquets-de-10-capsules-compatibles-nespresso-toast-classique\/","title":{"rendered":"ILLY 6 Paquets de 10 Capsules Compatibles Nespresso\u00ae toast classique"},"content":{"rendered":"<p>Paquet de 18 capsules, total 216 capsules (12 paquets).<\/p>\n<p>*avec les machines \u00e0 caf\u00e9 Nespresso\u00ae** Original.<br \/>\n**Marque tierce sans lien avec illycaff\u00e8 S.p.A.<\/p>\n<p>NOTES AROMATIQUES<br \/>\nLe caf\u00e9 torr\u00e9fi\u00e9 classique a un go\u00fbt doux et velout\u00e9. Il exprime un \u00e9quilibre parfait entre acidit\u00e9 et amertume, avec des notes de caramel, de fleur d\u2019oranger, de jasmin et un arri\u00e8re-go\u00fbt sucr\u00e9. Pour le d\u00e9guster au mieux, nous recommandons un volume de tasse compris entre 25 et 40 ml pour la variante Espresso.<\/p>\n","protected":false},"excerpt":{"rendered":"<p>Paquet de 18 capsules, total 216 capsules (12 paquets). *avec les machines \u00e0 caf\u00e9 Nespresso\u00ae** Original. **Marque tierce sans lien avec illycaff\u00e8 S.p.A. NOTES AROMATIQUES Le caf\u00e9 torr\u00e9fi\u00e9 classique a un go\u00fbt doux et velout\u00e9. Il exprime un \u00e9quilibre parfait entre acidit\u00e9 et amertume, avec des notes de caramel, de fleur d\u2019oranger, de jasmin et [&hellip;]<\/p>\n","protected":false},"featured_media":6363086,"template":"","meta":{"_acf_changed":false},"product_cat":[12039],"product_tag":[],"class_list":{"0":"post-61776","1":"product","2":"type-product","3":"status-publish","4":"has-post-thumbnail","6":"product_cat-dosettes-et-capsules-de-cafe","8":"first","9":"instock","10":"taxable","11":"shipping-taxable","12":"purchasable","13":"product-type-simple","swatches":"rey-swatches","show_selected":"","stretch_labels":"rey-swatches--stretch-labels"},"acf":[],"yoast_head":"<!-- This site is optimized with the Yoast SEO plugin v25.4 - https:\/\/yoast.com\/wordpress\/plugins\/seo\/ -->\n<title>ILLY 6 Paquets de 10 Capsules Compatibles Nespresso\u00ae toast classique - dev6 Erresse<\/title>\n<meta name=\"description\" content=\"Paquet de 18 capsules, total 216 capsules (12 paquets). *avec les machines \u00e0 caf\u00e9 Nespresso\u00ae** Original. **Marque tierce sans lien avec illycaff\u00e8 S.p.A.\" \/>\n<meta name=\"robots\" content=\"noindex, follow, max-snippet:-1, max-image-preview:large, max-video-preview:-1\" \/>\n<meta property=\"og:locale\" content=\"fr_FR\" \/>\n<meta property=\"og:type\" content=\"article\" \/>\n<meta property=\"og:title\" content=\"ILLY 6 Paquets de 10 Capsules Compatibles Nespresso\u00ae toast classique - dev6 Erresse\" \/>\n<meta property=\"og:description\" content=\"Paquet de 18 capsules, total 216 capsules (12 paquets). *avec les machines \u00e0 caf\u00e9 Nespresso\u00ae** Original. **Marque tierce sans lien avec illycaff\u00e8 S.p.A.\" \/>\n<meta property=\"og:url\" content=\"https:\/\/dev6.erresse-shop.it\/fr\/shop\/cafe\/dosettes-et-capsules-de-cafe\/illy-6-paquets-de-10-capsules-compatibles-nespresso-toast-classique\/\" \/>\n<meta property=\"og:site_name\" content=\"dev6 Erresse\" \/>\n<meta property=\"og:image\" content=\"https:\/\/interpim.erresse-shop.it\/Import\/Prodotti\/illy-6-confezioni-da-10-capsule-compatibili-espresso-classico.jpg\" \/><meta property=\"og:image\" content=\"https:\/\/interpim.erresse-shop.it\/Import\/Prodotti\/illy-6-confezioni-da-10-capsule-compatibili-espresso-classico.jpg\" \/>\n\t<meta property=\"og:image:width\" content=\"1024\" \/>\n\t<meta property=\"og:image:height\" content=\"1024\" \/>\n\t<meta property=\"og:image:type\" content=\"image\/jpeg\" \/>\n<meta name=\"twitter:card\" content=\"summary_large_image\" \/>\n<meta name=\"twitter:image\" content=\"https:\/\/interpim.erresse-shop.it\/Import\/Prodotti\/illy-6-confezioni-da-10-capsule-compatibili-espresso-classico.jpg\" \/>\n<script type=\"application\/ld+json\" class=\"yoast-schema-graph\">{\"@context\":\"https:\/\/schema.org\",\"@graph\":[{\"@type\":\"WebPage\",\"@id\":\"https:\/\/dev6.erresse-shop.it\/fr\/shop\/cafe\/dosettes-et-capsules-de-cafe\/illy-6-paquets-de-10-capsules-compatibles-nespresso-toast-classique\/\",\"url\":\"https:\/\/dev6.erresse-shop.it\/fr\/shop\/cafe\/dosettes-et-capsules-de-cafe\/illy-6-paquets-de-10-capsules-compatibles-nespresso-toast-classique\/\",\"name\":\"ILLY 6 Paquets de 10 Capsules Compatibles Nespresso\u00ae toast classique - dev6 Erresse\",\"isPartOf\":{\"@id\":\"https:\/\/dev6.erresse-shop.it\/#website\"},\"primaryImageOfPage\":{\"@id\":\"https:\/\/dev6.erresse-shop.it\/fr\/shop\/cafe\/dosettes-et-capsules-de-cafe\/illy-6-paquets-de-10-capsules-compatibles-nespresso-toast-classique\/#primaryimage\"},\"image\":{\"@id\":\"https:\/\/dev6.erresse-shop.it\/fr\/shop\/cafe\/dosettes-et-capsules-de-cafe\/illy-6-paquets-de-10-capsules-compatibles-nespresso-toast-classique\/#primaryimage\"},\"thumbnailUrl\":\"https:\/\/i1.wp.com\/interpim.erresse-shop.it\/Import\/Prodotti\/illy-6-confezioni-da-10-capsule-compatibili-espresso-classico.jpg?ssl=1\",\"datePublished\":\"2026-04-12T07:47:20+00:00\",\"description\":\"Paquet de 18 capsules, total 216 capsules (12 paquets). *avec les machines \u00e0 caf\u00e9 Nespresso\u00ae** Original. **Marque tierce sans lien avec illycaff\u00e8 S.p.A.\",\"breadcrumb\":{\"@id\":\"https:\/\/dev6.erresse-shop.it\/fr\/shop\/cafe\/dosettes-et-capsules-de-cafe\/illy-6-paquets-de-10-capsules-compatibles-nespresso-toast-classique\/#breadcrumb\"},\"inLanguage\":\"fr-FR\",\"potentialAction\":[{\"@type\":\"ReadAction\",\"target\":[\"https:\/\/dev6.erresse-shop.it\/fr\/shop\/cafe\/dosettes-et-capsules-de-cafe\/illy-6-paquets-de-10-capsules-compatibles-nespresso-toast-classique\/\"]}]},{\"@type\":\"ImageObject\",\"inLanguage\":\"fr-FR\",\"@id\":\"https:\/\/dev6.erresse-shop.it\/fr\/shop\/cafe\/dosettes-et-capsules-de-cafe\/illy-6-paquets-de-10-capsules-compatibles-nespresso-toast-classique\/#primaryimage\",\"url\":\"https:\/\/i1.wp.com\/interpim.erresse-shop.it\/Import\/Prodotti\/illy-6-confezioni-da-10-capsule-compatibili-espresso-classico.jpg?ssl=1\",\"contentUrl\":\"https:\/\/i1.wp.com\/interpim.erresse-shop.it\/Import\/Prodotti\/illy-6-confezioni-da-10-capsule-compatibili-espresso-classico.jpg?ssl=1\"},{\"@type\":\"BreadcrumbList\",\"@id\":\"https:\/\/dev6.erresse-shop.it\/fr\/shop\/cafe\/dosettes-et-capsules-de-cafe\/illy-6-paquets-de-10-capsules-compatibles-nespresso-toast-classique\/#breadcrumb\",\"itemListElement\":[{\"@type\":\"ListItem\",\"position\":1,\"name\":\"Home\",\"item\":\"https:\/\/dev6.erresse-shop.it\/\"},{\"@type\":\"ListItem\",\"position\":2,\"name\":\"Boutique\",\"item\":\"https:\/\/dev6.erresse-shop.it\/shop\/\"},{\"@type\":\"ListItem\",\"position\":3,\"name\":\"ILLY 6 Paquets de 10 Capsules Compatibles Nespresso\u00ae toast classique\"}]},{\"@type\":\"WebSite\",\"@id\":\"https:\/\/dev6.erresse-shop.it\/#website\",\"url\":\"https:\/\/dev6.erresse-shop.it\/\",\"name\":\"Erresse Shop\",\"description\":\"\",\"publisher\":{\"@id\":\"https:\/\/dev6.erresse-shop.it\/#organization\"},\"potentialAction\":[{\"@type\":\"SearchAction\",\"target\":{\"@type\":\"EntryPoint\",\"urlTemplate\":\"https:\/\/dev6.erresse-shop.it\/?s={search_term_string}\"},\"query-input\":{\"@type\":\"PropertyValueSpecification\",\"valueRequired\":true,\"valueName\":\"search_term_string\"}}],\"inLanguage\":\"fr-FR\"},{\"@type\":\"Organization\",\"@id\":\"https:\/\/dev6.erresse-shop.it\/#organization\",\"name\":\"Erresse Shop\",\"url\":\"https:\/\/dev6.erresse-shop.it\/\",\"logo\":{\"@type\":\"ImageObject\",\"inLanguage\":\"fr-FR\",\"@id\":\"https:\/\/dev6.erresse-shop.it\/#\/schema\/logo\/image\/\",\"url\":\"https:\/\/dev6.erresse-shop.it\/wp-content\/uploads\/2025\/01\/LOGO-ERRESSE-CLASSICO.svg\",\"contentUrl\":\"https:\/\/dev6.erresse-shop.it\/wp-content\/uploads\/2025\/01\/LOGO-ERRESSE-CLASSICO.svg\",\"caption\":\"Erresse Shop\"},\"image\":{\"@id\":\"https:\/\/dev6.erresse-shop.it\/#\/schema\/logo\/image\/\"}}]}<\/script>\n<!-- \/ Yoast SEO plugin. -->","yoast_head_json":{"title":"ILLY 6 Paquets de 10 Capsules Compatibles Nespresso\u00ae toast classique - dev6 Erresse","description":"Paquet de 18 capsules, total 216 capsules (12 paquets). *avec les machines \u00e0 caf\u00e9 Nespresso\u00ae** Original. **Marque tierce sans lien avec illycaff\u00e8 S.p.A.","robots":{"index":"noindex","follow":"follow","max-snippet":"max-snippet:-1","max-image-preview":"max-image-preview:large","max-video-preview":"max-video-preview:-1"},"og_locale":"fr_FR","og_type":"article","og_title":"ILLY 6 Paquets de 10 Capsules Compatibles Nespresso\u00ae toast classique - dev6 Erresse","og_description":"Paquet de 18 capsules, total 216 capsules (12 paquets). *avec les machines \u00e0 caf\u00e9 Nespresso\u00ae** Original. **Marque tierce sans lien avec illycaff\u00e8 S.p.A.","og_url":"https:\/\/dev6.erresse-shop.it\/fr\/shop\/cafe\/dosettes-et-capsules-de-cafe\/illy-6-paquets-de-10-capsules-compatibles-nespresso-toast-classique\/","og_site_name":"dev6 Erresse","og_image":[{"url":"https:\/\/interpim.erresse-shop.it\/Import\/Prodotti\/illy-6-confezioni-da-10-capsule-compatibili-espresso-classico.jpg","type":"","width":"","height":""},{"url":"https:\/\/interpim.erresse-shop.it\/Import\/Prodotti\/illy-6-confezioni-da-10-capsule-compatibili-espresso-classico.jpg","width":1024,"height":1024,"type":"image\/jpeg"}],"twitter_card":"summary_large_image","twitter_image":"https:\/\/interpim.erresse-shop.it\/Import\/Prodotti\/illy-6-confezioni-da-10-capsule-compatibili-espresso-classico.jpg","schema":{"@context":"https:\/\/schema.org","@graph":[{"@type":"WebPage","@id":"https:\/\/dev6.erresse-shop.it\/fr\/shop\/cafe\/dosettes-et-capsules-de-cafe\/illy-6-paquets-de-10-capsules-compatibles-nespresso-toast-classique\/","url":"https:\/\/dev6.erresse-shop.it\/fr\/shop\/cafe\/dosettes-et-capsules-de-cafe\/illy-6-paquets-de-10-capsules-compatibles-nespresso-toast-classique\/","name":"ILLY 6 Paquets de 10 Capsules Compatibles Nespresso\u00ae toast classique - dev6 Erresse","isPartOf":{"@id":"https:\/\/dev6.erresse-shop.it\/#website"},"primaryImageOfPage":{"@id":"https:\/\/dev6.erresse-shop.it\/fr\/shop\/cafe\/dosettes-et-capsules-de-cafe\/illy-6-paquets-de-10-capsules-compatibles-nespresso-toast-classique\/#primaryimage"},"image":{"@id":"https:\/\/dev6.erresse-shop.it\/fr\/shop\/cafe\/dosettes-et-capsules-de-cafe\/illy-6-paquets-de-10-capsules-compatibles-nespresso-toast-classique\/#primaryimage"},"thumbnailUrl":"https:\/\/i1.wp.com\/interpim.erresse-shop.it\/Import\/Prodotti\/illy-6-confezioni-da-10-capsule-compatibili-espresso-classico.jpg?ssl=1","datePublished":"2026-04-12T07:47:20+00:00","description":"Paquet de 18 capsules, total 216 capsules (12 paquets). *avec les machines \u00e0 caf\u00e9 Nespresso\u00ae** Original. **Marque tierce sans lien avec illycaff\u00e8 S.p.A.","breadcrumb":{"@id":"https:\/\/dev6.erresse-shop.it\/fr\/shop\/cafe\/dosettes-et-capsules-de-cafe\/illy-6-paquets-de-10-capsules-compatibles-nespresso-toast-classique\/#breadcrumb"},"inLanguage":"fr-FR","potentialAction":[{"@type":"ReadAction","target":["https:\/\/dev6.erresse-shop.it\/fr\/shop\/cafe\/dosettes-et-capsules-de-cafe\/illy-6-paquets-de-10-capsules-compatibles-nespresso-toast-classique\/"]}]},{"@type":"ImageObject","inLanguage":"fr-FR","@id":"https:\/\/dev6.erresse-shop.it\/fr\/shop\/cafe\/dosettes-et-capsules-de-cafe\/illy-6-paquets-de-10-capsules-compatibles-nespresso-toast-classique\/#primaryimage","url":"https:\/\/i1.wp.com\/interpim.erresse-shop.it\/Import\/Prodotti\/illy-6-confezioni-da-10-capsule-compatibili-espresso-classico.jpg?ssl=1","contentUrl":"https:\/\/i1.wp.com\/interpim.erresse-shop.it\/Import\/Prodotti\/illy-6-confezioni-da-10-capsule-compatibili-espresso-classico.jpg?ssl=1"},{"@type":"BreadcrumbList","@id":"https:\/\/dev6.erresse-shop.it\/fr\/shop\/cafe\/dosettes-et-capsules-de-cafe\/illy-6-paquets-de-10-capsules-compatibles-nespresso-toast-classique\/#breadcrumb","itemListElement":[{"@type":"ListItem","position":1,"name":"Home","item":"https:\/\/dev6.erresse-shop.it\/"},{"@type":"ListItem","position":2,"name":"Boutique","item":"https:\/\/dev6.erresse-shop.it\/shop\/"},{"@type":"ListItem","position":3,"name":"ILLY 6 Paquets de 10 Capsules Compatibles Nespresso\u00ae toast classique"}]},{"@type":"WebSite","@id":"https:\/\/dev6.erresse-shop.it\/#website","url":"https:\/\/dev6.erresse-shop.it\/","name":"Erresse Shop","description":"","publisher":{"@id":"https:\/\/dev6.erresse-shop.it\/#organization"},"potentialAction":[{"@type":"SearchAction","target":{"@type":"EntryPoint","urlTemplate":"https:\/\/dev6.erresse-shop.it\/?s={search_term_string}"},"query-input":{"@type":"PropertyValueSpecification","valueRequired":true,"valueName":"search_term_string"}}],"inLanguage":"fr-FR"},{"@type":"Organization","@id":"https:\/\/dev6.erresse-shop.it\/#organization","name":"Erresse Shop","url":"https:\/\/dev6.erresse-shop.it\/","logo":{"@type":"ImageObject","inLanguage":"fr-FR","@id":"https:\/\/dev6.erresse-shop.it\/#\/schema\/logo\/image\/","url":"https:\/\/dev6.erresse-shop.it\/wp-content\/uploads\/2025\/01\/LOGO-ERRESSE-CLASSICO.svg","contentUrl":"https:\/\/dev6.erresse-shop.it\/wp-content\/uploads\/2025\/01\/LOGO-ERRESSE-CLASSICO.svg","caption":"Erresse Shop"},"image":{"@id":"https:\/\/dev6.erresse-shop.it\/#\/schema\/logo\/image\/"}}]}},"df_price":46,"df_sale_price":"","df_regular_price":46,"df_image_link":"https:\/\/i1.wp.com\/interpim.erresse-shop.it\/Import\/Prodotti\/illy-6-confezioni-da-10-capsule-compatibili-espresso-classico.jpg?resize=300,300&ssl=1","fifu_image_url":"https:\/\/interpim.erresse-shop.it\/Import\/Prodotti\/illy-6-confezioni-da-10-capsule-compatibili-espresso-classico.jpg","_links":{"self":[{"href":"https:\/\/dev6.erresse-shop.it\/fr\/wp-json\/wp\/v2\/product\/61776","targetHints":{"allow":["GET"]}}],"collection":[{"href":"https:\/\/dev6.erresse-shop.it\/fr\/wp-json\/wp\/v2\/product"}],"about":[{"href":"https:\/\/dev6.erresse-shop.it\/fr\/wp-json\/wp\/v2\/types\/product"}],"wp:featuredmedia":[{"embeddable":true,"href":"https:\/\/dev6.erresse-shop.it\/fr\/wp-json\/wp\/v2\/media\/6363086"}],"wp:attachment":[{"href":"https:\/\/dev6.erresse-shop.it\/fr\/wp-json\/wp\/v2\/media?parent=61776"}],"wp:term":[{"taxonomy":"product_cat","embeddable":true,"href":"https:\/\/dev6.erresse-shop.it\/fr\/wp-json\/wp\/v2\/product_cat?post=61776"},{"taxonomy":"product_tag","embeddable":true,"href":"https:\/\/dev6.erresse-shop.it\/fr\/wp-json\/wp\/v2\/product_tag?post=61776"}],"curies":[{"name":"wp","href":"https:\/\/api.w.org\/{rel}","templated":true}]}}