{"id":61768,"date":"2026-04-12T14:49:36","date_gmt":"2026-04-12T12:49:36","guid":{"rendered":"https:\/\/dev6.erresse-shop.it\/shop\/non%20class\u00e9\/jura-claris-smart-cartouche-filtrante\/"},"modified":"2025-07-04T20:44:54","modified_gmt":"2025-07-04T18:44:54","slug":"jura-claris-smart-cartouche-filtrante","status":"publish","type":"product","link":"https:\/\/dev6.erresse-shop.it\/fr\/shop\/petits-electromenagers\/machines-cafe\/jura-claris-smart-cartouche-filtrante\/","title":{"rendered":"JURA Claris Smart+ Cartouche Filtrante"},"content":{"rendered":"<p>Le filtre \u00e0 eau intelligent du PlusCoffee est compos\u00e9 \u00e0 98% d\u2019eau. Par cons\u00e9quent, sa qualit\u00e9 parfaite est cruciale pour un r\u00e9sultat de caf\u00e9 complet. Avec CLARIS smart&#43;, JURA r\u00e9volutionne encore davantage la filtration de l\u2019eau. La technologie du filtre \u00e0 eau garantit un niveau d\u2019hygi\u00e8ne plus \u00e9lev\u00e9 dans la machine \u00e0 caf\u00e9, d\u00e8s le r\u00e9servoir d\u2019eau. Avec CLARIS smart&#43;, vous augmentez la protection, la s\u00e9curit\u00e9 du produit et la dur\u00e9e de vie de votre machine \u00e0 caf\u00e9. La cartouche filtrante CLARIS est \u00e9galement dot\u00e9e d\u2019un d\u00e9p\u00f4t de substances actives naturelles \u00e0 l\u2019extr\u00e9mit\u00e9 inf\u00e9rieure, qui stabilise l\u2019eau dans le r\u00e9servoir et r\u00e9duit ainsi les d\u00e9p\u00f4ts de calcaire dans la zone inf\u00e9rieure du r\u00e9servoir. Cela fonctionne sans \u00e9nergie ou exposition suppl\u00e9mentaire, uniquement gr\u00e2ce au mouvement naturel de l\u2019eau dans le r\u00e9servoir, \u00e0 travers lequel le d\u00e9p\u00f4t s\u2019\u00e9coule toujours facilement. La partie sup\u00e9rieure de la cartouche filtrante CLARIS pour la pr\u00e9paration du caf\u00e9 par \u00e9change d\u2019ions et charbon actif dans le principe de puissance filtre exactement la quantit\u00e9 d\u2019eau n\u00e9cessaire pour une tasse de caf\u00e9 parfaite.L\u2019avantage de l\u2019hygi\u00e8ne et de la propret\u00e9CLARIS smart&#43; combine le principe de puissance professionnel \u00e9prouv\u00e9, qui filtre exactement la quantit\u00e9 d\u2019eau n\u00e9cessaire pour chaque pr\u00e9paration de caf\u00e9, avec un d\u00e9p\u00f4t de substances actives naturelles.<br \/>\nLe plus : Gr\u00e2ce \u00e0 son mouvement naturel, l\u2019eau s\u2019\u00e9coule toujours facilement et est stabilis\u00e9e par contact. Cela r\u00e9duit les d\u00e9p\u00f4ts de calcaire et garantit une propret\u00e9 maximale dans le r\u00e9servoir d\u2019eau.Convient \u00e0 toutes les eaux du robinetGr\u00e2ce \u00e0 la formule innovante, les cartouches filtrantes conviennent \u00e0 tous les types d\u2019eau du robinet dans le monde entier. Les granul\u00e9s efficaces filtrent toujours le calcaire en quantit\u00e9 optimale (m\u00eame en cas de faible duret\u00e9 de l\u2019eau) et r\u00e9duisent plus efficacement que jamais les substances qui alt\u00e8rent le go\u00fbt de l\u2019eau, comme le chlore. Les min\u00e9raux et les fluorures, qui sont d\u2019importants \u00e9l\u00e9ments gustatifs, sont pr\u00e9serv\u00e9s. La stabilisation optimale du calcaire d\u00e9j\u00e0 pr\u00e9sent dans le r\u00e9servoir d\u2019eau et le filtrage efficace pendant la pr\u00e9paration du caf\u00e9 garantissent la meilleure hygi\u00e8ne et une qualit\u00e9 d\u2019eau optimale pour un go\u00fbt de caf\u00e9 parfait.<\/p>\n","protected":false},"excerpt":{"rendered":"<p>Le filtre \u00e0 eau intelligent du PlusCoffee est compos\u00e9 \u00e0 98% d\u2019eau. Par cons\u00e9quent, sa qualit\u00e9 parfaite est cruciale pour un r\u00e9sultat de caf\u00e9 complet. Avec CLARIS smart&#43;, JURA r\u00e9volutionne encore davantage la filtration de l\u2019eau. La technologie du filtre \u00e0 eau garantit un niveau d\u2019hygi\u00e8ne plus \u00e9lev\u00e9 dans la machine \u00e0 caf\u00e9, d\u00e8s le [&hellip;]<\/p>\n","protected":false},"featured_media":6381375,"template":"","meta":{"_acf_changed":false},"product_cat":[12071,11747,12038,11714,12063,12055],"product_tag":[],"class_list":{"0":"post-61768","1":"product","2":"type-product","3":"status-publish","4":"has-post-thumbnail","6":"product_cat-accessoires-fr-2","7":"product_cat-accessori-2","8":"product_cat-cafe","9":"product_cat-caffe","10":"product_cat-machines-cafe","11":"product_cat-petits-electromenagers","13":"first","14":"instock","15":"taxable","16":"shipping-taxable","17":"purchasable","18":"product-type-simple","swatches":"rey-swatches","show_selected":"","stretch_labels":"rey-swatches--stretch-labels"},"acf":[],"yoast_head":"<!-- This site is optimized with the Yoast SEO plugin v25.4 - https:\/\/yoast.com\/wordpress\/plugins\/seo\/ -->\n<title>JURA Claris Smart+ Cartouche Filtrante - dev6 Erresse<\/title>\n<meta name=\"description\" content=\"Le filtre \u00e0 eau intelligent du PlusCoffee est compos\u00e9 \u00e0 98% d\u2019eau. Par cons\u00e9quent, sa qualit\u00e9 parfaite est cruciale pour un r\u00e9sultat de caf\u00e9 complet. Avec\" \/>\n<meta name=\"robots\" content=\"noindex, follow, max-snippet:-1, max-image-preview:large, max-video-preview:-1\" \/>\n<meta property=\"og:locale\" content=\"fr_FR\" \/>\n<meta property=\"og:type\" content=\"article\" \/>\n<meta property=\"og:title\" content=\"JURA Claris Smart+ Cartouche Filtrante - dev6 Erresse\" \/>\n<meta property=\"og:description\" content=\"Le filtre \u00e0 eau intelligent du PlusCoffee est compos\u00e9 \u00e0 98% d\u2019eau. Par cons\u00e9quent, sa qualit\u00e9 parfaite est cruciale pour un r\u00e9sultat de caf\u00e9 complet. Avec\" \/>\n<meta property=\"og:url\" content=\"https:\/\/dev6.erresse-shop.it\/fr\/shop\/petits-electromenagers\/machines-cafe\/jura-claris-smart-cartouche-filtrante\/\" \/>\n<meta property=\"og:site_name\" content=\"dev6 Erresse\" \/>\n<meta property=\"og:image\" content=\"https:\/\/interpim.erresse-shop.it\/Import\/Prodotti\/jura-claris-smart-cartuccia-filtro.jpg\" \/><meta property=\"og:image\" content=\"https:\/\/interpim.erresse-shop.it\/Import\/Prodotti\/jura-claris-smart-cartuccia-filtro.jpg\" \/>\n\t<meta property=\"og:image:width\" content=\"1024\" \/>\n\t<meta property=\"og:image:height\" content=\"1024\" \/>\n\t<meta property=\"og:image:type\" content=\"image\/jpeg\" \/>\n<meta name=\"twitter:card\" content=\"summary_large_image\" \/>\n<meta name=\"twitter:image\" content=\"https:\/\/interpim.erresse-shop.it\/Import\/Prodotti\/jura-claris-smart-cartuccia-filtro.jpg\" \/>\n<script type=\"application\/ld+json\" class=\"yoast-schema-graph\">{\"@context\":\"https:\/\/schema.org\",\"@graph\":[{\"@type\":\"WebPage\",\"@id\":\"https:\/\/dev6.erresse-shop.it\/fr\/shop\/petits-electromenagers\/machines-cafe\/jura-claris-smart-cartouche-filtrante\/\",\"url\":\"https:\/\/dev6.erresse-shop.it\/fr\/shop\/petits-electromenagers\/machines-cafe\/jura-claris-smart-cartouche-filtrante\/\",\"name\":\"JURA Claris Smart+ Cartouche Filtrante - dev6 Erresse\",\"isPartOf\":{\"@id\":\"https:\/\/dev6.erresse-shop.it\/#website\"},\"primaryImageOfPage\":{\"@id\":\"https:\/\/dev6.erresse-shop.it\/fr\/shop\/petits-electromenagers\/machines-cafe\/jura-claris-smart-cartouche-filtrante\/#primaryimage\"},\"image\":{\"@id\":\"https:\/\/dev6.erresse-shop.it\/fr\/shop\/petits-electromenagers\/machines-cafe\/jura-claris-smart-cartouche-filtrante\/#primaryimage\"},\"thumbnailUrl\":\"https:\/\/i3.wp.com\/interpim.erresse-shop.it\/Import\/Prodotti\/jura-claris-smart-cartuccia-filtro.jpg?ssl=1\",\"datePublished\":\"2026-04-12T12:49:36+00:00\",\"description\":\"Le filtre \u00e0 eau intelligent du PlusCoffee est compos\u00e9 \u00e0 98% d\u2019eau. Par cons\u00e9quent, sa qualit\u00e9 parfaite est cruciale pour un r\u00e9sultat de caf\u00e9 complet. Avec\",\"breadcrumb\":{\"@id\":\"https:\/\/dev6.erresse-shop.it\/fr\/shop\/petits-electromenagers\/machines-cafe\/jura-claris-smart-cartouche-filtrante\/#breadcrumb\"},\"inLanguage\":\"fr-FR\",\"potentialAction\":[{\"@type\":\"ReadAction\",\"target\":[\"https:\/\/dev6.erresse-shop.it\/fr\/shop\/petits-electromenagers\/machines-cafe\/jura-claris-smart-cartouche-filtrante\/\"]}]},{\"@type\":\"ImageObject\",\"inLanguage\":\"fr-FR\",\"@id\":\"https:\/\/dev6.erresse-shop.it\/fr\/shop\/petits-electromenagers\/machines-cafe\/jura-claris-smart-cartouche-filtrante\/#primaryimage\",\"url\":\"https:\/\/i3.wp.com\/interpim.erresse-shop.it\/Import\/Prodotti\/jura-claris-smart-cartuccia-filtro.jpg?ssl=1\",\"contentUrl\":\"https:\/\/i3.wp.com\/interpim.erresse-shop.it\/Import\/Prodotti\/jura-claris-smart-cartuccia-filtro.jpg?ssl=1\"},{\"@type\":\"BreadcrumbList\",\"@id\":\"https:\/\/dev6.erresse-shop.it\/fr\/shop\/petits-electromenagers\/machines-cafe\/jura-claris-smart-cartouche-filtrante\/#breadcrumb\",\"itemListElement\":[{\"@type\":\"ListItem\",\"position\":1,\"name\":\"Home\",\"item\":\"https:\/\/dev6.erresse-shop.it\/\"},{\"@type\":\"ListItem\",\"position\":2,\"name\":\"Boutique\",\"item\":\"https:\/\/dev6.erresse-shop.it\/shop\/\"},{\"@type\":\"ListItem\",\"position\":3,\"name\":\"JURA Claris Smart+ Cartouche Filtrante\"}]},{\"@type\":\"WebSite\",\"@id\":\"https:\/\/dev6.erresse-shop.it\/#website\",\"url\":\"https:\/\/dev6.erresse-shop.it\/\",\"name\":\"Erresse Shop\",\"description\":\"\",\"publisher\":{\"@id\":\"https:\/\/dev6.erresse-shop.it\/#organization\"},\"potentialAction\":[{\"@type\":\"SearchAction\",\"target\":{\"@type\":\"EntryPoint\",\"urlTemplate\":\"https:\/\/dev6.erresse-shop.it\/?s={search_term_string}\"},\"query-input\":{\"@type\":\"PropertyValueSpecification\",\"valueRequired\":true,\"valueName\":\"search_term_string\"}}],\"inLanguage\":\"fr-FR\"},{\"@type\":\"Organization\",\"@id\":\"https:\/\/dev6.erresse-shop.it\/#organization\",\"name\":\"Erresse Shop\",\"url\":\"https:\/\/dev6.erresse-shop.it\/\",\"logo\":{\"@type\":\"ImageObject\",\"inLanguage\":\"fr-FR\",\"@id\":\"https:\/\/dev6.erresse-shop.it\/#\/schema\/logo\/image\/\",\"url\":\"https:\/\/dev6.erresse-shop.it\/wp-content\/uploads\/2025\/01\/LOGO-ERRESSE-CLASSICO.svg\",\"contentUrl\":\"https:\/\/dev6.erresse-shop.it\/wp-content\/uploads\/2025\/01\/LOGO-ERRESSE-CLASSICO.svg\",\"caption\":\"Erresse Shop\"},\"image\":{\"@id\":\"https:\/\/dev6.erresse-shop.it\/#\/schema\/logo\/image\/\"}}]}<\/script>\n<!-- \/ Yoast SEO plugin. -->","yoast_head_json":{"title":"JURA Claris Smart+ Cartouche Filtrante - dev6 Erresse","description":"Le filtre \u00e0 eau intelligent du PlusCoffee est compos\u00e9 \u00e0 98% d\u2019eau. Par cons\u00e9quent, sa qualit\u00e9 parfaite est cruciale pour un r\u00e9sultat de caf\u00e9 complet. Avec","robots":{"index":"noindex","follow":"follow","max-snippet":"max-snippet:-1","max-image-preview":"max-image-preview:large","max-video-preview":"max-video-preview:-1"},"og_locale":"fr_FR","og_type":"article","og_title":"JURA Claris Smart+ Cartouche Filtrante - dev6 Erresse","og_description":"Le filtre \u00e0 eau intelligent du PlusCoffee est compos\u00e9 \u00e0 98% d\u2019eau. Par cons\u00e9quent, sa qualit\u00e9 parfaite est cruciale pour un r\u00e9sultat de caf\u00e9 complet. Avec","og_url":"https:\/\/dev6.erresse-shop.it\/fr\/shop\/petits-electromenagers\/machines-cafe\/jura-claris-smart-cartouche-filtrante\/","og_site_name":"dev6 Erresse","og_image":[{"url":"https:\/\/interpim.erresse-shop.it\/Import\/Prodotti\/jura-claris-smart-cartuccia-filtro.jpg","type":"","width":"","height":""},{"url":"https:\/\/interpim.erresse-shop.it\/Import\/Prodotti\/jura-claris-smart-cartuccia-filtro.jpg","width":1024,"height":1024,"type":"image\/jpeg"}],"twitter_card":"summary_large_image","twitter_image":"https:\/\/interpim.erresse-shop.it\/Import\/Prodotti\/jura-claris-smart-cartuccia-filtro.jpg","schema":{"@context":"https:\/\/schema.org","@graph":[{"@type":"WebPage","@id":"https:\/\/dev6.erresse-shop.it\/fr\/shop\/petits-electromenagers\/machines-cafe\/jura-claris-smart-cartouche-filtrante\/","url":"https:\/\/dev6.erresse-shop.it\/fr\/shop\/petits-electromenagers\/machines-cafe\/jura-claris-smart-cartouche-filtrante\/","name":"JURA Claris Smart+ Cartouche Filtrante - dev6 Erresse","isPartOf":{"@id":"https:\/\/dev6.erresse-shop.it\/#website"},"primaryImageOfPage":{"@id":"https:\/\/dev6.erresse-shop.it\/fr\/shop\/petits-electromenagers\/machines-cafe\/jura-claris-smart-cartouche-filtrante\/#primaryimage"},"image":{"@id":"https:\/\/dev6.erresse-shop.it\/fr\/shop\/petits-electromenagers\/machines-cafe\/jura-claris-smart-cartouche-filtrante\/#primaryimage"},"thumbnailUrl":"https:\/\/i3.wp.com\/interpim.erresse-shop.it\/Import\/Prodotti\/jura-claris-smart-cartuccia-filtro.jpg?ssl=1","datePublished":"2026-04-12T12:49:36+00:00","description":"Le filtre \u00e0 eau intelligent du PlusCoffee est compos\u00e9 \u00e0 98% d\u2019eau. Par cons\u00e9quent, sa qualit\u00e9 parfaite est cruciale pour un r\u00e9sultat de caf\u00e9 complet. Avec","breadcrumb":{"@id":"https:\/\/dev6.erresse-shop.it\/fr\/shop\/petits-electromenagers\/machines-cafe\/jura-claris-smart-cartouche-filtrante\/#breadcrumb"},"inLanguage":"fr-FR","potentialAction":[{"@type":"ReadAction","target":["https:\/\/dev6.erresse-shop.it\/fr\/shop\/petits-electromenagers\/machines-cafe\/jura-claris-smart-cartouche-filtrante\/"]}]},{"@type":"ImageObject","inLanguage":"fr-FR","@id":"https:\/\/dev6.erresse-shop.it\/fr\/shop\/petits-electromenagers\/machines-cafe\/jura-claris-smart-cartouche-filtrante\/#primaryimage","url":"https:\/\/i3.wp.com\/interpim.erresse-shop.it\/Import\/Prodotti\/jura-claris-smart-cartuccia-filtro.jpg?ssl=1","contentUrl":"https:\/\/i3.wp.com\/interpim.erresse-shop.it\/Import\/Prodotti\/jura-claris-smart-cartuccia-filtro.jpg?ssl=1"},{"@type":"BreadcrumbList","@id":"https:\/\/dev6.erresse-shop.it\/fr\/shop\/petits-electromenagers\/machines-cafe\/jura-claris-smart-cartouche-filtrante\/#breadcrumb","itemListElement":[{"@type":"ListItem","position":1,"name":"Home","item":"https:\/\/dev6.erresse-shop.it\/"},{"@type":"ListItem","position":2,"name":"Boutique","item":"https:\/\/dev6.erresse-shop.it\/shop\/"},{"@type":"ListItem","position":3,"name":"JURA Claris Smart+ Cartouche Filtrante"}]},{"@type":"WebSite","@id":"https:\/\/dev6.erresse-shop.it\/#website","url":"https:\/\/dev6.erresse-shop.it\/","name":"Erresse Shop","description":"","publisher":{"@id":"https:\/\/dev6.erresse-shop.it\/#organization"},"potentialAction":[{"@type":"SearchAction","target":{"@type":"EntryPoint","urlTemplate":"https:\/\/dev6.erresse-shop.it\/?s={search_term_string}"},"query-input":{"@type":"PropertyValueSpecification","valueRequired":true,"valueName":"search_term_string"}}],"inLanguage":"fr-FR"},{"@type":"Organization","@id":"https:\/\/dev6.erresse-shop.it\/#organization","name":"Erresse Shop","url":"https:\/\/dev6.erresse-shop.it\/","logo":{"@type":"ImageObject","inLanguage":"fr-FR","@id":"https:\/\/dev6.erresse-shop.it\/#\/schema\/logo\/image\/","url":"https:\/\/dev6.erresse-shop.it\/wp-content\/uploads\/2025\/01\/LOGO-ERRESSE-CLASSICO.svg","contentUrl":"https:\/\/dev6.erresse-shop.it\/wp-content\/uploads\/2025\/01\/LOGO-ERRESSE-CLASSICO.svg","caption":"Erresse Shop"},"image":{"@id":"https:\/\/dev6.erresse-shop.it\/#\/schema\/logo\/image\/"}}]}},"df_price":19.9,"df_sale_price":"","df_regular_price":19.9,"df_image_link":"https:\/\/i3.wp.com\/interpim.erresse-shop.it\/Import\/Prodotti\/jura-claris-smart-cartuccia-filtro.jpg?resize=300,300&ssl=1","fifu_image_url":"https:\/\/interpim.erresse-shop.it\/Import\/Prodotti\/jura-claris-smart-cartuccia-filtro.jpg","_links":{"self":[{"href":"https:\/\/dev6.erresse-shop.it\/fr\/wp-json\/wp\/v2\/product\/61768","targetHints":{"allow":["GET"]}}],"collection":[{"href":"https:\/\/dev6.erresse-shop.it\/fr\/wp-json\/wp\/v2\/product"}],"about":[{"href":"https:\/\/dev6.erresse-shop.it\/fr\/wp-json\/wp\/v2\/types\/product"}],"wp:featuredmedia":[{"embeddable":true,"href":"https:\/\/dev6.erresse-shop.it\/fr\/wp-json\/wp\/v2\/media\/6381375"}],"wp:attachment":[{"href":"https:\/\/dev6.erresse-shop.it\/fr\/wp-json\/wp\/v2\/media?parent=61768"}],"wp:term":[{"taxonomy":"product_cat","embeddable":true,"href":"https:\/\/dev6.erresse-shop.it\/fr\/wp-json\/wp\/v2\/product_cat?post=61768"},{"taxonomy":"product_tag","embeddable":true,"href":"https:\/\/dev6.erresse-shop.it\/fr\/wp-json\/wp\/v2\/product_tag?post=61768"}],"curies":[{"name":"wp","href":"https:\/\/api.w.org\/{rel}","templated":true}]}}