{"id":61766,"date":"2026-04-12T09:45:44","date_gmt":"2026-04-12T07:45:44","guid":{"rendered":"https:\/\/dev6.erresse-shop.it\/shop\/non%20class\u00e9\/smeg-machine-a-cafe-expresso-manuelle-blanc\/"},"modified":"2025-07-04T17:05:00","modified_gmt":"2025-07-04T15:05:00","slug":"smeg-machine-a-cafe-expresso-manuelle-blanc","status":"publish","type":"product","link":"https:\/\/dev6.erresse-shop.it\/fr\/shop\/petits-electromenagers\/machines-cafe\/manuels\/smeg-machine-a-cafe-expresso-manuelle-blanc\/","title":{"rendered":"SMEG Machine \u00e0 Caf\u00e9 Expresso Manuelle Blanc"},"content":{"rendered":"<p>S\u00e9rie SMEG 50s<\/p>\n<p>Objets de rencontre symboliques, ic\u00f4nes qui transforment l\u2019espace qu\u2019ils occupent, les nouveaux petits de la ligne Anni \u201950s, con\u00e7us en collaboration avec Matteo Bazzicalupo et Raffaella Mangiarotti de deepdesign, \u00e9voquent d\u2019autres temps et fa\u00e7onnent des lieux quotidiens, en investissant ce qui existe ou a exist\u00e9 d\u2019une nouvelle signification, comme cela se produit dans l\u2019art et la m\u00e9moire.<br \/>\nDes produits aux formes arrondies et compactes, protagonistes de la cuisine, con\u00e7us pour ceux qui souhaitent vivre l\u2019exp\u00e9rience d\u2019un chef, mais pas seulement. Pour ceux qui aiment s\u2019entourer d\u2019objets \u00e0 fort caract\u00e8re esth\u00e9tique sans perdre de vue la qualit\u00e9 des prestations.<\/p>\n<p>Machine \u00e0 expresso manuelle fabriqu\u00e9e en Italie : garantit le meilleur r\u00e9sultat pour un excellent caf\u00e9 expresso.<\/p>\n<p>Syst\u00e8me de chauffage avec thermoblock qui garantit une vitesse d\u2019infusion plus rapide et un contr\u00f4le pr\u00e9cis de la temp\u00e9rature de l\u2019eau pour l\u2019infusion du caf\u00e9.<br \/>\nDimensions parmi les plus compactes de sa cat\u00e9gorie, pour s\u2019adapter au mieux \u00e0 l\u2019espace et \u00e0 la cuisine.<br \/>\nPlateau d\u2019\u00e9gouttage amovible pour accueillir les grandes tasses et faciliter le nettoyage<br \/>\nPompe d\u2019une puissance de 15 bars, pour une extraction toujours correcte de votre espresso.<\/p>\n<p>Pratique et polyvalente<\/p>\n<p>La machine \u00e0 espresso ECF02 est dot\u00e9e d\u2019un panneau de commande avec un double menu qui vous permet de s\u00e9lectionner 4 fonctions d\u2019espresso selon vos pr\u00e9f\u00e9rences.<br \/>\nGr\u00e2ce \u00e0 la buse vapeur, vous pouvez facilement cr\u00e9er une mousse de lait riche et cr\u00e9meuse, parfaite pour des pr\u00e9parations telles que le cappuccino, le blanc plat et le latte macchiato.<\/p>\n<p>Un espresso parfait en quelques secondes<\/p>\n<p>La nouvelle machine \u00e0 caf\u00e9 ECF02 convient aussi bien au caf\u00e9 moulu qu\u2019aux dosettes en papier gr\u00e2ce \u00e0 son porte-filtre en acier inoxydable. En outre, le syst\u00e8me de chauffage Thermoblock garantit des temps de pr\u00e9paration rapides et un contr\u00f4le pr\u00e9cis de la temp\u00e9rature de l\u2019eau pour la pr\u00e9paration du caf\u00e9. Avec une pression de 15 bars, la nouvelle machine \u00e0 caf\u00e9 Smeg ECF02 promet les meilleurs r\u00e9sultats pour un excellent Espresso.<\/p>\n<p>ESTETICA<\/p>\n<p>Menu blanc : Espresso simple, Espresso double, Vapeur<br \/>\nMenu Orange : Espresso simple long, Espresso double long, Vapeur<br \/>\nCouleur : Rouge<br \/>\nFinition : brillante<br \/>\nEsth\u00e9tique : style ann\u00e9es 50<br \/>\nMat\u00e9riau du corps : Plastique<br \/>\nCouleur de la base : Chrome poli<br \/>\nMat\u00e9riau de la base : Plastique<br \/>\nMat\u00e9riau du r\u00e9servoir : SAN<br \/>\nMat\u00e9riau du chauffe-tasse : Acier inoxydable<br \/>\nMat\u00e9riau du levier vapeur\/eau chaude : Alliage de zinc<br \/>\nMat\u00e9riau du bec : Acier inoxydable<br \/>\nMat\u00e9riau du porte-filtre : Acier inoxydable<br \/>\nCouleur du bras du porte-filtre : Gris<br \/>\nMat\u00e9riau du bras du porte-filtre : Plastique<br \/>\nCouleur du raccord de sortie d\u2019eau chaude\/vapeur : Gris<br \/>\nMat\u00e9riau du bac \u00e0 tasses : Acier inoxydable<br \/>\nCouleur du grand plateau \u00e0 tasses : Gris<br \/>\nCouleur du plateau \u00e0 tasses : Aluminium<br \/>\nMat\u00e9riau du grand bac \u00e0 tasses : Plastique<br \/>\nMat\u00e9riau de la buse vapeur\/eau chaude : Acier inoxydable<br \/>\nMat\u00e9riau du bac d\u2019\u00e9gouttage : Plastique<\/p>\n<p>FONCTIONS<\/p>\n<p>Longueur de caf\u00e9 r\u00e9glable : Oui<br \/>\nR\u00e9glage de l\u2019eau : doux\/moyen\/dur<br \/>\nAvertissement de d\u00e9tartrage : Oui<br \/>\nAvertissement de r\u00e9servoir d\u2019eau vide\/manquant : Oui<br \/>\nFonction eau chaude pour le th\u00e9 et autres boissons : Oui<br \/>\nMise en veille : 10 min\/30 min\/1 heure<br \/>\nR\u00e9glage de la temp\u00e9rature du caf\u00e9 : basse\/moyenne\/haute<br \/>\nR\u00e9glage de la temp\u00e9rature d\u2019extraction du caf\u00e9 : basse\/moyenne\/haute<\/p>\n<p>COMMANDES<\/p>\n<p>Type de commande : Boutons, levier<br \/>\nMat\u00e9riau des boutons : Plastique<br \/>\nCouleur des boutons : Argent<br \/>\nNombre de boutons de commande des boissons : 3<br \/>\nBouton de menu : 1<br \/>\nBouton ON\/OFF : Oui<br \/>\nNombre de boutons : 4<br \/>\nMode d\u2019activation de la vapeur : levier<\/p>\n<p>CARACT\u00c9RISTIQUES TECHNIQUES<\/p>\n<p>Syst\u00e8me de chauffage : Thermoblock<br \/>\nCapacit\u00e9 du r\u00e9servoir d\u2019eau : 1,1 l<br \/>\nR\u00e9servoir d\u2019eau amovible : Oui<br \/>\nPlateau d\u2019\u00e9gouttage amovible : Oui<br \/>\nLogement pour grandes tasses : Oui<br \/>\nChauffe-tasses : passif<br \/>\nDiam\u00e8tre du porte-filtre : 51 mm<br \/>\nPression de la pompe : 15 bar<br \/>\nTige \u00e0 vapeur : Oui<br \/>\nBase antid\u00e9rapante : Oui<\/p>\n<p>CARACT\u00c9RISTIQUES \u00c9LECTRIQUES<\/p>\n<p>Tension (V) : 220-240 V<br \/>\nFr\u00e9quence Hz : 50\/60 Hz<br \/>\nLongueur du cordon d\u2019alimentation : 1 m<\/p>\n<p>Non disponible \u00e0 la vente en dehors de l\u2019Europe<\/p>\n","protected":false},"excerpt":{"rendered":"<p>S\u00e9rie SMEG 50s Objets de rencontre symboliques, ic\u00f4nes qui transforment l\u2019espace qu\u2019ils occupent, les nouveaux petits de la ligne Anni \u201950s, con\u00e7us en collaboration avec Matteo Bazzicalupo et Raffaella Mangiarotti de deepdesign, \u00e9voquent d\u2019autres temps et fa\u00e7onnent des lieux quotidiens, en investissant ce qui existe ou a exist\u00e9 d\u2019une nouvelle signification, comme cela se produit [&hellip;]<\/p>\n","protected":false},"featured_media":6363056,"template":"","meta":{"_acf_changed":false},"product_cat":[12063,12090,12055],"product_tag":[],"class_list":{"0":"post-61766","1":"product","2":"type-product","3":"status-publish","4":"has-post-thumbnail","6":"product_cat-machines-cafe","7":"product_cat-manuels","8":"product_cat-petits-electromenagers","10":"first","11":"instock","12":"sale","13":"taxable","14":"shipping-taxable","15":"purchasable","16":"product-type-simple","swatches":"rey-swatches","show_selected":"","stretch_labels":"rey-swatches--stretch-labels"},"acf":[],"yoast_head":"<!-- This site is optimized with the Yoast SEO plugin v25.4 - https:\/\/yoast.com\/wordpress\/plugins\/seo\/ -->\n<title>SMEG Machine \u00e0 Caf\u00e9 Expresso Manuelle Blanc - dev6 Erresse<\/title>\n<meta name=\"description\" content=\"S\u00e9rie SMEG 50s Objets de rencontre symboliques, ic\u00f4nes qui transforment l\u2019espace qu\u2019ils occupent, les nouveaux petits de la ligne Anni \u201950s, con\u00e7us en\" \/>\n<meta name=\"robots\" content=\"noindex, follow, max-snippet:-1, max-image-preview:large, max-video-preview:-1\" \/>\n<meta property=\"og:locale\" content=\"fr_FR\" \/>\n<meta property=\"og:type\" content=\"article\" \/>\n<meta property=\"og:title\" content=\"SMEG Machine \u00e0 Caf\u00e9 Expresso Manuelle Blanc - dev6 Erresse\" \/>\n<meta property=\"og:description\" content=\"S\u00e9rie SMEG 50s Objets de rencontre symboliques, ic\u00f4nes qui transforment l\u2019espace qu\u2019ils occupent, les nouveaux petits de la ligne Anni \u201950s, con\u00e7us en\" \/>\n<meta property=\"og:url\" content=\"https:\/\/dev6.erresse-shop.it\/fr\/shop\/petits-electromenagers\/machines-cafe\/manuels\/smeg-machine-a-cafe-expresso-manuelle-blanc\/\" \/>\n<meta property=\"og:site_name\" content=\"dev6 Erresse\" \/>\n<meta property=\"og:image\" content=\"https:\/\/interpim.erresse-shop.it\/wp-content\/uploads\/2023\/07\/SMEG-Macchina-da-Caffe\u0300-Espresso-Manuale-Bianco-1.jpg\/smeg-macchina-da-caffe-cc-80-espresso-manuale-bianco-1.jpg\" \/><meta property=\"og:image\" content=\"https:\/\/interpim.erresse-shop.it\/wp-content\/uploads\/2023\/07\/SMEG-Macchina-da-Caffe\u0300-Espresso-Manuale-Bianco-1.jpg\/smeg-macchina-da-caffe-cc-80-espresso-manuale-bianco-1.jpg\" \/>\n\t<meta property=\"og:image:width\" content=\"1024\" \/>\n\t<meta property=\"og:image:height\" content=\"1024\" \/>\n\t<meta property=\"og:image:type\" content=\"image\/jpeg\" \/>\n<meta name=\"twitter:card\" content=\"summary_large_image\" \/>\n<meta name=\"twitter:image\" content=\"https:\/\/interpim.erresse-shop.it\/wp-content\/uploads\/2023\/07\/SMEG-Macchina-da-Caffe\u0300-Espresso-Manuale-Bianco-1.jpg\/smeg-macchina-da-caffe-cc-80-espresso-manuale-bianco-1.jpg\" \/>\n<script type=\"application\/ld+json\" class=\"yoast-schema-graph\">{\"@context\":\"https:\/\/schema.org\",\"@graph\":[{\"@type\":\"WebPage\",\"@id\":\"https:\/\/dev6.erresse-shop.it\/fr\/shop\/petits-electromenagers\/machines-cafe\/manuels\/smeg-machine-a-cafe-expresso-manuelle-blanc\/\",\"url\":\"https:\/\/dev6.erresse-shop.it\/fr\/shop\/petits-electromenagers\/machines-cafe\/manuels\/smeg-machine-a-cafe-expresso-manuelle-blanc\/\",\"name\":\"SMEG Machine \u00e0 Caf\u00e9 Expresso Manuelle Blanc - dev6 Erresse\",\"isPartOf\":{\"@id\":\"https:\/\/dev6.erresse-shop.it\/#website\"},\"primaryImageOfPage\":{\"@id\":\"https:\/\/dev6.erresse-shop.it\/fr\/shop\/petits-electromenagers\/machines-cafe\/manuels\/smeg-machine-a-cafe-expresso-manuelle-blanc\/#primaryimage\"},\"image\":{\"@id\":\"https:\/\/dev6.erresse-shop.it\/fr\/shop\/petits-electromenagers\/machines-cafe\/manuels\/smeg-machine-a-cafe-expresso-manuelle-blanc\/#primaryimage\"},\"thumbnailUrl\":\"https:\/\/i1.wp.com\/interpim.erresse-shop.it\/wp-content\/uploads\/2023\/07\/SMEG-Macchina-da-Caffe\u0300-Espresso-Manuale-Bianco-1.jpg\/smeg-macchina-da-caffe-cc-80-espresso-manuale-bianco-1.jpg?ssl=1\",\"datePublished\":\"2026-04-12T07:45:44+00:00\",\"description\":\"S\u00e9rie SMEG 50s Objets de rencontre symboliques, ic\u00f4nes qui transforment l\u2019espace qu\u2019ils occupent, les nouveaux petits de la ligne Anni \u201950s, con\u00e7us en\",\"breadcrumb\":{\"@id\":\"https:\/\/dev6.erresse-shop.it\/fr\/shop\/petits-electromenagers\/machines-cafe\/manuels\/smeg-machine-a-cafe-expresso-manuelle-blanc\/#breadcrumb\"},\"inLanguage\":\"fr-FR\",\"potentialAction\":[{\"@type\":\"ReadAction\",\"target\":[\"https:\/\/dev6.erresse-shop.it\/fr\/shop\/petits-electromenagers\/machines-cafe\/manuels\/smeg-machine-a-cafe-expresso-manuelle-blanc\/\"]}]},{\"@type\":\"ImageObject\",\"inLanguage\":\"fr-FR\",\"@id\":\"https:\/\/dev6.erresse-shop.it\/fr\/shop\/petits-electromenagers\/machines-cafe\/manuels\/smeg-machine-a-cafe-expresso-manuelle-blanc\/#primaryimage\",\"url\":\"https:\/\/i1.wp.com\/interpim.erresse-shop.it\/wp-content\/uploads\/2023\/07\/SMEG-Macchina-da-Caffe\u0300-Espresso-Manuale-Bianco-1.jpg\/smeg-macchina-da-caffe-cc-80-espresso-manuale-bianco-1.jpg?ssl=1\",\"contentUrl\":\"https:\/\/i1.wp.com\/interpim.erresse-shop.it\/wp-content\/uploads\/2023\/07\/SMEG-Macchina-da-Caffe\u0300-Espresso-Manuale-Bianco-1.jpg\/smeg-macchina-da-caffe-cc-80-espresso-manuale-bianco-1.jpg?ssl=1\"},{\"@type\":\"BreadcrumbList\",\"@id\":\"https:\/\/dev6.erresse-shop.it\/fr\/shop\/petits-electromenagers\/machines-cafe\/manuels\/smeg-machine-a-cafe-expresso-manuelle-blanc\/#breadcrumb\",\"itemListElement\":[{\"@type\":\"ListItem\",\"position\":1,\"name\":\"Home\",\"item\":\"https:\/\/dev6.erresse-shop.it\/\"},{\"@type\":\"ListItem\",\"position\":2,\"name\":\"Boutique\",\"item\":\"https:\/\/dev6.erresse-shop.it\/shop\/\"},{\"@type\":\"ListItem\",\"position\":3,\"name\":\"SMEG Machine \u00e0 Caf\u00e9 Expresso Manuelle Blanc\"}]},{\"@type\":\"WebSite\",\"@id\":\"https:\/\/dev6.erresse-shop.it\/#website\",\"url\":\"https:\/\/dev6.erresse-shop.it\/\",\"name\":\"Erresse Shop\",\"description\":\"\",\"publisher\":{\"@id\":\"https:\/\/dev6.erresse-shop.it\/#organization\"},\"potentialAction\":[{\"@type\":\"SearchAction\",\"target\":{\"@type\":\"EntryPoint\",\"urlTemplate\":\"https:\/\/dev6.erresse-shop.it\/?s={search_term_string}\"},\"query-input\":{\"@type\":\"PropertyValueSpecification\",\"valueRequired\":true,\"valueName\":\"search_term_string\"}}],\"inLanguage\":\"fr-FR\"},{\"@type\":\"Organization\",\"@id\":\"https:\/\/dev6.erresse-shop.it\/#organization\",\"name\":\"Erresse Shop\",\"url\":\"https:\/\/dev6.erresse-shop.it\/\",\"logo\":{\"@type\":\"ImageObject\",\"inLanguage\":\"fr-FR\",\"@id\":\"https:\/\/dev6.erresse-shop.it\/#\/schema\/logo\/image\/\",\"url\":\"https:\/\/dev6.erresse-shop.it\/wp-content\/uploads\/2025\/01\/LOGO-ERRESSE-CLASSICO.svg\",\"contentUrl\":\"https:\/\/dev6.erresse-shop.it\/wp-content\/uploads\/2025\/01\/LOGO-ERRESSE-CLASSICO.svg\",\"caption\":\"Erresse Shop\"},\"image\":{\"@id\":\"https:\/\/dev6.erresse-shop.it\/#\/schema\/logo\/image\/\"}}]}<\/script>\n<!-- \/ Yoast SEO plugin. -->","yoast_head_json":{"title":"SMEG Machine \u00e0 Caf\u00e9 Expresso Manuelle Blanc - dev6 Erresse","description":"S\u00e9rie SMEG 50s Objets de rencontre symboliques, ic\u00f4nes qui transforment l\u2019espace qu\u2019ils occupent, les nouveaux petits de la ligne Anni \u201950s, con\u00e7us en","robots":{"index":"noindex","follow":"follow","max-snippet":"max-snippet:-1","max-image-preview":"max-image-preview:large","max-video-preview":"max-video-preview:-1"},"og_locale":"fr_FR","og_type":"article","og_title":"SMEG Machine \u00e0 Caf\u00e9 Expresso Manuelle Blanc - dev6 Erresse","og_description":"S\u00e9rie SMEG 50s Objets de rencontre symboliques, ic\u00f4nes qui transforment l\u2019espace qu\u2019ils occupent, les nouveaux petits de la ligne Anni \u201950s, con\u00e7us en","og_url":"https:\/\/dev6.erresse-shop.it\/fr\/shop\/petits-electromenagers\/machines-cafe\/manuels\/smeg-machine-a-cafe-expresso-manuelle-blanc\/","og_site_name":"dev6 Erresse","og_image":[{"url":"https:\/\/interpim.erresse-shop.it\/wp-content\/uploads\/2023\/07\/SMEG-Macchina-da-Caffe\u0300-Espresso-Manuale-Bianco-1.jpg\/smeg-macchina-da-caffe-cc-80-espresso-manuale-bianco-1.jpg","type":"","width":"","height":""},{"url":"https:\/\/interpim.erresse-shop.it\/wp-content\/uploads\/2023\/07\/SMEG-Macchina-da-Caffe\u0300-Espresso-Manuale-Bianco-1.jpg\/smeg-macchina-da-caffe-cc-80-espresso-manuale-bianco-1.jpg","width":1024,"height":1024,"type":"image\/jpeg"}],"twitter_card":"summary_large_image","twitter_image":"https:\/\/interpim.erresse-shop.it\/wp-content\/uploads\/2023\/07\/SMEG-Macchina-da-Caffe\u0300-Espresso-Manuale-Bianco-1.jpg\/smeg-macchina-da-caffe-cc-80-espresso-manuale-bianco-1.jpg","schema":{"@context":"https:\/\/schema.org","@graph":[{"@type":"WebPage","@id":"https:\/\/dev6.erresse-shop.it\/fr\/shop\/petits-electromenagers\/machines-cafe\/manuels\/smeg-machine-a-cafe-expresso-manuelle-blanc\/","url":"https:\/\/dev6.erresse-shop.it\/fr\/shop\/petits-electromenagers\/machines-cafe\/manuels\/smeg-machine-a-cafe-expresso-manuelle-blanc\/","name":"SMEG Machine \u00e0 Caf\u00e9 Expresso Manuelle Blanc - dev6 Erresse","isPartOf":{"@id":"https:\/\/dev6.erresse-shop.it\/#website"},"primaryImageOfPage":{"@id":"https:\/\/dev6.erresse-shop.it\/fr\/shop\/petits-electromenagers\/machines-cafe\/manuels\/smeg-machine-a-cafe-expresso-manuelle-blanc\/#primaryimage"},"image":{"@id":"https:\/\/dev6.erresse-shop.it\/fr\/shop\/petits-electromenagers\/machines-cafe\/manuels\/smeg-machine-a-cafe-expresso-manuelle-blanc\/#primaryimage"},"thumbnailUrl":"https:\/\/i1.wp.com\/interpim.erresse-shop.it\/wp-content\/uploads\/2023\/07\/SMEG-Macchina-da-Caffe\u0300-Espresso-Manuale-Bianco-1.jpg\/smeg-macchina-da-caffe-cc-80-espresso-manuale-bianco-1.jpg?ssl=1","datePublished":"2026-04-12T07:45:44+00:00","description":"S\u00e9rie SMEG 50s Objets de rencontre symboliques, ic\u00f4nes qui transforment l\u2019espace qu\u2019ils occupent, les nouveaux petits de la ligne Anni \u201950s, con\u00e7us en","breadcrumb":{"@id":"https:\/\/dev6.erresse-shop.it\/fr\/shop\/petits-electromenagers\/machines-cafe\/manuels\/smeg-machine-a-cafe-expresso-manuelle-blanc\/#breadcrumb"},"inLanguage":"fr-FR","potentialAction":[{"@type":"ReadAction","target":["https:\/\/dev6.erresse-shop.it\/fr\/shop\/petits-electromenagers\/machines-cafe\/manuels\/smeg-machine-a-cafe-expresso-manuelle-blanc\/"]}]},{"@type":"ImageObject","inLanguage":"fr-FR","@id":"https:\/\/dev6.erresse-shop.it\/fr\/shop\/petits-electromenagers\/machines-cafe\/manuels\/smeg-machine-a-cafe-expresso-manuelle-blanc\/#primaryimage","url":"https:\/\/i1.wp.com\/interpim.erresse-shop.it\/wp-content\/uploads\/2023\/07\/SMEG-Macchina-da-Caffe\u0300-Espresso-Manuale-Bianco-1.jpg\/smeg-macchina-da-caffe-cc-80-espresso-manuale-bianco-1.jpg?ssl=1","contentUrl":"https:\/\/i1.wp.com\/interpim.erresse-shop.it\/wp-content\/uploads\/2023\/07\/SMEG-Macchina-da-Caffe\u0300-Espresso-Manuale-Bianco-1.jpg\/smeg-macchina-da-caffe-cc-80-espresso-manuale-bianco-1.jpg?ssl=1"},{"@type":"BreadcrumbList","@id":"https:\/\/dev6.erresse-shop.it\/fr\/shop\/petits-electromenagers\/machines-cafe\/manuels\/smeg-machine-a-cafe-expresso-manuelle-blanc\/#breadcrumb","itemListElement":[{"@type":"ListItem","position":1,"name":"Home","item":"https:\/\/dev6.erresse-shop.it\/"},{"@type":"ListItem","position":2,"name":"Boutique","item":"https:\/\/dev6.erresse-shop.it\/shop\/"},{"@type":"ListItem","position":3,"name":"SMEG Machine \u00e0 Caf\u00e9 Expresso Manuelle Blanc"}]},{"@type":"WebSite","@id":"https:\/\/dev6.erresse-shop.it\/#website","url":"https:\/\/dev6.erresse-shop.it\/","name":"Erresse Shop","description":"","publisher":{"@id":"https:\/\/dev6.erresse-shop.it\/#organization"},"potentialAction":[{"@type":"SearchAction","target":{"@type":"EntryPoint","urlTemplate":"https:\/\/dev6.erresse-shop.it\/?s={search_term_string}"},"query-input":{"@type":"PropertyValueSpecification","valueRequired":true,"valueName":"search_term_string"}}],"inLanguage":"fr-FR"},{"@type":"Organization","@id":"https:\/\/dev6.erresse-shop.it\/#organization","name":"Erresse Shop","url":"https:\/\/dev6.erresse-shop.it\/","logo":{"@type":"ImageObject","inLanguage":"fr-FR","@id":"https:\/\/dev6.erresse-shop.it\/#\/schema\/logo\/image\/","url":"https:\/\/dev6.erresse-shop.it\/wp-content\/uploads\/2025\/01\/LOGO-ERRESSE-CLASSICO.svg","contentUrl":"https:\/\/dev6.erresse-shop.it\/wp-content\/uploads\/2025\/01\/LOGO-ERRESSE-CLASSICO.svg","caption":"Erresse Shop"},"image":{"@id":"https:\/\/dev6.erresse-shop.it\/#\/schema\/logo\/image\/"}}]}},"df_price":369,"df_sale_price":369,"df_regular_price":399,"df_image_link":"https:\/\/i1.wp.com\/interpim.erresse-shop.it\/wp-content\/uploads\/2023\/07\/SMEG-Macchina-da-Caffe\u0300-Espresso-Manuale-Bianco-1.jpg\/smeg-macchina-da-caffe-cc-80-espresso-manuale-bianco-1.jpg?resize=300,300&ssl=1","fifu_image_url":"https:\/\/interpim.erresse-shop.it\/wp-content\/uploads\/2023\/07\/SMEG-Macchina-da-Caffe\u0300-Espresso-Manuale-Bianco-1.jpg\/smeg-macchina-da-caffe-cc-80-espresso-manuale-bianco-1.jpg","_links":{"self":[{"href":"https:\/\/dev6.erresse-shop.it\/fr\/wp-json\/wp\/v2\/product\/61766","targetHints":{"allow":["GET"]}}],"collection":[{"href":"https:\/\/dev6.erresse-shop.it\/fr\/wp-json\/wp\/v2\/product"}],"about":[{"href":"https:\/\/dev6.erresse-shop.it\/fr\/wp-json\/wp\/v2\/types\/product"}],"wp:featuredmedia":[{"embeddable":true,"href":"https:\/\/dev6.erresse-shop.it\/fr\/wp-json\/wp\/v2\/media\/6363056"}],"wp:attachment":[{"href":"https:\/\/dev6.erresse-shop.it\/fr\/wp-json\/wp\/v2\/media?parent=61766"}],"wp:term":[{"taxonomy":"product_cat","embeddable":true,"href":"https:\/\/dev6.erresse-shop.it\/fr\/wp-json\/wp\/v2\/product_cat?post=61766"},{"taxonomy":"product_tag","embeddable":true,"href":"https:\/\/dev6.erresse-shop.it\/fr\/wp-json\/wp\/v2\/product_tag?post=61766"}],"curies":[{"name":"wp","href":"https:\/\/api.w.org\/{rel}","templated":true}]}}