{"id":61763,"date":"2026-04-10T10:24:23","date_gmt":"2026-04-10T08:24:23","guid":{"rendered":"https:\/\/dev6.erresse-shop.it\/shop\/non%20class\u00e9\/smeg-machine-a-cafe-expresso-manuelle-avec-moulin-a-cafe-blanc\/"},"modified":"2025-07-19T04:03:21","modified_gmt":"2025-07-19T02:03:21","slug":"smeg-machine-a-cafe-expresso-manuelle-avec-moulin-a-cafe-blanc","status":"publish","type":"product","link":"https:\/\/dev6.erresse-shop.it\/fr\/shop\/petits-electromenagers\/machines-cafe\/manuels\/smeg-machine-a-cafe-expresso-manuelle-avec-moulin-a-cafe-blanc\/","title":{"rendered":"SMEG Machine \u00e0 Caf\u00e9 Expresso Manuelle avec Moulin \u00e0 Caf\u00e9 Blanc"},"content":{"rendered":"<p>S\u00e9rie 50s de SMEG<\/p>\n<p>Objets de rencontre symboliques, ic\u00f4nes qui transforment l\u2019espace qu\u2019ils occupent, les nouveaux petits de la ligne Anni \u201950s, con\u00e7us en collaboration avec Matteo Bazzicalupo et Raffaella Mangiarotti de deepdesign, \u00e9voquent d\u2019autres temps et fa\u00e7onnent des lieux quotidiens, en investissant ce qui existe ou a exist\u00e9 d\u2019une nouvelle signification, comme cela se produit dans l\u2019art et la m\u00e9moire.<br \/>\nDes produits aux formes arrondies et compactes, protagonistes de la cuisine, con\u00e7us pour ceux qui souhaitent vivre l\u2019exp\u00e9rience d\u2019un chef, mais pas seulement. Pour ceux qui aiment s\u2019entourer d\u2019objets \u00e0 fort caract\u00e8re esth\u00e9tique sans perdre de vue la qualit\u00e9 des prestations.<\/p>\n<p>Machine \u00e0 expresso manuelle avec moulin \u00e0 caf\u00e9 int\u00e9gr\u00e9 : l\u2019exp\u00e9rience de la pr\u00e9paration du caf\u00e9 et du lait comme au bar.<\/p>\n<p>Moulin \u00e0 caf\u00e9 int\u00e9gr\u00e9 : le v\u00e9ritable ar\u00f4me du caf\u00e9 fra\u00eechement moulu.<br \/>\nSyst\u00e8me de chauffage avec double bloc thermique : le caf\u00e9 et la vapeur sont toujours pr\u00eats, sans temps d\u2019attente.<br \/>\nMachine \u00e0 caf\u00e9 con\u00e7ue pour la pr\u00e9paration parfaite d\u2019un v\u00e9ritable espresso italien, avec fonctions espresso simple et double.<br \/>\nPompe d\u2019une puissance de 20 bars : pour une extraction toujours correcte de l\u2019espresso<\/p>\n<p>Rituel du Barista<\/p>\n<p>Vivre l\u2019exp\u00e9rience Barista est possible avec la machine Smeg EGF03 : un concentr\u00e9 de technologies qui contribuent \u00e0 la pr\u00e9paration d\u2019un caf\u00e9 optimal.<br \/>\nPour une mouture homog\u00e8ne, le moulin \u00e0 caf\u00e9 int\u00e9gr\u00e9 est \u00e9quip\u00e9 de broyeurs coniques en acier inoxydable, qui permettent de r\u00e9gler la mouture \u00e0 un niveau tr\u00e8s fin. Gr\u00e2ce au porte-filtre de 58 mm de diam\u00e8tre et \u00e0 la buse vapeur professionnelle \u00e0 deux niveaux de vapeur, vous pouvez pr\u00e9parer du caf\u00e9 et du lait comme un vrai barista. Le manom\u00e8tre vous permet de v\u00e9rifier que l\u2019extraction s\u2019est d\u00e9roul\u00e9e de mani\u00e8re optimale en fonction des param\u00e8tres de l\u2019espresso.<\/p>\n<p>Thermoblock<\/p>\n<p>Le double syst\u00e8me de chauffage Thermoblock, l\u2019un d\u00e9di\u00e9 au circuit du caf\u00e9 et l\u2019autre au circuit du lait, garantit que la fonction vapeur est toujours pr\u00eate apr\u00e8s la pr\u00e9paration du caf\u00e9, \u00e9vitant ainsi les temps d\u2019attente pour le moussage du lait.<\/p>\n<p>R\u00e9glages<\/p>\n<p>La nouvelle machine \u00e0 espresso vous permet de personnaliser vos boissons pour satisfaire tous les go\u00fbts : le double menu vous permet de choisir entre deux options de mouture pr\u00e9r\u00e9gl\u00e9es, pour pr\u00e9parer un espresso simple ou double, et deux options d\u2019infusion, pour pr\u00e9parer une ou deux tasses de caf\u00e9.<\/p>\n<p>Le menu des r\u00e9glages vous permet de s\u00e9lectionner votre profil de pr\u00e9-infusion pr\u00e9f\u00e9r\u00e9 parmi 4 profils diff\u00e9rents (pr\u00e9-infusion courte, standard, longue, progressive) et parmi 4 niveaux de temp\u00e9rature d\u2019extraction, pour faire de l\u2019instant caf\u00e9 un v\u00e9ritable rituel.<\/p>\n<p>Accessoires professionnels<\/p>\n<p>Les accessoires fournis compl\u00e8tent l\u2019exp\u00e9rience du caf\u00e9 de connaisseur : les filtres non pressuris\u00e9s et pressuris\u00e9s, la carafe \u00e0 lait et divers accessoires pour le nettoyage et l\u2019entretien de la machine.<\/p>\n<p>ESTH\u00c9TIQUE<br \/>\nCouleur : Noir<br \/>\nFinition : Polie<br \/>\nEsth\u00e9tique : Style ann\u00e9es 50<br \/>\nMat\u00e9riau du corps : Aluminium moul\u00e9 sous pression<br \/>\nMat\u00e9riau de la base : Plastique<br \/>\nMat\u00e9riau du r\u00e9servoir : SAN<br \/>\nMat\u00e9riau du broyeur : Acier inoxydable<br \/>\nMat\u00e9riau du r\u00e9cipient \u00e0 grains : SAN<br \/>\nMat\u00e9riau du couvercle du r\u00e9cipient \u00e0 grains : SAN et TPE<br \/>\nMat\u00e9riau du chauffe-tasse : Acier inoxydable<br \/>\nMat\u00e9riau du levier vapeur\/eau chaude : Alliage de zinc<br \/>\nMat\u00e9riau de l\u2019unit\u00e9 de brassage : Acier inoxydable<br \/>\nMat\u00e9riau du porte-filtre : Acier inoxydable<br \/>\nCouleur du bras du porte-filtre : Gris<br \/>\nMat\u00e9riau du bras du porte-filtre : Plastique<br \/>\nMat\u00e9riau de la grille du porte-filtre : Acier inoxydable<br \/>\nMat\u00e9riau de la presse \u00e0 lait : acier inoxydable<br \/>\nMat\u00e9riau du pot \u00e0 lait : Acier inoxydable<br \/>\nMat\u00e9riau de la lance vapeur\/eau chaude : acier inoxydable<br \/>\nMat\u00e9riau du plateau d\u2019\u00e9gouttage : aluminium moul\u00e9 sous pression<\/p>\n<p>FONCTIONS<br \/>\nFonction caf\u00e9 simple : Oui<br \/>\nFonction double caf\u00e9 : Oui<br \/>\nLongueur de caf\u00e9 r\u00e9glable : Oui<br \/>\nR\u00e9glage de l\u2019eau programmable : doux\/moyen\/dur\/tr\u00e8s dur<br \/>\nAvertissement de d\u00e9tartrage : Oui<br \/>\nAvertissement de r\u00e9servoir d\u2019eau vide\/manquant : Oui<br \/>\nFonction de veille r\u00e9glable : Oui<br \/>\nMise en veille programmable : 10 min\/30 min\/40 min\/60 min<br \/>\nR\u00e9glage du profil de pr\u00e9infusion : Pr\u00e9infusion courte \/ standard \/ longue \/ progressive<br \/>\nIntensit\u00e9 de la vapeur : 2 niveaux<br \/>\nR\u00e9glage de la temp\u00e9rature d\u2019extraction du caf\u00e9 : basse \/ moyenne \/ optimale \/ haute<br \/>\nNiveaux de mouture : Superfine \/ Fine \/ Moyenne<br \/>\nMouture pour un seul caf\u00e9 : Oui<br \/>\nMouture pour double caf\u00e9 : Oui<br \/>\nQuantit\u00e9 de mouture r\u00e9glable : Oui<\/p>\n<p>COMMANDES<br \/>\nType de commandes : Boutons, levier<br \/>\nMat\u00e9riau des boutons : Plastique<br \/>\nCouleur des boutons : Argent<br \/>\nNombre de boutons : 4<br \/>\nMode de r\u00e9glage du broyage : Rotation du r\u00e9cipient \u00e0 grains<br \/>\nMode d\u2019activation de la vapeur : levier<br \/>\nMat\u00e9riau du porte-filtre : Plastique<\/p>\n<p>CARACT\u00c9RISTIQUES TECHNIQUES<br \/>\nSyst\u00e8me de chauffage : Double Thermoblock<br \/>\nPression de la pompe : 15 bar<br \/>\nEcoulement du caf\u00e9 : double<br \/>\nType de meule : Conique<br \/>\nMoulin sup\u00e9rieur amovible : Oui<br \/>\nCapacit\u00e9 du r\u00e9servoir d\u2019eau : 2,4 l<br \/>\nR\u00e9servoir d\u2019eau amovible : Oui<br \/>\nPlateau d\u2019\u00e9gouttage amovible : Oui<br \/>\nManom\u00e8tre : Oui<br \/>\nChauffe-tasses : passif<br \/>\nDiam\u00e8tre du porte-filtre : 58 mm<br \/>\nPression de la pompe du circuit de caf\u00e9 : 20 bar<br \/>\nBac \u00e0 grains avec syst\u00e8me Twist &amp; Lock : Oui<br \/>\nBac \u00e0 grains amovible : Oui<br \/>\nBrosse \u00e0 vapeur professionnelle : Oui<br \/>\nCapacit\u00e9 du compartiment \u00e0 grains : 250 g<br \/>\nBase antid\u00e9rapante : Oui<\/p>\n<p>CARACT\u00c9RISTIQUES \u00c9LECTRIQUES<br \/>\nTension : 220-240V<br \/>\nFr\u00e9quence : 50\/60 Hz<br \/>\nLongueur du c\u00e2ble : 1 m<\/p>\n<p>Non disponible \u00e0 la vente en dehors de l\u2019Europe<\/p>\n","protected":false},"excerpt":{"rendered":"<p>S\u00e9rie 50s de SMEG Objets de rencontre symboliques, ic\u00f4nes qui transforment l\u2019espace qu\u2019ils occupent, les nouveaux petits de la ligne Anni \u201950s, con\u00e7us en collaboration avec Matteo Bazzicalupo et Raffaella Mangiarotti de deepdesign, \u00e9voquent d\u2019autres temps et fa\u00e7onnent des lieux quotidiens, en investissant ce qui existe ou a exist\u00e9 d\u2019une nouvelle signification, comme cela se [&hellip;]<\/p>\n","protected":false},"featured_media":6321373,"template":"","meta":{"_acf_changed":false},"product_cat":[12063,12090,12055],"product_tag":[],"class_list":{"0":"post-61763","1":"product","2":"type-product","3":"status-publish","4":"has-post-thumbnail","6":"product_cat-machines-cafe","7":"product_cat-manuels","8":"product_cat-petits-electromenagers","10":"first","11":"instock","12":"sale","13":"taxable","14":"shipping-taxable","15":"purchasable","16":"product-type-simple","swatches":"rey-swatches","show_selected":"","stretch_labels":"rey-swatches--stretch-labels"},"acf":[],"yoast_head":"<!-- This site is optimized with the Yoast SEO plugin v25.4 - https:\/\/yoast.com\/wordpress\/plugins\/seo\/ -->\n<title>SMEG Machine \u00e0 Caf\u00e9 Expresso Manuelle avec Moulin \u00e0 Caf\u00e9 Blanc - dev6 Erresse<\/title>\n<meta name=\"description\" content=\"S\u00e9rie 50s de SMEG Objets de rencontre symboliques, ic\u00f4nes qui transforment l\u2019espace qu\u2019ils occupent, les nouveaux petits de la ligne Anni \u201950s, con\u00e7us en\" \/>\n<meta name=\"robots\" content=\"noindex, follow, max-snippet:-1, max-image-preview:large, max-video-preview:-1\" \/>\n<meta property=\"og:locale\" content=\"fr_FR\" \/>\n<meta property=\"og:type\" content=\"article\" \/>\n<meta property=\"og:title\" content=\"SMEG Machine \u00e0 Caf\u00e9 Expresso Manuelle avec Moulin \u00e0 Caf\u00e9 Blanc - dev6 Erresse\" \/>\n<meta property=\"og:description\" content=\"S\u00e9rie 50s de SMEG Objets de rencontre symboliques, ic\u00f4nes qui transforment l\u2019espace qu\u2019ils occupent, les nouveaux petits de la ligne Anni \u201950s, con\u00e7us en\" \/>\n<meta property=\"og:url\" content=\"https:\/\/dev6.erresse-shop.it\/fr\/shop\/petits-electromenagers\/machines-cafe\/manuels\/smeg-machine-a-cafe-expresso-manuelle-avec-moulin-a-cafe-blanc\/\" \/>\n<meta property=\"og:site_name\" content=\"dev6 Erresse\" \/>\n<meta property=\"og:image\" content=\"https:\/\/interpim.erresse-shop.it\/wp-content\/uploads\/2023\/07\/SMEG-Macchina-da-Caffe\u0300-Espresso-Manuale-Bianco.jpg\/smeg-macchina-da-caffe-cc-80-espresso-manuale-bianco.jpg\" \/><meta property=\"og:image\" content=\"https:\/\/interpim.erresse-shop.it\/wp-content\/uploads\/2023\/07\/SMEG-Macchina-da-Caffe\u0300-Espresso-Manuale-Bianco.jpg\/smeg-macchina-da-caffe-cc-80-espresso-manuale-bianco.jpg\" \/>\n\t<meta property=\"og:image:width\" content=\"1024\" \/>\n\t<meta property=\"og:image:height\" content=\"1024\" \/>\n\t<meta property=\"og:image:type\" content=\"image\/jpeg\" \/>\n<meta name=\"twitter:card\" content=\"summary_large_image\" \/>\n<meta name=\"twitter:image\" content=\"https:\/\/interpim.erresse-shop.it\/wp-content\/uploads\/2023\/07\/SMEG-Macchina-da-Caffe\u0300-Espresso-Manuale-Bianco.jpg\/smeg-macchina-da-caffe-cc-80-espresso-manuale-bianco.jpg\" \/>\n<script type=\"application\/ld+json\" class=\"yoast-schema-graph\">{\"@context\":\"https:\/\/schema.org\",\"@graph\":[{\"@type\":\"WebPage\",\"@id\":\"https:\/\/dev6.erresse-shop.it\/fr\/shop\/petits-electromenagers\/machines-cafe\/manuels\/smeg-machine-a-cafe-expresso-manuelle-avec-moulin-a-cafe-blanc\/\",\"url\":\"https:\/\/dev6.erresse-shop.it\/fr\/shop\/petits-electromenagers\/machines-cafe\/manuels\/smeg-machine-a-cafe-expresso-manuelle-avec-moulin-a-cafe-blanc\/\",\"name\":\"SMEG Machine \u00e0 Caf\u00e9 Expresso Manuelle avec Moulin \u00e0 Caf\u00e9 Blanc - dev6 Erresse\",\"isPartOf\":{\"@id\":\"https:\/\/dev6.erresse-shop.it\/#website\"},\"primaryImageOfPage\":{\"@id\":\"https:\/\/dev6.erresse-shop.it\/fr\/shop\/petits-electromenagers\/machines-cafe\/manuels\/smeg-machine-a-cafe-expresso-manuelle-avec-moulin-a-cafe-blanc\/#primaryimage\"},\"image\":{\"@id\":\"https:\/\/dev6.erresse-shop.it\/fr\/shop\/petits-electromenagers\/machines-cafe\/manuels\/smeg-machine-a-cafe-expresso-manuelle-avec-moulin-a-cafe-blanc\/#primaryimage\"},\"thumbnailUrl\":\"https:\/\/i0.wp.com\/interpim.erresse-shop.it\/wp-content\/uploads\/2023\/07\/SMEG-Macchina-da-Caffe\u0300-Espresso-Manuale-Bianco.jpg\/smeg-macchina-da-caffe-cc-80-espresso-manuale-bianco.jpg?ssl=1\",\"datePublished\":\"2026-04-10T08:24:23+00:00\",\"description\":\"S\u00e9rie 50s de SMEG Objets de rencontre symboliques, ic\u00f4nes qui transforment l\u2019espace qu\u2019ils occupent, les nouveaux petits de la ligne Anni \u201950s, con\u00e7us en\",\"breadcrumb\":{\"@id\":\"https:\/\/dev6.erresse-shop.it\/fr\/shop\/petits-electromenagers\/machines-cafe\/manuels\/smeg-machine-a-cafe-expresso-manuelle-avec-moulin-a-cafe-blanc\/#breadcrumb\"},\"inLanguage\":\"fr-FR\",\"potentialAction\":[{\"@type\":\"ReadAction\",\"target\":[\"https:\/\/dev6.erresse-shop.it\/fr\/shop\/petits-electromenagers\/machines-cafe\/manuels\/smeg-machine-a-cafe-expresso-manuelle-avec-moulin-a-cafe-blanc\/\"]}]},{\"@type\":\"ImageObject\",\"inLanguage\":\"fr-FR\",\"@id\":\"https:\/\/dev6.erresse-shop.it\/fr\/shop\/petits-electromenagers\/machines-cafe\/manuels\/smeg-machine-a-cafe-expresso-manuelle-avec-moulin-a-cafe-blanc\/#primaryimage\",\"url\":\"https:\/\/i0.wp.com\/interpim.erresse-shop.it\/wp-content\/uploads\/2023\/07\/SMEG-Macchina-da-Caffe\u0300-Espresso-Manuale-Bianco.jpg\/smeg-macchina-da-caffe-cc-80-espresso-manuale-bianco.jpg?ssl=1\",\"contentUrl\":\"https:\/\/i0.wp.com\/interpim.erresse-shop.it\/wp-content\/uploads\/2023\/07\/SMEG-Macchina-da-Caffe\u0300-Espresso-Manuale-Bianco.jpg\/smeg-macchina-da-caffe-cc-80-espresso-manuale-bianco.jpg?ssl=1\"},{\"@type\":\"BreadcrumbList\",\"@id\":\"https:\/\/dev6.erresse-shop.it\/fr\/shop\/petits-electromenagers\/machines-cafe\/manuels\/smeg-machine-a-cafe-expresso-manuelle-avec-moulin-a-cafe-blanc\/#breadcrumb\",\"itemListElement\":[{\"@type\":\"ListItem\",\"position\":1,\"name\":\"Home\",\"item\":\"https:\/\/dev6.erresse-shop.it\/\"},{\"@type\":\"ListItem\",\"position\":2,\"name\":\"Boutique\",\"item\":\"https:\/\/dev6.erresse-shop.it\/shop\/\"},{\"@type\":\"ListItem\",\"position\":3,\"name\":\"SMEG Machine \u00e0 Caf\u00e9 Expresso Manuelle avec Moulin \u00e0 Caf\u00e9 Blanc\"}]},{\"@type\":\"WebSite\",\"@id\":\"https:\/\/dev6.erresse-shop.it\/#website\",\"url\":\"https:\/\/dev6.erresse-shop.it\/\",\"name\":\"Erresse Shop\",\"description\":\"\",\"publisher\":{\"@id\":\"https:\/\/dev6.erresse-shop.it\/#organization\"},\"potentialAction\":[{\"@type\":\"SearchAction\",\"target\":{\"@type\":\"EntryPoint\",\"urlTemplate\":\"https:\/\/dev6.erresse-shop.it\/?s={search_term_string}\"},\"query-input\":{\"@type\":\"PropertyValueSpecification\",\"valueRequired\":true,\"valueName\":\"search_term_string\"}}],\"inLanguage\":\"fr-FR\"},{\"@type\":\"Organization\",\"@id\":\"https:\/\/dev6.erresse-shop.it\/#organization\",\"name\":\"Erresse Shop\",\"url\":\"https:\/\/dev6.erresse-shop.it\/\",\"logo\":{\"@type\":\"ImageObject\",\"inLanguage\":\"fr-FR\",\"@id\":\"https:\/\/dev6.erresse-shop.it\/#\/schema\/logo\/image\/\",\"url\":\"https:\/\/dev6.erresse-shop.it\/wp-content\/uploads\/2025\/01\/LOGO-ERRESSE-CLASSICO.svg\",\"contentUrl\":\"https:\/\/dev6.erresse-shop.it\/wp-content\/uploads\/2025\/01\/LOGO-ERRESSE-CLASSICO.svg\",\"caption\":\"Erresse Shop\"},\"image\":{\"@id\":\"https:\/\/dev6.erresse-shop.it\/#\/schema\/logo\/image\/\"}}]}<\/script>\n<!-- \/ Yoast SEO plugin. -->","yoast_head_json":{"title":"SMEG Machine \u00e0 Caf\u00e9 Expresso Manuelle avec Moulin \u00e0 Caf\u00e9 Blanc - dev6 Erresse","description":"S\u00e9rie 50s de SMEG Objets de rencontre symboliques, ic\u00f4nes qui transforment l\u2019espace qu\u2019ils occupent, les nouveaux petits de la ligne Anni \u201950s, con\u00e7us en","robots":{"index":"noindex","follow":"follow","max-snippet":"max-snippet:-1","max-image-preview":"max-image-preview:large","max-video-preview":"max-video-preview:-1"},"og_locale":"fr_FR","og_type":"article","og_title":"SMEG Machine \u00e0 Caf\u00e9 Expresso Manuelle avec Moulin \u00e0 Caf\u00e9 Blanc - dev6 Erresse","og_description":"S\u00e9rie 50s de SMEG Objets de rencontre symboliques, ic\u00f4nes qui transforment l\u2019espace qu\u2019ils occupent, les nouveaux petits de la ligne Anni \u201950s, con\u00e7us en","og_url":"https:\/\/dev6.erresse-shop.it\/fr\/shop\/petits-electromenagers\/machines-cafe\/manuels\/smeg-machine-a-cafe-expresso-manuelle-avec-moulin-a-cafe-blanc\/","og_site_name":"dev6 Erresse","og_image":[{"url":"https:\/\/interpim.erresse-shop.it\/wp-content\/uploads\/2023\/07\/SMEG-Macchina-da-Caffe\u0300-Espresso-Manuale-Bianco.jpg\/smeg-macchina-da-caffe-cc-80-espresso-manuale-bianco.jpg","type":"","width":"","height":""},{"url":"https:\/\/interpim.erresse-shop.it\/wp-content\/uploads\/2023\/07\/SMEG-Macchina-da-Caffe\u0300-Espresso-Manuale-Bianco.jpg\/smeg-macchina-da-caffe-cc-80-espresso-manuale-bianco.jpg","width":1024,"height":1024,"type":"image\/jpeg"}],"twitter_card":"summary_large_image","twitter_image":"https:\/\/interpim.erresse-shop.it\/wp-content\/uploads\/2023\/07\/SMEG-Macchina-da-Caffe\u0300-Espresso-Manuale-Bianco.jpg\/smeg-macchina-da-caffe-cc-80-espresso-manuale-bianco.jpg","schema":{"@context":"https:\/\/schema.org","@graph":[{"@type":"WebPage","@id":"https:\/\/dev6.erresse-shop.it\/fr\/shop\/petits-electromenagers\/machines-cafe\/manuels\/smeg-machine-a-cafe-expresso-manuelle-avec-moulin-a-cafe-blanc\/","url":"https:\/\/dev6.erresse-shop.it\/fr\/shop\/petits-electromenagers\/machines-cafe\/manuels\/smeg-machine-a-cafe-expresso-manuelle-avec-moulin-a-cafe-blanc\/","name":"SMEG Machine \u00e0 Caf\u00e9 Expresso Manuelle avec Moulin \u00e0 Caf\u00e9 Blanc - dev6 Erresse","isPartOf":{"@id":"https:\/\/dev6.erresse-shop.it\/#website"},"primaryImageOfPage":{"@id":"https:\/\/dev6.erresse-shop.it\/fr\/shop\/petits-electromenagers\/machines-cafe\/manuels\/smeg-machine-a-cafe-expresso-manuelle-avec-moulin-a-cafe-blanc\/#primaryimage"},"image":{"@id":"https:\/\/dev6.erresse-shop.it\/fr\/shop\/petits-electromenagers\/machines-cafe\/manuels\/smeg-machine-a-cafe-expresso-manuelle-avec-moulin-a-cafe-blanc\/#primaryimage"},"thumbnailUrl":"https:\/\/i0.wp.com\/interpim.erresse-shop.it\/wp-content\/uploads\/2023\/07\/SMEG-Macchina-da-Caffe\u0300-Espresso-Manuale-Bianco.jpg\/smeg-macchina-da-caffe-cc-80-espresso-manuale-bianco.jpg?ssl=1","datePublished":"2026-04-10T08:24:23+00:00","description":"S\u00e9rie 50s de SMEG Objets de rencontre symboliques, ic\u00f4nes qui transforment l\u2019espace qu\u2019ils occupent, les nouveaux petits de la ligne Anni \u201950s, con\u00e7us en","breadcrumb":{"@id":"https:\/\/dev6.erresse-shop.it\/fr\/shop\/petits-electromenagers\/machines-cafe\/manuels\/smeg-machine-a-cafe-expresso-manuelle-avec-moulin-a-cafe-blanc\/#breadcrumb"},"inLanguage":"fr-FR","potentialAction":[{"@type":"ReadAction","target":["https:\/\/dev6.erresse-shop.it\/fr\/shop\/petits-electromenagers\/machines-cafe\/manuels\/smeg-machine-a-cafe-expresso-manuelle-avec-moulin-a-cafe-blanc\/"]}]},{"@type":"ImageObject","inLanguage":"fr-FR","@id":"https:\/\/dev6.erresse-shop.it\/fr\/shop\/petits-electromenagers\/machines-cafe\/manuels\/smeg-machine-a-cafe-expresso-manuelle-avec-moulin-a-cafe-blanc\/#primaryimage","url":"https:\/\/i0.wp.com\/interpim.erresse-shop.it\/wp-content\/uploads\/2023\/07\/SMEG-Macchina-da-Caffe\u0300-Espresso-Manuale-Bianco.jpg\/smeg-macchina-da-caffe-cc-80-espresso-manuale-bianco.jpg?ssl=1","contentUrl":"https:\/\/i0.wp.com\/interpim.erresse-shop.it\/wp-content\/uploads\/2023\/07\/SMEG-Macchina-da-Caffe\u0300-Espresso-Manuale-Bianco.jpg\/smeg-macchina-da-caffe-cc-80-espresso-manuale-bianco.jpg?ssl=1"},{"@type":"BreadcrumbList","@id":"https:\/\/dev6.erresse-shop.it\/fr\/shop\/petits-electromenagers\/machines-cafe\/manuels\/smeg-machine-a-cafe-expresso-manuelle-avec-moulin-a-cafe-blanc\/#breadcrumb","itemListElement":[{"@type":"ListItem","position":1,"name":"Home","item":"https:\/\/dev6.erresse-shop.it\/"},{"@type":"ListItem","position":2,"name":"Boutique","item":"https:\/\/dev6.erresse-shop.it\/shop\/"},{"@type":"ListItem","position":3,"name":"SMEG Machine \u00e0 Caf\u00e9 Expresso Manuelle avec Moulin \u00e0 Caf\u00e9 Blanc"}]},{"@type":"WebSite","@id":"https:\/\/dev6.erresse-shop.it\/#website","url":"https:\/\/dev6.erresse-shop.it\/","name":"Erresse Shop","description":"","publisher":{"@id":"https:\/\/dev6.erresse-shop.it\/#organization"},"potentialAction":[{"@type":"SearchAction","target":{"@type":"EntryPoint","urlTemplate":"https:\/\/dev6.erresse-shop.it\/?s={search_term_string}"},"query-input":{"@type":"PropertyValueSpecification","valueRequired":true,"valueName":"search_term_string"}}],"inLanguage":"fr-FR"},{"@type":"Organization","@id":"https:\/\/dev6.erresse-shop.it\/#organization","name":"Erresse Shop","url":"https:\/\/dev6.erresse-shop.it\/","logo":{"@type":"ImageObject","inLanguage":"fr-FR","@id":"https:\/\/dev6.erresse-shop.it\/#\/schema\/logo\/image\/","url":"https:\/\/dev6.erresse-shop.it\/wp-content\/uploads\/2025\/01\/LOGO-ERRESSE-CLASSICO.svg","contentUrl":"https:\/\/dev6.erresse-shop.it\/wp-content\/uploads\/2025\/01\/LOGO-ERRESSE-CLASSICO.svg","caption":"Erresse Shop"},"image":{"@id":"https:\/\/dev6.erresse-shop.it\/#\/schema\/logo\/image\/"}}]}},"df_price":769,"df_sale_price":769,"df_regular_price":869,"df_image_link":"https:\/\/i0.wp.com\/interpim.erresse-shop.it\/wp-content\/uploads\/2023\/07\/SMEG-Macchina-da-Caffe\u0300-Espresso-Manuale-Bianco.jpg\/smeg-macchina-da-caffe-cc-80-espresso-manuale-bianco.jpg?resize=300,300&ssl=1","fifu_image_url":"https:\/\/interpim.erresse-shop.it\/wp-content\/uploads\/2023\/07\/SMEG-Macchina-da-Caffe\u0300-Espresso-Manuale-Bianco.jpg\/smeg-macchina-da-caffe-cc-80-espresso-manuale-bianco.jpg","_links":{"self":[{"href":"https:\/\/dev6.erresse-shop.it\/fr\/wp-json\/wp\/v2\/product\/61763","targetHints":{"allow":["GET"]}}],"collection":[{"href":"https:\/\/dev6.erresse-shop.it\/fr\/wp-json\/wp\/v2\/product"}],"about":[{"href":"https:\/\/dev6.erresse-shop.it\/fr\/wp-json\/wp\/v2\/types\/product"}],"wp:featuredmedia":[{"embeddable":true,"href":"https:\/\/dev6.erresse-shop.it\/fr\/wp-json\/wp\/v2\/media\/6321373"}],"wp:attachment":[{"href":"https:\/\/dev6.erresse-shop.it\/fr\/wp-json\/wp\/v2\/media?parent=61763"}],"wp:term":[{"taxonomy":"product_cat","embeddable":true,"href":"https:\/\/dev6.erresse-shop.it\/fr\/wp-json\/wp\/v2\/product_cat?post=61763"},{"taxonomy":"product_tag","embeddable":true,"href":"https:\/\/dev6.erresse-shop.it\/fr\/wp-json\/wp\/v2\/product_tag?post=61763"}],"curies":[{"name":"wp","href":"https:\/\/api.w.org\/{rel}","templated":true}]}}