{"id":61758,"date":"2026-04-10T10:24:23","date_gmt":"2026-04-10T08:24:23","guid":{"rendered":"https:\/\/dev6.erresse-shop.it\/shop\/non%20class\u00e9\/sage-nespresso-the-vertuo-creatista\/"},"modified":"2025-11-22T18:00:28","modified_gmt":"2025-11-22T17:00:28","slug":"sage-nespresso-the-vertuo-creatista","status":"publish","type":"product","link":"https:\/\/dev6.erresse-shop.it\/fr\/shop\/petits-electromenagers\/machines-cafe\/a-dosettes-et-a-capsules\/sage-nespresso-the-vertuo-creatista\/","title":{"rendered":"SAGE Nespresso The Vertuo Creatista"},"content":{"rendered":"<p>Devenez un expert dans la cr\u00e9ation de boissons \u00e0 base de lait avec le th\u00e9 Vertuo Creatista.<\/p>\n<p>Avec une large gamme d\u2019options de caf\u00e9, vous pouvez vous laisser tenter par un caf\u00e9 noir ou cr\u00e9er vos propres recettes avec du lait. Savourez vos recettes pr\u00e9f\u00e9r\u00e9es, des flat whites aux cappuccinos. Gr\u00e2ce \u00e0 la buse vapeur int\u00e9gr\u00e9e, vous pouvez obtenir une mousse de lait cr\u00e9meuse, personnaliser vos recettes ou r\u00e9aliser de fantastiques cr\u00e9ations d\u2019art latt\u00e9. Choisissez parmi trois temp\u00e9ratures et consistances de lait diff\u00e9rentes, pour un r\u00e9sultat qui correspond toujours \u00e0 votre go\u00fbt. Le tout dans un design haut de gamme en acier inoxydable. Votre caf\u00e9 pr\u00e9f\u00e9r\u00e9, pr\u00e9par\u00e9 \u00e0 la maison.<\/p>\n<p>Technologie d\u2019extraction intelligente<\/p>\n<p>D\u2019une simple pression, le syst\u00e8me peut pr\u00e9parer des caf\u00e9s parfaits dans diff\u00e9rents formats : Espresso, Double Espresso, Gran Lungo, Mug ou Carafe. Chaque capsule poss\u00e8de un code unique qui, une fois lu par la machine, ajuste les param\u00e8tres d\u2019extraction pour garantir un caf\u00e9 parfait \u00e0 chaque fois. En deux touches, vous pouvez obtenir un temps d\u2019extraction plus court, id\u00e9al pour les pr\u00e9parations de caf\u00e9 au lait.<\/p>\n<p>Des recettes au lait \u00e0 l\u2019infini<\/p>\n<p>Cr\u00e9ez facilement de fantastiques flat whites, cappuccinos, lattes, latte macchiatos ou toute autre recette \u00e0 base de lait.<\/p>\n<p>Moussage automatique du lait avec Auto MilQ\u2122<\/p>\n<p>Une exp\u00e9rience am\u00e9lior\u00e9e qui vous permet de cr\u00e9er des latte art \u00e0 la maison. Avec 3 r\u00e9glages de temp\u00e9rature et 3 niveaux de consistance du lait, la Vertuo Creatista fait mousser le lait avec une consistance parfaite, comme au caf\u00e9. La buse vapeur se nettoie automatiquement apr\u00e8s utilisation.<\/p>\n<p>Construction en acier inoxydable de haute qualit\u00e9<\/p>\n<p>La construction en acier inoxydable bross\u00e9 et poli permet \u00e0 la Vertuo Creatista de s\u2019int\u00e9grer parfaitement dans n\u2019importe quelle cuisine. Son design offre un porte-gobelet qui s\u2019int\u00e8gre au plateau d\u2019\u00e9gouttage lorsqu\u2019il n\u2019est pas utilis\u00e9. Gr\u00e2ce au plateau amovible, vous pouvez \u00e9galement distribuer le caf\u00e9 directement dans votre tasse de voyage ou votre carafe pr\u00e9f\u00e9r\u00e9e.<\/p>\n<p>Dessin dans la carafe et la tasse de voyage<\/p>\n<p>La Vertuo Creatista est con\u00e7ue pour vous permettre de pr\u00e9parer du caf\u00e9 directement dans votre carafe ou votre tasse de voyage Nespresso pr\u00e9f\u00e9r\u00e9e.<\/p>\n<p>Connectivit\u00e9 de la machine<\/p>\n<p>Une fonction qui vous permet de toujours b\u00e9n\u00e9ficier de la meilleure et de la plus r\u00e9cente exp\u00e9rience Nespresso. Profitez des derni\u00e8res nouveaut\u00e9s en mati\u00e8re de caf\u00e9, commandez des capsules, obtenez des conseils en temps r\u00e9el sur l\u2019utilisation de votre machine et recevez des alertes et des conseils sur son entretien.<\/p>\n<p>Caract\u00e9ristiques techniques :<\/p>\n<p>R\u00e9servoir d\u2019eau de 2 litres<br \/>\nR\u00e9servoir \u00e0 lait en acier inoxydable, accessoire de nettoyage de la buse vapeur<br \/>\n3 r\u00e9glages pour la temp\u00e9rature du lait et 3 pour le moussage<br \/>\n1300 \u2013 1500 W<br \/>\n220-240 V \/ 50-60 Hz<\/p>\n<p>Ne peut \u00eatre vendu en dehors de l\u2019Europe<\/p>\n","protected":false},"excerpt":{"rendered":"<p>Devenez un expert dans la cr\u00e9ation de boissons \u00e0 base de lait avec le th\u00e9 Vertuo Creatista. Avec une large gamme d\u2019options de caf\u00e9, vous pouvez vous laisser tenter par un caf\u00e9 noir ou cr\u00e9er vos propres recettes avec du lait. Savourez vos recettes pr\u00e9f\u00e9r\u00e9es, des flat whites aux cappuccinos. Gr\u00e2ce \u00e0 la buse vapeur [&hellip;]<\/p>\n","protected":false},"featured_media":6321302,"template":"","meta":{"_acf_changed":false},"product_cat":[12081,12063,12055],"product_tag":[],"class_list":{"0":"post-61758","1":"product","2":"type-product","3":"status-publish","4":"has-post-thumbnail","6":"product_cat-a-dosettes-et-a-capsules","7":"product_cat-machines-cafe","8":"product_cat-petits-electromenagers","10":"first","11":"instock","12":"sale","13":"taxable","14":"shipping-taxable","15":"purchasable","16":"product-type-simple","swatches":"rey-swatches","show_selected":"","stretch_labels":"rey-swatches--stretch-labels"},"acf":[],"yoast_head":"<!-- This site is optimized with the Yoast SEO plugin v25.4 - https:\/\/yoast.com\/wordpress\/plugins\/seo\/ -->\n<title>SAGE Nespresso The Vertuo Creatista - dev6 Erresse<\/title>\n<meta name=\"description\" content=\"Devenez un expert dans la cr\u00e9ation de boissons \u00e0 base de lait avec le th\u00e9 Vertuo Creatista. Avec une large gamme d\u2019options de caf\u00e9, vous pouvez vous\" \/>\n<meta name=\"robots\" content=\"noindex, follow, max-snippet:-1, max-image-preview:large, max-video-preview:-1\" \/>\n<meta property=\"og:locale\" content=\"fr_FR\" \/>\n<meta property=\"og:type\" content=\"article\" \/>\n<meta property=\"og:title\" content=\"SAGE Nespresso The Vertuo Creatista - dev6 Erresse\" \/>\n<meta property=\"og:description\" content=\"Devenez un expert dans la cr\u00e9ation de boissons \u00e0 base de lait avec le th\u00e9 Vertuo Creatista. Avec une large gamme d\u2019options de caf\u00e9, vous pouvez vous\" \/>\n<meta property=\"og:url\" content=\"https:\/\/dev6.erresse-shop.it\/fr\/shop\/petits-electromenagers\/machines-cafe\/a-dosettes-et-a-capsules\/sage-nespresso-the-vertuo-creatista\/\" \/>\n<meta property=\"og:site_name\" content=\"dev6 Erresse\" \/>\n<meta property=\"og:image\" content=\"https:\/\/interpim.erresse-shop.it\/img-catalogo\/sage\/sage-nespresso-the-vertuo-creatista.jpg\" \/><meta property=\"og:image\" content=\"https:\/\/interpim.erresse-shop.it\/img-catalogo\/sage\/sage-nespresso-the-vertuo-creatista.jpg\" \/>\n\t<meta property=\"og:image:width\" content=\"1024\" \/>\n\t<meta property=\"og:image:height\" content=\"1024\" \/>\n\t<meta property=\"og:image:type\" content=\"image\/jpeg\" \/>\n<meta name=\"twitter:card\" content=\"summary_large_image\" \/>\n<meta name=\"twitter:image\" content=\"https:\/\/interpim.erresse-shop.it\/img-catalogo\/sage\/sage-nespresso-the-vertuo-creatista.jpg\" \/>\n<script type=\"application\/ld+json\" class=\"yoast-schema-graph\">{\"@context\":\"https:\/\/schema.org\",\"@graph\":[{\"@type\":\"WebPage\",\"@id\":\"https:\/\/dev6.erresse-shop.it\/fr\/shop\/petits-electromenagers\/machines-cafe\/a-dosettes-et-a-capsules\/sage-nespresso-the-vertuo-creatista\/\",\"url\":\"https:\/\/dev6.erresse-shop.it\/fr\/shop\/petits-electromenagers\/machines-cafe\/a-dosettes-et-a-capsules\/sage-nespresso-the-vertuo-creatista\/\",\"name\":\"SAGE Nespresso The Vertuo Creatista - dev6 Erresse\",\"isPartOf\":{\"@id\":\"https:\/\/dev6.erresse-shop.it\/#website\"},\"primaryImageOfPage\":{\"@id\":\"https:\/\/dev6.erresse-shop.it\/fr\/shop\/petits-electromenagers\/machines-cafe\/a-dosettes-et-a-capsules\/sage-nespresso-the-vertuo-creatista\/#primaryimage\"},\"image\":{\"@id\":\"https:\/\/dev6.erresse-shop.it\/fr\/shop\/petits-electromenagers\/machines-cafe\/a-dosettes-et-a-capsules\/sage-nespresso-the-vertuo-creatista\/#primaryimage\"},\"thumbnailUrl\":\"https:\/\/i0.wp.com\/interpim.erresse-shop.it\/img-catalogo\/sage\/sage-nespresso-the-vertuo-creatista.jpg?ssl=1\",\"datePublished\":\"2026-04-10T08:24:23+00:00\",\"description\":\"Devenez un expert dans la cr\u00e9ation de boissons \u00e0 base de lait avec le th\u00e9 Vertuo Creatista. Avec une large gamme d\u2019options de caf\u00e9, vous pouvez vous\",\"breadcrumb\":{\"@id\":\"https:\/\/dev6.erresse-shop.it\/fr\/shop\/petits-electromenagers\/machines-cafe\/a-dosettes-et-a-capsules\/sage-nespresso-the-vertuo-creatista\/#breadcrumb\"},\"inLanguage\":\"fr-FR\",\"potentialAction\":[{\"@type\":\"ReadAction\",\"target\":[\"https:\/\/dev6.erresse-shop.it\/fr\/shop\/petits-electromenagers\/machines-cafe\/a-dosettes-et-a-capsules\/sage-nespresso-the-vertuo-creatista\/\"]}]},{\"@type\":\"ImageObject\",\"inLanguage\":\"fr-FR\",\"@id\":\"https:\/\/dev6.erresse-shop.it\/fr\/shop\/petits-electromenagers\/machines-cafe\/a-dosettes-et-a-capsules\/sage-nespresso-the-vertuo-creatista\/#primaryimage\",\"url\":\"https:\/\/i0.wp.com\/interpim.erresse-shop.it\/img-catalogo\/sage\/sage-nespresso-the-vertuo-creatista.jpg?ssl=1\",\"contentUrl\":\"https:\/\/i0.wp.com\/interpim.erresse-shop.it\/img-catalogo\/sage\/sage-nespresso-the-vertuo-creatista.jpg?ssl=1\"},{\"@type\":\"BreadcrumbList\",\"@id\":\"https:\/\/dev6.erresse-shop.it\/fr\/shop\/petits-electromenagers\/machines-cafe\/a-dosettes-et-a-capsules\/sage-nespresso-the-vertuo-creatista\/#breadcrumb\",\"itemListElement\":[{\"@type\":\"ListItem\",\"position\":1,\"name\":\"Home\",\"item\":\"https:\/\/dev6.erresse-shop.it\/\"},{\"@type\":\"ListItem\",\"position\":2,\"name\":\"Boutique\",\"item\":\"https:\/\/dev6.erresse-shop.it\/shop\/\"},{\"@type\":\"ListItem\",\"position\":3,\"name\":\"SAGE Nespresso The Vertuo Creatista\"}]},{\"@type\":\"WebSite\",\"@id\":\"https:\/\/dev6.erresse-shop.it\/#website\",\"url\":\"https:\/\/dev6.erresse-shop.it\/\",\"name\":\"Erresse Shop\",\"description\":\"\",\"publisher\":{\"@id\":\"https:\/\/dev6.erresse-shop.it\/#organization\"},\"potentialAction\":[{\"@type\":\"SearchAction\",\"target\":{\"@type\":\"EntryPoint\",\"urlTemplate\":\"https:\/\/dev6.erresse-shop.it\/?s={search_term_string}\"},\"query-input\":{\"@type\":\"PropertyValueSpecification\",\"valueRequired\":true,\"valueName\":\"search_term_string\"}}],\"inLanguage\":\"fr-FR\"},{\"@type\":\"Organization\",\"@id\":\"https:\/\/dev6.erresse-shop.it\/#organization\",\"name\":\"Erresse Shop\",\"url\":\"https:\/\/dev6.erresse-shop.it\/\",\"logo\":{\"@type\":\"ImageObject\",\"inLanguage\":\"fr-FR\",\"@id\":\"https:\/\/dev6.erresse-shop.it\/#\/schema\/logo\/image\/\",\"url\":\"https:\/\/dev6.erresse-shop.it\/wp-content\/uploads\/2025\/01\/LOGO-ERRESSE-CLASSICO.svg\",\"contentUrl\":\"https:\/\/dev6.erresse-shop.it\/wp-content\/uploads\/2025\/01\/LOGO-ERRESSE-CLASSICO.svg\",\"caption\":\"Erresse Shop\"},\"image\":{\"@id\":\"https:\/\/dev6.erresse-shop.it\/#\/schema\/logo\/image\/\"}}]}<\/script>\n<!-- \/ Yoast SEO plugin. -->","yoast_head_json":{"title":"SAGE Nespresso The Vertuo Creatista - dev6 Erresse","description":"Devenez un expert dans la cr\u00e9ation de boissons \u00e0 base de lait avec le th\u00e9 Vertuo Creatista. Avec une large gamme d\u2019options de caf\u00e9, vous pouvez vous","robots":{"index":"noindex","follow":"follow","max-snippet":"max-snippet:-1","max-image-preview":"max-image-preview:large","max-video-preview":"max-video-preview:-1"},"og_locale":"fr_FR","og_type":"article","og_title":"SAGE Nespresso The Vertuo Creatista - dev6 Erresse","og_description":"Devenez un expert dans la cr\u00e9ation de boissons \u00e0 base de lait avec le th\u00e9 Vertuo Creatista. Avec une large gamme d\u2019options de caf\u00e9, vous pouvez vous","og_url":"https:\/\/dev6.erresse-shop.it\/fr\/shop\/petits-electromenagers\/machines-cafe\/a-dosettes-et-a-capsules\/sage-nespresso-the-vertuo-creatista\/","og_site_name":"dev6 Erresse","og_image":[{"url":"https:\/\/interpim.erresse-shop.it\/img-catalogo\/sage\/sage-nespresso-the-vertuo-creatista.jpg","type":"","width":"","height":""},{"url":"https:\/\/interpim.erresse-shop.it\/img-catalogo\/sage\/sage-nespresso-the-vertuo-creatista.jpg","width":1024,"height":1024,"type":"image\/jpeg"}],"twitter_card":"summary_large_image","twitter_image":"https:\/\/interpim.erresse-shop.it\/img-catalogo\/sage\/sage-nespresso-the-vertuo-creatista.jpg","schema":{"@context":"https:\/\/schema.org","@graph":[{"@type":"WebPage","@id":"https:\/\/dev6.erresse-shop.it\/fr\/shop\/petits-electromenagers\/machines-cafe\/a-dosettes-et-a-capsules\/sage-nespresso-the-vertuo-creatista\/","url":"https:\/\/dev6.erresse-shop.it\/fr\/shop\/petits-electromenagers\/machines-cafe\/a-dosettes-et-a-capsules\/sage-nespresso-the-vertuo-creatista\/","name":"SAGE Nespresso The Vertuo Creatista - dev6 Erresse","isPartOf":{"@id":"https:\/\/dev6.erresse-shop.it\/#website"},"primaryImageOfPage":{"@id":"https:\/\/dev6.erresse-shop.it\/fr\/shop\/petits-electromenagers\/machines-cafe\/a-dosettes-et-a-capsules\/sage-nespresso-the-vertuo-creatista\/#primaryimage"},"image":{"@id":"https:\/\/dev6.erresse-shop.it\/fr\/shop\/petits-electromenagers\/machines-cafe\/a-dosettes-et-a-capsules\/sage-nespresso-the-vertuo-creatista\/#primaryimage"},"thumbnailUrl":"https:\/\/i0.wp.com\/interpim.erresse-shop.it\/img-catalogo\/sage\/sage-nespresso-the-vertuo-creatista.jpg?ssl=1","datePublished":"2026-04-10T08:24:23+00:00","description":"Devenez un expert dans la cr\u00e9ation de boissons \u00e0 base de lait avec le th\u00e9 Vertuo Creatista. Avec une large gamme d\u2019options de caf\u00e9, vous pouvez vous","breadcrumb":{"@id":"https:\/\/dev6.erresse-shop.it\/fr\/shop\/petits-electromenagers\/machines-cafe\/a-dosettes-et-a-capsules\/sage-nespresso-the-vertuo-creatista\/#breadcrumb"},"inLanguage":"fr-FR","potentialAction":[{"@type":"ReadAction","target":["https:\/\/dev6.erresse-shop.it\/fr\/shop\/petits-electromenagers\/machines-cafe\/a-dosettes-et-a-capsules\/sage-nespresso-the-vertuo-creatista\/"]}]},{"@type":"ImageObject","inLanguage":"fr-FR","@id":"https:\/\/dev6.erresse-shop.it\/fr\/shop\/petits-electromenagers\/machines-cafe\/a-dosettes-et-a-capsules\/sage-nespresso-the-vertuo-creatista\/#primaryimage","url":"https:\/\/i0.wp.com\/interpim.erresse-shop.it\/img-catalogo\/sage\/sage-nespresso-the-vertuo-creatista.jpg?ssl=1","contentUrl":"https:\/\/i0.wp.com\/interpim.erresse-shop.it\/img-catalogo\/sage\/sage-nespresso-the-vertuo-creatista.jpg?ssl=1"},{"@type":"BreadcrumbList","@id":"https:\/\/dev6.erresse-shop.it\/fr\/shop\/petits-electromenagers\/machines-cafe\/a-dosettes-et-a-capsules\/sage-nespresso-the-vertuo-creatista\/#breadcrumb","itemListElement":[{"@type":"ListItem","position":1,"name":"Home","item":"https:\/\/dev6.erresse-shop.it\/"},{"@type":"ListItem","position":2,"name":"Boutique","item":"https:\/\/dev6.erresse-shop.it\/shop\/"},{"@type":"ListItem","position":3,"name":"SAGE Nespresso The Vertuo Creatista"}]},{"@type":"WebSite","@id":"https:\/\/dev6.erresse-shop.it\/#website","url":"https:\/\/dev6.erresse-shop.it\/","name":"Erresse Shop","description":"","publisher":{"@id":"https:\/\/dev6.erresse-shop.it\/#organization"},"potentialAction":[{"@type":"SearchAction","target":{"@type":"EntryPoint","urlTemplate":"https:\/\/dev6.erresse-shop.it\/?s={search_term_string}"},"query-input":{"@type":"PropertyValueSpecification","valueRequired":true,"valueName":"search_term_string"}}],"inLanguage":"fr-FR"},{"@type":"Organization","@id":"https:\/\/dev6.erresse-shop.it\/#organization","name":"Erresse Shop","url":"https:\/\/dev6.erresse-shop.it\/","logo":{"@type":"ImageObject","inLanguage":"fr-FR","@id":"https:\/\/dev6.erresse-shop.it\/#\/schema\/logo\/image\/","url":"https:\/\/dev6.erresse-shop.it\/wp-content\/uploads\/2025\/01\/LOGO-ERRESSE-CLASSICO.svg","contentUrl":"https:\/\/dev6.erresse-shop.it\/wp-content\/uploads\/2025\/01\/LOGO-ERRESSE-CLASSICO.svg","caption":"Erresse Shop"},"image":{"@id":"https:\/\/dev6.erresse-shop.it\/#\/schema\/logo\/image\/"}}]}},"df_price":589.95,"df_sale_price":589.95,"df_regular_price":699.9,"df_image_link":"https:\/\/i0.wp.com\/interpim.erresse-shop.it\/img-catalogo\/sage\/sage-nespresso-the-vertuo-creatista.jpg?resize=300,300&ssl=1","fifu_image_url":"https:\/\/interpim.erresse-shop.it\/img-catalogo\/sage\/sage-nespresso-the-vertuo-creatista.jpg","_links":{"self":[{"href":"https:\/\/dev6.erresse-shop.it\/fr\/wp-json\/wp\/v2\/product\/61758","targetHints":{"allow":["GET"]}}],"collection":[{"href":"https:\/\/dev6.erresse-shop.it\/fr\/wp-json\/wp\/v2\/product"}],"about":[{"href":"https:\/\/dev6.erresse-shop.it\/fr\/wp-json\/wp\/v2\/types\/product"}],"wp:featuredmedia":[{"embeddable":true,"href":"https:\/\/dev6.erresse-shop.it\/fr\/wp-json\/wp\/v2\/media\/6321302"}],"wp:attachment":[{"href":"https:\/\/dev6.erresse-shop.it\/fr\/wp-json\/wp\/v2\/media?parent=61758"}],"wp:term":[{"taxonomy":"product_cat","embeddable":true,"href":"https:\/\/dev6.erresse-shop.it\/fr\/wp-json\/wp\/v2\/product_cat?post=61758"},{"taxonomy":"product_tag","embeddable":true,"href":"https:\/\/dev6.erresse-shop.it\/fr\/wp-json\/wp\/v2\/product_tag?post=61758"}],"curies":[{"name":"wp","href":"https:\/\/api.w.org\/{rel}","templated":true}]}}