{"id":61739,"date":"2026-04-12T09:45:44","date_gmt":"2026-04-12T07:45:44","guid":{"rendered":"https:\/\/dev6.erresse-shop.it\/shop\/non%20class\u00e9\/kitchenaid-melangeur-planetaire-mini-33-l-rouge-imperial\/"},"modified":"2025-09-14T04:55:34","modified_gmt":"2025-09-14T02:55:34","slug":"kitchenaid-melangeur-planetaire-mini-33-l-rouge-imperial","status":"publish","type":"product","link":"https:\/\/dev6.erresse-shop.it\/fr\/shop\/petits-electromenagers\/petrins\/kitchenaid-melangeur-planetaire-mini-33-l-rouge-imperial\/","title":{"rendered":"KITCHENAID M\u00e9langeur Plan\u00e9taire Mini 3,3 L Rouge Imp\u00e9rial"},"content":{"rendered":"<p>Mini plan\u00e9taire pour de d\u00e9licieux plats faits maison<\/p>\n<p>Le KitchenAid 3,3 L est peut-\u00eatre petit, mais il est le fruit de 100 ans d\u2019exp\u00e9rience. Il poss\u00e8de le m\u00eame design arrondi embl\u00e9matique, la m\u00eame durabilit\u00e9 et la m\u00eame polyvalence qui ont fait de KitchenAid la marque de plan\u00e9taires num\u00e9ro 1 au monde. Que vous pr\u00e9pariez des biscuits, de la pur\u00e9e de pommes de terre, du pain de viande ou du pain, il ne vous laissera jamais tomber.<\/p>\n<p>Ce mini-batteur plan\u00e9taire est peut-\u00eatre la solution id\u00e9ale. Version magnifique du mod\u00e8le d\u2019une capacit\u00e9 de 4,8 litres, il est tout aussi polyvalent et durable, mais 25 % plus l\u00e9ger et 20 % plus petit. Fouetter, battre, m\u00e9langer, hacher, p\u00e9trir ou r\u00e9duire en pur\u00e9e : le KitchenAid de 3,3 L fait tout cela et bien plus encore.<\/p>\n<p>Mouvement plan\u00e9taire et vitesse de pr\u00e9cision<\/p>\n<p>Le batteur plan\u00e9taire KitchenAid a \u00e9t\u00e9 le premier robot culinaire dot\u00e9 d\u2019un \u201cmouvement plan\u00e9taire\u201d. De quoi s\u2019agit-il ? Cela signifie que l\u2019arbre du fouet tourne dans un sens et les accessoires dans l\u2019autre, atteignant au moins 69 points de contact dans le bol. Le nombre \u00e9lev\u00e9 de points de contact signifie que le mouvement de chevauchement de l\u2019arbre du fouet pousse les ingr\u00e9dients vers le centre, sans en laisser de c\u00f4t\u00e9.<\/p>\n<p>Ce mini-batteur plan\u00e9taire KitchenAid dispose de 10 vitesses pour vous donner la pr\u00e9cision dont vous avez besoin pour le travail \u00e0 accomplir. Il suffit de d\u00e9placer le levier de r\u00e9glage de la vitesse et de laisser le batteur plan\u00e9taire s\u2019occuper de tout. Qu\u2019il s\u2019agisse de m\u00e9langer des pr\u00e9parations pour cr\u00eapes, de p\u00e9trir du pain, de fouetter de la cr\u00e8me ou de d\u00e9chiqueter du poulet. S\u00e9lectionnez la vitesse 1 pour m\u00e9langer en douceur, les vitesses jusqu\u2019\u00e0 6 pour battre et m\u00e9langer, et la vitesse 10 pour fouetter rapidement.<\/p>\n<p>Quelles sont les portions prises en charge ?<\/p>\n<p>Le batteur plan\u00e9taire KitchenAid 3,3 L est id\u00e9al pour les petites et moyennes quantit\u00e9s. Gr\u00e2ce \u00e0 son robuste bol en acier inoxydable, vous pouvez pr\u00e9parer jusqu\u2019\u00e0 60 biscuits. Il y en a pour tout le monde !<\/p>\n<p>Appr\u00e9ciez la l\u00e9g\u00e8ret\u00e9 de la vie<\/p>\n<p>Plus compact et plus l\u00e9ger que les autres mod\u00e8les, le mini-batteur plan\u00e9taire KitchenAid prend moins de place sur le plan de travail et est plus facile \u00e0 transporter et \u00e0 ranger.<br \/>\nLa conception de la t\u00eate inclinable de ce batteur plan\u00e9taire le rend encore plus facile \u00e0 installer. Il suffit de verrouiller le bol en place, d\u2019ins\u00e9rer le fouet de votre choix et d\u2019abaisser la t\u00eate. Faites ensuite glisser le levier de vitesse pour d\u00e9marrer.<br \/>\nLe nettoyage est \u00e9galement simple. Lorsque vous avez termin\u00e9, vous pouvez mettre le bol, le fouet plat et le crochet p\u00e9trisseur dans le lave-vaisselle et laver le fouet \u00e0 l\u2019eau chaude savonneuse. Rien de plus simple.<\/p>\n<p>Caract\u00e9ristiques techniques :<\/p>\n<p>Tension : 220-240 V<br \/>\nPuissance : 250 W<br \/>\nFr\u00e9quence : 50\/60 Hz<br \/>\nLongueur du c\u00e2ble : 120 cm<\/p>\n<p>Design avec t\u00eate inclinable<br \/>\nMouvement plan\u00e9taire et 10 vitesses<br \/>\n3 accessoires de m\u00e9lange<br \/>\nCorps robuste en m\u00e9tal moul\u00e9 sous pression<br \/>\nGarantie de 5 ans<\/p>\n","protected":false},"excerpt":{"rendered":"<p>Mini plan\u00e9taire pour de d\u00e9licieux plats faits maison Le KitchenAid 3,3 L est peut-\u00eatre petit, mais il est le fruit de 100 ans d\u2019exp\u00e9rience. Il poss\u00e8de le m\u00eame design arrondi embl\u00e9matique, la m\u00eame durabilit\u00e9 et la m\u00eame polyvalence qui ont fait de KitchenAid la marque de plan\u00e9taires num\u00e9ro 1 au monde. Que vous pr\u00e9pariez des [&hellip;]<\/p>\n","protected":false},"featured_media":6362876,"template":"","meta":{"_acf_changed":false},"product_cat":[12055,12088],"product_tag":[],"class_list":{"0":"post-61739","1":"product","2":"type-product","3":"status-publish","4":"has-post-thumbnail","6":"product_cat-petits-electromenagers","7":"product_cat-petrins","9":"first","10":"instock","11":"sale","12":"taxable","13":"shipping-taxable","14":"purchasable","15":"product-type-simple","swatches":"rey-swatches","show_selected":"","stretch_labels":"rey-swatches--stretch-labels"},"acf":[],"yoast_head":"<!-- This site is optimized with the Yoast SEO plugin v25.4 - https:\/\/yoast.com\/wordpress\/plugins\/seo\/ -->\n<title>KITCHENAID M\u00e9langeur Plan\u00e9taire Mini 3,3 L Rouge Imp\u00e9rial - dev6 Erresse<\/title>\n<meta name=\"description\" content=\"Mini plan\u00e9taire pour de d\u00e9licieux plats faits maison Le KitchenAid 3,3 L est peut-\u00eatre petit, mais il est le fruit de 100 ans d\u2019exp\u00e9rience. Il poss\u00e8de le\" \/>\n<meta name=\"robots\" content=\"noindex, follow, max-snippet:-1, max-image-preview:large, max-video-preview:-1\" \/>\n<meta property=\"og:locale\" content=\"fr_FR\" \/>\n<meta property=\"og:type\" content=\"article\" \/>\n<meta property=\"og:title\" content=\"KITCHENAID M\u00e9langeur Plan\u00e9taire Mini 3,3 L Rouge Imp\u00e9rial - dev6 Erresse\" \/>\n<meta property=\"og:description\" content=\"Mini plan\u00e9taire pour de d\u00e9licieux plats faits maison Le KitchenAid 3,3 L est peut-\u00eatre petit, mais il est le fruit de 100 ans d\u2019exp\u00e9rience. Il poss\u00e8de le\" \/>\n<meta property=\"og:url\" content=\"https:\/\/dev6.erresse-shop.it\/fr\/shop\/petits-electromenagers\/petrins\/kitchenaid-melangeur-planetaire-mini-33-l-rouge-imperial\/\" \/>\n<meta property=\"og:site_name\" content=\"dev6 Erresse\" \/>\n<meta property=\"og:image\" content=\"https:\/\/interpim.erresse-shop.it\/Import\/Prodotti\/kitchenaid-planetaria-mini-33-l-rosso-imperiale.jpg\" \/><meta property=\"og:image\" content=\"https:\/\/interpim.erresse-shop.it\/Import\/Prodotti\/kitchenaid-planetaria-mini-33-l-rosso-imperiale.jpg\" \/>\n\t<meta property=\"og:image:width\" content=\"1024\" \/>\n\t<meta property=\"og:image:height\" content=\"1024\" \/>\n\t<meta property=\"og:image:type\" content=\"image\/jpeg\" \/>\n<meta name=\"twitter:card\" content=\"summary_large_image\" \/>\n<meta name=\"twitter:image\" content=\"https:\/\/interpim.erresse-shop.it\/Import\/Prodotti\/kitchenaid-planetaria-mini-33-l-rosso-imperiale.jpg\" \/>\n<script type=\"application\/ld+json\" class=\"yoast-schema-graph\">{\"@context\":\"https:\/\/schema.org\",\"@graph\":[{\"@type\":\"WebPage\",\"@id\":\"https:\/\/dev6.erresse-shop.it\/fr\/shop\/petits-electromenagers\/petrins\/kitchenaid-melangeur-planetaire-mini-33-l-rouge-imperial\/\",\"url\":\"https:\/\/dev6.erresse-shop.it\/fr\/shop\/petits-electromenagers\/petrins\/kitchenaid-melangeur-planetaire-mini-33-l-rouge-imperial\/\",\"name\":\"KITCHENAID M\u00e9langeur Plan\u00e9taire Mini 3,3 L Rouge Imp\u00e9rial - dev6 Erresse\",\"isPartOf\":{\"@id\":\"https:\/\/dev6.erresse-shop.it\/#website\"},\"primaryImageOfPage\":{\"@id\":\"https:\/\/dev6.erresse-shop.it\/fr\/shop\/petits-electromenagers\/petrins\/kitchenaid-melangeur-planetaire-mini-33-l-rouge-imperial\/#primaryimage\"},\"image\":{\"@id\":\"https:\/\/dev6.erresse-shop.it\/fr\/shop\/petits-electromenagers\/petrins\/kitchenaid-melangeur-planetaire-mini-33-l-rouge-imperial\/#primaryimage\"},\"thumbnailUrl\":\"https:\/\/i0.wp.com\/interpim.erresse-shop.it\/Import\/Prodotti\/kitchenaid-planetaria-mini-33-l-rosso-imperiale.jpg?ssl=1\",\"datePublished\":\"2026-04-12T07:45:44+00:00\",\"description\":\"Mini plan\u00e9taire pour de d\u00e9licieux plats faits maison Le KitchenAid 3,3 L est peut-\u00eatre petit, mais il est le fruit de 100 ans d\u2019exp\u00e9rience. Il poss\u00e8de le\",\"breadcrumb\":{\"@id\":\"https:\/\/dev6.erresse-shop.it\/fr\/shop\/petits-electromenagers\/petrins\/kitchenaid-melangeur-planetaire-mini-33-l-rouge-imperial\/#breadcrumb\"},\"inLanguage\":\"fr-FR\",\"potentialAction\":[{\"@type\":\"ReadAction\",\"target\":[\"https:\/\/dev6.erresse-shop.it\/fr\/shop\/petits-electromenagers\/petrins\/kitchenaid-melangeur-planetaire-mini-33-l-rouge-imperial\/\"]}]},{\"@type\":\"ImageObject\",\"inLanguage\":\"fr-FR\",\"@id\":\"https:\/\/dev6.erresse-shop.it\/fr\/shop\/petits-electromenagers\/petrins\/kitchenaid-melangeur-planetaire-mini-33-l-rouge-imperial\/#primaryimage\",\"url\":\"https:\/\/i0.wp.com\/interpim.erresse-shop.it\/Import\/Prodotti\/kitchenaid-planetaria-mini-33-l-rosso-imperiale.jpg?ssl=1\",\"contentUrl\":\"https:\/\/i0.wp.com\/interpim.erresse-shop.it\/Import\/Prodotti\/kitchenaid-planetaria-mini-33-l-rosso-imperiale.jpg?ssl=1\"},{\"@type\":\"BreadcrumbList\",\"@id\":\"https:\/\/dev6.erresse-shop.it\/fr\/shop\/petits-electromenagers\/petrins\/kitchenaid-melangeur-planetaire-mini-33-l-rouge-imperial\/#breadcrumb\",\"itemListElement\":[{\"@type\":\"ListItem\",\"position\":1,\"name\":\"Home\",\"item\":\"https:\/\/dev6.erresse-shop.it\/\"},{\"@type\":\"ListItem\",\"position\":2,\"name\":\"Boutique\",\"item\":\"https:\/\/dev6.erresse-shop.it\/shop\/\"},{\"@type\":\"ListItem\",\"position\":3,\"name\":\"KITCHENAID M\u00e9langeur Plan\u00e9taire Mini 3,3 L Rouge Imp\u00e9rial\"}]},{\"@type\":\"WebSite\",\"@id\":\"https:\/\/dev6.erresse-shop.it\/#website\",\"url\":\"https:\/\/dev6.erresse-shop.it\/\",\"name\":\"Erresse Shop\",\"description\":\"\",\"publisher\":{\"@id\":\"https:\/\/dev6.erresse-shop.it\/#organization\"},\"potentialAction\":[{\"@type\":\"SearchAction\",\"target\":{\"@type\":\"EntryPoint\",\"urlTemplate\":\"https:\/\/dev6.erresse-shop.it\/?s={search_term_string}\"},\"query-input\":{\"@type\":\"PropertyValueSpecification\",\"valueRequired\":true,\"valueName\":\"search_term_string\"}}],\"inLanguage\":\"fr-FR\"},{\"@type\":\"Organization\",\"@id\":\"https:\/\/dev6.erresse-shop.it\/#organization\",\"name\":\"Erresse Shop\",\"url\":\"https:\/\/dev6.erresse-shop.it\/\",\"logo\":{\"@type\":\"ImageObject\",\"inLanguage\":\"fr-FR\",\"@id\":\"https:\/\/dev6.erresse-shop.it\/#\/schema\/logo\/image\/\",\"url\":\"https:\/\/dev6.erresse-shop.it\/wp-content\/uploads\/2025\/01\/LOGO-ERRESSE-CLASSICO.svg\",\"contentUrl\":\"https:\/\/dev6.erresse-shop.it\/wp-content\/uploads\/2025\/01\/LOGO-ERRESSE-CLASSICO.svg\",\"caption\":\"Erresse Shop\"},\"image\":{\"@id\":\"https:\/\/dev6.erresse-shop.it\/#\/schema\/logo\/image\/\"}}]}<\/script>\n<!-- \/ Yoast SEO plugin. -->","yoast_head_json":{"title":"KITCHENAID M\u00e9langeur Plan\u00e9taire Mini 3,3 L Rouge Imp\u00e9rial - dev6 Erresse","description":"Mini plan\u00e9taire pour de d\u00e9licieux plats faits maison Le KitchenAid 3,3 L est peut-\u00eatre petit, mais il est le fruit de 100 ans d\u2019exp\u00e9rience. Il poss\u00e8de le","robots":{"index":"noindex","follow":"follow","max-snippet":"max-snippet:-1","max-image-preview":"max-image-preview:large","max-video-preview":"max-video-preview:-1"},"og_locale":"fr_FR","og_type":"article","og_title":"KITCHENAID M\u00e9langeur Plan\u00e9taire Mini 3,3 L Rouge Imp\u00e9rial - dev6 Erresse","og_description":"Mini plan\u00e9taire pour de d\u00e9licieux plats faits maison Le KitchenAid 3,3 L est peut-\u00eatre petit, mais il est le fruit de 100 ans d\u2019exp\u00e9rience. Il poss\u00e8de le","og_url":"https:\/\/dev6.erresse-shop.it\/fr\/shop\/petits-electromenagers\/petrins\/kitchenaid-melangeur-planetaire-mini-33-l-rouge-imperial\/","og_site_name":"dev6 Erresse","og_image":[{"url":"https:\/\/interpim.erresse-shop.it\/Import\/Prodotti\/kitchenaid-planetaria-mini-33-l-rosso-imperiale.jpg","type":"","width":"","height":""},{"url":"https:\/\/interpim.erresse-shop.it\/Import\/Prodotti\/kitchenaid-planetaria-mini-33-l-rosso-imperiale.jpg","width":1024,"height":1024,"type":"image\/jpeg"}],"twitter_card":"summary_large_image","twitter_image":"https:\/\/interpim.erresse-shop.it\/Import\/Prodotti\/kitchenaid-planetaria-mini-33-l-rosso-imperiale.jpg","schema":{"@context":"https:\/\/schema.org","@graph":[{"@type":"WebPage","@id":"https:\/\/dev6.erresse-shop.it\/fr\/shop\/petits-electromenagers\/petrins\/kitchenaid-melangeur-planetaire-mini-33-l-rouge-imperial\/","url":"https:\/\/dev6.erresse-shop.it\/fr\/shop\/petits-electromenagers\/petrins\/kitchenaid-melangeur-planetaire-mini-33-l-rouge-imperial\/","name":"KITCHENAID M\u00e9langeur Plan\u00e9taire Mini 3,3 L Rouge Imp\u00e9rial - dev6 Erresse","isPartOf":{"@id":"https:\/\/dev6.erresse-shop.it\/#website"},"primaryImageOfPage":{"@id":"https:\/\/dev6.erresse-shop.it\/fr\/shop\/petits-electromenagers\/petrins\/kitchenaid-melangeur-planetaire-mini-33-l-rouge-imperial\/#primaryimage"},"image":{"@id":"https:\/\/dev6.erresse-shop.it\/fr\/shop\/petits-electromenagers\/petrins\/kitchenaid-melangeur-planetaire-mini-33-l-rouge-imperial\/#primaryimage"},"thumbnailUrl":"https:\/\/i0.wp.com\/interpim.erresse-shop.it\/Import\/Prodotti\/kitchenaid-planetaria-mini-33-l-rosso-imperiale.jpg?ssl=1","datePublished":"2026-04-12T07:45:44+00:00","description":"Mini plan\u00e9taire pour de d\u00e9licieux plats faits maison Le KitchenAid 3,3 L est peut-\u00eatre petit, mais il est le fruit de 100 ans d\u2019exp\u00e9rience. Il poss\u00e8de le","breadcrumb":{"@id":"https:\/\/dev6.erresse-shop.it\/fr\/shop\/petits-electromenagers\/petrins\/kitchenaid-melangeur-planetaire-mini-33-l-rouge-imperial\/#breadcrumb"},"inLanguage":"fr-FR","potentialAction":[{"@type":"ReadAction","target":["https:\/\/dev6.erresse-shop.it\/fr\/shop\/petits-electromenagers\/petrins\/kitchenaid-melangeur-planetaire-mini-33-l-rouge-imperial\/"]}]},{"@type":"ImageObject","inLanguage":"fr-FR","@id":"https:\/\/dev6.erresse-shop.it\/fr\/shop\/petits-electromenagers\/petrins\/kitchenaid-melangeur-planetaire-mini-33-l-rouge-imperial\/#primaryimage","url":"https:\/\/i0.wp.com\/interpim.erresse-shop.it\/Import\/Prodotti\/kitchenaid-planetaria-mini-33-l-rosso-imperiale.jpg?ssl=1","contentUrl":"https:\/\/i0.wp.com\/interpim.erresse-shop.it\/Import\/Prodotti\/kitchenaid-planetaria-mini-33-l-rosso-imperiale.jpg?ssl=1"},{"@type":"BreadcrumbList","@id":"https:\/\/dev6.erresse-shop.it\/fr\/shop\/petits-electromenagers\/petrins\/kitchenaid-melangeur-planetaire-mini-33-l-rouge-imperial\/#breadcrumb","itemListElement":[{"@type":"ListItem","position":1,"name":"Home","item":"https:\/\/dev6.erresse-shop.it\/"},{"@type":"ListItem","position":2,"name":"Boutique","item":"https:\/\/dev6.erresse-shop.it\/shop\/"},{"@type":"ListItem","position":3,"name":"KITCHENAID M\u00e9langeur Plan\u00e9taire Mini 3,3 L Rouge Imp\u00e9rial"}]},{"@type":"WebSite","@id":"https:\/\/dev6.erresse-shop.it\/#website","url":"https:\/\/dev6.erresse-shop.it\/","name":"Erresse Shop","description":"","publisher":{"@id":"https:\/\/dev6.erresse-shop.it\/#organization"},"potentialAction":[{"@type":"SearchAction","target":{"@type":"EntryPoint","urlTemplate":"https:\/\/dev6.erresse-shop.it\/?s={search_term_string}"},"query-input":{"@type":"PropertyValueSpecification","valueRequired":true,"valueName":"search_term_string"}}],"inLanguage":"fr-FR"},{"@type":"Organization","@id":"https:\/\/dev6.erresse-shop.it\/#organization","name":"Erresse Shop","url":"https:\/\/dev6.erresse-shop.it\/","logo":{"@type":"ImageObject","inLanguage":"fr-FR","@id":"https:\/\/dev6.erresse-shop.it\/#\/schema\/logo\/image\/","url":"https:\/\/dev6.erresse-shop.it\/wp-content\/uploads\/2025\/01\/LOGO-ERRESSE-CLASSICO.svg","contentUrl":"https:\/\/dev6.erresse-shop.it\/wp-content\/uploads\/2025\/01\/LOGO-ERRESSE-CLASSICO.svg","caption":"Erresse Shop"},"image":{"@id":"https:\/\/dev6.erresse-shop.it\/#\/schema\/logo\/image\/"}}]}},"df_price":449.95,"df_sale_price":449.95,"df_regular_price":599.9,"df_image_link":"https:\/\/i0.wp.com\/interpim.erresse-shop.it\/Import\/Prodotti\/kitchenaid-planetaria-mini-33-l-rosso-imperiale.jpg?resize=300,300&ssl=1","fifu_image_url":"https:\/\/interpim.erresse-shop.it\/Import\/Prodotti\/kitchenaid-planetaria-mini-33-l-rosso-imperiale.jpg","_links":{"self":[{"href":"https:\/\/dev6.erresse-shop.it\/fr\/wp-json\/wp\/v2\/product\/61739","targetHints":{"allow":["GET"]}}],"collection":[{"href":"https:\/\/dev6.erresse-shop.it\/fr\/wp-json\/wp\/v2\/product"}],"about":[{"href":"https:\/\/dev6.erresse-shop.it\/fr\/wp-json\/wp\/v2\/types\/product"}],"wp:featuredmedia":[{"embeddable":true,"href":"https:\/\/dev6.erresse-shop.it\/fr\/wp-json\/wp\/v2\/media\/6362876"}],"wp:attachment":[{"href":"https:\/\/dev6.erresse-shop.it\/fr\/wp-json\/wp\/v2\/media?parent=61739"}],"wp:term":[{"taxonomy":"product_cat","embeddable":true,"href":"https:\/\/dev6.erresse-shop.it\/fr\/wp-json\/wp\/v2\/product_cat?post=61739"},{"taxonomy":"product_tag","embeddable":true,"href":"https:\/\/dev6.erresse-shop.it\/fr\/wp-json\/wp\/v2\/product_tag?post=61739"}],"curies":[{"name":"wp","href":"https:\/\/api.w.org\/{rel}","templated":true}]}}