{"id":61725,"date":"2026-04-12T09:45:44","date_gmt":"2026-04-12T07:45:44","guid":{"rendered":"https:\/\/dev6.erresse-shop.it\/shop\/non%20class\u00e9\/zafferano-bilia-junior-6-verres-blanc\/"},"modified":"2025-07-04T17:04:19","modified_gmt":"2025-07-04T15:04:19","slug":"zafferano-bilia-junior-6-verres-blanc","status":"publish","type":"product","link":"https:\/\/dev6.erresse-shop.it\/fr\/shop\/table-fr-2\/verres\/zafferano-bilia-junior-6-verres-blanc\/","title":{"rendered":"ZAFFERANO Bilia Junior 6 Verres Blanc"},"content":{"rendered":"<p>Le souvenir de journ\u00e9es pass\u00e9es \u00e0 la plage, pench\u00e9s sur le rivage \u00e0 jouer, occup\u00e9s \u00e0 \u201cgarder la trace\u201d des boules de verre color\u00e9es, souvent gliss\u00e9es sous l\u2019eau, puis retrouv\u00e9es comme des pierres pr\u00e9cieuses.<\/p>\n<p>Fabriqu\u00e9es \u00e0 la main en verre borosilicat\u00e9, r\u00e9sistant aux chocs thermiques.<br \/>\nDesign Federico de Majo.<br \/>\nDimensions : Hauteur : 52 mm \u2013 Diam\u00e8tre : 60 mm<\/p>\n","protected":false},"excerpt":{"rendered":"<p>Le souvenir de journ\u00e9es pass\u00e9es \u00e0 la plage, pench\u00e9s sur le rivage \u00e0 jouer, occup\u00e9s \u00e0 \u201cgarder la trace\u201d des boules de verre color\u00e9es, souvent gliss\u00e9es sous l\u2019eau, puis retrouv\u00e9es comme des pierres pr\u00e9cieuses. Fabriqu\u00e9es \u00e0 la main en verre borosilicat\u00e9, r\u00e9sistant aux chocs thermiques. Design Federico de Majo. Dimensions : Hauteur : 52 mm [&hellip;]<\/p>\n","protected":false},"featured_media":6362799,"template":"","meta":{"_acf_changed":false},"product_cat":[11995,11671,12009],"product_tag":[],"class_list":{"0":"post-61725","1":"product","2":"type-product","3":"status-publish","4":"has-post-thumbnail","6":"product_cat-table-fr-2","7":"product_cat-tavola","8":"product_cat-verres","10":"first","11":"instock","12":"sale","13":"taxable","14":"shipping-taxable","15":"purchasable","16":"product-type-simple","swatches":"rey-swatches","show_selected":"","stretch_labels":"rey-swatches--stretch-labels"},"acf":[],"yoast_head":"<!-- This site is optimized with the Yoast SEO plugin v25.4 - https:\/\/yoast.com\/wordpress\/plugins\/seo\/ -->\n<title>ZAFFERANO Bilia Junior 6 Verres Blanc - dev6 Erresse<\/title>\n<meta name=\"description\" content=\"Le souvenir de journ\u00e9es pass\u00e9es \u00e0 la plage, pench\u00e9s sur le rivage \u00e0 jouer, occup\u00e9s \u00e0 \u201cgarder la trace\u201d des boules de verre color\u00e9es, souvent gliss\u00e9es sous\" \/>\n<meta name=\"robots\" content=\"noindex, follow, max-snippet:-1, max-image-preview:large, max-video-preview:-1\" \/>\n<meta property=\"og:locale\" content=\"fr_FR\" \/>\n<meta property=\"og:type\" content=\"article\" \/>\n<meta property=\"og:title\" content=\"ZAFFERANO Bilia Junior 6 Verres Blanc - dev6 Erresse\" \/>\n<meta property=\"og:description\" content=\"Le souvenir de journ\u00e9es pass\u00e9es \u00e0 la plage, pench\u00e9s sur le rivage \u00e0 jouer, occup\u00e9s \u00e0 \u201cgarder la trace\u201d des boules de verre color\u00e9es, souvent gliss\u00e9es sous\" \/>\n<meta property=\"og:url\" content=\"https:\/\/dev6.erresse-shop.it\/fr\/shop\/table-fr-2\/verres\/zafferano-bilia-junior-6-verres-blanc\/\" \/>\n<meta property=\"og:site_name\" content=\"dev6 Erresse\" \/>\n<meta property=\"og:image\" content=\"https:\/\/interpim.erresse-shop.it\/img-catalogo\/zafferano\/zafferano-bilia-junior-6-bicchieri-bianco-2-1.jpg\" \/><meta property=\"og:image\" content=\"https:\/\/interpim.erresse-shop.it\/img-catalogo\/zafferano\/zafferano-bilia-junior-6-bicchieri-bianco-2-1.jpg\" \/>\n\t<meta property=\"og:image:width\" content=\"1024\" \/>\n\t<meta property=\"og:image:height\" content=\"1024\" \/>\n\t<meta property=\"og:image:type\" content=\"image\/jpeg\" \/>\n<meta name=\"twitter:card\" content=\"summary_large_image\" \/>\n<meta name=\"twitter:image\" content=\"https:\/\/interpim.erresse-shop.it\/img-catalogo\/zafferano\/zafferano-bilia-junior-6-bicchieri-bianco-2-1.jpg\" \/>\n<script type=\"application\/ld+json\" class=\"yoast-schema-graph\">{\"@context\":\"https:\/\/schema.org\",\"@graph\":[{\"@type\":\"WebPage\",\"@id\":\"https:\/\/dev6.erresse-shop.it\/fr\/shop\/table-fr-2\/verres\/zafferano-bilia-junior-6-verres-blanc\/\",\"url\":\"https:\/\/dev6.erresse-shop.it\/fr\/shop\/table-fr-2\/verres\/zafferano-bilia-junior-6-verres-blanc\/\",\"name\":\"ZAFFERANO Bilia Junior 6 Verres Blanc - dev6 Erresse\",\"isPartOf\":{\"@id\":\"https:\/\/dev6.erresse-shop.it\/#website\"},\"primaryImageOfPage\":{\"@id\":\"https:\/\/dev6.erresse-shop.it\/fr\/shop\/table-fr-2\/verres\/zafferano-bilia-junior-6-verres-blanc\/#primaryimage\"},\"image\":{\"@id\":\"https:\/\/dev6.erresse-shop.it\/fr\/shop\/table-fr-2\/verres\/zafferano-bilia-junior-6-verres-blanc\/#primaryimage\"},\"thumbnailUrl\":\"https:\/\/i3.wp.com\/interpim.erresse-shop.it\/img-catalogo\/zafferano\/zafferano-bilia-junior-6-bicchieri-bianco-2-1.jpg?ssl=1\",\"datePublished\":\"2026-04-12T07:45:44+00:00\",\"description\":\"Le souvenir de journ\u00e9es pass\u00e9es \u00e0 la plage, pench\u00e9s sur le rivage \u00e0 jouer, occup\u00e9s \u00e0 \u201cgarder la trace\u201d des boules de verre color\u00e9es, souvent gliss\u00e9es sous\",\"breadcrumb\":{\"@id\":\"https:\/\/dev6.erresse-shop.it\/fr\/shop\/table-fr-2\/verres\/zafferano-bilia-junior-6-verres-blanc\/#breadcrumb\"},\"inLanguage\":\"fr-FR\",\"potentialAction\":[{\"@type\":\"ReadAction\",\"target\":[\"https:\/\/dev6.erresse-shop.it\/fr\/shop\/table-fr-2\/verres\/zafferano-bilia-junior-6-verres-blanc\/\"]}]},{\"@type\":\"ImageObject\",\"inLanguage\":\"fr-FR\",\"@id\":\"https:\/\/dev6.erresse-shop.it\/fr\/shop\/table-fr-2\/verres\/zafferano-bilia-junior-6-verres-blanc\/#primaryimage\",\"url\":\"https:\/\/i3.wp.com\/interpim.erresse-shop.it\/img-catalogo\/zafferano\/zafferano-bilia-junior-6-bicchieri-bianco-2-1.jpg?ssl=1\",\"contentUrl\":\"https:\/\/i3.wp.com\/interpim.erresse-shop.it\/img-catalogo\/zafferano\/zafferano-bilia-junior-6-bicchieri-bianco-2-1.jpg?ssl=1\"},{\"@type\":\"BreadcrumbList\",\"@id\":\"https:\/\/dev6.erresse-shop.it\/fr\/shop\/table-fr-2\/verres\/zafferano-bilia-junior-6-verres-blanc\/#breadcrumb\",\"itemListElement\":[{\"@type\":\"ListItem\",\"position\":1,\"name\":\"Home\",\"item\":\"https:\/\/dev6.erresse-shop.it\/\"},{\"@type\":\"ListItem\",\"position\":2,\"name\":\"Boutique\",\"item\":\"https:\/\/dev6.erresse-shop.it\/shop\/\"},{\"@type\":\"ListItem\",\"position\":3,\"name\":\"ZAFFERANO Bilia Junior 6 Verres Blanc\"}]},{\"@type\":\"WebSite\",\"@id\":\"https:\/\/dev6.erresse-shop.it\/#website\",\"url\":\"https:\/\/dev6.erresse-shop.it\/\",\"name\":\"Erresse Shop\",\"description\":\"\",\"publisher\":{\"@id\":\"https:\/\/dev6.erresse-shop.it\/#organization\"},\"potentialAction\":[{\"@type\":\"SearchAction\",\"target\":{\"@type\":\"EntryPoint\",\"urlTemplate\":\"https:\/\/dev6.erresse-shop.it\/?s={search_term_string}\"},\"query-input\":{\"@type\":\"PropertyValueSpecification\",\"valueRequired\":true,\"valueName\":\"search_term_string\"}}],\"inLanguage\":\"fr-FR\"},{\"@type\":\"Organization\",\"@id\":\"https:\/\/dev6.erresse-shop.it\/#organization\",\"name\":\"Erresse Shop\",\"url\":\"https:\/\/dev6.erresse-shop.it\/\",\"logo\":{\"@type\":\"ImageObject\",\"inLanguage\":\"fr-FR\",\"@id\":\"https:\/\/dev6.erresse-shop.it\/#\/schema\/logo\/image\/\",\"url\":\"https:\/\/dev6.erresse-shop.it\/wp-content\/uploads\/2025\/01\/LOGO-ERRESSE-CLASSICO.svg\",\"contentUrl\":\"https:\/\/dev6.erresse-shop.it\/wp-content\/uploads\/2025\/01\/LOGO-ERRESSE-CLASSICO.svg\",\"caption\":\"Erresse Shop\"},\"image\":{\"@id\":\"https:\/\/dev6.erresse-shop.it\/#\/schema\/logo\/image\/\"}}]}<\/script>\n<!-- \/ Yoast SEO plugin. -->","yoast_head_json":{"title":"ZAFFERANO Bilia Junior 6 Verres Blanc - dev6 Erresse","description":"Le souvenir de journ\u00e9es pass\u00e9es \u00e0 la plage, pench\u00e9s sur le rivage \u00e0 jouer, occup\u00e9s \u00e0 \u201cgarder la trace\u201d des boules de verre color\u00e9es, souvent gliss\u00e9es sous","robots":{"index":"noindex","follow":"follow","max-snippet":"max-snippet:-1","max-image-preview":"max-image-preview:large","max-video-preview":"max-video-preview:-1"},"og_locale":"fr_FR","og_type":"article","og_title":"ZAFFERANO Bilia Junior 6 Verres Blanc - dev6 Erresse","og_description":"Le souvenir de journ\u00e9es pass\u00e9es \u00e0 la plage, pench\u00e9s sur le rivage \u00e0 jouer, occup\u00e9s \u00e0 \u201cgarder la trace\u201d des boules de verre color\u00e9es, souvent gliss\u00e9es sous","og_url":"https:\/\/dev6.erresse-shop.it\/fr\/shop\/table-fr-2\/verres\/zafferano-bilia-junior-6-verres-blanc\/","og_site_name":"dev6 Erresse","og_image":[{"url":"https:\/\/interpim.erresse-shop.it\/img-catalogo\/zafferano\/zafferano-bilia-junior-6-bicchieri-bianco-2-1.jpg","type":"","width":"","height":""},{"url":"https:\/\/interpim.erresse-shop.it\/img-catalogo\/zafferano\/zafferano-bilia-junior-6-bicchieri-bianco-2-1.jpg","width":1024,"height":1024,"type":"image\/jpeg"}],"twitter_card":"summary_large_image","twitter_image":"https:\/\/interpim.erresse-shop.it\/img-catalogo\/zafferano\/zafferano-bilia-junior-6-bicchieri-bianco-2-1.jpg","schema":{"@context":"https:\/\/schema.org","@graph":[{"@type":"WebPage","@id":"https:\/\/dev6.erresse-shop.it\/fr\/shop\/table-fr-2\/verres\/zafferano-bilia-junior-6-verres-blanc\/","url":"https:\/\/dev6.erresse-shop.it\/fr\/shop\/table-fr-2\/verres\/zafferano-bilia-junior-6-verres-blanc\/","name":"ZAFFERANO Bilia Junior 6 Verres Blanc - dev6 Erresse","isPartOf":{"@id":"https:\/\/dev6.erresse-shop.it\/#website"},"primaryImageOfPage":{"@id":"https:\/\/dev6.erresse-shop.it\/fr\/shop\/table-fr-2\/verres\/zafferano-bilia-junior-6-verres-blanc\/#primaryimage"},"image":{"@id":"https:\/\/dev6.erresse-shop.it\/fr\/shop\/table-fr-2\/verres\/zafferano-bilia-junior-6-verres-blanc\/#primaryimage"},"thumbnailUrl":"https:\/\/i3.wp.com\/interpim.erresse-shop.it\/img-catalogo\/zafferano\/zafferano-bilia-junior-6-bicchieri-bianco-2-1.jpg?ssl=1","datePublished":"2026-04-12T07:45:44+00:00","description":"Le souvenir de journ\u00e9es pass\u00e9es \u00e0 la plage, pench\u00e9s sur le rivage \u00e0 jouer, occup\u00e9s \u00e0 \u201cgarder la trace\u201d des boules de verre color\u00e9es, souvent gliss\u00e9es sous","breadcrumb":{"@id":"https:\/\/dev6.erresse-shop.it\/fr\/shop\/table-fr-2\/verres\/zafferano-bilia-junior-6-verres-blanc\/#breadcrumb"},"inLanguage":"fr-FR","potentialAction":[{"@type":"ReadAction","target":["https:\/\/dev6.erresse-shop.it\/fr\/shop\/table-fr-2\/verres\/zafferano-bilia-junior-6-verres-blanc\/"]}]},{"@type":"ImageObject","inLanguage":"fr-FR","@id":"https:\/\/dev6.erresse-shop.it\/fr\/shop\/table-fr-2\/verres\/zafferano-bilia-junior-6-verres-blanc\/#primaryimage","url":"https:\/\/i3.wp.com\/interpim.erresse-shop.it\/img-catalogo\/zafferano\/zafferano-bilia-junior-6-bicchieri-bianco-2-1.jpg?ssl=1","contentUrl":"https:\/\/i3.wp.com\/interpim.erresse-shop.it\/img-catalogo\/zafferano\/zafferano-bilia-junior-6-bicchieri-bianco-2-1.jpg?ssl=1"},{"@type":"BreadcrumbList","@id":"https:\/\/dev6.erresse-shop.it\/fr\/shop\/table-fr-2\/verres\/zafferano-bilia-junior-6-verres-blanc\/#breadcrumb","itemListElement":[{"@type":"ListItem","position":1,"name":"Home","item":"https:\/\/dev6.erresse-shop.it\/"},{"@type":"ListItem","position":2,"name":"Boutique","item":"https:\/\/dev6.erresse-shop.it\/shop\/"},{"@type":"ListItem","position":3,"name":"ZAFFERANO Bilia Junior 6 Verres Blanc"}]},{"@type":"WebSite","@id":"https:\/\/dev6.erresse-shop.it\/#website","url":"https:\/\/dev6.erresse-shop.it\/","name":"Erresse Shop","description":"","publisher":{"@id":"https:\/\/dev6.erresse-shop.it\/#organization"},"potentialAction":[{"@type":"SearchAction","target":{"@type":"EntryPoint","urlTemplate":"https:\/\/dev6.erresse-shop.it\/?s={search_term_string}"},"query-input":{"@type":"PropertyValueSpecification","valueRequired":true,"valueName":"search_term_string"}}],"inLanguage":"fr-FR"},{"@type":"Organization","@id":"https:\/\/dev6.erresse-shop.it\/#organization","name":"Erresse Shop","url":"https:\/\/dev6.erresse-shop.it\/","logo":{"@type":"ImageObject","inLanguage":"fr-FR","@id":"https:\/\/dev6.erresse-shop.it\/#\/schema\/logo\/image\/","url":"https:\/\/dev6.erresse-shop.it\/wp-content\/uploads\/2025\/01\/LOGO-ERRESSE-CLASSICO.svg","contentUrl":"https:\/\/dev6.erresse-shop.it\/wp-content\/uploads\/2025\/01\/LOGO-ERRESSE-CLASSICO.svg","caption":"Erresse Shop"},"image":{"@id":"https:\/\/dev6.erresse-shop.it\/#\/schema\/logo\/image\/"}}]}},"df_price":49.7,"df_sale_price":49.7,"df_regular_price":49.78,"df_image_link":"https:\/\/i3.wp.com\/interpim.erresse-shop.it\/img-catalogo\/zafferano\/zafferano-bilia-junior-6-bicchieri-bianco-2-1.jpg?resize=300,300&ssl=1","fifu_image_url":"https:\/\/interpim.erresse-shop.it\/img-catalogo\/zafferano\/zafferano-bilia-junior-6-bicchieri-bianco-2-1.jpg","_links":{"self":[{"href":"https:\/\/dev6.erresse-shop.it\/fr\/wp-json\/wp\/v2\/product\/61725","targetHints":{"allow":["GET"]}}],"collection":[{"href":"https:\/\/dev6.erresse-shop.it\/fr\/wp-json\/wp\/v2\/product"}],"about":[{"href":"https:\/\/dev6.erresse-shop.it\/fr\/wp-json\/wp\/v2\/types\/product"}],"wp:featuredmedia":[{"embeddable":true,"href":"https:\/\/dev6.erresse-shop.it\/fr\/wp-json\/wp\/v2\/media\/6362799"}],"wp:attachment":[{"href":"https:\/\/dev6.erresse-shop.it\/fr\/wp-json\/wp\/v2\/media?parent=61725"}],"wp:term":[{"taxonomy":"product_cat","embeddable":true,"href":"https:\/\/dev6.erresse-shop.it\/fr\/wp-json\/wp\/v2\/product_cat?post=61725"},{"taxonomy":"product_tag","embeddable":true,"href":"https:\/\/dev6.erresse-shop.it\/fr\/wp-json\/wp\/v2\/product_tag?post=61725"}],"curies":[{"name":"wp","href":"https:\/\/api.w.org\/{rel}","templated":true}]}}