{"id":61718,"date":"2026-04-12T09:43:58","date_gmt":"2026-04-12T07:43:58","guid":{"rendered":"https:\/\/dev6.erresse-shop.it\/shop\/non%20class\u00e9\/illy-machine-a-cafe-a-dosettes-e-s-e-blanc\/"},"modified":"2025-09-14T04:55:24","modified_gmt":"2025-09-14T02:55:24","slug":"illy-machine-a-cafe-a-dosettes-e-s-e-blanc","status":"publish","type":"product","link":"https:\/\/dev6.erresse-shop.it\/fr\/shop\/petits-electromenagers\/machines-cafe\/a-dosettes-et-a-capsules\/illy-machine-a-cafe-a-dosettes-e-s-e-blanc\/","title":{"rendered":"ILLY Machine \u00e0 Caf\u00e9 \u00e0 Dosettes E.S.E. Blanc"},"content":{"rendered":"<p>Nouvelle dosette compostable certifi\u00e9e E.S.E.<br \/>\nLes dosettes certifi\u00e9es compostables, qui peuvent \u00eatre jet\u00e9es dans la collecte des d\u00e9chets organiques (v\u00e9rifiez aupr\u00e8s de vos autorit\u00e9s locales les m\u00e9thodes actuelles de collecte s\u00e9lective des d\u00e9chets), sont parfaites pour pr\u00e9parer votre espresso illy pr\u00e9f\u00e9r\u00e9 d\u2019une mani\u00e8re pratique sans sacrifier le go\u00fbt et la fra\u00eecheur. Les dosettes de caf\u00e9 illy en papier filtre peuvent \u00eatre utilis\u00e9es avec toutes les machines \u00e0 caf\u00e9 ESE.<\/p>\n<p>La dosette E.S.E. (Easy Serving Espresso) est tr\u00e8s \u201couverte\u201d : vous pouvez l\u2019utiliser non seulement avec les machines \u00e0 caf\u00e9 \u00e0 dosettes illy, mais aussi avec toutes les autres machines \u00e0 dosettes. La dosette n\u2019est rien d\u2019autre que du caf\u00e9 moulu, d\u00e9j\u00e0 correctement dos\u00e9 et press\u00e9, contenu entre deux feuilles de papier filtre.<\/p>\n<p>La machine \u00e0 caf\u00e9 \u00e0 dosettes E.S.E. est optimis\u00e9e pour r\u00e9pondre \u00e0 la norme de qualit\u00e9 illy dans la tasse d\u00e8s le premier caf\u00e9. Les deux boutons de pr\u00e9paration vous permettent de choisir entre l\u2019espresso et le caf\u00e9 long. L\u2019exp\u00e9rience utilisateur est simple et intuitive : la dosette est ins\u00e9r\u00e9e par le haut et \u00e9ject\u00e9e dans le bac \u00e0 dosettes. La forme compacte maximise la praticit\u00e9.<\/p>\n<p>Caract\u00e9ristiques :<br \/>\n\u2013 Garantie : 2 ans<br \/>\n\u2013 Deux hauteurs pour la grille du porte-tasses<br \/>\n\u2013 Mise en veille automatique lorsqu\u2019il n\u2019est pas utilis\u00e9<\/p>\n<p>Caract\u00e9ristiques techniques :<br \/>\n\u2013 Capacit\u00e9 du r\u00e9servoir : 1 L<br \/>\n\u2013 Dimensions (cm) : 11 x 32 x 26<br \/>\n\u2013 Tension : 230 V, c\u00e2ble de 1 m de long<br \/>\n\u2013 Puissance : mod\u00e8le 626 850w \/ mod\u00e8le 627 1250w<br \/>\n\u2013 Pression de la pompe : 20 bar<\/p>\n","protected":false},"excerpt":{"rendered":"<p>Nouvelle dosette compostable certifi\u00e9e E.S.E. Les dosettes certifi\u00e9es compostables, qui peuvent \u00eatre jet\u00e9es dans la collecte des d\u00e9chets organiques (v\u00e9rifiez aupr\u00e8s de vos autorit\u00e9s locales les m\u00e9thodes actuelles de collecte s\u00e9lective des d\u00e9chets), sont parfaites pour pr\u00e9parer votre espresso illy pr\u00e9f\u00e9r\u00e9 d\u2019une mani\u00e8re pratique sans sacrifier le go\u00fbt et la fra\u00eecheur. Les dosettes de caf\u00e9 [&hellip;]<\/p>\n","protected":false},"featured_media":6362772,"template":"","meta":{"_acf_changed":false},"product_cat":[12081,12063,12055],"product_tag":[],"class_list":{"0":"post-61718","1":"product","2":"type-product","3":"status-publish","4":"has-post-thumbnail","6":"product_cat-a-dosettes-et-a-capsules","7":"product_cat-machines-cafe","8":"product_cat-petits-electromenagers","10":"first","11":"instock","12":"sale","13":"taxable","14":"shipping-taxable","15":"purchasable","16":"product-type-simple","swatches":"rey-swatches","show_selected":"","stretch_labels":"rey-swatches--stretch-labels"},"acf":[],"yoast_head":"<!-- This site is optimized with the Yoast SEO plugin v25.4 - https:\/\/yoast.com\/wordpress\/plugins\/seo\/ -->\n<title>ILLY Machine \u00e0 Caf\u00e9 \u00e0 Dosettes E.S.E. Blanc - dev6 Erresse<\/title>\n<meta name=\"description\" content=\"Nouvelle dosette compostable certifi\u00e9e E.S.E. Les dosettes certifi\u00e9es compostables, qui peuvent \u00eatre jet\u00e9es dans la collecte des d\u00e9chets organiques\" \/>\n<meta name=\"robots\" content=\"noindex, follow, max-snippet:-1, max-image-preview:large, max-video-preview:-1\" \/>\n<meta property=\"og:locale\" content=\"fr_FR\" \/>\n<meta property=\"og:type\" content=\"article\" \/>\n<meta property=\"og:title\" content=\"ILLY Machine \u00e0 Caf\u00e9 \u00e0 Dosettes E.S.E. Blanc - dev6 Erresse\" \/>\n<meta property=\"og:description\" content=\"Nouvelle dosette compostable certifi\u00e9e E.S.E. Les dosettes certifi\u00e9es compostables, qui peuvent \u00eatre jet\u00e9es dans la collecte des d\u00e9chets organiques\" \/>\n<meta property=\"og:url\" content=\"https:\/\/dev6.erresse-shop.it\/fr\/shop\/petits-electromenagers\/machines-cafe\/a-dosettes-et-a-capsules\/illy-machine-a-cafe-a-dosettes-e-s-e-blanc\/\" \/>\n<meta property=\"og:site_name\" content=\"dev6 Erresse\" \/>\n<meta property=\"og:image\" content=\"https:\/\/interpim.erresse-shop.it\/wp-content\/uploads\/2023\/06\/ILLY-Macchina-da-Caffe\u0300-a-Cialde-E.S.E.-Bianco.jpg\/illy-macchina-da-caffe-cc-80-a-cialde-e.s.e.-bianco.jpg\" \/><meta property=\"og:image\" content=\"https:\/\/interpim.erresse-shop.it\/wp-content\/uploads\/2023\/06\/ILLY-Macchina-da-Caffe\u0300-a-Cialde-E.S.E.-Bianco.jpg\/illy-macchina-da-caffe-cc-80-a-cialde-e.s.e.-bianco.jpg\" \/>\n\t<meta property=\"og:image:width\" content=\"1024\" \/>\n\t<meta property=\"og:image:height\" content=\"1024\" \/>\n\t<meta property=\"og:image:type\" content=\"image\/jpeg\" \/>\n<meta name=\"twitter:card\" content=\"summary_large_image\" \/>\n<meta name=\"twitter:image\" content=\"https:\/\/interpim.erresse-shop.it\/wp-content\/uploads\/2023\/06\/ILLY-Macchina-da-Caffe\u0300-a-Cialde-E.S.E.-Bianco.jpg\/illy-macchina-da-caffe-cc-80-a-cialde-e.s.e.-bianco.jpg\" \/>\n<script type=\"application\/ld+json\" class=\"yoast-schema-graph\">{\"@context\":\"https:\/\/schema.org\",\"@graph\":[{\"@type\":\"WebPage\",\"@id\":\"https:\/\/dev6.erresse-shop.it\/fr\/shop\/petits-electromenagers\/machines-cafe\/a-dosettes-et-a-capsules\/illy-machine-a-cafe-a-dosettes-e-s-e-blanc\/\",\"url\":\"https:\/\/dev6.erresse-shop.it\/fr\/shop\/petits-electromenagers\/machines-cafe\/a-dosettes-et-a-capsules\/illy-machine-a-cafe-a-dosettes-e-s-e-blanc\/\",\"name\":\"ILLY Machine \u00e0 Caf\u00e9 \u00e0 Dosettes E.S.E. Blanc - dev6 Erresse\",\"isPartOf\":{\"@id\":\"https:\/\/dev6.erresse-shop.it\/#website\"},\"primaryImageOfPage\":{\"@id\":\"https:\/\/dev6.erresse-shop.it\/fr\/shop\/petits-electromenagers\/machines-cafe\/a-dosettes-et-a-capsules\/illy-machine-a-cafe-a-dosettes-e-s-e-blanc\/#primaryimage\"},\"image\":{\"@id\":\"https:\/\/dev6.erresse-shop.it\/fr\/shop\/petits-electromenagers\/machines-cafe\/a-dosettes-et-a-capsules\/illy-machine-a-cafe-a-dosettes-e-s-e-blanc\/#primaryimage\"},\"thumbnailUrl\":\"https:\/\/i2.wp.com\/interpim.erresse-shop.it\/wp-content\/uploads\/2023\/06\/ILLY-Macchina-da-Caffe\u0300-a-Cialde-E.S.E.-Bianco.jpg\/illy-macchina-da-caffe-cc-80-a-cialde-e.s.e.-bianco.jpg?ssl=1\",\"datePublished\":\"2026-04-12T07:43:58+00:00\",\"description\":\"Nouvelle dosette compostable certifi\u00e9e E.S.E. Les dosettes certifi\u00e9es compostables, qui peuvent \u00eatre jet\u00e9es dans la collecte des d\u00e9chets organiques\",\"breadcrumb\":{\"@id\":\"https:\/\/dev6.erresse-shop.it\/fr\/shop\/petits-electromenagers\/machines-cafe\/a-dosettes-et-a-capsules\/illy-machine-a-cafe-a-dosettes-e-s-e-blanc\/#breadcrumb\"},\"inLanguage\":\"fr-FR\",\"potentialAction\":[{\"@type\":\"ReadAction\",\"target\":[\"https:\/\/dev6.erresse-shop.it\/fr\/shop\/petits-electromenagers\/machines-cafe\/a-dosettes-et-a-capsules\/illy-machine-a-cafe-a-dosettes-e-s-e-blanc\/\"]}]},{\"@type\":\"ImageObject\",\"inLanguage\":\"fr-FR\",\"@id\":\"https:\/\/dev6.erresse-shop.it\/fr\/shop\/petits-electromenagers\/machines-cafe\/a-dosettes-et-a-capsules\/illy-machine-a-cafe-a-dosettes-e-s-e-blanc\/#primaryimage\",\"url\":\"https:\/\/i2.wp.com\/interpim.erresse-shop.it\/wp-content\/uploads\/2023\/06\/ILLY-Macchina-da-Caffe\u0300-a-Cialde-E.S.E.-Bianco.jpg\/illy-macchina-da-caffe-cc-80-a-cialde-e.s.e.-bianco.jpg?ssl=1\",\"contentUrl\":\"https:\/\/i2.wp.com\/interpim.erresse-shop.it\/wp-content\/uploads\/2023\/06\/ILLY-Macchina-da-Caffe\u0300-a-Cialde-E.S.E.-Bianco.jpg\/illy-macchina-da-caffe-cc-80-a-cialde-e.s.e.-bianco.jpg?ssl=1\"},{\"@type\":\"BreadcrumbList\",\"@id\":\"https:\/\/dev6.erresse-shop.it\/fr\/shop\/petits-electromenagers\/machines-cafe\/a-dosettes-et-a-capsules\/illy-machine-a-cafe-a-dosettes-e-s-e-blanc\/#breadcrumb\",\"itemListElement\":[{\"@type\":\"ListItem\",\"position\":1,\"name\":\"Home\",\"item\":\"https:\/\/dev6.erresse-shop.it\/\"},{\"@type\":\"ListItem\",\"position\":2,\"name\":\"Boutique\",\"item\":\"https:\/\/dev6.erresse-shop.it\/shop\/\"},{\"@type\":\"ListItem\",\"position\":3,\"name\":\"ILLY Machine \u00e0 Caf\u00e9 \u00e0 Dosettes E.S.E. Blanc\"}]},{\"@type\":\"WebSite\",\"@id\":\"https:\/\/dev6.erresse-shop.it\/#website\",\"url\":\"https:\/\/dev6.erresse-shop.it\/\",\"name\":\"Erresse Shop\",\"description\":\"\",\"publisher\":{\"@id\":\"https:\/\/dev6.erresse-shop.it\/#organization\"},\"potentialAction\":[{\"@type\":\"SearchAction\",\"target\":{\"@type\":\"EntryPoint\",\"urlTemplate\":\"https:\/\/dev6.erresse-shop.it\/?s={search_term_string}\"},\"query-input\":{\"@type\":\"PropertyValueSpecification\",\"valueRequired\":true,\"valueName\":\"search_term_string\"}}],\"inLanguage\":\"fr-FR\"},{\"@type\":\"Organization\",\"@id\":\"https:\/\/dev6.erresse-shop.it\/#organization\",\"name\":\"Erresse Shop\",\"url\":\"https:\/\/dev6.erresse-shop.it\/\",\"logo\":{\"@type\":\"ImageObject\",\"inLanguage\":\"fr-FR\",\"@id\":\"https:\/\/dev6.erresse-shop.it\/#\/schema\/logo\/image\/\",\"url\":\"https:\/\/dev6.erresse-shop.it\/wp-content\/uploads\/2025\/01\/LOGO-ERRESSE-CLASSICO.svg\",\"contentUrl\":\"https:\/\/dev6.erresse-shop.it\/wp-content\/uploads\/2025\/01\/LOGO-ERRESSE-CLASSICO.svg\",\"caption\":\"Erresse Shop\"},\"image\":{\"@id\":\"https:\/\/dev6.erresse-shop.it\/#\/schema\/logo\/image\/\"}}]}<\/script>\n<!-- \/ Yoast SEO plugin. -->","yoast_head_json":{"title":"ILLY Machine \u00e0 Caf\u00e9 \u00e0 Dosettes E.S.E. Blanc - dev6 Erresse","description":"Nouvelle dosette compostable certifi\u00e9e E.S.E. Les dosettes certifi\u00e9es compostables, qui peuvent \u00eatre jet\u00e9es dans la collecte des d\u00e9chets organiques","robots":{"index":"noindex","follow":"follow","max-snippet":"max-snippet:-1","max-image-preview":"max-image-preview:large","max-video-preview":"max-video-preview:-1"},"og_locale":"fr_FR","og_type":"article","og_title":"ILLY Machine \u00e0 Caf\u00e9 \u00e0 Dosettes E.S.E. Blanc - dev6 Erresse","og_description":"Nouvelle dosette compostable certifi\u00e9e E.S.E. Les dosettes certifi\u00e9es compostables, qui peuvent \u00eatre jet\u00e9es dans la collecte des d\u00e9chets organiques","og_url":"https:\/\/dev6.erresse-shop.it\/fr\/shop\/petits-electromenagers\/machines-cafe\/a-dosettes-et-a-capsules\/illy-machine-a-cafe-a-dosettes-e-s-e-blanc\/","og_site_name":"dev6 Erresse","og_image":[{"url":"https:\/\/interpim.erresse-shop.it\/wp-content\/uploads\/2023\/06\/ILLY-Macchina-da-Caffe\u0300-a-Cialde-E.S.E.-Bianco.jpg\/illy-macchina-da-caffe-cc-80-a-cialde-e.s.e.-bianco.jpg","type":"","width":"","height":""},{"url":"https:\/\/interpim.erresse-shop.it\/wp-content\/uploads\/2023\/06\/ILLY-Macchina-da-Caffe\u0300-a-Cialde-E.S.E.-Bianco.jpg\/illy-macchina-da-caffe-cc-80-a-cialde-e.s.e.-bianco.jpg","width":1024,"height":1024,"type":"image\/jpeg"}],"twitter_card":"summary_large_image","twitter_image":"https:\/\/interpim.erresse-shop.it\/wp-content\/uploads\/2023\/06\/ILLY-Macchina-da-Caffe\u0300-a-Cialde-E.S.E.-Bianco.jpg\/illy-macchina-da-caffe-cc-80-a-cialde-e.s.e.-bianco.jpg","schema":{"@context":"https:\/\/schema.org","@graph":[{"@type":"WebPage","@id":"https:\/\/dev6.erresse-shop.it\/fr\/shop\/petits-electromenagers\/machines-cafe\/a-dosettes-et-a-capsules\/illy-machine-a-cafe-a-dosettes-e-s-e-blanc\/","url":"https:\/\/dev6.erresse-shop.it\/fr\/shop\/petits-electromenagers\/machines-cafe\/a-dosettes-et-a-capsules\/illy-machine-a-cafe-a-dosettes-e-s-e-blanc\/","name":"ILLY Machine \u00e0 Caf\u00e9 \u00e0 Dosettes E.S.E. Blanc - dev6 Erresse","isPartOf":{"@id":"https:\/\/dev6.erresse-shop.it\/#website"},"primaryImageOfPage":{"@id":"https:\/\/dev6.erresse-shop.it\/fr\/shop\/petits-electromenagers\/machines-cafe\/a-dosettes-et-a-capsules\/illy-machine-a-cafe-a-dosettes-e-s-e-blanc\/#primaryimage"},"image":{"@id":"https:\/\/dev6.erresse-shop.it\/fr\/shop\/petits-electromenagers\/machines-cafe\/a-dosettes-et-a-capsules\/illy-machine-a-cafe-a-dosettes-e-s-e-blanc\/#primaryimage"},"thumbnailUrl":"https:\/\/i2.wp.com\/interpim.erresse-shop.it\/wp-content\/uploads\/2023\/06\/ILLY-Macchina-da-Caffe\u0300-a-Cialde-E.S.E.-Bianco.jpg\/illy-macchina-da-caffe-cc-80-a-cialde-e.s.e.-bianco.jpg?ssl=1","datePublished":"2026-04-12T07:43:58+00:00","description":"Nouvelle dosette compostable certifi\u00e9e E.S.E. Les dosettes certifi\u00e9es compostables, qui peuvent \u00eatre jet\u00e9es dans la collecte des d\u00e9chets organiques","breadcrumb":{"@id":"https:\/\/dev6.erresse-shop.it\/fr\/shop\/petits-electromenagers\/machines-cafe\/a-dosettes-et-a-capsules\/illy-machine-a-cafe-a-dosettes-e-s-e-blanc\/#breadcrumb"},"inLanguage":"fr-FR","potentialAction":[{"@type":"ReadAction","target":["https:\/\/dev6.erresse-shop.it\/fr\/shop\/petits-electromenagers\/machines-cafe\/a-dosettes-et-a-capsules\/illy-machine-a-cafe-a-dosettes-e-s-e-blanc\/"]}]},{"@type":"ImageObject","inLanguage":"fr-FR","@id":"https:\/\/dev6.erresse-shop.it\/fr\/shop\/petits-electromenagers\/machines-cafe\/a-dosettes-et-a-capsules\/illy-machine-a-cafe-a-dosettes-e-s-e-blanc\/#primaryimage","url":"https:\/\/i2.wp.com\/interpim.erresse-shop.it\/wp-content\/uploads\/2023\/06\/ILLY-Macchina-da-Caffe\u0300-a-Cialde-E.S.E.-Bianco.jpg\/illy-macchina-da-caffe-cc-80-a-cialde-e.s.e.-bianco.jpg?ssl=1","contentUrl":"https:\/\/i2.wp.com\/interpim.erresse-shop.it\/wp-content\/uploads\/2023\/06\/ILLY-Macchina-da-Caffe\u0300-a-Cialde-E.S.E.-Bianco.jpg\/illy-macchina-da-caffe-cc-80-a-cialde-e.s.e.-bianco.jpg?ssl=1"},{"@type":"BreadcrumbList","@id":"https:\/\/dev6.erresse-shop.it\/fr\/shop\/petits-electromenagers\/machines-cafe\/a-dosettes-et-a-capsules\/illy-machine-a-cafe-a-dosettes-e-s-e-blanc\/#breadcrumb","itemListElement":[{"@type":"ListItem","position":1,"name":"Home","item":"https:\/\/dev6.erresse-shop.it\/"},{"@type":"ListItem","position":2,"name":"Boutique","item":"https:\/\/dev6.erresse-shop.it\/shop\/"},{"@type":"ListItem","position":3,"name":"ILLY Machine \u00e0 Caf\u00e9 \u00e0 Dosettes E.S.E. Blanc"}]},{"@type":"WebSite","@id":"https:\/\/dev6.erresse-shop.it\/#website","url":"https:\/\/dev6.erresse-shop.it\/","name":"Erresse Shop","description":"","publisher":{"@id":"https:\/\/dev6.erresse-shop.it\/#organization"},"potentialAction":[{"@type":"SearchAction","target":{"@type":"EntryPoint","urlTemplate":"https:\/\/dev6.erresse-shop.it\/?s={search_term_string}"},"query-input":{"@type":"PropertyValueSpecification","valueRequired":true,"valueName":"search_term_string"}}],"inLanguage":"fr-FR"},{"@type":"Organization","@id":"https:\/\/dev6.erresse-shop.it\/#organization","name":"Erresse Shop","url":"https:\/\/dev6.erresse-shop.it\/","logo":{"@type":"ImageObject","inLanguage":"fr-FR","@id":"https:\/\/dev6.erresse-shop.it\/#\/schema\/logo\/image\/","url":"https:\/\/dev6.erresse-shop.it\/wp-content\/uploads\/2025\/01\/LOGO-ERRESSE-CLASSICO.svg","contentUrl":"https:\/\/dev6.erresse-shop.it\/wp-content\/uploads\/2025\/01\/LOGO-ERRESSE-CLASSICO.svg","caption":"Erresse Shop"},"image":{"@id":"https:\/\/dev6.erresse-shop.it\/#\/schema\/logo\/image\/"}}]}},"df_price":119.95,"df_sale_price":119.95,"df_regular_price":129,"df_image_link":"https:\/\/i2.wp.com\/interpim.erresse-shop.it\/wp-content\/uploads\/2023\/06\/ILLY-Macchina-da-Caffe\u0300-a-Cialde-E.S.E.-Bianco.jpg\/illy-macchina-da-caffe-cc-80-a-cialde-e.s.e.-bianco.jpg?resize=300,300&ssl=1","fifu_image_url":"https:\/\/interpim.erresse-shop.it\/wp-content\/uploads\/2023\/06\/ILLY-Macchina-da-Caffe\u0300-a-Cialde-E.S.E.-Bianco.jpg\/illy-macchina-da-caffe-cc-80-a-cialde-e.s.e.-bianco.jpg","_links":{"self":[{"href":"https:\/\/dev6.erresse-shop.it\/fr\/wp-json\/wp\/v2\/product\/61718","targetHints":{"allow":["GET"]}}],"collection":[{"href":"https:\/\/dev6.erresse-shop.it\/fr\/wp-json\/wp\/v2\/product"}],"about":[{"href":"https:\/\/dev6.erresse-shop.it\/fr\/wp-json\/wp\/v2\/types\/product"}],"wp:featuredmedia":[{"embeddable":true,"href":"https:\/\/dev6.erresse-shop.it\/fr\/wp-json\/wp\/v2\/media\/6362772"}],"wp:attachment":[{"href":"https:\/\/dev6.erresse-shop.it\/fr\/wp-json\/wp\/v2\/media?parent=61718"}],"wp:term":[{"taxonomy":"product_cat","embeddable":true,"href":"https:\/\/dev6.erresse-shop.it\/fr\/wp-json\/wp\/v2\/product_cat?post=61718"},{"taxonomy":"product_tag","embeddable":true,"href":"https:\/\/dev6.erresse-shop.it\/fr\/wp-json\/wp\/v2\/product_tag?post=61718"}],"curies":[{"name":"wp","href":"https:\/\/api.w.org\/{rel}","templated":true}]}}