{"id":61690,"date":"2026-04-12T09:43:58","date_gmt":"2026-04-12T07:43:58","guid":{"rendered":"https:\/\/dev6.erresse-shop.it\/shop\/non%20class\u00e9\/mr-wattson-lampe-de-table-led-mini-lava-grey\/"},"modified":"2025-07-19T04:02:59","modified_gmt":"2025-07-19T02:02:59","slug":"mr-wattson-lampe-de-table-led-mini-lava-grey","status":"publish","type":"product","link":"https:\/\/dev6.erresse-shop.it\/fr\/shop\/ameublement-maison\/lampes\/mr-wattson-lampe-de-table-led-mini-lava-grey\/","title":{"rendered":"MR. WATTSON Lampe de Table LED Mini Lava Grey"},"content":{"rendered":"<p>Mr Wattson est une lampe de table LED au design griff\u00e9, fabriqu\u00e9e par la soci\u00e9t\u00e9 danoise Piffany Copenhagen. Moderne et flexible, la structure est fabriqu\u00e9e \u00e0 la main en bois de fr\u00eane et en alliage m\u00e9tallique.<\/p>\n<p>Le chapeau de la lampe s\u2019inspire des phares de la Vespa de 1946. Cette lampe iconique et amusante poss\u00e8de des articulations qui permettent de modifier sa forme et sa position.<\/p>\n<p>L\u2019abat-jour peut \u00eatre ajust\u00e9 jusqu\u2019\u00e0 120 degr\u00e9s et la structure est flexible, \u00e0 l\u2019image d\u2019un dr\u00f4le de robot.<\/p>\n<p>Sp\u00e9cifications :<\/p>\n<p>Le c\u00e2ble mesure 2,2 m de long et est recouvert de tissu marron.<br \/>\nIl est \u00e9quip\u00e9 d\u2019un interrupteur et d\u2019une prise europ\u00e9enne.<br \/>\nDimensions (LxPxH) : 15,5 x 27,6 x 18-40 cm<br \/>\nLED de 2,5 watts<br \/>\nGarantie de 2 ans<\/p>\n","protected":false},"excerpt":{"rendered":"<p>Mr Wattson est une lampe de table LED au design griff\u00e9, fabriqu\u00e9e par la soci\u00e9t\u00e9 danoise Piffany Copenhagen. Moderne et flexible, la structure est fabriqu\u00e9e \u00e0 la main en bois de fr\u00eane et en alliage m\u00e9tallique. Le chapeau de la lampe s\u2019inspire des phares de la Vespa de 1946. Cette lampe iconique et amusante poss\u00e8de [&hellip;]<\/p>\n","protected":false},"featured_media":6362616,"template":"","meta":{"_acf_changed":false},"product_cat":[11990,11666,12019],"product_tag":[],"class_list":{"0":"post-61690","1":"product","2":"type-product","3":"status-publish","4":"has-post-thumbnail","6":"product_cat-ameublement-maison","7":"product_cat-arredamento-casa","8":"product_cat-lampes","10":"first","11":"instock","12":"sale","13":"taxable","14":"shipping-taxable","15":"purchasable","16":"product-type-simple","swatches":"rey-swatches","show_selected":"","stretch_labels":"rey-swatches--stretch-labels"},"acf":[],"yoast_head":"<!-- This site is optimized with the Yoast SEO plugin v25.4 - https:\/\/yoast.com\/wordpress\/plugins\/seo\/ -->\n<title>MR. WATTSON Lampe de Table LED Mini Lava Grey - dev6 Erresse<\/title>\n<meta name=\"description\" content=\"Mr Wattson est une lampe de table LED au design griff\u00e9, fabriqu\u00e9e par la soci\u00e9t\u00e9 danoise Piffany Copenhagen. Moderne et flexible, la structure est\" \/>\n<meta name=\"robots\" content=\"noindex, follow, max-snippet:-1, max-image-preview:large, max-video-preview:-1\" \/>\n<meta property=\"og:locale\" content=\"fr_FR\" \/>\n<meta property=\"og:type\" content=\"article\" \/>\n<meta property=\"og:title\" content=\"MR. WATTSON Lampe de Table LED Mini Lava Grey - dev6 Erresse\" \/>\n<meta property=\"og:description\" content=\"Mr Wattson est une lampe de table LED au design griff\u00e9, fabriqu\u00e9e par la soci\u00e9t\u00e9 danoise Piffany Copenhagen. Moderne et flexible, la structure est\" \/>\n<meta property=\"og:url\" content=\"https:\/\/dev6.erresse-shop.it\/fr\/shop\/ameublement-maison\/lampes\/mr-wattson-lampe-de-table-led-mini-lava-grey\/\" \/>\n<meta property=\"og:site_name\" content=\"dev6 Erresse\" \/>\n<meta property=\"og:image\" content=\"https:\/\/interpim.erresse-shop.it\/img-catalogo\/mr-wattson\/mr.-wattson-lampada-led-da-tavolo-mini-lava-grey.jpg\" \/><meta property=\"og:image\" content=\"https:\/\/interpim.erresse-shop.it\/img-catalogo\/mr-wattson\/mr.-wattson-lampada-led-da-tavolo-mini-lava-grey.jpg\" \/>\n\t<meta property=\"og:image:width\" content=\"1024\" \/>\n\t<meta property=\"og:image:height\" content=\"1024\" \/>\n\t<meta property=\"og:image:type\" content=\"image\/jpeg\" \/>\n<meta name=\"twitter:card\" content=\"summary_large_image\" \/>\n<meta name=\"twitter:image\" content=\"https:\/\/interpim.erresse-shop.it\/img-catalogo\/mr-wattson\/mr.-wattson-lampada-led-da-tavolo-mini-lava-grey.jpg\" \/>\n<script type=\"application\/ld+json\" class=\"yoast-schema-graph\">{\"@context\":\"https:\/\/schema.org\",\"@graph\":[{\"@type\":\"WebPage\",\"@id\":\"https:\/\/dev6.erresse-shop.it\/fr\/shop\/ameublement-maison\/lampes\/mr-wattson-lampe-de-table-led-mini-lava-grey\/\",\"url\":\"https:\/\/dev6.erresse-shop.it\/fr\/shop\/ameublement-maison\/lampes\/mr-wattson-lampe-de-table-led-mini-lava-grey\/\",\"name\":\"MR. WATTSON Lampe de Table LED Mini Lava Grey - dev6 Erresse\",\"isPartOf\":{\"@id\":\"https:\/\/dev6.erresse-shop.it\/#website\"},\"primaryImageOfPage\":{\"@id\":\"https:\/\/dev6.erresse-shop.it\/fr\/shop\/ameublement-maison\/lampes\/mr-wattson-lampe-de-table-led-mini-lava-grey\/#primaryimage\"},\"image\":{\"@id\":\"https:\/\/dev6.erresse-shop.it\/fr\/shop\/ameublement-maison\/lampes\/mr-wattson-lampe-de-table-led-mini-lava-grey\/#primaryimage\"},\"thumbnailUrl\":\"https:\/\/i1.wp.com\/interpim.erresse-shop.it\/img-catalogo\/mr-wattson\/mr.-wattson-lampada-led-da-tavolo-mini-lava-grey.jpg?ssl=1\",\"datePublished\":\"2026-04-12T07:43:58+00:00\",\"description\":\"Mr Wattson est une lampe de table LED au design griff\u00e9, fabriqu\u00e9e par la soci\u00e9t\u00e9 danoise Piffany Copenhagen. Moderne et flexible, la structure est\",\"breadcrumb\":{\"@id\":\"https:\/\/dev6.erresse-shop.it\/fr\/shop\/ameublement-maison\/lampes\/mr-wattson-lampe-de-table-led-mini-lava-grey\/#breadcrumb\"},\"inLanguage\":\"fr-FR\",\"potentialAction\":[{\"@type\":\"ReadAction\",\"target\":[\"https:\/\/dev6.erresse-shop.it\/fr\/shop\/ameublement-maison\/lampes\/mr-wattson-lampe-de-table-led-mini-lava-grey\/\"]}]},{\"@type\":\"ImageObject\",\"inLanguage\":\"fr-FR\",\"@id\":\"https:\/\/dev6.erresse-shop.it\/fr\/shop\/ameublement-maison\/lampes\/mr-wattson-lampe-de-table-led-mini-lava-grey\/#primaryimage\",\"url\":\"https:\/\/i1.wp.com\/interpim.erresse-shop.it\/img-catalogo\/mr-wattson\/mr.-wattson-lampada-led-da-tavolo-mini-lava-grey.jpg?ssl=1\",\"contentUrl\":\"https:\/\/i1.wp.com\/interpim.erresse-shop.it\/img-catalogo\/mr-wattson\/mr.-wattson-lampada-led-da-tavolo-mini-lava-grey.jpg?ssl=1\"},{\"@type\":\"BreadcrumbList\",\"@id\":\"https:\/\/dev6.erresse-shop.it\/fr\/shop\/ameublement-maison\/lampes\/mr-wattson-lampe-de-table-led-mini-lava-grey\/#breadcrumb\",\"itemListElement\":[{\"@type\":\"ListItem\",\"position\":1,\"name\":\"Home\",\"item\":\"https:\/\/dev6.erresse-shop.it\/\"},{\"@type\":\"ListItem\",\"position\":2,\"name\":\"Boutique\",\"item\":\"https:\/\/dev6.erresse-shop.it\/shop\/\"},{\"@type\":\"ListItem\",\"position\":3,\"name\":\"MR. WATTSON Lampe de Table LED Mini Lava Grey\"}]},{\"@type\":\"WebSite\",\"@id\":\"https:\/\/dev6.erresse-shop.it\/#website\",\"url\":\"https:\/\/dev6.erresse-shop.it\/\",\"name\":\"Erresse Shop\",\"description\":\"\",\"publisher\":{\"@id\":\"https:\/\/dev6.erresse-shop.it\/#organization\"},\"potentialAction\":[{\"@type\":\"SearchAction\",\"target\":{\"@type\":\"EntryPoint\",\"urlTemplate\":\"https:\/\/dev6.erresse-shop.it\/?s={search_term_string}\"},\"query-input\":{\"@type\":\"PropertyValueSpecification\",\"valueRequired\":true,\"valueName\":\"search_term_string\"}}],\"inLanguage\":\"fr-FR\"},{\"@type\":\"Organization\",\"@id\":\"https:\/\/dev6.erresse-shop.it\/#organization\",\"name\":\"Erresse Shop\",\"url\":\"https:\/\/dev6.erresse-shop.it\/\",\"logo\":{\"@type\":\"ImageObject\",\"inLanguage\":\"fr-FR\",\"@id\":\"https:\/\/dev6.erresse-shop.it\/#\/schema\/logo\/image\/\",\"url\":\"https:\/\/dev6.erresse-shop.it\/wp-content\/uploads\/2025\/01\/LOGO-ERRESSE-CLASSICO.svg\",\"contentUrl\":\"https:\/\/dev6.erresse-shop.it\/wp-content\/uploads\/2025\/01\/LOGO-ERRESSE-CLASSICO.svg\",\"caption\":\"Erresse Shop\"},\"image\":{\"@id\":\"https:\/\/dev6.erresse-shop.it\/#\/schema\/logo\/image\/\"}}]}<\/script>\n<!-- \/ Yoast SEO plugin. -->","yoast_head_json":{"title":"MR. WATTSON Lampe de Table LED Mini Lava Grey - dev6 Erresse","description":"Mr Wattson est une lampe de table LED au design griff\u00e9, fabriqu\u00e9e par la soci\u00e9t\u00e9 danoise Piffany Copenhagen. Moderne et flexible, la structure est","robots":{"index":"noindex","follow":"follow","max-snippet":"max-snippet:-1","max-image-preview":"max-image-preview:large","max-video-preview":"max-video-preview:-1"},"og_locale":"fr_FR","og_type":"article","og_title":"MR. WATTSON Lampe de Table LED Mini Lava Grey - dev6 Erresse","og_description":"Mr Wattson est une lampe de table LED au design griff\u00e9, fabriqu\u00e9e par la soci\u00e9t\u00e9 danoise Piffany Copenhagen. Moderne et flexible, la structure est","og_url":"https:\/\/dev6.erresse-shop.it\/fr\/shop\/ameublement-maison\/lampes\/mr-wattson-lampe-de-table-led-mini-lava-grey\/","og_site_name":"dev6 Erresse","og_image":[{"url":"https:\/\/interpim.erresse-shop.it\/img-catalogo\/mr-wattson\/mr.-wattson-lampada-led-da-tavolo-mini-lava-grey.jpg","type":"","width":"","height":""},{"url":"https:\/\/interpim.erresse-shop.it\/img-catalogo\/mr-wattson\/mr.-wattson-lampada-led-da-tavolo-mini-lava-grey.jpg","width":1024,"height":1024,"type":"image\/jpeg"}],"twitter_card":"summary_large_image","twitter_image":"https:\/\/interpim.erresse-shop.it\/img-catalogo\/mr-wattson\/mr.-wattson-lampada-led-da-tavolo-mini-lava-grey.jpg","schema":{"@context":"https:\/\/schema.org","@graph":[{"@type":"WebPage","@id":"https:\/\/dev6.erresse-shop.it\/fr\/shop\/ameublement-maison\/lampes\/mr-wattson-lampe-de-table-led-mini-lava-grey\/","url":"https:\/\/dev6.erresse-shop.it\/fr\/shop\/ameublement-maison\/lampes\/mr-wattson-lampe-de-table-led-mini-lava-grey\/","name":"MR. WATTSON Lampe de Table LED Mini Lava Grey - dev6 Erresse","isPartOf":{"@id":"https:\/\/dev6.erresse-shop.it\/#website"},"primaryImageOfPage":{"@id":"https:\/\/dev6.erresse-shop.it\/fr\/shop\/ameublement-maison\/lampes\/mr-wattson-lampe-de-table-led-mini-lava-grey\/#primaryimage"},"image":{"@id":"https:\/\/dev6.erresse-shop.it\/fr\/shop\/ameublement-maison\/lampes\/mr-wattson-lampe-de-table-led-mini-lava-grey\/#primaryimage"},"thumbnailUrl":"https:\/\/i1.wp.com\/interpim.erresse-shop.it\/img-catalogo\/mr-wattson\/mr.-wattson-lampada-led-da-tavolo-mini-lava-grey.jpg?ssl=1","datePublished":"2026-04-12T07:43:58+00:00","description":"Mr Wattson est une lampe de table LED au design griff\u00e9, fabriqu\u00e9e par la soci\u00e9t\u00e9 danoise Piffany Copenhagen. Moderne et flexible, la structure est","breadcrumb":{"@id":"https:\/\/dev6.erresse-shop.it\/fr\/shop\/ameublement-maison\/lampes\/mr-wattson-lampe-de-table-led-mini-lava-grey\/#breadcrumb"},"inLanguage":"fr-FR","potentialAction":[{"@type":"ReadAction","target":["https:\/\/dev6.erresse-shop.it\/fr\/shop\/ameublement-maison\/lampes\/mr-wattson-lampe-de-table-led-mini-lava-grey\/"]}]},{"@type":"ImageObject","inLanguage":"fr-FR","@id":"https:\/\/dev6.erresse-shop.it\/fr\/shop\/ameublement-maison\/lampes\/mr-wattson-lampe-de-table-led-mini-lava-grey\/#primaryimage","url":"https:\/\/i1.wp.com\/interpim.erresse-shop.it\/img-catalogo\/mr-wattson\/mr.-wattson-lampada-led-da-tavolo-mini-lava-grey.jpg?ssl=1","contentUrl":"https:\/\/i1.wp.com\/interpim.erresse-shop.it\/img-catalogo\/mr-wattson\/mr.-wattson-lampada-led-da-tavolo-mini-lava-grey.jpg?ssl=1"},{"@type":"BreadcrumbList","@id":"https:\/\/dev6.erresse-shop.it\/fr\/shop\/ameublement-maison\/lampes\/mr-wattson-lampe-de-table-led-mini-lava-grey\/#breadcrumb","itemListElement":[{"@type":"ListItem","position":1,"name":"Home","item":"https:\/\/dev6.erresse-shop.it\/"},{"@type":"ListItem","position":2,"name":"Boutique","item":"https:\/\/dev6.erresse-shop.it\/shop\/"},{"@type":"ListItem","position":3,"name":"MR. WATTSON Lampe de Table LED Mini Lava Grey"}]},{"@type":"WebSite","@id":"https:\/\/dev6.erresse-shop.it\/#website","url":"https:\/\/dev6.erresse-shop.it\/","name":"Erresse Shop","description":"","publisher":{"@id":"https:\/\/dev6.erresse-shop.it\/#organization"},"potentialAction":[{"@type":"SearchAction","target":{"@type":"EntryPoint","urlTemplate":"https:\/\/dev6.erresse-shop.it\/?s={search_term_string}"},"query-input":{"@type":"PropertyValueSpecification","valueRequired":true,"valueName":"search_term_string"}}],"inLanguage":"fr-FR"},{"@type":"Organization","@id":"https:\/\/dev6.erresse-shop.it\/#organization","name":"Erresse Shop","url":"https:\/\/dev6.erresse-shop.it\/","logo":{"@type":"ImageObject","inLanguage":"fr-FR","@id":"https:\/\/dev6.erresse-shop.it\/#\/schema\/logo\/image\/","url":"https:\/\/dev6.erresse-shop.it\/wp-content\/uploads\/2025\/01\/LOGO-ERRESSE-CLASSICO.svg","contentUrl":"https:\/\/dev6.erresse-shop.it\/wp-content\/uploads\/2025\/01\/LOGO-ERRESSE-CLASSICO.svg","caption":"Erresse Shop"},"image":{"@id":"https:\/\/dev6.erresse-shop.it\/#\/schema\/logo\/image\/"}}]}},"df_price":74.95,"df_sale_price":74.95,"df_regular_price":99,"df_image_link":"https:\/\/i1.wp.com\/interpim.erresse-shop.it\/img-catalogo\/mr-wattson\/mr.-wattson-lampada-led-da-tavolo-mini-lava-grey.jpg?resize=300,300&ssl=1","fifu_image_url":"https:\/\/interpim.erresse-shop.it\/img-catalogo\/mr-wattson\/mr.-wattson-lampada-led-da-tavolo-mini-lava-grey.jpg","_links":{"self":[{"href":"https:\/\/dev6.erresse-shop.it\/fr\/wp-json\/wp\/v2\/product\/61690","targetHints":{"allow":["GET"]}}],"collection":[{"href":"https:\/\/dev6.erresse-shop.it\/fr\/wp-json\/wp\/v2\/product"}],"about":[{"href":"https:\/\/dev6.erresse-shop.it\/fr\/wp-json\/wp\/v2\/types\/product"}],"wp:featuredmedia":[{"embeddable":true,"href":"https:\/\/dev6.erresse-shop.it\/fr\/wp-json\/wp\/v2\/media\/6362616"}],"wp:attachment":[{"href":"https:\/\/dev6.erresse-shop.it\/fr\/wp-json\/wp\/v2\/media?parent=61690"}],"wp:term":[{"taxonomy":"product_cat","embeddable":true,"href":"https:\/\/dev6.erresse-shop.it\/fr\/wp-json\/wp\/v2\/product_cat?post=61690"},{"taxonomy":"product_tag","embeddable":true,"href":"https:\/\/dev6.erresse-shop.it\/fr\/wp-json\/wp\/v2\/product_tag?post=61690"}],"curies":[{"name":"wp","href":"https:\/\/api.w.org\/{rel}","templated":true}]}}