{"id":61664,"date":"2026-04-12T09:42:28","date_gmt":"2026-04-12T07:42:28","guid":{"rendered":"https:\/\/dev6.erresse-shop.it\/shop\/non%20class\u00e9\/marcato-marga-moulin-a-grains\/"},"modified":"2025-09-14T04:54:24","modified_gmt":"2025-09-14T02:54:24","slug":"marcato-marga-moulin-a-grains","status":"publish","type":"product","link":"https:\/\/dev6.erresse-shop.it\/fr\/shop\/cuisine\/machines-pour-pates\/marcato-marga-moulin-a-grains\/","title":{"rendered":"MARCATO Marga Moulin \u00e0 Grains"},"content":{"rendered":"<p>Le moulin compact pour moudre le grain et les c\u00e9r\u00e9ales en farine, en flocons et en malt pour la bi\u00e8re.<br \/>\nLe go\u00fbt authentique des ingr\u00e9dients frais pr\u00e9par\u00e9s \u00e0 la maison !<\/p>\n<p>Farine, flocons et malt pour la bi\u00e8re<\/p>\n<p>Marga Mulino est la seule machine qui permet de pr\u00e9parer en quelques minutes aussi bien des flocons que de la farine de c\u00e9r\u00e9ales. Elle peut \u00eatre utilis\u00e9e pour les c\u00e9r\u00e9ales tendres telles que l\u2019avoine, l\u2019orge, le seigle, le bl\u00e9 tendre et les c\u00e9r\u00e9ales dures telles que l\u2019\u00e9peautre, le kamut, le riz et le sarrasin.<\/p>\n<p>Marga Mulino fonctionne au moyen de trois rouleaux qui tournent \u00e0 des vitesses diff\u00e9rentes. La distance entre les rouleaux, d\u00e9termin\u00e9e par un r\u00e9gulateur, d\u00e9finit le type de traitement \u00e0 effectuer : position 5-6, pour obtenir de la farine de c\u00e9r\u00e9ales, positions 1 \u00e0 4 pour obtenir des flocons de c\u00e9r\u00e9ales avec une finition diff\u00e9rente.<\/p>\n<p>POURQUOI MOUDRE LE BL\u00c9 ET LES C\u00c9R\u00c9ALES \u00c0 LA MAISON ?<\/p>\n<p>Moudre des c\u00e9r\u00e9ales fra\u00eeches \u00e0 la maison vous garantit un produit qui conserve ses propri\u00e9t\u00e9s organoleptiques et nutritionnelles d\u2019origine. Vous pouvez enfin consommer un produit dont vous ma\u00eetrisez tous les processus et utiliser dans votre cuisine des ingr\u00e9dients qui ne sont pas toujours faciles \u00e0 trouver. L\u2019utilisation d\u2019une cha\u00eene de transformation courte vous permettra de mieux contr\u00f4ler la qualit\u00e9 de vos aliments.<\/p>\n<p>RECOMMANDATIONS D\u2019UTILISATION<\/p>\n<p>Go\u00fbt et bien-\u00eatre<\/p>\n<p>Pour conna\u00eetre le degr\u00e9 de mouture le plus appropri\u00e9 pour une c\u00e9r\u00e9ale, essayez de moudre une petite quantit\u00e9 \u00e0 diff\u00e9rentes positions du r\u00e9gulateur;<br \/>\nutilisez les farines moulues avec Marga Mulino, aussi bien pour enrichir vos p\u00e2tes que pour cr\u00e9er de nouvelles recettes. Vous d\u00e9couvrirez de nouveaux go\u00fbts et go\u00fbts et de nouvelles combinaisons;<br \/>\najoutez des flocons frais aux biscuits ou au pain avant la cuisson;<br \/>\nle r\u00e9sultat sera d\u00e9licieux;<br \/>\npour obtenir une farine tr\u00e8s fine et pure, utilisez un tamis de cuisine pour \u00e9liminer l\u2019exc\u00e8s de son.<\/p>\n<p>ENTRETIEN ET MAINTENANCE<\/p>\n<p>Quelques petites pr\u00e9cautions suffisent pour maintenir Marga Mulino longtemps. Ne jamais laver la machine \u00e0 l\u2019eau ou au lave-vaisselle. Pour nettoyer la machine, il suffit d\u2019enlever les produits coll\u00e9s \u00e0 l\u2019aide de la brosse fournie. Pour nettoyer les rouleaux, il est conseill\u00e9 de moudre une petite quantit\u00e9 de riz. Si un grain trop dur reste coinc\u00e9 dans les rouleaux, utilisez la machine \u00e0 la main pour appliquer plus de force.<\/p>\n","protected":false},"excerpt":{"rendered":"<p>Le moulin compact pour moudre le grain et les c\u00e9r\u00e9ales en farine, en flocons et en malt pour la bi\u00e8re. Le go\u00fbt authentique des ingr\u00e9dients frais pr\u00e9par\u00e9s \u00e0 la maison ! Farine, flocons et malt pour la bi\u00e8re Marga Mulino est la seule machine qui permet de pr\u00e9parer en quelques minutes aussi bien des flocons [&hellip;]<\/p>\n","protected":false},"featured_media":6362454,"template":"","meta":{"_acf_changed":false},"product_cat":[11668,11992,12052],"product_tag":[],"class_list":{"0":"post-61664","1":"product","2":"type-product","3":"status-publish","4":"has-post-thumbnail","6":"product_cat-cucina","7":"product_cat-cuisine","8":"product_cat-machines-pour-pates","10":"first","11":"instock","12":"sale","13":"taxable","14":"shipping-taxable","15":"purchasable","16":"product-type-simple","swatches":"rey-swatches","show_selected":"","stretch_labels":"rey-swatches--stretch-labels"},"acf":[],"yoast_head":"<!-- This site is optimized with the Yoast SEO plugin v25.4 - https:\/\/yoast.com\/wordpress\/plugins\/seo\/ -->\n<title>MARCATO Marga Moulin \u00e0 Grains - dev6 Erresse<\/title>\n<meta name=\"description\" content=\"Le moulin compact pour moudre le grain et les c\u00e9r\u00e9ales en farine, en flocons et en malt pour la bi\u00e8re. Le go\u00fbt authentique des ingr\u00e9dients frais pr\u00e9par\u00e9s\" \/>\n<meta name=\"robots\" content=\"noindex, follow, max-snippet:-1, max-image-preview:large, max-video-preview:-1\" \/>\n<meta property=\"og:locale\" content=\"fr_FR\" \/>\n<meta property=\"og:type\" content=\"article\" \/>\n<meta property=\"og:title\" content=\"MARCATO Marga Moulin \u00e0 Grains - dev6 Erresse\" \/>\n<meta property=\"og:description\" content=\"Le moulin compact pour moudre le grain et les c\u00e9r\u00e9ales en farine, en flocons et en malt pour la bi\u00e8re. Le go\u00fbt authentique des ingr\u00e9dients frais pr\u00e9par\u00e9s\" \/>\n<meta property=\"og:url\" content=\"https:\/\/dev6.erresse-shop.it\/fr\/shop\/cuisine\/machines-pour-pates\/marcato-marga-moulin-a-grains\/\" \/>\n<meta property=\"og:site_name\" content=\"dev6 Erresse\" \/>\n<meta property=\"og:image\" content=\"https:\/\/interpim.erresse-shop.it\/Import\/Prodotti\/marcato-marga-mulino-macchina-pe-cereali.jpg\" \/><meta property=\"og:image\" content=\"https:\/\/interpim.erresse-shop.it\/Import\/Prodotti\/marcato-marga-mulino-macchina-pe-cereali.jpg\" \/>\n\t<meta property=\"og:image:width\" content=\"1024\" \/>\n\t<meta property=\"og:image:height\" content=\"1024\" \/>\n\t<meta property=\"og:image:type\" content=\"image\/jpeg\" \/>\n<meta name=\"twitter:card\" content=\"summary_large_image\" \/>\n<meta name=\"twitter:image\" content=\"https:\/\/interpim.erresse-shop.it\/Import\/Prodotti\/marcato-marga-mulino-macchina-pe-cereali.jpg\" \/>\n<script type=\"application\/ld+json\" class=\"yoast-schema-graph\">{\"@context\":\"https:\/\/schema.org\",\"@graph\":[{\"@type\":\"WebPage\",\"@id\":\"https:\/\/dev6.erresse-shop.it\/fr\/shop\/cuisine\/machines-pour-pates\/marcato-marga-moulin-a-grains\/\",\"url\":\"https:\/\/dev6.erresse-shop.it\/fr\/shop\/cuisine\/machines-pour-pates\/marcato-marga-moulin-a-grains\/\",\"name\":\"MARCATO Marga Moulin \u00e0 Grains - dev6 Erresse\",\"isPartOf\":{\"@id\":\"https:\/\/dev6.erresse-shop.it\/#website\"},\"primaryImageOfPage\":{\"@id\":\"https:\/\/dev6.erresse-shop.it\/fr\/shop\/cuisine\/machines-pour-pates\/marcato-marga-moulin-a-grains\/#primaryimage\"},\"image\":{\"@id\":\"https:\/\/dev6.erresse-shop.it\/fr\/shop\/cuisine\/machines-pour-pates\/marcato-marga-moulin-a-grains\/#primaryimage\"},\"thumbnailUrl\":\"https:\/\/i3.wp.com\/interpim.erresse-shop.it\/Import\/Prodotti\/marcato-marga-mulino-macchina-pe-cereali.jpg?ssl=1\",\"datePublished\":\"2026-04-12T07:42:28+00:00\",\"description\":\"Le moulin compact pour moudre le grain et les c\u00e9r\u00e9ales en farine, en flocons et en malt pour la bi\u00e8re. Le go\u00fbt authentique des ingr\u00e9dients frais pr\u00e9par\u00e9s\",\"breadcrumb\":{\"@id\":\"https:\/\/dev6.erresse-shop.it\/fr\/shop\/cuisine\/machines-pour-pates\/marcato-marga-moulin-a-grains\/#breadcrumb\"},\"inLanguage\":\"fr-FR\",\"potentialAction\":[{\"@type\":\"ReadAction\",\"target\":[\"https:\/\/dev6.erresse-shop.it\/fr\/shop\/cuisine\/machines-pour-pates\/marcato-marga-moulin-a-grains\/\"]}]},{\"@type\":\"ImageObject\",\"inLanguage\":\"fr-FR\",\"@id\":\"https:\/\/dev6.erresse-shop.it\/fr\/shop\/cuisine\/machines-pour-pates\/marcato-marga-moulin-a-grains\/#primaryimage\",\"url\":\"https:\/\/i3.wp.com\/interpim.erresse-shop.it\/Import\/Prodotti\/marcato-marga-mulino-macchina-pe-cereali.jpg?ssl=1\",\"contentUrl\":\"https:\/\/i3.wp.com\/interpim.erresse-shop.it\/Import\/Prodotti\/marcato-marga-mulino-macchina-pe-cereali.jpg?ssl=1\"},{\"@type\":\"BreadcrumbList\",\"@id\":\"https:\/\/dev6.erresse-shop.it\/fr\/shop\/cuisine\/machines-pour-pates\/marcato-marga-moulin-a-grains\/#breadcrumb\",\"itemListElement\":[{\"@type\":\"ListItem\",\"position\":1,\"name\":\"Home\",\"item\":\"https:\/\/dev6.erresse-shop.it\/\"},{\"@type\":\"ListItem\",\"position\":2,\"name\":\"Boutique\",\"item\":\"https:\/\/dev6.erresse-shop.it\/shop\/\"},{\"@type\":\"ListItem\",\"position\":3,\"name\":\"MARCATO Marga Moulin \u00e0 Grains\"}]},{\"@type\":\"WebSite\",\"@id\":\"https:\/\/dev6.erresse-shop.it\/#website\",\"url\":\"https:\/\/dev6.erresse-shop.it\/\",\"name\":\"Erresse Shop\",\"description\":\"\",\"publisher\":{\"@id\":\"https:\/\/dev6.erresse-shop.it\/#organization\"},\"potentialAction\":[{\"@type\":\"SearchAction\",\"target\":{\"@type\":\"EntryPoint\",\"urlTemplate\":\"https:\/\/dev6.erresse-shop.it\/?s={search_term_string}\"},\"query-input\":{\"@type\":\"PropertyValueSpecification\",\"valueRequired\":true,\"valueName\":\"search_term_string\"}}],\"inLanguage\":\"fr-FR\"},{\"@type\":\"Organization\",\"@id\":\"https:\/\/dev6.erresse-shop.it\/#organization\",\"name\":\"Erresse Shop\",\"url\":\"https:\/\/dev6.erresse-shop.it\/\",\"logo\":{\"@type\":\"ImageObject\",\"inLanguage\":\"fr-FR\",\"@id\":\"https:\/\/dev6.erresse-shop.it\/#\/schema\/logo\/image\/\",\"url\":\"https:\/\/dev6.erresse-shop.it\/wp-content\/uploads\/2025\/01\/LOGO-ERRESSE-CLASSICO.svg\",\"contentUrl\":\"https:\/\/dev6.erresse-shop.it\/wp-content\/uploads\/2025\/01\/LOGO-ERRESSE-CLASSICO.svg\",\"caption\":\"Erresse Shop\"},\"image\":{\"@id\":\"https:\/\/dev6.erresse-shop.it\/#\/schema\/logo\/image\/\"}}]}<\/script>\n<!-- \/ Yoast SEO plugin. -->","yoast_head_json":{"title":"MARCATO Marga Moulin \u00e0 Grains - dev6 Erresse","description":"Le moulin compact pour moudre le grain et les c\u00e9r\u00e9ales en farine, en flocons et en malt pour la bi\u00e8re. Le go\u00fbt authentique des ingr\u00e9dients frais pr\u00e9par\u00e9s","robots":{"index":"noindex","follow":"follow","max-snippet":"max-snippet:-1","max-image-preview":"max-image-preview:large","max-video-preview":"max-video-preview:-1"},"og_locale":"fr_FR","og_type":"article","og_title":"MARCATO Marga Moulin \u00e0 Grains - dev6 Erresse","og_description":"Le moulin compact pour moudre le grain et les c\u00e9r\u00e9ales en farine, en flocons et en malt pour la bi\u00e8re. Le go\u00fbt authentique des ingr\u00e9dients frais pr\u00e9par\u00e9s","og_url":"https:\/\/dev6.erresse-shop.it\/fr\/shop\/cuisine\/machines-pour-pates\/marcato-marga-moulin-a-grains\/","og_site_name":"dev6 Erresse","og_image":[{"url":"https:\/\/interpim.erresse-shop.it\/Import\/Prodotti\/marcato-marga-mulino-macchina-pe-cereali.jpg","type":"","width":"","height":""},{"url":"https:\/\/interpim.erresse-shop.it\/Import\/Prodotti\/marcato-marga-mulino-macchina-pe-cereali.jpg","width":1024,"height":1024,"type":"image\/jpeg"}],"twitter_card":"summary_large_image","twitter_image":"https:\/\/interpim.erresse-shop.it\/Import\/Prodotti\/marcato-marga-mulino-macchina-pe-cereali.jpg","schema":{"@context":"https:\/\/schema.org","@graph":[{"@type":"WebPage","@id":"https:\/\/dev6.erresse-shop.it\/fr\/shop\/cuisine\/machines-pour-pates\/marcato-marga-moulin-a-grains\/","url":"https:\/\/dev6.erresse-shop.it\/fr\/shop\/cuisine\/machines-pour-pates\/marcato-marga-moulin-a-grains\/","name":"MARCATO Marga Moulin \u00e0 Grains - dev6 Erresse","isPartOf":{"@id":"https:\/\/dev6.erresse-shop.it\/#website"},"primaryImageOfPage":{"@id":"https:\/\/dev6.erresse-shop.it\/fr\/shop\/cuisine\/machines-pour-pates\/marcato-marga-moulin-a-grains\/#primaryimage"},"image":{"@id":"https:\/\/dev6.erresse-shop.it\/fr\/shop\/cuisine\/machines-pour-pates\/marcato-marga-moulin-a-grains\/#primaryimage"},"thumbnailUrl":"https:\/\/i3.wp.com\/interpim.erresse-shop.it\/Import\/Prodotti\/marcato-marga-mulino-macchina-pe-cereali.jpg?ssl=1","datePublished":"2026-04-12T07:42:28+00:00","description":"Le moulin compact pour moudre le grain et les c\u00e9r\u00e9ales en farine, en flocons et en malt pour la bi\u00e8re. Le go\u00fbt authentique des ingr\u00e9dients frais pr\u00e9par\u00e9s","breadcrumb":{"@id":"https:\/\/dev6.erresse-shop.it\/fr\/shop\/cuisine\/machines-pour-pates\/marcato-marga-moulin-a-grains\/#breadcrumb"},"inLanguage":"fr-FR","potentialAction":[{"@type":"ReadAction","target":["https:\/\/dev6.erresse-shop.it\/fr\/shop\/cuisine\/machines-pour-pates\/marcato-marga-moulin-a-grains\/"]}]},{"@type":"ImageObject","inLanguage":"fr-FR","@id":"https:\/\/dev6.erresse-shop.it\/fr\/shop\/cuisine\/machines-pour-pates\/marcato-marga-moulin-a-grains\/#primaryimage","url":"https:\/\/i3.wp.com\/interpim.erresse-shop.it\/Import\/Prodotti\/marcato-marga-mulino-macchina-pe-cereali.jpg?ssl=1","contentUrl":"https:\/\/i3.wp.com\/interpim.erresse-shop.it\/Import\/Prodotti\/marcato-marga-mulino-macchina-pe-cereali.jpg?ssl=1"},{"@type":"BreadcrumbList","@id":"https:\/\/dev6.erresse-shop.it\/fr\/shop\/cuisine\/machines-pour-pates\/marcato-marga-moulin-a-grains\/#breadcrumb","itemListElement":[{"@type":"ListItem","position":1,"name":"Home","item":"https:\/\/dev6.erresse-shop.it\/"},{"@type":"ListItem","position":2,"name":"Boutique","item":"https:\/\/dev6.erresse-shop.it\/shop\/"},{"@type":"ListItem","position":3,"name":"MARCATO Marga Moulin \u00e0 Grains"}]},{"@type":"WebSite","@id":"https:\/\/dev6.erresse-shop.it\/#website","url":"https:\/\/dev6.erresse-shop.it\/","name":"Erresse Shop","description":"","publisher":{"@id":"https:\/\/dev6.erresse-shop.it\/#organization"},"potentialAction":[{"@type":"SearchAction","target":{"@type":"EntryPoint","urlTemplate":"https:\/\/dev6.erresse-shop.it\/?s={search_term_string}"},"query-input":{"@type":"PropertyValueSpecification","valueRequired":true,"valueName":"search_term_string"}}],"inLanguage":"fr-FR"},{"@type":"Organization","@id":"https:\/\/dev6.erresse-shop.it\/#organization","name":"Erresse Shop","url":"https:\/\/dev6.erresse-shop.it\/","logo":{"@type":"ImageObject","inLanguage":"fr-FR","@id":"https:\/\/dev6.erresse-shop.it\/#\/schema\/logo\/image\/","url":"https:\/\/dev6.erresse-shop.it\/wp-content\/uploads\/2025\/01\/LOGO-ERRESSE-CLASSICO.svg","contentUrl":"https:\/\/dev6.erresse-shop.it\/wp-content\/uploads\/2025\/01\/LOGO-ERRESSE-CLASSICO.svg","caption":"Erresse Shop"},"image":{"@id":"https:\/\/dev6.erresse-shop.it\/#\/schema\/logo\/image\/"}}]}},"df_price":169.95,"df_sale_price":169.95,"df_regular_price":209.9,"df_image_link":"https:\/\/i3.wp.com\/interpim.erresse-shop.it\/Import\/Prodotti\/marcato-marga-mulino-macchina-pe-cereali.jpg?resize=300,300&ssl=1","fifu_image_url":"https:\/\/interpim.erresse-shop.it\/Import\/Prodotti\/marcato-marga-mulino-macchina-pe-cereali.jpg","_links":{"self":[{"href":"https:\/\/dev6.erresse-shop.it\/fr\/wp-json\/wp\/v2\/product\/61664","targetHints":{"allow":["GET"]}}],"collection":[{"href":"https:\/\/dev6.erresse-shop.it\/fr\/wp-json\/wp\/v2\/product"}],"about":[{"href":"https:\/\/dev6.erresse-shop.it\/fr\/wp-json\/wp\/v2\/types\/product"}],"wp:featuredmedia":[{"embeddable":true,"href":"https:\/\/dev6.erresse-shop.it\/fr\/wp-json\/wp\/v2\/media\/6362454"}],"wp:attachment":[{"href":"https:\/\/dev6.erresse-shop.it\/fr\/wp-json\/wp\/v2\/media?parent=61664"}],"wp:term":[{"taxonomy":"product_cat","embeddable":true,"href":"https:\/\/dev6.erresse-shop.it\/fr\/wp-json\/wp\/v2\/product_cat?post=61664"},{"taxonomy":"product_tag","embeddable":true,"href":"https:\/\/dev6.erresse-shop.it\/fr\/wp-json\/wp\/v2\/product_tag?post=61664"}],"curies":[{"name":"wp","href":"https:\/\/api.w.org\/{rel}","templated":true}]}}