{"id":61619,"date":"2026-04-12T09:41:00","date_gmt":"2026-04-12T07:41:00","guid":{"rendered":"https:\/\/dev6.erresse-shop.it\/shop\/non%20class\u00e9\/miyabi-5000-mcd-shotoh-13-cm\/"},"modified":"2025-09-14T04:53:15","modified_gmt":"2025-09-14T02:53:15","slug":"miyabi-5000-mcd-shotoh-13-cm","status":"publish","type":"product","link":"https:\/\/dev6.erresse-shop.it\/fr\/shop\/cuisine\/couteaux\/couteaux-de-cuisine\/miyabi-5000-mcd-shotoh-13-cm\/","title":{"rendered":"MIYABI 5000 MCD Shotoh 13 cm"},"content":{"rendered":"<p>Le couteau SHOTOH de Miyabi est un outil de coupe petit mais fin, unique en son genre. D\u2019une longueur de 13 cm, cette lame extra fine et robuste est id\u00e9ale pour couper, \u00e9plucher ou nettoyer les fruits et les l\u00e9gumes. L\u2019aiguisage sym\u00e9trique Honbazuke de la lame lui conf\u00e8re un caract\u00e8re unique. Ce caract\u00e8re est renforc\u00e9 par le profil typiquement japonais de la lame, caract\u00e9ris\u00e9 par un tranchant sym\u00e9trique d\u2019un angle de 19 degr\u00e9s. Le c\u0153ur de la lame est constitu\u00e9 de poudre d\u2019acier micro-carbone MC63, envelopp\u00e9e de 100 couches de deux types d\u2019acier inoxydable diff\u00e9rents, qui cr\u00e9ent le motif floral damasquin\u00e9 typique de la lame. C\u2019est ce motif qui fait de ce couteau une \u0153uvre d\u2019art unique. La lame en CRYODUR\u00ae a \u00e9t\u00e9 durcie \u00e0 -196 degr\u00e9s Celsius selon un proc\u00e9d\u00e9 sp\u00e9cialement d\u00e9velopp\u00e9 pour atteindre une duret\u00e9 remarquable d\u2019environ 63 Rockwell, ce qui rend le couteau flexible et robuste et garantit une excellente tenue du tranchant. Le manche en bouleau Masur, d\u2019une d\u00e9licate couleur brun clair, offre un contraste agr\u00e9able avec la luminosit\u00e9 de l\u2019acier. Le grain et la structure sont uniques pour chaque couteau, et chaque pi\u00e8ce devient un \u00e9l\u00e9ment attrayant dans la cuisine. Le manche a une forme traditionnelle en D et est bien \u00e9quilibr\u00e9, ce qui permet un excellent contr\u00f4le pendant le travail. Le couteau SHOTOH MIYABI 5000MCD est l\u2019outil id\u00e9al pour les meilleurs travaux de coupe.<\/p>\n<p>Noyau de la lame en acier \u00e0 poudre micro-carbone MC63 noy\u00e9 dans 100 couches d\u2019acier pour une duret\u00e9 exceptionnelle d\u2019environ 63 Rockwell (unit\u00e9 de mesure standard internationale de la duret\u00e9) et une r\u00e9tention exceptionnelle du tranchant.<br \/>\nLes lames CRYODUR\u00ae tremp\u00e9es dans la glace offrent une r\u00e9tention exceptionnelle du tranchant, une r\u00e9sistance exceptionnelle \u00e0 la corrosion et une excellente flexibilit\u00e9 de la lame.<br \/>\nProfil de lame authentiquement japonais<br \/>\nLa lame sym\u00e9trique avec le tranchant ultra aiguis\u00e9 Honbazuke garantit un tranchant incroyable.<br \/>\nManche traditionnel en bouleau Masur en \u201cD\u201d pour un \u00e9quilibre parfait, un contr\u00f4le optimal et une coupe infatigable.<br \/>\nManche traditionnel japonais en bouleau de Car\u00e9lie (Masur)<br \/>\nProfil et talon arrondis<br \/>\nFabriqu\u00e9 \u00e0 la main \u00e0 Seki, Japon<\/p>\n<p>CARACT\u00c9RISTIQUES<\/p>\n<p>Couleur : brun<br \/>\nMat\u00e9riau : MC63<br \/>\nType de poign\u00e9e : cach\u00e9e<br \/>\nType de bord : lisse<br \/>\nFinition des bords : Aff\u00fbtage Honbazuke<br \/>\nM\u00e9thode de production : soud\u00e9e<br \/>\nDuret\u00e9 de la lame (HRC) : 63 HRC<br \/>\nCouleur du manche : brun<br \/>\nMat\u00e9riau du manche : bouleau<\/p>\n<p>DIMENSIONS<\/p>\n<p>Poids net : 0,07 kg<br \/>\nLongueur du produit : 24,00 cm<br \/>\nLargeur du produit : 1,70 cm<br \/>\nHauteur du produit : 3,20 cm<br \/>\nLongueur de la lame : 12,70 cm<br \/>\nLongueur de la poign\u00e9e : 11,00 cm<br \/>\nLargeur de la poign\u00e9e : 1,70 cm<br \/>\nLargeur de la lame : 0,10 cm<br \/>\n\u00c9paisseur de la lame : 0,10 cm<\/p>\n","protected":false},"excerpt":{"rendered":"<p>Le couteau SHOTOH de Miyabi est un outil de coupe petit mais fin, unique en son genre. D\u2019une longueur de 13 cm, cette lame extra fine et robuste est id\u00e9ale pour couper, \u00e9plucher ou nettoyer les fruits et les l\u00e9gumes. L\u2019aiguisage sym\u00e9trique Honbazuke de la lame lui conf\u00e8re un caract\u00e8re unique. Ce caract\u00e8re est renforc\u00e9 [&hellip;]<\/p>\n","protected":false},"featured_media":6362351,"template":"","meta":{"_acf_changed":false},"product_cat":[11997],"product_tag":[],"class_list":{"0":"post-61619","1":"product","2":"type-product","3":"status-publish","4":"has-post-thumbnail","6":"product_cat-couteaux-de-cuisine","8":"first","9":"instock","10":"sale","11":"taxable","12":"shipping-taxable","13":"purchasable","14":"product-type-simple","swatches":"rey-swatches","show_selected":"","stretch_labels":"rey-swatches--stretch-labels"},"acf":[],"yoast_head":"<!-- This site is optimized with the Yoast SEO plugin v25.4 - https:\/\/yoast.com\/wordpress\/plugins\/seo\/ -->\n<title>MIYABI 5000 MCD Shotoh 13 cm - dev6 Erresse<\/title>\n<meta name=\"description\" content=\"Le couteau SHOTOH de Miyabi est un outil de coupe petit mais fin, unique en son genre. D\u2019une longueur de 13 cm, cette lame extra fine et robuste est\" \/>\n<meta name=\"robots\" content=\"noindex, follow, max-snippet:-1, max-image-preview:large, max-video-preview:-1\" \/>\n<meta property=\"og:locale\" content=\"fr_FR\" \/>\n<meta property=\"og:type\" content=\"article\" \/>\n<meta property=\"og:title\" content=\"MIYABI 5000 MCD Shotoh 13 cm - dev6 Erresse\" \/>\n<meta property=\"og:description\" content=\"Le couteau SHOTOH de Miyabi est un outil de coupe petit mais fin, unique en son genre. D\u2019une longueur de 13 cm, cette lame extra fine et robuste est\" \/>\n<meta property=\"og:url\" content=\"https:\/\/dev6.erresse-shop.it\/fr\/shop\/cuisine\/couteaux\/couteaux-de-cuisine\/miyabi-5000-mcd-shotoh-13-cm\/\" \/>\n<meta property=\"og:site_name\" content=\"dev6 Erresse\" \/>\n<meta property=\"og:image\" content=\"https:\/\/interpim.erresse-shop.it\/Import\/Prodotti\/miyabi-5000-mcd-shotoh-13-cm.jpg\" \/><meta property=\"og:image\" content=\"https:\/\/interpim.erresse-shop.it\/Import\/Prodotti\/miyabi-5000-mcd-shotoh-13-cm.jpg\" \/>\n\t<meta property=\"og:image:width\" content=\"1024\" \/>\n\t<meta property=\"og:image:height\" content=\"1024\" \/>\n\t<meta property=\"og:image:type\" content=\"image\/jpeg\" \/>\n<meta name=\"twitter:card\" content=\"summary_large_image\" \/>\n<meta name=\"twitter:image\" content=\"https:\/\/interpim.erresse-shop.it\/Import\/Prodotti\/miyabi-5000-mcd-shotoh-13-cm.jpg\" \/>\n<script type=\"application\/ld+json\" class=\"yoast-schema-graph\">{\"@context\":\"https:\/\/schema.org\",\"@graph\":[{\"@type\":\"WebPage\",\"@id\":\"https:\/\/dev6.erresse-shop.it\/fr\/shop\/cuisine\/couteaux\/couteaux-de-cuisine\/miyabi-5000-mcd-shotoh-13-cm\/\",\"url\":\"https:\/\/dev6.erresse-shop.it\/fr\/shop\/cuisine\/couteaux\/couteaux-de-cuisine\/miyabi-5000-mcd-shotoh-13-cm\/\",\"name\":\"MIYABI 5000 MCD Shotoh 13 cm - dev6 Erresse\",\"isPartOf\":{\"@id\":\"https:\/\/dev6.erresse-shop.it\/#website\"},\"primaryImageOfPage\":{\"@id\":\"https:\/\/dev6.erresse-shop.it\/fr\/shop\/cuisine\/couteaux\/couteaux-de-cuisine\/miyabi-5000-mcd-shotoh-13-cm\/#primaryimage\"},\"image\":{\"@id\":\"https:\/\/dev6.erresse-shop.it\/fr\/shop\/cuisine\/couteaux\/couteaux-de-cuisine\/miyabi-5000-mcd-shotoh-13-cm\/#primaryimage\"},\"thumbnailUrl\":\"https:\/\/i3.wp.com\/interpim.erresse-shop.it\/Import\/Prodotti\/miyabi-5000-mcd-shotoh-13-cm.jpg?ssl=1\",\"datePublished\":\"2026-04-12T07:41:00+00:00\",\"description\":\"Le couteau SHOTOH de Miyabi est un outil de coupe petit mais fin, unique en son genre. D\u2019une longueur de 13 cm, cette lame extra fine et robuste est\",\"breadcrumb\":{\"@id\":\"https:\/\/dev6.erresse-shop.it\/fr\/shop\/cuisine\/couteaux\/couteaux-de-cuisine\/miyabi-5000-mcd-shotoh-13-cm\/#breadcrumb\"},\"inLanguage\":\"fr-FR\",\"potentialAction\":[{\"@type\":\"ReadAction\",\"target\":[\"https:\/\/dev6.erresse-shop.it\/fr\/shop\/cuisine\/couteaux\/couteaux-de-cuisine\/miyabi-5000-mcd-shotoh-13-cm\/\"]}]},{\"@type\":\"ImageObject\",\"inLanguage\":\"fr-FR\",\"@id\":\"https:\/\/dev6.erresse-shop.it\/fr\/shop\/cuisine\/couteaux\/couteaux-de-cuisine\/miyabi-5000-mcd-shotoh-13-cm\/#primaryimage\",\"url\":\"https:\/\/i3.wp.com\/interpim.erresse-shop.it\/Import\/Prodotti\/miyabi-5000-mcd-shotoh-13-cm.jpg?ssl=1\",\"contentUrl\":\"https:\/\/i3.wp.com\/interpim.erresse-shop.it\/Import\/Prodotti\/miyabi-5000-mcd-shotoh-13-cm.jpg?ssl=1\"},{\"@type\":\"BreadcrumbList\",\"@id\":\"https:\/\/dev6.erresse-shop.it\/fr\/shop\/cuisine\/couteaux\/couteaux-de-cuisine\/miyabi-5000-mcd-shotoh-13-cm\/#breadcrumb\",\"itemListElement\":[{\"@type\":\"ListItem\",\"position\":1,\"name\":\"Home\",\"item\":\"https:\/\/dev6.erresse-shop.it\/\"},{\"@type\":\"ListItem\",\"position\":2,\"name\":\"Boutique\",\"item\":\"https:\/\/dev6.erresse-shop.it\/shop\/\"},{\"@type\":\"ListItem\",\"position\":3,\"name\":\"MIYABI 5000 MCD Shotoh 13 cm\"}]},{\"@type\":\"WebSite\",\"@id\":\"https:\/\/dev6.erresse-shop.it\/#website\",\"url\":\"https:\/\/dev6.erresse-shop.it\/\",\"name\":\"Erresse Shop\",\"description\":\"\",\"publisher\":{\"@id\":\"https:\/\/dev6.erresse-shop.it\/#organization\"},\"potentialAction\":[{\"@type\":\"SearchAction\",\"target\":{\"@type\":\"EntryPoint\",\"urlTemplate\":\"https:\/\/dev6.erresse-shop.it\/?s={search_term_string}\"},\"query-input\":{\"@type\":\"PropertyValueSpecification\",\"valueRequired\":true,\"valueName\":\"search_term_string\"}}],\"inLanguage\":\"fr-FR\"},{\"@type\":\"Organization\",\"@id\":\"https:\/\/dev6.erresse-shop.it\/#organization\",\"name\":\"Erresse Shop\",\"url\":\"https:\/\/dev6.erresse-shop.it\/\",\"logo\":{\"@type\":\"ImageObject\",\"inLanguage\":\"fr-FR\",\"@id\":\"https:\/\/dev6.erresse-shop.it\/#\/schema\/logo\/image\/\",\"url\":\"https:\/\/dev6.erresse-shop.it\/wp-content\/uploads\/2025\/01\/LOGO-ERRESSE-CLASSICO.svg\",\"contentUrl\":\"https:\/\/dev6.erresse-shop.it\/wp-content\/uploads\/2025\/01\/LOGO-ERRESSE-CLASSICO.svg\",\"caption\":\"Erresse Shop\"},\"image\":{\"@id\":\"https:\/\/dev6.erresse-shop.it\/#\/schema\/logo\/image\/\"}}]}<\/script>\n<!-- \/ Yoast SEO plugin. -->","yoast_head_json":{"title":"MIYABI 5000 MCD Shotoh 13 cm - dev6 Erresse","description":"Le couteau SHOTOH de Miyabi est un outil de coupe petit mais fin, unique en son genre. D\u2019une longueur de 13 cm, cette lame extra fine et robuste est","robots":{"index":"noindex","follow":"follow","max-snippet":"max-snippet:-1","max-image-preview":"max-image-preview:large","max-video-preview":"max-video-preview:-1"},"og_locale":"fr_FR","og_type":"article","og_title":"MIYABI 5000 MCD Shotoh 13 cm - dev6 Erresse","og_description":"Le couteau SHOTOH de Miyabi est un outil de coupe petit mais fin, unique en son genre. D\u2019une longueur de 13 cm, cette lame extra fine et robuste est","og_url":"https:\/\/dev6.erresse-shop.it\/fr\/shop\/cuisine\/couteaux\/couteaux-de-cuisine\/miyabi-5000-mcd-shotoh-13-cm\/","og_site_name":"dev6 Erresse","og_image":[{"url":"https:\/\/interpim.erresse-shop.it\/Import\/Prodotti\/miyabi-5000-mcd-shotoh-13-cm.jpg","type":"","width":"","height":""},{"url":"https:\/\/interpim.erresse-shop.it\/Import\/Prodotti\/miyabi-5000-mcd-shotoh-13-cm.jpg","width":1024,"height":1024,"type":"image\/jpeg"}],"twitter_card":"summary_large_image","twitter_image":"https:\/\/interpim.erresse-shop.it\/Import\/Prodotti\/miyabi-5000-mcd-shotoh-13-cm.jpg","schema":{"@context":"https:\/\/schema.org","@graph":[{"@type":"WebPage","@id":"https:\/\/dev6.erresse-shop.it\/fr\/shop\/cuisine\/couteaux\/couteaux-de-cuisine\/miyabi-5000-mcd-shotoh-13-cm\/","url":"https:\/\/dev6.erresse-shop.it\/fr\/shop\/cuisine\/couteaux\/couteaux-de-cuisine\/miyabi-5000-mcd-shotoh-13-cm\/","name":"MIYABI 5000 MCD Shotoh 13 cm - dev6 Erresse","isPartOf":{"@id":"https:\/\/dev6.erresse-shop.it\/#website"},"primaryImageOfPage":{"@id":"https:\/\/dev6.erresse-shop.it\/fr\/shop\/cuisine\/couteaux\/couteaux-de-cuisine\/miyabi-5000-mcd-shotoh-13-cm\/#primaryimage"},"image":{"@id":"https:\/\/dev6.erresse-shop.it\/fr\/shop\/cuisine\/couteaux\/couteaux-de-cuisine\/miyabi-5000-mcd-shotoh-13-cm\/#primaryimage"},"thumbnailUrl":"https:\/\/i3.wp.com\/interpim.erresse-shop.it\/Import\/Prodotti\/miyabi-5000-mcd-shotoh-13-cm.jpg?ssl=1","datePublished":"2026-04-12T07:41:00+00:00","description":"Le couteau SHOTOH de Miyabi est un outil de coupe petit mais fin, unique en son genre. D\u2019une longueur de 13 cm, cette lame extra fine et robuste est","breadcrumb":{"@id":"https:\/\/dev6.erresse-shop.it\/fr\/shop\/cuisine\/couteaux\/couteaux-de-cuisine\/miyabi-5000-mcd-shotoh-13-cm\/#breadcrumb"},"inLanguage":"fr-FR","potentialAction":[{"@type":"ReadAction","target":["https:\/\/dev6.erresse-shop.it\/fr\/shop\/cuisine\/couteaux\/couteaux-de-cuisine\/miyabi-5000-mcd-shotoh-13-cm\/"]}]},{"@type":"ImageObject","inLanguage":"fr-FR","@id":"https:\/\/dev6.erresse-shop.it\/fr\/shop\/cuisine\/couteaux\/couteaux-de-cuisine\/miyabi-5000-mcd-shotoh-13-cm\/#primaryimage","url":"https:\/\/i3.wp.com\/interpim.erresse-shop.it\/Import\/Prodotti\/miyabi-5000-mcd-shotoh-13-cm.jpg?ssl=1","contentUrl":"https:\/\/i3.wp.com\/interpim.erresse-shop.it\/Import\/Prodotti\/miyabi-5000-mcd-shotoh-13-cm.jpg?ssl=1"},{"@type":"BreadcrumbList","@id":"https:\/\/dev6.erresse-shop.it\/fr\/shop\/cuisine\/couteaux\/couteaux-de-cuisine\/miyabi-5000-mcd-shotoh-13-cm\/#breadcrumb","itemListElement":[{"@type":"ListItem","position":1,"name":"Home","item":"https:\/\/dev6.erresse-shop.it\/"},{"@type":"ListItem","position":2,"name":"Boutique","item":"https:\/\/dev6.erresse-shop.it\/shop\/"},{"@type":"ListItem","position":3,"name":"MIYABI 5000 MCD Shotoh 13 cm"}]},{"@type":"WebSite","@id":"https:\/\/dev6.erresse-shop.it\/#website","url":"https:\/\/dev6.erresse-shop.it\/","name":"Erresse Shop","description":"","publisher":{"@id":"https:\/\/dev6.erresse-shop.it\/#organization"},"potentialAction":[{"@type":"SearchAction","target":{"@type":"EntryPoint","urlTemplate":"https:\/\/dev6.erresse-shop.it\/?s={search_term_string}"},"query-input":{"@type":"PropertyValueSpecification","valueRequired":true,"valueName":"search_term_string"}}],"inLanguage":"fr-FR"},{"@type":"Organization","@id":"https:\/\/dev6.erresse-shop.it\/#organization","name":"Erresse Shop","url":"https:\/\/dev6.erresse-shop.it\/","logo":{"@type":"ImageObject","inLanguage":"fr-FR","@id":"https:\/\/dev6.erresse-shop.it\/#\/schema\/logo\/image\/","url":"https:\/\/dev6.erresse-shop.it\/wp-content\/uploads\/2025\/01\/LOGO-ERRESSE-CLASSICO.svg","contentUrl":"https:\/\/dev6.erresse-shop.it\/wp-content\/uploads\/2025\/01\/LOGO-ERRESSE-CLASSICO.svg","caption":"Erresse Shop"},"image":{"@id":"https:\/\/dev6.erresse-shop.it\/#\/schema\/logo\/image\/"}}]}},"df_price":229,"df_sale_price":229,"df_regular_price":309,"df_image_link":"https:\/\/i3.wp.com\/interpim.erresse-shop.it\/Import\/Prodotti\/miyabi-5000-mcd-shotoh-13-cm.jpg?resize=300,300&ssl=1","fifu_image_url":"https:\/\/interpim.erresse-shop.it\/Import\/Prodotti\/miyabi-5000-mcd-shotoh-13-cm.jpg","_links":{"self":[{"href":"https:\/\/dev6.erresse-shop.it\/fr\/wp-json\/wp\/v2\/product\/61619","targetHints":{"allow":["GET"]}}],"collection":[{"href":"https:\/\/dev6.erresse-shop.it\/fr\/wp-json\/wp\/v2\/product"}],"about":[{"href":"https:\/\/dev6.erresse-shop.it\/fr\/wp-json\/wp\/v2\/types\/product"}],"wp:featuredmedia":[{"embeddable":true,"href":"https:\/\/dev6.erresse-shop.it\/fr\/wp-json\/wp\/v2\/media\/6362351"}],"wp:attachment":[{"href":"https:\/\/dev6.erresse-shop.it\/fr\/wp-json\/wp\/v2\/media?parent=61619"}],"wp:term":[{"taxonomy":"product_cat","embeddable":true,"href":"https:\/\/dev6.erresse-shop.it\/fr\/wp-json\/wp\/v2\/product_cat?post=61619"},{"taxonomy":"product_tag","embeddable":true,"href":"https:\/\/dev6.erresse-shop.it\/fr\/wp-json\/wp\/v2\/product_tag?post=61619"}],"curies":[{"name":"wp","href":"https:\/\/api.w.org\/{rel}","templated":true}]}}