{"id":61615,"date":"2026-04-12T09:41:00","date_gmt":"2026-04-12T07:41:00","guid":{"rendered":"https:\/\/dev6.erresse-shop.it\/shop\/non%20class\u00e9\/cookut-panier-de-cuisson-a-la-vapeur-28-cm\/"},"modified":"2025-09-14T04:53:12","modified_gmt":"2025-09-14T02:53:12","slug":"cookut-panier-de-cuisson-a-la-vapeur-28-cm","status":"publish","type":"product","link":"https:\/\/dev6.erresse-shop.it\/fr\/shop\/cuisine\/couteaux\/accessoires\/cookut-panier-de-cuisson-a-la-vapeur-28-cm\/","title":{"rendered":"COOKUT Panier de Cuisson \u00e0 la Vapeur 28 cm"},"content":{"rendered":"<p>Le panier vapeur doit \u00eatre plac\u00e9 sur la cocotte L\u2019Incredibile. Il peut \u00eatre utilis\u00e9 sur 2 niveaux de cuisson avec le plateau vapeur \u00e0 placer sur le fond de la cocotte.<br \/>\nPr\u00e9parez des plats d\u00e9licieux, l\u00e9gers et sains avec ce panier vapeur en acier inoxydable. Il permet une cuisson douce et homog\u00e8ne qui pr\u00e9serve les saveurs et les bienfaits des l\u00e9gumes, poissons, papillotes sans perte de go\u00fbt.<\/p>\n<p>Ce panier vapeur peut se transformer en couscoussier gr\u00e2ce au tamis int\u00e9gr\u00e9. Id\u00e9al pour cuire la semoule et pr\u00e9parer un couscous savoureux.<\/p>\n<p>Le panier vapeur est fabriqu\u00e9 en acier inoxydable et est \u00e9quip\u00e9 de deux poign\u00e9es robustes pour une prise en main s\u00fbre et confortable.<\/p>\n<p>Peut \u00eatre lav\u00e9 au lave-vaisselle.<\/p>\n","protected":false},"excerpt":{"rendered":"<p>Le panier vapeur doit \u00eatre plac\u00e9 sur la cocotte L\u2019Incredibile. Il peut \u00eatre utilis\u00e9 sur 2 niveaux de cuisson avec le plateau vapeur \u00e0 placer sur le fond de la cocotte. Pr\u00e9parez des plats d\u00e9licieux, l\u00e9gers et sains avec ce panier vapeur en acier inoxydable. Il permet une cuisson douce et homog\u00e8ne qui pr\u00e9serve les [&hellip;]<\/p>\n","protected":false},"featured_media":6362333,"template":"","meta":{"_acf_changed":false},"product_cat":[11999,11675,12000,11667,11991],"product_tag":[],"class_list":{"0":"post-61615","1":"product","2":"type-product","3":"status-publish","4":"has-post-thumbnail","6":"product_cat-accessoires","7":"product_cat-accessori","8":"product_cat-marmites-et-cocottes-poeles-pots","9":"product_cat-padelle-pentole","10":"product_cat-poeles-pots","12":"first","13":"instock","14":"sale","15":"taxable","16":"shipping-taxable","17":"purchasable","18":"product-type-simple","swatches":"rey-swatches","show_selected":"","stretch_labels":"rey-swatches--stretch-labels"},"acf":[],"yoast_head":"<!-- This site is optimized with the Yoast SEO plugin v25.4 - https:\/\/yoast.com\/wordpress\/plugins\/seo\/ -->\n<title>COOKUT Panier de Cuisson \u00e0 la Vapeur 28 cm - dev6 Erresse<\/title>\n<meta name=\"description\" content=\"Le panier vapeur doit \u00eatre plac\u00e9 sur la cocotte L\u2019Incredibile. Il peut \u00eatre utilis\u00e9 sur 2 niveaux de cuisson avec le plateau vapeur \u00e0 placer sur le fond\" \/>\n<meta name=\"robots\" content=\"noindex, follow, max-snippet:-1, max-image-preview:large, max-video-preview:-1\" \/>\n<meta property=\"og:locale\" content=\"fr_FR\" \/>\n<meta property=\"og:type\" content=\"article\" \/>\n<meta property=\"og:title\" content=\"COOKUT Panier de Cuisson \u00e0 la Vapeur 28 cm - dev6 Erresse\" \/>\n<meta property=\"og:description\" content=\"Le panier vapeur doit \u00eatre plac\u00e9 sur la cocotte L\u2019Incredibile. Il peut \u00eatre utilis\u00e9 sur 2 niveaux de cuisson avec le plateau vapeur \u00e0 placer sur le fond\" \/>\n<meta property=\"og:url\" content=\"https:\/\/dev6.erresse-shop.it\/fr\/shop\/cuisine\/couteaux\/accessoires\/cookut-panier-de-cuisson-a-la-vapeur-28-cm\/\" \/>\n<meta property=\"og:site_name\" content=\"dev6 Erresse\" \/>\n<meta property=\"og:image\" content=\"https:\/\/interpim.erresse-shop.it\/Import\/Prodotti\/cookut-cestello-per-cottura-a-vapore-24-cm.jpg\" \/><meta property=\"og:image\" content=\"https:\/\/interpim.erresse-shop.it\/Import\/Prodotti\/cookut-cestello-per-cottura-a-vapore-24-cm.jpg\" \/>\n\t<meta property=\"og:image:width\" content=\"1024\" \/>\n\t<meta property=\"og:image:height\" content=\"1024\" \/>\n\t<meta property=\"og:image:type\" content=\"image\/jpeg\" \/>\n<meta name=\"twitter:card\" content=\"summary_large_image\" \/>\n<meta name=\"twitter:image\" content=\"https:\/\/interpim.erresse-shop.it\/Import\/Prodotti\/cookut-cestello-per-cottura-a-vapore-24-cm.jpg\" \/>\n<script type=\"application\/ld+json\" class=\"yoast-schema-graph\">{\"@context\":\"https:\/\/schema.org\",\"@graph\":[{\"@type\":\"WebPage\",\"@id\":\"https:\/\/dev6.erresse-shop.it\/fr\/shop\/cuisine\/couteaux\/accessoires\/cookut-panier-de-cuisson-a-la-vapeur-28-cm\/\",\"url\":\"https:\/\/dev6.erresse-shop.it\/fr\/shop\/cuisine\/couteaux\/accessoires\/cookut-panier-de-cuisson-a-la-vapeur-28-cm\/\",\"name\":\"COOKUT Panier de Cuisson \u00e0 la Vapeur 28 cm - dev6 Erresse\",\"isPartOf\":{\"@id\":\"https:\/\/dev6.erresse-shop.it\/#website\"},\"primaryImageOfPage\":{\"@id\":\"https:\/\/dev6.erresse-shop.it\/fr\/shop\/cuisine\/couteaux\/accessoires\/cookut-panier-de-cuisson-a-la-vapeur-28-cm\/#primaryimage\"},\"image\":{\"@id\":\"https:\/\/dev6.erresse-shop.it\/fr\/shop\/cuisine\/couteaux\/accessoires\/cookut-panier-de-cuisson-a-la-vapeur-28-cm\/#primaryimage\"},\"thumbnailUrl\":\"https:\/\/i0.wp.com\/interpim.erresse-shop.it\/Import\/Prodotti\/cookut-cestello-per-cottura-a-vapore-24-cm.jpg?ssl=1\",\"datePublished\":\"2026-04-12T07:41:00+00:00\",\"description\":\"Le panier vapeur doit \u00eatre plac\u00e9 sur la cocotte L\u2019Incredibile. Il peut \u00eatre utilis\u00e9 sur 2 niveaux de cuisson avec le plateau vapeur \u00e0 placer sur le fond\",\"breadcrumb\":{\"@id\":\"https:\/\/dev6.erresse-shop.it\/fr\/shop\/cuisine\/couteaux\/accessoires\/cookut-panier-de-cuisson-a-la-vapeur-28-cm\/#breadcrumb\"},\"inLanguage\":\"fr-FR\",\"potentialAction\":[{\"@type\":\"ReadAction\",\"target\":[\"https:\/\/dev6.erresse-shop.it\/fr\/shop\/cuisine\/couteaux\/accessoires\/cookut-panier-de-cuisson-a-la-vapeur-28-cm\/\"]}]},{\"@type\":\"ImageObject\",\"inLanguage\":\"fr-FR\",\"@id\":\"https:\/\/dev6.erresse-shop.it\/fr\/shop\/cuisine\/couteaux\/accessoires\/cookut-panier-de-cuisson-a-la-vapeur-28-cm\/#primaryimage\",\"url\":\"https:\/\/i0.wp.com\/interpim.erresse-shop.it\/Import\/Prodotti\/cookut-cestello-per-cottura-a-vapore-24-cm.jpg?ssl=1\",\"contentUrl\":\"https:\/\/i0.wp.com\/interpim.erresse-shop.it\/Import\/Prodotti\/cookut-cestello-per-cottura-a-vapore-24-cm.jpg?ssl=1\"},{\"@type\":\"BreadcrumbList\",\"@id\":\"https:\/\/dev6.erresse-shop.it\/fr\/shop\/cuisine\/couteaux\/accessoires\/cookut-panier-de-cuisson-a-la-vapeur-28-cm\/#breadcrumb\",\"itemListElement\":[{\"@type\":\"ListItem\",\"position\":1,\"name\":\"Home\",\"item\":\"https:\/\/dev6.erresse-shop.it\/\"},{\"@type\":\"ListItem\",\"position\":2,\"name\":\"Boutique\",\"item\":\"https:\/\/dev6.erresse-shop.it\/shop\/\"},{\"@type\":\"ListItem\",\"position\":3,\"name\":\"COOKUT Panier de Cuisson \u00e0 la Vapeur 28 cm\"}]},{\"@type\":\"WebSite\",\"@id\":\"https:\/\/dev6.erresse-shop.it\/#website\",\"url\":\"https:\/\/dev6.erresse-shop.it\/\",\"name\":\"Erresse Shop\",\"description\":\"\",\"publisher\":{\"@id\":\"https:\/\/dev6.erresse-shop.it\/#organization\"},\"potentialAction\":[{\"@type\":\"SearchAction\",\"target\":{\"@type\":\"EntryPoint\",\"urlTemplate\":\"https:\/\/dev6.erresse-shop.it\/?s={search_term_string}\"},\"query-input\":{\"@type\":\"PropertyValueSpecification\",\"valueRequired\":true,\"valueName\":\"search_term_string\"}}],\"inLanguage\":\"fr-FR\"},{\"@type\":\"Organization\",\"@id\":\"https:\/\/dev6.erresse-shop.it\/#organization\",\"name\":\"Erresse Shop\",\"url\":\"https:\/\/dev6.erresse-shop.it\/\",\"logo\":{\"@type\":\"ImageObject\",\"inLanguage\":\"fr-FR\",\"@id\":\"https:\/\/dev6.erresse-shop.it\/#\/schema\/logo\/image\/\",\"url\":\"https:\/\/dev6.erresse-shop.it\/wp-content\/uploads\/2025\/01\/LOGO-ERRESSE-CLASSICO.svg\",\"contentUrl\":\"https:\/\/dev6.erresse-shop.it\/wp-content\/uploads\/2025\/01\/LOGO-ERRESSE-CLASSICO.svg\",\"caption\":\"Erresse Shop\"},\"image\":{\"@id\":\"https:\/\/dev6.erresse-shop.it\/#\/schema\/logo\/image\/\"}}]}<\/script>\n<!-- \/ Yoast SEO plugin. -->","yoast_head_json":{"title":"COOKUT Panier de Cuisson \u00e0 la Vapeur 28 cm - dev6 Erresse","description":"Le panier vapeur doit \u00eatre plac\u00e9 sur la cocotte L\u2019Incredibile. Il peut \u00eatre utilis\u00e9 sur 2 niveaux de cuisson avec le plateau vapeur \u00e0 placer sur le fond","robots":{"index":"noindex","follow":"follow","max-snippet":"max-snippet:-1","max-image-preview":"max-image-preview:large","max-video-preview":"max-video-preview:-1"},"og_locale":"fr_FR","og_type":"article","og_title":"COOKUT Panier de Cuisson \u00e0 la Vapeur 28 cm - dev6 Erresse","og_description":"Le panier vapeur doit \u00eatre plac\u00e9 sur la cocotte L\u2019Incredibile. Il peut \u00eatre utilis\u00e9 sur 2 niveaux de cuisson avec le plateau vapeur \u00e0 placer sur le fond","og_url":"https:\/\/dev6.erresse-shop.it\/fr\/shop\/cuisine\/couteaux\/accessoires\/cookut-panier-de-cuisson-a-la-vapeur-28-cm\/","og_site_name":"dev6 Erresse","og_image":[{"url":"https:\/\/interpim.erresse-shop.it\/Import\/Prodotti\/cookut-cestello-per-cottura-a-vapore-24-cm.jpg","type":"","width":"","height":""},{"url":"https:\/\/interpim.erresse-shop.it\/Import\/Prodotti\/cookut-cestello-per-cottura-a-vapore-24-cm.jpg","width":1024,"height":1024,"type":"image\/jpeg"}],"twitter_card":"summary_large_image","twitter_image":"https:\/\/interpim.erresse-shop.it\/Import\/Prodotti\/cookut-cestello-per-cottura-a-vapore-24-cm.jpg","schema":{"@context":"https:\/\/schema.org","@graph":[{"@type":"WebPage","@id":"https:\/\/dev6.erresse-shop.it\/fr\/shop\/cuisine\/couteaux\/accessoires\/cookut-panier-de-cuisson-a-la-vapeur-28-cm\/","url":"https:\/\/dev6.erresse-shop.it\/fr\/shop\/cuisine\/couteaux\/accessoires\/cookut-panier-de-cuisson-a-la-vapeur-28-cm\/","name":"COOKUT Panier de Cuisson \u00e0 la Vapeur 28 cm - dev6 Erresse","isPartOf":{"@id":"https:\/\/dev6.erresse-shop.it\/#website"},"primaryImageOfPage":{"@id":"https:\/\/dev6.erresse-shop.it\/fr\/shop\/cuisine\/couteaux\/accessoires\/cookut-panier-de-cuisson-a-la-vapeur-28-cm\/#primaryimage"},"image":{"@id":"https:\/\/dev6.erresse-shop.it\/fr\/shop\/cuisine\/couteaux\/accessoires\/cookut-panier-de-cuisson-a-la-vapeur-28-cm\/#primaryimage"},"thumbnailUrl":"https:\/\/i0.wp.com\/interpim.erresse-shop.it\/Import\/Prodotti\/cookut-cestello-per-cottura-a-vapore-24-cm.jpg?ssl=1","datePublished":"2026-04-12T07:41:00+00:00","description":"Le panier vapeur doit \u00eatre plac\u00e9 sur la cocotte L\u2019Incredibile. Il peut \u00eatre utilis\u00e9 sur 2 niveaux de cuisson avec le plateau vapeur \u00e0 placer sur le fond","breadcrumb":{"@id":"https:\/\/dev6.erresse-shop.it\/fr\/shop\/cuisine\/couteaux\/accessoires\/cookut-panier-de-cuisson-a-la-vapeur-28-cm\/#breadcrumb"},"inLanguage":"fr-FR","potentialAction":[{"@type":"ReadAction","target":["https:\/\/dev6.erresse-shop.it\/fr\/shop\/cuisine\/couteaux\/accessoires\/cookut-panier-de-cuisson-a-la-vapeur-28-cm\/"]}]},{"@type":"ImageObject","inLanguage":"fr-FR","@id":"https:\/\/dev6.erresse-shop.it\/fr\/shop\/cuisine\/couteaux\/accessoires\/cookut-panier-de-cuisson-a-la-vapeur-28-cm\/#primaryimage","url":"https:\/\/i0.wp.com\/interpim.erresse-shop.it\/Import\/Prodotti\/cookut-cestello-per-cottura-a-vapore-24-cm.jpg?ssl=1","contentUrl":"https:\/\/i0.wp.com\/interpim.erresse-shop.it\/Import\/Prodotti\/cookut-cestello-per-cottura-a-vapore-24-cm.jpg?ssl=1"},{"@type":"BreadcrumbList","@id":"https:\/\/dev6.erresse-shop.it\/fr\/shop\/cuisine\/couteaux\/accessoires\/cookut-panier-de-cuisson-a-la-vapeur-28-cm\/#breadcrumb","itemListElement":[{"@type":"ListItem","position":1,"name":"Home","item":"https:\/\/dev6.erresse-shop.it\/"},{"@type":"ListItem","position":2,"name":"Boutique","item":"https:\/\/dev6.erresse-shop.it\/shop\/"},{"@type":"ListItem","position":3,"name":"COOKUT Panier de Cuisson \u00e0 la Vapeur 28 cm"}]},{"@type":"WebSite","@id":"https:\/\/dev6.erresse-shop.it\/#website","url":"https:\/\/dev6.erresse-shop.it\/","name":"Erresse Shop","description":"","publisher":{"@id":"https:\/\/dev6.erresse-shop.it\/#organization"},"potentialAction":[{"@type":"SearchAction","target":{"@type":"EntryPoint","urlTemplate":"https:\/\/dev6.erresse-shop.it\/?s={search_term_string}"},"query-input":{"@type":"PropertyValueSpecification","valueRequired":true,"valueName":"search_term_string"}}],"inLanguage":"fr-FR"},{"@type":"Organization","@id":"https:\/\/dev6.erresse-shop.it\/#organization","name":"Erresse Shop","url":"https:\/\/dev6.erresse-shop.it\/","logo":{"@type":"ImageObject","inLanguage":"fr-FR","@id":"https:\/\/dev6.erresse-shop.it\/#\/schema\/logo\/image\/","url":"https:\/\/dev6.erresse-shop.it\/wp-content\/uploads\/2025\/01\/LOGO-ERRESSE-CLASSICO.svg","contentUrl":"https:\/\/dev6.erresse-shop.it\/wp-content\/uploads\/2025\/01\/LOGO-ERRESSE-CLASSICO.svg","caption":"Erresse Shop"},"image":{"@id":"https:\/\/dev6.erresse-shop.it\/#\/schema\/logo\/image\/"}}]}},"df_price":39.9,"df_sale_price":39.9,"df_regular_price":44.95,"df_image_link":"https:\/\/i0.wp.com\/interpim.erresse-shop.it\/Import\/Prodotti\/cookut-cestello-per-cottura-a-vapore-24-cm.jpg?resize=300,300&ssl=1","fifu_image_url":"https:\/\/interpim.erresse-shop.it\/Import\/Prodotti\/cookut-cestello-per-cottura-a-vapore-24-cm.jpg","_links":{"self":[{"href":"https:\/\/dev6.erresse-shop.it\/fr\/wp-json\/wp\/v2\/product\/61615","targetHints":{"allow":["GET"]}}],"collection":[{"href":"https:\/\/dev6.erresse-shop.it\/fr\/wp-json\/wp\/v2\/product"}],"about":[{"href":"https:\/\/dev6.erresse-shop.it\/fr\/wp-json\/wp\/v2\/types\/product"}],"wp:featuredmedia":[{"embeddable":true,"href":"https:\/\/dev6.erresse-shop.it\/fr\/wp-json\/wp\/v2\/media\/6362333"}],"wp:attachment":[{"href":"https:\/\/dev6.erresse-shop.it\/fr\/wp-json\/wp\/v2\/media?parent=61615"}],"wp:term":[{"taxonomy":"product_cat","embeddable":true,"href":"https:\/\/dev6.erresse-shop.it\/fr\/wp-json\/wp\/v2\/product_cat?post=61615"},{"taxonomy":"product_tag","embeddable":true,"href":"https:\/\/dev6.erresse-shop.it\/fr\/wp-json\/wp\/v2\/product_tag?post=61615"}],"curies":[{"name":"wp","href":"https:\/\/api.w.org\/{rel}","templated":true}]}}