{"id":61573,"date":"2026-04-12T09:39:33","date_gmt":"2026-04-12T07:39:33","guid":{"rendered":"https:\/\/dev6.erresse-shop.it\/shop\/non%20class\u00e9\/marcato-ravioli-tablet-rose\/"},"modified":"2025-07-04T17:00:15","modified_gmt":"2025-07-04T15:00:15","slug":"marcato-ravioli-tablet-rose","status":"publish","type":"product","link":"https:\/\/dev6.erresse-shop.it\/fr\/shop\/cuisine\/machines-pour-pates\/marcato-ravioli-tablet-rose\/","title":{"rendered":"MARCATO Ravioli Tablet Rose"},"content":{"rendered":"<p>La planche de p\u00e2tes farcies solide qui permet de faire 10 savoureux raviolis \u00e0 la fois en quelques minutes.<\/p>\n<p>Un concentr\u00e9 de technologie et de design<br \/>\nRavioli Tablet est con\u00e7u pour offrir un maximum de fonctionnalit\u00e9s avec un style moderne et personnalisable.<br \/>\nLa base est en aluminium anodis\u00e9 solide pour l\u2019alimentation, en 6 belles couleurs, sans danger pour la sant\u00e9 et garantie pour longtemps.<br \/>\nLa surface de coupe amovible est en polycarbonate transparent de qualit\u00e9 alimentaire, facile \u00e0 nettoyer et toujours propre et pr\u00e9cise.<\/p>\n","protected":false},"excerpt":{"rendered":"<p>La planche de p\u00e2tes farcies solide qui permet de faire 10 savoureux raviolis \u00e0 la fois en quelques minutes. Un concentr\u00e9 de technologie et de design Ravioli Tablet est con\u00e7u pour offrir un maximum de fonctionnalit\u00e9s avec un style moderne et personnalisable. La base est en aluminium anodis\u00e9 solide pour l\u2019alimentation, en 6 belles couleurs, [&hellip;]<\/p>\n","protected":false},"featured_media":6362168,"template":"","meta":{"_acf_changed":false},"product_cat":[11668,11992,12052],"product_tag":[],"class_list":{"0":"post-61573","1":"product","2":"type-product","3":"status-publish","4":"has-post-thumbnail","6":"product_cat-cucina","7":"product_cat-cuisine","8":"product_cat-machines-pour-pates","10":"first","11":"instock","12":"sale","13":"taxable","14":"shipping-taxable","15":"purchasable","16":"product-type-simple","swatches":"rey-swatches","show_selected":"","stretch_labels":"rey-swatches--stretch-labels"},"acf":[],"yoast_head":"<!-- This site is optimized with the Yoast SEO plugin v25.4 - https:\/\/yoast.com\/wordpress\/plugins\/seo\/ -->\n<title>MARCATO Ravioli Tablet Rose - dev6 Erresse<\/title>\n<meta name=\"description\" content=\"La planche de p\u00e2tes farcies solide qui permet de faire 10 savoureux raviolis \u00e0 la fois en quelques minutes. Un concentr\u00e9 de technologie et de design\" \/>\n<meta name=\"robots\" content=\"noindex, follow, max-snippet:-1, max-image-preview:large, max-video-preview:-1\" \/>\n<meta property=\"og:locale\" content=\"fr_FR\" \/>\n<meta property=\"og:type\" content=\"article\" \/>\n<meta property=\"og:title\" content=\"MARCATO Ravioli Tablet Rose - dev6 Erresse\" \/>\n<meta property=\"og:description\" content=\"La planche de p\u00e2tes farcies solide qui permet de faire 10 savoureux raviolis \u00e0 la fois en quelques minutes. Un concentr\u00e9 de technologie et de design\" \/>\n<meta property=\"og:url\" content=\"https:\/\/dev6.erresse-shop.it\/fr\/shop\/cuisine\/machines-pour-pates\/marcato-ravioli-tablet-rose\/\" \/>\n<meta property=\"og:site_name\" content=\"dev6 Erresse\" \/>\n<meta property=\"og:image\" content=\"https:\/\/interpim.erresse-shop.it\/Import\/Prodotti\/marcato-ravioli-tablet-rosa.jpg\" \/><meta property=\"og:image\" content=\"https:\/\/interpim.erresse-shop.it\/Import\/Prodotti\/marcato-ravioli-tablet-rosa.jpg\" \/>\n\t<meta property=\"og:image:width\" content=\"1024\" \/>\n\t<meta property=\"og:image:height\" content=\"1024\" \/>\n\t<meta property=\"og:image:type\" content=\"image\/jpeg\" \/>\n<meta name=\"twitter:card\" content=\"summary_large_image\" \/>\n<meta name=\"twitter:image\" content=\"https:\/\/interpim.erresse-shop.it\/Import\/Prodotti\/marcato-ravioli-tablet-rosa.jpg\" \/>\n<script type=\"application\/ld+json\" class=\"yoast-schema-graph\">{\"@context\":\"https:\/\/schema.org\",\"@graph\":[{\"@type\":\"WebPage\",\"@id\":\"https:\/\/dev6.erresse-shop.it\/fr\/shop\/cuisine\/machines-pour-pates\/marcato-ravioli-tablet-rose\/\",\"url\":\"https:\/\/dev6.erresse-shop.it\/fr\/shop\/cuisine\/machines-pour-pates\/marcato-ravioli-tablet-rose\/\",\"name\":\"MARCATO Ravioli Tablet Rose - dev6 Erresse\",\"isPartOf\":{\"@id\":\"https:\/\/dev6.erresse-shop.it\/#website\"},\"primaryImageOfPage\":{\"@id\":\"https:\/\/dev6.erresse-shop.it\/fr\/shop\/cuisine\/machines-pour-pates\/marcato-ravioli-tablet-rose\/#primaryimage\"},\"image\":{\"@id\":\"https:\/\/dev6.erresse-shop.it\/fr\/shop\/cuisine\/machines-pour-pates\/marcato-ravioli-tablet-rose\/#primaryimage\"},\"thumbnailUrl\":\"https:\/\/i2.wp.com\/interpim.erresse-shop.it\/Import\/Prodotti\/marcato-ravioli-tablet-rosa.jpg?ssl=1\",\"datePublished\":\"2026-04-12T07:39:33+00:00\",\"description\":\"La planche de p\u00e2tes farcies solide qui permet de faire 10 savoureux raviolis \u00e0 la fois en quelques minutes. Un concentr\u00e9 de technologie et de design\",\"breadcrumb\":{\"@id\":\"https:\/\/dev6.erresse-shop.it\/fr\/shop\/cuisine\/machines-pour-pates\/marcato-ravioli-tablet-rose\/#breadcrumb\"},\"inLanguage\":\"fr-FR\",\"potentialAction\":[{\"@type\":\"ReadAction\",\"target\":[\"https:\/\/dev6.erresse-shop.it\/fr\/shop\/cuisine\/machines-pour-pates\/marcato-ravioli-tablet-rose\/\"]}]},{\"@type\":\"ImageObject\",\"inLanguage\":\"fr-FR\",\"@id\":\"https:\/\/dev6.erresse-shop.it\/fr\/shop\/cuisine\/machines-pour-pates\/marcato-ravioli-tablet-rose\/#primaryimage\",\"url\":\"https:\/\/i2.wp.com\/interpim.erresse-shop.it\/Import\/Prodotti\/marcato-ravioli-tablet-rosa.jpg?ssl=1\",\"contentUrl\":\"https:\/\/i2.wp.com\/interpim.erresse-shop.it\/Import\/Prodotti\/marcato-ravioli-tablet-rosa.jpg?ssl=1\"},{\"@type\":\"BreadcrumbList\",\"@id\":\"https:\/\/dev6.erresse-shop.it\/fr\/shop\/cuisine\/machines-pour-pates\/marcato-ravioli-tablet-rose\/#breadcrumb\",\"itemListElement\":[{\"@type\":\"ListItem\",\"position\":1,\"name\":\"Home\",\"item\":\"https:\/\/dev6.erresse-shop.it\/\"},{\"@type\":\"ListItem\",\"position\":2,\"name\":\"Boutique\",\"item\":\"https:\/\/dev6.erresse-shop.it\/shop\/\"},{\"@type\":\"ListItem\",\"position\":3,\"name\":\"MARCATO Ravioli Tablet Rose\"}]},{\"@type\":\"WebSite\",\"@id\":\"https:\/\/dev6.erresse-shop.it\/#website\",\"url\":\"https:\/\/dev6.erresse-shop.it\/\",\"name\":\"Erresse Shop\",\"description\":\"\",\"publisher\":{\"@id\":\"https:\/\/dev6.erresse-shop.it\/#organization\"},\"potentialAction\":[{\"@type\":\"SearchAction\",\"target\":{\"@type\":\"EntryPoint\",\"urlTemplate\":\"https:\/\/dev6.erresse-shop.it\/?s={search_term_string}\"},\"query-input\":{\"@type\":\"PropertyValueSpecification\",\"valueRequired\":true,\"valueName\":\"search_term_string\"}}],\"inLanguage\":\"fr-FR\"},{\"@type\":\"Organization\",\"@id\":\"https:\/\/dev6.erresse-shop.it\/#organization\",\"name\":\"Erresse Shop\",\"url\":\"https:\/\/dev6.erresse-shop.it\/\",\"logo\":{\"@type\":\"ImageObject\",\"inLanguage\":\"fr-FR\",\"@id\":\"https:\/\/dev6.erresse-shop.it\/#\/schema\/logo\/image\/\",\"url\":\"https:\/\/dev6.erresse-shop.it\/wp-content\/uploads\/2025\/01\/LOGO-ERRESSE-CLASSICO.svg\",\"contentUrl\":\"https:\/\/dev6.erresse-shop.it\/wp-content\/uploads\/2025\/01\/LOGO-ERRESSE-CLASSICO.svg\",\"caption\":\"Erresse Shop\"},\"image\":{\"@id\":\"https:\/\/dev6.erresse-shop.it\/#\/schema\/logo\/image\/\"}}]}<\/script>\n<!-- \/ Yoast SEO plugin. -->","yoast_head_json":{"title":"MARCATO Ravioli Tablet Rose - dev6 Erresse","description":"La planche de p\u00e2tes farcies solide qui permet de faire 10 savoureux raviolis \u00e0 la fois en quelques minutes. Un concentr\u00e9 de technologie et de design","robots":{"index":"noindex","follow":"follow","max-snippet":"max-snippet:-1","max-image-preview":"max-image-preview:large","max-video-preview":"max-video-preview:-1"},"og_locale":"fr_FR","og_type":"article","og_title":"MARCATO Ravioli Tablet Rose - dev6 Erresse","og_description":"La planche de p\u00e2tes farcies solide qui permet de faire 10 savoureux raviolis \u00e0 la fois en quelques minutes. Un concentr\u00e9 de technologie et de design","og_url":"https:\/\/dev6.erresse-shop.it\/fr\/shop\/cuisine\/machines-pour-pates\/marcato-ravioli-tablet-rose\/","og_site_name":"dev6 Erresse","og_image":[{"url":"https:\/\/interpim.erresse-shop.it\/Import\/Prodotti\/marcato-ravioli-tablet-rosa.jpg","type":"","width":"","height":""},{"url":"https:\/\/interpim.erresse-shop.it\/Import\/Prodotti\/marcato-ravioli-tablet-rosa.jpg","width":1024,"height":1024,"type":"image\/jpeg"}],"twitter_card":"summary_large_image","twitter_image":"https:\/\/interpim.erresse-shop.it\/Import\/Prodotti\/marcato-ravioli-tablet-rosa.jpg","schema":{"@context":"https:\/\/schema.org","@graph":[{"@type":"WebPage","@id":"https:\/\/dev6.erresse-shop.it\/fr\/shop\/cuisine\/machines-pour-pates\/marcato-ravioli-tablet-rose\/","url":"https:\/\/dev6.erresse-shop.it\/fr\/shop\/cuisine\/machines-pour-pates\/marcato-ravioli-tablet-rose\/","name":"MARCATO Ravioli Tablet Rose - dev6 Erresse","isPartOf":{"@id":"https:\/\/dev6.erresse-shop.it\/#website"},"primaryImageOfPage":{"@id":"https:\/\/dev6.erresse-shop.it\/fr\/shop\/cuisine\/machines-pour-pates\/marcato-ravioli-tablet-rose\/#primaryimage"},"image":{"@id":"https:\/\/dev6.erresse-shop.it\/fr\/shop\/cuisine\/machines-pour-pates\/marcato-ravioli-tablet-rose\/#primaryimage"},"thumbnailUrl":"https:\/\/i2.wp.com\/interpim.erresse-shop.it\/Import\/Prodotti\/marcato-ravioli-tablet-rosa.jpg?ssl=1","datePublished":"2026-04-12T07:39:33+00:00","description":"La planche de p\u00e2tes farcies solide qui permet de faire 10 savoureux raviolis \u00e0 la fois en quelques minutes. Un concentr\u00e9 de technologie et de design","breadcrumb":{"@id":"https:\/\/dev6.erresse-shop.it\/fr\/shop\/cuisine\/machines-pour-pates\/marcato-ravioli-tablet-rose\/#breadcrumb"},"inLanguage":"fr-FR","potentialAction":[{"@type":"ReadAction","target":["https:\/\/dev6.erresse-shop.it\/fr\/shop\/cuisine\/machines-pour-pates\/marcato-ravioli-tablet-rose\/"]}]},{"@type":"ImageObject","inLanguage":"fr-FR","@id":"https:\/\/dev6.erresse-shop.it\/fr\/shop\/cuisine\/machines-pour-pates\/marcato-ravioli-tablet-rose\/#primaryimage","url":"https:\/\/i2.wp.com\/interpim.erresse-shop.it\/Import\/Prodotti\/marcato-ravioli-tablet-rosa.jpg?ssl=1","contentUrl":"https:\/\/i2.wp.com\/interpim.erresse-shop.it\/Import\/Prodotti\/marcato-ravioli-tablet-rosa.jpg?ssl=1"},{"@type":"BreadcrumbList","@id":"https:\/\/dev6.erresse-shop.it\/fr\/shop\/cuisine\/machines-pour-pates\/marcato-ravioli-tablet-rose\/#breadcrumb","itemListElement":[{"@type":"ListItem","position":1,"name":"Home","item":"https:\/\/dev6.erresse-shop.it\/"},{"@type":"ListItem","position":2,"name":"Boutique","item":"https:\/\/dev6.erresse-shop.it\/shop\/"},{"@type":"ListItem","position":3,"name":"MARCATO Ravioli Tablet Rose"}]},{"@type":"WebSite","@id":"https:\/\/dev6.erresse-shop.it\/#website","url":"https:\/\/dev6.erresse-shop.it\/","name":"Erresse Shop","description":"","publisher":{"@id":"https:\/\/dev6.erresse-shop.it\/#organization"},"potentialAction":[{"@type":"SearchAction","target":{"@type":"EntryPoint","urlTemplate":"https:\/\/dev6.erresse-shop.it\/?s={search_term_string}"},"query-input":{"@type":"PropertyValueSpecification","valueRequired":true,"valueName":"search_term_string"}}],"inLanguage":"fr-FR"},{"@type":"Organization","@id":"https:\/\/dev6.erresse-shop.it\/#organization","name":"Erresse Shop","url":"https:\/\/dev6.erresse-shop.it\/","logo":{"@type":"ImageObject","inLanguage":"fr-FR","@id":"https:\/\/dev6.erresse-shop.it\/#\/schema\/logo\/image\/","url":"https:\/\/dev6.erresse-shop.it\/wp-content\/uploads\/2025\/01\/LOGO-ERRESSE-CLASSICO.svg","contentUrl":"https:\/\/dev6.erresse-shop.it\/wp-content\/uploads\/2025\/01\/LOGO-ERRESSE-CLASSICO.svg","caption":"Erresse Shop"},"image":{"@id":"https:\/\/dev6.erresse-shop.it\/#\/schema\/logo\/image\/"}}]}},"df_price":99,"df_sale_price":99,"df_regular_price":116.9,"df_image_link":"https:\/\/i2.wp.com\/interpim.erresse-shop.it\/Import\/Prodotti\/marcato-ravioli-tablet-rosa.jpg?resize=300,300&ssl=1","fifu_image_url":"https:\/\/interpim.erresse-shop.it\/Import\/Prodotti\/marcato-ravioli-tablet-rosa.jpg","_links":{"self":[{"href":"https:\/\/dev6.erresse-shop.it\/fr\/wp-json\/wp\/v2\/product\/61573","targetHints":{"allow":["GET"]}}],"collection":[{"href":"https:\/\/dev6.erresse-shop.it\/fr\/wp-json\/wp\/v2\/product"}],"about":[{"href":"https:\/\/dev6.erresse-shop.it\/fr\/wp-json\/wp\/v2\/types\/product"}],"wp:featuredmedia":[{"embeddable":true,"href":"https:\/\/dev6.erresse-shop.it\/fr\/wp-json\/wp\/v2\/media\/6362168"}],"wp:attachment":[{"href":"https:\/\/dev6.erresse-shop.it\/fr\/wp-json\/wp\/v2\/media?parent=61573"}],"wp:term":[{"taxonomy":"product_cat","embeddable":true,"href":"https:\/\/dev6.erresse-shop.it\/fr\/wp-json\/wp\/v2\/product_cat?post=61573"},{"taxonomy":"product_tag","embeddable":true,"href":"https:\/\/dev6.erresse-shop.it\/fr\/wp-json\/wp\/v2\/product_tag?post=61573"}],"curies":[{"name":"wp","href":"https:\/\/api.w.org\/{rel}","templated":true}]}}