{"id":61563,"date":"2026-04-12T09:39:33","date_gmt":"2026-04-12T07:39:33","guid":{"rendered":"https:\/\/dev6.erresse-shop.it\/shop\/non%20class\u00e9\/marcato-machine-a-biscuits-azure\/"},"modified":"2025-09-14T04:52:16","modified_gmt":"2025-09-14T02:52:16","slug":"marcato-machine-a-biscuits-azure","status":"publish","type":"product","link":"https:\/\/dev6.erresse-shop.it\/fr\/shop\/cuisine\/machines-a-biscuits\/marcato-machine-a-biscuits-azure\/","title":{"rendered":"MARCATO Machine \u00e0 Biscuits Azure"},"content":{"rendered":"<p>Biscuits est la presse \u00e0 biscuits la plus rapide et la plus amusante pour faire des biscuits maison.<br \/>\nEn quelques gestes simples, vous cr\u00e9ez 20 formes diff\u00e9rentes et 2 tailles de biscuits, \u00e0 d\u00e9corer comme vous le souhaitez. Elle vous fera red\u00e9couvrir le go\u00fbt, l\u2019odeur et l\u2019authenticit\u00e9 des biscuits fra\u00eechement sortis du four.<\/p>\n<p>Color\u00e9, pour votre cuisine<br \/>\nBiscuits n\u2019est pas une simple biscuiterie : nous avons cr\u00e9\u00e9 un design attrayant et agr\u00e9able \u00e0 utiliser.<br \/>\nElle est fabriqu\u00e9e en aluminium anodis\u00e9 de qualit\u00e9 alimentaire, disponible en 7 couleurs diff\u00e9rentes, avec des anneaux en acier et des composants en ABS.<br \/>\nBiscuits est solide \u00e0 utiliser et sans danger pour la sant\u00e9.<\/p>\n<p>Des biscuits au go\u00fbt classique<br \/>\nLa version Classic de la machine \u00e0 biscuits conserve les m\u00eames qualit\u00e9s de construction, avec des lignes plus simples et un design qui s\u2019adapte \u00e0 toutes les cuisines.<\/p>\n<p>LA P\u00c2TE \u00c0 BISCUITS<br \/>\nIngr\u00e9dients :<\/p>\n<p>500 g de farine de bl\u00e9 \u201c00<br \/>\n200 g de sucre<br \/>\n250 g de beurre<br \/>\n4 jaunes d\u2019oeufs<br \/>\n1 pinc\u00e9e de sel<br \/>\n1 petite tasse de lait<\/p>\n<p>M\u00e9langer la farine, le sucre et une pinc\u00e9e de sel dans un bol. Verser les jaunes d\u2019\u0153ufs au milieu et m\u00e9langer le tout \u00e0 l\u2019aide d\u2019une fourchette. Ajouter le beurre fondu au bain-marie, le lait et p\u00e9trir la p\u00e2te avec les mains jusqu\u2019\u00e0 ce qu\u2019elle soit bien lisse et souple.<\/p>\n<p>PR\u00c9PARATION DES BISCUITS POUR L\u2019UTILISATION<br \/>\nD\u00e9visser l\u2019\u00e9crou de la bague de fermeture de la fili\u00e8re et soulever le piston. Remplir le cylindre de biscuits avec une partie de la p\u00e2te. Ins\u00e9rer le moule choisi \u00e0 l\u2019int\u00e9rieur de l\u2019anneau de fermeture, en maintenant la partie sur\u00e9lev\u00e9e du moule orient\u00e9e vers le bas. Visser fermement l\u2019anneau de fermeture sur le cylindre. Choisissez la taille des biscuits que vous voulez faire en tournant le dispositif de r\u00e9glage situ\u00e9 sous le levier.<\/p>\n<p>COMMENT FAIRE DES BISCUITS<br \/>\nTournez le bouton sup\u00e9rieur jusqu\u2019\u00e0 ce que le c\u00f4t\u00e9 dent\u00e9 se trouve du c\u00f4t\u00e9 du levier. Abaissez le levier plusieurs fois jusqu\u2019\u00e0 ce que la p\u00e2te sorte uniform\u00e9ment des trous de la fili\u00e8re. Retirer la p\u00e2te de la fili\u00e8re. Placez les biscuits directement sur la plaque de cuisson propre, sans ajouter de beurre ni de papier sulfuris\u00e9. Appuyez sur le levier et retirez les biscuits de la plaque de cuisson. Le biscuit aura coll\u00e9 \u00e0 la surface. Proc\u00e9dez ainsi jusqu\u2019\u00e0 ce que la plaque soit enti\u00e8rement remplie. Pr\u00e9chauffer le four \u00e0 environ 180 \u00b0C. Faites cuire la plaque avec les biscuits pendant environ 20 minutes. Lorsque les biscuits sont cuits, retirez-les de la plaque et d\u00e9corez-les comme vous le souhaitez.<\/p>\n<p>CONSEILS<\/p>\n<p>Avant d\u2019utiliser la machine, lavez tous les composants \u00e0 l\u2019eau chaude avec du d\u00e9tergent et s\u00e9chez-les imm\u00e9diatement avec un chiffon ;<br \/>\nPour soulever le piston, tournez le bouton jusqu\u2019\u00e0 ce que le c\u00f4t\u00e9 dent\u00e9 soit positionn\u00e9 dans la direction oppos\u00e9e au levier ;<br \/>\nToujours s\u00e9cher soigneusement tous les composants des biscuits ;<br \/>\nD\u00e9corez les biscuits avec de la confiture, des p\u00e9pites de chocolat, du gla\u00e7age ou des fruits confits, fruits confits ;<br \/>\nUtilisez des ingr\u00e9dients de haute qualit\u00e9 pour obtenir des biscuits friables et savoureux.<\/p>\n<p>ENTRETIEN ET MAINTENANCE<br \/>\nQuelques petits gestes suffisent pour entretenir la machine \u00e0 biscuits pendant longtemps. Ne lavez jamais l\u2019appareil \u00e0 l\u2019eau ou au lave-vaisselle. Apr\u00e8s chaque utilisation, lavez toutes les parties de la machine avec de l\u2019eau chaude et du d\u00e9tergent. Utilisez une petite brosse ou un cure-dent pour enlever les r\u00e9sidus de p\u00e2te sur les fili\u00e8res et les viroles. Apr\u00e8s le lavage, s\u00e9chez soigneusement les diff\u00e9rentes parties avec un chiffon en coton.<\/p>\n","protected":false},"excerpt":{"rendered":"<p>Biscuits est la presse \u00e0 biscuits la plus rapide et la plus amusante pour faire des biscuits maison. En quelques gestes simples, vous cr\u00e9ez 20 formes diff\u00e9rentes et 2 tailles de biscuits, \u00e0 d\u00e9corer comme vous le souhaitez. Elle vous fera red\u00e9couvrir le go\u00fbt, l\u2019odeur et l\u2019authenticit\u00e9 des biscuits fra\u00eechement sortis du four. Color\u00e9, pour [&hellip;]<\/p>\n","protected":false},"featured_media":6362095,"template":"","meta":{"_acf_changed":false},"product_cat":[11992,11709,12033,12052],"product_tag":[],"class_list":{"0":"post-61563","1":"product","2":"type-product","3":"status-publish","4":"has-post-thumbnail","6":"product_cat-cuisine","7":"product_cat-macchine-per-biscotti","8":"product_cat-machines-a-biscuits","9":"product_cat-machines-pour-pates","11":"first","12":"instock","13":"sale","14":"taxable","15":"shipping-taxable","16":"purchasable","17":"product-type-simple","swatches":"rey-swatches","show_selected":"","stretch_labels":"rey-swatches--stretch-labels"},"acf":[],"yoast_head":"<!-- This site is optimized with the Yoast SEO plugin v25.4 - https:\/\/yoast.com\/wordpress\/plugins\/seo\/ -->\n<title>MARCATO Machine \u00e0 Biscuits Azure - dev6 Erresse<\/title>\n<meta name=\"description\" content=\"Biscuits est la presse \u00e0 biscuits la plus rapide et la plus amusante pour faire des biscuits maison. En quelques gestes simples, vous cr\u00e9ez 20 formes\" \/>\n<meta name=\"robots\" content=\"noindex, follow, max-snippet:-1, max-image-preview:large, max-video-preview:-1\" \/>\n<meta property=\"og:locale\" content=\"fr_FR\" \/>\n<meta property=\"og:type\" content=\"article\" \/>\n<meta property=\"og:title\" content=\"MARCATO Machine \u00e0 Biscuits Azure - dev6 Erresse\" \/>\n<meta property=\"og:description\" content=\"Biscuits est la presse \u00e0 biscuits la plus rapide et la plus amusante pour faire des biscuits maison. En quelques gestes simples, vous cr\u00e9ez 20 formes\" \/>\n<meta property=\"og:url\" content=\"https:\/\/dev6.erresse-shop.it\/fr\/shop\/cuisine\/machines-a-biscuits\/marcato-machine-a-biscuits-azure\/\" \/>\n<meta property=\"og:site_name\" content=\"dev6 Erresse\" \/>\n<meta property=\"og:image\" content=\"https:\/\/interpim.erresse-shop.it\/Import\/Prodotti\/marcato-macchina-per-biscotti-azzurro.jpg\" \/><meta property=\"og:image\" content=\"https:\/\/interpim.erresse-shop.it\/Import\/Prodotti\/marcato-macchina-per-biscotti-azzurro.jpg\" \/>\n\t<meta property=\"og:image:width\" content=\"1024\" \/>\n\t<meta property=\"og:image:height\" content=\"1024\" \/>\n\t<meta property=\"og:image:type\" content=\"image\/jpeg\" \/>\n<meta name=\"twitter:card\" content=\"summary_large_image\" \/>\n<meta name=\"twitter:image\" content=\"https:\/\/interpim.erresse-shop.it\/Import\/Prodotti\/marcato-macchina-per-biscotti-azzurro.jpg\" \/>\n<script type=\"application\/ld+json\" class=\"yoast-schema-graph\">{\"@context\":\"https:\/\/schema.org\",\"@graph\":[{\"@type\":\"WebPage\",\"@id\":\"https:\/\/dev6.erresse-shop.it\/fr\/shop\/cuisine\/machines-a-biscuits\/marcato-machine-a-biscuits-azure\/\",\"url\":\"https:\/\/dev6.erresse-shop.it\/fr\/shop\/cuisine\/machines-a-biscuits\/marcato-machine-a-biscuits-azure\/\",\"name\":\"MARCATO Machine \u00e0 Biscuits Azure - dev6 Erresse\",\"isPartOf\":{\"@id\":\"https:\/\/dev6.erresse-shop.it\/#website\"},\"primaryImageOfPage\":{\"@id\":\"https:\/\/dev6.erresse-shop.it\/fr\/shop\/cuisine\/machines-a-biscuits\/marcato-machine-a-biscuits-azure\/#primaryimage\"},\"image\":{\"@id\":\"https:\/\/dev6.erresse-shop.it\/fr\/shop\/cuisine\/machines-a-biscuits\/marcato-machine-a-biscuits-azure\/#primaryimage\"},\"thumbnailUrl\":\"https:\/\/i3.wp.com\/interpim.erresse-shop.it\/Import\/Prodotti\/marcato-macchina-per-biscotti-azzurro.jpg?ssl=1\",\"datePublished\":\"2026-04-12T07:39:33+00:00\",\"description\":\"Biscuits est la presse \u00e0 biscuits la plus rapide et la plus amusante pour faire des biscuits maison. En quelques gestes simples, vous cr\u00e9ez 20 formes\",\"breadcrumb\":{\"@id\":\"https:\/\/dev6.erresse-shop.it\/fr\/shop\/cuisine\/machines-a-biscuits\/marcato-machine-a-biscuits-azure\/#breadcrumb\"},\"inLanguage\":\"fr-FR\",\"potentialAction\":[{\"@type\":\"ReadAction\",\"target\":[\"https:\/\/dev6.erresse-shop.it\/fr\/shop\/cuisine\/machines-a-biscuits\/marcato-machine-a-biscuits-azure\/\"]}]},{\"@type\":\"ImageObject\",\"inLanguage\":\"fr-FR\",\"@id\":\"https:\/\/dev6.erresse-shop.it\/fr\/shop\/cuisine\/machines-a-biscuits\/marcato-machine-a-biscuits-azure\/#primaryimage\",\"url\":\"https:\/\/i3.wp.com\/interpim.erresse-shop.it\/Import\/Prodotti\/marcato-macchina-per-biscotti-azzurro.jpg?ssl=1\",\"contentUrl\":\"https:\/\/i3.wp.com\/interpim.erresse-shop.it\/Import\/Prodotti\/marcato-macchina-per-biscotti-azzurro.jpg?ssl=1\"},{\"@type\":\"BreadcrumbList\",\"@id\":\"https:\/\/dev6.erresse-shop.it\/fr\/shop\/cuisine\/machines-a-biscuits\/marcato-machine-a-biscuits-azure\/#breadcrumb\",\"itemListElement\":[{\"@type\":\"ListItem\",\"position\":1,\"name\":\"Home\",\"item\":\"https:\/\/dev6.erresse-shop.it\/\"},{\"@type\":\"ListItem\",\"position\":2,\"name\":\"Boutique\",\"item\":\"https:\/\/dev6.erresse-shop.it\/shop\/\"},{\"@type\":\"ListItem\",\"position\":3,\"name\":\"MARCATO Machine \u00e0 Biscuits Azure\"}]},{\"@type\":\"WebSite\",\"@id\":\"https:\/\/dev6.erresse-shop.it\/#website\",\"url\":\"https:\/\/dev6.erresse-shop.it\/\",\"name\":\"Erresse Shop\",\"description\":\"\",\"publisher\":{\"@id\":\"https:\/\/dev6.erresse-shop.it\/#organization\"},\"potentialAction\":[{\"@type\":\"SearchAction\",\"target\":{\"@type\":\"EntryPoint\",\"urlTemplate\":\"https:\/\/dev6.erresse-shop.it\/?s={search_term_string}\"},\"query-input\":{\"@type\":\"PropertyValueSpecification\",\"valueRequired\":true,\"valueName\":\"search_term_string\"}}],\"inLanguage\":\"fr-FR\"},{\"@type\":\"Organization\",\"@id\":\"https:\/\/dev6.erresse-shop.it\/#organization\",\"name\":\"Erresse Shop\",\"url\":\"https:\/\/dev6.erresse-shop.it\/\",\"logo\":{\"@type\":\"ImageObject\",\"inLanguage\":\"fr-FR\",\"@id\":\"https:\/\/dev6.erresse-shop.it\/#\/schema\/logo\/image\/\",\"url\":\"https:\/\/dev6.erresse-shop.it\/wp-content\/uploads\/2025\/01\/LOGO-ERRESSE-CLASSICO.svg\",\"contentUrl\":\"https:\/\/dev6.erresse-shop.it\/wp-content\/uploads\/2025\/01\/LOGO-ERRESSE-CLASSICO.svg\",\"caption\":\"Erresse Shop\"},\"image\":{\"@id\":\"https:\/\/dev6.erresse-shop.it\/#\/schema\/logo\/image\/\"}}]}<\/script>\n<!-- \/ Yoast SEO plugin. -->","yoast_head_json":{"title":"MARCATO Machine \u00e0 Biscuits Azure - dev6 Erresse","description":"Biscuits est la presse \u00e0 biscuits la plus rapide et la plus amusante pour faire des biscuits maison. En quelques gestes simples, vous cr\u00e9ez 20 formes","robots":{"index":"noindex","follow":"follow","max-snippet":"max-snippet:-1","max-image-preview":"max-image-preview:large","max-video-preview":"max-video-preview:-1"},"og_locale":"fr_FR","og_type":"article","og_title":"MARCATO Machine \u00e0 Biscuits Azure - dev6 Erresse","og_description":"Biscuits est la presse \u00e0 biscuits la plus rapide et la plus amusante pour faire des biscuits maison. En quelques gestes simples, vous cr\u00e9ez 20 formes","og_url":"https:\/\/dev6.erresse-shop.it\/fr\/shop\/cuisine\/machines-a-biscuits\/marcato-machine-a-biscuits-azure\/","og_site_name":"dev6 Erresse","og_image":[{"url":"https:\/\/interpim.erresse-shop.it\/Import\/Prodotti\/marcato-macchina-per-biscotti-azzurro.jpg","type":"","width":"","height":""},{"url":"https:\/\/interpim.erresse-shop.it\/Import\/Prodotti\/marcato-macchina-per-biscotti-azzurro.jpg","width":1024,"height":1024,"type":"image\/jpeg"}],"twitter_card":"summary_large_image","twitter_image":"https:\/\/interpim.erresse-shop.it\/Import\/Prodotti\/marcato-macchina-per-biscotti-azzurro.jpg","schema":{"@context":"https:\/\/schema.org","@graph":[{"@type":"WebPage","@id":"https:\/\/dev6.erresse-shop.it\/fr\/shop\/cuisine\/machines-a-biscuits\/marcato-machine-a-biscuits-azure\/","url":"https:\/\/dev6.erresse-shop.it\/fr\/shop\/cuisine\/machines-a-biscuits\/marcato-machine-a-biscuits-azure\/","name":"MARCATO Machine \u00e0 Biscuits Azure - dev6 Erresse","isPartOf":{"@id":"https:\/\/dev6.erresse-shop.it\/#website"},"primaryImageOfPage":{"@id":"https:\/\/dev6.erresse-shop.it\/fr\/shop\/cuisine\/machines-a-biscuits\/marcato-machine-a-biscuits-azure\/#primaryimage"},"image":{"@id":"https:\/\/dev6.erresse-shop.it\/fr\/shop\/cuisine\/machines-a-biscuits\/marcato-machine-a-biscuits-azure\/#primaryimage"},"thumbnailUrl":"https:\/\/i3.wp.com\/interpim.erresse-shop.it\/Import\/Prodotti\/marcato-macchina-per-biscotti-azzurro.jpg?ssl=1","datePublished":"2026-04-12T07:39:33+00:00","description":"Biscuits est la presse \u00e0 biscuits la plus rapide et la plus amusante pour faire des biscuits maison. En quelques gestes simples, vous cr\u00e9ez 20 formes","breadcrumb":{"@id":"https:\/\/dev6.erresse-shop.it\/fr\/shop\/cuisine\/machines-a-biscuits\/marcato-machine-a-biscuits-azure\/#breadcrumb"},"inLanguage":"fr-FR","potentialAction":[{"@type":"ReadAction","target":["https:\/\/dev6.erresse-shop.it\/fr\/shop\/cuisine\/machines-a-biscuits\/marcato-machine-a-biscuits-azure\/"]}]},{"@type":"ImageObject","inLanguage":"fr-FR","@id":"https:\/\/dev6.erresse-shop.it\/fr\/shop\/cuisine\/machines-a-biscuits\/marcato-machine-a-biscuits-azure\/#primaryimage","url":"https:\/\/i3.wp.com\/interpim.erresse-shop.it\/Import\/Prodotti\/marcato-macchina-per-biscotti-azzurro.jpg?ssl=1","contentUrl":"https:\/\/i3.wp.com\/interpim.erresse-shop.it\/Import\/Prodotti\/marcato-macchina-per-biscotti-azzurro.jpg?ssl=1"},{"@type":"BreadcrumbList","@id":"https:\/\/dev6.erresse-shop.it\/fr\/shop\/cuisine\/machines-a-biscuits\/marcato-machine-a-biscuits-azure\/#breadcrumb","itemListElement":[{"@type":"ListItem","position":1,"name":"Home","item":"https:\/\/dev6.erresse-shop.it\/"},{"@type":"ListItem","position":2,"name":"Boutique","item":"https:\/\/dev6.erresse-shop.it\/shop\/"},{"@type":"ListItem","position":3,"name":"MARCATO Machine \u00e0 Biscuits Azure"}]},{"@type":"WebSite","@id":"https:\/\/dev6.erresse-shop.it\/#website","url":"https:\/\/dev6.erresse-shop.it\/","name":"Erresse Shop","description":"","publisher":{"@id":"https:\/\/dev6.erresse-shop.it\/#organization"},"potentialAction":[{"@type":"SearchAction","target":{"@type":"EntryPoint","urlTemplate":"https:\/\/dev6.erresse-shop.it\/?s={search_term_string}"},"query-input":{"@type":"PropertyValueSpecification","valueRequired":true,"valueName":"search_term_string"}}],"inLanguage":"fr-FR"},{"@type":"Organization","@id":"https:\/\/dev6.erresse-shop.it\/#organization","name":"Erresse Shop","url":"https:\/\/dev6.erresse-shop.it\/","logo":{"@type":"ImageObject","inLanguage":"fr-FR","@id":"https:\/\/dev6.erresse-shop.it\/#\/schema\/logo\/image\/","url":"https:\/\/dev6.erresse-shop.it\/wp-content\/uploads\/2025\/01\/LOGO-ERRESSE-CLASSICO.svg","contentUrl":"https:\/\/dev6.erresse-shop.it\/wp-content\/uploads\/2025\/01\/LOGO-ERRESSE-CLASSICO.svg","caption":"Erresse Shop"},"image":{"@id":"https:\/\/dev6.erresse-shop.it\/#\/schema\/logo\/image\/"}}]}},"df_price":62,"df_sale_price":62,"df_regular_price":77.9,"df_image_link":"https:\/\/i3.wp.com\/interpim.erresse-shop.it\/Import\/Prodotti\/marcato-macchina-per-biscotti-azzurro.jpg?resize=300,300&ssl=1","fifu_image_url":"https:\/\/interpim.erresse-shop.it\/Import\/Prodotti\/marcato-macchina-per-biscotti-azzurro.jpg","_links":{"self":[{"href":"https:\/\/dev6.erresse-shop.it\/fr\/wp-json\/wp\/v2\/product\/61563","targetHints":{"allow":["GET"]}}],"collection":[{"href":"https:\/\/dev6.erresse-shop.it\/fr\/wp-json\/wp\/v2\/product"}],"about":[{"href":"https:\/\/dev6.erresse-shop.it\/fr\/wp-json\/wp\/v2\/types\/product"}],"wp:featuredmedia":[{"embeddable":true,"href":"https:\/\/dev6.erresse-shop.it\/fr\/wp-json\/wp\/v2\/media\/6362095"}],"wp:attachment":[{"href":"https:\/\/dev6.erresse-shop.it\/fr\/wp-json\/wp\/v2\/media?parent=61563"}],"wp:term":[{"taxonomy":"product_cat","embeddable":true,"href":"https:\/\/dev6.erresse-shop.it\/fr\/wp-json\/wp\/v2\/product_cat?post=61563"},{"taxonomy":"product_tag","embeddable":true,"href":"https:\/\/dev6.erresse-shop.it\/fr\/wp-json\/wp\/v2\/product_tag?post=61563"}],"curies":[{"name":"wp","href":"https:\/\/api.w.org\/{rel}","templated":true}]}}