{"id":61546,"date":"2026-04-12T09:39:33","date_gmt":"2026-04-12T07:39:33","guid":{"rendered":"https:\/\/dev6.erresse-shop.it\/shop\/non%20class\u00e9\/sambonet-bloom-miroir-dacier-service-de-24-pieces-monobloc\/"},"modified":"2025-07-04T16:59:40","modified_gmt":"2025-07-04T14:59:40","slug":"sambonet-bloom-miroir-dacier-service-de-24-pieces-monobloc","status":"publish","type":"product","link":"https:\/\/dev6.erresse-shop.it\/fr\/shop\/table-fr-2\/couverts\/sambonet-bloom-miroir-dacier-service-de-24-pieces-monobloc\/","title":{"rendered":"SAMBONET Bloom Miroir d&#8217;acier Service de 24 Pi\u00e8ces Monobloc"},"content":{"rendered":"<p>Bloom<br \/>\nUne table qui sent le printemps ! Les nouveaux couverts Bloom apportent une envie de simplicit\u00e9 et de romantisme \u00e0 la mise en sc\u00e8ne. Une forme douce mais \u00e9l\u00e9gante ajoute un d\u00e9tail styl\u00e9 qui s\u2019accorde parfaitement avec n\u2019importe quel d\u00e9cor de table. Une table minimaliste pour un d\u00e9jeuner quotidien rapide, ou une table sophistiqu\u00e9e et chic pour une soir\u00e9e de r\u00eave. Avec ces couverts Sambonet, la convivialit\u00e9 est pr\u00eate\u2026 \u00e0 s\u2019\u00e9panouir !<\/p>\n<p>Chaque couvert est en acier inoxydable 18\/10, avec un manche simple, sym\u00e9trique et robuste.<br \/>\nUn style simple et formel, parfait pour la mise en place des grandes occasions ou pour donner une touche de l\u00e9g\u00e8ret\u00e9 \u00e0 la table.<br \/>\nService complet pour 6 personnes. Comprend : 6 fourchettes de table, 6 cuill\u00e8res de table, 6 couteaux de table et 6 cuill\u00e8res \u00e0 caf\u00e9. Peut \u00eatre lav\u00e9 au lave-vaisselle.<\/p>\n<p>Caract\u00e9ristiques techniques<br \/>\nMarque : Sambonet<br \/>\nCollection : Bloom<br \/>\nMat\u00e9riau : Acier inoxydable<br \/>\nNombre de pi\u00e8ces dans le set : 24<br \/>\nComposition du set : 6 cuill\u00e8res de table, 6 fourchettes de table, 6 couteaux de table, 6 cuill\u00e8res \u00e0 caf\u00e9<br \/>\nNombre de personnes : 6<br \/>\nNum\u00e9ro d\u2019article : 52668-81<br \/>\nAnn\u00e9e d\u2019introduction : 2023<br \/>\nLavable au lave-vaisselle : Lavable au lave-vaisselle<br \/>\nNotes techniques : Cuill\u00e8re de table 20,2 cm, Fourchette de table 20,2 cm, Couteau de table monobloc 22,1 cm, Cuill\u00e8re \u00e0 th\u00e9 13,5 cm<\/p>\n<p>Informations sur l\u2019entretien et la maintenance<br \/>\nAVANT ET APR\u00c8S CHAQUE UTILISATION : Laver avec des d\u00e9tergents appropri\u00e9s en \u00e9vitant le chlore et les produits de blanchiment, rincer et s\u00e9cher soigneusement. Les ranger ensuite dans un endroit sec. Ne pas utiliser d\u2019\u00e9ponges ou de chiffons abrasifs. Enlever imm\u00e9diatement les r\u00e9sidus de sel (NaCl), de citron, de vinaigre, de sauces \u00e0 base de tomates, etc. Si vous utilisez un lave-vaisselle, veillez \u00e0 ce que le traitement comprenne un s\u00e9chage et un polissage parfaits et, dans le cas contraire, faites-le manuellement. Les lames de couteaux sont fabriqu\u00e9es en acier inoxydable 420 martensitique tremp\u00e9, ce qui assure la durabilit\u00e9 de l\u2019aiguisage mais rend le mat\u00e9riau plus sensible aux attaques corrosives. Il est imp\u00e9ratif que les couteaux soient correctement nettoy\u00e9s, lav\u00e9s et s\u00e9ch\u00e9s imm\u00e9diatement apr\u00e8s utilisation.<\/p>\n","protected":false},"excerpt":{"rendered":"<p>Bloom Une table qui sent le printemps ! Les nouveaux couverts Bloom apportent une envie de simplicit\u00e9 et de romantisme \u00e0 la mise en sc\u00e8ne. Une forme douce mais \u00e9l\u00e9gante ajoute un d\u00e9tail styl\u00e9 qui s\u2019accorde parfaitement avec n\u2019importe quel d\u00e9cor de table. Une table minimaliste pour un d\u00e9jeuner quotidien rapide, ou une table sophistiqu\u00e9e [&hellip;]<\/p>\n","protected":false},"featured_media":6362066,"template":"","meta":{"_acf_changed":false},"product_cat":[11996,11995,11671],"product_tag":[],"class_list":{"0":"post-61546","1":"product","2":"type-product","3":"status-publish","4":"has-post-thumbnail","6":"product_cat-couverts","7":"product_cat-table-fr-2","8":"product_cat-tavola","10":"first","11":"instock","12":"taxable","13":"shipping-taxable","14":"product-type-simple","swatches":"rey-swatches","show_selected":"","stretch_labels":"rey-swatches--stretch-labels"},"acf":[],"yoast_head":"<!-- This site is optimized with the Yoast SEO plugin v25.4 - https:\/\/yoast.com\/wordpress\/plugins\/seo\/ -->\n<title>SAMBONET Bloom Miroir d&#8217;acier Service de 24 Pi\u00e8ces Monobloc - dev6 Erresse<\/title>\n<meta name=\"description\" content=\"Bloom Une table qui sent le printemps ! Les nouveaux couverts Bloom apportent une envie de simplicit\u00e9 et de romantisme \u00e0 la mise en sc\u00e8ne. Une forme douce\" \/>\n<meta name=\"robots\" content=\"noindex, follow, max-snippet:-1, max-image-preview:large, max-video-preview:-1\" \/>\n<meta property=\"og:locale\" content=\"fr_FR\" \/>\n<meta property=\"og:type\" content=\"article\" \/>\n<meta property=\"og:title\" content=\"SAMBONET Bloom Miroir d&#8217;acier Service de 24 Pi\u00e8ces Monobloc - dev6 Erresse\" \/>\n<meta property=\"og:description\" content=\"Bloom Une table qui sent le printemps ! Les nouveaux couverts Bloom apportent une envie de simplicit\u00e9 et de romantisme \u00e0 la mise en sc\u00e8ne. Une forme douce\" \/>\n<meta property=\"og:url\" content=\"https:\/\/dev6.erresse-shop.it\/fr\/shop\/table-fr-2\/couverts\/sambonet-bloom-miroir-dacier-service-de-24-pieces-monobloc\/\" \/>\n<meta property=\"og:site_name\" content=\"dev6 Erresse\" \/>\n<meta property=\"og:image\" content=\"https:\/\/interpim.erresse-shop.it\/img-catalogo\/sambonet\/sambonet-bloom-antique-servizio-24-pezzi-monoblocco.jpg\" \/><meta property=\"og:image\" content=\"https:\/\/interpim.erresse-shop.it\/img-catalogo\/sambonet\/sambonet-bloom-antique-servizio-24-pezzi-monoblocco.jpg\" \/>\n\t<meta property=\"og:image:width\" content=\"1024\" \/>\n\t<meta property=\"og:image:height\" content=\"1024\" \/>\n\t<meta property=\"og:image:type\" content=\"image\/jpeg\" \/>\n<meta name=\"twitter:card\" content=\"summary_large_image\" \/>\n<meta name=\"twitter:image\" content=\"https:\/\/interpim.erresse-shop.it\/img-catalogo\/sambonet\/sambonet-bloom-antique-servizio-24-pezzi-monoblocco.jpg\" \/>\n<script type=\"application\/ld+json\" class=\"yoast-schema-graph\">{\"@context\":\"https:\/\/schema.org\",\"@graph\":[{\"@type\":\"WebPage\",\"@id\":\"https:\/\/dev6.erresse-shop.it\/fr\/shop\/table-fr-2\/couverts\/sambonet-bloom-miroir-dacier-service-de-24-pieces-monobloc\/\",\"url\":\"https:\/\/dev6.erresse-shop.it\/fr\/shop\/table-fr-2\/couverts\/sambonet-bloom-miroir-dacier-service-de-24-pieces-monobloc\/\",\"name\":\"SAMBONET Bloom Miroir d&#8217;acier Service de 24 Pi\u00e8ces Monobloc - dev6 Erresse\",\"isPartOf\":{\"@id\":\"https:\/\/dev6.erresse-shop.it\/#website\"},\"primaryImageOfPage\":{\"@id\":\"https:\/\/dev6.erresse-shop.it\/fr\/shop\/table-fr-2\/couverts\/sambonet-bloom-miroir-dacier-service-de-24-pieces-monobloc\/#primaryimage\"},\"image\":{\"@id\":\"https:\/\/dev6.erresse-shop.it\/fr\/shop\/table-fr-2\/couverts\/sambonet-bloom-miroir-dacier-service-de-24-pieces-monobloc\/#primaryimage\"},\"thumbnailUrl\":\"https:\/\/i0.wp.com\/interpim.erresse-shop.it\/img-catalogo\/sambonet\/sambonet-bloom-antique-servizio-24-pezzi-monoblocco.jpg?ssl=1\",\"datePublished\":\"2026-04-12T07:39:33+00:00\",\"description\":\"Bloom Une table qui sent le printemps ! Les nouveaux couverts Bloom apportent une envie de simplicit\u00e9 et de romantisme \u00e0 la mise en sc\u00e8ne. Une forme douce\",\"breadcrumb\":{\"@id\":\"https:\/\/dev6.erresse-shop.it\/fr\/shop\/table-fr-2\/couverts\/sambonet-bloom-miroir-dacier-service-de-24-pieces-monobloc\/#breadcrumb\"},\"inLanguage\":\"fr-FR\",\"potentialAction\":[{\"@type\":\"ReadAction\",\"target\":[\"https:\/\/dev6.erresse-shop.it\/fr\/shop\/table-fr-2\/couverts\/sambonet-bloom-miroir-dacier-service-de-24-pieces-monobloc\/\"]}]},{\"@type\":\"ImageObject\",\"inLanguage\":\"fr-FR\",\"@id\":\"https:\/\/dev6.erresse-shop.it\/fr\/shop\/table-fr-2\/couverts\/sambonet-bloom-miroir-dacier-service-de-24-pieces-monobloc\/#primaryimage\",\"url\":\"https:\/\/i0.wp.com\/interpim.erresse-shop.it\/img-catalogo\/sambonet\/sambonet-bloom-antique-servizio-24-pezzi-monoblocco.jpg?ssl=1\",\"contentUrl\":\"https:\/\/i0.wp.com\/interpim.erresse-shop.it\/img-catalogo\/sambonet\/sambonet-bloom-antique-servizio-24-pezzi-monoblocco.jpg?ssl=1\"},{\"@type\":\"BreadcrumbList\",\"@id\":\"https:\/\/dev6.erresse-shop.it\/fr\/shop\/table-fr-2\/couverts\/sambonet-bloom-miroir-dacier-service-de-24-pieces-monobloc\/#breadcrumb\",\"itemListElement\":[{\"@type\":\"ListItem\",\"position\":1,\"name\":\"Home\",\"item\":\"https:\/\/dev6.erresse-shop.it\/\"},{\"@type\":\"ListItem\",\"position\":2,\"name\":\"Boutique\",\"item\":\"https:\/\/dev6.erresse-shop.it\/shop\/\"},{\"@type\":\"ListItem\",\"position\":3,\"name\":\"SAMBONET Bloom Miroir d&#8217;acier Service de 24 Pi\u00e8ces Monobloc\"}]},{\"@type\":\"WebSite\",\"@id\":\"https:\/\/dev6.erresse-shop.it\/#website\",\"url\":\"https:\/\/dev6.erresse-shop.it\/\",\"name\":\"Erresse Shop\",\"description\":\"\",\"publisher\":{\"@id\":\"https:\/\/dev6.erresse-shop.it\/#organization\"},\"potentialAction\":[{\"@type\":\"SearchAction\",\"target\":{\"@type\":\"EntryPoint\",\"urlTemplate\":\"https:\/\/dev6.erresse-shop.it\/?s={search_term_string}\"},\"query-input\":{\"@type\":\"PropertyValueSpecification\",\"valueRequired\":true,\"valueName\":\"search_term_string\"}}],\"inLanguage\":\"fr-FR\"},{\"@type\":\"Organization\",\"@id\":\"https:\/\/dev6.erresse-shop.it\/#organization\",\"name\":\"Erresse Shop\",\"url\":\"https:\/\/dev6.erresse-shop.it\/\",\"logo\":{\"@type\":\"ImageObject\",\"inLanguage\":\"fr-FR\",\"@id\":\"https:\/\/dev6.erresse-shop.it\/#\/schema\/logo\/image\/\",\"url\":\"https:\/\/dev6.erresse-shop.it\/wp-content\/uploads\/2025\/01\/LOGO-ERRESSE-CLASSICO.svg\",\"contentUrl\":\"https:\/\/dev6.erresse-shop.it\/wp-content\/uploads\/2025\/01\/LOGO-ERRESSE-CLASSICO.svg\",\"caption\":\"Erresse Shop\"},\"image\":{\"@id\":\"https:\/\/dev6.erresse-shop.it\/#\/schema\/logo\/image\/\"}}]}<\/script>\n<!-- \/ Yoast SEO plugin. -->","yoast_head_json":{"title":"SAMBONET Bloom Miroir d&#8217;acier Service de 24 Pi\u00e8ces Monobloc - dev6 Erresse","description":"Bloom Une table qui sent le printemps ! Les nouveaux couverts Bloom apportent une envie de simplicit\u00e9 et de romantisme \u00e0 la mise en sc\u00e8ne. Une forme douce","robots":{"index":"noindex","follow":"follow","max-snippet":"max-snippet:-1","max-image-preview":"max-image-preview:large","max-video-preview":"max-video-preview:-1"},"og_locale":"fr_FR","og_type":"article","og_title":"SAMBONET Bloom Miroir d&#8217;acier Service de 24 Pi\u00e8ces Monobloc - dev6 Erresse","og_description":"Bloom Une table qui sent le printemps ! Les nouveaux couverts Bloom apportent une envie de simplicit\u00e9 et de romantisme \u00e0 la mise en sc\u00e8ne. Une forme douce","og_url":"https:\/\/dev6.erresse-shop.it\/fr\/shop\/table-fr-2\/couverts\/sambonet-bloom-miroir-dacier-service-de-24-pieces-monobloc\/","og_site_name":"dev6 Erresse","og_image":[{"url":"https:\/\/interpim.erresse-shop.it\/img-catalogo\/sambonet\/sambonet-bloom-antique-servizio-24-pezzi-monoblocco.jpg","type":"","width":"","height":""},{"url":"https:\/\/interpim.erresse-shop.it\/img-catalogo\/sambonet\/sambonet-bloom-antique-servizio-24-pezzi-monoblocco.jpg","width":1024,"height":1024,"type":"image\/jpeg"}],"twitter_card":"summary_large_image","twitter_image":"https:\/\/interpim.erresse-shop.it\/img-catalogo\/sambonet\/sambonet-bloom-antique-servizio-24-pezzi-monoblocco.jpg","schema":{"@context":"https:\/\/schema.org","@graph":[{"@type":"WebPage","@id":"https:\/\/dev6.erresse-shop.it\/fr\/shop\/table-fr-2\/couverts\/sambonet-bloom-miroir-dacier-service-de-24-pieces-monobloc\/","url":"https:\/\/dev6.erresse-shop.it\/fr\/shop\/table-fr-2\/couverts\/sambonet-bloom-miroir-dacier-service-de-24-pieces-monobloc\/","name":"SAMBONET Bloom Miroir d&#8217;acier Service de 24 Pi\u00e8ces Monobloc - dev6 Erresse","isPartOf":{"@id":"https:\/\/dev6.erresse-shop.it\/#website"},"primaryImageOfPage":{"@id":"https:\/\/dev6.erresse-shop.it\/fr\/shop\/table-fr-2\/couverts\/sambonet-bloom-miroir-dacier-service-de-24-pieces-monobloc\/#primaryimage"},"image":{"@id":"https:\/\/dev6.erresse-shop.it\/fr\/shop\/table-fr-2\/couverts\/sambonet-bloom-miroir-dacier-service-de-24-pieces-monobloc\/#primaryimage"},"thumbnailUrl":"https:\/\/i0.wp.com\/interpim.erresse-shop.it\/img-catalogo\/sambonet\/sambonet-bloom-antique-servizio-24-pezzi-monoblocco.jpg?ssl=1","datePublished":"2026-04-12T07:39:33+00:00","description":"Bloom Une table qui sent le printemps ! Les nouveaux couverts Bloom apportent une envie de simplicit\u00e9 et de romantisme \u00e0 la mise en sc\u00e8ne. Une forme douce","breadcrumb":{"@id":"https:\/\/dev6.erresse-shop.it\/fr\/shop\/table-fr-2\/couverts\/sambonet-bloom-miroir-dacier-service-de-24-pieces-monobloc\/#breadcrumb"},"inLanguage":"fr-FR","potentialAction":[{"@type":"ReadAction","target":["https:\/\/dev6.erresse-shop.it\/fr\/shop\/table-fr-2\/couverts\/sambonet-bloom-miroir-dacier-service-de-24-pieces-monobloc\/"]}]},{"@type":"ImageObject","inLanguage":"fr-FR","@id":"https:\/\/dev6.erresse-shop.it\/fr\/shop\/table-fr-2\/couverts\/sambonet-bloom-miroir-dacier-service-de-24-pieces-monobloc\/#primaryimage","url":"https:\/\/i0.wp.com\/interpim.erresse-shop.it\/img-catalogo\/sambonet\/sambonet-bloom-antique-servizio-24-pezzi-monoblocco.jpg?ssl=1","contentUrl":"https:\/\/i0.wp.com\/interpim.erresse-shop.it\/img-catalogo\/sambonet\/sambonet-bloom-antique-servizio-24-pezzi-monoblocco.jpg?ssl=1"},{"@type":"BreadcrumbList","@id":"https:\/\/dev6.erresse-shop.it\/fr\/shop\/table-fr-2\/couverts\/sambonet-bloom-miroir-dacier-service-de-24-pieces-monobloc\/#breadcrumb","itemListElement":[{"@type":"ListItem","position":1,"name":"Home","item":"https:\/\/dev6.erresse-shop.it\/"},{"@type":"ListItem","position":2,"name":"Boutique","item":"https:\/\/dev6.erresse-shop.it\/shop\/"},{"@type":"ListItem","position":3,"name":"SAMBONET Bloom Miroir d&#8217;acier Service de 24 Pi\u00e8ces Monobloc"}]},{"@type":"WebSite","@id":"https:\/\/dev6.erresse-shop.it\/#website","url":"https:\/\/dev6.erresse-shop.it\/","name":"Erresse Shop","description":"","publisher":{"@id":"https:\/\/dev6.erresse-shop.it\/#organization"},"potentialAction":[{"@type":"SearchAction","target":{"@type":"EntryPoint","urlTemplate":"https:\/\/dev6.erresse-shop.it\/?s={search_term_string}"},"query-input":{"@type":"PropertyValueSpecification","valueRequired":true,"valueName":"search_term_string"}}],"inLanguage":"fr-FR"},{"@type":"Organization","@id":"https:\/\/dev6.erresse-shop.it\/#organization","name":"Erresse Shop","url":"https:\/\/dev6.erresse-shop.it\/","logo":{"@type":"ImageObject","inLanguage":"fr-FR","@id":"https:\/\/dev6.erresse-shop.it\/#\/schema\/logo\/image\/","url":"https:\/\/dev6.erresse-shop.it\/wp-content\/uploads\/2025\/01\/LOGO-ERRESSE-CLASSICO.svg","contentUrl":"https:\/\/dev6.erresse-shop.it\/wp-content\/uploads\/2025\/01\/LOGO-ERRESSE-CLASSICO.svg","caption":"Erresse Shop"},"image":{"@id":"https:\/\/dev6.erresse-shop.it\/#\/schema\/logo\/image\/"}}]}},"df_price":"","df_sale_price":"","df_regular_price":"","df_image_link":"https:\/\/i0.wp.com\/interpim.erresse-shop.it\/img-catalogo\/sambonet\/sambonet-bloom-antique-servizio-24-pezzi-monoblocco.jpg?resize=300,300&ssl=1","fifu_image_url":"https:\/\/interpim.erresse-shop.it\/img-catalogo\/sambonet\/sambonet-bloom-antique-servizio-24-pezzi-monoblocco.jpg","_links":{"self":[{"href":"https:\/\/dev6.erresse-shop.it\/fr\/wp-json\/wp\/v2\/product\/61546","targetHints":{"allow":["GET"]}}],"collection":[{"href":"https:\/\/dev6.erresse-shop.it\/fr\/wp-json\/wp\/v2\/product"}],"about":[{"href":"https:\/\/dev6.erresse-shop.it\/fr\/wp-json\/wp\/v2\/types\/product"}],"wp:featuredmedia":[{"embeddable":true,"href":"https:\/\/dev6.erresse-shop.it\/fr\/wp-json\/wp\/v2\/media\/6362066"}],"wp:attachment":[{"href":"https:\/\/dev6.erresse-shop.it\/fr\/wp-json\/wp\/v2\/media?parent=61546"}],"wp:term":[{"taxonomy":"product_cat","embeddable":true,"href":"https:\/\/dev6.erresse-shop.it\/fr\/wp-json\/wp\/v2\/product_cat?post=61546"},{"taxonomy":"product_tag","embeddable":true,"href":"https:\/\/dev6.erresse-shop.it\/fr\/wp-json\/wp\/v2\/product_tag?post=61546"}],"curies":[{"name":"wp","href":"https:\/\/api.w.org\/{rel}","templated":true}]}}