{"id":61536,"date":"2026-04-10T10:18:17","date_gmt":"2026-04-10T08:18:17","guid":{"rendered":"https:\/\/dev6.erresse-shop.it\/shop\/non%20class\u00e9\/vista-alegre-amazonia-vase-sementes-30-cm\/"},"modified":"2025-09-14T04:51:53","modified_gmt":"2025-09-14T02:51:53","slug":"vista-alegre-amazonia-vase-sementes-30-cm","status":"publish","type":"product","link":"https:\/\/dev6.erresse-shop.it\/fr\/shop\/ameublement-maison\/vases-fr\/vista-alegre-amazonia-vase-sementes-30-cm\/","title":{"rendered":"VISTA ALEGRE Amazonia Vase Sementes 30 cm"},"content":{"rendered":"<p>Vase Sementes Amazonie. Inspir\u00e9e par le livre \u201cViagens Philosophicas\u201d (Voyages philosophiques) du naturaliste Alexandre Rodrigues Ferreira, ainsi que par la faune, la flore et les habitants de l\u2019Amaz\u014dnia d\u2019aujourd\u2019hui, cette collection, d\u00e9velopp\u00e9e en collaboration avec Ecoarts Amaz\u014dnia, r\u00e9unit pour la premi\u00e8re fois toutes les marques du groupe, \u00e0 savoir Vista Alegre, Casa Alegre et Bordallo Pinheiro.<\/p>\n<p>Mat\u00e9riau : Porcelaine<br \/>\nHauteur : 300 mm<br \/>\nLongueur : 390 mm<br \/>\nPoids : 3270 gr<br \/>\nRestrictions d\u2019utilisation : Ne convient pas au micro-ondes. Pour le lave-vaisselle, des cycles courts \u00e0 basse temp\u00e9rature sont recommand\u00e9s. \u00c9viter l\u2019utilisation fr\u00e9quente du lave-vaisselle.<\/p>\n","protected":false},"excerpt":{"rendered":"<p>Vase Sementes Amazonie. Inspir\u00e9e par le livre \u201cViagens Philosophicas\u201d (Voyages philosophiques) du naturaliste Alexandre Rodrigues Ferreira, ainsi que par la faune, la flore et les habitants de l\u2019Amaz\u014dnia d\u2019aujourd\u2019hui, cette collection, d\u00e9velopp\u00e9e en collaboration avec Ecoarts Amaz\u014dnia, r\u00e9unit pour la premi\u00e8re fois toutes les marques du groupe, \u00e0 savoir Vista Alegre, Casa Alegre et Bordallo [&hellip;]<\/p>\n","protected":false},"featured_media":6320405,"template":"","meta":{"_acf_changed":false},"product_cat":[11990,11666,12018],"product_tag":[],"class_list":{"0":"post-61536","1":"product","2":"type-product","3":"status-publish","4":"has-post-thumbnail","6":"product_cat-ameublement-maison","7":"product_cat-arredamento-casa","8":"product_cat-vases-fr","10":"first","11":"instock","12":"sale","13":"taxable","14":"shipping-taxable","15":"purchasable","16":"product-type-simple","swatches":"rey-swatches","show_selected":"","stretch_labels":"rey-swatches--stretch-labels"},"acf":[],"yoast_head":"<!-- This site is optimized with the Yoast SEO plugin v25.4 - https:\/\/yoast.com\/wordpress\/plugins\/seo\/ -->\n<title>VISTA ALEGRE Amazonia Vase Sementes 30 cm - dev6 Erresse<\/title>\n<meta name=\"description\" content=\"Vase Sementes Amazonie. Inspir\u00e9e par le livre \u201cViagens Philosophicas\u201d (Voyages philosophiques) du naturaliste Alexandre Rodrigues Ferreira, ainsi que par\" \/>\n<meta name=\"robots\" content=\"noindex, follow, max-snippet:-1, max-image-preview:large, max-video-preview:-1\" \/>\n<meta property=\"og:locale\" content=\"fr_FR\" \/>\n<meta property=\"og:type\" content=\"article\" \/>\n<meta property=\"og:title\" content=\"VISTA ALEGRE Amazonia Vase Sementes 30 cm - dev6 Erresse\" \/>\n<meta property=\"og:description\" content=\"Vase Sementes Amazonie. Inspir\u00e9e par le livre \u201cViagens Philosophicas\u201d (Voyages philosophiques) du naturaliste Alexandre Rodrigues Ferreira, ainsi que par\" \/>\n<meta property=\"og:url\" content=\"https:\/\/dev6.erresse-shop.it\/fr\/shop\/ameublement-maison\/vases-fr\/vista-alegre-amazonia-vase-sementes-30-cm\/\" \/>\n<meta property=\"og:site_name\" content=\"dev6 Erresse\" \/>\n<meta property=\"og:image\" content=\"https:\/\/interpim.erresse-shop.it\/img-catalogo\/vista-alegre\/vista-alegre-amazonia-vaso-sementi-30-cm.jpg\" \/><meta property=\"og:image\" content=\"https:\/\/interpim.erresse-shop.it\/img-catalogo\/vista-alegre\/vista-alegre-amazonia-vaso-sementi-30-cm.jpg\" \/>\n\t<meta property=\"og:image:width\" content=\"1024\" \/>\n\t<meta property=\"og:image:height\" content=\"1024\" \/>\n\t<meta property=\"og:image:type\" content=\"image\/jpeg\" \/>\n<meta name=\"twitter:card\" content=\"summary_large_image\" \/>\n<meta name=\"twitter:image\" content=\"https:\/\/interpim.erresse-shop.it\/img-catalogo\/vista-alegre\/vista-alegre-amazonia-vaso-sementi-30-cm.jpg\" \/>\n<script type=\"application\/ld+json\" class=\"yoast-schema-graph\">{\"@context\":\"https:\/\/schema.org\",\"@graph\":[{\"@type\":\"WebPage\",\"@id\":\"https:\/\/dev6.erresse-shop.it\/fr\/shop\/ameublement-maison\/vases-fr\/vista-alegre-amazonia-vase-sementes-30-cm\/\",\"url\":\"https:\/\/dev6.erresse-shop.it\/fr\/shop\/ameublement-maison\/vases-fr\/vista-alegre-amazonia-vase-sementes-30-cm\/\",\"name\":\"VISTA ALEGRE Amazonia Vase Sementes 30 cm - dev6 Erresse\",\"isPartOf\":{\"@id\":\"https:\/\/dev6.erresse-shop.it\/#website\"},\"primaryImageOfPage\":{\"@id\":\"https:\/\/dev6.erresse-shop.it\/fr\/shop\/ameublement-maison\/vases-fr\/vista-alegre-amazonia-vase-sementes-30-cm\/#primaryimage\"},\"image\":{\"@id\":\"https:\/\/dev6.erresse-shop.it\/fr\/shop\/ameublement-maison\/vases-fr\/vista-alegre-amazonia-vase-sementes-30-cm\/#primaryimage\"},\"thumbnailUrl\":\"https:\/\/i3.wp.com\/interpim.erresse-shop.it\/img-catalogo\/vista-alegre\/vista-alegre-amazonia-vaso-sementi-30-cm.jpg?ssl=1\",\"datePublished\":\"2026-04-10T08:18:17+00:00\",\"description\":\"Vase Sementes Amazonie. Inspir\u00e9e par le livre \u201cViagens Philosophicas\u201d (Voyages philosophiques) du naturaliste Alexandre Rodrigues Ferreira, ainsi que par\",\"breadcrumb\":{\"@id\":\"https:\/\/dev6.erresse-shop.it\/fr\/shop\/ameublement-maison\/vases-fr\/vista-alegre-amazonia-vase-sementes-30-cm\/#breadcrumb\"},\"inLanguage\":\"fr-FR\",\"potentialAction\":[{\"@type\":\"ReadAction\",\"target\":[\"https:\/\/dev6.erresse-shop.it\/fr\/shop\/ameublement-maison\/vases-fr\/vista-alegre-amazonia-vase-sementes-30-cm\/\"]}]},{\"@type\":\"ImageObject\",\"inLanguage\":\"fr-FR\",\"@id\":\"https:\/\/dev6.erresse-shop.it\/fr\/shop\/ameublement-maison\/vases-fr\/vista-alegre-amazonia-vase-sementes-30-cm\/#primaryimage\",\"url\":\"https:\/\/i3.wp.com\/interpim.erresse-shop.it\/img-catalogo\/vista-alegre\/vista-alegre-amazonia-vaso-sementi-30-cm.jpg?ssl=1\",\"contentUrl\":\"https:\/\/i3.wp.com\/interpim.erresse-shop.it\/img-catalogo\/vista-alegre\/vista-alegre-amazonia-vaso-sementi-30-cm.jpg?ssl=1\"},{\"@type\":\"BreadcrumbList\",\"@id\":\"https:\/\/dev6.erresse-shop.it\/fr\/shop\/ameublement-maison\/vases-fr\/vista-alegre-amazonia-vase-sementes-30-cm\/#breadcrumb\",\"itemListElement\":[{\"@type\":\"ListItem\",\"position\":1,\"name\":\"Home\",\"item\":\"https:\/\/dev6.erresse-shop.it\/\"},{\"@type\":\"ListItem\",\"position\":2,\"name\":\"Boutique\",\"item\":\"https:\/\/dev6.erresse-shop.it\/shop\/\"},{\"@type\":\"ListItem\",\"position\":3,\"name\":\"VISTA ALEGRE Amazonia Vase Sementes 30 cm\"}]},{\"@type\":\"WebSite\",\"@id\":\"https:\/\/dev6.erresse-shop.it\/#website\",\"url\":\"https:\/\/dev6.erresse-shop.it\/\",\"name\":\"Erresse Shop\",\"description\":\"\",\"publisher\":{\"@id\":\"https:\/\/dev6.erresse-shop.it\/#organization\"},\"potentialAction\":[{\"@type\":\"SearchAction\",\"target\":{\"@type\":\"EntryPoint\",\"urlTemplate\":\"https:\/\/dev6.erresse-shop.it\/?s={search_term_string}\"},\"query-input\":{\"@type\":\"PropertyValueSpecification\",\"valueRequired\":true,\"valueName\":\"search_term_string\"}}],\"inLanguage\":\"fr-FR\"},{\"@type\":\"Organization\",\"@id\":\"https:\/\/dev6.erresse-shop.it\/#organization\",\"name\":\"Erresse Shop\",\"url\":\"https:\/\/dev6.erresse-shop.it\/\",\"logo\":{\"@type\":\"ImageObject\",\"inLanguage\":\"fr-FR\",\"@id\":\"https:\/\/dev6.erresse-shop.it\/#\/schema\/logo\/image\/\",\"url\":\"https:\/\/dev6.erresse-shop.it\/wp-content\/uploads\/2025\/01\/LOGO-ERRESSE-CLASSICO.svg\",\"contentUrl\":\"https:\/\/dev6.erresse-shop.it\/wp-content\/uploads\/2025\/01\/LOGO-ERRESSE-CLASSICO.svg\",\"caption\":\"Erresse Shop\"},\"image\":{\"@id\":\"https:\/\/dev6.erresse-shop.it\/#\/schema\/logo\/image\/\"}}]}<\/script>\n<!-- \/ Yoast SEO plugin. -->","yoast_head_json":{"title":"VISTA ALEGRE Amazonia Vase Sementes 30 cm - dev6 Erresse","description":"Vase Sementes Amazonie. Inspir\u00e9e par le livre \u201cViagens Philosophicas\u201d (Voyages philosophiques) du naturaliste Alexandre Rodrigues Ferreira, ainsi que par","robots":{"index":"noindex","follow":"follow","max-snippet":"max-snippet:-1","max-image-preview":"max-image-preview:large","max-video-preview":"max-video-preview:-1"},"og_locale":"fr_FR","og_type":"article","og_title":"VISTA ALEGRE Amazonia Vase Sementes 30 cm - dev6 Erresse","og_description":"Vase Sementes Amazonie. Inspir\u00e9e par le livre \u201cViagens Philosophicas\u201d (Voyages philosophiques) du naturaliste Alexandre Rodrigues Ferreira, ainsi que par","og_url":"https:\/\/dev6.erresse-shop.it\/fr\/shop\/ameublement-maison\/vases-fr\/vista-alegre-amazonia-vase-sementes-30-cm\/","og_site_name":"dev6 Erresse","og_image":[{"url":"https:\/\/interpim.erresse-shop.it\/img-catalogo\/vista-alegre\/vista-alegre-amazonia-vaso-sementi-30-cm.jpg","type":"","width":"","height":""},{"url":"https:\/\/interpim.erresse-shop.it\/img-catalogo\/vista-alegre\/vista-alegre-amazonia-vaso-sementi-30-cm.jpg","width":1024,"height":1024,"type":"image\/jpeg"}],"twitter_card":"summary_large_image","twitter_image":"https:\/\/interpim.erresse-shop.it\/img-catalogo\/vista-alegre\/vista-alegre-amazonia-vaso-sementi-30-cm.jpg","schema":{"@context":"https:\/\/schema.org","@graph":[{"@type":"WebPage","@id":"https:\/\/dev6.erresse-shop.it\/fr\/shop\/ameublement-maison\/vases-fr\/vista-alegre-amazonia-vase-sementes-30-cm\/","url":"https:\/\/dev6.erresse-shop.it\/fr\/shop\/ameublement-maison\/vases-fr\/vista-alegre-amazonia-vase-sementes-30-cm\/","name":"VISTA ALEGRE Amazonia Vase Sementes 30 cm - dev6 Erresse","isPartOf":{"@id":"https:\/\/dev6.erresse-shop.it\/#website"},"primaryImageOfPage":{"@id":"https:\/\/dev6.erresse-shop.it\/fr\/shop\/ameublement-maison\/vases-fr\/vista-alegre-amazonia-vase-sementes-30-cm\/#primaryimage"},"image":{"@id":"https:\/\/dev6.erresse-shop.it\/fr\/shop\/ameublement-maison\/vases-fr\/vista-alegre-amazonia-vase-sementes-30-cm\/#primaryimage"},"thumbnailUrl":"https:\/\/i3.wp.com\/interpim.erresse-shop.it\/img-catalogo\/vista-alegre\/vista-alegre-amazonia-vaso-sementi-30-cm.jpg?ssl=1","datePublished":"2026-04-10T08:18:17+00:00","description":"Vase Sementes Amazonie. Inspir\u00e9e par le livre \u201cViagens Philosophicas\u201d (Voyages philosophiques) du naturaliste Alexandre Rodrigues Ferreira, ainsi que par","breadcrumb":{"@id":"https:\/\/dev6.erresse-shop.it\/fr\/shop\/ameublement-maison\/vases-fr\/vista-alegre-amazonia-vase-sementes-30-cm\/#breadcrumb"},"inLanguage":"fr-FR","potentialAction":[{"@type":"ReadAction","target":["https:\/\/dev6.erresse-shop.it\/fr\/shop\/ameublement-maison\/vases-fr\/vista-alegre-amazonia-vase-sementes-30-cm\/"]}]},{"@type":"ImageObject","inLanguage":"fr-FR","@id":"https:\/\/dev6.erresse-shop.it\/fr\/shop\/ameublement-maison\/vases-fr\/vista-alegre-amazonia-vase-sementes-30-cm\/#primaryimage","url":"https:\/\/i3.wp.com\/interpim.erresse-shop.it\/img-catalogo\/vista-alegre\/vista-alegre-amazonia-vaso-sementi-30-cm.jpg?ssl=1","contentUrl":"https:\/\/i3.wp.com\/interpim.erresse-shop.it\/img-catalogo\/vista-alegre\/vista-alegre-amazonia-vaso-sementi-30-cm.jpg?ssl=1"},{"@type":"BreadcrumbList","@id":"https:\/\/dev6.erresse-shop.it\/fr\/shop\/ameublement-maison\/vases-fr\/vista-alegre-amazonia-vase-sementes-30-cm\/#breadcrumb","itemListElement":[{"@type":"ListItem","position":1,"name":"Home","item":"https:\/\/dev6.erresse-shop.it\/"},{"@type":"ListItem","position":2,"name":"Boutique","item":"https:\/\/dev6.erresse-shop.it\/shop\/"},{"@type":"ListItem","position":3,"name":"VISTA ALEGRE Amazonia Vase Sementes 30 cm"}]},{"@type":"WebSite","@id":"https:\/\/dev6.erresse-shop.it\/#website","url":"https:\/\/dev6.erresse-shop.it\/","name":"Erresse Shop","description":"","publisher":{"@id":"https:\/\/dev6.erresse-shop.it\/#organization"},"potentialAction":[{"@type":"SearchAction","target":{"@type":"EntryPoint","urlTemplate":"https:\/\/dev6.erresse-shop.it\/?s={search_term_string}"},"query-input":{"@type":"PropertyValueSpecification","valueRequired":true,"valueName":"search_term_string"}}],"inLanguage":"fr-FR"},{"@type":"Organization","@id":"https:\/\/dev6.erresse-shop.it\/#organization","name":"Erresse Shop","url":"https:\/\/dev6.erresse-shop.it\/","logo":{"@type":"ImageObject","inLanguage":"fr-FR","@id":"https:\/\/dev6.erresse-shop.it\/#\/schema\/logo\/image\/","url":"https:\/\/dev6.erresse-shop.it\/wp-content\/uploads\/2025\/01\/LOGO-ERRESSE-CLASSICO.svg","contentUrl":"https:\/\/dev6.erresse-shop.it\/wp-content\/uploads\/2025\/01\/LOGO-ERRESSE-CLASSICO.svg","caption":"Erresse Shop"},"image":{"@id":"https:\/\/dev6.erresse-shop.it\/#\/schema\/logo\/image\/"}}]}},"df_price":649,"df_sale_price":649,"df_regular_price":870,"df_image_link":"https:\/\/i3.wp.com\/interpim.erresse-shop.it\/img-catalogo\/vista-alegre\/vista-alegre-amazonia-vaso-sementi-30-cm.jpg?resize=300,300&ssl=1","fifu_image_url":"https:\/\/interpim.erresse-shop.it\/img-catalogo\/vista-alegre\/vista-alegre-amazonia-vaso-sementi-30-cm.jpg","_links":{"self":[{"href":"https:\/\/dev6.erresse-shop.it\/fr\/wp-json\/wp\/v2\/product\/61536","targetHints":{"allow":["GET"]}}],"collection":[{"href":"https:\/\/dev6.erresse-shop.it\/fr\/wp-json\/wp\/v2\/product"}],"about":[{"href":"https:\/\/dev6.erresse-shop.it\/fr\/wp-json\/wp\/v2\/types\/product"}],"wp:featuredmedia":[{"embeddable":true,"href":"https:\/\/dev6.erresse-shop.it\/fr\/wp-json\/wp\/v2\/media\/6320405"}],"wp:attachment":[{"href":"https:\/\/dev6.erresse-shop.it\/fr\/wp-json\/wp\/v2\/media?parent=61536"}],"wp:term":[{"taxonomy":"product_cat","embeddable":true,"href":"https:\/\/dev6.erresse-shop.it\/fr\/wp-json\/wp\/v2\/product_cat?post=61536"},{"taxonomy":"product_tag","embeddable":true,"href":"https:\/\/dev6.erresse-shop.it\/fr\/wp-json\/wp\/v2\/product_tag?post=61536"}],"curies":[{"name":"wp","href":"https:\/\/api.w.org\/{rel}","templated":true}]}}