{"id":61490,"date":"2026-04-12T09:36:36","date_gmt":"2026-04-12T07:36:36","guid":{"rendered":"https:\/\/dev6.erresse-shop.it\/shop\/non%20class\u00e9\/vista-alegre-vinyl-gin-goblet\/"},"modified":"2025-09-14T04:50:37","modified_gmt":"2025-09-14T02:50:37","slug":"vista-alegre-vinyl-gin-goblet","status":"publish","type":"product","link":"https:\/\/dev6.erresse-shop.it\/fr\/shop\/table-fr-2\/vin\/verres-a-vin\/vista-alegre-vinyl-gin-goblet\/","title":{"rendered":"VISTA ALEGRE Vinyl Gin Goblet"},"content":{"rendered":"<p>Verre luxueux et polyvalent inspir\u00e9 du style Art d\u00e9co, Vinyl recr\u00e9era chez vous la sophistication des bars \u00e0 cocktails des ann\u00e9es 1930.<br \/>\nChaque verre a sa propre forme et sa propre personnalit\u00e9, et la d\u00e9coration a \u00e9t\u00e9 \u00e9labor\u00e9e de mani\u00e8re \u00e0 ce que l\u2019harmonie soit omnipr\u00e9sente.<\/p>\n<p>Type de produit : Cristal 30<br \/>\nHauteur : 224 mm<br \/>\nPoids : 340 gr<br \/>\nRestrictions d\u2019utilisation : Des cycles courts \u00e0 basse temp\u00e9rature sont recommand\u00e9s pour le lavage au lave-vaisselle. \u00c9viter l\u2019utilisation fr\u00e9quente du lave-vaisselle. \u00c9viter l\u2019utilisation fr\u00e9quente au micro-ondes. \u00c9viter les changements brusques de temp\u00e9rature.<\/p>\n","protected":false},"excerpt":{"rendered":"<p>Verre luxueux et polyvalent inspir\u00e9 du style Art d\u00e9co, Vinyl recr\u00e9era chez vous la sophistication des bars \u00e0 cocktails des ann\u00e9es 1930. Chaque verre a sa propre forme et sa propre personnalit\u00e9, et la d\u00e9coration a \u00e9t\u00e9 \u00e9labor\u00e9e de mani\u00e8re \u00e0 ce que l\u2019harmonie soit omnipr\u00e9sente. Type de produit : Cristal 30 Hauteur : 224 [&hellip;]<\/p>\n","protected":false},"featured_media":6361924,"template":"","meta":{"_acf_changed":false},"product_cat":[11995,11671,12009,12078,12069],"product_tag":[],"class_list":{"0":"post-61490","1":"product","2":"type-product","3":"status-publish","4":"has-post-thumbnail","6":"product_cat-table-fr-2","7":"product_cat-tavola","8":"product_cat-verres","9":"product_cat-verres-a-vin","10":"product_cat-vin","12":"first","13":"instock","14":"sale","15":"taxable","16":"shipping-taxable","17":"purchasable","18":"product-type-simple","swatches":"rey-swatches","show_selected":"","stretch_labels":"rey-swatches--stretch-labels"},"acf":[],"yoast_head":"<!-- This site is optimized with the Yoast SEO plugin v25.4 - https:\/\/yoast.com\/wordpress\/plugins\/seo\/ -->\n<title>VISTA ALEGRE Vinyl Gin Goblet - dev6 Erresse<\/title>\n<meta name=\"description\" content=\"Verre luxueux et polyvalent inspir\u00e9 du style Art d\u00e9co, Vinyl recr\u00e9era chez vous la sophistication des bars \u00e0 cocktails des ann\u00e9es 1930. Chaque verre a sa\" \/>\n<meta name=\"robots\" content=\"noindex, follow, max-snippet:-1, max-image-preview:large, max-video-preview:-1\" \/>\n<meta property=\"og:locale\" content=\"fr_FR\" \/>\n<meta property=\"og:type\" content=\"article\" \/>\n<meta property=\"og:title\" content=\"VISTA ALEGRE Vinyl Gin Goblet - dev6 Erresse\" \/>\n<meta property=\"og:description\" content=\"Verre luxueux et polyvalent inspir\u00e9 du style Art d\u00e9co, Vinyl recr\u00e9era chez vous la sophistication des bars \u00e0 cocktails des ann\u00e9es 1930. Chaque verre a sa\" \/>\n<meta property=\"og:url\" content=\"https:\/\/dev6.erresse-shop.it\/fr\/shop\/table-fr-2\/vin\/verres-a-vin\/vista-alegre-vinyl-gin-goblet\/\" \/>\n<meta property=\"og:site_name\" content=\"dev6 Erresse\" \/>\n<meta property=\"og:image\" content=\"https:\/\/interpim.erresse-shop.it\/img-catalogo\/vista-alegre\/vista-alegre-vinyl-gin-goblet.jpg\" \/><meta property=\"og:image\" content=\"https:\/\/interpim.erresse-shop.it\/img-catalogo\/vista-alegre\/vista-alegre-vinyl-gin-goblet.jpg\" \/>\n\t<meta property=\"og:image:width\" content=\"1024\" \/>\n\t<meta property=\"og:image:height\" content=\"1024\" \/>\n\t<meta property=\"og:image:type\" content=\"image\/jpeg\" \/>\n<meta name=\"twitter:card\" content=\"summary_large_image\" \/>\n<meta name=\"twitter:image\" content=\"https:\/\/interpim.erresse-shop.it\/img-catalogo\/vista-alegre\/vista-alegre-vinyl-gin-goblet.jpg\" \/>\n<script type=\"application\/ld+json\" class=\"yoast-schema-graph\">{\"@context\":\"https:\/\/schema.org\",\"@graph\":[{\"@type\":\"WebPage\",\"@id\":\"https:\/\/dev6.erresse-shop.it\/fr\/shop\/table-fr-2\/vin\/verres-a-vin\/vista-alegre-vinyl-gin-goblet\/\",\"url\":\"https:\/\/dev6.erresse-shop.it\/fr\/shop\/table-fr-2\/vin\/verres-a-vin\/vista-alegre-vinyl-gin-goblet\/\",\"name\":\"VISTA ALEGRE Vinyl Gin Goblet - dev6 Erresse\",\"isPartOf\":{\"@id\":\"https:\/\/dev6.erresse-shop.it\/#website\"},\"primaryImageOfPage\":{\"@id\":\"https:\/\/dev6.erresse-shop.it\/fr\/shop\/table-fr-2\/vin\/verres-a-vin\/vista-alegre-vinyl-gin-goblet\/#primaryimage\"},\"image\":{\"@id\":\"https:\/\/dev6.erresse-shop.it\/fr\/shop\/table-fr-2\/vin\/verres-a-vin\/vista-alegre-vinyl-gin-goblet\/#primaryimage\"},\"thumbnailUrl\":\"https:\/\/i1.wp.com\/interpim.erresse-shop.it\/img-catalogo\/vista-alegre\/vista-alegre-vinyl-gin-goblet.jpg?ssl=1\",\"datePublished\":\"2026-04-12T07:36:36+00:00\",\"description\":\"Verre luxueux et polyvalent inspir\u00e9 du style Art d\u00e9co, Vinyl recr\u00e9era chez vous la sophistication des bars \u00e0 cocktails des ann\u00e9es 1930. Chaque verre a sa\",\"breadcrumb\":{\"@id\":\"https:\/\/dev6.erresse-shop.it\/fr\/shop\/table-fr-2\/vin\/verres-a-vin\/vista-alegre-vinyl-gin-goblet\/#breadcrumb\"},\"inLanguage\":\"fr-FR\",\"potentialAction\":[{\"@type\":\"ReadAction\",\"target\":[\"https:\/\/dev6.erresse-shop.it\/fr\/shop\/table-fr-2\/vin\/verres-a-vin\/vista-alegre-vinyl-gin-goblet\/\"]}]},{\"@type\":\"ImageObject\",\"inLanguage\":\"fr-FR\",\"@id\":\"https:\/\/dev6.erresse-shop.it\/fr\/shop\/table-fr-2\/vin\/verres-a-vin\/vista-alegre-vinyl-gin-goblet\/#primaryimage\",\"url\":\"https:\/\/i1.wp.com\/interpim.erresse-shop.it\/img-catalogo\/vista-alegre\/vista-alegre-vinyl-gin-goblet.jpg?ssl=1\",\"contentUrl\":\"https:\/\/i1.wp.com\/interpim.erresse-shop.it\/img-catalogo\/vista-alegre\/vista-alegre-vinyl-gin-goblet.jpg?ssl=1\"},{\"@type\":\"BreadcrumbList\",\"@id\":\"https:\/\/dev6.erresse-shop.it\/fr\/shop\/table-fr-2\/vin\/verres-a-vin\/vista-alegre-vinyl-gin-goblet\/#breadcrumb\",\"itemListElement\":[{\"@type\":\"ListItem\",\"position\":1,\"name\":\"Home\",\"item\":\"https:\/\/dev6.erresse-shop.it\/\"},{\"@type\":\"ListItem\",\"position\":2,\"name\":\"Boutique\",\"item\":\"https:\/\/dev6.erresse-shop.it\/shop\/\"},{\"@type\":\"ListItem\",\"position\":3,\"name\":\"VISTA ALEGRE Vinyl Gin Goblet\"}]},{\"@type\":\"WebSite\",\"@id\":\"https:\/\/dev6.erresse-shop.it\/#website\",\"url\":\"https:\/\/dev6.erresse-shop.it\/\",\"name\":\"Erresse Shop\",\"description\":\"\",\"publisher\":{\"@id\":\"https:\/\/dev6.erresse-shop.it\/#organization\"},\"potentialAction\":[{\"@type\":\"SearchAction\",\"target\":{\"@type\":\"EntryPoint\",\"urlTemplate\":\"https:\/\/dev6.erresse-shop.it\/?s={search_term_string}\"},\"query-input\":{\"@type\":\"PropertyValueSpecification\",\"valueRequired\":true,\"valueName\":\"search_term_string\"}}],\"inLanguage\":\"fr-FR\"},{\"@type\":\"Organization\",\"@id\":\"https:\/\/dev6.erresse-shop.it\/#organization\",\"name\":\"Erresse Shop\",\"url\":\"https:\/\/dev6.erresse-shop.it\/\",\"logo\":{\"@type\":\"ImageObject\",\"inLanguage\":\"fr-FR\",\"@id\":\"https:\/\/dev6.erresse-shop.it\/#\/schema\/logo\/image\/\",\"url\":\"https:\/\/dev6.erresse-shop.it\/wp-content\/uploads\/2025\/01\/LOGO-ERRESSE-CLASSICO.svg\",\"contentUrl\":\"https:\/\/dev6.erresse-shop.it\/wp-content\/uploads\/2025\/01\/LOGO-ERRESSE-CLASSICO.svg\",\"caption\":\"Erresse Shop\"},\"image\":{\"@id\":\"https:\/\/dev6.erresse-shop.it\/#\/schema\/logo\/image\/\"}}]}<\/script>\n<!-- \/ Yoast SEO plugin. -->","yoast_head_json":{"title":"VISTA ALEGRE Vinyl Gin Goblet - dev6 Erresse","description":"Verre luxueux et polyvalent inspir\u00e9 du style Art d\u00e9co, Vinyl recr\u00e9era chez vous la sophistication des bars \u00e0 cocktails des ann\u00e9es 1930. Chaque verre a sa","robots":{"index":"noindex","follow":"follow","max-snippet":"max-snippet:-1","max-image-preview":"max-image-preview:large","max-video-preview":"max-video-preview:-1"},"og_locale":"fr_FR","og_type":"article","og_title":"VISTA ALEGRE Vinyl Gin Goblet - dev6 Erresse","og_description":"Verre luxueux et polyvalent inspir\u00e9 du style Art d\u00e9co, Vinyl recr\u00e9era chez vous la sophistication des bars \u00e0 cocktails des ann\u00e9es 1930. Chaque verre a sa","og_url":"https:\/\/dev6.erresse-shop.it\/fr\/shop\/table-fr-2\/vin\/verres-a-vin\/vista-alegre-vinyl-gin-goblet\/","og_site_name":"dev6 Erresse","og_image":[{"url":"https:\/\/interpim.erresse-shop.it\/img-catalogo\/vista-alegre\/vista-alegre-vinyl-gin-goblet.jpg","type":"","width":"","height":""},{"url":"https:\/\/interpim.erresse-shop.it\/img-catalogo\/vista-alegre\/vista-alegre-vinyl-gin-goblet.jpg","width":1024,"height":1024,"type":"image\/jpeg"}],"twitter_card":"summary_large_image","twitter_image":"https:\/\/interpim.erresse-shop.it\/img-catalogo\/vista-alegre\/vista-alegre-vinyl-gin-goblet.jpg","schema":{"@context":"https:\/\/schema.org","@graph":[{"@type":"WebPage","@id":"https:\/\/dev6.erresse-shop.it\/fr\/shop\/table-fr-2\/vin\/verres-a-vin\/vista-alegre-vinyl-gin-goblet\/","url":"https:\/\/dev6.erresse-shop.it\/fr\/shop\/table-fr-2\/vin\/verres-a-vin\/vista-alegre-vinyl-gin-goblet\/","name":"VISTA ALEGRE Vinyl Gin Goblet - dev6 Erresse","isPartOf":{"@id":"https:\/\/dev6.erresse-shop.it\/#website"},"primaryImageOfPage":{"@id":"https:\/\/dev6.erresse-shop.it\/fr\/shop\/table-fr-2\/vin\/verres-a-vin\/vista-alegre-vinyl-gin-goblet\/#primaryimage"},"image":{"@id":"https:\/\/dev6.erresse-shop.it\/fr\/shop\/table-fr-2\/vin\/verres-a-vin\/vista-alegre-vinyl-gin-goblet\/#primaryimage"},"thumbnailUrl":"https:\/\/i1.wp.com\/interpim.erresse-shop.it\/img-catalogo\/vista-alegre\/vista-alegre-vinyl-gin-goblet.jpg?ssl=1","datePublished":"2026-04-12T07:36:36+00:00","description":"Verre luxueux et polyvalent inspir\u00e9 du style Art d\u00e9co, Vinyl recr\u00e9era chez vous la sophistication des bars \u00e0 cocktails des ann\u00e9es 1930. Chaque verre a sa","breadcrumb":{"@id":"https:\/\/dev6.erresse-shop.it\/fr\/shop\/table-fr-2\/vin\/verres-a-vin\/vista-alegre-vinyl-gin-goblet\/#breadcrumb"},"inLanguage":"fr-FR","potentialAction":[{"@type":"ReadAction","target":["https:\/\/dev6.erresse-shop.it\/fr\/shop\/table-fr-2\/vin\/verres-a-vin\/vista-alegre-vinyl-gin-goblet\/"]}]},{"@type":"ImageObject","inLanguage":"fr-FR","@id":"https:\/\/dev6.erresse-shop.it\/fr\/shop\/table-fr-2\/vin\/verres-a-vin\/vista-alegre-vinyl-gin-goblet\/#primaryimage","url":"https:\/\/i1.wp.com\/interpim.erresse-shop.it\/img-catalogo\/vista-alegre\/vista-alegre-vinyl-gin-goblet.jpg?ssl=1","contentUrl":"https:\/\/i1.wp.com\/interpim.erresse-shop.it\/img-catalogo\/vista-alegre\/vista-alegre-vinyl-gin-goblet.jpg?ssl=1"},{"@type":"BreadcrumbList","@id":"https:\/\/dev6.erresse-shop.it\/fr\/shop\/table-fr-2\/vin\/verres-a-vin\/vista-alegre-vinyl-gin-goblet\/#breadcrumb","itemListElement":[{"@type":"ListItem","position":1,"name":"Home","item":"https:\/\/dev6.erresse-shop.it\/"},{"@type":"ListItem","position":2,"name":"Boutique","item":"https:\/\/dev6.erresse-shop.it\/shop\/"},{"@type":"ListItem","position":3,"name":"VISTA ALEGRE Vinyl Gin Goblet"}]},{"@type":"WebSite","@id":"https:\/\/dev6.erresse-shop.it\/#website","url":"https:\/\/dev6.erresse-shop.it\/","name":"Erresse Shop","description":"","publisher":{"@id":"https:\/\/dev6.erresse-shop.it\/#organization"},"potentialAction":[{"@type":"SearchAction","target":{"@type":"EntryPoint","urlTemplate":"https:\/\/dev6.erresse-shop.it\/?s={search_term_string}"},"query-input":{"@type":"PropertyValueSpecification","valueRequired":true,"valueName":"search_term_string"}}],"inLanguage":"fr-FR"},{"@type":"Organization","@id":"https:\/\/dev6.erresse-shop.it\/#organization","name":"Erresse Shop","url":"https:\/\/dev6.erresse-shop.it\/","logo":{"@type":"ImageObject","inLanguage":"fr-FR","@id":"https:\/\/dev6.erresse-shop.it\/#\/schema\/logo\/image\/","url":"https:\/\/dev6.erresse-shop.it\/wp-content\/uploads\/2025\/01\/LOGO-ERRESSE-CLASSICO.svg","contentUrl":"https:\/\/dev6.erresse-shop.it\/wp-content\/uploads\/2025\/01\/LOGO-ERRESSE-CLASSICO.svg","caption":"Erresse Shop"},"image":{"@id":"https:\/\/dev6.erresse-shop.it\/#\/schema\/logo\/image\/"}}]}},"df_price":94,"df_sale_price":94,"df_regular_price":110,"df_image_link":"https:\/\/i1.wp.com\/interpim.erresse-shop.it\/img-catalogo\/vista-alegre\/vista-alegre-vinyl-gin-goblet.jpg?resize=300,300&ssl=1","fifu_image_url":"https:\/\/interpim.erresse-shop.it\/img-catalogo\/vista-alegre\/vista-alegre-vinyl-gin-goblet.jpg","_links":{"self":[{"href":"https:\/\/dev6.erresse-shop.it\/fr\/wp-json\/wp\/v2\/product\/61490","targetHints":{"allow":["GET"]}}],"collection":[{"href":"https:\/\/dev6.erresse-shop.it\/fr\/wp-json\/wp\/v2\/product"}],"about":[{"href":"https:\/\/dev6.erresse-shop.it\/fr\/wp-json\/wp\/v2\/types\/product"}],"wp:featuredmedia":[{"embeddable":true,"href":"https:\/\/dev6.erresse-shop.it\/fr\/wp-json\/wp\/v2\/media\/6361924"}],"wp:attachment":[{"href":"https:\/\/dev6.erresse-shop.it\/fr\/wp-json\/wp\/v2\/media?parent=61490"}],"wp:term":[{"taxonomy":"product_cat","embeddable":true,"href":"https:\/\/dev6.erresse-shop.it\/fr\/wp-json\/wp\/v2\/product_cat?post=61490"},{"taxonomy":"product_tag","embeddable":true,"href":"https:\/\/dev6.erresse-shop.it\/fr\/wp-json\/wp\/v2\/product_tag?post=61490"}],"curies":[{"name":"wp","href":"https:\/\/api.w.org\/{rel}","templated":true}]}}