{"id":61468,"date":"2026-04-10T13:41:23","date_gmt":"2026-04-10T11:41:23","guid":{"rendered":"https:\/\/dev6.erresse-shop.it\/shop\/non%20class\u00e9\/emile-henry-rotissoire-rectangulaire-moyenne-argile\/"},"modified":"2025-09-14T06:33:49","modified_gmt":"2025-09-14T04:33:49","slug":"emile-henry-rotissoire-rectangulaire-moyenne-argile","status":"publish","type":"product","link":"https:\/\/dev6.erresse-shop.it\/fr\/shop\/poeles-pots\/plats-et-casseroles-a-four\/emile-henry-rotissoire-rectangulaire-moyenne-argile\/","title":{"rendered":"EMILE HENRY R\u00f4tissoire Rectangulaire Moyenne Argile"},"content":{"rendered":"<p>Apportez une touche d\u00e9licate \u00e0 la cr\u00e9ation, \u00e0 la cuisson et \u00e0 la pr\u00e9sentation \u00e0 table de vos lasagnes, gratins et r\u00f4tis avec la R\u00f4tissoire Rectangulaire Emile Henry. En c\u00e9ramique HR\u00ae (Haute R\u00e9sistance), elle diffuse la chaleur de fa\u00e7on homog\u00e8ne, permettant une cuisson parfaite et naturelle des aliments jusqu\u2019au centre. Elle peut \u00eatre sortie directement du cong\u00e9lateur et plac\u00e9e dans un four chaud jusqu\u2019\u00e0 270\u00b0C ou sous le grill. L\u2019\u00e9mail tr\u00e8s r\u00e9sistant prot\u00e8ge le plat des rayures et des \u00e9clats et peut \u00eatre lav\u00e9 r\u00e9guli\u00e8rement au lave-vaisselle sans perdre sa couleur. La forme g\u00e9n\u00e9reuse et \u00e9l\u00e9gante offre un m\u00e9lange de tradition et de modernit\u00e9, et ce plat Emile Henry deviendra vite un indispensable de la cuisine pour tous vos besoins culinaires.<br \/>\nFabriqu\u00e9 en France<\/p>\n<p>Garantie 10 ans<\/p>\n<p>Longueur \/ Diam\u00e8tre : 36,5 cm<br \/>\nLargeur : 23,5 cm<br \/>\nHauteur : 7,5 cm<br \/>\nPoids : 1,8 kg<\/p>\n","protected":false},"excerpt":{"rendered":"<p>Apportez une touche d\u00e9licate \u00e0 la cr\u00e9ation, \u00e0 la cuisson et \u00e0 la pr\u00e9sentation \u00e0 table de vos lasagnes, gratins et r\u00f4tis avec la R\u00f4tissoire Rectangulaire Emile Henry. En c\u00e9ramique HR\u00ae (Haute R\u00e9sistance), elle diffuse la chaleur de fa\u00e7on homog\u00e8ne, permettant une cuisson parfaite et naturelle des aliments jusqu\u2019au centre. Elle peut \u00eatre sortie directement [&hellip;]<\/p>\n","protected":false},"featured_media":6334184,"template":"","meta":{"_acf_changed":false},"product_cat":[12050,11991],"product_tag":[],"class_list":{"0":"post-61468","1":"product","2":"type-product","3":"status-publish","4":"has-post-thumbnail","6":"product_cat-plats-et-casseroles-a-four","7":"product_cat-poeles-pots","9":"first","10":"instock","11":"sale","12":"taxable","13":"shipping-taxable","14":"purchasable","15":"product-type-simple","swatches":"rey-swatches","show_selected":"","stretch_labels":"rey-swatches--stretch-labels"},"acf":[],"yoast_head":"<!-- This site is optimized with the Yoast SEO plugin v25.4 - https:\/\/yoast.com\/wordpress\/plugins\/seo\/ -->\n<title>EMILE HENRY R\u00f4tissoire Rectangulaire Moyenne Argile - dev6 Erresse<\/title>\n<meta name=\"description\" content=\"Apportez une touche d\u00e9licate \u00e0 la cr\u00e9ation, \u00e0 la cuisson et \u00e0 la pr\u00e9sentation \u00e0 table de vos lasagnes, gratins et r\u00f4tis avec la R\u00f4tissoire Rectangulaire\" \/>\n<meta name=\"robots\" content=\"noindex, follow, max-snippet:-1, max-image-preview:large, max-video-preview:-1\" \/>\n<meta property=\"og:locale\" content=\"fr_FR\" \/>\n<meta property=\"og:type\" content=\"article\" \/>\n<meta property=\"og:title\" content=\"EMILE HENRY R\u00f4tissoire Rectangulaire Moyenne Argile - dev6 Erresse\" \/>\n<meta property=\"og:description\" content=\"Apportez une touche d\u00e9licate \u00e0 la cr\u00e9ation, \u00e0 la cuisson et \u00e0 la pr\u00e9sentation \u00e0 table de vos lasagnes, gratins et r\u00f4tis avec la R\u00f4tissoire Rectangulaire\" \/>\n<meta property=\"og:url\" content=\"https:\/\/dev6.erresse-shop.it\/fr\/shop\/poeles-pots\/plats-et-casseroles-a-four\/emile-henry-rotissoire-rectangulaire-moyenne-argile\/\" \/>\n<meta property=\"og:site_name\" content=\"dev6 Erresse\" \/>\n<meta property=\"og:image\" content=\"https:\/\/interpim.erresse-shop.it\/Import\/Prodotti\/emile-henry-pirofila-media-rettangolare-argile.jpg\" \/><meta property=\"og:image\" content=\"https:\/\/interpim.erresse-shop.it\/Import\/Prodotti\/emile-henry-pirofila-media-rettangolare-argile.jpg\" \/>\n\t<meta property=\"og:image:width\" content=\"1024\" \/>\n\t<meta property=\"og:image:height\" content=\"1024\" \/>\n\t<meta property=\"og:image:type\" content=\"image\/jpeg\" \/>\n<meta name=\"twitter:card\" content=\"summary_large_image\" \/>\n<meta name=\"twitter:image\" content=\"https:\/\/interpim.erresse-shop.it\/Import\/Prodotti\/emile-henry-pirofila-media-rettangolare-argile.jpg\" \/>\n<script type=\"application\/ld+json\" class=\"yoast-schema-graph\">{\"@context\":\"https:\/\/schema.org\",\"@graph\":[{\"@type\":\"WebPage\",\"@id\":\"https:\/\/dev6.erresse-shop.it\/fr\/shop\/poeles-pots\/plats-et-casseroles-a-four\/emile-henry-rotissoire-rectangulaire-moyenne-argile\/\",\"url\":\"https:\/\/dev6.erresse-shop.it\/fr\/shop\/poeles-pots\/plats-et-casseroles-a-four\/emile-henry-rotissoire-rectangulaire-moyenne-argile\/\",\"name\":\"EMILE HENRY R\u00f4tissoire Rectangulaire Moyenne Argile - dev6 Erresse\",\"isPartOf\":{\"@id\":\"https:\/\/dev6.erresse-shop.it\/#website\"},\"primaryImageOfPage\":{\"@id\":\"https:\/\/dev6.erresse-shop.it\/fr\/shop\/poeles-pots\/plats-et-casseroles-a-four\/emile-henry-rotissoire-rectangulaire-moyenne-argile\/#primaryimage\"},\"image\":{\"@id\":\"https:\/\/dev6.erresse-shop.it\/fr\/shop\/poeles-pots\/plats-et-casseroles-a-four\/emile-henry-rotissoire-rectangulaire-moyenne-argile\/#primaryimage\"},\"thumbnailUrl\":\"https:\/\/i2.wp.com\/interpim.erresse-shop.it\/Import\/Prodotti\/emile-henry-pirofila-media-rettangolare-argile.jpg?ssl=1\",\"datePublished\":\"2026-04-10T11:41:23+00:00\",\"description\":\"Apportez une touche d\u00e9licate \u00e0 la cr\u00e9ation, \u00e0 la cuisson et \u00e0 la pr\u00e9sentation \u00e0 table de vos lasagnes, gratins et r\u00f4tis avec la R\u00f4tissoire Rectangulaire\",\"breadcrumb\":{\"@id\":\"https:\/\/dev6.erresse-shop.it\/fr\/shop\/poeles-pots\/plats-et-casseroles-a-four\/emile-henry-rotissoire-rectangulaire-moyenne-argile\/#breadcrumb\"},\"inLanguage\":\"fr-FR\",\"potentialAction\":[{\"@type\":\"ReadAction\",\"target\":[\"https:\/\/dev6.erresse-shop.it\/fr\/shop\/poeles-pots\/plats-et-casseroles-a-four\/emile-henry-rotissoire-rectangulaire-moyenne-argile\/\"]}]},{\"@type\":\"ImageObject\",\"inLanguage\":\"fr-FR\",\"@id\":\"https:\/\/dev6.erresse-shop.it\/fr\/shop\/poeles-pots\/plats-et-casseroles-a-four\/emile-henry-rotissoire-rectangulaire-moyenne-argile\/#primaryimage\",\"url\":\"https:\/\/i2.wp.com\/interpim.erresse-shop.it\/Import\/Prodotti\/emile-henry-pirofila-media-rettangolare-argile.jpg?ssl=1\",\"contentUrl\":\"https:\/\/i2.wp.com\/interpim.erresse-shop.it\/Import\/Prodotti\/emile-henry-pirofila-media-rettangolare-argile.jpg?ssl=1\"},{\"@type\":\"BreadcrumbList\",\"@id\":\"https:\/\/dev6.erresse-shop.it\/fr\/shop\/poeles-pots\/plats-et-casseroles-a-four\/emile-henry-rotissoire-rectangulaire-moyenne-argile\/#breadcrumb\",\"itemListElement\":[{\"@type\":\"ListItem\",\"position\":1,\"name\":\"Home\",\"item\":\"https:\/\/dev6.erresse-shop.it\/\"},{\"@type\":\"ListItem\",\"position\":2,\"name\":\"Boutique\",\"item\":\"https:\/\/dev6.erresse-shop.it\/shop\/\"},{\"@type\":\"ListItem\",\"position\":3,\"name\":\"EMILE HENRY R\u00f4tissoire Rectangulaire Moyenne Argile\"}]},{\"@type\":\"WebSite\",\"@id\":\"https:\/\/dev6.erresse-shop.it\/#website\",\"url\":\"https:\/\/dev6.erresse-shop.it\/\",\"name\":\"Erresse Shop\",\"description\":\"\",\"publisher\":{\"@id\":\"https:\/\/dev6.erresse-shop.it\/#organization\"},\"potentialAction\":[{\"@type\":\"SearchAction\",\"target\":{\"@type\":\"EntryPoint\",\"urlTemplate\":\"https:\/\/dev6.erresse-shop.it\/?s={search_term_string}\"},\"query-input\":{\"@type\":\"PropertyValueSpecification\",\"valueRequired\":true,\"valueName\":\"search_term_string\"}}],\"inLanguage\":\"fr-FR\"},{\"@type\":\"Organization\",\"@id\":\"https:\/\/dev6.erresse-shop.it\/#organization\",\"name\":\"Erresse Shop\",\"url\":\"https:\/\/dev6.erresse-shop.it\/\",\"logo\":{\"@type\":\"ImageObject\",\"inLanguage\":\"fr-FR\",\"@id\":\"https:\/\/dev6.erresse-shop.it\/#\/schema\/logo\/image\/\",\"url\":\"https:\/\/dev6.erresse-shop.it\/wp-content\/uploads\/2025\/01\/LOGO-ERRESSE-CLASSICO.svg\",\"contentUrl\":\"https:\/\/dev6.erresse-shop.it\/wp-content\/uploads\/2025\/01\/LOGO-ERRESSE-CLASSICO.svg\",\"caption\":\"Erresse Shop\"},\"image\":{\"@id\":\"https:\/\/dev6.erresse-shop.it\/#\/schema\/logo\/image\/\"}}]}<\/script>\n<!-- \/ Yoast SEO plugin. -->","yoast_head_json":{"title":"EMILE HENRY R\u00f4tissoire Rectangulaire Moyenne Argile - dev6 Erresse","description":"Apportez une touche d\u00e9licate \u00e0 la cr\u00e9ation, \u00e0 la cuisson et \u00e0 la pr\u00e9sentation \u00e0 table de vos lasagnes, gratins et r\u00f4tis avec la R\u00f4tissoire Rectangulaire","robots":{"index":"noindex","follow":"follow","max-snippet":"max-snippet:-1","max-image-preview":"max-image-preview:large","max-video-preview":"max-video-preview:-1"},"og_locale":"fr_FR","og_type":"article","og_title":"EMILE HENRY R\u00f4tissoire Rectangulaire Moyenne Argile - dev6 Erresse","og_description":"Apportez une touche d\u00e9licate \u00e0 la cr\u00e9ation, \u00e0 la cuisson et \u00e0 la pr\u00e9sentation \u00e0 table de vos lasagnes, gratins et r\u00f4tis avec la R\u00f4tissoire Rectangulaire","og_url":"https:\/\/dev6.erresse-shop.it\/fr\/shop\/poeles-pots\/plats-et-casseroles-a-four\/emile-henry-rotissoire-rectangulaire-moyenne-argile\/","og_site_name":"dev6 Erresse","og_image":[{"url":"https:\/\/interpim.erresse-shop.it\/Import\/Prodotti\/emile-henry-pirofila-media-rettangolare-argile.jpg","type":"","width":"","height":""},{"url":"https:\/\/interpim.erresse-shop.it\/Import\/Prodotti\/emile-henry-pirofila-media-rettangolare-argile.jpg","width":1024,"height":1024,"type":"image\/jpeg"}],"twitter_card":"summary_large_image","twitter_image":"https:\/\/interpim.erresse-shop.it\/Import\/Prodotti\/emile-henry-pirofila-media-rettangolare-argile.jpg","schema":{"@context":"https:\/\/schema.org","@graph":[{"@type":"WebPage","@id":"https:\/\/dev6.erresse-shop.it\/fr\/shop\/poeles-pots\/plats-et-casseroles-a-four\/emile-henry-rotissoire-rectangulaire-moyenne-argile\/","url":"https:\/\/dev6.erresse-shop.it\/fr\/shop\/poeles-pots\/plats-et-casseroles-a-four\/emile-henry-rotissoire-rectangulaire-moyenne-argile\/","name":"EMILE HENRY R\u00f4tissoire Rectangulaire Moyenne Argile - dev6 Erresse","isPartOf":{"@id":"https:\/\/dev6.erresse-shop.it\/#website"},"primaryImageOfPage":{"@id":"https:\/\/dev6.erresse-shop.it\/fr\/shop\/poeles-pots\/plats-et-casseroles-a-four\/emile-henry-rotissoire-rectangulaire-moyenne-argile\/#primaryimage"},"image":{"@id":"https:\/\/dev6.erresse-shop.it\/fr\/shop\/poeles-pots\/plats-et-casseroles-a-four\/emile-henry-rotissoire-rectangulaire-moyenne-argile\/#primaryimage"},"thumbnailUrl":"https:\/\/i2.wp.com\/interpim.erresse-shop.it\/Import\/Prodotti\/emile-henry-pirofila-media-rettangolare-argile.jpg?ssl=1","datePublished":"2026-04-10T11:41:23+00:00","description":"Apportez une touche d\u00e9licate \u00e0 la cr\u00e9ation, \u00e0 la cuisson et \u00e0 la pr\u00e9sentation \u00e0 table de vos lasagnes, gratins et r\u00f4tis avec la R\u00f4tissoire Rectangulaire","breadcrumb":{"@id":"https:\/\/dev6.erresse-shop.it\/fr\/shop\/poeles-pots\/plats-et-casseroles-a-four\/emile-henry-rotissoire-rectangulaire-moyenne-argile\/#breadcrumb"},"inLanguage":"fr-FR","potentialAction":[{"@type":"ReadAction","target":["https:\/\/dev6.erresse-shop.it\/fr\/shop\/poeles-pots\/plats-et-casseroles-a-four\/emile-henry-rotissoire-rectangulaire-moyenne-argile\/"]}]},{"@type":"ImageObject","inLanguage":"fr-FR","@id":"https:\/\/dev6.erresse-shop.it\/fr\/shop\/poeles-pots\/plats-et-casseroles-a-four\/emile-henry-rotissoire-rectangulaire-moyenne-argile\/#primaryimage","url":"https:\/\/i2.wp.com\/interpim.erresse-shop.it\/Import\/Prodotti\/emile-henry-pirofila-media-rettangolare-argile.jpg?ssl=1","contentUrl":"https:\/\/i2.wp.com\/interpim.erresse-shop.it\/Import\/Prodotti\/emile-henry-pirofila-media-rettangolare-argile.jpg?ssl=1"},{"@type":"BreadcrumbList","@id":"https:\/\/dev6.erresse-shop.it\/fr\/shop\/poeles-pots\/plats-et-casseroles-a-four\/emile-henry-rotissoire-rectangulaire-moyenne-argile\/#breadcrumb","itemListElement":[{"@type":"ListItem","position":1,"name":"Home","item":"https:\/\/dev6.erresse-shop.it\/"},{"@type":"ListItem","position":2,"name":"Boutique","item":"https:\/\/dev6.erresse-shop.it\/shop\/"},{"@type":"ListItem","position":3,"name":"EMILE HENRY R\u00f4tissoire Rectangulaire Moyenne Argile"}]},{"@type":"WebSite","@id":"https:\/\/dev6.erresse-shop.it\/#website","url":"https:\/\/dev6.erresse-shop.it\/","name":"Erresse Shop","description":"","publisher":{"@id":"https:\/\/dev6.erresse-shop.it\/#organization"},"potentialAction":[{"@type":"SearchAction","target":{"@type":"EntryPoint","urlTemplate":"https:\/\/dev6.erresse-shop.it\/?s={search_term_string}"},"query-input":{"@type":"PropertyValueSpecification","valueRequired":true,"valueName":"search_term_string"}}],"inLanguage":"fr-FR"},{"@type":"Organization","@id":"https:\/\/dev6.erresse-shop.it\/#organization","name":"Erresse Shop","url":"https:\/\/dev6.erresse-shop.it\/","logo":{"@type":"ImageObject","inLanguage":"fr-FR","@id":"https:\/\/dev6.erresse-shop.it\/#\/schema\/logo\/image\/","url":"https:\/\/dev6.erresse-shop.it\/wp-content\/uploads\/2025\/01\/LOGO-ERRESSE-CLASSICO.svg","contentUrl":"https:\/\/dev6.erresse-shop.it\/wp-content\/uploads\/2025\/01\/LOGO-ERRESSE-CLASSICO.svg","caption":"Erresse Shop"},"image":{"@id":"https:\/\/dev6.erresse-shop.it\/#\/schema\/logo\/image\/"}}]}},"df_price":52.95,"df_sale_price":52.95,"df_regular_price":62.5,"df_image_link":"https:\/\/i2.wp.com\/interpim.erresse-shop.it\/Import\/Prodotti\/emile-henry-pirofila-media-rettangolare-argile.jpg?resize=300,300&ssl=1","fifu_image_url":"https:\/\/interpim.erresse-shop.it\/Import\/Prodotti\/emile-henry-pirofila-media-rettangolare-argile.jpg","_links":{"self":[{"href":"https:\/\/dev6.erresse-shop.it\/fr\/wp-json\/wp\/v2\/product\/61468","targetHints":{"allow":["GET"]}}],"collection":[{"href":"https:\/\/dev6.erresse-shop.it\/fr\/wp-json\/wp\/v2\/product"}],"about":[{"href":"https:\/\/dev6.erresse-shop.it\/fr\/wp-json\/wp\/v2\/types\/product"}],"wp:featuredmedia":[{"embeddable":true,"href":"https:\/\/dev6.erresse-shop.it\/fr\/wp-json\/wp\/v2\/media\/6334184"}],"wp:attachment":[{"href":"https:\/\/dev6.erresse-shop.it\/fr\/wp-json\/wp\/v2\/media?parent=61468"}],"wp:term":[{"taxonomy":"product_cat","embeddable":true,"href":"https:\/\/dev6.erresse-shop.it\/fr\/wp-json\/wp\/v2\/product_cat?post=61468"},{"taxonomy":"product_tag","embeddable":true,"href":"https:\/\/dev6.erresse-shop.it\/fr\/wp-json\/wp\/v2\/product_tag?post=61468"}],"curies":[{"name":"wp","href":"https:\/\/api.w.org\/{rel}","templated":true}]}}