{"id":61392,"date":"2026-04-12T09:35:04","date_gmt":"2026-04-12T07:35:04","guid":{"rendered":"https:\/\/dev6.erresse-shop.it\/shop\/non%20class\u00e9\/riedel-veritas-ensemble-2-verres-a-chardonnay-barrique\/"},"modified":"2025-07-04T16:55:44","modified_gmt":"2025-07-04T14:55:44","slug":"riedel-veritas-ensemble-2-verres-a-chardonnay-barrique","status":"publish","type":"product","link":"https:\/\/dev6.erresse-shop.it\/fr\/shop\/table-fr-2\/vin\/verres-a-vin\/riedel-veritas-ensemble-2-verres-a-chardonnay-barrique\/","title":{"rendered":"RIEDEL Veritas Ensemble 2 Verres \u00e0 Chardonnay Barrique"},"content":{"rendered":"<p>La s\u00e9rie r\u00e9volutionnaire RIEDEL Veritas a fait ses d\u00e9buts en 2014, \u00e9tablissant une fois de plus la norme en mati\u00e8re de production de verre. Georg J. Riedel, qui appartient \u00e0 la dixi\u00e8me g\u00e9n\u00e9ration de la famille, a charg\u00e9 les experts de renomm\u00e9e mondiale de la marque de cr\u00e9er une s\u00e9rie dont l\u2019apparence serait \u00e9poustouflante, la prise en main agr\u00e9able et le prix comp\u00e9titif. Ils se sont acquitt\u00e9s de cette t\u00e2che avec brio, cr\u00e9ant ainsi une collection de verres \u00e0 vin pour le XXIe si\u00e8cle.<\/p>\n<p>Le verre \u00e0 chardonnay pour les vins de chardonnay \u00e9lev\u00e9s en barrique est parfait pour mettre en valeur l\u2019intensit\u00e9 des vins blancs cors\u00e9s et leurs diff\u00e9rents niveaux d\u2019ar\u00f4mes. La grande taille du gobelet large et ouvert permet au bouquet riche d\u2019exprimer sa gamme d\u2019ar\u00f4mes merveilleusement vari\u00e9e, en soulignant la finesse et en minimisant le risque que les vins blancs plus \u00e9labor\u00e9s deviennent trop concentr\u00e9s.<\/p>\n<p>Fabriqu\u00e9 en machine et lavable au lave-vaisselle.<br \/>\nL\u2019emballage contient 2 pi\u00e8ces.<\/p>\n<p>Volume : 655,0 cm\u00b3<br \/>\nHauteur : 217,0 mm<\/p>\n","protected":false},"excerpt":{"rendered":"<p>La s\u00e9rie r\u00e9volutionnaire RIEDEL Veritas a fait ses d\u00e9buts en 2014, \u00e9tablissant une fois de plus la norme en mati\u00e8re de production de verre. Georg J. Riedel, qui appartient \u00e0 la dixi\u00e8me g\u00e9n\u00e9ration de la famille, a charg\u00e9 les experts de renomm\u00e9e mondiale de la marque de cr\u00e9er une s\u00e9rie dont l\u2019apparence serait \u00e9poustouflante, la [&hellip;]<\/p>\n","protected":false},"featured_media":6361580,"template":"","meta":{"_acf_changed":false},"product_cat":[12078,12069],"product_tag":[],"class_list":{"0":"post-61392","1":"product","2":"type-product","3":"status-publish","4":"has-post-thumbnail","6":"product_cat-verres-a-vin","7":"product_cat-vin","9":"first","10":"outofstock","11":"sale","12":"taxable","13":"shipping-taxable","14":"purchasable","15":"product-type-simple","swatches":"rey-swatches","show_selected":"","stretch_labels":"rey-swatches--stretch-labels"},"acf":[],"yoast_head":"<!-- This site is optimized with the Yoast SEO plugin v25.4 - https:\/\/yoast.com\/wordpress\/plugins\/seo\/ -->\n<title>RIEDEL Veritas Ensemble 2 Verres \u00e0 Chardonnay Barrique - dev6 Erresse<\/title>\n<meta name=\"description\" content=\"La s\u00e9rie r\u00e9volutionnaire RIEDEL Veritas a fait ses d\u00e9buts en 2014, \u00e9tablissant une fois de plus la norme en mati\u00e8re de production de verre. Georg J.\" \/>\n<meta name=\"robots\" content=\"noindex, follow, max-snippet:-1, max-image-preview:large, max-video-preview:-1\" \/>\n<meta property=\"og:locale\" content=\"fr_FR\" \/>\n<meta property=\"og:type\" content=\"article\" \/>\n<meta property=\"og:title\" content=\"RIEDEL Veritas Ensemble 2 Verres \u00e0 Chardonnay Barrique - dev6 Erresse\" \/>\n<meta property=\"og:description\" content=\"La s\u00e9rie r\u00e9volutionnaire RIEDEL Veritas a fait ses d\u00e9buts en 2014, \u00e9tablissant une fois de plus la norme en mati\u00e8re de production de verre. Georg J.\" \/>\n<meta property=\"og:url\" content=\"https:\/\/dev6.erresse-shop.it\/fr\/shop\/table-fr-2\/vin\/verres-a-vin\/riedel-veritas-ensemble-2-verres-a-chardonnay-barrique\/\" \/>\n<meta property=\"og:site_name\" content=\"dev6 Erresse\" \/>\n<meta property=\"og:image\" content=\"https:\/\/interpim.erresse-shop.it\/img-catalogo\/riedel\/riedel-veritas-set-2-calici-chardonnay-barrique.jpg\" \/><meta property=\"og:image\" content=\"https:\/\/interpim.erresse-shop.it\/img-catalogo\/riedel\/riedel-veritas-set-2-calici-chardonnay-barrique.jpg\" \/>\n\t<meta property=\"og:image:width\" content=\"1024\" \/>\n\t<meta property=\"og:image:height\" content=\"1024\" \/>\n\t<meta property=\"og:image:type\" content=\"image\/jpeg\" \/>\n<meta name=\"twitter:card\" content=\"summary_large_image\" \/>\n<meta name=\"twitter:image\" content=\"https:\/\/interpim.erresse-shop.it\/img-catalogo\/riedel\/riedel-veritas-set-2-calici-chardonnay-barrique.jpg\" \/>\n<script type=\"application\/ld+json\" class=\"yoast-schema-graph\">{\"@context\":\"https:\/\/schema.org\",\"@graph\":[{\"@type\":\"WebPage\",\"@id\":\"https:\/\/dev6.erresse-shop.it\/fr\/shop\/table-fr-2\/vin\/verres-a-vin\/riedel-veritas-ensemble-2-verres-a-chardonnay-barrique\/\",\"url\":\"https:\/\/dev6.erresse-shop.it\/fr\/shop\/table-fr-2\/vin\/verres-a-vin\/riedel-veritas-ensemble-2-verres-a-chardonnay-barrique\/\",\"name\":\"RIEDEL Veritas Ensemble 2 Verres \u00e0 Chardonnay Barrique - dev6 Erresse\",\"isPartOf\":{\"@id\":\"https:\/\/dev6.erresse-shop.it\/#website\"},\"primaryImageOfPage\":{\"@id\":\"https:\/\/dev6.erresse-shop.it\/fr\/shop\/table-fr-2\/vin\/verres-a-vin\/riedel-veritas-ensemble-2-verres-a-chardonnay-barrique\/#primaryimage\"},\"image\":{\"@id\":\"https:\/\/dev6.erresse-shop.it\/fr\/shop\/table-fr-2\/vin\/verres-a-vin\/riedel-veritas-ensemble-2-verres-a-chardonnay-barrique\/#primaryimage\"},\"thumbnailUrl\":\"https:\/\/i1.wp.com\/interpim.erresse-shop.it\/img-catalogo\/riedel\/riedel-veritas-set-2-calici-chardonnay-barrique.jpg?ssl=1\",\"datePublished\":\"2026-04-12T07:35:04+00:00\",\"description\":\"La s\u00e9rie r\u00e9volutionnaire RIEDEL Veritas a fait ses d\u00e9buts en 2014, \u00e9tablissant une fois de plus la norme en mati\u00e8re de production de verre. Georg J.\",\"breadcrumb\":{\"@id\":\"https:\/\/dev6.erresse-shop.it\/fr\/shop\/table-fr-2\/vin\/verres-a-vin\/riedel-veritas-ensemble-2-verres-a-chardonnay-barrique\/#breadcrumb\"},\"inLanguage\":\"fr-FR\",\"potentialAction\":[{\"@type\":\"ReadAction\",\"target\":[\"https:\/\/dev6.erresse-shop.it\/fr\/shop\/table-fr-2\/vin\/verres-a-vin\/riedel-veritas-ensemble-2-verres-a-chardonnay-barrique\/\"]}]},{\"@type\":\"ImageObject\",\"inLanguage\":\"fr-FR\",\"@id\":\"https:\/\/dev6.erresse-shop.it\/fr\/shop\/table-fr-2\/vin\/verres-a-vin\/riedel-veritas-ensemble-2-verres-a-chardonnay-barrique\/#primaryimage\",\"url\":\"https:\/\/i1.wp.com\/interpim.erresse-shop.it\/img-catalogo\/riedel\/riedel-veritas-set-2-calici-chardonnay-barrique.jpg?ssl=1\",\"contentUrl\":\"https:\/\/i1.wp.com\/interpim.erresse-shop.it\/img-catalogo\/riedel\/riedel-veritas-set-2-calici-chardonnay-barrique.jpg?ssl=1\"},{\"@type\":\"BreadcrumbList\",\"@id\":\"https:\/\/dev6.erresse-shop.it\/fr\/shop\/table-fr-2\/vin\/verres-a-vin\/riedel-veritas-ensemble-2-verres-a-chardonnay-barrique\/#breadcrumb\",\"itemListElement\":[{\"@type\":\"ListItem\",\"position\":1,\"name\":\"Home\",\"item\":\"https:\/\/dev6.erresse-shop.it\/\"},{\"@type\":\"ListItem\",\"position\":2,\"name\":\"Boutique\",\"item\":\"https:\/\/dev6.erresse-shop.it\/shop\/\"},{\"@type\":\"ListItem\",\"position\":3,\"name\":\"RIEDEL Veritas Ensemble 2 Verres \u00e0 Chardonnay Barrique\"}]},{\"@type\":\"WebSite\",\"@id\":\"https:\/\/dev6.erresse-shop.it\/#website\",\"url\":\"https:\/\/dev6.erresse-shop.it\/\",\"name\":\"Erresse Shop\",\"description\":\"\",\"publisher\":{\"@id\":\"https:\/\/dev6.erresse-shop.it\/#organization\"},\"potentialAction\":[{\"@type\":\"SearchAction\",\"target\":{\"@type\":\"EntryPoint\",\"urlTemplate\":\"https:\/\/dev6.erresse-shop.it\/?s={search_term_string}\"},\"query-input\":{\"@type\":\"PropertyValueSpecification\",\"valueRequired\":true,\"valueName\":\"search_term_string\"}}],\"inLanguage\":\"fr-FR\"},{\"@type\":\"Organization\",\"@id\":\"https:\/\/dev6.erresse-shop.it\/#organization\",\"name\":\"Erresse Shop\",\"url\":\"https:\/\/dev6.erresse-shop.it\/\",\"logo\":{\"@type\":\"ImageObject\",\"inLanguage\":\"fr-FR\",\"@id\":\"https:\/\/dev6.erresse-shop.it\/#\/schema\/logo\/image\/\",\"url\":\"https:\/\/dev6.erresse-shop.it\/wp-content\/uploads\/2025\/01\/LOGO-ERRESSE-CLASSICO.svg\",\"contentUrl\":\"https:\/\/dev6.erresse-shop.it\/wp-content\/uploads\/2025\/01\/LOGO-ERRESSE-CLASSICO.svg\",\"caption\":\"Erresse Shop\"},\"image\":{\"@id\":\"https:\/\/dev6.erresse-shop.it\/#\/schema\/logo\/image\/\"}}]}<\/script>\n<!-- \/ Yoast SEO plugin. -->","yoast_head_json":{"title":"RIEDEL Veritas Ensemble 2 Verres \u00e0 Chardonnay Barrique - dev6 Erresse","description":"La s\u00e9rie r\u00e9volutionnaire RIEDEL Veritas a fait ses d\u00e9buts en 2014, \u00e9tablissant une fois de plus la norme en mati\u00e8re de production de verre. Georg J.","robots":{"index":"noindex","follow":"follow","max-snippet":"max-snippet:-1","max-image-preview":"max-image-preview:large","max-video-preview":"max-video-preview:-1"},"og_locale":"fr_FR","og_type":"article","og_title":"RIEDEL Veritas Ensemble 2 Verres \u00e0 Chardonnay Barrique - dev6 Erresse","og_description":"La s\u00e9rie r\u00e9volutionnaire RIEDEL Veritas a fait ses d\u00e9buts en 2014, \u00e9tablissant une fois de plus la norme en mati\u00e8re de production de verre. Georg J.","og_url":"https:\/\/dev6.erresse-shop.it\/fr\/shop\/table-fr-2\/vin\/verres-a-vin\/riedel-veritas-ensemble-2-verres-a-chardonnay-barrique\/","og_site_name":"dev6 Erresse","og_image":[{"url":"https:\/\/interpim.erresse-shop.it\/img-catalogo\/riedel\/riedel-veritas-set-2-calici-chardonnay-barrique.jpg","type":"","width":"","height":""},{"url":"https:\/\/interpim.erresse-shop.it\/img-catalogo\/riedel\/riedel-veritas-set-2-calici-chardonnay-barrique.jpg","width":1024,"height":1024,"type":"image\/jpeg"}],"twitter_card":"summary_large_image","twitter_image":"https:\/\/interpim.erresse-shop.it\/img-catalogo\/riedel\/riedel-veritas-set-2-calici-chardonnay-barrique.jpg","schema":{"@context":"https:\/\/schema.org","@graph":[{"@type":"WebPage","@id":"https:\/\/dev6.erresse-shop.it\/fr\/shop\/table-fr-2\/vin\/verres-a-vin\/riedel-veritas-ensemble-2-verres-a-chardonnay-barrique\/","url":"https:\/\/dev6.erresse-shop.it\/fr\/shop\/table-fr-2\/vin\/verres-a-vin\/riedel-veritas-ensemble-2-verres-a-chardonnay-barrique\/","name":"RIEDEL Veritas Ensemble 2 Verres \u00e0 Chardonnay Barrique - dev6 Erresse","isPartOf":{"@id":"https:\/\/dev6.erresse-shop.it\/#website"},"primaryImageOfPage":{"@id":"https:\/\/dev6.erresse-shop.it\/fr\/shop\/table-fr-2\/vin\/verres-a-vin\/riedel-veritas-ensemble-2-verres-a-chardonnay-barrique\/#primaryimage"},"image":{"@id":"https:\/\/dev6.erresse-shop.it\/fr\/shop\/table-fr-2\/vin\/verres-a-vin\/riedel-veritas-ensemble-2-verres-a-chardonnay-barrique\/#primaryimage"},"thumbnailUrl":"https:\/\/i1.wp.com\/interpim.erresse-shop.it\/img-catalogo\/riedel\/riedel-veritas-set-2-calici-chardonnay-barrique.jpg?ssl=1","datePublished":"2026-04-12T07:35:04+00:00","description":"La s\u00e9rie r\u00e9volutionnaire RIEDEL Veritas a fait ses d\u00e9buts en 2014, \u00e9tablissant une fois de plus la norme en mati\u00e8re de production de verre. Georg J.","breadcrumb":{"@id":"https:\/\/dev6.erresse-shop.it\/fr\/shop\/table-fr-2\/vin\/verres-a-vin\/riedel-veritas-ensemble-2-verres-a-chardonnay-barrique\/#breadcrumb"},"inLanguage":"fr-FR","potentialAction":[{"@type":"ReadAction","target":["https:\/\/dev6.erresse-shop.it\/fr\/shop\/table-fr-2\/vin\/verres-a-vin\/riedel-veritas-ensemble-2-verres-a-chardonnay-barrique\/"]}]},{"@type":"ImageObject","inLanguage":"fr-FR","@id":"https:\/\/dev6.erresse-shop.it\/fr\/shop\/table-fr-2\/vin\/verres-a-vin\/riedel-veritas-ensemble-2-verres-a-chardonnay-barrique\/#primaryimage","url":"https:\/\/i1.wp.com\/interpim.erresse-shop.it\/img-catalogo\/riedel\/riedel-veritas-set-2-calici-chardonnay-barrique.jpg?ssl=1","contentUrl":"https:\/\/i1.wp.com\/interpim.erresse-shop.it\/img-catalogo\/riedel\/riedel-veritas-set-2-calici-chardonnay-barrique.jpg?ssl=1"},{"@type":"BreadcrumbList","@id":"https:\/\/dev6.erresse-shop.it\/fr\/shop\/table-fr-2\/vin\/verres-a-vin\/riedel-veritas-ensemble-2-verres-a-chardonnay-barrique\/#breadcrumb","itemListElement":[{"@type":"ListItem","position":1,"name":"Home","item":"https:\/\/dev6.erresse-shop.it\/"},{"@type":"ListItem","position":2,"name":"Boutique","item":"https:\/\/dev6.erresse-shop.it\/shop\/"},{"@type":"ListItem","position":3,"name":"RIEDEL Veritas Ensemble 2 Verres \u00e0 Chardonnay Barrique"}]},{"@type":"WebSite","@id":"https:\/\/dev6.erresse-shop.it\/#website","url":"https:\/\/dev6.erresse-shop.it\/","name":"Erresse Shop","description":"","publisher":{"@id":"https:\/\/dev6.erresse-shop.it\/#organization"},"potentialAction":[{"@type":"SearchAction","target":{"@type":"EntryPoint","urlTemplate":"https:\/\/dev6.erresse-shop.it\/?s={search_term_string}"},"query-input":{"@type":"PropertyValueSpecification","valueRequired":true,"valueName":"search_term_string"}}],"inLanguage":"fr-FR"},{"@type":"Organization","@id":"https:\/\/dev6.erresse-shop.it\/#organization","name":"Erresse Shop","url":"https:\/\/dev6.erresse-shop.it\/","logo":{"@type":"ImageObject","inLanguage":"fr-FR","@id":"https:\/\/dev6.erresse-shop.it\/#\/schema\/logo\/image\/","url":"https:\/\/dev6.erresse-shop.it\/wp-content\/uploads\/2025\/01\/LOGO-ERRESSE-CLASSICO.svg","contentUrl":"https:\/\/dev6.erresse-shop.it\/wp-content\/uploads\/2025\/01\/LOGO-ERRESSE-CLASSICO.svg","caption":"Erresse Shop"},"image":{"@id":"https:\/\/dev6.erresse-shop.it\/#\/schema\/logo\/image\/"}}]}},"df_price":54.95,"df_sale_price":54.95,"df_regular_price":59,"df_image_link":"https:\/\/i1.wp.com\/interpim.erresse-shop.it\/img-catalogo\/riedel\/riedel-veritas-set-2-calici-chardonnay-barrique.jpg?resize=300,300&ssl=1","fifu_image_url":"https:\/\/interpim.erresse-shop.it\/img-catalogo\/riedel\/riedel-veritas-set-2-calici-chardonnay-barrique.jpg","_links":{"self":[{"href":"https:\/\/dev6.erresse-shop.it\/fr\/wp-json\/wp\/v2\/product\/61392","targetHints":{"allow":["GET"]}}],"collection":[{"href":"https:\/\/dev6.erresse-shop.it\/fr\/wp-json\/wp\/v2\/product"}],"about":[{"href":"https:\/\/dev6.erresse-shop.it\/fr\/wp-json\/wp\/v2\/types\/product"}],"wp:featuredmedia":[{"embeddable":true,"href":"https:\/\/dev6.erresse-shop.it\/fr\/wp-json\/wp\/v2\/media\/6361580"}],"wp:attachment":[{"href":"https:\/\/dev6.erresse-shop.it\/fr\/wp-json\/wp\/v2\/media?parent=61392"}],"wp:term":[{"taxonomy":"product_cat","embeddable":true,"href":"https:\/\/dev6.erresse-shop.it\/fr\/wp-json\/wp\/v2\/product_cat?post=61392"},{"taxonomy":"product_tag","embeddable":true,"href":"https:\/\/dev6.erresse-shop.it\/fr\/wp-json\/wp\/v2\/product_tag?post=61392"}],"curies":[{"name":"wp","href":"https:\/\/api.w.org\/{rel}","templated":true}]}}