{"id":61388,"date":"2026-04-12T09:35:04","date_gmt":"2026-04-12T07:35:04","guid":{"rendered":"https:\/\/dev6.erresse-shop.it\/shop\/non%20class\u00e9\/riedel-veritas-ensemble-2-verres-a-vin-rouge-pinot-noir-nouvelle-zelande\/"},"modified":"2025-07-04T16:55:37","modified_gmt":"2025-07-04T14:55:37","slug":"riedel-veritas-ensemble-2-verres-a-vin-rouge-pinot-noir-nouvelle-zelande","status":"publish","type":"product","link":"https:\/\/dev6.erresse-shop.it\/fr\/shop\/table-fr-2\/vin\/verres-a-vin\/riedel-veritas-ensemble-2-verres-a-vin-rouge-pinot-noir-nouvelle-zelande\/","title":{"rendered":"RIEDEL Veritas Ensemble 2 Verres \u00e0 Vin Rouge Pinot Noir Nouvelle-Z\u00e9lande"},"content":{"rendered":"<p>La s\u00e9rie r\u00e9volutionnaire RIEDEL Veritas a fait ses d\u00e9buts en 2014, \u00e9tablissant une fois de plus la norme en mati\u00e8re de production de verre. Georg J. Riedel, qui appartient \u00e0 la dixi\u00e8me g\u00e9n\u00e9ration de la famille, a charg\u00e9 les experts de renomm\u00e9e mondiale de la marque de cr\u00e9er une s\u00e9rie dont l\u2019apparence serait \u00e9poustouflante, la prise en main agr\u00e9able et le prix comp\u00e9titif. Ils se sont acquitt\u00e9s de cette t\u00e2che avec brio, cr\u00e9ant ainsi une collection de verres \u00e0 vin pour le XXIe si\u00e8cle.<\/p>\n<p>Le verre \u00e0 Pinot Noir de Nouvelle-Z\u00e9lande offre l\u2019\u00e9quilibre entre la fragilit\u00e9 et le caract\u00e8re fruit\u00e9, frais et compact des vins l\u00e9gers du Nouveau Monde.<\/p>\n<p>Fruit d\u2019une collaboration avec des producteurs de l\u2019Oregon, aux \u00c9tats-Unis, ce verre en forme de tulipe au bord l\u00e9g\u00e8rement \u00e9largi met en valeur l\u2019irr\u00e9sistible douceur du vin, \u00e9quilibre id\u00e9alement son acidit\u00e9 et mod\u00e8re la pointe d\u2019alcool, lui donnant ainsi une image parfaite. Il convient \u00e9galement pour rehausser les ar\u00f4mes des vins ros\u00e9s et des champagnes.<\/p>\n<p>Fabriqu\u00e9 en machine et lavable au lave-vaisselle.<br \/>\nL\u2019emballage contient 2 pi\u00e8ces.<\/p>\n<p>Volume : 807,0 ccm<br \/>\nHauteur : 235,0 mm<\/p>\n","protected":false},"excerpt":{"rendered":"<p>La s\u00e9rie r\u00e9volutionnaire RIEDEL Veritas a fait ses d\u00e9buts en 2014, \u00e9tablissant une fois de plus la norme en mati\u00e8re de production de verre. Georg J. Riedel, qui appartient \u00e0 la dixi\u00e8me g\u00e9n\u00e9ration de la famille, a charg\u00e9 les experts de renomm\u00e9e mondiale de la marque de cr\u00e9er une s\u00e9rie dont l\u2019apparence serait \u00e9poustouflante, la [&hellip;]<\/p>\n","protected":false},"featured_media":6361557,"template":"","meta":{"_acf_changed":false},"product_cat":[12078,12069],"product_tag":[],"class_list":{"0":"post-61388","1":"product","2":"type-product","3":"status-publish","4":"has-post-thumbnail","6":"product_cat-verres-a-vin","7":"product_cat-vin","9":"first","10":"outofstock","11":"sale","12":"taxable","13":"shipping-taxable","14":"purchasable","15":"product-type-simple","swatches":"rey-swatches","show_selected":"","stretch_labels":"rey-swatches--stretch-labels"},"acf":[],"yoast_head":"<!-- This site is optimized with the Yoast SEO plugin v25.4 - https:\/\/yoast.com\/wordpress\/plugins\/seo\/ -->\n<title>RIEDEL Veritas Ensemble 2 Verres \u00e0 Vin Rouge Pinot Noir Nouvelle-Z\u00e9lande - dev6 Erresse<\/title>\n<meta name=\"description\" content=\"La s\u00e9rie r\u00e9volutionnaire RIEDEL Veritas a fait ses d\u00e9buts en 2014, \u00e9tablissant une fois de plus la norme en mati\u00e8re de production de verre. Georg J.\" \/>\n<meta name=\"robots\" content=\"noindex, follow, max-snippet:-1, max-image-preview:large, max-video-preview:-1\" \/>\n<meta property=\"og:locale\" content=\"fr_FR\" \/>\n<meta property=\"og:type\" content=\"article\" \/>\n<meta property=\"og:title\" content=\"RIEDEL Veritas Ensemble 2 Verres \u00e0 Vin Rouge Pinot Noir Nouvelle-Z\u00e9lande - dev6 Erresse\" \/>\n<meta property=\"og:description\" content=\"La s\u00e9rie r\u00e9volutionnaire RIEDEL Veritas a fait ses d\u00e9buts en 2014, \u00e9tablissant une fois de plus la norme en mati\u00e8re de production de verre. Georg J.\" \/>\n<meta property=\"og:url\" content=\"https:\/\/dev6.erresse-shop.it\/fr\/shop\/table-fr-2\/vin\/verres-a-vin\/riedel-veritas-ensemble-2-verres-a-vin-rouge-pinot-noir-nouvelle-zelande\/\" \/>\n<meta property=\"og:site_name\" content=\"dev6 Erresse\" \/>\n<meta property=\"og:image\" content=\"https:\/\/interpim.erresse-shop.it\/img-catalogo\/riedel\/riedel-veritas-set-2-calici-pinot-noir-nuova-zelanda.jpg\" \/><meta property=\"og:image\" content=\"https:\/\/interpim.erresse-shop.it\/img-catalogo\/riedel\/riedel-veritas-set-2-calici-pinot-noir-nuova-zelanda.jpg\" \/>\n\t<meta property=\"og:image:width\" content=\"1024\" \/>\n\t<meta property=\"og:image:height\" content=\"1024\" \/>\n\t<meta property=\"og:image:type\" content=\"image\/jpeg\" \/>\n<meta name=\"twitter:card\" content=\"summary_large_image\" \/>\n<meta name=\"twitter:image\" content=\"https:\/\/interpim.erresse-shop.it\/img-catalogo\/riedel\/riedel-veritas-set-2-calici-pinot-noir-nuova-zelanda.jpg\" \/>\n<script type=\"application\/ld+json\" class=\"yoast-schema-graph\">{\"@context\":\"https:\/\/schema.org\",\"@graph\":[{\"@type\":\"WebPage\",\"@id\":\"https:\/\/dev6.erresse-shop.it\/fr\/shop\/table-fr-2\/vin\/verres-a-vin\/riedel-veritas-ensemble-2-verres-a-vin-rouge-pinot-noir-nouvelle-zelande\/\",\"url\":\"https:\/\/dev6.erresse-shop.it\/fr\/shop\/table-fr-2\/vin\/verres-a-vin\/riedel-veritas-ensemble-2-verres-a-vin-rouge-pinot-noir-nouvelle-zelande\/\",\"name\":\"RIEDEL Veritas Ensemble 2 Verres \u00e0 Vin Rouge Pinot Noir Nouvelle-Z\u00e9lande - dev6 Erresse\",\"isPartOf\":{\"@id\":\"https:\/\/dev6.erresse-shop.it\/#website\"},\"primaryImageOfPage\":{\"@id\":\"https:\/\/dev6.erresse-shop.it\/fr\/shop\/table-fr-2\/vin\/verres-a-vin\/riedel-veritas-ensemble-2-verres-a-vin-rouge-pinot-noir-nouvelle-zelande\/#primaryimage\"},\"image\":{\"@id\":\"https:\/\/dev6.erresse-shop.it\/fr\/shop\/table-fr-2\/vin\/verres-a-vin\/riedel-veritas-ensemble-2-verres-a-vin-rouge-pinot-noir-nouvelle-zelande\/#primaryimage\"},\"thumbnailUrl\":\"https:\/\/i2.wp.com\/interpim.erresse-shop.it\/img-catalogo\/riedel\/riedel-veritas-set-2-calici-pinot-noir-nuova-zelanda.jpg?ssl=1\",\"datePublished\":\"2026-04-12T07:35:04+00:00\",\"description\":\"La s\u00e9rie r\u00e9volutionnaire RIEDEL Veritas a fait ses d\u00e9buts en 2014, \u00e9tablissant une fois de plus la norme en mati\u00e8re de production de verre. Georg J.\",\"breadcrumb\":{\"@id\":\"https:\/\/dev6.erresse-shop.it\/fr\/shop\/table-fr-2\/vin\/verres-a-vin\/riedel-veritas-ensemble-2-verres-a-vin-rouge-pinot-noir-nouvelle-zelande\/#breadcrumb\"},\"inLanguage\":\"fr-FR\",\"potentialAction\":[{\"@type\":\"ReadAction\",\"target\":[\"https:\/\/dev6.erresse-shop.it\/fr\/shop\/table-fr-2\/vin\/verres-a-vin\/riedel-veritas-ensemble-2-verres-a-vin-rouge-pinot-noir-nouvelle-zelande\/\"]}]},{\"@type\":\"ImageObject\",\"inLanguage\":\"fr-FR\",\"@id\":\"https:\/\/dev6.erresse-shop.it\/fr\/shop\/table-fr-2\/vin\/verres-a-vin\/riedel-veritas-ensemble-2-verres-a-vin-rouge-pinot-noir-nouvelle-zelande\/#primaryimage\",\"url\":\"https:\/\/i2.wp.com\/interpim.erresse-shop.it\/img-catalogo\/riedel\/riedel-veritas-set-2-calici-pinot-noir-nuova-zelanda.jpg?ssl=1\",\"contentUrl\":\"https:\/\/i2.wp.com\/interpim.erresse-shop.it\/img-catalogo\/riedel\/riedel-veritas-set-2-calici-pinot-noir-nuova-zelanda.jpg?ssl=1\"},{\"@type\":\"BreadcrumbList\",\"@id\":\"https:\/\/dev6.erresse-shop.it\/fr\/shop\/table-fr-2\/vin\/verres-a-vin\/riedel-veritas-ensemble-2-verres-a-vin-rouge-pinot-noir-nouvelle-zelande\/#breadcrumb\",\"itemListElement\":[{\"@type\":\"ListItem\",\"position\":1,\"name\":\"Home\",\"item\":\"https:\/\/dev6.erresse-shop.it\/\"},{\"@type\":\"ListItem\",\"position\":2,\"name\":\"Boutique\",\"item\":\"https:\/\/dev6.erresse-shop.it\/shop\/\"},{\"@type\":\"ListItem\",\"position\":3,\"name\":\"RIEDEL Veritas Ensemble 2 Verres \u00e0 Vin Rouge Pinot Noir Nouvelle-Z\u00e9lande\"}]},{\"@type\":\"WebSite\",\"@id\":\"https:\/\/dev6.erresse-shop.it\/#website\",\"url\":\"https:\/\/dev6.erresse-shop.it\/\",\"name\":\"Erresse Shop\",\"description\":\"\",\"publisher\":{\"@id\":\"https:\/\/dev6.erresse-shop.it\/#organization\"},\"potentialAction\":[{\"@type\":\"SearchAction\",\"target\":{\"@type\":\"EntryPoint\",\"urlTemplate\":\"https:\/\/dev6.erresse-shop.it\/?s={search_term_string}\"},\"query-input\":{\"@type\":\"PropertyValueSpecification\",\"valueRequired\":true,\"valueName\":\"search_term_string\"}}],\"inLanguage\":\"fr-FR\"},{\"@type\":\"Organization\",\"@id\":\"https:\/\/dev6.erresse-shop.it\/#organization\",\"name\":\"Erresse Shop\",\"url\":\"https:\/\/dev6.erresse-shop.it\/\",\"logo\":{\"@type\":\"ImageObject\",\"inLanguage\":\"fr-FR\",\"@id\":\"https:\/\/dev6.erresse-shop.it\/#\/schema\/logo\/image\/\",\"url\":\"https:\/\/dev6.erresse-shop.it\/wp-content\/uploads\/2025\/01\/LOGO-ERRESSE-CLASSICO.svg\",\"contentUrl\":\"https:\/\/dev6.erresse-shop.it\/wp-content\/uploads\/2025\/01\/LOGO-ERRESSE-CLASSICO.svg\",\"caption\":\"Erresse Shop\"},\"image\":{\"@id\":\"https:\/\/dev6.erresse-shop.it\/#\/schema\/logo\/image\/\"}}]}<\/script>\n<!-- \/ Yoast SEO plugin. -->","yoast_head_json":{"title":"RIEDEL Veritas Ensemble 2 Verres \u00e0 Vin Rouge Pinot Noir Nouvelle-Z\u00e9lande - dev6 Erresse","description":"La s\u00e9rie r\u00e9volutionnaire RIEDEL Veritas a fait ses d\u00e9buts en 2014, \u00e9tablissant une fois de plus la norme en mati\u00e8re de production de verre. Georg J.","robots":{"index":"noindex","follow":"follow","max-snippet":"max-snippet:-1","max-image-preview":"max-image-preview:large","max-video-preview":"max-video-preview:-1"},"og_locale":"fr_FR","og_type":"article","og_title":"RIEDEL Veritas Ensemble 2 Verres \u00e0 Vin Rouge Pinot Noir Nouvelle-Z\u00e9lande - dev6 Erresse","og_description":"La s\u00e9rie r\u00e9volutionnaire RIEDEL Veritas a fait ses d\u00e9buts en 2014, \u00e9tablissant une fois de plus la norme en mati\u00e8re de production de verre. Georg J.","og_url":"https:\/\/dev6.erresse-shop.it\/fr\/shop\/table-fr-2\/vin\/verres-a-vin\/riedel-veritas-ensemble-2-verres-a-vin-rouge-pinot-noir-nouvelle-zelande\/","og_site_name":"dev6 Erresse","og_image":[{"url":"https:\/\/interpim.erresse-shop.it\/img-catalogo\/riedel\/riedel-veritas-set-2-calici-pinot-noir-nuova-zelanda.jpg","type":"","width":"","height":""},{"url":"https:\/\/interpim.erresse-shop.it\/img-catalogo\/riedel\/riedel-veritas-set-2-calici-pinot-noir-nuova-zelanda.jpg","width":1024,"height":1024,"type":"image\/jpeg"}],"twitter_card":"summary_large_image","twitter_image":"https:\/\/interpim.erresse-shop.it\/img-catalogo\/riedel\/riedel-veritas-set-2-calici-pinot-noir-nuova-zelanda.jpg","schema":{"@context":"https:\/\/schema.org","@graph":[{"@type":"WebPage","@id":"https:\/\/dev6.erresse-shop.it\/fr\/shop\/table-fr-2\/vin\/verres-a-vin\/riedel-veritas-ensemble-2-verres-a-vin-rouge-pinot-noir-nouvelle-zelande\/","url":"https:\/\/dev6.erresse-shop.it\/fr\/shop\/table-fr-2\/vin\/verres-a-vin\/riedel-veritas-ensemble-2-verres-a-vin-rouge-pinot-noir-nouvelle-zelande\/","name":"RIEDEL Veritas Ensemble 2 Verres \u00e0 Vin Rouge Pinot Noir Nouvelle-Z\u00e9lande - dev6 Erresse","isPartOf":{"@id":"https:\/\/dev6.erresse-shop.it\/#website"},"primaryImageOfPage":{"@id":"https:\/\/dev6.erresse-shop.it\/fr\/shop\/table-fr-2\/vin\/verres-a-vin\/riedel-veritas-ensemble-2-verres-a-vin-rouge-pinot-noir-nouvelle-zelande\/#primaryimage"},"image":{"@id":"https:\/\/dev6.erresse-shop.it\/fr\/shop\/table-fr-2\/vin\/verres-a-vin\/riedel-veritas-ensemble-2-verres-a-vin-rouge-pinot-noir-nouvelle-zelande\/#primaryimage"},"thumbnailUrl":"https:\/\/i2.wp.com\/interpim.erresse-shop.it\/img-catalogo\/riedel\/riedel-veritas-set-2-calici-pinot-noir-nuova-zelanda.jpg?ssl=1","datePublished":"2026-04-12T07:35:04+00:00","description":"La s\u00e9rie r\u00e9volutionnaire RIEDEL Veritas a fait ses d\u00e9buts en 2014, \u00e9tablissant une fois de plus la norme en mati\u00e8re de production de verre. Georg J.","breadcrumb":{"@id":"https:\/\/dev6.erresse-shop.it\/fr\/shop\/table-fr-2\/vin\/verres-a-vin\/riedel-veritas-ensemble-2-verres-a-vin-rouge-pinot-noir-nouvelle-zelande\/#breadcrumb"},"inLanguage":"fr-FR","potentialAction":[{"@type":"ReadAction","target":["https:\/\/dev6.erresse-shop.it\/fr\/shop\/table-fr-2\/vin\/verres-a-vin\/riedel-veritas-ensemble-2-verres-a-vin-rouge-pinot-noir-nouvelle-zelande\/"]}]},{"@type":"ImageObject","inLanguage":"fr-FR","@id":"https:\/\/dev6.erresse-shop.it\/fr\/shop\/table-fr-2\/vin\/verres-a-vin\/riedel-veritas-ensemble-2-verres-a-vin-rouge-pinot-noir-nouvelle-zelande\/#primaryimage","url":"https:\/\/i2.wp.com\/interpim.erresse-shop.it\/img-catalogo\/riedel\/riedel-veritas-set-2-calici-pinot-noir-nuova-zelanda.jpg?ssl=1","contentUrl":"https:\/\/i2.wp.com\/interpim.erresse-shop.it\/img-catalogo\/riedel\/riedel-veritas-set-2-calici-pinot-noir-nuova-zelanda.jpg?ssl=1"},{"@type":"BreadcrumbList","@id":"https:\/\/dev6.erresse-shop.it\/fr\/shop\/table-fr-2\/vin\/verres-a-vin\/riedel-veritas-ensemble-2-verres-a-vin-rouge-pinot-noir-nouvelle-zelande\/#breadcrumb","itemListElement":[{"@type":"ListItem","position":1,"name":"Home","item":"https:\/\/dev6.erresse-shop.it\/"},{"@type":"ListItem","position":2,"name":"Boutique","item":"https:\/\/dev6.erresse-shop.it\/shop\/"},{"@type":"ListItem","position":3,"name":"RIEDEL Veritas Ensemble 2 Verres \u00e0 Vin Rouge Pinot Noir Nouvelle-Z\u00e9lande"}]},{"@type":"WebSite","@id":"https:\/\/dev6.erresse-shop.it\/#website","url":"https:\/\/dev6.erresse-shop.it\/","name":"Erresse Shop","description":"","publisher":{"@id":"https:\/\/dev6.erresse-shop.it\/#organization"},"potentialAction":[{"@type":"SearchAction","target":{"@type":"EntryPoint","urlTemplate":"https:\/\/dev6.erresse-shop.it\/?s={search_term_string}"},"query-input":{"@type":"PropertyValueSpecification","valueRequired":true,"valueName":"search_term_string"}}],"inLanguage":"fr-FR"},{"@type":"Organization","@id":"https:\/\/dev6.erresse-shop.it\/#organization","name":"Erresse Shop","url":"https:\/\/dev6.erresse-shop.it\/","logo":{"@type":"ImageObject","inLanguage":"fr-FR","@id":"https:\/\/dev6.erresse-shop.it\/#\/schema\/logo\/image\/","url":"https:\/\/dev6.erresse-shop.it\/wp-content\/uploads\/2025\/01\/LOGO-ERRESSE-CLASSICO.svg","contentUrl":"https:\/\/dev6.erresse-shop.it\/wp-content\/uploads\/2025\/01\/LOGO-ERRESSE-CLASSICO.svg","caption":"Erresse Shop"},"image":{"@id":"https:\/\/dev6.erresse-shop.it\/#\/schema\/logo\/image\/"}}]}},"df_price":54.95,"df_sale_price":54.95,"df_regular_price":59,"df_image_link":"https:\/\/i2.wp.com\/interpim.erresse-shop.it\/img-catalogo\/riedel\/riedel-veritas-set-2-calici-pinot-noir-nuova-zelanda.jpg?resize=300,300&ssl=1","fifu_image_url":"https:\/\/interpim.erresse-shop.it\/img-catalogo\/riedel\/riedel-veritas-set-2-calici-pinot-noir-nuova-zelanda.jpg","_links":{"self":[{"href":"https:\/\/dev6.erresse-shop.it\/fr\/wp-json\/wp\/v2\/product\/61388","targetHints":{"allow":["GET"]}}],"collection":[{"href":"https:\/\/dev6.erresse-shop.it\/fr\/wp-json\/wp\/v2\/product"}],"about":[{"href":"https:\/\/dev6.erresse-shop.it\/fr\/wp-json\/wp\/v2\/types\/product"}],"wp:featuredmedia":[{"embeddable":true,"href":"https:\/\/dev6.erresse-shop.it\/fr\/wp-json\/wp\/v2\/media\/6361557"}],"wp:attachment":[{"href":"https:\/\/dev6.erresse-shop.it\/fr\/wp-json\/wp\/v2\/media?parent=61388"}],"wp:term":[{"taxonomy":"product_cat","embeddable":true,"href":"https:\/\/dev6.erresse-shop.it\/fr\/wp-json\/wp\/v2\/product_cat?post=61388"},{"taxonomy":"product_tag","embeddable":true,"href":"https:\/\/dev6.erresse-shop.it\/fr\/wp-json\/wp\/v2\/product_tag?post=61388"}],"curies":[{"name":"wp","href":"https:\/\/api.w.org\/{rel}","templated":true}]}}