{"id":61380,"date":"2026-04-12T09:33:33","date_gmt":"2026-04-12T07:33:33","guid":{"rendered":"https:\/\/dev6.erresse-shop.it\/shop\/non%20class\u00e9\/riedel-ultra-decanteur-magnum\/"},"modified":"2025-09-14T04:48:56","modified_gmt":"2025-09-14T02:48:56","slug":"riedel-ultra-decanteur-magnum","status":"publish","type":"product","link":"https:\/\/dev6.erresse-shop.it\/fr\/shop\/table-fr-2\/vin\/decanteurs\/riedel-ultra-decanteur-magnum\/","title":{"rendered":"RIEDEL Ultra D\u00e9canteur Magnum"},"content":{"rendered":"<p>RIEDEL propose une large gamme d\u2019\u00e9l\u00e9gantes carafes en verre souffl\u00e9 pour r\u00e9pondre \u00e0 tous les styles de vie. Une carafe est un objet indispensable pour tout amateur de vin, et toutes les carafes RIEDEL sont fabriqu\u00e9es en cristal fin pour donner aux vins de qualit\u00e9 le traitement qu\u2019ils m\u00e9ritent. Les vins jeunes et vieux peuvent b\u00e9n\u00e9ficier d\u2019une d\u00e9cantation, que ce soit pour \u00e9liminer les s\u00e9diments ou pour les rendre plus souples et plus ronds.<\/p>\n<p>Le design d\u2019Ultra rappelle le style traditionnel, avec ses courbes sinueuses et sa large base. Gr\u00e2ce \u00e0 sa taille, cette carafe est parfaite pour verser des vins jeunes, car elle pr\u00e9sente une surface g\u00e9n\u00e9reuse qui permet au vin d\u2019\u00eatre expos\u00e9 \u00e0 l\u2019oxyg\u00e8ne apr\u00e8s la d\u00e9cantation.<\/p>\n<p>Cette carafe peut contenir une bouteille de vin magnum.<\/p>\n<p>Nos ma\u00eetres verriers fabriquent chaque article \u00e0 la main, de sorte que chaque pi\u00e8ce poss\u00e8de un caract\u00e8re unique. En raison de la nature du processus de fabrication, il peut y avoir de petites diff\u00e9rences dans la taille et le poids de chaque article, des bulles, des imperfections ou de l\u00e9g\u00e8res variations \u00e0 la surface.<\/p>\n<p>Fabriqu\u00e9e \u00e0 la main. Laver \u00e0 la main uniquement.<\/p>\n<p>Volume : 2000.0 ccm<br \/>\nHauteur : 240,0 mm<\/p>\n","protected":false},"excerpt":{"rendered":"<p>RIEDEL propose une large gamme d\u2019\u00e9l\u00e9gantes carafes en verre souffl\u00e9 pour r\u00e9pondre \u00e0 tous les styles de vie. Une carafe est un objet indispensable pour tout amateur de vin, et toutes les carafes RIEDEL sont fabriqu\u00e9es en cristal fin pour donner aux vins de qualit\u00e9 le traitement qu\u2019ils m\u00e9ritent. Les vins jeunes et vieux peuvent [&hellip;]<\/p>\n","protected":false},"featured_media":6361514,"template":"","meta":{"_acf_changed":false},"product_cat":[12083,11995,12069],"product_tag":[],"class_list":{"0":"post-61380","1":"product","2":"type-product","3":"status-publish","4":"has-post-thumbnail","6":"product_cat-decanteurs","7":"product_cat-table-fr-2","8":"product_cat-vin","10":"first","11":"outofstock","12":"sale","13":"taxable","14":"shipping-taxable","15":"purchasable","16":"product-type-simple","swatches":"rey-swatches","show_selected":"","stretch_labels":"rey-swatches--stretch-labels"},"acf":[],"yoast_head":"<!-- This site is optimized with the Yoast SEO plugin v25.4 - https:\/\/yoast.com\/wordpress\/plugins\/seo\/ -->\n<title>RIEDEL Ultra D\u00e9canteur Magnum - dev6 Erresse<\/title>\n<meta name=\"description\" content=\"RIEDEL propose une large gamme d\u2019\u00e9l\u00e9gantes carafes en verre souffl\u00e9 pour r\u00e9pondre \u00e0 tous les styles de vie. Une carafe est un objet indispensable pour\" \/>\n<meta name=\"robots\" content=\"noindex, follow, max-snippet:-1, max-image-preview:large, max-video-preview:-1\" \/>\n<meta property=\"og:locale\" content=\"fr_FR\" \/>\n<meta property=\"og:type\" content=\"article\" \/>\n<meta property=\"og:title\" content=\"RIEDEL Ultra D\u00e9canteur Magnum - dev6 Erresse\" \/>\n<meta property=\"og:description\" content=\"RIEDEL propose une large gamme d\u2019\u00e9l\u00e9gantes carafes en verre souffl\u00e9 pour r\u00e9pondre \u00e0 tous les styles de vie. Une carafe est un objet indispensable pour\" \/>\n<meta property=\"og:url\" content=\"https:\/\/dev6.erresse-shop.it\/fr\/shop\/table-fr-2\/vin\/decanteurs\/riedel-ultra-decanteur-magnum\/\" \/>\n<meta property=\"og:site_name\" content=\"dev6 Erresse\" \/>\n<meta property=\"og:image\" content=\"https:\/\/interpim.erresse-shop.it\/img-catalogo\/riedel\/riedel-ultra-decanter-magnum.jpg\" \/><meta property=\"og:image\" content=\"https:\/\/interpim.erresse-shop.it\/img-catalogo\/riedel\/riedel-ultra-decanter-magnum.jpg\" \/>\n\t<meta property=\"og:image:width\" content=\"1024\" \/>\n\t<meta property=\"og:image:height\" content=\"1024\" \/>\n\t<meta property=\"og:image:type\" content=\"image\/jpeg\" \/>\n<meta name=\"twitter:card\" content=\"summary_large_image\" \/>\n<meta name=\"twitter:image\" content=\"https:\/\/interpim.erresse-shop.it\/img-catalogo\/riedel\/riedel-ultra-decanter-magnum.jpg\" \/>\n<script type=\"application\/ld+json\" class=\"yoast-schema-graph\">{\"@context\":\"https:\/\/schema.org\",\"@graph\":[{\"@type\":\"WebPage\",\"@id\":\"https:\/\/dev6.erresse-shop.it\/fr\/shop\/table-fr-2\/vin\/decanteurs\/riedel-ultra-decanteur-magnum\/\",\"url\":\"https:\/\/dev6.erresse-shop.it\/fr\/shop\/table-fr-2\/vin\/decanteurs\/riedel-ultra-decanteur-magnum\/\",\"name\":\"RIEDEL Ultra D\u00e9canteur Magnum - dev6 Erresse\",\"isPartOf\":{\"@id\":\"https:\/\/dev6.erresse-shop.it\/#website\"},\"primaryImageOfPage\":{\"@id\":\"https:\/\/dev6.erresse-shop.it\/fr\/shop\/table-fr-2\/vin\/decanteurs\/riedel-ultra-decanteur-magnum\/#primaryimage\"},\"image\":{\"@id\":\"https:\/\/dev6.erresse-shop.it\/fr\/shop\/table-fr-2\/vin\/decanteurs\/riedel-ultra-decanteur-magnum\/#primaryimage\"},\"thumbnailUrl\":\"https:\/\/i1.wp.com\/interpim.erresse-shop.it\/img-catalogo\/riedel\/riedel-ultra-decanter-magnum.jpg?ssl=1\",\"datePublished\":\"2026-04-12T07:33:33+00:00\",\"description\":\"RIEDEL propose une large gamme d\u2019\u00e9l\u00e9gantes carafes en verre souffl\u00e9 pour r\u00e9pondre \u00e0 tous les styles de vie. Une carafe est un objet indispensable pour\",\"breadcrumb\":{\"@id\":\"https:\/\/dev6.erresse-shop.it\/fr\/shop\/table-fr-2\/vin\/decanteurs\/riedel-ultra-decanteur-magnum\/#breadcrumb\"},\"inLanguage\":\"fr-FR\",\"potentialAction\":[{\"@type\":\"ReadAction\",\"target\":[\"https:\/\/dev6.erresse-shop.it\/fr\/shop\/table-fr-2\/vin\/decanteurs\/riedel-ultra-decanteur-magnum\/\"]}]},{\"@type\":\"ImageObject\",\"inLanguage\":\"fr-FR\",\"@id\":\"https:\/\/dev6.erresse-shop.it\/fr\/shop\/table-fr-2\/vin\/decanteurs\/riedel-ultra-decanteur-magnum\/#primaryimage\",\"url\":\"https:\/\/i1.wp.com\/interpim.erresse-shop.it\/img-catalogo\/riedel\/riedel-ultra-decanter-magnum.jpg?ssl=1\",\"contentUrl\":\"https:\/\/i1.wp.com\/interpim.erresse-shop.it\/img-catalogo\/riedel\/riedel-ultra-decanter-magnum.jpg?ssl=1\"},{\"@type\":\"BreadcrumbList\",\"@id\":\"https:\/\/dev6.erresse-shop.it\/fr\/shop\/table-fr-2\/vin\/decanteurs\/riedel-ultra-decanteur-magnum\/#breadcrumb\",\"itemListElement\":[{\"@type\":\"ListItem\",\"position\":1,\"name\":\"Home\",\"item\":\"https:\/\/dev6.erresse-shop.it\/\"},{\"@type\":\"ListItem\",\"position\":2,\"name\":\"Boutique\",\"item\":\"https:\/\/dev6.erresse-shop.it\/shop\/\"},{\"@type\":\"ListItem\",\"position\":3,\"name\":\"RIEDEL Ultra D\u00e9canteur Magnum\"}]},{\"@type\":\"WebSite\",\"@id\":\"https:\/\/dev6.erresse-shop.it\/#website\",\"url\":\"https:\/\/dev6.erresse-shop.it\/\",\"name\":\"Erresse Shop\",\"description\":\"\",\"publisher\":{\"@id\":\"https:\/\/dev6.erresse-shop.it\/#organization\"},\"potentialAction\":[{\"@type\":\"SearchAction\",\"target\":{\"@type\":\"EntryPoint\",\"urlTemplate\":\"https:\/\/dev6.erresse-shop.it\/?s={search_term_string}\"},\"query-input\":{\"@type\":\"PropertyValueSpecification\",\"valueRequired\":true,\"valueName\":\"search_term_string\"}}],\"inLanguage\":\"fr-FR\"},{\"@type\":\"Organization\",\"@id\":\"https:\/\/dev6.erresse-shop.it\/#organization\",\"name\":\"Erresse Shop\",\"url\":\"https:\/\/dev6.erresse-shop.it\/\",\"logo\":{\"@type\":\"ImageObject\",\"inLanguage\":\"fr-FR\",\"@id\":\"https:\/\/dev6.erresse-shop.it\/#\/schema\/logo\/image\/\",\"url\":\"https:\/\/dev6.erresse-shop.it\/wp-content\/uploads\/2025\/01\/LOGO-ERRESSE-CLASSICO.svg\",\"contentUrl\":\"https:\/\/dev6.erresse-shop.it\/wp-content\/uploads\/2025\/01\/LOGO-ERRESSE-CLASSICO.svg\",\"caption\":\"Erresse Shop\"},\"image\":{\"@id\":\"https:\/\/dev6.erresse-shop.it\/#\/schema\/logo\/image\/\"}}]}<\/script>\n<!-- \/ Yoast SEO plugin. -->","yoast_head_json":{"title":"RIEDEL Ultra D\u00e9canteur Magnum - dev6 Erresse","description":"RIEDEL propose une large gamme d\u2019\u00e9l\u00e9gantes carafes en verre souffl\u00e9 pour r\u00e9pondre \u00e0 tous les styles de vie. Une carafe est un objet indispensable pour","robots":{"index":"noindex","follow":"follow","max-snippet":"max-snippet:-1","max-image-preview":"max-image-preview:large","max-video-preview":"max-video-preview:-1"},"og_locale":"fr_FR","og_type":"article","og_title":"RIEDEL Ultra D\u00e9canteur Magnum - dev6 Erresse","og_description":"RIEDEL propose une large gamme d\u2019\u00e9l\u00e9gantes carafes en verre souffl\u00e9 pour r\u00e9pondre \u00e0 tous les styles de vie. Une carafe est un objet indispensable pour","og_url":"https:\/\/dev6.erresse-shop.it\/fr\/shop\/table-fr-2\/vin\/decanteurs\/riedel-ultra-decanteur-magnum\/","og_site_name":"dev6 Erresse","og_image":[{"url":"https:\/\/interpim.erresse-shop.it\/img-catalogo\/riedel\/riedel-ultra-decanter-magnum.jpg","type":"","width":"","height":""},{"url":"https:\/\/interpim.erresse-shop.it\/img-catalogo\/riedel\/riedel-ultra-decanter-magnum.jpg","width":1024,"height":1024,"type":"image\/jpeg"}],"twitter_card":"summary_large_image","twitter_image":"https:\/\/interpim.erresse-shop.it\/img-catalogo\/riedel\/riedel-ultra-decanter-magnum.jpg","schema":{"@context":"https:\/\/schema.org","@graph":[{"@type":"WebPage","@id":"https:\/\/dev6.erresse-shop.it\/fr\/shop\/table-fr-2\/vin\/decanteurs\/riedel-ultra-decanteur-magnum\/","url":"https:\/\/dev6.erresse-shop.it\/fr\/shop\/table-fr-2\/vin\/decanteurs\/riedel-ultra-decanteur-magnum\/","name":"RIEDEL Ultra D\u00e9canteur Magnum - dev6 Erresse","isPartOf":{"@id":"https:\/\/dev6.erresse-shop.it\/#website"},"primaryImageOfPage":{"@id":"https:\/\/dev6.erresse-shop.it\/fr\/shop\/table-fr-2\/vin\/decanteurs\/riedel-ultra-decanteur-magnum\/#primaryimage"},"image":{"@id":"https:\/\/dev6.erresse-shop.it\/fr\/shop\/table-fr-2\/vin\/decanteurs\/riedel-ultra-decanteur-magnum\/#primaryimage"},"thumbnailUrl":"https:\/\/i1.wp.com\/interpim.erresse-shop.it\/img-catalogo\/riedel\/riedel-ultra-decanter-magnum.jpg?ssl=1","datePublished":"2026-04-12T07:33:33+00:00","description":"RIEDEL propose une large gamme d\u2019\u00e9l\u00e9gantes carafes en verre souffl\u00e9 pour r\u00e9pondre \u00e0 tous les styles de vie. Une carafe est un objet indispensable pour","breadcrumb":{"@id":"https:\/\/dev6.erresse-shop.it\/fr\/shop\/table-fr-2\/vin\/decanteurs\/riedel-ultra-decanteur-magnum\/#breadcrumb"},"inLanguage":"fr-FR","potentialAction":[{"@type":"ReadAction","target":["https:\/\/dev6.erresse-shop.it\/fr\/shop\/table-fr-2\/vin\/decanteurs\/riedel-ultra-decanteur-magnum\/"]}]},{"@type":"ImageObject","inLanguage":"fr-FR","@id":"https:\/\/dev6.erresse-shop.it\/fr\/shop\/table-fr-2\/vin\/decanteurs\/riedel-ultra-decanteur-magnum\/#primaryimage","url":"https:\/\/i1.wp.com\/interpim.erresse-shop.it\/img-catalogo\/riedel\/riedel-ultra-decanter-magnum.jpg?ssl=1","contentUrl":"https:\/\/i1.wp.com\/interpim.erresse-shop.it\/img-catalogo\/riedel\/riedel-ultra-decanter-magnum.jpg?ssl=1"},{"@type":"BreadcrumbList","@id":"https:\/\/dev6.erresse-shop.it\/fr\/shop\/table-fr-2\/vin\/decanteurs\/riedel-ultra-decanteur-magnum\/#breadcrumb","itemListElement":[{"@type":"ListItem","position":1,"name":"Home","item":"https:\/\/dev6.erresse-shop.it\/"},{"@type":"ListItem","position":2,"name":"Boutique","item":"https:\/\/dev6.erresse-shop.it\/shop\/"},{"@type":"ListItem","position":3,"name":"RIEDEL Ultra D\u00e9canteur Magnum"}]},{"@type":"WebSite","@id":"https:\/\/dev6.erresse-shop.it\/#website","url":"https:\/\/dev6.erresse-shop.it\/","name":"Erresse Shop","description":"","publisher":{"@id":"https:\/\/dev6.erresse-shop.it\/#organization"},"potentialAction":[{"@type":"SearchAction","target":{"@type":"EntryPoint","urlTemplate":"https:\/\/dev6.erresse-shop.it\/?s={search_term_string}"},"query-input":{"@type":"PropertyValueSpecification","valueRequired":true,"valueName":"search_term_string"}}],"inLanguage":"fr-FR"},{"@type":"Organization","@id":"https:\/\/dev6.erresse-shop.it\/#organization","name":"Erresse Shop","url":"https:\/\/dev6.erresse-shop.it\/","logo":{"@type":"ImageObject","inLanguage":"fr-FR","@id":"https:\/\/dev6.erresse-shop.it\/#\/schema\/logo\/image\/","url":"https:\/\/dev6.erresse-shop.it\/wp-content\/uploads\/2025\/01\/LOGO-ERRESSE-CLASSICO.svg","contentUrl":"https:\/\/dev6.erresse-shop.it\/wp-content\/uploads\/2025\/01\/LOGO-ERRESSE-CLASSICO.svg","caption":"Erresse Shop"},"image":{"@id":"https:\/\/dev6.erresse-shop.it\/#\/schema\/logo\/image\/"}}]}},"df_price":159.95,"df_sale_price":159.95,"df_regular_price":189,"df_image_link":"https:\/\/i1.wp.com\/interpim.erresse-shop.it\/img-catalogo\/riedel\/riedel-ultra-decanter-magnum.jpg?resize=300,300&ssl=1","fifu_image_url":"https:\/\/interpim.erresse-shop.it\/img-catalogo\/riedel\/riedel-ultra-decanter-magnum.jpg","_links":{"self":[{"href":"https:\/\/dev6.erresse-shop.it\/fr\/wp-json\/wp\/v2\/product\/61380","targetHints":{"allow":["GET"]}}],"collection":[{"href":"https:\/\/dev6.erresse-shop.it\/fr\/wp-json\/wp\/v2\/product"}],"about":[{"href":"https:\/\/dev6.erresse-shop.it\/fr\/wp-json\/wp\/v2\/types\/product"}],"wp:featuredmedia":[{"embeddable":true,"href":"https:\/\/dev6.erresse-shop.it\/fr\/wp-json\/wp\/v2\/media\/6361514"}],"wp:attachment":[{"href":"https:\/\/dev6.erresse-shop.it\/fr\/wp-json\/wp\/v2\/media?parent=61380"}],"wp:term":[{"taxonomy":"product_cat","embeddable":true,"href":"https:\/\/dev6.erresse-shop.it\/fr\/wp-json\/wp\/v2\/product_cat?post=61380"},{"taxonomy":"product_tag","embeddable":true,"href":"https:\/\/dev6.erresse-shop.it\/fr\/wp-json\/wp\/v2\/product_tag?post=61380"}],"curies":[{"name":"wp","href":"https:\/\/api.w.org\/{rel}","templated":true}]}}