{"id":61372,"date":"2026-04-12T09:33:33","date_gmt":"2026-04-12T07:33:33","guid":{"rendered":"https:\/\/dev6.erresse-shop.it\/shop\/non%20class\u00e9\/riedel-amedeo-decanteur\/"},"modified":"2025-09-14T04:48:47","modified_gmt":"2025-09-14T02:48:47","slug":"riedel-amedeo-decanteur","status":"publish","type":"product","link":"https:\/\/dev6.erresse-shop.it\/fr\/shop\/table-fr-2\/vin\/decanteurs\/riedel-amedeo-decanteur\/","title":{"rendered":"RIEDEL Amedeo D\u00e9canteur"},"content":{"rendered":"<p>RIEDEL propose une large gamme d\u2019\u00e9l\u00e9gantes carafes en verre souffl\u00e9 pour r\u00e9pondre \u00e0 tous les styles de vie. Une carafe est un objet indispensable pour tout amateur de vin, et toutes les carafes RIEDEL sont fabriqu\u00e9es en cristal fin pour donner aux vins de qualit\u00e9 le traitement qu\u2019ils m\u00e9ritent. Les vins jeunes et vieux peuvent b\u00e9n\u00e9ficier d\u2019une d\u00e9cantation, que ce soit pour \u00e9liminer les s\u00e9diments ou pour les rendre plus souples et plus ronds.<\/p>\n<p>La carafe Amadeo a \u00e9t\u00e9 lanc\u00e9e en 2006 pour c\u00e9l\u00e9brer le 250e anniversaire de RIEDEL. Elle porte le nom du compositeur autrichien Wolfgang Amadeus Mozart, qui a lui-m\u00eame f\u00eat\u00e9 son 250e anniversaire la m\u00eame ann\u00e9e. Cette carafe en verre souffl\u00e9 \u00e0 la main a la forme d\u2019une lyre et verse le vin comme dans un r\u00eave. Le vin est facilement transvas\u00e9 par l\u2019ouverture la plus large du r\u00e9cipient et vers\u00e9 dans le verre par l\u2019embouchure la plus \u00e9troite.<\/p>\n<p>Cette carafe peut contenir une bouteille de vin standard.<\/p>\n<p>Fabriqu\u00e9e \u00e0 la main. Laver \u00e0 la main uniquement.<\/p>\n<p>Hauteur : 325,0 mm<br \/>\nVolume : 1500.0 ccm<br \/>\nHauteur : 350,0 mm<\/p>\n","protected":false},"excerpt":{"rendered":"<p>RIEDEL propose une large gamme d\u2019\u00e9l\u00e9gantes carafes en verre souffl\u00e9 pour r\u00e9pondre \u00e0 tous les styles de vie. Une carafe est un objet indispensable pour tout amateur de vin, et toutes les carafes RIEDEL sont fabriqu\u00e9es en cristal fin pour donner aux vins de qualit\u00e9 le traitement qu\u2019ils m\u00e9ritent. Les vins jeunes et vieux peuvent [&hellip;]<\/p>\n","protected":false},"featured_media":6361481,"template":"","meta":{"_acf_changed":false},"product_cat":[12083,11995,12069],"product_tag":[],"class_list":{"0":"post-61372","1":"product","2":"type-product","3":"status-publish","4":"has-post-thumbnail","6":"product_cat-decanteurs","7":"product_cat-table-fr-2","8":"product_cat-vin","10":"first","11":"outofstock","12":"sale","13":"taxable","14":"shipping-taxable","15":"purchasable","16":"product-type-simple","swatches":"rey-swatches","show_selected":"","stretch_labels":"rey-swatches--stretch-labels"},"acf":[],"yoast_head":"<!-- This site is optimized with the Yoast SEO plugin v25.4 - https:\/\/yoast.com\/wordpress\/plugins\/seo\/ -->\n<title>RIEDEL Amedeo D\u00e9canteur - dev6 Erresse<\/title>\n<meta name=\"description\" content=\"RIEDEL propose une large gamme d\u2019\u00e9l\u00e9gantes carafes en verre souffl\u00e9 pour r\u00e9pondre \u00e0 tous les styles de vie. Une carafe est un objet indispensable pour\" \/>\n<meta name=\"robots\" content=\"noindex, follow, max-snippet:-1, max-image-preview:large, max-video-preview:-1\" \/>\n<meta property=\"og:locale\" content=\"fr_FR\" \/>\n<meta property=\"og:type\" content=\"article\" \/>\n<meta property=\"og:title\" content=\"RIEDEL Amedeo D\u00e9canteur - dev6 Erresse\" \/>\n<meta property=\"og:description\" content=\"RIEDEL propose une large gamme d\u2019\u00e9l\u00e9gantes carafes en verre souffl\u00e9 pour r\u00e9pondre \u00e0 tous les styles de vie. Une carafe est un objet indispensable pour\" \/>\n<meta property=\"og:url\" content=\"https:\/\/dev6.erresse-shop.it\/fr\/shop\/table-fr-2\/vin\/decanteurs\/riedel-amedeo-decanteur\/\" \/>\n<meta property=\"og:site_name\" content=\"dev6 Erresse\" \/>\n<meta property=\"og:image\" content=\"https:\/\/interpim.erresse-shop.it\/Import\/Prodotti\/riedel-amadeo-decanter.jpg\" \/><meta property=\"og:image\" content=\"https:\/\/interpim.erresse-shop.it\/Import\/Prodotti\/riedel-amadeo-decanter.jpg\" \/>\n\t<meta property=\"og:image:width\" content=\"1024\" \/>\n\t<meta property=\"og:image:height\" content=\"1024\" \/>\n\t<meta property=\"og:image:type\" content=\"image\/jpeg\" \/>\n<meta name=\"twitter:card\" content=\"summary_large_image\" \/>\n<meta name=\"twitter:image\" content=\"https:\/\/interpim.erresse-shop.it\/Import\/Prodotti\/riedel-amadeo-decanter.jpg\" \/>\n<script type=\"application\/ld+json\" class=\"yoast-schema-graph\">{\"@context\":\"https:\/\/schema.org\",\"@graph\":[{\"@type\":\"WebPage\",\"@id\":\"https:\/\/dev6.erresse-shop.it\/fr\/shop\/table-fr-2\/vin\/decanteurs\/riedel-amedeo-decanteur\/\",\"url\":\"https:\/\/dev6.erresse-shop.it\/fr\/shop\/table-fr-2\/vin\/decanteurs\/riedel-amedeo-decanteur\/\",\"name\":\"RIEDEL Amedeo D\u00e9canteur - dev6 Erresse\",\"isPartOf\":{\"@id\":\"https:\/\/dev6.erresse-shop.it\/#website\"},\"primaryImageOfPage\":{\"@id\":\"https:\/\/dev6.erresse-shop.it\/fr\/shop\/table-fr-2\/vin\/decanteurs\/riedel-amedeo-decanteur\/#primaryimage\"},\"image\":{\"@id\":\"https:\/\/dev6.erresse-shop.it\/fr\/shop\/table-fr-2\/vin\/decanteurs\/riedel-amedeo-decanteur\/#primaryimage\"},\"thumbnailUrl\":\"https:\/\/i3.wp.com\/interpim.erresse-shop.it\/Import\/Prodotti\/riedel-amadeo-decanter.jpg?ssl=1\",\"datePublished\":\"2026-04-12T07:33:33+00:00\",\"description\":\"RIEDEL propose une large gamme d\u2019\u00e9l\u00e9gantes carafes en verre souffl\u00e9 pour r\u00e9pondre \u00e0 tous les styles de vie. Une carafe est un objet indispensable pour\",\"breadcrumb\":{\"@id\":\"https:\/\/dev6.erresse-shop.it\/fr\/shop\/table-fr-2\/vin\/decanteurs\/riedel-amedeo-decanteur\/#breadcrumb\"},\"inLanguage\":\"fr-FR\",\"potentialAction\":[{\"@type\":\"ReadAction\",\"target\":[\"https:\/\/dev6.erresse-shop.it\/fr\/shop\/table-fr-2\/vin\/decanteurs\/riedel-amedeo-decanteur\/\"]}]},{\"@type\":\"ImageObject\",\"inLanguage\":\"fr-FR\",\"@id\":\"https:\/\/dev6.erresse-shop.it\/fr\/shop\/table-fr-2\/vin\/decanteurs\/riedel-amedeo-decanteur\/#primaryimage\",\"url\":\"https:\/\/i3.wp.com\/interpim.erresse-shop.it\/Import\/Prodotti\/riedel-amadeo-decanter.jpg?ssl=1\",\"contentUrl\":\"https:\/\/i3.wp.com\/interpim.erresse-shop.it\/Import\/Prodotti\/riedel-amadeo-decanter.jpg?ssl=1\"},{\"@type\":\"BreadcrumbList\",\"@id\":\"https:\/\/dev6.erresse-shop.it\/fr\/shop\/table-fr-2\/vin\/decanteurs\/riedel-amedeo-decanteur\/#breadcrumb\",\"itemListElement\":[{\"@type\":\"ListItem\",\"position\":1,\"name\":\"Home\",\"item\":\"https:\/\/dev6.erresse-shop.it\/\"},{\"@type\":\"ListItem\",\"position\":2,\"name\":\"Boutique\",\"item\":\"https:\/\/dev6.erresse-shop.it\/shop\/\"},{\"@type\":\"ListItem\",\"position\":3,\"name\":\"RIEDEL Amedeo D\u00e9canteur\"}]},{\"@type\":\"WebSite\",\"@id\":\"https:\/\/dev6.erresse-shop.it\/#website\",\"url\":\"https:\/\/dev6.erresse-shop.it\/\",\"name\":\"Erresse Shop\",\"description\":\"\",\"publisher\":{\"@id\":\"https:\/\/dev6.erresse-shop.it\/#organization\"},\"potentialAction\":[{\"@type\":\"SearchAction\",\"target\":{\"@type\":\"EntryPoint\",\"urlTemplate\":\"https:\/\/dev6.erresse-shop.it\/?s={search_term_string}\"},\"query-input\":{\"@type\":\"PropertyValueSpecification\",\"valueRequired\":true,\"valueName\":\"search_term_string\"}}],\"inLanguage\":\"fr-FR\"},{\"@type\":\"Organization\",\"@id\":\"https:\/\/dev6.erresse-shop.it\/#organization\",\"name\":\"Erresse Shop\",\"url\":\"https:\/\/dev6.erresse-shop.it\/\",\"logo\":{\"@type\":\"ImageObject\",\"inLanguage\":\"fr-FR\",\"@id\":\"https:\/\/dev6.erresse-shop.it\/#\/schema\/logo\/image\/\",\"url\":\"https:\/\/dev6.erresse-shop.it\/wp-content\/uploads\/2025\/01\/LOGO-ERRESSE-CLASSICO.svg\",\"contentUrl\":\"https:\/\/dev6.erresse-shop.it\/wp-content\/uploads\/2025\/01\/LOGO-ERRESSE-CLASSICO.svg\",\"caption\":\"Erresse Shop\"},\"image\":{\"@id\":\"https:\/\/dev6.erresse-shop.it\/#\/schema\/logo\/image\/\"}}]}<\/script>\n<!-- \/ Yoast SEO plugin. -->","yoast_head_json":{"title":"RIEDEL Amedeo D\u00e9canteur - dev6 Erresse","description":"RIEDEL propose une large gamme d\u2019\u00e9l\u00e9gantes carafes en verre souffl\u00e9 pour r\u00e9pondre \u00e0 tous les styles de vie. Une carafe est un objet indispensable pour","robots":{"index":"noindex","follow":"follow","max-snippet":"max-snippet:-1","max-image-preview":"max-image-preview:large","max-video-preview":"max-video-preview:-1"},"og_locale":"fr_FR","og_type":"article","og_title":"RIEDEL Amedeo D\u00e9canteur - dev6 Erresse","og_description":"RIEDEL propose une large gamme d\u2019\u00e9l\u00e9gantes carafes en verre souffl\u00e9 pour r\u00e9pondre \u00e0 tous les styles de vie. Une carafe est un objet indispensable pour","og_url":"https:\/\/dev6.erresse-shop.it\/fr\/shop\/table-fr-2\/vin\/decanteurs\/riedel-amedeo-decanteur\/","og_site_name":"dev6 Erresse","og_image":[{"url":"https:\/\/interpim.erresse-shop.it\/Import\/Prodotti\/riedel-amadeo-decanter.jpg","type":"","width":"","height":""},{"url":"https:\/\/interpim.erresse-shop.it\/Import\/Prodotti\/riedel-amadeo-decanter.jpg","width":1024,"height":1024,"type":"image\/jpeg"}],"twitter_card":"summary_large_image","twitter_image":"https:\/\/interpim.erresse-shop.it\/Import\/Prodotti\/riedel-amadeo-decanter.jpg","schema":{"@context":"https:\/\/schema.org","@graph":[{"@type":"WebPage","@id":"https:\/\/dev6.erresse-shop.it\/fr\/shop\/table-fr-2\/vin\/decanteurs\/riedel-amedeo-decanteur\/","url":"https:\/\/dev6.erresse-shop.it\/fr\/shop\/table-fr-2\/vin\/decanteurs\/riedel-amedeo-decanteur\/","name":"RIEDEL Amedeo D\u00e9canteur - dev6 Erresse","isPartOf":{"@id":"https:\/\/dev6.erresse-shop.it\/#website"},"primaryImageOfPage":{"@id":"https:\/\/dev6.erresse-shop.it\/fr\/shop\/table-fr-2\/vin\/decanteurs\/riedel-amedeo-decanteur\/#primaryimage"},"image":{"@id":"https:\/\/dev6.erresse-shop.it\/fr\/shop\/table-fr-2\/vin\/decanteurs\/riedel-amedeo-decanteur\/#primaryimage"},"thumbnailUrl":"https:\/\/i3.wp.com\/interpim.erresse-shop.it\/Import\/Prodotti\/riedel-amadeo-decanter.jpg?ssl=1","datePublished":"2026-04-12T07:33:33+00:00","description":"RIEDEL propose une large gamme d\u2019\u00e9l\u00e9gantes carafes en verre souffl\u00e9 pour r\u00e9pondre \u00e0 tous les styles de vie. Une carafe est un objet indispensable pour","breadcrumb":{"@id":"https:\/\/dev6.erresse-shop.it\/fr\/shop\/table-fr-2\/vin\/decanteurs\/riedel-amedeo-decanteur\/#breadcrumb"},"inLanguage":"fr-FR","potentialAction":[{"@type":"ReadAction","target":["https:\/\/dev6.erresse-shop.it\/fr\/shop\/table-fr-2\/vin\/decanteurs\/riedel-amedeo-decanteur\/"]}]},{"@type":"ImageObject","inLanguage":"fr-FR","@id":"https:\/\/dev6.erresse-shop.it\/fr\/shop\/table-fr-2\/vin\/decanteurs\/riedel-amedeo-decanteur\/#primaryimage","url":"https:\/\/i3.wp.com\/interpim.erresse-shop.it\/Import\/Prodotti\/riedel-amadeo-decanter.jpg?ssl=1","contentUrl":"https:\/\/i3.wp.com\/interpim.erresse-shop.it\/Import\/Prodotti\/riedel-amadeo-decanter.jpg?ssl=1"},{"@type":"BreadcrumbList","@id":"https:\/\/dev6.erresse-shop.it\/fr\/shop\/table-fr-2\/vin\/decanteurs\/riedel-amedeo-decanteur\/#breadcrumb","itemListElement":[{"@type":"ListItem","position":1,"name":"Home","item":"https:\/\/dev6.erresse-shop.it\/"},{"@type":"ListItem","position":2,"name":"Boutique","item":"https:\/\/dev6.erresse-shop.it\/shop\/"},{"@type":"ListItem","position":3,"name":"RIEDEL Amedeo D\u00e9canteur"}]},{"@type":"WebSite","@id":"https:\/\/dev6.erresse-shop.it\/#website","url":"https:\/\/dev6.erresse-shop.it\/","name":"Erresse Shop","description":"","publisher":{"@id":"https:\/\/dev6.erresse-shop.it\/#organization"},"potentialAction":[{"@type":"SearchAction","target":{"@type":"EntryPoint","urlTemplate":"https:\/\/dev6.erresse-shop.it\/?s={search_term_string}"},"query-input":{"@type":"PropertyValueSpecification","valueRequired":true,"valueName":"search_term_string"}}],"inLanguage":"fr-FR"},{"@type":"Organization","@id":"https:\/\/dev6.erresse-shop.it\/#organization","name":"Erresse Shop","url":"https:\/\/dev6.erresse-shop.it\/","logo":{"@type":"ImageObject","inLanguage":"fr-FR","@id":"https:\/\/dev6.erresse-shop.it\/#\/schema\/logo\/image\/","url":"https:\/\/dev6.erresse-shop.it\/wp-content\/uploads\/2025\/01\/LOGO-ERRESSE-CLASSICO.svg","contentUrl":"https:\/\/dev6.erresse-shop.it\/wp-content\/uploads\/2025\/01\/LOGO-ERRESSE-CLASSICO.svg","caption":"Erresse Shop"},"image":{"@id":"https:\/\/dev6.erresse-shop.it\/#\/schema\/logo\/image\/"}}]}},"df_price":299.95,"df_sale_price":299.95,"df_regular_price":375,"df_image_link":"https:\/\/i3.wp.com\/interpim.erresse-shop.it\/Import\/Prodotti\/riedel-amadeo-decanter.jpg?resize=300,300&ssl=1","fifu_image_url":"https:\/\/interpim.erresse-shop.it\/Import\/Prodotti\/riedel-amadeo-decanter.jpg","_links":{"self":[{"href":"https:\/\/dev6.erresse-shop.it\/fr\/wp-json\/wp\/v2\/product\/61372","targetHints":{"allow":["GET"]}}],"collection":[{"href":"https:\/\/dev6.erresse-shop.it\/fr\/wp-json\/wp\/v2\/product"}],"about":[{"href":"https:\/\/dev6.erresse-shop.it\/fr\/wp-json\/wp\/v2\/types\/product"}],"wp:featuredmedia":[{"embeddable":true,"href":"https:\/\/dev6.erresse-shop.it\/fr\/wp-json\/wp\/v2\/media\/6361481"}],"wp:attachment":[{"href":"https:\/\/dev6.erresse-shop.it\/fr\/wp-json\/wp\/v2\/media?parent=61372"}],"wp:term":[{"taxonomy":"product_cat","embeddable":true,"href":"https:\/\/dev6.erresse-shop.it\/fr\/wp-json\/wp\/v2\/product_cat?post=61372"},{"taxonomy":"product_tag","embeddable":true,"href":"https:\/\/dev6.erresse-shop.it\/fr\/wp-json\/wp\/v2\/product_tag?post=61372"}],"curies":[{"name":"wp","href":"https:\/\/api.w.org\/{rel}","templated":true}]}}